{"id":88696,"date":"2021-09-21T16:07:43","date_gmt":"2021-09-21T14:07:43","guid":{"rendered":"https:\/\/miomiorun.com\/prodotto\/la-sportiva-tour-long-sleeve-uomo\/"},"modified":"2022-11-05T16:43:13","modified_gmt":"2022-11-05T15:43:13","slug":"tour-long-sleeve-herren","status":"publish","type":"product","link":"https:\/\/www.miomiorun.com\/de\/produkt\/tour-long-sleeve-herren\/","title":{"rendered":"Tour Long Sleeve herren"},"content":{"rendered":"<p>Men&#8217;s <strong>Tour Long Sleeve<\/strong> ist eine thermische und atmungsaktive Basisschicht mit antibakterieller und geruchshemmender Polygiene\u00ae-Behandlung, die es erm\u00f6glicht, das Kleidungsst\u00fcck mehrere Tage lang zu tragen, ohne es waschen zu m\u00fcssen.<\/p>\n<p>Das Ziel von La Sportiva war es schon immer, die besten Produkte f\u00fcr diejenigen anzubieten, die die Berge in jeder Situation erleben. Jeder Bedarf entspricht einem Produkt mit spezifischen technischen Merkmalen.<br \/>\n<strong>Tour Long Sleeve<\/strong> ist ein Kleidungsst\u00fcck, das sich durch folgende Eigenschaften auszeichnet:<\/p>\n<p><strong>Atmungsaktivit\u00e4t:<\/strong> Hochgradig atmungsaktive Produkte f\u00fcr optimalen Klimakomfort.<br \/>\n<strong>Elastizit\u00e4t:<\/strong> Bequeme und reaktionsschnelle Kleidungsst\u00fccke, die maximale Bewegungsfreiheit garantieren.<br \/>\n<strong>Slim Fit:<\/strong> Sehr enge Passform f\u00fcr maximale Leistung im Wettkampf.<br \/>\n<strong>Leichtigkeit:<\/strong> Produkte, die das Gewicht auf ein Minimum reduzieren.<\/p>\n<h3>Verwendete Technologien:<\/h3>\n<ul>\n<li><strong>Polygiene:<\/strong> Die antibakterielle und geruchshemmende Polygiene\u00ae-Technologie ist eine dauerhafte, wirksame und nachhaltige Behandlung, die Silbersalze verwendet, um die Bildung von geruchsverursachenden Bakterien zu verhindern. Das Ergebnis? Sie k\u00f6nnen Ihre Kleidungsst\u00fccke l\u00e4nger tragen, ohne sie zu waschen.<\/li>\n<li><strong>L1 &#8211; Basisschicht:<\/strong> Schicht, die in direktem Kontakt mit der Haut steht. F\u00f6rdert den Abtransport von Schwei\u00df und sorgt so f\u00fcr ein angenehmes Klima bei k\u00f6rperlicher Bet\u00e4tigung.<\/li>\n<li><strong>Recycelt:<\/strong> La Sportiva f\u00fchrt Fasern und Polsterungen ein, die aus der Wiederverwendung von recyceltem und zertifiziertem RePET\u00ae-Polyester gewonnen werden, das aus dem Recycling von ausgedienten Plastikflaschen stammt.<\/li>\n<\/ul>\n<p>&nbsp;<\/p>\n<p>&nbsp;<\/p>\n<p>&nbsp;<\/p>\n","protected":false},"excerpt":{"rendered":"<p>Men&#8217;s Tour Long Sleeve ist eine thermische und atmungsaktive Basisschicht mit antibakterieller und geruchshemmender Polygiene\u00ae-Behandlung, die es erm\u00f6glicht, das Kleidungsst\u00fcck mehrere Tage lang zu tragen, ohne es waschen zu m\u00fcssen. Das Ziel von La Sportiva war es schon immer, die besten Produkte f\u00fcr diejenigen anzubieten, die die Berge in jeder Situation erleben. Jeder Bedarf entspricht &hellip; <a href=\"https:\/\/www.miomiorun.com\/de\/produkt\/tour-long-sleeve-herren\/\">Continued<\/a><\/p>\n","protected":false},"featured_media":58248,"template":"","meta":{"_acf_changed":false,"inline_featured_image":false},"product_brand":[],"product_cat":[6515,6540,6541],"product_tag":[6248,6218],"class_list":{"0":"post-88696","1":"product","2":"type-product","3":"status-publish","4":"has-post-thumbnail","6":"product_cat-herren-de","7":"product_cat-herrenbekleidung","8":"product_cat-langarmshirt","9":"product_tag-la-sportiva-de","10":"product_tag-la-sportiva-herren-de","11":"pa_attivita-gehen","12":"pa_attivita-outdoor-de","13":"pa_attivita-trail-de","14":"pa_colore-tour-long-sleeve-m-atlantic-night-blue-de","15":"pa_colore-tour-long-sleeve-m-night-blue-de","16":"pa_marca-la-sportiva-de","17":"pa_sesso-herren","18":"pa_size-medium-de","19":"pa_size-extra-large-de","21":"first","22":"instock","23":"sale","24":"taxable","25":"shipping-taxable","26":"purchasable","27":"product-type-variable","28":"wvs-archive-product-wrapper"},"acf":[],"yoast_head":"<!-- This site is optimized with the Yoast SEO plugin v26.8 - https:\/\/yoast.com\/product\/yoast-seo-wordpress\/ -->\n<title>La Sportiva Tour Long Sleeve herren - Langarmshirt - MioMioRun<\/title>\n<meta name=\"description\" content=\"Men&#039;s Tour Long Sleeve ist die thermische und atmungsaktive Basisschicht mit Polygiene\u00ae antibakterieller und geruchshemmender Behandlung.\" \/>\n<meta name=\"robots\" content=\"index, follow, max-snippet:-1, max-image-preview:large, max-video-preview:-1\" \/>\n<link rel=\"canonical\" href=\"https:\/\/www.miomiorun.com\/de\/produkt\/tour-long-sleeve-herren\/\" \/>\n<meta property=\"og:locale\" content=\"de_DE\" \/>\n<meta property=\"og:type\" content=\"article\" \/>\n<meta property=\"og:title\" content=\"La Sportiva Tour Long Sleeve herren - Langarmshirt - MioMioRun\" \/>\n<meta property=\"og:description\" content=\"Men&#039;s Tour Long Sleeve ist die thermische und atmungsaktive Basisschicht mit Polygiene\u00ae antibakterieller und geruchshemmender Behandlung.\" \/>\n<meta property=\"og:url\" content=\"https:\/\/www.miomiorun.com\/de\/produkt\/tour-long-sleeve-herren\/\" \/>\n<meta property=\"og:site_name\" content=\"MioMioRun\" \/>\n<meta property=\"article:publisher\" content=\"https:\/\/www.facebook.com\/miomiorun\/\" \/>\n<meta property=\"article:modified_time\" content=\"2022-11-05T15:43:13+00:00\" \/>\n<meta property=\"og:image\" content=\"https:\/\/www.miomiorun.com\/app\/uploads\/2021\/09\/la-sportiva-Tour-long-sleeve-L13630629.jpg\" \/>\n\t<meta property=\"og:image:width\" content=\"600\" \/>\n\t<meta property=\"og:image:height\" content=\"600\" \/>\n\t<meta property=\"og:image:type\" content=\"image\/jpeg\" \/>\n<meta name=\"twitter:card\" content=\"summary_large_image\" \/>\n<meta name=\"twitter:label1\" content=\"Est. reading time\" \/>\n\t<meta name=\"twitter:data1\" content=\"1 minute\" \/>\n<script type=\"application\/ld+json\" class=\"yoast-schema-graph\">{\"@context\":\"https:\/\/schema.org\",\"@graph\":[{\"@type\":\"WebPage\",\"@id\":\"https:\/\/www.miomiorun.com\/de\/produkt\/tour-long-sleeve-herren\/\",\"url\":\"https:\/\/www.miomiorun.com\/de\/produkt\/tour-long-sleeve-herren\/\",\"name\":\"La Sportiva Tour Long Sleeve herren - Langarmshirt - MioMioRun\",\"isPartOf\":{\"@id\":\"https:\/\/www.miomiorun.com\/de\/#website\"},\"primaryImageOfPage\":{\"@id\":\"https:\/\/www.miomiorun.com\/de\/produkt\/tour-long-sleeve-herren\/#primaryimage\"},\"image\":{\"@id\":\"https:\/\/www.miomiorun.com\/de\/produkt\/tour-long-sleeve-herren\/#primaryimage\"},\"thumbnailUrl\":\"https:\/\/www.miomiorun.com\/app\/uploads\/2021\/09\/la-sportiva-Tour-long-sleeve-L13630629.jpg\",\"datePublished\":\"2021-09-21T14:07:43+00:00\",\"dateModified\":\"2022-11-05T15:43:13+00:00\",\"description\":\"Men's Tour Long Sleeve ist die thermische und atmungsaktive Basisschicht mit Polygiene\u00ae antibakterieller und geruchshemmender Behandlung.\",\"breadcrumb\":{\"@id\":\"https:\/\/www.miomiorun.com\/de\/produkt\/tour-long-sleeve-herren\/#breadcrumb\"},\"inLanguage\":\"de-DE\",\"potentialAction\":[{\"@type\":\"ReadAction\",\"target\":[\"https:\/\/www.miomiorun.com\/de\/produkt\/tour-long-sleeve-herren\/\"]}]},{\"@type\":\"ImageObject\",\"inLanguage\":\"de-DE\",\"@id\":\"https:\/\/www.miomiorun.com\/de\/produkt\/tour-long-sleeve-herren\/#primaryimage\",\"url\":\"https:\/\/www.miomiorun.com\/app\/uploads\/2021\/09\/la-sportiva-Tour-long-sleeve-L13630629.jpg\",\"contentUrl\":\"https:\/\/www.miomiorun.com\/app\/uploads\/2021\/09\/la-sportiva-Tour-long-sleeve-L13630629.jpg\",\"width\":600,\"height\":600,\"caption\":\"la sportiva Tour long sleeve\"},{\"@type\":\"BreadcrumbList\",\"@id\":\"https:\/\/www.miomiorun.com\/de\/produkt\/tour-long-sleeve-herren\/#breadcrumb\",\"itemListElement\":[{\"@type\":\"ListItem\",\"position\":1,\"name\":\"Home\",\"item\":\"https:\/\/www.miomiorun.com\/de\/\"},{\"@type\":\"ListItem\",\"position\":2,\"name\":\"Shop\",\"item\":\"https:\/\/www.miomiorun.com\/shop\/\"},{\"@type\":\"ListItem\",\"position\":3,\"name\":\"Tour Long Sleeve herren\"}]},{\"@type\":\"WebSite\",\"@id\":\"https:\/\/www.miomiorun.com\/de\/#website\",\"url\":\"https:\/\/www.miomiorun.com\/de\/\",\"name\":\"MioMioRun\",\"description\":\"100% Lauf- und Trailshop\",\"publisher\":{\"@id\":\"https:\/\/www.miomiorun.com\/de\/#organization\"},\"potentialAction\":[{\"@type\":\"SearchAction\",\"target\":{\"@type\":\"EntryPoint\",\"urlTemplate\":\"https:\/\/www.miomiorun.com\/de\/?s={search_term_string}\"},\"query-input\":{\"@type\":\"PropertyValueSpecification\",\"valueRequired\":true,\"valueName\":\"search_term_string\"}}],\"inLanguage\":\"de-DE\"},{\"@type\":\"Organization\",\"@id\":\"https:\/\/www.miomiorun.com\/de\/#organization\",\"name\":\"MioMio Run\",\"url\":\"https:\/\/www.miomiorun.com\/de\/\",\"logo\":{\"@type\":\"ImageObject\",\"inLanguage\":\"de-DE\",\"@id\":\"https:\/\/www.miomiorun.com\/de\/#\/schema\/logo\/image\/\",\"url\":\"https:\/\/www.miomiorun.com\/app\/uploads\/2019\/12\/logomio.png\",\"contentUrl\":\"https:\/\/www.miomiorun.com\/app\/uploads\/2019\/12\/logomio.png\",\"width\":115,\"height\":82,\"caption\":\"MioMio Run\"},\"image\":{\"@id\":\"https:\/\/www.miomiorun.com\/de\/#\/schema\/logo\/image\/\"},\"sameAs\":[\"https:\/\/www.facebook.com\/miomiorun\/\",\"https:\/\/www.instagram.com\/miomiorun\/\"]}]}<\/script>\n<!-- \/ Yoast SEO plugin. -->","yoast_head_json":{"title":"La Sportiva Tour Long Sleeve herren - Langarmshirt - MioMioRun","description":"Men's Tour Long Sleeve ist die thermische und atmungsaktive Basisschicht mit Polygiene\u00ae antibakterieller und geruchshemmender Behandlung.","robots":{"index":"index","follow":"follow","max-snippet":"max-snippet:-1","max-image-preview":"max-image-preview:large","max-video-preview":"max-video-preview:-1"},"canonical":"https:\/\/www.miomiorun.com\/de\/produkt\/tour-long-sleeve-herren\/","og_locale":"de_DE","og_type":"article","og_title":"La Sportiva Tour Long Sleeve herren - Langarmshirt - MioMioRun","og_description":"Men's Tour Long Sleeve ist die thermische und atmungsaktive Basisschicht mit Polygiene\u00ae antibakterieller und geruchshemmender Behandlung.","og_url":"https:\/\/www.miomiorun.com\/de\/produkt\/tour-long-sleeve-herren\/","og_site_name":"MioMioRun","article_publisher":"https:\/\/www.facebook.com\/miomiorun\/","article_modified_time":"2022-11-05T15:43:13+00:00","og_image":[{"width":600,"height":600,"url":"https:\/\/www.miomiorun.com\/app\/uploads\/2021\/09\/la-sportiva-Tour-long-sleeve-L13630629.jpg","type":"image\/jpeg"}],"twitter_card":"summary_large_image","twitter_misc":{"Est. reading time":"1 minute"},"schema":{"@context":"https:\/\/schema.org","@graph":[{"@type":"WebPage","@id":"https:\/\/www.miomiorun.com\/de\/produkt\/tour-long-sleeve-herren\/","url":"https:\/\/www.miomiorun.com\/de\/produkt\/tour-long-sleeve-herren\/","name":"La Sportiva Tour Long Sleeve herren - Langarmshirt - MioMioRun","isPartOf":{"@id":"https:\/\/www.miomiorun.com\/de\/#website"},"primaryImageOfPage":{"@id":"https:\/\/www.miomiorun.com\/de\/produkt\/tour-long-sleeve-herren\/#primaryimage"},"image":{"@id":"https:\/\/www.miomiorun.com\/de\/produkt\/tour-long-sleeve-herren\/#primaryimage"},"thumbnailUrl":"https:\/\/www.miomiorun.com\/app\/uploads\/2021\/09\/la-sportiva-Tour-long-sleeve-L13630629.jpg","datePublished":"2021-09-21T14:07:43+00:00","dateModified":"2022-11-05T15:43:13+00:00","description":"Men's Tour Long Sleeve ist die thermische und atmungsaktive Basisschicht mit Polygiene\u00ae antibakterieller und geruchshemmender Behandlung.","breadcrumb":{"@id":"https:\/\/www.miomiorun.com\/de\/produkt\/tour-long-sleeve-herren\/#breadcrumb"},"inLanguage":"de-DE","potentialAction":[{"@type":"ReadAction","target":["https:\/\/www.miomiorun.com\/de\/produkt\/tour-long-sleeve-herren\/"]}]},{"@type":"ImageObject","inLanguage":"de-DE","@id":"https:\/\/www.miomiorun.com\/de\/produkt\/tour-long-sleeve-herren\/#primaryimage","url":"https:\/\/www.miomiorun.com\/app\/uploads\/2021\/09\/la-sportiva-Tour-long-sleeve-L13630629.jpg","contentUrl":"https:\/\/www.miomiorun.com\/app\/uploads\/2021\/09\/la-sportiva-Tour-long-sleeve-L13630629.jpg","width":600,"height":600,"caption":"la sportiva Tour long sleeve"},{"@type":"BreadcrumbList","@id":"https:\/\/www.miomiorun.com\/de\/produkt\/tour-long-sleeve-herren\/#breadcrumb","itemListElement":[{"@type":"ListItem","position":1,"name":"Home","item":"https:\/\/www.miomiorun.com\/de\/"},{"@type":"ListItem","position":2,"name":"Shop","item":"https:\/\/www.miomiorun.com\/shop\/"},{"@type":"ListItem","position":3,"name":"Tour Long Sleeve herren"}]},{"@type":"WebSite","@id":"https:\/\/www.miomiorun.com\/de\/#website","url":"https:\/\/www.miomiorun.com\/de\/","name":"MioMioRun","description":"100% Lauf- und Trailshop","publisher":{"@id":"https:\/\/www.miomiorun.com\/de\/#organization"},"potentialAction":[{"@type":"SearchAction","target":{"@type":"EntryPoint","urlTemplate":"https:\/\/www.miomiorun.com\/de\/?s={search_term_string}"},"query-input":{"@type":"PropertyValueSpecification","valueRequired":true,"valueName":"search_term_string"}}],"inLanguage":"de-DE"},{"@type":"Organization","@id":"https:\/\/www.miomiorun.com\/de\/#organization","name":"MioMio Run","url":"https:\/\/www.miomiorun.com\/de\/","logo":{"@type":"ImageObject","inLanguage":"de-DE","@id":"https:\/\/www.miomiorun.com\/de\/#\/schema\/logo\/image\/","url":"https:\/\/www.miomiorun.com\/app\/uploads\/2019\/12\/logomio.png","contentUrl":"https:\/\/www.miomiorun.com\/app\/uploads\/2019\/12\/logomio.png","width":115,"height":82,"caption":"MioMio Run"},"image":{"@id":"https:\/\/www.miomiorun.com\/de\/#\/schema\/logo\/image\/"},"sameAs":["https:\/\/www.facebook.com\/miomiorun\/","https:\/\/www.instagram.com\/miomiorun\/"]}]}},"_links":{"self":[{"href":"https:\/\/www.miomiorun.com\/de\/wp-json\/wp\/v2\/product\/88696","targetHints":{"allow":["GET"]}}],"collection":[{"href":"https:\/\/www.miomiorun.com\/de\/wp-json\/wp\/v2\/product"}],"about":[{"href":"https:\/\/www.miomiorun.com\/de\/wp-json\/wp\/v2\/types\/product"}],"wp:featuredmedia":[{"embeddable":true,"href":"https:\/\/www.miomiorun.com\/de\/wp-json\/wp\/v2\/media\/58248"}],"wp:attachment":[{"href":"https:\/\/www.miomiorun.com\/de\/wp-json\/wp\/v2\/media?parent=88696"}],"wp:term":[{"taxonomy":"product_brand","embeddable":true,"href":"https:\/\/www.miomiorun.com\/de\/wp-json\/wp\/v2\/product_brand?post=88696"},{"taxonomy":"product_cat","embeddable":true,"href":"https:\/\/www.miomiorun.com\/de\/wp-json\/wp\/v2\/product_cat?post=88696"},{"taxonomy":"product_tag","embeddable":true,"href":"https:\/\/www.miomiorun.com\/de\/wp-json\/wp\/v2\/product_tag?post=88696"}],"curies":[{"name":"wp","href":"https:\/\/api.w.org\/{rel}","templated":true}]}}