{"id":88693,"date":"2021-09-21T16:24:49","date_gmt":"2021-09-21T14:24:49","guid":{"rendered":"https:\/\/miomiorun.com\/prodotto\/la-sportiva-rook-long-sleeve-uomo\/"},"modified":"2026-03-18T17:39:12","modified_gmt":"2026-03-18T16:39:12","slug":"rook-long-sleeve-herren","status":"publish","type":"product","link":"https:\/\/www.miomiorun.com\/de\/produkt\/rook-long-sleeve-herren\/","title":{"rendered":"Rook Long Sleeve herren"},"content":{"rendered":"<p>Das Rook <strong>Long Sleeve<\/strong> f\u00fcr M\u00e4nner ist die erste Hybridschicht, die die W\u00e4rmeeigenschaften einer Thermoschicht mit den schnelltrocknenden Eigenschaften einer Basisschicht kombiniert. La Sportiva EKS by Pontetorto\u00ae Gewebe, weich im Griff und mit Merinowolle.<\/p>\n<p>Das Ziel von La Sportiva war es schon immer, die besten Produkte f\u00fcr diejenigen anzubieten, die die Berge in jeder Situation erleben. F\u00fcr jeden Bedarf gibt es ein Produkt mit spezifischen technischen Merkmalen.<br \/>\n<strong>Tour Long Sleeve<\/strong> ist ein Kleidungsst\u00fcck, das sich durch folgende Eigenschaften auszeichnet:<\/p>\n<ul>\n<li><strong>Atmungsaktivit\u00e4t:<\/strong> Hochgradig atmungsaktive Produkte f\u00fcr optimalen Klimakomfort.<\/li>\n<li><strong>Elastizit\u00e4t:<\/strong> Bequeme und reaktionsschnelle Kleidungsst\u00fccke, die maximale Bewegungsfreiheit garantieren.<\/li>\n<li><strong>Slim Fit:<\/strong> Sehr enge Passform f\u00fcr maximale Leistung im Wettkampf.<\/li>\n<li><strong>Leichtigkeit:<\/strong> Produkte, die das Gewicht auf ein Minimum reduzieren.<\/li>\n<li><strong>W\u00e4rmed\u00e4mmung:<\/strong> Produkte, die bei niedrigen Temperaturen verwendet werden k\u00f6nnen.<\/li>\n<\/ul>\n<p>&nbsp;<\/p>\n<h3>Verwendete Technologien:<\/h3>\n<ul>\n<li><strong>Polygiene:<\/strong> Die antibakterielle und geruchshemmende Polygiene\u00ae-Technologie ist eine dauerhafte, wirksame und nachhaltige Behandlung, die Silbersalze verwendet, um die Bildung von geruchsverursachenden Bakterien zu verhindern. Das Ergebnis? Sie k\u00f6nnen Ihre Kleidungsst\u00fccke l\u00e4nger tragen, ohne sie zu waschen.<\/li>\n<li><strong>L1 &#8211; Basisschicht:<\/strong> Schicht, die in direktem Kontakt mit der Haut steht. Es f\u00f6rdert die Schwei\u00dfableitung und sorgt so f\u00fcr ein angenehmes Klima bei k\u00f6rperlicher Aktivit\u00e4t.<\/li>\n<li><strong>LaSpo EKS-Technologie von Pontetorto:<\/strong> Das Hauptmerkmal von EKS ist die F\u00e4higkeit, bei k\u00f6rperlicher Aktivit\u00e4t W\u00e4rme zu erzeugen, indem die latente W\u00e4rme des Schwei\u00dfes genutzt wird, die auf nat\u00fcrliche Weise beim Zustandswechsel von Fl\u00fcssigkeit zu Gas freigesetzt wird.<\/li>\n<\/ul>\n<p>&nbsp;<\/p>\n<p>&nbsp;<\/p>\n<p>&nbsp;<\/p>\n","protected":false},"excerpt":{"rendered":"<p>Das Rook Long Sleeve f\u00fcr M\u00e4nner ist die erste Hybridschicht, die die W\u00e4rmeeigenschaften einer Thermoschicht mit den schnelltrocknenden Eigenschaften einer Basisschicht kombiniert. La Sportiva EKS by Pontetorto\u00ae Gewebe, weich im Griff und mit Merinowolle. Das Ziel von La Sportiva war es schon immer, die besten Produkte f\u00fcr diejenigen anzubieten, die die Berge in jeder Situation &hellip; <a href=\"https:\/\/www.miomiorun.com\/de\/produkt\/rook-long-sleeve-herren\/\">Continued<\/a><\/p>\n","protected":false},"featured_media":58252,"template":"","meta":{"_acf_changed":false,"inline_featured_image":false},"product_brand":[],"product_cat":[6528,6523],"product_tag":[6248,6218],"class_list":{"0":"post-88693","1":"product","2":"type-product","3":"status-publish","4":"has-post-thumbnail","6":"product_cat-sale-bekleidung-herren-de","7":"product_cat-sale-langarmshirt-herren-de","8":"product_tag-la-sportiva-de","9":"product_tag-la-sportiva-herren-de","10":"pa_attivita-gehen","11":"pa_attivita-outdoor-de","12":"pa_colore-rook-long-sleeve-m-opal-cloud-de","13":"pa_marca-la-sportiva-de","14":"pa_sesso-herren","15":"pa_size-large-de","16":"pa_size-extra-large-de","18":"first","19":"instock","20":"sale","21":"taxable","22":"shipping-taxable","23":"purchasable","24":"product-type-variable","25":"wvs-archive-product-wrapper"},"acf":[],"yoast_head":"<!-- This site is optimized with the Yoast SEO plugin v26.8 - https:\/\/yoast.com\/product\/yoast-seo-wordpress\/ -->\n<title>La Sportiva Rook Long Sleeve herren - Langarmshirt - MioMioRun<\/title>\n<meta name=\"description\" content=\"Das Rook Long Sleeve f\u00fcr M\u00e4nner ist die erste Hybridschicht, die die thermischen Eigenschaften einer Thermoschicht mit schneller Trocknung kombiniert.\" \/>\n<meta name=\"robots\" content=\"index, follow, max-snippet:-1, max-image-preview:large, max-video-preview:-1\" \/>\n<link rel=\"canonical\" href=\"https:\/\/www.miomiorun.com\/de\/produkt\/rook-long-sleeve-herren\/\" \/>\n<meta property=\"og:locale\" content=\"de_DE\" \/>\n<meta property=\"og:type\" content=\"article\" \/>\n<meta property=\"og:title\" content=\"La Sportiva Rook Long Sleeve herren - Langarmshirt - MioMioRun\" \/>\n<meta property=\"og:description\" content=\"Das Rook Long Sleeve f\u00fcr M\u00e4nner ist die erste Hybridschicht, die die thermischen Eigenschaften einer Thermoschicht mit schneller Trocknung kombiniert.\" \/>\n<meta property=\"og:url\" content=\"https:\/\/www.miomiorun.com\/de\/produkt\/rook-long-sleeve-herren\/\" \/>\n<meta property=\"og:site_name\" content=\"MioMioRun\" \/>\n<meta property=\"article:publisher\" content=\"https:\/\/www.facebook.com\/miomiorun\/\" \/>\n<meta property=\"article:modified_time\" content=\"2026-03-18T16:39:12+00:00\" \/>\n<meta property=\"og:image\" content=\"https:\/\/www.miomiorun.com\/app\/uploads\/2021\/09\/la-sportiva-Rook-long-sleeve-L15618907.jpg\" \/>\n\t<meta property=\"og:image:width\" content=\"600\" \/>\n\t<meta property=\"og:image:height\" content=\"600\" \/>\n\t<meta property=\"og:image:type\" content=\"image\/jpeg\" \/>\n<meta name=\"twitter:card\" content=\"summary_large_image\" \/>\n<meta name=\"twitter:label1\" content=\"Est. reading time\" \/>\n\t<meta name=\"twitter:data1\" content=\"1 minute\" \/>\n<script type=\"application\/ld+json\" class=\"yoast-schema-graph\">{\"@context\":\"https:\/\/schema.org\",\"@graph\":[{\"@type\":\"WebPage\",\"@id\":\"https:\/\/www.miomiorun.com\/de\/produkt\/rook-long-sleeve-herren\/\",\"url\":\"https:\/\/www.miomiorun.com\/de\/produkt\/rook-long-sleeve-herren\/\",\"name\":\"La Sportiva Rook Long Sleeve herren - Langarmshirt - MioMioRun\",\"isPartOf\":{\"@id\":\"https:\/\/www.miomiorun.com\/de\/#website\"},\"primaryImageOfPage\":{\"@id\":\"https:\/\/www.miomiorun.com\/de\/produkt\/rook-long-sleeve-herren\/#primaryimage\"},\"image\":{\"@id\":\"https:\/\/www.miomiorun.com\/de\/produkt\/rook-long-sleeve-herren\/#primaryimage\"},\"thumbnailUrl\":\"https:\/\/www.miomiorun.com\/app\/uploads\/2021\/09\/la-sportiva-Rook-long-sleeve-L15618907.jpg\",\"datePublished\":\"2021-09-21T14:24:49+00:00\",\"dateModified\":\"2026-03-18T16:39:12+00:00\",\"description\":\"Das Rook Long Sleeve f\u00fcr M\u00e4nner ist die erste Hybridschicht, die die thermischen Eigenschaften einer Thermoschicht mit schneller Trocknung kombiniert.\",\"breadcrumb\":{\"@id\":\"https:\/\/www.miomiorun.com\/de\/produkt\/rook-long-sleeve-herren\/#breadcrumb\"},\"inLanguage\":\"de-DE\",\"potentialAction\":[{\"@type\":\"ReadAction\",\"target\":[\"https:\/\/www.miomiorun.com\/de\/produkt\/rook-long-sleeve-herren\/\"]}]},{\"@type\":\"ImageObject\",\"inLanguage\":\"de-DE\",\"@id\":\"https:\/\/www.miomiorun.com\/de\/produkt\/rook-long-sleeve-herren\/#primaryimage\",\"url\":\"https:\/\/www.miomiorun.com\/app\/uploads\/2021\/09\/la-sportiva-Rook-long-sleeve-L15618907.jpg\",\"contentUrl\":\"https:\/\/www.miomiorun.com\/app\/uploads\/2021\/09\/la-sportiva-Rook-long-sleeve-L15618907.jpg\",\"width\":600,\"height\":600,\"caption\":\"la sportiva roo long sleeve\"},{\"@type\":\"BreadcrumbList\",\"@id\":\"https:\/\/www.miomiorun.com\/de\/produkt\/rook-long-sleeve-herren\/#breadcrumb\",\"itemListElement\":[{\"@type\":\"ListItem\",\"position\":1,\"name\":\"Home\",\"item\":\"https:\/\/www.miomiorun.com\/de\/\"},{\"@type\":\"ListItem\",\"position\":2,\"name\":\"Shop\",\"item\":\"https:\/\/www.miomiorun.com\/shop\/\"},{\"@type\":\"ListItem\",\"position\":3,\"name\":\"Rook Long Sleeve herren\"}]},{\"@type\":\"WebSite\",\"@id\":\"https:\/\/www.miomiorun.com\/de\/#website\",\"url\":\"https:\/\/www.miomiorun.com\/de\/\",\"name\":\"MioMioRun\",\"description\":\"100% Lauf- und Trailshop\",\"publisher\":{\"@id\":\"https:\/\/www.miomiorun.com\/de\/#organization\"},\"potentialAction\":[{\"@type\":\"SearchAction\",\"target\":{\"@type\":\"EntryPoint\",\"urlTemplate\":\"https:\/\/www.miomiorun.com\/de\/?s={search_term_string}\"},\"query-input\":{\"@type\":\"PropertyValueSpecification\",\"valueRequired\":true,\"valueName\":\"search_term_string\"}}],\"inLanguage\":\"de-DE\"},{\"@type\":\"Organization\",\"@id\":\"https:\/\/www.miomiorun.com\/de\/#organization\",\"name\":\"MioMio Run\",\"url\":\"https:\/\/www.miomiorun.com\/de\/\",\"logo\":{\"@type\":\"ImageObject\",\"inLanguage\":\"de-DE\",\"@id\":\"https:\/\/www.miomiorun.com\/de\/#\/schema\/logo\/image\/\",\"url\":\"https:\/\/www.miomiorun.com\/app\/uploads\/2019\/12\/logomio.png\",\"contentUrl\":\"https:\/\/www.miomiorun.com\/app\/uploads\/2019\/12\/logomio.png\",\"width\":115,\"height\":82,\"caption\":\"MioMio Run\"},\"image\":{\"@id\":\"https:\/\/www.miomiorun.com\/de\/#\/schema\/logo\/image\/\"},\"sameAs\":[\"https:\/\/www.facebook.com\/miomiorun\/\",\"https:\/\/www.instagram.com\/miomiorun\/\"]}]}<\/script>\n<!-- \/ Yoast SEO plugin. -->","yoast_head_json":{"title":"La Sportiva Rook Long Sleeve herren - Langarmshirt - MioMioRun","description":"Das Rook Long Sleeve f\u00fcr M\u00e4nner ist die erste Hybridschicht, die die thermischen Eigenschaften einer Thermoschicht mit schneller Trocknung kombiniert.","robots":{"index":"index","follow":"follow","max-snippet":"max-snippet:-1","max-image-preview":"max-image-preview:large","max-video-preview":"max-video-preview:-1"},"canonical":"https:\/\/www.miomiorun.com\/de\/produkt\/rook-long-sleeve-herren\/","og_locale":"de_DE","og_type":"article","og_title":"La Sportiva Rook Long Sleeve herren - Langarmshirt - MioMioRun","og_description":"Das Rook Long Sleeve f\u00fcr M\u00e4nner ist die erste Hybridschicht, die die thermischen Eigenschaften einer Thermoschicht mit schneller Trocknung kombiniert.","og_url":"https:\/\/www.miomiorun.com\/de\/produkt\/rook-long-sleeve-herren\/","og_site_name":"MioMioRun","article_publisher":"https:\/\/www.facebook.com\/miomiorun\/","article_modified_time":"2026-03-18T16:39:12+00:00","og_image":[{"width":600,"height":600,"url":"https:\/\/www.miomiorun.com\/app\/uploads\/2021\/09\/la-sportiva-Rook-long-sleeve-L15618907.jpg","type":"image\/jpeg"}],"twitter_card":"summary_large_image","twitter_misc":{"Est. reading time":"1 minute"},"schema":{"@context":"https:\/\/schema.org","@graph":[{"@type":"WebPage","@id":"https:\/\/www.miomiorun.com\/de\/produkt\/rook-long-sleeve-herren\/","url":"https:\/\/www.miomiorun.com\/de\/produkt\/rook-long-sleeve-herren\/","name":"La Sportiva Rook Long Sleeve herren - Langarmshirt - MioMioRun","isPartOf":{"@id":"https:\/\/www.miomiorun.com\/de\/#website"},"primaryImageOfPage":{"@id":"https:\/\/www.miomiorun.com\/de\/produkt\/rook-long-sleeve-herren\/#primaryimage"},"image":{"@id":"https:\/\/www.miomiorun.com\/de\/produkt\/rook-long-sleeve-herren\/#primaryimage"},"thumbnailUrl":"https:\/\/www.miomiorun.com\/app\/uploads\/2021\/09\/la-sportiva-Rook-long-sleeve-L15618907.jpg","datePublished":"2021-09-21T14:24:49+00:00","dateModified":"2026-03-18T16:39:12+00:00","description":"Das Rook Long Sleeve f\u00fcr M\u00e4nner ist die erste Hybridschicht, die die thermischen Eigenschaften einer Thermoschicht mit schneller Trocknung kombiniert.","breadcrumb":{"@id":"https:\/\/www.miomiorun.com\/de\/produkt\/rook-long-sleeve-herren\/#breadcrumb"},"inLanguage":"de-DE","potentialAction":[{"@type":"ReadAction","target":["https:\/\/www.miomiorun.com\/de\/produkt\/rook-long-sleeve-herren\/"]}]},{"@type":"ImageObject","inLanguage":"de-DE","@id":"https:\/\/www.miomiorun.com\/de\/produkt\/rook-long-sleeve-herren\/#primaryimage","url":"https:\/\/www.miomiorun.com\/app\/uploads\/2021\/09\/la-sportiva-Rook-long-sleeve-L15618907.jpg","contentUrl":"https:\/\/www.miomiorun.com\/app\/uploads\/2021\/09\/la-sportiva-Rook-long-sleeve-L15618907.jpg","width":600,"height":600,"caption":"la sportiva roo long sleeve"},{"@type":"BreadcrumbList","@id":"https:\/\/www.miomiorun.com\/de\/produkt\/rook-long-sleeve-herren\/#breadcrumb","itemListElement":[{"@type":"ListItem","position":1,"name":"Home","item":"https:\/\/www.miomiorun.com\/de\/"},{"@type":"ListItem","position":2,"name":"Shop","item":"https:\/\/www.miomiorun.com\/shop\/"},{"@type":"ListItem","position":3,"name":"Rook Long Sleeve herren"}]},{"@type":"WebSite","@id":"https:\/\/www.miomiorun.com\/de\/#website","url":"https:\/\/www.miomiorun.com\/de\/","name":"MioMioRun","description":"100% Lauf- und Trailshop","publisher":{"@id":"https:\/\/www.miomiorun.com\/de\/#organization"},"potentialAction":[{"@type":"SearchAction","target":{"@type":"EntryPoint","urlTemplate":"https:\/\/www.miomiorun.com\/de\/?s={search_term_string}"},"query-input":{"@type":"PropertyValueSpecification","valueRequired":true,"valueName":"search_term_string"}}],"inLanguage":"de-DE"},{"@type":"Organization","@id":"https:\/\/www.miomiorun.com\/de\/#organization","name":"MioMio Run","url":"https:\/\/www.miomiorun.com\/de\/","logo":{"@type":"ImageObject","inLanguage":"de-DE","@id":"https:\/\/www.miomiorun.com\/de\/#\/schema\/logo\/image\/","url":"https:\/\/www.miomiorun.com\/app\/uploads\/2019\/12\/logomio.png","contentUrl":"https:\/\/www.miomiorun.com\/app\/uploads\/2019\/12\/logomio.png","width":115,"height":82,"caption":"MioMio Run"},"image":{"@id":"https:\/\/www.miomiorun.com\/de\/#\/schema\/logo\/image\/"},"sameAs":["https:\/\/www.facebook.com\/miomiorun\/","https:\/\/www.instagram.com\/miomiorun\/"]}]}},"_links":{"self":[{"href":"https:\/\/www.miomiorun.com\/de\/wp-json\/wp\/v2\/product\/88693","targetHints":{"allow":["GET"]}}],"collection":[{"href":"https:\/\/www.miomiorun.com\/de\/wp-json\/wp\/v2\/product"}],"about":[{"href":"https:\/\/www.miomiorun.com\/de\/wp-json\/wp\/v2\/types\/product"}],"wp:featuredmedia":[{"embeddable":true,"href":"https:\/\/www.miomiorun.com\/de\/wp-json\/wp\/v2\/media\/58252"}],"wp:attachment":[{"href":"https:\/\/www.miomiorun.com\/de\/wp-json\/wp\/v2\/media?parent=88693"}],"wp:term":[{"taxonomy":"product_brand","embeddable":true,"href":"https:\/\/www.miomiorun.com\/de\/wp-json\/wp\/v2\/product_brand?post=88693"},{"taxonomy":"product_cat","embeddable":true,"href":"https:\/\/www.miomiorun.com\/de\/wp-json\/wp\/v2\/product_cat?post=88693"},{"taxonomy":"product_tag","embeddable":true,"href":"https:\/\/www.miomiorun.com\/de\/wp-json\/wp\/v2\/product_tag?post=88693"}],"curies":[{"name":"wp","href":"https:\/\/api.w.org\/{rel}","templated":true}]}}