{"id":88610,"date":"2021-10-12T12:13:43","date_gmt":"2021-10-12T10:13:43","guid":{"rendered":"https:\/\/miomiorun.com\/prodotto\/la-sportiva-trail-gloves-donna\/"},"modified":"2022-10-11T12:22:35","modified_gmt":"2022-10-11T10:22:35","slug":"trail-gloves-damen","status":"publish","type":"product","link":"https:\/\/www.miomiorun.com\/de\/produkt\/trail-gloves-damen\/","title":{"rendered":"Trail Gloves damen"},"content":{"rendered":"<p>Women&#8217;s <strong>Trail Gloves<\/strong> ist ein Laufhandschuh, der f\u00fcr L\u00e4ufe in den Herbst- und Wintermonaten entwickelt wurde. Sie verf\u00fcgt \u00fcber eine integrierte Schl\u00fcsseltasche und leitf\u00e4hige Gewebeeins\u00e4tze f\u00fcr die Nutzung von Tablets oder Handys.<\/p>\n<p><strong>Material<\/strong>: 100% Polyester .<\/p>\n<p><strong>Gewicht<\/strong>: 60 g (Paar) .<\/p>\n<p>&nbsp;<\/p>\n","protected":false},"excerpt":{"rendered":"<p>Women&#8217;s Trail Gloves ist ein Laufhandschuh, der f\u00fcr L\u00e4ufe in den Herbst- und Wintermonaten entwickelt wurde. Sie verf\u00fcgt \u00fcber eine integrierte Schl\u00fcsseltasche und leitf\u00e4hige Gewebeeins\u00e4tze f\u00fcr die Nutzung von Tablets oder Handys. Material: 100% Polyester . Gewicht: 60 g (Paar) . &nbsp;<\/p>\n","protected":false},"featured_media":58890,"template":"","meta":{"_acf_changed":false,"inline_featured_image":false},"product_brand":[],"product_cat":[6342,6375],"product_tag":[6248,6220],"class_list":{"0":"post-88610","1":"product","2":"type-product","3":"status-publish","4":"has-post-thumbnail","6":"product_cat-zubehoer","7":"product_cat-laufhandschuhe-zubehoer-2-de","8":"product_tag-la-sportiva-de","9":"product_tag-la-sportiva-damen-de","10":"pa_attivita-gehen","11":"pa_attivita-outdoor-de","12":"pa_attivita-trail-de","13":"pa_colore-trail-gloves-w-malibu-blue-hibiscus-de","14":"pa_marca-la-sportiva-de","15":"pa_sesso-damen","16":"pa_size-extra-small-de","17":"pa_size-large-de","19":"first","20":"instock","21":"sale","22":"taxable","23":"shipping-taxable","24":"purchasable","25":"product-type-variable","26":"wvs-archive-product-wrapper"},"acf":[],"yoast_head":"<!-- This site is optimized with the Yoast SEO plugin v26.8 - https:\/\/yoast.com\/product\/yoast-seo-wordpress\/ -->\n<title>La Sportiva Trail Gloves damen - Handschuhe - MioMioRun<\/title>\n<meta name=\"description\" content=\"Women&#039;s Trail Gloves ist ein Laufhandschuh, der f\u00fcr L\u00e4ufe in den Herbst- und Wintermonaten entwickelt wurde. Sie verf\u00fcgt \u00fcber eine integrierte.\" \/>\n<meta name=\"robots\" content=\"index, follow, max-snippet:-1, max-image-preview:large, max-video-preview:-1\" \/>\n<link rel=\"canonical\" href=\"https:\/\/www.miomiorun.com\/de\/produkt\/trail-gloves-damen\/\" \/>\n<meta property=\"og:locale\" content=\"de_DE\" \/>\n<meta property=\"og:type\" content=\"article\" \/>\n<meta property=\"og:title\" content=\"La Sportiva Trail Gloves damen - Handschuhe - MioMioRun\" \/>\n<meta property=\"og:description\" content=\"Women&#039;s Trail Gloves ist ein Laufhandschuh, der f\u00fcr L\u00e4ufe in den Herbst- und Wintermonaten entwickelt wurde. Sie verf\u00fcgt \u00fcber eine integrierte.\" \/>\n<meta property=\"og:url\" content=\"https:\/\/www.miomiorun.com\/de\/produkt\/trail-gloves-damen\/\" \/>\n<meta property=\"og:site_name\" content=\"MioMioRun\" \/>\n<meta property=\"article:publisher\" content=\"https:\/\/www.facebook.com\/miomiorun\/\" \/>\n<meta property=\"article:modified_time\" content=\"2022-10-11T10:22:35+00:00\" \/>\n<meta property=\"og:image\" content=\"https:\/\/www.miomiorun.com\/app\/uploads\/2021\/10\/la-sportiva-trail-gloves-X55602402.jpg\" \/>\n\t<meta property=\"og:image:width\" content=\"600\" \/>\n\t<meta property=\"og:image:height\" content=\"600\" \/>\n\t<meta property=\"og:image:type\" content=\"image\/jpeg\" \/>\n<meta name=\"twitter:card\" content=\"summary_large_image\" \/>\n<meta name=\"twitter:label1\" content=\"Est. reading time\" \/>\n\t<meta name=\"twitter:data1\" content=\"1 minute\" \/>\n<script type=\"application\/ld+json\" class=\"yoast-schema-graph\">{\"@context\":\"https:\/\/schema.org\",\"@graph\":[{\"@type\":\"WebPage\",\"@id\":\"https:\/\/www.miomiorun.com\/de\/produkt\/trail-gloves-damen\/\",\"url\":\"https:\/\/www.miomiorun.com\/de\/produkt\/trail-gloves-damen\/\",\"name\":\"La Sportiva Trail Gloves damen - Handschuhe - MioMioRun\",\"isPartOf\":{\"@id\":\"https:\/\/www.miomiorun.com\/de\/#website\"},\"primaryImageOfPage\":{\"@id\":\"https:\/\/www.miomiorun.com\/de\/produkt\/trail-gloves-damen\/#primaryimage\"},\"image\":{\"@id\":\"https:\/\/www.miomiorun.com\/de\/produkt\/trail-gloves-damen\/#primaryimage\"},\"thumbnailUrl\":\"https:\/\/www.miomiorun.com\/app\/uploads\/2021\/10\/la-sportiva-trail-gloves-X55602402.jpg\",\"datePublished\":\"2021-10-12T10:13:43+00:00\",\"dateModified\":\"2022-10-11T10:22:35+00:00\",\"description\":\"Women's Trail Gloves ist ein Laufhandschuh, der f\u00fcr L\u00e4ufe in den Herbst- und Wintermonaten entwickelt wurde. Sie verf\u00fcgt \u00fcber eine integrierte.\",\"breadcrumb\":{\"@id\":\"https:\/\/www.miomiorun.com\/de\/produkt\/trail-gloves-damen\/#breadcrumb\"},\"inLanguage\":\"de-DE\",\"potentialAction\":[{\"@type\":\"ReadAction\",\"target\":[\"https:\/\/www.miomiorun.com\/de\/produkt\/trail-gloves-damen\/\"]}]},{\"@type\":\"ImageObject\",\"inLanguage\":\"de-DE\",\"@id\":\"https:\/\/www.miomiorun.com\/de\/produkt\/trail-gloves-damen\/#primaryimage\",\"url\":\"https:\/\/www.miomiorun.com\/app\/uploads\/2021\/10\/la-sportiva-trail-gloves-X55602402.jpg\",\"contentUrl\":\"https:\/\/www.miomiorun.com\/app\/uploads\/2021\/10\/la-sportiva-trail-gloves-X55602402.jpg\",\"width\":600,\"height\":600,\"caption\":\"la sportiva trail gloves\"},{\"@type\":\"BreadcrumbList\",\"@id\":\"https:\/\/www.miomiorun.com\/de\/produkt\/trail-gloves-damen\/#breadcrumb\",\"itemListElement\":[{\"@type\":\"ListItem\",\"position\":1,\"name\":\"Home\",\"item\":\"https:\/\/www.miomiorun.com\/de\/\"},{\"@type\":\"ListItem\",\"position\":2,\"name\":\"Shop\",\"item\":\"https:\/\/www.miomiorun.com\/shop\/\"},{\"@type\":\"ListItem\",\"position\":3,\"name\":\"Trail Gloves damen\"}]},{\"@type\":\"WebSite\",\"@id\":\"https:\/\/www.miomiorun.com\/de\/#website\",\"url\":\"https:\/\/www.miomiorun.com\/de\/\",\"name\":\"MioMioRun\",\"description\":\"100% Lauf- und Trailshop\",\"publisher\":{\"@id\":\"https:\/\/www.miomiorun.com\/de\/#organization\"},\"potentialAction\":[{\"@type\":\"SearchAction\",\"target\":{\"@type\":\"EntryPoint\",\"urlTemplate\":\"https:\/\/www.miomiorun.com\/de\/?s={search_term_string}\"},\"query-input\":{\"@type\":\"PropertyValueSpecification\",\"valueRequired\":true,\"valueName\":\"search_term_string\"}}],\"inLanguage\":\"de-DE\"},{\"@type\":\"Organization\",\"@id\":\"https:\/\/www.miomiorun.com\/de\/#organization\",\"name\":\"MioMio Run\",\"url\":\"https:\/\/www.miomiorun.com\/de\/\",\"logo\":{\"@type\":\"ImageObject\",\"inLanguage\":\"de-DE\",\"@id\":\"https:\/\/www.miomiorun.com\/de\/#\/schema\/logo\/image\/\",\"url\":\"https:\/\/www.miomiorun.com\/app\/uploads\/2019\/12\/logomio.png\",\"contentUrl\":\"https:\/\/www.miomiorun.com\/app\/uploads\/2019\/12\/logomio.png\",\"width\":115,\"height\":82,\"caption\":\"MioMio Run\"},\"image\":{\"@id\":\"https:\/\/www.miomiorun.com\/de\/#\/schema\/logo\/image\/\"},\"sameAs\":[\"https:\/\/www.facebook.com\/miomiorun\/\",\"https:\/\/www.instagram.com\/miomiorun\/\"]}]}<\/script>\n<!-- \/ Yoast SEO plugin. -->","yoast_head_json":{"title":"La Sportiva Trail Gloves damen - Handschuhe - MioMioRun","description":"Women's Trail Gloves ist ein Laufhandschuh, der f\u00fcr L\u00e4ufe in den Herbst- und Wintermonaten entwickelt wurde. Sie verf\u00fcgt \u00fcber eine integrierte.","robots":{"index":"index","follow":"follow","max-snippet":"max-snippet:-1","max-image-preview":"max-image-preview:large","max-video-preview":"max-video-preview:-1"},"canonical":"https:\/\/www.miomiorun.com\/de\/produkt\/trail-gloves-damen\/","og_locale":"de_DE","og_type":"article","og_title":"La Sportiva Trail Gloves damen - Handschuhe - MioMioRun","og_description":"Women's Trail Gloves ist ein Laufhandschuh, der f\u00fcr L\u00e4ufe in den Herbst- und Wintermonaten entwickelt wurde. Sie verf\u00fcgt \u00fcber eine integrierte.","og_url":"https:\/\/www.miomiorun.com\/de\/produkt\/trail-gloves-damen\/","og_site_name":"MioMioRun","article_publisher":"https:\/\/www.facebook.com\/miomiorun\/","article_modified_time":"2022-10-11T10:22:35+00:00","og_image":[{"width":600,"height":600,"url":"https:\/\/www.miomiorun.com\/app\/uploads\/2021\/10\/la-sportiva-trail-gloves-X55602402.jpg","type":"image\/jpeg"}],"twitter_card":"summary_large_image","twitter_misc":{"Est. reading time":"1 minute"},"schema":{"@context":"https:\/\/schema.org","@graph":[{"@type":"WebPage","@id":"https:\/\/www.miomiorun.com\/de\/produkt\/trail-gloves-damen\/","url":"https:\/\/www.miomiorun.com\/de\/produkt\/trail-gloves-damen\/","name":"La Sportiva Trail Gloves damen - Handschuhe - MioMioRun","isPartOf":{"@id":"https:\/\/www.miomiorun.com\/de\/#website"},"primaryImageOfPage":{"@id":"https:\/\/www.miomiorun.com\/de\/produkt\/trail-gloves-damen\/#primaryimage"},"image":{"@id":"https:\/\/www.miomiorun.com\/de\/produkt\/trail-gloves-damen\/#primaryimage"},"thumbnailUrl":"https:\/\/www.miomiorun.com\/app\/uploads\/2021\/10\/la-sportiva-trail-gloves-X55602402.jpg","datePublished":"2021-10-12T10:13:43+00:00","dateModified":"2022-10-11T10:22:35+00:00","description":"Women's Trail Gloves ist ein Laufhandschuh, der f\u00fcr L\u00e4ufe in den Herbst- und Wintermonaten entwickelt wurde. Sie verf\u00fcgt \u00fcber eine integrierte.","breadcrumb":{"@id":"https:\/\/www.miomiorun.com\/de\/produkt\/trail-gloves-damen\/#breadcrumb"},"inLanguage":"de-DE","potentialAction":[{"@type":"ReadAction","target":["https:\/\/www.miomiorun.com\/de\/produkt\/trail-gloves-damen\/"]}]},{"@type":"ImageObject","inLanguage":"de-DE","@id":"https:\/\/www.miomiorun.com\/de\/produkt\/trail-gloves-damen\/#primaryimage","url":"https:\/\/www.miomiorun.com\/app\/uploads\/2021\/10\/la-sportiva-trail-gloves-X55602402.jpg","contentUrl":"https:\/\/www.miomiorun.com\/app\/uploads\/2021\/10\/la-sportiva-trail-gloves-X55602402.jpg","width":600,"height":600,"caption":"la sportiva trail gloves"},{"@type":"BreadcrumbList","@id":"https:\/\/www.miomiorun.com\/de\/produkt\/trail-gloves-damen\/#breadcrumb","itemListElement":[{"@type":"ListItem","position":1,"name":"Home","item":"https:\/\/www.miomiorun.com\/de\/"},{"@type":"ListItem","position":2,"name":"Shop","item":"https:\/\/www.miomiorun.com\/shop\/"},{"@type":"ListItem","position":3,"name":"Trail Gloves damen"}]},{"@type":"WebSite","@id":"https:\/\/www.miomiorun.com\/de\/#website","url":"https:\/\/www.miomiorun.com\/de\/","name":"MioMioRun","description":"100% Lauf- und Trailshop","publisher":{"@id":"https:\/\/www.miomiorun.com\/de\/#organization"},"potentialAction":[{"@type":"SearchAction","target":{"@type":"EntryPoint","urlTemplate":"https:\/\/www.miomiorun.com\/de\/?s={search_term_string}"},"query-input":{"@type":"PropertyValueSpecification","valueRequired":true,"valueName":"search_term_string"}}],"inLanguage":"de-DE"},{"@type":"Organization","@id":"https:\/\/www.miomiorun.com\/de\/#organization","name":"MioMio Run","url":"https:\/\/www.miomiorun.com\/de\/","logo":{"@type":"ImageObject","inLanguage":"de-DE","@id":"https:\/\/www.miomiorun.com\/de\/#\/schema\/logo\/image\/","url":"https:\/\/www.miomiorun.com\/app\/uploads\/2019\/12\/logomio.png","contentUrl":"https:\/\/www.miomiorun.com\/app\/uploads\/2019\/12\/logomio.png","width":115,"height":82,"caption":"MioMio Run"},"image":{"@id":"https:\/\/www.miomiorun.com\/de\/#\/schema\/logo\/image\/"},"sameAs":["https:\/\/www.facebook.com\/miomiorun\/","https:\/\/www.instagram.com\/miomiorun\/"]}]}},"_links":{"self":[{"href":"https:\/\/www.miomiorun.com\/de\/wp-json\/wp\/v2\/product\/88610","targetHints":{"allow":["GET"]}}],"collection":[{"href":"https:\/\/www.miomiorun.com\/de\/wp-json\/wp\/v2\/product"}],"about":[{"href":"https:\/\/www.miomiorun.com\/de\/wp-json\/wp\/v2\/types\/product"}],"wp:featuredmedia":[{"embeddable":true,"href":"https:\/\/www.miomiorun.com\/de\/wp-json\/wp\/v2\/media\/58890"}],"wp:attachment":[{"href":"https:\/\/www.miomiorun.com\/de\/wp-json\/wp\/v2\/media?parent=88610"}],"wp:term":[{"taxonomy":"product_brand","embeddable":true,"href":"https:\/\/www.miomiorun.com\/de\/wp-json\/wp\/v2\/product_brand?post=88610"},{"taxonomy":"product_cat","embeddable":true,"href":"https:\/\/www.miomiorun.com\/de\/wp-json\/wp\/v2\/product_cat?post=88610"},{"taxonomy":"product_tag","embeddable":true,"href":"https:\/\/www.miomiorun.com\/de\/wp-json\/wp\/v2\/product_tag?post=88610"}],"curies":[{"name":"wp","href":"https:\/\/api.w.org\/{rel}","templated":true}]}}