{"id":88608,"date":"2021-10-12T15:37:09","date_gmt":"2021-10-12T13:37:09","guid":{"rendered":"https:\/\/miomiorun.com\/prodotto\/la-sportiva-cloud-vest-uomo\/"},"modified":"2026-05-08T21:08:43","modified_gmt":"2026-05-08T19:08:43","slug":"cloud-vest-herren","status":"publish","type":"product","link":"https:\/\/www.miomiorun.com\/de\/produkt\/cloud-vest-herren\/","title":{"rendered":"Cloud Vest herren"},"content":{"rendered":"<p>Die Men&#8217;s <strong>Cloud Vest<\/strong> ist eine thermische und atmungsaktive Hybridschicht, die sich perfekt als zweite Schicht f\u00fcr aerobe Aktivit\u00e4ten in den Wintermonaten eignet.<\/p>\n<h3>Technische Informationen:<\/h3>\n<p><img loading=\"lazy\" decoding=\"async\" class=\" ls-is-cached lazyloaded\" src=\"https:\/\/www.lasportiva.com\/media\/techinfo_icons\/traspirabilita.png\" alt=\"La Sportiva\" width=\"75\" height=\"75\" data-src=\"https:\/\/www.lasportiva.com\/media\/techinfo_icons\/traspirabilita.png\" \/><\/p>\n<p><strong>Atmungsaktivit\u00e4t:<\/strong><br \/>\nHochgradig atmungsaktive Produkte f\u00fcr optimalen Klimakomfort.<\/p>\n<p><img loading=\"lazy\" decoding=\"async\" class=\" ls-is-cached lazyloaded\" src=\"https:\/\/www.lasportiva.com\/media\/techinfo_icons\/elasticita.png\" alt=\"La Sportiva\" width=\"75\" height=\"75\" data-src=\"https:\/\/www.lasportiva.com\/media\/techinfo_icons\/elasticita.png\" \/><\/p>\n<p><strong>Elastizit\u00e4t:<\/strong><br \/>\nBequeme und reaktionsschnelle Kleidungsst\u00fccke, die maximale Bewegungsfreiheit garantieren.<\/p>\n<p><img loading=\"lazy\" decoding=\"async\" class=\" ls-is-cached lazyloaded\" src=\"https:\/\/www.lasportiva.com\/media\/techinfo_icons\/regular-fit.png\" alt=\"La Sportiva\" width=\"75\" height=\"75\" data-src=\"https:\/\/www.lasportiva.com\/media\/techinfo_icons\/regular-fit.png\" \/><\/p>\n<p><strong>Normale Passform:<\/strong><br \/>\nTechnischer und bequemer Schnitt.<\/p>\n<p><img loading=\"lazy\" decoding=\"async\" class=\" ls-is-cached lazyloaded\" src=\"https:\/\/www.lasportiva.com\/media\/techinfo_icons\/durabilita.png\" alt=\"La Sportiva\" width=\"75\" height=\"75\" data-src=\"https:\/\/www.lasportiva.com\/media\/techinfo_icons\/durabilita.png\" \/><\/p>\n<p><strong>Langlebigkeit:<\/strong><br \/>\nHochgradig verschlei\u00dffeste Produkte.<\/p>\n<p><img loading=\"lazy\" decoding=\"async\" class=\" ls-is-cached lazyloaded\" src=\"https:\/\/www.lasportiva.com\/media\/techinfo_icons\/primaloft2.png\" alt=\"La Sportiva\" width=\"75\" height=\"75\" data-src=\"https:\/\/www.lasportiva.com\/media\/techinfo_icons\/primaloft2.png\" \/><\/p>\n<p>PrimaLoft\u00ae Silver Insulation Thermoplume\u00ae:<br \/>\nPrimaLoft\u00ae Silver Insulation ThermoPlume\u00ae mit Cross Core\u2122-Technologien stellt f\u00fcr die PrimaLoft\u00ae-Forscher dank eines revolution\u00e4ren Ansatzes bei der F\u00fcllung mit synthetischen Daunen einen neuen Punkt dar, der sehr saubere und essenzielle Kleidungsst\u00fccke in Bezug auf \u00c4sthetik, Leistung und W\u00e4rmeeigenschaften erm\u00f6glicht, die mit denen der klassischen Daunenf\u00fcllung vergleichbar sind.<br \/>\nDie synthetischen Daunenfasern sind mit Aerodgel verschmolzen, einem ultraleichten Material, das f\u00fcr seine sehr guten W\u00e4rmeisolierungseigenschaften bekannt ist. Die so gewonnenen neuen Fasern bieten nicht nur hohe thermische Eigenschaften, die der F\u00fcllkraft 600 von Daunen entsprechen, sondern sind auch sehr komprimierbar, was die Packbarkeit beg\u00fcnstigt. Das Beste f\u00fcr alle Wetterbedingungen, von PrimaLoft\u00ae!<\/p>\n<p><img loading=\"lazy\" decoding=\"async\" class=\" ls-is-cached lazyloaded\" src=\"https:\/\/www.lasportiva.com\/media\/techinfo_icons\/l\/3\/l3.png\" alt=\"La Sportiva\" width=\"75\" height=\"75\" data-src=\"https:\/\/www.lasportiva.com\/media\/techinfo_icons\/l\/3\/l3.png\" \/><\/p>\n<p><strong>Material:<\/strong>Hauptteil: (SPL03) 100% Nylon &#8211; R\u00fccken: (DW12) 88% Nylon, 12% Elastan &#8211; Hauptpolsterung: PrimaLoft\u00ae Silver Active ThermoPlume\u2122 (40 g) &#8211; Wattierungseins\u00e4tze: PrimaLoft\u00ae Silver Isolierung 100% Eco (60 g)<\/p>\n<p><strong>Gewicht:<\/strong> 200 g (L)<\/p>\n<p>&nbsp;<\/p>\n","protected":false},"excerpt":{"rendered":"<p>Die Men&#8217;s Cloud Vest ist eine thermische und atmungsaktive Hybridschicht, die sich perfekt als zweite Schicht f\u00fcr aerobe Aktivit\u00e4ten in den Wintermonaten eignet. Technische Informationen: Atmungsaktivit\u00e4t: Hochgradig atmungsaktive Produkte f\u00fcr optimalen Klimakomfort. Elastizit\u00e4t: Bequeme und reaktionsschnelle Kleidungsst\u00fccke, die maximale Bewegungsfreiheit garantieren. Normale Passform: Technischer und bequemer Schnitt. Langlebigkeit: Hochgradig verschlei\u00dffeste Produkte. PrimaLoft\u00ae Silver Insulation Thermoplume\u00ae: &hellip; <a href=\"https:\/\/www.miomiorun.com\/de\/produkt\/cloud-vest-herren\/\">Continued<\/a><\/p>\n","protected":false},"featured_media":58896,"template":"","meta":{"_acf_changed":false,"inline_featured_image":false},"product_brand":[],"product_cat":[6528,6525],"product_tag":[6248,6218],"class_list":{"0":"post-88608","1":"product","2":"type-product","3":"status-publish","4":"has-post-thumbnail","6":"product_cat-sale-bekleidung-herren-de","7":"product_cat-sale-jacken-herren-de","8":"product_tag-la-sportiva-de","9":"product_tag-la-sportiva-herren-de","10":"pa_attivita-gehen","11":"pa_attivita-outdoor-de","12":"pa_colore-cloud-vest-night-blue-atlantic-de","13":"pa_marca-la-sportiva-de","14":"pa_sesso-herren","15":"pa_size-medium-de","16":"pa_size-extra-large-de","18":"first","19":"instock","20":"sale","21":"taxable","22":"shipping-taxable","23":"purchasable","24":"product-type-variable","25":"wvs-archive-product-wrapper"},"acf":[],"yoast_head":"<!-- This site is optimized with the Yoast SEO plugin v26.8 - https:\/\/yoast.com\/product\/yoast-seo-wordpress\/ -->\n<title>La Sportiva Cloud Vest herren - Gilet laufend - MioMioRun.com<\/title>\n<meta name=\"description\" content=\"Die Men&#039;s Cloud Vest ist eine thermische und atmungsaktive Hybridschicht, die sich perfekt als zweite Schicht f\u00fcr aerobe Aktivit\u00e4ten\" \/>\n<meta name=\"robots\" content=\"index, follow, max-snippet:-1, max-image-preview:large, max-video-preview:-1\" \/>\n<link rel=\"canonical\" href=\"https:\/\/www.miomiorun.com\/de\/produkt\/cloud-vest-herren\/\" \/>\n<meta property=\"og:locale\" content=\"de_DE\" \/>\n<meta property=\"og:type\" content=\"article\" \/>\n<meta property=\"og:title\" content=\"La Sportiva Cloud Vest herren - Gilet laufend - MioMioRun.com\" \/>\n<meta property=\"og:description\" content=\"Die Men&#039;s Cloud Vest ist eine thermische und atmungsaktive Hybridschicht, die sich perfekt als zweite Schicht f\u00fcr aerobe Aktivit\u00e4ten\" \/>\n<meta property=\"og:url\" content=\"https:\/\/www.miomiorun.com\/de\/produkt\/cloud-vest-herren\/\" \/>\n<meta property=\"og:site_name\" content=\"MioMioRun\" \/>\n<meta property=\"article:publisher\" content=\"https:\/\/www.facebook.com\/miomiorun\/\" \/>\n<meta property=\"article:modified_time\" content=\"2026-05-08T19:08:43+00:00\" \/>\n<meta property=\"og:image\" content=\"https:\/\/www.miomiorun.com\/app\/uploads\/2021\/10\/la-sportiva-cloud-vest-P05629630.jpg\" \/>\n\t<meta property=\"og:image:width\" content=\"600\" \/>\n\t<meta property=\"og:image:height\" content=\"600\" \/>\n\t<meta property=\"og:image:type\" content=\"image\/jpeg\" \/>\n<meta name=\"twitter:card\" content=\"summary_large_image\" \/>\n<meta name=\"twitter:label1\" content=\"Est. reading time\" \/>\n\t<meta name=\"twitter:data1\" content=\"3 minutes\" \/>\n<script type=\"application\/ld+json\" class=\"yoast-schema-graph\">{\"@context\":\"https:\/\/schema.org\",\"@graph\":[{\"@type\":\"WebPage\",\"@id\":\"https:\/\/www.miomiorun.com\/de\/produkt\/cloud-vest-herren\/\",\"url\":\"https:\/\/www.miomiorun.com\/de\/produkt\/cloud-vest-herren\/\",\"name\":\"La Sportiva Cloud Vest herren - Gilet laufend - MioMioRun.com\",\"isPartOf\":{\"@id\":\"https:\/\/www.miomiorun.com\/de\/#website\"},\"primaryImageOfPage\":{\"@id\":\"https:\/\/www.miomiorun.com\/de\/produkt\/cloud-vest-herren\/#primaryimage\"},\"image\":{\"@id\":\"https:\/\/www.miomiorun.com\/de\/produkt\/cloud-vest-herren\/#primaryimage\"},\"thumbnailUrl\":\"https:\/\/www.miomiorun.com\/app\/uploads\/2021\/10\/la-sportiva-cloud-vest-P05629630.jpg\",\"datePublished\":\"2021-10-12T13:37:09+00:00\",\"dateModified\":\"2026-05-08T19:08:43+00:00\",\"description\":\"Die Men's Cloud Vest ist eine thermische und atmungsaktive Hybridschicht, die sich perfekt als zweite Schicht f\u00fcr aerobe Aktivit\u00e4ten\",\"breadcrumb\":{\"@id\":\"https:\/\/www.miomiorun.com\/de\/produkt\/cloud-vest-herren\/#breadcrumb\"},\"inLanguage\":\"de-DE\",\"potentialAction\":[{\"@type\":\"ReadAction\",\"target\":[\"https:\/\/www.miomiorun.com\/de\/produkt\/cloud-vest-herren\/\"]}]},{\"@type\":\"ImageObject\",\"inLanguage\":\"de-DE\",\"@id\":\"https:\/\/www.miomiorun.com\/de\/produkt\/cloud-vest-herren\/#primaryimage\",\"url\":\"https:\/\/www.miomiorun.com\/app\/uploads\/2021\/10\/la-sportiva-cloud-vest-P05629630.jpg\",\"contentUrl\":\"https:\/\/www.miomiorun.com\/app\/uploads\/2021\/10\/la-sportiva-cloud-vest-P05629630.jpg\",\"width\":600,\"height\":600,\"caption\":\"la sportiva cloud vest\"},{\"@type\":\"BreadcrumbList\",\"@id\":\"https:\/\/www.miomiorun.com\/de\/produkt\/cloud-vest-herren\/#breadcrumb\",\"itemListElement\":[{\"@type\":\"ListItem\",\"position\":1,\"name\":\"Home\",\"item\":\"https:\/\/www.miomiorun.com\/de\/\"},{\"@type\":\"ListItem\",\"position\":2,\"name\":\"Shop\",\"item\":\"https:\/\/www.miomiorun.com\/shop\/\"},{\"@type\":\"ListItem\",\"position\":3,\"name\":\"Cloud Vest herren\"}]},{\"@type\":\"WebSite\",\"@id\":\"https:\/\/www.miomiorun.com\/de\/#website\",\"url\":\"https:\/\/www.miomiorun.com\/de\/\",\"name\":\"MioMioRun\",\"description\":\"100% Lauf- und Trailshop\",\"publisher\":{\"@id\":\"https:\/\/www.miomiorun.com\/de\/#organization\"},\"potentialAction\":[{\"@type\":\"SearchAction\",\"target\":{\"@type\":\"EntryPoint\",\"urlTemplate\":\"https:\/\/www.miomiorun.com\/de\/?s={search_term_string}\"},\"query-input\":{\"@type\":\"PropertyValueSpecification\",\"valueRequired\":true,\"valueName\":\"search_term_string\"}}],\"inLanguage\":\"de-DE\"},{\"@type\":\"Organization\",\"@id\":\"https:\/\/www.miomiorun.com\/de\/#organization\",\"name\":\"MioMio Run\",\"url\":\"https:\/\/www.miomiorun.com\/de\/\",\"logo\":{\"@type\":\"ImageObject\",\"inLanguage\":\"de-DE\",\"@id\":\"https:\/\/www.miomiorun.com\/de\/#\/schema\/logo\/image\/\",\"url\":\"https:\/\/www.miomiorun.com\/app\/uploads\/2019\/12\/logomio.png\",\"contentUrl\":\"https:\/\/www.miomiorun.com\/app\/uploads\/2019\/12\/logomio.png\",\"width\":115,\"height\":82,\"caption\":\"MioMio Run\"},\"image\":{\"@id\":\"https:\/\/www.miomiorun.com\/de\/#\/schema\/logo\/image\/\"},\"sameAs\":[\"https:\/\/www.facebook.com\/miomiorun\/\",\"https:\/\/www.instagram.com\/miomiorun\/\"]}]}<\/script>\n<!-- \/ Yoast SEO plugin. -->","yoast_head_json":{"title":"La Sportiva Cloud Vest herren - Gilet laufend - MioMioRun.com","description":"Die Men's Cloud Vest ist eine thermische und atmungsaktive Hybridschicht, die sich perfekt als zweite Schicht f\u00fcr aerobe Aktivit\u00e4ten","robots":{"index":"index","follow":"follow","max-snippet":"max-snippet:-1","max-image-preview":"max-image-preview:large","max-video-preview":"max-video-preview:-1"},"canonical":"https:\/\/www.miomiorun.com\/de\/produkt\/cloud-vest-herren\/","og_locale":"de_DE","og_type":"article","og_title":"La Sportiva Cloud Vest herren - Gilet laufend - MioMioRun.com","og_description":"Die Men's Cloud Vest ist eine thermische und atmungsaktive Hybridschicht, die sich perfekt als zweite Schicht f\u00fcr aerobe Aktivit\u00e4ten","og_url":"https:\/\/www.miomiorun.com\/de\/produkt\/cloud-vest-herren\/","og_site_name":"MioMioRun","article_publisher":"https:\/\/www.facebook.com\/miomiorun\/","article_modified_time":"2026-05-08T19:08:43+00:00","og_image":[{"width":600,"height":600,"url":"https:\/\/www.miomiorun.com\/app\/uploads\/2021\/10\/la-sportiva-cloud-vest-P05629630.jpg","type":"image\/jpeg"}],"twitter_card":"summary_large_image","twitter_misc":{"Est. reading time":"3 minutes"},"schema":{"@context":"https:\/\/schema.org","@graph":[{"@type":"WebPage","@id":"https:\/\/www.miomiorun.com\/de\/produkt\/cloud-vest-herren\/","url":"https:\/\/www.miomiorun.com\/de\/produkt\/cloud-vest-herren\/","name":"La Sportiva Cloud Vest herren - Gilet laufend - MioMioRun.com","isPartOf":{"@id":"https:\/\/www.miomiorun.com\/de\/#website"},"primaryImageOfPage":{"@id":"https:\/\/www.miomiorun.com\/de\/produkt\/cloud-vest-herren\/#primaryimage"},"image":{"@id":"https:\/\/www.miomiorun.com\/de\/produkt\/cloud-vest-herren\/#primaryimage"},"thumbnailUrl":"https:\/\/www.miomiorun.com\/app\/uploads\/2021\/10\/la-sportiva-cloud-vest-P05629630.jpg","datePublished":"2021-10-12T13:37:09+00:00","dateModified":"2026-05-08T19:08:43+00:00","description":"Die Men's Cloud Vest ist eine thermische und atmungsaktive Hybridschicht, die sich perfekt als zweite Schicht f\u00fcr aerobe Aktivit\u00e4ten","breadcrumb":{"@id":"https:\/\/www.miomiorun.com\/de\/produkt\/cloud-vest-herren\/#breadcrumb"},"inLanguage":"de-DE","potentialAction":[{"@type":"ReadAction","target":["https:\/\/www.miomiorun.com\/de\/produkt\/cloud-vest-herren\/"]}]},{"@type":"ImageObject","inLanguage":"de-DE","@id":"https:\/\/www.miomiorun.com\/de\/produkt\/cloud-vest-herren\/#primaryimage","url":"https:\/\/www.miomiorun.com\/app\/uploads\/2021\/10\/la-sportiva-cloud-vest-P05629630.jpg","contentUrl":"https:\/\/www.miomiorun.com\/app\/uploads\/2021\/10\/la-sportiva-cloud-vest-P05629630.jpg","width":600,"height":600,"caption":"la sportiva cloud vest"},{"@type":"BreadcrumbList","@id":"https:\/\/www.miomiorun.com\/de\/produkt\/cloud-vest-herren\/#breadcrumb","itemListElement":[{"@type":"ListItem","position":1,"name":"Home","item":"https:\/\/www.miomiorun.com\/de\/"},{"@type":"ListItem","position":2,"name":"Shop","item":"https:\/\/www.miomiorun.com\/shop\/"},{"@type":"ListItem","position":3,"name":"Cloud Vest herren"}]},{"@type":"WebSite","@id":"https:\/\/www.miomiorun.com\/de\/#website","url":"https:\/\/www.miomiorun.com\/de\/","name":"MioMioRun","description":"100% Lauf- und Trailshop","publisher":{"@id":"https:\/\/www.miomiorun.com\/de\/#organization"},"potentialAction":[{"@type":"SearchAction","target":{"@type":"EntryPoint","urlTemplate":"https:\/\/www.miomiorun.com\/de\/?s={search_term_string}"},"query-input":{"@type":"PropertyValueSpecification","valueRequired":true,"valueName":"search_term_string"}}],"inLanguage":"de-DE"},{"@type":"Organization","@id":"https:\/\/www.miomiorun.com\/de\/#organization","name":"MioMio Run","url":"https:\/\/www.miomiorun.com\/de\/","logo":{"@type":"ImageObject","inLanguage":"de-DE","@id":"https:\/\/www.miomiorun.com\/de\/#\/schema\/logo\/image\/","url":"https:\/\/www.miomiorun.com\/app\/uploads\/2019\/12\/logomio.png","contentUrl":"https:\/\/www.miomiorun.com\/app\/uploads\/2019\/12\/logomio.png","width":115,"height":82,"caption":"MioMio Run"},"image":{"@id":"https:\/\/www.miomiorun.com\/de\/#\/schema\/logo\/image\/"},"sameAs":["https:\/\/www.facebook.com\/miomiorun\/","https:\/\/www.instagram.com\/miomiorun\/"]}]}},"_links":{"self":[{"href":"https:\/\/www.miomiorun.com\/de\/wp-json\/wp\/v2\/product\/88608","targetHints":{"allow":["GET"]}}],"collection":[{"href":"https:\/\/www.miomiorun.com\/de\/wp-json\/wp\/v2\/product"}],"about":[{"href":"https:\/\/www.miomiorun.com\/de\/wp-json\/wp\/v2\/types\/product"}],"wp:featuredmedia":[{"embeddable":true,"href":"https:\/\/www.miomiorun.com\/de\/wp-json\/wp\/v2\/media\/58896"}],"wp:attachment":[{"href":"https:\/\/www.miomiorun.com\/de\/wp-json\/wp\/v2\/media?parent=88608"}],"wp:term":[{"taxonomy":"product_brand","embeddable":true,"href":"https:\/\/www.miomiorun.com\/de\/wp-json\/wp\/v2\/product_brand?post=88608"},{"taxonomy":"product_cat","embeddable":true,"href":"https:\/\/www.miomiorun.com\/de\/wp-json\/wp\/v2\/product_cat?post=88608"},{"taxonomy":"product_tag","embeddable":true,"href":"https:\/\/www.miomiorun.com\/de\/wp-json\/wp\/v2\/product_tag?post=88608"}],"curies":[{"name":"wp","href":"https:\/\/api.w.org\/{rel}","templated":true}]}}