{"id":88580,"date":"2022-03-05T10:21:11","date_gmt":"2022-03-05T09:21:11","guid":{"rendered":"https:\/\/miomiorun.com\/prodotto\/la-sportiva-briza-windbreaker-jkt-donna\/"},"modified":"2022-11-07T18:57:58","modified_gmt":"2022-11-07T17:57:58","slug":"briza-windbreaker-jkt-damen","status":"publish","type":"product","link":"https:\/\/www.miomiorun.com\/de\/produkt\/briza-windbreaker-jkt-damen\/","title":{"rendered":"Briza Windbreaker JKT damen"},"content":{"rendered":"<p>Die<strong> Briza Windbreaker Jacket<\/strong> ist eine leichte und komprimierbare Schutzschicht gegen Regen und Wind bei einem Gesamtgewicht von nur 100 Gramm. Die Jacke ist dank des Netzeinsatzes am R\u00fccken noch atmungsaktiver und dank der zentralen R\u00fcckentasche, in der die Kapuze verstaut werden kann, wenn sie nicht gebraucht wird, vielseitig einsetzbar.<\/p>\n<p><strong>Merkmale:<\/strong><\/p>\n<ul>\n<li>Mesh-Taschen<\/li>\n<li>Front-Rei\u00dfverschluss<\/li>\n<li>Winddicht<\/li>\n<li>Wasserabweisend<\/li>\n<li>Mesh-Eins\u00e4tze am R\u00fccken f\u00fcr verbesserte Atmungsaktivit\u00e4t<\/li>\n<li>Packbar<\/li>\n<li>Integrierte ergonomische Haube<\/li>\n<li>Vereinfachte und saubere Bauweise<\/li>\n<\/ul>\n<p><img decoding=\"async\" class=\"img-responsive margin-bottom-sm\" src=\"https:\/\/www.lasportiva.com\/media\/techinfo_icons\/Breathability_75x75.png\" \/><\/p>\n<p><strong>Atmungsaktivit\u00e4t:<\/strong><br \/>\nHochgradig atmungsaktive Produkte f\u00fcr optimalen Klimakomfort.<\/p>\n<p><img loading=\"lazy\" decoding=\"async\" class=\" lazyloaded\" src=\"https:\/\/www.lasportiva.com\/media\/techinfo_icons\/slim-fit.png\" alt=\"La Sportiva\" width=\"75\" height=\"75\" data-src=\"https:\/\/www.lasportiva.com\/media\/techinfo_icons\/slim-fit.png\" \/><\/p>\n<p><strong>Schlanke Passform:<\/strong><br \/>\nSehr enge Passform f\u00fcr maximale Rennleistung<\/p>\n<p><img decoding=\"async\" class=\"img-responsive margin-bottom-sm\" src=\"https:\/\/www.lasportiva.com\/media\/techinfo_icons\/Lightweight_75x75.png\" \/><\/p>\n<p><strong>Leichtigkeit:<\/strong><br \/>\nProdukte, die das Gewicht auf ein Minimum reduzieren<\/p>\n<p><img decoding=\"async\" class=\"img-responsive margin-bottom-sm\" src=\"https:\/\/www.lasportiva.com\/media\/techinfo_icons\/Wind-stop_75x75.png\" \/><\/p>\n<p><strong>Windstopp:<\/strong><br \/>\nKleidungsst\u00fccke aus winddichten Materialien<\/p>\n<p><img decoding=\"async\" class=\"img-responsive margin-bottom-sm\" src=\"https:\/\/www.lasportiva.com\/media\/techinfo_icons\/L5_75x75.png\" \/><\/p>\n<p><strong>L5 &#8211; HARTE SCHALE<\/strong><br \/>\n\u00c4u\u00dfere H\u00fclle zum Schutz vor Wind, Regen und Schnee. Eine echte Barriere gegen Witterungseinfl\u00fcsse bei gleichzeitiger F\u00f6rderung der Atmungsaktivit\u00e4t dank der verwendeten Materialien und Membranen.<\/p>\n<p><strong>Passform :<\/strong> Schlank<br \/>\nMaterialien: Hauptteil: (SPL07) 100% PA &#8211; Eins\u00e4tze: (MSH28) 75% PL Recycelt, 25% PL<br \/>\n<strong>Gewicht :<\/strong> 83 g (S)<\/p>\n<p>&nbsp;<\/p>\n","protected":false},"excerpt":{"rendered":"<p>Die Briza Windbreaker Jacket ist eine leichte und komprimierbare Schutzschicht gegen Regen und Wind bei einem Gesamtgewicht von nur 100 Gramm. Die Jacke ist dank des Netzeinsatzes am R\u00fccken noch atmungsaktiver und dank der zentralen R\u00fcckentasche, in der die Kapuze verstaut werden kann, wenn sie nicht gebraucht wird, vielseitig einsetzbar. Merkmale: Mesh-Taschen Front-Rei\u00dfverschluss Winddicht Wasserabweisend &hellip; <a href=\"https:\/\/www.miomiorun.com\/de\/produkt\/briza-windbreaker-jkt-damen\/\">Continued<\/a><\/p>\n","protected":false},"featured_media":62681,"template":"","meta":{"_acf_changed":false,"inline_featured_image":false},"product_brand":[],"product_cat":[6400,6401,6404],"product_tag":[6248,6220],"class_list":{"0":"post-88580","1":"product","2":"type-product","3":"status-publish","4":"has-post-thumbnail","6":"product_cat-damen","7":"product_cat-damenbekleidung","8":"product_cat-damenjacken","9":"product_tag-la-sportiva-de","10":"product_tag-la-sportiva-damen-de","11":"pa_attivita-outdoor-de","12":"pa_attivita-trail-de","13":"pa_colore-briza-windbreaker-jkt-w-malibu-blue-hibi-de","14":"pa_marca-la-sportiva-de","15":"pa_sesso-damen","16":"pa_size-extra-small-de","18":"first","19":"instock","20":"sale","21":"taxable","22":"shipping-taxable","23":"purchasable","24":"product-type-variable","25":"wvs-archive-product-wrapper"},"acf":[],"yoast_head":"<!-- This site is optimized with the Yoast SEO plugin v26.8 - https:\/\/yoast.com\/product\/yoast-seo-wordpress\/ -->\n<title>La Sportiva Briza Windbreaker JKT damen - MioMioRun.com<\/title>\n<meta name=\"description\" content=\"Als leichte und komprimierbare Schutzschicht bietet die Briza Windbreaker Jacket mit nur 100 Gramm eine L\u00f6sung gegen Regen und Wind.\" \/>\n<meta name=\"robots\" content=\"index, follow, max-snippet:-1, max-image-preview:large, max-video-preview:-1\" \/>\n<link rel=\"canonical\" href=\"https:\/\/www.miomiorun.com\/de\/produkt\/briza-windbreaker-jkt-damen\/\" \/>\n<meta property=\"og:locale\" content=\"de_DE\" \/>\n<meta property=\"og:type\" content=\"article\" \/>\n<meta property=\"og:title\" content=\"La Sportiva Briza Windbreaker JKT damen - MioMioRun.com\" \/>\n<meta property=\"og:description\" content=\"Als leichte und komprimierbare Schutzschicht bietet die Briza Windbreaker Jacket mit nur 100 Gramm eine L\u00f6sung gegen Regen und Wind.\" \/>\n<meta property=\"og:url\" content=\"https:\/\/www.miomiorun.com\/de\/produkt\/briza-windbreaker-jkt-damen\/\" \/>\n<meta property=\"og:site_name\" content=\"MioMioRun\" \/>\n<meta property=\"article:publisher\" content=\"https:\/\/www.facebook.com\/miomiorun\/\" \/>\n<meta property=\"article:modified_time\" content=\"2022-11-07T17:57:58+00:00\" \/>\n<meta property=\"og:image\" content=\"https:\/\/www.miomiorun.com\/app\/uploads\/2022\/03\/la-sportiva-Briza-windbreaker-jkt-Q09602402.jpg\" \/>\n\t<meta property=\"og:image:width\" content=\"600\" \/>\n\t<meta property=\"og:image:height\" content=\"600\" \/>\n\t<meta property=\"og:image:type\" content=\"image\/jpeg\" \/>\n<meta name=\"twitter:card\" content=\"summary_large_image\" \/>\n<meta name=\"twitter:label1\" content=\"Est. reading time\" \/>\n\t<meta name=\"twitter:data1\" content=\"2 minutes\" \/>\n<script type=\"application\/ld+json\" class=\"yoast-schema-graph\">{\"@context\":\"https:\/\/schema.org\",\"@graph\":[{\"@type\":\"WebPage\",\"@id\":\"https:\/\/www.miomiorun.com\/de\/produkt\/briza-windbreaker-jkt-damen\/\",\"url\":\"https:\/\/www.miomiorun.com\/de\/produkt\/briza-windbreaker-jkt-damen\/\",\"name\":\"La Sportiva Briza Windbreaker JKT damen - MioMioRun.com\",\"isPartOf\":{\"@id\":\"https:\/\/www.miomiorun.com\/de\/#website\"},\"primaryImageOfPage\":{\"@id\":\"https:\/\/www.miomiorun.com\/de\/produkt\/briza-windbreaker-jkt-damen\/#primaryimage\"},\"image\":{\"@id\":\"https:\/\/www.miomiorun.com\/de\/produkt\/briza-windbreaker-jkt-damen\/#primaryimage\"},\"thumbnailUrl\":\"https:\/\/www.miomiorun.com\/app\/uploads\/2022\/03\/la-sportiva-Briza-windbreaker-jkt-Q09602402.jpg\",\"datePublished\":\"2022-03-05T09:21:11+00:00\",\"dateModified\":\"2022-11-07T17:57:58+00:00\",\"description\":\"Als leichte und komprimierbare Schutzschicht bietet die Briza Windbreaker Jacket mit nur 100 Gramm eine L\u00f6sung gegen Regen und Wind.\",\"breadcrumb\":{\"@id\":\"https:\/\/www.miomiorun.com\/de\/produkt\/briza-windbreaker-jkt-damen\/#breadcrumb\"},\"inLanguage\":\"de-DE\",\"potentialAction\":[{\"@type\":\"ReadAction\",\"target\":[\"https:\/\/www.miomiorun.com\/de\/produkt\/briza-windbreaker-jkt-damen\/\"]}]},{\"@type\":\"ImageObject\",\"inLanguage\":\"de-DE\",\"@id\":\"https:\/\/www.miomiorun.com\/de\/produkt\/briza-windbreaker-jkt-damen\/#primaryimage\",\"url\":\"https:\/\/www.miomiorun.com\/app\/uploads\/2022\/03\/la-sportiva-Briza-windbreaker-jkt-Q09602402.jpg\",\"contentUrl\":\"https:\/\/www.miomiorun.com\/app\/uploads\/2022\/03\/la-sportiva-Briza-windbreaker-jkt-Q09602402.jpg\",\"width\":600,\"height\":600,\"caption\":\"la-sportiva-Briza-windbreaker-jkt-Q09602402\"},{\"@type\":\"BreadcrumbList\",\"@id\":\"https:\/\/www.miomiorun.com\/de\/produkt\/briza-windbreaker-jkt-damen\/#breadcrumb\",\"itemListElement\":[{\"@type\":\"ListItem\",\"position\":1,\"name\":\"Home\",\"item\":\"https:\/\/www.miomiorun.com\/de\/\"},{\"@type\":\"ListItem\",\"position\":2,\"name\":\"Shop\",\"item\":\"https:\/\/www.miomiorun.com\/shop\/\"},{\"@type\":\"ListItem\",\"position\":3,\"name\":\"Briza Windbreaker JKT damen\"}]},{\"@type\":\"WebSite\",\"@id\":\"https:\/\/www.miomiorun.com\/de\/#website\",\"url\":\"https:\/\/www.miomiorun.com\/de\/\",\"name\":\"MioMioRun\",\"description\":\"100% Lauf- und Trailshop\",\"publisher\":{\"@id\":\"https:\/\/www.miomiorun.com\/de\/#organization\"},\"potentialAction\":[{\"@type\":\"SearchAction\",\"target\":{\"@type\":\"EntryPoint\",\"urlTemplate\":\"https:\/\/www.miomiorun.com\/de\/?s={search_term_string}\"},\"query-input\":{\"@type\":\"PropertyValueSpecification\",\"valueRequired\":true,\"valueName\":\"search_term_string\"}}],\"inLanguage\":\"de-DE\"},{\"@type\":\"Organization\",\"@id\":\"https:\/\/www.miomiorun.com\/de\/#organization\",\"name\":\"MioMio Run\",\"url\":\"https:\/\/www.miomiorun.com\/de\/\",\"logo\":{\"@type\":\"ImageObject\",\"inLanguage\":\"de-DE\",\"@id\":\"https:\/\/www.miomiorun.com\/de\/#\/schema\/logo\/image\/\",\"url\":\"https:\/\/www.miomiorun.com\/app\/uploads\/2019\/12\/logomio.png\",\"contentUrl\":\"https:\/\/www.miomiorun.com\/app\/uploads\/2019\/12\/logomio.png\",\"width\":115,\"height\":82,\"caption\":\"MioMio Run\"},\"image\":{\"@id\":\"https:\/\/www.miomiorun.com\/de\/#\/schema\/logo\/image\/\"},\"sameAs\":[\"https:\/\/www.facebook.com\/miomiorun\/\",\"https:\/\/www.instagram.com\/miomiorun\/\"]}]}<\/script>\n<!-- \/ Yoast SEO plugin. -->","yoast_head_json":{"title":"La Sportiva Briza Windbreaker JKT damen - MioMioRun.com","description":"Als leichte und komprimierbare Schutzschicht bietet die Briza Windbreaker Jacket mit nur 100 Gramm eine L\u00f6sung gegen Regen und Wind.","robots":{"index":"index","follow":"follow","max-snippet":"max-snippet:-1","max-image-preview":"max-image-preview:large","max-video-preview":"max-video-preview:-1"},"canonical":"https:\/\/www.miomiorun.com\/de\/produkt\/briza-windbreaker-jkt-damen\/","og_locale":"de_DE","og_type":"article","og_title":"La Sportiva Briza Windbreaker JKT damen - MioMioRun.com","og_description":"Als leichte und komprimierbare Schutzschicht bietet die Briza Windbreaker Jacket mit nur 100 Gramm eine L\u00f6sung gegen Regen und Wind.","og_url":"https:\/\/www.miomiorun.com\/de\/produkt\/briza-windbreaker-jkt-damen\/","og_site_name":"MioMioRun","article_publisher":"https:\/\/www.facebook.com\/miomiorun\/","article_modified_time":"2022-11-07T17:57:58+00:00","og_image":[{"width":600,"height":600,"url":"https:\/\/www.miomiorun.com\/app\/uploads\/2022\/03\/la-sportiva-Briza-windbreaker-jkt-Q09602402.jpg","type":"image\/jpeg"}],"twitter_card":"summary_large_image","twitter_misc":{"Est. reading time":"2 minutes"},"schema":{"@context":"https:\/\/schema.org","@graph":[{"@type":"WebPage","@id":"https:\/\/www.miomiorun.com\/de\/produkt\/briza-windbreaker-jkt-damen\/","url":"https:\/\/www.miomiorun.com\/de\/produkt\/briza-windbreaker-jkt-damen\/","name":"La Sportiva Briza Windbreaker JKT damen - MioMioRun.com","isPartOf":{"@id":"https:\/\/www.miomiorun.com\/de\/#website"},"primaryImageOfPage":{"@id":"https:\/\/www.miomiorun.com\/de\/produkt\/briza-windbreaker-jkt-damen\/#primaryimage"},"image":{"@id":"https:\/\/www.miomiorun.com\/de\/produkt\/briza-windbreaker-jkt-damen\/#primaryimage"},"thumbnailUrl":"https:\/\/www.miomiorun.com\/app\/uploads\/2022\/03\/la-sportiva-Briza-windbreaker-jkt-Q09602402.jpg","datePublished":"2022-03-05T09:21:11+00:00","dateModified":"2022-11-07T17:57:58+00:00","description":"Als leichte und komprimierbare Schutzschicht bietet die Briza Windbreaker Jacket mit nur 100 Gramm eine L\u00f6sung gegen Regen und Wind.","breadcrumb":{"@id":"https:\/\/www.miomiorun.com\/de\/produkt\/briza-windbreaker-jkt-damen\/#breadcrumb"},"inLanguage":"de-DE","potentialAction":[{"@type":"ReadAction","target":["https:\/\/www.miomiorun.com\/de\/produkt\/briza-windbreaker-jkt-damen\/"]}]},{"@type":"ImageObject","inLanguage":"de-DE","@id":"https:\/\/www.miomiorun.com\/de\/produkt\/briza-windbreaker-jkt-damen\/#primaryimage","url":"https:\/\/www.miomiorun.com\/app\/uploads\/2022\/03\/la-sportiva-Briza-windbreaker-jkt-Q09602402.jpg","contentUrl":"https:\/\/www.miomiorun.com\/app\/uploads\/2022\/03\/la-sportiva-Briza-windbreaker-jkt-Q09602402.jpg","width":600,"height":600,"caption":"la-sportiva-Briza-windbreaker-jkt-Q09602402"},{"@type":"BreadcrumbList","@id":"https:\/\/www.miomiorun.com\/de\/produkt\/briza-windbreaker-jkt-damen\/#breadcrumb","itemListElement":[{"@type":"ListItem","position":1,"name":"Home","item":"https:\/\/www.miomiorun.com\/de\/"},{"@type":"ListItem","position":2,"name":"Shop","item":"https:\/\/www.miomiorun.com\/shop\/"},{"@type":"ListItem","position":3,"name":"Briza Windbreaker JKT damen"}]},{"@type":"WebSite","@id":"https:\/\/www.miomiorun.com\/de\/#website","url":"https:\/\/www.miomiorun.com\/de\/","name":"MioMioRun","description":"100% Lauf- und Trailshop","publisher":{"@id":"https:\/\/www.miomiorun.com\/de\/#organization"},"potentialAction":[{"@type":"SearchAction","target":{"@type":"EntryPoint","urlTemplate":"https:\/\/www.miomiorun.com\/de\/?s={search_term_string}"},"query-input":{"@type":"PropertyValueSpecification","valueRequired":true,"valueName":"search_term_string"}}],"inLanguage":"de-DE"},{"@type":"Organization","@id":"https:\/\/www.miomiorun.com\/de\/#organization","name":"MioMio Run","url":"https:\/\/www.miomiorun.com\/de\/","logo":{"@type":"ImageObject","inLanguage":"de-DE","@id":"https:\/\/www.miomiorun.com\/de\/#\/schema\/logo\/image\/","url":"https:\/\/www.miomiorun.com\/app\/uploads\/2019\/12\/logomio.png","contentUrl":"https:\/\/www.miomiorun.com\/app\/uploads\/2019\/12\/logomio.png","width":115,"height":82,"caption":"MioMio Run"},"image":{"@id":"https:\/\/www.miomiorun.com\/de\/#\/schema\/logo\/image\/"},"sameAs":["https:\/\/www.facebook.com\/miomiorun\/","https:\/\/www.instagram.com\/miomiorun\/"]}]}},"_links":{"self":[{"href":"https:\/\/www.miomiorun.com\/de\/wp-json\/wp\/v2\/product\/88580","targetHints":{"allow":["GET"]}}],"collection":[{"href":"https:\/\/www.miomiorun.com\/de\/wp-json\/wp\/v2\/product"}],"about":[{"href":"https:\/\/www.miomiorun.com\/de\/wp-json\/wp\/v2\/types\/product"}],"wp:featuredmedia":[{"embeddable":true,"href":"https:\/\/www.miomiorun.com\/de\/wp-json\/wp\/v2\/media\/62681"}],"wp:attachment":[{"href":"https:\/\/www.miomiorun.com\/de\/wp-json\/wp\/v2\/media?parent=88580"}],"wp:term":[{"taxonomy":"product_brand","embeddable":true,"href":"https:\/\/www.miomiorun.com\/de\/wp-json\/wp\/v2\/product_brand?post=88580"},{"taxonomy":"product_cat","embeddable":true,"href":"https:\/\/www.miomiorun.com\/de\/wp-json\/wp\/v2\/product_cat?post=88580"},{"taxonomy":"product_tag","embeddable":true,"href":"https:\/\/www.miomiorun.com\/de\/wp-json\/wp\/v2\/product_tag?post=88580"}],"curies":[{"name":"wp","href":"https:\/\/api.w.org\/{rel}","templated":true}]}}