{"id":88551,"date":"2022-09-17T17:14:53","date_gmt":"2022-09-17T15:14:53","guid":{"rendered":"https:\/\/miomiorun.com\/prodotto\/koro-jkt-donna\/"},"modified":"2024-08-22T09:50:24","modified_gmt":"2024-08-22T07:50:24","slug":"koro-jkt-damen","status":"publish","type":"product","link":"https:\/\/www.miomiorun.com\/de\/produkt\/koro-jkt-damen\/","title":{"rendered":"Koro JKT damen"},"content":{"rendered":"<p>Die<strong> Koro-Jacke<\/strong> in der Damenversion wurde f\u00fcr winterliche L\u00e4ufe in den Bergen entwickelt und kombiniert ein leichtes, winddichtes Material mit einer Primaloft\u00aeThermoplume-Wattierung.<\/p>\n<p>W\u00e4rme, Bewegungsfreiheit und Atmungsaktivit\u00e4t sind die Hauptmerkmale der neuen Koro Jacket.<\/p>\n<p>&nbsp;<\/p>\n<p><img decoding=\"async\" class=\"img-responsive margin-bottom-sm\" src=\"https:\/\/www.lasportiva.com\/media\/techinfo_icons\/Breathability_75x75.png\" \/><\/p>\n<p><strong>Atmungsaktivit\u00e4t:<\/strong><br \/>\nHochgradig atmungsaktive Produkte f\u00fcr optimalen Klimakomfort.<\/p>\n<p><img decoding=\"async\" class=\"img-responsive margin-bottom-sm\" src=\"https:\/\/www.lasportiva.com\/media\/techinfo_icons\/Stretch_75x75.png\" \/><\/p>\n<p><strong>Elastizit\u00e4t:<\/strong><br \/>\nBequeme und reaktionsschnelle Kleidungsst\u00fccke, die maximale Bewegungsfreiheit garantieren.<\/p>\n<p><img loading=\"lazy\" decoding=\"async\" class=\" ls-is-cached lazyloaded\" src=\"https:\/\/www.lasportiva.com\/media\/techinfo_icons\/slim-fit.png\" alt=\"La Sportiva\" width=\"75\" height=\"75\" data-src=\"https:\/\/www.lasportiva.com\/media\/techinfo_icons\/slim-fit.png\" \/><\/p>\n<p><strong>Schlanke Passform:<\/strong><br \/>\nSehr enge Passform f\u00fcr maximale Rennleistung<\/p>\n<p><img decoding=\"async\" class=\"img-responsive margin-bottom-sm\" src=\"https:\/\/www.lasportiva.com\/media\/techinfo_icons\/Lightweight_75x75.png\" \/><\/p>\n<p><strong>Leichtigkeit:<\/strong><br \/>\nProdukte, die das Gewicht auf ein Minimum reduzieren<\/p>\n<p><img decoding=\"async\" class=\"img-responsive margin-bottom-sm\" src=\"https:\/\/www.lasportiva.com\/media\/techinfo_icons\/Insulation_75x75.png\" \/><\/p>\n<p><strong>W\u00e4rmed\u00e4mmung:<\/strong><br \/>\nProdukte, die bei niedrigen Temperaturen verwendet werden k\u00f6nnen.<\/p>\n<p><img loading=\"lazy\" decoding=\"async\" src=\"https:\/\/www.lasportiva.com\/media\/PRIMALOFTsilver_pop-up_600x300_1.png\" alt=\"\" width=\"476\" height=\"238\" \/><\/p>\n<p><strong>PrimaLoft\u00ae<\/strong> Silver Insulation &#8211; 100% PCR wurde vollst\u00e4ndig aus recycelten Materialien hergestellt, um ein leistungsstarkes, umweltfreundliches Isoliermaterial zu schaffen. Seine Fasern, die feiner als Kaschmir sind, bilden Millionen von Lufteinschl\u00fcssen, die Sie warm halten, wenn die Temperaturen sinken, w\u00e4hrend eine wasserabweisende Behandlung den Komfort auch bei hoher Luftfeuchtigkeit aufrechterh\u00e4lt. PrimaLoft\u00ae Silver Insulation &#8211; 100% PCR ist eine leichte und hoch komprimierbare, umweltfreundliche und leistungsstarke Isolierung.<\/p>\n<p><img decoding=\"async\" class=\"img-responsive margin-bottom-sm\" src=\"https:\/\/www.lasportiva.com\/media\/techinfo_icons\/Wind-stop_75x75.png\" \/><\/p>\n<p><strong>Windstopp:<\/strong><br \/>\nKleidungsst\u00fccke aus winddichten Materialien<\/p>\n<p><img loading=\"lazy\" decoding=\"async\" class=\" ls-is-cached lazyloaded\" src=\"https:\/\/www.lasportiva.com\/media\/techinfo_icons\/l\/3\/l3.png\" alt=\"La Sportiva\" width=\"75\" height=\"75\" data-src=\"https:\/\/www.lasportiva.com\/media\/techinfo_icons\/l\/3\/l3.png\" \/><\/p>\n<p><img decoding=\"async\" src=\"https:\/\/www.lasportiva.com\/media\/RECYCLEDfabric_insulation_Icone_75x75_2.png\" alt=\"\" \/><\/p>\n<p>La Sportiva stellt seit 1928 am Fu\u00dfe der Dolomiten Produkte f\u00fcr die Berge her und achtet deshalb auf jedes Detail, das einen Unterschied f\u00fcr die Umwelt machen kann. Mit den RECYCLED FABRIC &amp; INSULATIONS-Logos haben wir umweltvertr\u00e4gliche Produkte gekennzeichnet, bei denen dank unserer Herstellungs- und Konstruktionsentscheidungen Materialien verwendet werden, die aus der Wiederverwendung von Kunststoffen stammen, und die es dem Verbraucher erm\u00f6glichen, einen umweltbewussten und respektvollen Kauf zu t\u00e4tigen.<\/p>\n<p><strong>RECYCELTER STOFF<\/strong><br \/>\nPolyesterfasern, die aus recycelten Plastikflaschen und in umweltfreundlichen Verfahren hergestellt werden.<br \/>\n&#8211; Kleidungsst\u00fccke aus RECYCLED FABRIC tragen zur Verringerung der Umweltbelastung bei<br \/>\n&#8211; Alle Petrochemikalien wurden durch recycelte Plastikflaschen ersetzt.<br \/>\n&#8211; Der Produktionsprozess von recycelten Fasern reduziert die CO2-Emissionen in die Atmosph\u00e4re um ca. 54% &#8211; Langfristige Haltbarkeit und Qualit\u00e4t garantiert<\/p>\n<p><strong>RECYCELTE D\u00c4MMUNG<\/strong><br \/>\nOb nat\u00fcrliche oder synthetische Isolierung, La Sportiva bietet jetzt zahlreiche Isolationsl\u00f6sungen aus umweltfreundlichen Materialien.<br \/>\n&#8211; Kleidungsst\u00fccke, die das RECYCLED INSULATION-Logo tragen, tragen zum Schutz der nat\u00fcrlichen Ressourcen und zur Verringerung der Umweltbelastung bei.<br \/>\n&#8211; Die Daunenpolsterung wurde durch die ausschlie\u00dfliche Verwendung von zertifizierten und kontrolliert recycelten Federn ersetzt, um die Kohlendioxidemissionen zu reduzieren<br \/>\n&#8211; Die synthetischen F\u00fcllungen sind aus PRIMALOFT\u00ae Silver ECO: leichter, isolierend und mit verbessertem Komfort und \u00fcberlegener Wasserabweisung<br \/>\n&#8211; Hervorragende Leistung in kalten Umgebungen auch bei l\u00e4ngerem Gebrauch<\/p>\n<p><strong>RECYCELTER STOFF UND ISOLIERUNG<\/strong><br \/>\nBei Produkten, die dieses Logo tragen, werden sowohl f\u00fcr den Au\u00dfenstoff als auch f\u00fcr die Innenpolsterung recycelte und umweltfreundliche Materialien verwendet.<\/p>\n<p>&nbsp;<\/p>\n<p><strong>Materialien:<\/strong><br \/>\n&gt;Vorderteil: WSL07 52% recyceltes Polyamid 48% Polyamid&gt;R\u00fccken, Kapuze, \u00c4rmel, Seitenteile: WSM11 85% recyceltes Polyamid 15% Elastan&gt;Futter am Vorderk\u00f6rper und an den Taschen: WSL03 100%recyceltes Polyamid<br \/>\n<strong>Gewicht:<\/strong><br \/>\n307<br \/>\nPassform:<br \/>\nSLIM<\/p>\n<p>&nbsp;<\/p>\n<div class=\"item-block collapsible-plus active\" role=\"tablist\" data-collapsible=\"true\">\n<div class=\"data item title\" tabindex=\"0\" role=\"tab\" data-role=\"title\" aria-selected=\"true\" aria-expanded=\"true\">\n<h3 id=\"tab-label-plus\" class=\"switch-title\">plus<\/h3>\n<p class=\"switch-title\">+ 2 Rei\u00dfverschlusstaschen<br \/>\n+ 2 Innentaschen<br \/>\n+ Reflektierende Details<br \/>\n+ Druckknopf an der Oberseite der Rei\u00dfverschlussklappe<br \/>\n+ Leichte, wattierte Synthetik-Laufjacke mit durchgehendem Rei\u00dfverschluss<br \/>\n+ Umweltfreundliche Farbstoffe<\/p>\n<\/div>\n<\/div>\n<p>&nbsp;<\/p>\n","protected":false},"excerpt":{"rendered":"<ul>\n<li>Atmungsaktivit\u00e4t<\/li>\n<li>Leichtigkeit<\/li>\n<li>Schlanke Passform<\/li>\n<\/ul>\n","protected":false},"featured_media":86783,"template":"","meta":{"_acf_changed":false,"inline_featured_image":false},"product_brand":[],"product_cat":[6400,6401,6404],"product_tag":[6248,6220],"class_list":{"0":"post-88551","1":"product","2":"type-product","3":"status-publish","4":"has-post-thumbnail","6":"product_cat-damen","7":"product_cat-damenbekleidung","8":"product_cat-damenjacken","9":"product_tag-la-sportiva-de","10":"product_tag-la-sportiva-damen-de","11":"pa_attivita-gehen","12":"pa_attivita-outdoor-de","13":"pa_colore-koro-jkt-w-lagoon-iceberg-de","14":"pa_colore-koro-jkt-w-storm-blue-tea-de","15":"pa_colore-koro-jkt-w-cerise-crystal-de","16":"pa_colore-koro-jkt-w-cerise-lollipop-de","17":"pa_marca-la-sportiva-de","18":"pa_sesso-damen","19":"pa_size-extra-small-de","20":"pa_size-small-de","21":"pa_size-medium-de","22":"pa_size-large-de","24":"first","25":"instock","26":"sale","27":"taxable","28":"shipping-taxable","29":"purchasable","30":"product-type-variable","31":"wvs-archive-product-wrapper"},"acf":[],"yoast_head":"<!-- This site is optimized with the Yoast SEO plugin v26.8 - https:\/\/yoast.com\/product\/yoast-seo-wordpress\/ -->\n<title>La Sportiva Koro JKT damen - Laufjacke MioMioRun.com<\/title>\n<meta name=\"description\" content=\"Die Koro-Jacke in der Damenversion wurde f\u00fcr winterliche L\u00e4ufe in den Bergen entwickelt und kombiniert ein leichtes, winddichtes Material\" \/>\n<meta name=\"robots\" content=\"index, follow, max-snippet:-1, max-image-preview:large, max-video-preview:-1\" \/>\n<link rel=\"canonical\" href=\"https:\/\/www.miomiorun.com\/de\/produkt\/koro-jkt-damen\/\" \/>\n<meta property=\"og:locale\" content=\"de_DE\" \/>\n<meta property=\"og:type\" content=\"article\" \/>\n<meta property=\"og:title\" content=\"La Sportiva Koro JKT damen - Laufjacke MioMioRun.com\" \/>\n<meta property=\"og:description\" content=\"Die Koro-Jacke in der Damenversion wurde f\u00fcr winterliche L\u00e4ufe in den Bergen entwickelt und kombiniert ein leichtes, winddichtes Material\" \/>\n<meta property=\"og:url\" content=\"https:\/\/www.miomiorun.com\/de\/produkt\/koro-jkt-damen\/\" \/>\n<meta property=\"og:site_name\" content=\"MioMioRun\" \/>\n<meta property=\"article:publisher\" content=\"https:\/\/www.facebook.com\/miomiorun\/\" \/>\n<meta property=\"article:modified_time\" content=\"2024-08-22T07:50:24+00:00\" \/>\n<meta property=\"og:image\" content=\"https:\/\/www.miomiorun.com\/app\/uploads\/2022\/09\/la-sportiva-koro-jkt-W-cerise-crystal-Q46409635.jpg\" \/>\n\t<meta property=\"og:image:width\" content=\"600\" \/>\n\t<meta property=\"og:image:height\" content=\"600\" \/>\n\t<meta property=\"og:image:type\" content=\"image\/jpeg\" \/>\n<meta name=\"twitter:card\" content=\"summary_large_image\" \/>\n<meta name=\"twitter:label1\" content=\"Est. reading time\" \/>\n\t<meta name=\"twitter:data1\" content=\"2 minutes\" \/>\n<script type=\"application\/ld+json\" class=\"yoast-schema-graph\">{\"@context\":\"https:\/\/schema.org\",\"@graph\":[{\"@type\":\"WebPage\",\"@id\":\"https:\/\/www.miomiorun.com\/de\/produkt\/koro-jkt-damen\/\",\"url\":\"https:\/\/www.miomiorun.com\/de\/produkt\/koro-jkt-damen\/\",\"name\":\"La Sportiva Koro JKT damen - Laufjacke MioMioRun.com\",\"isPartOf\":{\"@id\":\"https:\/\/www.miomiorun.com\/de\/#website\"},\"primaryImageOfPage\":{\"@id\":\"https:\/\/www.miomiorun.com\/de\/produkt\/koro-jkt-damen\/#primaryimage\"},\"image\":{\"@id\":\"https:\/\/www.miomiorun.com\/de\/produkt\/koro-jkt-damen\/#primaryimage\"},\"thumbnailUrl\":\"https:\/\/www.miomiorun.com\/app\/uploads\/2022\/09\/la-sportiva-koro-jkt-W-cerise-crystal-Q46409635.jpg\",\"datePublished\":\"2022-09-17T15:14:53+00:00\",\"dateModified\":\"2024-08-22T07:50:24+00:00\",\"description\":\"Die Koro-Jacke in der Damenversion wurde f\u00fcr winterliche L\u00e4ufe in den Bergen entwickelt und kombiniert ein leichtes, winddichtes Material\",\"breadcrumb\":{\"@id\":\"https:\/\/www.miomiorun.com\/de\/produkt\/koro-jkt-damen\/#breadcrumb\"},\"inLanguage\":\"de-DE\",\"potentialAction\":[{\"@type\":\"ReadAction\",\"target\":[\"https:\/\/www.miomiorun.com\/de\/produkt\/koro-jkt-damen\/\"]}]},{\"@type\":\"ImageObject\",\"inLanguage\":\"de-DE\",\"@id\":\"https:\/\/www.miomiorun.com\/de\/produkt\/koro-jkt-damen\/#primaryimage\",\"url\":\"https:\/\/www.miomiorun.com\/app\/uploads\/2022\/09\/la-sportiva-koro-jkt-W-cerise-crystal-Q46409635.jpg\",\"contentUrl\":\"https:\/\/www.miomiorun.com\/app\/uploads\/2022\/09\/la-sportiva-koro-jkt-W-cerise-crystal-Q46409635.jpg\",\"width\":600,\"height\":600,\"caption\":\"la-sportiva-koro-jkt-W-cerise-crystal-Q46409635\"},{\"@type\":\"BreadcrumbList\",\"@id\":\"https:\/\/www.miomiorun.com\/de\/produkt\/koro-jkt-damen\/#breadcrumb\",\"itemListElement\":[{\"@type\":\"ListItem\",\"position\":1,\"name\":\"Home\",\"item\":\"https:\/\/www.miomiorun.com\/de\/\"},{\"@type\":\"ListItem\",\"position\":2,\"name\":\"Shop\",\"item\":\"https:\/\/www.miomiorun.com\/shop\/\"},{\"@type\":\"ListItem\",\"position\":3,\"name\":\"Koro JKT damen\"}]},{\"@type\":\"WebSite\",\"@id\":\"https:\/\/www.miomiorun.com\/de\/#website\",\"url\":\"https:\/\/www.miomiorun.com\/de\/\",\"name\":\"MioMioRun\",\"description\":\"100% Lauf- und Trailshop\",\"publisher\":{\"@id\":\"https:\/\/www.miomiorun.com\/de\/#organization\"},\"potentialAction\":[{\"@type\":\"SearchAction\",\"target\":{\"@type\":\"EntryPoint\",\"urlTemplate\":\"https:\/\/www.miomiorun.com\/de\/?s={search_term_string}\"},\"query-input\":{\"@type\":\"PropertyValueSpecification\",\"valueRequired\":true,\"valueName\":\"search_term_string\"}}],\"inLanguage\":\"de-DE\"},{\"@type\":\"Organization\",\"@id\":\"https:\/\/www.miomiorun.com\/de\/#organization\",\"name\":\"MioMio Run\",\"url\":\"https:\/\/www.miomiorun.com\/de\/\",\"logo\":{\"@type\":\"ImageObject\",\"inLanguage\":\"de-DE\",\"@id\":\"https:\/\/www.miomiorun.com\/de\/#\/schema\/logo\/image\/\",\"url\":\"https:\/\/www.miomiorun.com\/app\/uploads\/2019\/12\/logomio.png\",\"contentUrl\":\"https:\/\/www.miomiorun.com\/app\/uploads\/2019\/12\/logomio.png\",\"width\":115,\"height\":82,\"caption\":\"MioMio Run\"},\"image\":{\"@id\":\"https:\/\/www.miomiorun.com\/de\/#\/schema\/logo\/image\/\"},\"sameAs\":[\"https:\/\/www.facebook.com\/miomiorun\/\",\"https:\/\/www.instagram.com\/miomiorun\/\"]}]}<\/script>\n<!-- \/ Yoast SEO plugin. -->","yoast_head_json":{"title":"La Sportiva Koro JKT damen - Laufjacke MioMioRun.com","description":"Die Koro-Jacke in der Damenversion wurde f\u00fcr winterliche L\u00e4ufe in den Bergen entwickelt und kombiniert ein leichtes, winddichtes Material","robots":{"index":"index","follow":"follow","max-snippet":"max-snippet:-1","max-image-preview":"max-image-preview:large","max-video-preview":"max-video-preview:-1"},"canonical":"https:\/\/www.miomiorun.com\/de\/produkt\/koro-jkt-damen\/","og_locale":"de_DE","og_type":"article","og_title":"La Sportiva Koro JKT damen - Laufjacke MioMioRun.com","og_description":"Die Koro-Jacke in der Damenversion wurde f\u00fcr winterliche L\u00e4ufe in den Bergen entwickelt und kombiniert ein leichtes, winddichtes Material","og_url":"https:\/\/www.miomiorun.com\/de\/produkt\/koro-jkt-damen\/","og_site_name":"MioMioRun","article_publisher":"https:\/\/www.facebook.com\/miomiorun\/","article_modified_time":"2024-08-22T07:50:24+00:00","og_image":[{"width":600,"height":600,"url":"https:\/\/www.miomiorun.com\/app\/uploads\/2022\/09\/la-sportiva-koro-jkt-W-cerise-crystal-Q46409635.jpg","type":"image\/jpeg"}],"twitter_card":"summary_large_image","twitter_misc":{"Est. reading time":"2 minutes"},"schema":{"@context":"https:\/\/schema.org","@graph":[{"@type":"WebPage","@id":"https:\/\/www.miomiorun.com\/de\/produkt\/koro-jkt-damen\/","url":"https:\/\/www.miomiorun.com\/de\/produkt\/koro-jkt-damen\/","name":"La Sportiva Koro JKT damen - Laufjacke MioMioRun.com","isPartOf":{"@id":"https:\/\/www.miomiorun.com\/de\/#website"},"primaryImageOfPage":{"@id":"https:\/\/www.miomiorun.com\/de\/produkt\/koro-jkt-damen\/#primaryimage"},"image":{"@id":"https:\/\/www.miomiorun.com\/de\/produkt\/koro-jkt-damen\/#primaryimage"},"thumbnailUrl":"https:\/\/www.miomiorun.com\/app\/uploads\/2022\/09\/la-sportiva-koro-jkt-W-cerise-crystal-Q46409635.jpg","datePublished":"2022-09-17T15:14:53+00:00","dateModified":"2024-08-22T07:50:24+00:00","description":"Die Koro-Jacke in der Damenversion wurde f\u00fcr winterliche L\u00e4ufe in den Bergen entwickelt und kombiniert ein leichtes, winddichtes Material","breadcrumb":{"@id":"https:\/\/www.miomiorun.com\/de\/produkt\/koro-jkt-damen\/#breadcrumb"},"inLanguage":"de-DE","potentialAction":[{"@type":"ReadAction","target":["https:\/\/www.miomiorun.com\/de\/produkt\/koro-jkt-damen\/"]}]},{"@type":"ImageObject","inLanguage":"de-DE","@id":"https:\/\/www.miomiorun.com\/de\/produkt\/koro-jkt-damen\/#primaryimage","url":"https:\/\/www.miomiorun.com\/app\/uploads\/2022\/09\/la-sportiva-koro-jkt-W-cerise-crystal-Q46409635.jpg","contentUrl":"https:\/\/www.miomiorun.com\/app\/uploads\/2022\/09\/la-sportiva-koro-jkt-W-cerise-crystal-Q46409635.jpg","width":600,"height":600,"caption":"la-sportiva-koro-jkt-W-cerise-crystal-Q46409635"},{"@type":"BreadcrumbList","@id":"https:\/\/www.miomiorun.com\/de\/produkt\/koro-jkt-damen\/#breadcrumb","itemListElement":[{"@type":"ListItem","position":1,"name":"Home","item":"https:\/\/www.miomiorun.com\/de\/"},{"@type":"ListItem","position":2,"name":"Shop","item":"https:\/\/www.miomiorun.com\/shop\/"},{"@type":"ListItem","position":3,"name":"Koro JKT damen"}]},{"@type":"WebSite","@id":"https:\/\/www.miomiorun.com\/de\/#website","url":"https:\/\/www.miomiorun.com\/de\/","name":"MioMioRun","description":"100% Lauf- und Trailshop","publisher":{"@id":"https:\/\/www.miomiorun.com\/de\/#organization"},"potentialAction":[{"@type":"SearchAction","target":{"@type":"EntryPoint","urlTemplate":"https:\/\/www.miomiorun.com\/de\/?s={search_term_string}"},"query-input":{"@type":"PropertyValueSpecification","valueRequired":true,"valueName":"search_term_string"}}],"inLanguage":"de-DE"},{"@type":"Organization","@id":"https:\/\/www.miomiorun.com\/de\/#organization","name":"MioMio Run","url":"https:\/\/www.miomiorun.com\/de\/","logo":{"@type":"ImageObject","inLanguage":"de-DE","@id":"https:\/\/www.miomiorun.com\/de\/#\/schema\/logo\/image\/","url":"https:\/\/www.miomiorun.com\/app\/uploads\/2019\/12\/logomio.png","contentUrl":"https:\/\/www.miomiorun.com\/app\/uploads\/2019\/12\/logomio.png","width":115,"height":82,"caption":"MioMio Run"},"image":{"@id":"https:\/\/www.miomiorun.com\/de\/#\/schema\/logo\/image\/"},"sameAs":["https:\/\/www.facebook.com\/miomiorun\/","https:\/\/www.instagram.com\/miomiorun\/"]}]}},"_links":{"self":[{"href":"https:\/\/www.miomiorun.com\/de\/wp-json\/wp\/v2\/product\/88551","targetHints":{"allow":["GET"]}}],"collection":[{"href":"https:\/\/www.miomiorun.com\/de\/wp-json\/wp\/v2\/product"}],"about":[{"href":"https:\/\/www.miomiorun.com\/de\/wp-json\/wp\/v2\/types\/product"}],"wp:featuredmedia":[{"embeddable":true,"href":"https:\/\/www.miomiorun.com\/de\/wp-json\/wp\/v2\/media\/86783"}],"wp:attachment":[{"href":"https:\/\/www.miomiorun.com\/de\/wp-json\/wp\/v2\/media?parent=88551"}],"wp:term":[{"taxonomy":"product_brand","embeddable":true,"href":"https:\/\/www.miomiorun.com\/de\/wp-json\/wp\/v2\/product_brand?post=88551"},{"taxonomy":"product_cat","embeddable":true,"href":"https:\/\/www.miomiorun.com\/de\/wp-json\/wp\/v2\/product_cat?post=88551"},{"taxonomy":"product_tag","embeddable":true,"href":"https:\/\/www.miomiorun.com\/de\/wp-json\/wp\/v2\/product_tag?post=88551"}],"curies":[{"name":"wp","href":"https:\/\/api.w.org\/{rel}","templated":true}]}}