{"id":88208,"date":"2021-07-09T11:37:57","date_gmt":"2021-07-09T09:37:57","guid":{"rendered":"https:\/\/miomiorun.com\/prodotto\/crazy-idea-fuseaux-light-up-donna\/"},"modified":"2022-10-14T11:36:31","modified_gmt":"2022-10-14T09:36:31","slug":"crazy-idea-fuseaux-light-up-donna","status":"publish","type":"product","link":"https:\/\/www.miomiorun.com\/de\/produkt\/crazy-idea-fuseaux-light-up-donna\/","title":{"rendered":"Fuseaux Light Up damen"},"content":{"rendered":"<p>Die <strong>Women&#8217;s Light Up Fuseaux<\/strong> ist eine ideale Hose f\u00fcr den Winterlauf und das Trailrunning.<br \/>\nQualit\u00e4t, Leidenschaft und Vision sind die Leitlinien des italienischen Stils von Crazy Idea.<br \/>\nJedes Kleidungsst\u00fcck wurde mit dem Rat von Spitzensportlern und Bergprofis entwickelt.<br \/>\nDas Band ist hoch tailliert und der Gummizug hat ein d\u00fcnnes, aber effektives Silikonband, das einen perfekten Sitz garantiert.<\/p>\n<p><strong>Merkmale:<\/strong><\/p>\n<ul>\n<li>nahtloser Oberschenkel<\/li>\n<li>reflektierendes Logo und Eins\u00e4tze<\/li>\n<li>extrem ergonomische Form<\/li>\n<li>bequemer Bund ohne Gummizug<\/li>\n<li>1 Ges\u00e4\u00dftasche<\/li>\n<\/ul>\n","protected":false},"excerpt":{"rendered":"<p>Die Women&#8217;s Light Up Fuseaux ist eine ideale Hose f\u00fcr den Winterlauf und das Trailrunning. Qualit\u00e4t, Leidenschaft und Vision sind die Leitlinien des italienischen Stils von Crazy Idea. Jedes Kleidungsst\u00fcck wurde mit dem Rat von Spitzensportlern und Bergprofis entwickelt. Das Band ist hoch tailliert und der Gummizug hat ein d\u00fcnnes, aber effektives Silikonband, das einen &hellip; <a href=\"https:\/\/www.miomiorun.com\/de\/produkt\/crazy-idea-fuseaux-light-up-donna\/\">Continued<\/a><\/p>\n","protected":false},"featured_media":56701,"template":"","meta":{"_acf_changed":false,"inline_featured_image":false},"product_brand":[],"product_cat":[6492,6495,6494,6503],"product_tag":[3370,6237],"class_list":{"0":"post-88208","1":"product","2":"type-product","3":"status-publish","4":"has-post-thumbnail","6":"product_cat-sale-de","7":"product_cat-sale-damen-de","8":"product_cat-sale-damen-bekleidung-de","9":"product_cat-sale-damen-hosen-de","10":"product_tag-crazy-idea-de","11":"product_tag-crazy-idea-damen-de","12":"pa_attivita-gehen","13":"pa_attivita-running-de","14":"pa_attivita-trail-de","15":"pa_colore-fuseaux-light-up-w17-black-de","16":"pa_marca-crazy-idea-de","17":"pa_sesso-damen","18":"pa_size-large-de","20":"first","21":"instock","22":"sale","23":"taxable","24":"shipping-taxable","25":"purchasable","26":"product-type-variable","27":"wvs-archive-product-wrapper"},"acf":[],"yoast_head":"<!-- This site is optimized with the Yoast SEO plugin v26.8 - https:\/\/yoast.com\/product\/yoast-seo-wordpress\/ -->\n<title>Crazy Idea Fuseaux Light Up damen - lange hosen - MioMioRun<\/title>\n<meta name=\"description\" content=\"Die Women&#039;s Light Up Fuseaux ist eine ideale Hose f\u00fcr den Winterlauf und das Trailrunning.Qualit\u00e4t, Leidenschaft und Vision sind die Leitlinien\" \/>\n<meta name=\"robots\" content=\"index, follow, max-snippet:-1, max-image-preview:large, max-video-preview:-1\" \/>\n<link rel=\"canonical\" href=\"https:\/\/www.miomiorun.com\/de\/produkt\/crazy-idea-fuseaux-light-up-donna\/\" \/>\n<meta property=\"og:locale\" content=\"de_DE\" \/>\n<meta property=\"og:type\" content=\"article\" \/>\n<meta property=\"og:title\" content=\"Crazy Idea Fuseaux Light Up damen - lange hosen - MioMioRun\" \/>\n<meta property=\"og:description\" content=\"Die Women&#039;s Light Up Fuseaux ist eine ideale Hose f\u00fcr den Winterlauf und das Trailrunning.Qualit\u00e4t, Leidenschaft und Vision sind die Leitlinien\" \/>\n<meta property=\"og:url\" content=\"https:\/\/www.miomiorun.com\/de\/produkt\/crazy-idea-fuseaux-light-up-donna\/\" \/>\n<meta property=\"og:site_name\" content=\"MioMioRun\" \/>\n<meta property=\"article:publisher\" content=\"https:\/\/www.facebook.com\/miomiorun\/\" \/>\n<meta property=\"article:modified_time\" content=\"2022-10-14T09:36:31+00:00\" \/>\n<meta property=\"og:image\" content=\"https:\/\/www.miomiorun.com\/app\/uploads\/2021\/07\/crazy-idea-Fuseaux-light-up-W16015101DV1.jpg\" \/>\n\t<meta property=\"og:image:width\" content=\"600\" \/>\n\t<meta property=\"og:image:height\" content=\"600\" \/>\n\t<meta property=\"og:image:type\" content=\"image\/jpeg\" \/>\n<meta name=\"twitter:card\" content=\"summary_large_image\" \/>\n<meta name=\"twitter:label1\" content=\"Est. reading time\" \/>\n\t<meta name=\"twitter:data1\" content=\"1 minute\" \/>\n<script type=\"application\/ld+json\" class=\"yoast-schema-graph\">{\"@context\":\"https:\/\/schema.org\",\"@graph\":[{\"@type\":\"WebPage\",\"@id\":\"https:\/\/www.miomiorun.com\/de\/produkt\/crazy-idea-fuseaux-light-up-donna\/\",\"url\":\"https:\/\/www.miomiorun.com\/de\/produkt\/crazy-idea-fuseaux-light-up-donna\/\",\"name\":\"Crazy Idea Fuseaux Light Up damen - lange hosen - MioMioRun\",\"isPartOf\":{\"@id\":\"https:\/\/www.miomiorun.com\/de\/#website\"},\"primaryImageOfPage\":{\"@id\":\"https:\/\/www.miomiorun.com\/de\/produkt\/crazy-idea-fuseaux-light-up-donna\/#primaryimage\"},\"image\":{\"@id\":\"https:\/\/www.miomiorun.com\/de\/produkt\/crazy-idea-fuseaux-light-up-donna\/#primaryimage\"},\"thumbnailUrl\":\"https:\/\/www.miomiorun.com\/app\/uploads\/2021\/07\/crazy-idea-Fuseaux-light-up-W16015101DV1.jpg\",\"datePublished\":\"2021-07-09T09:37:57+00:00\",\"dateModified\":\"2022-10-14T09:36:31+00:00\",\"description\":\"Die Women's Light Up Fuseaux ist eine ideale Hose f\u00fcr den Winterlauf und das Trailrunning.Qualit\u00e4t, Leidenschaft und Vision sind die Leitlinien\",\"breadcrumb\":{\"@id\":\"https:\/\/www.miomiorun.com\/de\/produkt\/crazy-idea-fuseaux-light-up-donna\/#breadcrumb\"},\"inLanguage\":\"de-DE\",\"potentialAction\":[{\"@type\":\"ReadAction\",\"target\":[\"https:\/\/www.miomiorun.com\/de\/produkt\/crazy-idea-fuseaux-light-up-donna\/\"]}]},{\"@type\":\"ImageObject\",\"inLanguage\":\"de-DE\",\"@id\":\"https:\/\/www.miomiorun.com\/de\/produkt\/crazy-idea-fuseaux-light-up-donna\/#primaryimage\",\"url\":\"https:\/\/www.miomiorun.com\/app\/uploads\/2021\/07\/crazy-idea-Fuseaux-light-up-W16015101DV1.jpg\",\"contentUrl\":\"https:\/\/www.miomiorun.com\/app\/uploads\/2021\/07\/crazy-idea-Fuseaux-light-up-W16015101DV1.jpg\",\"width\":600,\"height\":600,\"caption\":\"crazy idea fuseaux light up\"},{\"@type\":\"BreadcrumbList\",\"@id\":\"https:\/\/www.miomiorun.com\/de\/produkt\/crazy-idea-fuseaux-light-up-donna\/#breadcrumb\",\"itemListElement\":[{\"@type\":\"ListItem\",\"position\":1,\"name\":\"Home\",\"item\":\"https:\/\/www.miomiorun.com\/de\/\"},{\"@type\":\"ListItem\",\"position\":2,\"name\":\"Shop\",\"item\":\"https:\/\/www.miomiorun.com\/shop\/\"},{\"@type\":\"ListItem\",\"position\":3,\"name\":\"Fuseaux Light Up damen\"}]},{\"@type\":\"WebSite\",\"@id\":\"https:\/\/www.miomiorun.com\/de\/#website\",\"url\":\"https:\/\/www.miomiorun.com\/de\/\",\"name\":\"MioMioRun\",\"description\":\"100% Lauf- und Trailshop\",\"publisher\":{\"@id\":\"https:\/\/www.miomiorun.com\/de\/#organization\"},\"potentialAction\":[{\"@type\":\"SearchAction\",\"target\":{\"@type\":\"EntryPoint\",\"urlTemplate\":\"https:\/\/www.miomiorun.com\/de\/?s={search_term_string}\"},\"query-input\":{\"@type\":\"PropertyValueSpecification\",\"valueRequired\":true,\"valueName\":\"search_term_string\"}}],\"inLanguage\":\"de-DE\"},{\"@type\":\"Organization\",\"@id\":\"https:\/\/www.miomiorun.com\/de\/#organization\",\"name\":\"MioMio Run\",\"url\":\"https:\/\/www.miomiorun.com\/de\/\",\"logo\":{\"@type\":\"ImageObject\",\"inLanguage\":\"de-DE\",\"@id\":\"https:\/\/www.miomiorun.com\/de\/#\/schema\/logo\/image\/\",\"url\":\"https:\/\/www.miomiorun.com\/app\/uploads\/2019\/12\/logomio.png\",\"contentUrl\":\"https:\/\/www.miomiorun.com\/app\/uploads\/2019\/12\/logomio.png\",\"width\":115,\"height\":82,\"caption\":\"MioMio Run\"},\"image\":{\"@id\":\"https:\/\/www.miomiorun.com\/de\/#\/schema\/logo\/image\/\"},\"sameAs\":[\"https:\/\/www.facebook.com\/miomiorun\/\",\"https:\/\/www.instagram.com\/miomiorun\/\"]}]}<\/script>\n<!-- \/ Yoast SEO plugin. -->","yoast_head_json":{"title":"Crazy Idea Fuseaux Light Up damen - lange hosen - MioMioRun","description":"Die Women's Light Up Fuseaux ist eine ideale Hose f\u00fcr den Winterlauf und das Trailrunning.Qualit\u00e4t, Leidenschaft und Vision sind die Leitlinien","robots":{"index":"index","follow":"follow","max-snippet":"max-snippet:-1","max-image-preview":"max-image-preview:large","max-video-preview":"max-video-preview:-1"},"canonical":"https:\/\/www.miomiorun.com\/de\/produkt\/crazy-idea-fuseaux-light-up-donna\/","og_locale":"de_DE","og_type":"article","og_title":"Crazy Idea Fuseaux Light Up damen - lange hosen - MioMioRun","og_description":"Die Women's Light Up Fuseaux ist eine ideale Hose f\u00fcr den Winterlauf und das Trailrunning.Qualit\u00e4t, Leidenschaft und Vision sind die Leitlinien","og_url":"https:\/\/www.miomiorun.com\/de\/produkt\/crazy-idea-fuseaux-light-up-donna\/","og_site_name":"MioMioRun","article_publisher":"https:\/\/www.facebook.com\/miomiorun\/","article_modified_time":"2022-10-14T09:36:31+00:00","og_image":[{"width":600,"height":600,"url":"https:\/\/www.miomiorun.com\/app\/uploads\/2021\/07\/crazy-idea-Fuseaux-light-up-W16015101DV1.jpg","type":"image\/jpeg"}],"twitter_card":"summary_large_image","twitter_misc":{"Est. reading time":"1 minute"},"schema":{"@context":"https:\/\/schema.org","@graph":[{"@type":"WebPage","@id":"https:\/\/www.miomiorun.com\/de\/produkt\/crazy-idea-fuseaux-light-up-donna\/","url":"https:\/\/www.miomiorun.com\/de\/produkt\/crazy-idea-fuseaux-light-up-donna\/","name":"Crazy Idea Fuseaux Light Up damen - lange hosen - MioMioRun","isPartOf":{"@id":"https:\/\/www.miomiorun.com\/de\/#website"},"primaryImageOfPage":{"@id":"https:\/\/www.miomiorun.com\/de\/produkt\/crazy-idea-fuseaux-light-up-donna\/#primaryimage"},"image":{"@id":"https:\/\/www.miomiorun.com\/de\/produkt\/crazy-idea-fuseaux-light-up-donna\/#primaryimage"},"thumbnailUrl":"https:\/\/www.miomiorun.com\/app\/uploads\/2021\/07\/crazy-idea-Fuseaux-light-up-W16015101DV1.jpg","datePublished":"2021-07-09T09:37:57+00:00","dateModified":"2022-10-14T09:36:31+00:00","description":"Die Women's Light Up Fuseaux ist eine ideale Hose f\u00fcr den Winterlauf und das Trailrunning.Qualit\u00e4t, Leidenschaft und Vision sind die Leitlinien","breadcrumb":{"@id":"https:\/\/www.miomiorun.com\/de\/produkt\/crazy-idea-fuseaux-light-up-donna\/#breadcrumb"},"inLanguage":"de-DE","potentialAction":[{"@type":"ReadAction","target":["https:\/\/www.miomiorun.com\/de\/produkt\/crazy-idea-fuseaux-light-up-donna\/"]}]},{"@type":"ImageObject","inLanguage":"de-DE","@id":"https:\/\/www.miomiorun.com\/de\/produkt\/crazy-idea-fuseaux-light-up-donna\/#primaryimage","url":"https:\/\/www.miomiorun.com\/app\/uploads\/2021\/07\/crazy-idea-Fuseaux-light-up-W16015101DV1.jpg","contentUrl":"https:\/\/www.miomiorun.com\/app\/uploads\/2021\/07\/crazy-idea-Fuseaux-light-up-W16015101DV1.jpg","width":600,"height":600,"caption":"crazy idea fuseaux light up"},{"@type":"BreadcrumbList","@id":"https:\/\/www.miomiorun.com\/de\/produkt\/crazy-idea-fuseaux-light-up-donna\/#breadcrumb","itemListElement":[{"@type":"ListItem","position":1,"name":"Home","item":"https:\/\/www.miomiorun.com\/de\/"},{"@type":"ListItem","position":2,"name":"Shop","item":"https:\/\/www.miomiorun.com\/shop\/"},{"@type":"ListItem","position":3,"name":"Fuseaux Light Up damen"}]},{"@type":"WebSite","@id":"https:\/\/www.miomiorun.com\/de\/#website","url":"https:\/\/www.miomiorun.com\/de\/","name":"MioMioRun","description":"100% Lauf- und Trailshop","publisher":{"@id":"https:\/\/www.miomiorun.com\/de\/#organization"},"potentialAction":[{"@type":"SearchAction","target":{"@type":"EntryPoint","urlTemplate":"https:\/\/www.miomiorun.com\/de\/?s={search_term_string}"},"query-input":{"@type":"PropertyValueSpecification","valueRequired":true,"valueName":"search_term_string"}}],"inLanguage":"de-DE"},{"@type":"Organization","@id":"https:\/\/www.miomiorun.com\/de\/#organization","name":"MioMio Run","url":"https:\/\/www.miomiorun.com\/de\/","logo":{"@type":"ImageObject","inLanguage":"de-DE","@id":"https:\/\/www.miomiorun.com\/de\/#\/schema\/logo\/image\/","url":"https:\/\/www.miomiorun.com\/app\/uploads\/2019\/12\/logomio.png","contentUrl":"https:\/\/www.miomiorun.com\/app\/uploads\/2019\/12\/logomio.png","width":115,"height":82,"caption":"MioMio Run"},"image":{"@id":"https:\/\/www.miomiorun.com\/de\/#\/schema\/logo\/image\/"},"sameAs":["https:\/\/www.facebook.com\/miomiorun\/","https:\/\/www.instagram.com\/miomiorun\/"]}]}},"_links":{"self":[{"href":"https:\/\/www.miomiorun.com\/de\/wp-json\/wp\/v2\/product\/88208","targetHints":{"allow":["GET"]}}],"collection":[{"href":"https:\/\/www.miomiorun.com\/de\/wp-json\/wp\/v2\/product"}],"about":[{"href":"https:\/\/www.miomiorun.com\/de\/wp-json\/wp\/v2\/types\/product"}],"wp:featuredmedia":[{"embeddable":true,"href":"https:\/\/www.miomiorun.com\/de\/wp-json\/wp\/v2\/media\/56701"}],"wp:attachment":[{"href":"https:\/\/www.miomiorun.com\/de\/wp-json\/wp\/v2\/media?parent=88208"}],"wp:term":[{"taxonomy":"product_brand","embeddable":true,"href":"https:\/\/www.miomiorun.com\/de\/wp-json\/wp\/v2\/product_brand?post=88208"},{"taxonomy":"product_cat","embeddable":true,"href":"https:\/\/www.miomiorun.com\/de\/wp-json\/wp\/v2\/product_cat?post=88208"},{"taxonomy":"product_tag","embeddable":true,"href":"https:\/\/www.miomiorun.com\/de\/wp-json\/wp\/v2\/product_tag?post=88208"}],"curies":[{"name":"wp","href":"https:\/\/api.w.org\/{rel}","templated":true}]}}