{"id":88151,"date":"2020-10-03T16:13:41","date_gmt":"2020-10-03T14:13:41","guid":{"rendered":"https:\/\/miomiorun.com\/prodotto\/crazy-idea-t-shirt-flash-uomo\/"},"modified":"2026-05-08T20:43:00","modified_gmt":"2026-05-08T18:43:00","slug":"t-shirt-flash-herren","status":"publish","type":"product","link":"https:\/\/www.miomiorun.com\/de\/produkt\/t-shirt-flash-herren\/","title":{"rendered":"T-Shirt Flash herren"},"content":{"rendered":"<div class=\"single-product-description\">\n<p>Das Sky-T-Shirt wurde Mitte der 1990er Jahre auch von Crazy eingef\u00fchrt. Sp\u00e4tere \u00c4nderungen und Verfeinerungen haben dieses T-Shirt zu einem Muss f\u00fcr Sky und Trail Running gemacht. Die Taschen statt auf dem R\u00fccken sind an den Seiten, unter Ausnutzung der engen Passform, ist der Komfort w\u00e4hrend des Laufs gr\u00f6\u00dfer, weil die Objekte nicht &#8220;tanzen&#8221;.<\/p>\n<p><strong>Merkmale:<\/strong><\/p>\n<ul>\n<li>Langer Rei\u00dfverschluss f\u00fcr bessere Bel\u00fcftung beim Klettern<\/li>\n<li>Vorderseite aus Stoff mit leichter Windblock-Behandlung<\/li>\n<li>4 Seitentaschen<\/li>\n<\/ul>\n<\/div>\n","protected":false},"excerpt":{"rendered":"<p>Das Sky-T-Shirt wurde Mitte der 1990er Jahre auch von Crazy eingef\u00fchrt. Sp\u00e4tere \u00c4nderungen und Verfeinerungen haben dieses T-Shirt zu einem Muss f\u00fcr Sky und Trail Running gemacht. Die Taschen statt auf dem R\u00fccken sind an den Seiten, unter Ausnutzung der engen Passform, ist der Komfort w\u00e4hrend des Laufs gr\u00f6\u00dfer, weil die Objekte nicht &#8220;tanzen&#8221;. Merkmale: &hellip; <a href=\"https:\/\/www.miomiorun.com\/de\/produkt\/t-shirt-flash-herren\/\">Continued<\/a><\/p>\n","protected":false},"featured_media":69748,"template":"","meta":{"_acf_changed":false,"inline_featured_image":false},"product_brand":[],"product_cat":[6515,6540,6508],"product_tag":[3370,6238],"class_list":{"0":"post-88151","1":"product","2":"type-product","3":"status-publish","4":"has-post-thumbnail","6":"product_cat-herren-de","7":"product_cat-herrenbekleidung","8":"product_cat-herrent-shirt","9":"product_tag-crazy-idea-de","10":"product_tag-crazy-idea-herren-de","11":"pa_attivita-trail-de","12":"pa_colore-t-shirt-flash-oriente-de","13":"pa_colore-t-shirt-flash-caramello-de","14":"pa_colore-t-shirt-flash-energy-de","15":"pa_marca-crazy-idea-de","16":"pa_sesso-herren","17":"pa_size-small-de","18":"pa_size-medium-de","20":"first","21":"instock","22":"sale","23":"taxable","24":"shipping-taxable","25":"purchasable","26":"product-type-variable","27":"wvs-archive-product-wrapper"},"acf":[],"yoast_head":"<!-- This site is optimized with the Yoast SEO plugin v26.8 - https:\/\/yoast.com\/product\/yoast-seo-wordpress\/ -->\n<title>Crazy Idea T-Shirt Flash herren - T-Shirt Laufen - MioMioRun.com<\/title>\n<meta name=\"description\" content=\"\u00c4nderungen und Verfeinerungen haben dieses T-Shirt zu einem Must-Have f\u00fcr Sky und Trail gemacht. Seitentaschen, enge Passform und Komfort\" \/>\n<meta name=\"robots\" content=\"index, follow, max-snippet:-1, max-image-preview:large, max-video-preview:-1\" \/>\n<link rel=\"canonical\" href=\"https:\/\/www.miomiorun.com\/de\/produkt\/t-shirt-flash-herren\/\" \/>\n<meta property=\"og:locale\" content=\"de_DE\" \/>\n<meta property=\"og:type\" content=\"article\" \/>\n<meta property=\"og:title\" content=\"Crazy Idea T-Shirt Flash herren - T-Shirt Laufen - MioMioRun.com\" \/>\n<meta property=\"og:description\" content=\"\u00c4nderungen und Verfeinerungen haben dieses T-Shirt zu einem Must-Have f\u00fcr Sky und Trail gemacht. Seitentaschen, enge Passform und Komfort\" \/>\n<meta property=\"og:url\" content=\"https:\/\/www.miomiorun.com\/de\/produkt\/t-shirt-flash-herren\/\" \/>\n<meta property=\"og:site_name\" content=\"MioMioRun\" \/>\n<meta property=\"article:publisher\" content=\"https:\/\/www.facebook.com\/miomiorun\/\" \/>\n<meta property=\"article:modified_time\" content=\"2026-05-08T18:43:00+00:00\" \/>\n<meta property=\"og:image\" content=\"https:\/\/www.miomiorun.com\/app\/uploads\/2022\/05\/crazy-idea-t-shirt-flash-vento-S22095057U-0094.jpg\" \/>\n\t<meta property=\"og:image:width\" content=\"600\" \/>\n\t<meta property=\"og:image:height\" content=\"600\" \/>\n\t<meta property=\"og:image:type\" content=\"image\/jpeg\" \/>\n<meta name=\"twitter:card\" content=\"summary_large_image\" \/>\n<script type=\"application\/ld+json\" class=\"yoast-schema-graph\">{\"@context\":\"https:\/\/schema.org\",\"@graph\":[{\"@type\":\"WebPage\",\"@id\":\"https:\/\/www.miomiorun.com\/de\/produkt\/t-shirt-flash-herren\/\",\"url\":\"https:\/\/www.miomiorun.com\/de\/produkt\/t-shirt-flash-herren\/\",\"name\":\"Crazy Idea T-Shirt Flash herren - T-Shirt Laufen - MioMioRun.com\",\"isPartOf\":{\"@id\":\"https:\/\/www.miomiorun.com\/de\/#website\"},\"primaryImageOfPage\":{\"@id\":\"https:\/\/www.miomiorun.com\/de\/produkt\/t-shirt-flash-herren\/#primaryimage\"},\"image\":{\"@id\":\"https:\/\/www.miomiorun.com\/de\/produkt\/t-shirt-flash-herren\/#primaryimage\"},\"thumbnailUrl\":\"https:\/\/www.miomiorun.com\/app\/uploads\/2022\/05\/crazy-idea-t-shirt-flash-vento-S22095057U-0094.jpg\",\"datePublished\":\"2020-10-03T14:13:41+00:00\",\"dateModified\":\"2026-05-08T18:43:00+00:00\",\"description\":\"\u00c4nderungen und Verfeinerungen haben dieses T-Shirt zu einem Must-Have f\u00fcr Sky und Trail gemacht. Seitentaschen, enge Passform und Komfort\",\"breadcrumb\":{\"@id\":\"https:\/\/www.miomiorun.com\/de\/produkt\/t-shirt-flash-herren\/#breadcrumb\"},\"inLanguage\":\"de-DE\",\"potentialAction\":[{\"@type\":\"ReadAction\",\"target\":[\"https:\/\/www.miomiorun.com\/de\/produkt\/t-shirt-flash-herren\/\"]}]},{\"@type\":\"ImageObject\",\"inLanguage\":\"de-DE\",\"@id\":\"https:\/\/www.miomiorun.com\/de\/produkt\/t-shirt-flash-herren\/#primaryimage\",\"url\":\"https:\/\/www.miomiorun.com\/app\/uploads\/2022\/05\/crazy-idea-t-shirt-flash-vento-S22095057U-0094.jpg\",\"contentUrl\":\"https:\/\/www.miomiorun.com\/app\/uploads\/2022\/05\/crazy-idea-t-shirt-flash-vento-S22095057U-0094.jpg\",\"width\":600,\"height\":600,\"caption\":\"crazy-idea-t-shirt-flash-vento-S22095057U-0094\"},{\"@type\":\"BreadcrumbList\",\"@id\":\"https:\/\/www.miomiorun.com\/de\/produkt\/t-shirt-flash-herren\/#breadcrumb\",\"itemListElement\":[{\"@type\":\"ListItem\",\"position\":1,\"name\":\"Home\",\"item\":\"https:\/\/www.miomiorun.com\/de\/home-page\/\"},{\"@type\":\"ListItem\",\"position\":2,\"name\":\"Shop\",\"item\":\"https:\/\/www.miomiorun.com\/shop\/\"},{\"@type\":\"ListItem\",\"position\":3,\"name\":\"T-Shirt Flash herren\"}]},{\"@type\":\"WebSite\",\"@id\":\"https:\/\/www.miomiorun.com\/de\/#website\",\"url\":\"https:\/\/www.miomiorun.com\/de\/\",\"name\":\"MioMioRun\",\"description\":\"100% Lauf- und Trailshop\",\"publisher\":{\"@id\":\"https:\/\/www.miomiorun.com\/de\/#organization\"},\"potentialAction\":[{\"@type\":\"SearchAction\",\"target\":{\"@type\":\"EntryPoint\",\"urlTemplate\":\"https:\/\/www.miomiorun.com\/de\/?s={search_term_string}\"},\"query-input\":{\"@type\":\"PropertyValueSpecification\",\"valueRequired\":true,\"valueName\":\"search_term_string\"}}],\"inLanguage\":\"de-DE\"},{\"@type\":\"Organization\",\"@id\":\"https:\/\/www.miomiorun.com\/de\/#organization\",\"name\":\"MioMio Run\",\"url\":\"https:\/\/www.miomiorun.com\/de\/\",\"logo\":{\"@type\":\"ImageObject\",\"inLanguage\":\"de-DE\",\"@id\":\"https:\/\/www.miomiorun.com\/de\/#\/schema\/logo\/image\/\",\"url\":\"https:\/\/www.miomiorun.com\/app\/uploads\/2019\/12\/logomio.png\",\"contentUrl\":\"https:\/\/www.miomiorun.com\/app\/uploads\/2019\/12\/logomio.png\",\"width\":115,\"height\":82,\"caption\":\"MioMio Run\"},\"image\":{\"@id\":\"https:\/\/www.miomiorun.com\/de\/#\/schema\/logo\/image\/\"},\"sameAs\":[\"https:\/\/www.facebook.com\/miomiorun\/\",\"https:\/\/www.instagram.com\/miomiorun\/\"]}]}<\/script>\n<!-- \/ Yoast SEO plugin. -->","yoast_head_json":{"title":"Crazy Idea T-Shirt Flash herren - T-Shirt Laufen - MioMioRun.com","description":"\u00c4nderungen und Verfeinerungen haben dieses T-Shirt zu einem Must-Have f\u00fcr Sky und Trail gemacht. Seitentaschen, enge Passform und Komfort","robots":{"index":"index","follow":"follow","max-snippet":"max-snippet:-1","max-image-preview":"max-image-preview:large","max-video-preview":"max-video-preview:-1"},"canonical":"https:\/\/www.miomiorun.com\/de\/produkt\/t-shirt-flash-herren\/","og_locale":"de_DE","og_type":"article","og_title":"Crazy Idea T-Shirt Flash herren - T-Shirt Laufen - MioMioRun.com","og_description":"\u00c4nderungen und Verfeinerungen haben dieses T-Shirt zu einem Must-Have f\u00fcr Sky und Trail gemacht. Seitentaschen, enge Passform und Komfort","og_url":"https:\/\/www.miomiorun.com\/de\/produkt\/t-shirt-flash-herren\/","og_site_name":"MioMioRun","article_publisher":"https:\/\/www.facebook.com\/miomiorun\/","article_modified_time":"2026-05-08T18:43:00+00:00","og_image":[{"width":600,"height":600,"url":"https:\/\/www.miomiorun.com\/app\/uploads\/2022\/05\/crazy-idea-t-shirt-flash-vento-S22095057U-0094.jpg","type":"image\/jpeg"}],"twitter_card":"summary_large_image","schema":{"@context":"https:\/\/schema.org","@graph":[{"@type":"WebPage","@id":"https:\/\/www.miomiorun.com\/de\/produkt\/t-shirt-flash-herren\/","url":"https:\/\/www.miomiorun.com\/de\/produkt\/t-shirt-flash-herren\/","name":"Crazy Idea T-Shirt Flash herren - T-Shirt Laufen - MioMioRun.com","isPartOf":{"@id":"https:\/\/www.miomiorun.com\/de\/#website"},"primaryImageOfPage":{"@id":"https:\/\/www.miomiorun.com\/de\/produkt\/t-shirt-flash-herren\/#primaryimage"},"image":{"@id":"https:\/\/www.miomiorun.com\/de\/produkt\/t-shirt-flash-herren\/#primaryimage"},"thumbnailUrl":"https:\/\/www.miomiorun.com\/app\/uploads\/2022\/05\/crazy-idea-t-shirt-flash-vento-S22095057U-0094.jpg","datePublished":"2020-10-03T14:13:41+00:00","dateModified":"2026-05-08T18:43:00+00:00","description":"\u00c4nderungen und Verfeinerungen haben dieses T-Shirt zu einem Must-Have f\u00fcr Sky und Trail gemacht. Seitentaschen, enge Passform und Komfort","breadcrumb":{"@id":"https:\/\/www.miomiorun.com\/de\/produkt\/t-shirt-flash-herren\/#breadcrumb"},"inLanguage":"de-DE","potentialAction":[{"@type":"ReadAction","target":["https:\/\/www.miomiorun.com\/de\/produkt\/t-shirt-flash-herren\/"]}]},{"@type":"ImageObject","inLanguage":"de-DE","@id":"https:\/\/www.miomiorun.com\/de\/produkt\/t-shirt-flash-herren\/#primaryimage","url":"https:\/\/www.miomiorun.com\/app\/uploads\/2022\/05\/crazy-idea-t-shirt-flash-vento-S22095057U-0094.jpg","contentUrl":"https:\/\/www.miomiorun.com\/app\/uploads\/2022\/05\/crazy-idea-t-shirt-flash-vento-S22095057U-0094.jpg","width":600,"height":600,"caption":"crazy-idea-t-shirt-flash-vento-S22095057U-0094"},{"@type":"BreadcrumbList","@id":"https:\/\/www.miomiorun.com\/de\/produkt\/t-shirt-flash-herren\/#breadcrumb","itemListElement":[{"@type":"ListItem","position":1,"name":"Home","item":"https:\/\/www.miomiorun.com\/de\/home-page\/"},{"@type":"ListItem","position":2,"name":"Shop","item":"https:\/\/www.miomiorun.com\/shop\/"},{"@type":"ListItem","position":3,"name":"T-Shirt Flash herren"}]},{"@type":"WebSite","@id":"https:\/\/www.miomiorun.com\/de\/#website","url":"https:\/\/www.miomiorun.com\/de\/","name":"MioMioRun","description":"100% Lauf- und Trailshop","publisher":{"@id":"https:\/\/www.miomiorun.com\/de\/#organization"},"potentialAction":[{"@type":"SearchAction","target":{"@type":"EntryPoint","urlTemplate":"https:\/\/www.miomiorun.com\/de\/?s={search_term_string}"},"query-input":{"@type":"PropertyValueSpecification","valueRequired":true,"valueName":"search_term_string"}}],"inLanguage":"de-DE"},{"@type":"Organization","@id":"https:\/\/www.miomiorun.com\/de\/#organization","name":"MioMio Run","url":"https:\/\/www.miomiorun.com\/de\/","logo":{"@type":"ImageObject","inLanguage":"de-DE","@id":"https:\/\/www.miomiorun.com\/de\/#\/schema\/logo\/image\/","url":"https:\/\/www.miomiorun.com\/app\/uploads\/2019\/12\/logomio.png","contentUrl":"https:\/\/www.miomiorun.com\/app\/uploads\/2019\/12\/logomio.png","width":115,"height":82,"caption":"MioMio Run"},"image":{"@id":"https:\/\/www.miomiorun.com\/de\/#\/schema\/logo\/image\/"},"sameAs":["https:\/\/www.facebook.com\/miomiorun\/","https:\/\/www.instagram.com\/miomiorun\/"]}]}},"_links":{"self":[{"href":"https:\/\/www.miomiorun.com\/de\/wp-json\/wp\/v2\/product\/88151","targetHints":{"allow":["GET"]}}],"collection":[{"href":"https:\/\/www.miomiorun.com\/de\/wp-json\/wp\/v2\/product"}],"about":[{"href":"https:\/\/www.miomiorun.com\/de\/wp-json\/wp\/v2\/types\/product"}],"wp:featuredmedia":[{"embeddable":true,"href":"https:\/\/www.miomiorun.com\/de\/wp-json\/wp\/v2\/media\/69748"}],"wp:attachment":[{"href":"https:\/\/www.miomiorun.com\/de\/wp-json\/wp\/v2\/media?parent=88151"}],"wp:term":[{"taxonomy":"product_brand","embeddable":true,"href":"https:\/\/www.miomiorun.com\/de\/wp-json\/wp\/v2\/product_brand?post=88151"},{"taxonomy":"product_cat","embeddable":true,"href":"https:\/\/www.miomiorun.com\/de\/wp-json\/wp\/v2\/product_cat?post=88151"},{"taxonomy":"product_tag","embeddable":true,"href":"https:\/\/www.miomiorun.com\/de\/wp-json\/wp\/v2\/product_tag?post=88151"}],"curies":[{"name":"wp","href":"https:\/\/api.w.org\/{rel}","templated":true}]}}