{"id":88143,"date":"2021-04-16T16:37:29","date_gmt":"2021-04-16T14:37:29","guid":{"rendered":"https:\/\/miomiorun.com\/prodotto\/crazy-idea-vest-flash-uomo\/"},"modified":"2024-08-02T22:00:44","modified_gmt":"2024-08-02T20:00:44","slug":"vest-flash-herren","status":"publish","type":"product","link":"https:\/\/www.miomiorun.com\/de\/produkt\/vest-flash-herren\/","title":{"rendered":"Vest Flash herren"},"content":{"rendered":"<p>Hybrid-Laufweste, winddicht und wasserabweisend auf der Vorderseite und an den Schultern, atmungsaktiv auf der R\u00fcckseite, unverzichtbar beim Laufen in der Zwischensaison oder bei unsicherem Wetter. Es zeichnet sich unter anderem durch sein geringes Volumen, sein geringes Gewicht und seine gro\u00dfe Vielseitigkeit aus. Das von Crazy gew\u00e4hlte Nylon ist dehnbares Toray-Nylon mit einer winddichten Membran, w\u00e4hrend der gesamte R\u00fccken aus atmungsaktivem Mesh besteht. Der hohe Kragen wird bei Bedarf eine angenehme Entdeckung sein, der Rei\u00dfverschluss an der Vorderseite kann ge\u00f6ffnet werden, und auf der R\u00fcckseite befinden sich drei Aufbewahrungstaschen.<\/p>\n<p><strong>Merkmale:<\/strong><\/p>\n<ul>\n<li>Wasserabweisendes und winddichtes Toray-Frontgewebe<\/li>\n<li>Reflektierende Logos<\/li>\n<li>R\u00fcckeneinsatz aus Mesh<\/li>\n<li>3 Aufbewahrungstaschen auf der R\u00fcckseite<\/li>\n<\/ul>\n","protected":false},"excerpt":{"rendered":"<p>Hybrid-Laufweste, winddicht und wasserabweisend auf der Vorderseite und an den Schultern, atmungsaktiv auf der R\u00fcckseite, unverzichtbar beim Laufen in der Zwischensaison oder bei unsicherem Wetter. Es zeichnet sich unter anderem durch sein geringes Volumen, sein geringes Gewicht und seine gro\u00dfe Vielseitigkeit aus. Das von Crazy gew\u00e4hlte Nylon ist dehnbares Toray-Nylon mit einer winddichten Membran, w\u00e4hrend &hellip; <a href=\"https:\/\/www.miomiorun.com\/de\/produkt\/vest-flash-herren\/\">Continued<\/a><\/p>\n","protected":false},"featured_media":67752,"template":"","meta":{"_acf_changed":false,"inline_featured_image":false},"product_brand":[],"product_cat":[6540,6512],"product_tag":[3370,6238],"class_list":{"0":"post-88143","1":"product","2":"type-product","3":"status-publish","4":"has-post-thumbnail","6":"product_cat-herrenbekleidung","7":"product_cat-jacken","8":"product_tag-crazy-idea-de","9":"product_tag-crazy-idea-herren-de","10":"pa_attivita-outdoor-de","11":"pa_attivita-trail-de","12":"pa_colore-vest-flash-blue","13":"pa_colore-vest-flash-m-black","14":"pa_colore-vest-flash-energy-de","15":"pa_marca-crazy-idea-de","16":"pa_sesso-herren","17":"pa_size-small-de","18":"pa_size-medium-de","19":"pa_size-large-de","21":"first","22":"instock","23":"sale","24":"taxable","25":"shipping-taxable","26":"purchasable","27":"product-type-variable","28":"wvs-archive-product-wrapper"},"acf":[],"yoast_head":"<!-- This site is optimized with the Yoast SEO plugin v26.8 - https:\/\/yoast.com\/product\/yoast-seo-wordpress\/ -->\n<title>Crazy Idea Vest Flash herren - Winterjacke - MioMioRun.com<\/title>\n<meta name=\"description\" content=\"Hybrid-Laufweste, winddicht und wasserabweisend auf der Vorderseite und an den Schultern, atmungsaktiv auf der R\u00fcckseite, unverzichtbar beim Laufen\" \/>\n<meta name=\"robots\" content=\"index, follow, max-snippet:-1, max-image-preview:large, max-video-preview:-1\" \/>\n<link rel=\"canonical\" href=\"https:\/\/www.miomiorun.com\/de\/produkt\/vest-flash-herren\/\" \/>\n<meta property=\"og:locale\" content=\"de_DE\" \/>\n<meta property=\"og:type\" content=\"article\" \/>\n<meta property=\"og:title\" content=\"Crazy Idea Vest Flash herren - Winterjacke - MioMioRun.com\" \/>\n<meta property=\"og:description\" content=\"Hybrid-Laufweste, winddicht und wasserabweisend auf der Vorderseite und an den Schultern, atmungsaktiv auf der R\u00fcckseite, unverzichtbar beim Laufen\" \/>\n<meta property=\"og:url\" content=\"https:\/\/www.miomiorun.com\/de\/produkt\/vest-flash-herren\/\" \/>\n<meta property=\"og:site_name\" content=\"MioMioRun\" \/>\n<meta property=\"article:publisher\" content=\"https:\/\/www.facebook.com\/miomiorun\/\" \/>\n<meta property=\"article:modified_time\" content=\"2024-08-02T20:00:44+00:00\" \/>\n<meta property=\"og:image\" content=\"https:\/\/www.miomiorun.com\/app\/uploads\/2022\/04\/crazy-idea-vest-flash-vento-S22035041U-0094.jpg\" \/>\n\t<meta property=\"og:image:width\" content=\"600\" \/>\n\t<meta property=\"og:image:height\" content=\"600\" \/>\n\t<meta property=\"og:image:type\" content=\"image\/jpeg\" \/>\n<meta name=\"twitter:card\" content=\"summary_large_image\" \/>\n<meta name=\"twitter:label1\" content=\"Est. reading time\" \/>\n\t<meta name=\"twitter:data1\" content=\"1 minute\" \/>\n<script type=\"application\/ld+json\" class=\"yoast-schema-graph\">{\"@context\":\"https:\/\/schema.org\",\"@graph\":[{\"@type\":\"WebPage\",\"@id\":\"https:\/\/www.miomiorun.com\/de\/produkt\/vest-flash-herren\/\",\"url\":\"https:\/\/www.miomiorun.com\/de\/produkt\/vest-flash-herren\/\",\"name\":\"Crazy Idea Vest Flash herren - Winterjacke - MioMioRun.com\",\"isPartOf\":{\"@id\":\"https:\/\/www.miomiorun.com\/de\/#website\"},\"primaryImageOfPage\":{\"@id\":\"https:\/\/www.miomiorun.com\/de\/produkt\/vest-flash-herren\/#primaryimage\"},\"image\":{\"@id\":\"https:\/\/www.miomiorun.com\/de\/produkt\/vest-flash-herren\/#primaryimage\"},\"thumbnailUrl\":\"https:\/\/www.miomiorun.com\/app\/uploads\/2022\/04\/crazy-idea-vest-flash-vento-S22035041U-0094.jpg\",\"datePublished\":\"2021-04-16T14:37:29+00:00\",\"dateModified\":\"2024-08-02T20:00:44+00:00\",\"description\":\"Hybrid-Laufweste, winddicht und wasserabweisend auf der Vorderseite und an den Schultern, atmungsaktiv auf der R\u00fcckseite, unverzichtbar beim Laufen\",\"breadcrumb\":{\"@id\":\"https:\/\/www.miomiorun.com\/de\/produkt\/vest-flash-herren\/#breadcrumb\"},\"inLanguage\":\"de-DE\",\"potentialAction\":[{\"@type\":\"ReadAction\",\"target\":[\"https:\/\/www.miomiorun.com\/de\/produkt\/vest-flash-herren\/\"]}]},{\"@type\":\"ImageObject\",\"inLanguage\":\"de-DE\",\"@id\":\"https:\/\/www.miomiorun.com\/de\/produkt\/vest-flash-herren\/#primaryimage\",\"url\":\"https:\/\/www.miomiorun.com\/app\/uploads\/2022\/04\/crazy-idea-vest-flash-vento-S22035041U-0094.jpg\",\"contentUrl\":\"https:\/\/www.miomiorun.com\/app\/uploads\/2022\/04\/crazy-idea-vest-flash-vento-S22035041U-0094.jpg\",\"width\":600,\"height\":600,\"caption\":\"crazy-idea-vest-flash-vento-S22035041U-0094\"},{\"@type\":\"BreadcrumbList\",\"@id\":\"https:\/\/www.miomiorun.com\/de\/produkt\/vest-flash-herren\/#breadcrumb\",\"itemListElement\":[{\"@type\":\"ListItem\",\"position\":1,\"name\":\"Home\",\"item\":\"https:\/\/www.miomiorun.com\/de\/\"},{\"@type\":\"ListItem\",\"position\":2,\"name\":\"Shop\",\"item\":\"https:\/\/www.miomiorun.com\/shop\/\"},{\"@type\":\"ListItem\",\"position\":3,\"name\":\"Vest Flash herren\"}]},{\"@type\":\"WebSite\",\"@id\":\"https:\/\/www.miomiorun.com\/de\/#website\",\"url\":\"https:\/\/www.miomiorun.com\/de\/\",\"name\":\"MioMioRun\",\"description\":\"100% Lauf- und Trailshop\",\"publisher\":{\"@id\":\"https:\/\/www.miomiorun.com\/de\/#organization\"},\"potentialAction\":[{\"@type\":\"SearchAction\",\"target\":{\"@type\":\"EntryPoint\",\"urlTemplate\":\"https:\/\/www.miomiorun.com\/de\/?s={search_term_string}\"},\"query-input\":{\"@type\":\"PropertyValueSpecification\",\"valueRequired\":true,\"valueName\":\"search_term_string\"}}],\"inLanguage\":\"de-DE\"},{\"@type\":\"Organization\",\"@id\":\"https:\/\/www.miomiorun.com\/de\/#organization\",\"name\":\"MioMio Run\",\"url\":\"https:\/\/www.miomiorun.com\/de\/\",\"logo\":{\"@type\":\"ImageObject\",\"inLanguage\":\"de-DE\",\"@id\":\"https:\/\/www.miomiorun.com\/de\/#\/schema\/logo\/image\/\",\"url\":\"https:\/\/www.miomiorun.com\/app\/uploads\/2019\/12\/logomio.png\",\"contentUrl\":\"https:\/\/www.miomiorun.com\/app\/uploads\/2019\/12\/logomio.png\",\"width\":115,\"height\":82,\"caption\":\"MioMio Run\"},\"image\":{\"@id\":\"https:\/\/www.miomiorun.com\/de\/#\/schema\/logo\/image\/\"},\"sameAs\":[\"https:\/\/www.facebook.com\/miomiorun\/\",\"https:\/\/www.instagram.com\/miomiorun\/\"]}]}<\/script>\n<!-- \/ Yoast SEO plugin. -->","yoast_head_json":{"title":"Crazy Idea Vest Flash herren - Winterjacke - MioMioRun.com","description":"Hybrid-Laufweste, winddicht und wasserabweisend auf der Vorderseite und an den Schultern, atmungsaktiv auf der R\u00fcckseite, unverzichtbar beim Laufen","robots":{"index":"index","follow":"follow","max-snippet":"max-snippet:-1","max-image-preview":"max-image-preview:large","max-video-preview":"max-video-preview:-1"},"canonical":"https:\/\/www.miomiorun.com\/de\/produkt\/vest-flash-herren\/","og_locale":"de_DE","og_type":"article","og_title":"Crazy Idea Vest Flash herren - Winterjacke - MioMioRun.com","og_description":"Hybrid-Laufweste, winddicht und wasserabweisend auf der Vorderseite und an den Schultern, atmungsaktiv auf der R\u00fcckseite, unverzichtbar beim Laufen","og_url":"https:\/\/www.miomiorun.com\/de\/produkt\/vest-flash-herren\/","og_site_name":"MioMioRun","article_publisher":"https:\/\/www.facebook.com\/miomiorun\/","article_modified_time":"2024-08-02T20:00:44+00:00","og_image":[{"width":600,"height":600,"url":"https:\/\/www.miomiorun.com\/app\/uploads\/2022\/04\/crazy-idea-vest-flash-vento-S22035041U-0094.jpg","type":"image\/jpeg"}],"twitter_card":"summary_large_image","twitter_misc":{"Est. reading time":"1 minute"},"schema":{"@context":"https:\/\/schema.org","@graph":[{"@type":"WebPage","@id":"https:\/\/www.miomiorun.com\/de\/produkt\/vest-flash-herren\/","url":"https:\/\/www.miomiorun.com\/de\/produkt\/vest-flash-herren\/","name":"Crazy Idea Vest Flash herren - Winterjacke - MioMioRun.com","isPartOf":{"@id":"https:\/\/www.miomiorun.com\/de\/#website"},"primaryImageOfPage":{"@id":"https:\/\/www.miomiorun.com\/de\/produkt\/vest-flash-herren\/#primaryimage"},"image":{"@id":"https:\/\/www.miomiorun.com\/de\/produkt\/vest-flash-herren\/#primaryimage"},"thumbnailUrl":"https:\/\/www.miomiorun.com\/app\/uploads\/2022\/04\/crazy-idea-vest-flash-vento-S22035041U-0094.jpg","datePublished":"2021-04-16T14:37:29+00:00","dateModified":"2024-08-02T20:00:44+00:00","description":"Hybrid-Laufweste, winddicht und wasserabweisend auf der Vorderseite und an den Schultern, atmungsaktiv auf der R\u00fcckseite, unverzichtbar beim Laufen","breadcrumb":{"@id":"https:\/\/www.miomiorun.com\/de\/produkt\/vest-flash-herren\/#breadcrumb"},"inLanguage":"de-DE","potentialAction":[{"@type":"ReadAction","target":["https:\/\/www.miomiorun.com\/de\/produkt\/vest-flash-herren\/"]}]},{"@type":"ImageObject","inLanguage":"de-DE","@id":"https:\/\/www.miomiorun.com\/de\/produkt\/vest-flash-herren\/#primaryimage","url":"https:\/\/www.miomiorun.com\/app\/uploads\/2022\/04\/crazy-idea-vest-flash-vento-S22035041U-0094.jpg","contentUrl":"https:\/\/www.miomiorun.com\/app\/uploads\/2022\/04\/crazy-idea-vest-flash-vento-S22035041U-0094.jpg","width":600,"height":600,"caption":"crazy-idea-vest-flash-vento-S22035041U-0094"},{"@type":"BreadcrumbList","@id":"https:\/\/www.miomiorun.com\/de\/produkt\/vest-flash-herren\/#breadcrumb","itemListElement":[{"@type":"ListItem","position":1,"name":"Home","item":"https:\/\/www.miomiorun.com\/de\/"},{"@type":"ListItem","position":2,"name":"Shop","item":"https:\/\/www.miomiorun.com\/shop\/"},{"@type":"ListItem","position":3,"name":"Vest Flash herren"}]},{"@type":"WebSite","@id":"https:\/\/www.miomiorun.com\/de\/#website","url":"https:\/\/www.miomiorun.com\/de\/","name":"MioMioRun","description":"100% Lauf- und Trailshop","publisher":{"@id":"https:\/\/www.miomiorun.com\/de\/#organization"},"potentialAction":[{"@type":"SearchAction","target":{"@type":"EntryPoint","urlTemplate":"https:\/\/www.miomiorun.com\/de\/?s={search_term_string}"},"query-input":{"@type":"PropertyValueSpecification","valueRequired":true,"valueName":"search_term_string"}}],"inLanguage":"de-DE"},{"@type":"Organization","@id":"https:\/\/www.miomiorun.com\/de\/#organization","name":"MioMio Run","url":"https:\/\/www.miomiorun.com\/de\/","logo":{"@type":"ImageObject","inLanguage":"de-DE","@id":"https:\/\/www.miomiorun.com\/de\/#\/schema\/logo\/image\/","url":"https:\/\/www.miomiorun.com\/app\/uploads\/2019\/12\/logomio.png","contentUrl":"https:\/\/www.miomiorun.com\/app\/uploads\/2019\/12\/logomio.png","width":115,"height":82,"caption":"MioMio Run"},"image":{"@id":"https:\/\/www.miomiorun.com\/de\/#\/schema\/logo\/image\/"},"sameAs":["https:\/\/www.facebook.com\/miomiorun\/","https:\/\/www.instagram.com\/miomiorun\/"]}]}},"_links":{"self":[{"href":"https:\/\/www.miomiorun.com\/de\/wp-json\/wp\/v2\/product\/88143","targetHints":{"allow":["GET"]}}],"collection":[{"href":"https:\/\/www.miomiorun.com\/de\/wp-json\/wp\/v2\/product"}],"about":[{"href":"https:\/\/www.miomiorun.com\/de\/wp-json\/wp\/v2\/types\/product"}],"wp:featuredmedia":[{"embeddable":true,"href":"https:\/\/www.miomiorun.com\/de\/wp-json\/wp\/v2\/media\/67752"}],"wp:attachment":[{"href":"https:\/\/www.miomiorun.com\/de\/wp-json\/wp\/v2\/media?parent=88143"}],"wp:term":[{"taxonomy":"product_brand","embeddable":true,"href":"https:\/\/www.miomiorun.com\/de\/wp-json\/wp\/v2\/product_brand?post=88143"},{"taxonomy":"product_cat","embeddable":true,"href":"https:\/\/www.miomiorun.com\/de\/wp-json\/wp\/v2\/product_cat?post=88143"},{"taxonomy":"product_tag","embeddable":true,"href":"https:\/\/www.miomiorun.com\/de\/wp-json\/wp\/v2\/product_tag?post=88143"}],"curies":[{"name":"wp","href":"https:\/\/api.w.org\/{rel}","templated":true}]}}