{"id":87080,"date":"2022-04-15T16:12:03","date_gmt":"2022-04-15T14:12:03","guid":{"rendered":"https:\/\/miomiorun.com\/prodotto\/cep-hiking-80s-mid-cut-uomo\/"},"modified":"2022-09-30T18:10:37","modified_gmt":"2022-09-30T16:10:37","slug":"hiking-80s-mid-cut-herren","status":"publish","type":"product","link":"https:\/\/www.miomiorun.com\/de\/produkt\/hiking-80s-mid-cut-herren\/","title":{"rendered":"Hiking 80&#8217;s Mid Cut herren"},"content":{"rendered":"<p>Die 80er Jahre m\u00f6gen zeitlos sein, aber Ihre alten Wandersocken sind es ganz sicher nicht!<\/p>\n<p>Hier sind die fantastischen Men&#8217;s <strong>Hiking 80&#8217;s Mid Cut<\/strong>!!!<\/p>\n<p>Mit diesen Wandersocken aus den 80er Jahren k\u00f6nnen Sie unbeschwert und sicher wandern. Anatomisch gestrickt und aus einer innovativen Mischung atmungsaktiver Materialien gefertigt, sind diese Socken blasenfrei und bieten unvergleichlichen Komfort. F\u00fchlen Sie sich bei jedem Schritt sicherer, dank der tiefen sensorischen Stimulation durch die mittlere Kompression. Erleben Sie den CEP-Unterschied bei Ihrer n\u00e4chsten Wanderung.<\/p>\n<p><strong>Merkmale:<\/strong><\/p>\n<p>&#8211; 20% leichter als herk\u00f6mmliche Merino-Wandersocken.<br \/>\n-Gehen Sie selbstbewusst mit gezielter Kompression, die eine sch\u00fctzende H\u00fclle um den Kn\u00f6chel f\u00fcr zus\u00e4tzliche Stabilit\u00e4t bildet.<br \/>\n-Asymmetrische Spitze und nahtlose Zehenpartie f\u00fcr eine perfekte, blasenfreie Passform.<br \/>\n-Strategisch platzierte Polsterungen an den Kn\u00f6chelknochen und dem ersten Mittelfu\u00dfkopf sorgen f\u00fcr lang anhaltende D\u00e4mpfung und &#8212;\u00a0 \u00a0 \u00a0 maximalen Komfort.<br \/>\n-Die Mischung aus synthetischen Fasern, Merinowolle und pr\u00e4ziser Kompression bietet Komfort, Haltbarkeit und Temperaturregulierung.<br \/>\n-Pflegeleichte Eigenschaften: maschinenwaschbar und trocken<\/p>\n<p><strong>Kompressionsst\u00e4rke:<\/strong> 18-20 mmHg am Kn\u00f6chel<\/p>\n<p><strong>Material:<\/strong> 71% Polyamid, 16% Wolle (Merino), 13% Elasthan<\/p>\n","protected":false},"excerpt":{"rendered":"<p>Die 80er Jahre m\u00f6gen zeitlos sein, aber Ihre alten Wandersocken sind es ganz sicher nicht! Hier sind die fantastischen Men&#8217;s Hiking 80&#8217;s Mid Cut!!! Mit diesen Wandersocken aus den 80er Jahren k\u00f6nnen Sie unbeschwert und sicher wandern. Anatomisch gestrickt und aus einer innovativen Mischung atmungsaktiver Materialien gefertigt, sind diese Socken blasenfrei und bieten unvergleichlichen Komfort. &hellip; <a href=\"https:\/\/www.miomiorun.com\/de\/produkt\/hiking-80s-mid-cut-herren\/\">Continued<\/a><\/p>\n","protected":false},"featured_media":67247,"template":"","meta":{"_acf_changed":false,"inline_featured_image":false},"product_brand":[],"product_cat":[6515,6540,6514],"product_tag":[3408,6212],"class_list":{"0":"post-87080","1":"product","2":"type-product","3":"status-publish","4":"has-post-thumbnail","6":"product_cat-herren-de","7":"product_cat-herrenbekleidung","8":"product_cat-socken","9":"product_tag-cep-de","10":"product_tag-cep-herren-de","11":"pa_attivita-gehen","12":"pa_attivita-outdoor-de","13":"pa_colore-hiking-80s-mid-cut-peacot-gold-de","14":"pa_marca-cep-de","15":"pa_sesso-herren","16":"pa_size-45-48-de","18":"first","19":"instock","20":"sale","21":"taxable","22":"shipping-taxable","23":"purchasable","24":"product-type-variable","25":"wvs-archive-product-wrapper"},"acf":[],"yoast_head":"<!-- This site is optimized with the Yoast SEO plugin v26.8 - https:\/\/yoast.com\/product\/yoast-seo-wordpress\/ -->\n<title>cep Hiking 80&#039;s Mid Cut herren - Laufsocke - MioMioRun.com<\/title>\n<meta name=\"description\" content=\"Mit diesen Wandersocken aus den 1980er Jahren k\u00f6nnen Sie unbeschwert und sicher wandern. Anatomisch gestrickt und aus einer innovativen\" \/>\n<meta name=\"robots\" content=\"index, follow, max-snippet:-1, max-image-preview:large, max-video-preview:-1\" \/>\n<link rel=\"canonical\" href=\"https:\/\/www.miomiorun.com\/de\/produkt\/hiking-80s-mid-cut-herren\/\" \/>\n<meta property=\"og:locale\" content=\"de_DE\" \/>\n<meta property=\"og:type\" content=\"article\" \/>\n<meta property=\"og:title\" content=\"cep Hiking 80&#039;s Mid Cut herren - Laufsocke - MioMioRun.com\" \/>\n<meta property=\"og:description\" content=\"Mit diesen Wandersocken aus den 1980er Jahren k\u00f6nnen Sie unbeschwert und sicher wandern. Anatomisch gestrickt und aus einer innovativen\" \/>\n<meta property=\"og:url\" content=\"https:\/\/www.miomiorun.com\/de\/produkt\/hiking-80s-mid-cut-herren\/\" \/>\n<meta property=\"og:site_name\" content=\"MioMioRun\" \/>\n<meta property=\"article:publisher\" content=\"https:\/\/www.facebook.com\/miomiorun\/\" \/>\n<meta property=\"article:modified_time\" content=\"2022-09-30T16:10:37+00:00\" \/>\n<meta property=\"og:image\" content=\"https:\/\/www.miomiorun.com\/app\/uploads\/2022\/04\/cep-hiking-80s-mid-cut-peacot-gold-WP3CFH.jpg\" \/>\n\t<meta property=\"og:image:width\" content=\"600\" \/>\n\t<meta property=\"og:image:height\" content=\"600\" \/>\n\t<meta property=\"og:image:type\" content=\"image\/jpeg\" \/>\n<meta name=\"twitter:card\" content=\"summary_large_image\" \/>\n<meta name=\"twitter:label1\" content=\"Est. reading time\" \/>\n\t<meta name=\"twitter:data1\" content=\"2 minutes\" \/>\n<script type=\"application\/ld+json\" class=\"yoast-schema-graph\">{\"@context\":\"https:\/\/schema.org\",\"@graph\":[{\"@type\":\"WebPage\",\"@id\":\"https:\/\/www.miomiorun.com\/de\/produkt\/hiking-80s-mid-cut-herren\/\",\"url\":\"https:\/\/www.miomiorun.com\/de\/produkt\/hiking-80s-mid-cut-herren\/\",\"name\":\"cep Hiking 80's Mid Cut herren - Laufsocke - MioMioRun.com\",\"isPartOf\":{\"@id\":\"https:\/\/www.miomiorun.com\/de\/#website\"},\"primaryImageOfPage\":{\"@id\":\"https:\/\/www.miomiorun.com\/de\/produkt\/hiking-80s-mid-cut-herren\/#primaryimage\"},\"image\":{\"@id\":\"https:\/\/www.miomiorun.com\/de\/produkt\/hiking-80s-mid-cut-herren\/#primaryimage\"},\"thumbnailUrl\":\"https:\/\/www.miomiorun.com\/app\/uploads\/2022\/04\/cep-hiking-80s-mid-cut-peacot-gold-WP3CFH.jpg\",\"datePublished\":\"2022-04-15T14:12:03+00:00\",\"dateModified\":\"2022-09-30T16:10:37+00:00\",\"description\":\"Mit diesen Wandersocken aus den 1980er Jahren k\u00f6nnen Sie unbeschwert und sicher wandern. Anatomisch gestrickt und aus einer innovativen\",\"breadcrumb\":{\"@id\":\"https:\/\/www.miomiorun.com\/de\/produkt\/hiking-80s-mid-cut-herren\/#breadcrumb\"},\"inLanguage\":\"de-DE\",\"potentialAction\":[{\"@type\":\"ReadAction\",\"target\":[\"https:\/\/www.miomiorun.com\/de\/produkt\/hiking-80s-mid-cut-herren\/\"]}]},{\"@type\":\"ImageObject\",\"inLanguage\":\"de-DE\",\"@id\":\"https:\/\/www.miomiorun.com\/de\/produkt\/hiking-80s-mid-cut-herren\/#primaryimage\",\"url\":\"https:\/\/www.miomiorun.com\/app\/uploads\/2022\/04\/cep-hiking-80s-mid-cut-peacot-gold-WP3CFH.jpg\",\"contentUrl\":\"https:\/\/www.miomiorun.com\/app\/uploads\/2022\/04\/cep-hiking-80s-mid-cut-peacot-gold-WP3CFH.jpg\",\"width\":600,\"height\":600,\"caption\":\"cep-hiking-80's-mid-cut-peacot-gold-WP3CFH\"},{\"@type\":\"BreadcrumbList\",\"@id\":\"https:\/\/www.miomiorun.com\/de\/produkt\/hiking-80s-mid-cut-herren\/#breadcrumb\",\"itemListElement\":[{\"@type\":\"ListItem\",\"position\":1,\"name\":\"Home\",\"item\":\"https:\/\/www.miomiorun.com\/de\/\"},{\"@type\":\"ListItem\",\"position\":2,\"name\":\"Shop\",\"item\":\"https:\/\/www.miomiorun.com\/shop\/\"},{\"@type\":\"ListItem\",\"position\":3,\"name\":\"Hiking 80&#8217;s Mid Cut herren\"}]},{\"@type\":\"WebSite\",\"@id\":\"https:\/\/www.miomiorun.com\/de\/#website\",\"url\":\"https:\/\/www.miomiorun.com\/de\/\",\"name\":\"MioMioRun\",\"description\":\"100% Lauf- und Trailshop\",\"publisher\":{\"@id\":\"https:\/\/www.miomiorun.com\/de\/#organization\"},\"potentialAction\":[{\"@type\":\"SearchAction\",\"target\":{\"@type\":\"EntryPoint\",\"urlTemplate\":\"https:\/\/www.miomiorun.com\/de\/?s={search_term_string}\"},\"query-input\":{\"@type\":\"PropertyValueSpecification\",\"valueRequired\":true,\"valueName\":\"search_term_string\"}}],\"inLanguage\":\"de-DE\"},{\"@type\":\"Organization\",\"@id\":\"https:\/\/www.miomiorun.com\/de\/#organization\",\"name\":\"MioMio Run\",\"url\":\"https:\/\/www.miomiorun.com\/de\/\",\"logo\":{\"@type\":\"ImageObject\",\"inLanguage\":\"de-DE\",\"@id\":\"https:\/\/www.miomiorun.com\/de\/#\/schema\/logo\/image\/\",\"url\":\"https:\/\/www.miomiorun.com\/app\/uploads\/2019\/12\/logomio.png\",\"contentUrl\":\"https:\/\/www.miomiorun.com\/app\/uploads\/2019\/12\/logomio.png\",\"width\":115,\"height\":82,\"caption\":\"MioMio Run\"},\"image\":{\"@id\":\"https:\/\/www.miomiorun.com\/de\/#\/schema\/logo\/image\/\"},\"sameAs\":[\"https:\/\/www.facebook.com\/miomiorun\/\",\"https:\/\/www.instagram.com\/miomiorun\/\"]}]}<\/script>\n<!-- \/ Yoast SEO plugin. -->","yoast_head_json":{"title":"cep Hiking 80's Mid Cut herren - Laufsocke - MioMioRun.com","description":"Mit diesen Wandersocken aus den 1980er Jahren k\u00f6nnen Sie unbeschwert und sicher wandern. Anatomisch gestrickt und aus einer innovativen","robots":{"index":"index","follow":"follow","max-snippet":"max-snippet:-1","max-image-preview":"max-image-preview:large","max-video-preview":"max-video-preview:-1"},"canonical":"https:\/\/www.miomiorun.com\/de\/produkt\/hiking-80s-mid-cut-herren\/","og_locale":"de_DE","og_type":"article","og_title":"cep Hiking 80's Mid Cut herren - Laufsocke - MioMioRun.com","og_description":"Mit diesen Wandersocken aus den 1980er Jahren k\u00f6nnen Sie unbeschwert und sicher wandern. Anatomisch gestrickt und aus einer innovativen","og_url":"https:\/\/www.miomiorun.com\/de\/produkt\/hiking-80s-mid-cut-herren\/","og_site_name":"MioMioRun","article_publisher":"https:\/\/www.facebook.com\/miomiorun\/","article_modified_time":"2022-09-30T16:10:37+00:00","og_image":[{"width":600,"height":600,"url":"https:\/\/www.miomiorun.com\/app\/uploads\/2022\/04\/cep-hiking-80s-mid-cut-peacot-gold-WP3CFH.jpg","type":"image\/jpeg"}],"twitter_card":"summary_large_image","twitter_misc":{"Est. reading time":"2 minutes"},"schema":{"@context":"https:\/\/schema.org","@graph":[{"@type":"WebPage","@id":"https:\/\/www.miomiorun.com\/de\/produkt\/hiking-80s-mid-cut-herren\/","url":"https:\/\/www.miomiorun.com\/de\/produkt\/hiking-80s-mid-cut-herren\/","name":"cep Hiking 80's Mid Cut herren - Laufsocke - MioMioRun.com","isPartOf":{"@id":"https:\/\/www.miomiorun.com\/de\/#website"},"primaryImageOfPage":{"@id":"https:\/\/www.miomiorun.com\/de\/produkt\/hiking-80s-mid-cut-herren\/#primaryimage"},"image":{"@id":"https:\/\/www.miomiorun.com\/de\/produkt\/hiking-80s-mid-cut-herren\/#primaryimage"},"thumbnailUrl":"https:\/\/www.miomiorun.com\/app\/uploads\/2022\/04\/cep-hiking-80s-mid-cut-peacot-gold-WP3CFH.jpg","datePublished":"2022-04-15T14:12:03+00:00","dateModified":"2022-09-30T16:10:37+00:00","description":"Mit diesen Wandersocken aus den 1980er Jahren k\u00f6nnen Sie unbeschwert und sicher wandern. Anatomisch gestrickt und aus einer innovativen","breadcrumb":{"@id":"https:\/\/www.miomiorun.com\/de\/produkt\/hiking-80s-mid-cut-herren\/#breadcrumb"},"inLanguage":"de-DE","potentialAction":[{"@type":"ReadAction","target":["https:\/\/www.miomiorun.com\/de\/produkt\/hiking-80s-mid-cut-herren\/"]}]},{"@type":"ImageObject","inLanguage":"de-DE","@id":"https:\/\/www.miomiorun.com\/de\/produkt\/hiking-80s-mid-cut-herren\/#primaryimage","url":"https:\/\/www.miomiorun.com\/app\/uploads\/2022\/04\/cep-hiking-80s-mid-cut-peacot-gold-WP3CFH.jpg","contentUrl":"https:\/\/www.miomiorun.com\/app\/uploads\/2022\/04\/cep-hiking-80s-mid-cut-peacot-gold-WP3CFH.jpg","width":600,"height":600,"caption":"cep-hiking-80's-mid-cut-peacot-gold-WP3CFH"},{"@type":"BreadcrumbList","@id":"https:\/\/www.miomiorun.com\/de\/produkt\/hiking-80s-mid-cut-herren\/#breadcrumb","itemListElement":[{"@type":"ListItem","position":1,"name":"Home","item":"https:\/\/www.miomiorun.com\/de\/"},{"@type":"ListItem","position":2,"name":"Shop","item":"https:\/\/www.miomiorun.com\/shop\/"},{"@type":"ListItem","position":3,"name":"Hiking 80&#8217;s Mid Cut herren"}]},{"@type":"WebSite","@id":"https:\/\/www.miomiorun.com\/de\/#website","url":"https:\/\/www.miomiorun.com\/de\/","name":"MioMioRun","description":"100% Lauf- und Trailshop","publisher":{"@id":"https:\/\/www.miomiorun.com\/de\/#organization"},"potentialAction":[{"@type":"SearchAction","target":{"@type":"EntryPoint","urlTemplate":"https:\/\/www.miomiorun.com\/de\/?s={search_term_string}"},"query-input":{"@type":"PropertyValueSpecification","valueRequired":true,"valueName":"search_term_string"}}],"inLanguage":"de-DE"},{"@type":"Organization","@id":"https:\/\/www.miomiorun.com\/de\/#organization","name":"MioMio Run","url":"https:\/\/www.miomiorun.com\/de\/","logo":{"@type":"ImageObject","inLanguage":"de-DE","@id":"https:\/\/www.miomiorun.com\/de\/#\/schema\/logo\/image\/","url":"https:\/\/www.miomiorun.com\/app\/uploads\/2019\/12\/logomio.png","contentUrl":"https:\/\/www.miomiorun.com\/app\/uploads\/2019\/12\/logomio.png","width":115,"height":82,"caption":"MioMio Run"},"image":{"@id":"https:\/\/www.miomiorun.com\/de\/#\/schema\/logo\/image\/"},"sameAs":["https:\/\/www.facebook.com\/miomiorun\/","https:\/\/www.instagram.com\/miomiorun\/"]}]}},"_links":{"self":[{"href":"https:\/\/www.miomiorun.com\/de\/wp-json\/wp\/v2\/product\/87080","targetHints":{"allow":["GET"]}}],"collection":[{"href":"https:\/\/www.miomiorun.com\/de\/wp-json\/wp\/v2\/product"}],"about":[{"href":"https:\/\/www.miomiorun.com\/de\/wp-json\/wp\/v2\/types\/product"}],"wp:featuredmedia":[{"embeddable":true,"href":"https:\/\/www.miomiorun.com\/de\/wp-json\/wp\/v2\/media\/67247"}],"wp:attachment":[{"href":"https:\/\/www.miomiorun.com\/de\/wp-json\/wp\/v2\/media?parent=87080"}],"wp:term":[{"taxonomy":"product_brand","embeddable":true,"href":"https:\/\/www.miomiorun.com\/de\/wp-json\/wp\/v2\/product_brand?post=87080"},{"taxonomy":"product_cat","embeddable":true,"href":"https:\/\/www.miomiorun.com\/de\/wp-json\/wp\/v2\/product_cat?post=87080"},{"taxonomy":"product_tag","embeddable":true,"href":"https:\/\/www.miomiorun.com\/de\/wp-json\/wp\/v2\/product_tag?post=87080"}],"curies":[{"name":"wp","href":"https:\/\/api.w.org\/{rel}","templated":true}]}}