{"id":87070,"date":"2022-04-19T18:55:23","date_gmt":"2022-04-19T16:55:23","guid":{"rendered":"https:\/\/miomiorun.com\/prodotto\/leki-neotrail-fx-one-superlite\/"},"modified":"2026-05-08T21:25:48","modified_gmt":"2026-05-08T19:25:48","slug":"neotrail-fx-one-superlite","status":"publish","type":"product","link":"https:\/\/www.miomiorun.com\/de\/produkt\/neotrail-fx-one-superlite\/","title":{"rendered":"Neotrail Fx.One Superlite"},"content":{"rendered":"<p>Der Neotrail FX.One Superlite ist Ihr ultraleichter Begleiter f\u00fcr das n\u00e4chste Trailrunning-Rennen! Denn leichter geht&#8217;s nicht: Das Neotrail FX.One Superlite ist 120 cm lang und wiegt nur 131 Gramm, was es zu einer echten Waffe auf dem Trail macht. Der stabile Carbon-Faltstock zeichnet sich durch sein geringes Gewicht und die perfekte Schwungbewegung aus. Der verl\u00e4ngerte Thermogriff mit abgerundetem Kopf erm\u00f6glicht viele Griffpositionen und bietet so vollen Halt auch in anspruchsvollem Gel\u00e4nde. Dank des Push-Button-Release-Mechanismus l\u00e4sst er sich mit einem Knopfdruck auf 35 cm zusammenklappen. Der Neotrail FX.One Superlite wurde entwickelt, um leichter und schneller zu sein.<\/p>\n<div class=\"col-7 col-lg-6 product-highlight-content-container\">\n<div class=\"product-highlight-headline\">\n<h3>Handgriff<\/h3>\n<\/div>\n<\/div>\n<p>&nbsp;<\/p>\n<p><img loading=\"lazy\" decoding=\"async\" class=\"\" src=\"https:\/\/res.cloudinary.com\/leki-lenhart-gmbh\/iu\/c_fit,h_1050,w_750\/f_auto\/q_auto\/media\/2c\/92\/65\/1643633991\/RTC%20Lite_Icon?_a=AAAH2AI\" width=\"120\" height=\"120\" \/><\/p>\n<p>RTC Lite<\/p>\n<p>Der RTC ist ein ultraleichter Griff f\u00fcr Trailrunning. Dank seiner abgerundeten, kantenlosen Grifffl\u00e4che bietet er maximalen Komfort.<\/p>\n<h3><strong>Lanyard<\/strong><\/h3>\n<p><img loading=\"lazy\" decoding=\"async\" class=\"\" src=\"https:\/\/res.cloudinary.com\/leki-lenhart-gmbh\/iu\/c_fit,h_1050,w_750\/f_auto\/q_auto\/media\/e1\/72\/f1\/1643896000\/Lock%20Security%20Strap_Icon?_a=AAAH2AI\" width=\"120\" height=\"120\" \/><\/p>\n<p><strong>Lock Security Strap Skin 4.0<\/strong><\/p>\n<p>Verstellbarer Gurt mit Sicherheitsverschluss. Ultraleicht und atmungsaktiv, sorgt f\u00fcr maximalen Komfort.<\/p>\n<h3>Verl\u00e4ngerung des Griffs<\/h3>\n<p><img loading=\"lazy\" decoding=\"async\" class=\"\" src=\"https:\/\/res.cloudinary.com\/leki-lenhart-gmbh\/iu\/c_fit,h_1050,w_750\/f_auto\/q_auto\/media\/b3\/g0\/3b\/1648716296\/Grip%20Extension_Icon?_a=AAAH2AI\" width=\"120\" height=\"120\" \/><\/p>\n<div class=\"col-7 col-lg-6 product-highlight-content-container\">\n<div class=\"product-highlight-headline\">\n<p><strong>Verl\u00e4ngerung des Griffs<\/strong><\/p>\n<p>Griffverl\u00e4ngerung f\u00fcr einen bequemeren Halt in steilem Gel\u00e4nde oder an H\u00e4ngen.<\/p>\n<h3>Material des Rohres<\/h3>\n<\/div>\n<\/div>\n<p><img loading=\"lazy\" decoding=\"async\" class=\"\" src=\"https:\/\/res.cloudinary.com\/leki-lenhart-gmbh\/iu\/c_fit,h_1050,w_750\/f_auto\/q_auto\/media\/cb\/91\/d1\/1642586379\/Material_Icon?_a=AAAH2AI\" width=\"122\" height=\"122\" \/><\/p>\n<div class=\"col-7 col-lg-6 product-highlight-content-container\">\n<div class=\"product-highlight-headline\">\n<p><strong>Kohlenstoff<\/strong><\/p>\n<p>HRC Carbon (H\u00f6chstes Rennkarbon) Max<\/p>\n<h3>Platte<\/h3>\n<\/div>\n<div class=\"product-highlight-content\">\n<p><img loading=\"lazy\" decoding=\"async\" class=\"\" src=\"https:\/\/res.cloudinary.com\/leki-lenhart-gmbh\/iu\/c_fit,h_1050,w_750\/f_auto\/q_auto\/media\/30\/f6\/c9\/1645612656\/Trail%20Running%20Teller_Icon?_a=AAAH2AI\" width=\"120\" height=\"120\" \/><\/p>\n<div class=\"col-7 col-lg-6 product-highlight-content-container\">\n<div class=\"product-highlight-headline\">\n<p><strong>Trailrunning-Platte<\/strong><\/p>\n<p>Minimalistische, leichte Platte.<\/p>\n<h3>Klappbares System<\/h3>\n<\/div>\n<\/div>\n<\/div>\n<\/div>\n<p><img loading=\"lazy\" decoding=\"async\" class=\"\" src=\"https:\/\/res.cloudinary.com\/leki-lenhart-gmbh\/iu\/c_fit,h_1050,w_750\/f_auto\/q_auto\/media\/07\/b5\/dc\/1642579033\/PB_Icon?_a=AAAH2AI\" width=\"122\" height=\"122\" \/><\/p>\n<p><strong>Druckknopf<\/strong><\/p>\n<p>Das Push-Button-System erm\u00f6glicht ein schnelles \u00d6ffnen und Schlie\u00dfen der Faltst\u00f6cke per Knopfdruck.<\/p>\n<h3>Top<\/h3>\n<p><img loading=\"lazy\" decoding=\"async\" class=\"\" src=\"https:\/\/res.cloudinary.com\/leki-lenhart-gmbh\/iu\/c_fit,h_1050,w_750\/f_auto\/q_auto\/media\/20\/e1\/81\/1637918587\/Trail%20Tip_Icon?_a=AAAH2AI\" width=\"120\" height=\"120\" \/><\/p>\n<p><strong>Pfad-Tipp<\/strong><\/p>\n<p>Robuste Spitze f\u00fcr pr\u00e4zisen Einsatz des Stocks und perfekten Halt auf fast allen B\u00f6den.<\/p>\n<h3><strong>Aufbewahrungstasche<\/strong><\/h3>\n<p><img loading=\"lazy\" decoding=\"async\" class=\"\" src=\"https:\/\/res.cloudinary.com\/leki-lenhart-gmbh\/iu\/c_fit,h_1050,w_750\/f_auto\/q_auto\/media\/05\/dd\/d1\/1648716329\/Foldingpole%20Bag_Icon?_a=AAAH2AI\" width=\"119\" height=\"119\" \/><\/p>\n<p><strong>Faltbare Stocktasche<\/strong><\/p>\n<p>Praktische, ultraleichte Tasche zur Aufbewahrung von Faltst\u00f6cken.<\/p>\n<h2 class=\"headline-beta\">Alle Merkmale:<\/h2>\n<table class=\"table product-detail-properties-table\">\n<tbody>\n<tr class=\"properties-row\">\n<th class=\"properties-label\">Aktivit\u00e4ten:<\/th>\n<td class=\"properties-value\">Trail Running, Trekking<\/td>\n<\/tr>\n<tr class=\"properties-row\">\n<th class=\"properties-label\">Altersgruppe:<\/th>\n<td class=\"properties-value\">Erwachsene<\/td>\n<\/tr>\n<tr class=\"properties-row\">\n<th class=\"properties-label\">Genre:<\/th>\n<td class=\"properties-value\">Unisex<\/td>\n<\/tr>\n<tr class=\"properties-row\">\n<th class=\"properties-label\">Sizerun:<\/th>\n<td class=\"properties-value\">110 &#8211; 135 cm (5 cm steps)<\/td>\n<\/tr>\n<tr class=\"properties-row\">\n<th class=\"properties-label\">Konstruktion:<\/th>\n<td class=\"properties-value\">Feste L\u00e4nge | Zusammenklappbar<\/td>\n<\/tr>\n<tr class=\"properties-row\">\n<th class=\"properties-label\">Verpackungsgr\u00f6\u00dfe:<\/th>\n<td class=\"properties-value\">35 cm<\/td>\n<\/tr>\n<tr class=\"properties-row\">\n<th class=\"properties-label\">Gewicht:<\/th>\n<td class=\"properties-value\">131 g<\/td>\n<\/tr>\n<tr class=\"properties-row\">\n<th class=\"properties-label\">Segmente:<\/th>\n<td class=\"properties-value\">4<\/td>\n<\/tr>\n<tr class=\"properties-row\">\n<th class=\"properties-label\">Durchmesser:<\/th>\n<td class=\"properties-value\">14|12|12|12 mm<\/td>\n<\/tr>\n<tr class=\"properties-row\">\n<th class=\"properties-label\">Geometrie der Rohre:<\/th>\n<td class=\"properties-value\">No bend<\/td>\n<\/tr>\n<tr class=\"properties-row\">\n<th class=\"properties-label\">Rohrform:<\/th>\n<td class=\"properties-value\">\u00a0Zylindrisch<\/td>\n<\/tr>\n<tr class=\"properties-row\">\n<th class=\"properties-label\">Greifen:<\/th>\n<td class=\"properties-value\">RTC Lite<\/td>\n<\/tr>\n<tr class=\"properties-row\">\n<th class=\"properties-label\">Spitze:<\/th>\n<td class=\"properties-value\">Lock Security Strap Skin 4.0<\/td>\n<\/tr>\n<tr class=\"properties-row\">\n<th class=\"properties-label\">Erweiterung der Impugantura:<\/th>\n<td class=\"properties-value\">1K Foam<\/td>\n<\/tr>\n<tr class=\"properties-row\">\n<th class=\"properties-label\">Material der R\u00f6hre:<\/th>\n<td class=\"properties-value\">Karbon (HRC max)<\/td>\n<\/tr>\n<tr class=\"properties-row\">\n<th class=\"properties-label\">Oberer Teil des Rohrs:<\/th>\n<td class=\"properties-value\">Karbon<\/td>\n<\/tr>\n<tr class=\"properties-row\">\n<th class=\"properties-label\">Zentraler Abschnitt des Rohrs(1):<\/th>\n<td class=\"properties-value\">Karbon<\/td>\n<\/tr>\n<tr class=\"properties-row\">\n<th class=\"properties-label\">Zentraler Abschnitt des Rohrs (2):<\/th>\n<td class=\"properties-value\">Karbon<\/td>\n<\/tr>\n<tr class=\"properties-row\">\n<th class=\"properties-label\">Unterer Teil des Rohrs:<\/th>\n<td class=\"properties-value\">Karbon<\/td>\n<\/tr>\n<tr class=\"properties-row\">\n<th class=\"properties-label\">Klappbares System:<\/th>\n<td class=\"properties-value\">Push-Button<\/td>\n<\/tr>\n<tr class=\"properties-row\">\n<th class=\"properties-label\">Teller:<\/th>\n<td class=\"properties-value\">Trail Running Teller<\/td>\n<\/tr>\n<tr class=\"properties-row\">\n<th class=\"properties-label\">Top:<\/th>\n<td class=\"properties-value\">Trail Running Tip<\/td>\n<\/tr>\n<tr class=\"properties-row\">\n<th class=\"properties-label\">Aufbewahrungstasche:<\/th>\n<td class=\"properties-value\">Faltstocktasche<\/td>\n<\/tr>\n<\/tbody>\n<\/table>\n","protected":false},"excerpt":{"rendered":"<p>Der Neotrail FX.One Superlite ist Ihr ultraleichter Begleiter f\u00fcr das n\u00e4chste Trailrunning-Rennen! Denn leichter geht&#8217;s nicht: Das Neotrail FX.One Superlite ist 120 cm lang und wiegt nur 131 Gramm, was es zu einer echten Waffe auf dem Trail macht. Der stabile Carbon-Faltstock zeichnet sich durch sein geringes Gewicht und die perfekte Schwungbewegung aus. Der verl\u00e4ngerte &hellip; <a href=\"https:\/\/www.miomiorun.com\/de\/produkt\/neotrail-fx-one-superlite\/\">Continued<\/a><\/p>\n","protected":false},"featured_media":68145,"template":"","meta":{"_acf_changed":false,"inline_featured_image":false},"product_brand":[],"product_cat":[6342,6344],"product_tag":[6250],"class_list":{"0":"post-87070","1":"product","2":"type-product","3":"status-publish","4":"has-post-thumbnail","6":"product_cat-zubehoer","7":"product_cat-stocke-de","8":"product_tag-leki-de","9":"pa_attivita-outdoor-de","10":"pa_attivita-trail-de","11":"pa_marca-leki-de","12":"pa_misura-115-cm-de","13":"pa_misura-120-cm-de","14":"pa_misura-125-cm-de","15":"pa_sesso-damen","16":"pa_sesso-herren","18":"first","19":"instock","20":"sale","21":"taxable","22":"shipping-taxable","23":"purchasable","24":"product-type-variable","25":"wvs-archive-product-wrapper"},"acf":[],"yoast_head":"<!-- This site is optimized with the Yoast SEO plugin v26.8 - https:\/\/yoast.com\/product\/yoast-seo-wordpress\/ -->\n<title>Leki Neotrail Fx.One Superlite - Running Stick - MioMioRun.com<\/title>\n<meta name=\"description\" content=\"Der Neotrail FX.One Superlite ist Ihr ultraleichter Begleiter f\u00fcr Ihr n\u00e4chstes Trailrunning-Rennen! Er ist ein stabiler Carbonstock.\" \/>\n<meta name=\"robots\" content=\"index, follow, max-snippet:-1, max-image-preview:large, max-video-preview:-1\" \/>\n<link rel=\"canonical\" href=\"https:\/\/www.miomiorun.com\/de\/produkt\/neotrail-fx-one-superlite\/\" \/>\n<meta property=\"og:locale\" content=\"de_DE\" \/>\n<meta property=\"og:type\" content=\"article\" \/>\n<meta property=\"og:title\" content=\"Leki Neotrail Fx.One Superlite - Running Stick - MioMioRun.com\" \/>\n<meta property=\"og:description\" content=\"Der Neotrail FX.One Superlite ist Ihr ultraleichter Begleiter f\u00fcr Ihr n\u00e4chstes Trailrunning-Rennen! Er ist ein stabiler Carbonstock.\" \/>\n<meta property=\"og:url\" content=\"https:\/\/www.miomiorun.com\/de\/produkt\/neotrail-fx-one-superlite\/\" \/>\n<meta property=\"og:site_name\" content=\"MioMioRun\" \/>\n<meta property=\"article:publisher\" content=\"https:\/\/www.facebook.com\/miomiorun\/\" \/>\n<meta property=\"article:modified_time\" content=\"2026-05-08T19:25:48+00:00\" \/>\n<meta property=\"og:image\" content=\"https:\/\/www.miomiorun.com\/app\/uploads\/2022\/04\/leki-neotrail-FX.one-superlite-65225861.jpg\" \/>\n\t<meta property=\"og:image:width\" content=\"600\" \/>\n\t<meta property=\"og:image:height\" content=\"600\" \/>\n\t<meta property=\"og:image:type\" content=\"image\/jpeg\" \/>\n<meta name=\"twitter:card\" content=\"summary_large_image\" \/>\n<meta name=\"twitter:label1\" content=\"Est. reading time\" \/>\n\t<meta name=\"twitter:data1\" content=\"2 minutes\" \/>\n<script type=\"application\/ld+json\" class=\"yoast-schema-graph\">{\"@context\":\"https:\/\/schema.org\",\"@graph\":[{\"@type\":\"WebPage\",\"@id\":\"https:\/\/www.miomiorun.com\/de\/produkt\/neotrail-fx-one-superlite\/\",\"url\":\"https:\/\/www.miomiorun.com\/de\/produkt\/neotrail-fx-one-superlite\/\",\"name\":\"Leki Neotrail Fx.One Superlite - Running Stick - MioMioRun.com\",\"isPartOf\":{\"@id\":\"https:\/\/www.miomiorun.com\/de\/#website\"},\"primaryImageOfPage\":{\"@id\":\"https:\/\/www.miomiorun.com\/de\/produkt\/neotrail-fx-one-superlite\/#primaryimage\"},\"image\":{\"@id\":\"https:\/\/www.miomiorun.com\/de\/produkt\/neotrail-fx-one-superlite\/#primaryimage\"},\"thumbnailUrl\":\"https:\/\/www.miomiorun.com\/app\/uploads\/2022\/04\/leki-neotrail-FX.one-superlite-65225861.jpg\",\"datePublished\":\"2022-04-19T16:55:23+00:00\",\"dateModified\":\"2026-05-08T19:25:48+00:00\",\"description\":\"Der Neotrail FX.One Superlite ist Ihr ultraleichter Begleiter f\u00fcr Ihr n\u00e4chstes Trailrunning-Rennen! Er ist ein stabiler Carbonstock.\",\"breadcrumb\":{\"@id\":\"https:\/\/www.miomiorun.com\/de\/produkt\/neotrail-fx-one-superlite\/#breadcrumb\"},\"inLanguage\":\"de-DE\",\"potentialAction\":[{\"@type\":\"ReadAction\",\"target\":[\"https:\/\/www.miomiorun.com\/de\/produkt\/neotrail-fx-one-superlite\/\"]}]},{\"@type\":\"ImageObject\",\"inLanguage\":\"de-DE\",\"@id\":\"https:\/\/www.miomiorun.com\/de\/produkt\/neotrail-fx-one-superlite\/#primaryimage\",\"url\":\"https:\/\/www.miomiorun.com\/app\/uploads\/2022\/04\/leki-neotrail-FX.one-superlite-65225861.jpg\",\"contentUrl\":\"https:\/\/www.miomiorun.com\/app\/uploads\/2022\/04\/leki-neotrail-FX.one-superlite-65225861.jpg\",\"width\":600,\"height\":600,\"caption\":\"leki-neotrail-FX.one-superlite-65225861\"},{\"@type\":\"BreadcrumbList\",\"@id\":\"https:\/\/www.miomiorun.com\/de\/produkt\/neotrail-fx-one-superlite\/#breadcrumb\",\"itemListElement\":[{\"@type\":\"ListItem\",\"position\":1,\"name\":\"Home\",\"item\":\"https:\/\/www.miomiorun.com\/de\/\"},{\"@type\":\"ListItem\",\"position\":2,\"name\":\"Shop\",\"item\":\"https:\/\/www.miomiorun.com\/shop\/\"},{\"@type\":\"ListItem\",\"position\":3,\"name\":\"Neotrail Fx.One Superlite\"}]},{\"@type\":\"WebSite\",\"@id\":\"https:\/\/www.miomiorun.com\/de\/#website\",\"url\":\"https:\/\/www.miomiorun.com\/de\/\",\"name\":\"MioMioRun\",\"description\":\"100% Lauf- und Trailshop\",\"publisher\":{\"@id\":\"https:\/\/www.miomiorun.com\/de\/#organization\"},\"potentialAction\":[{\"@type\":\"SearchAction\",\"target\":{\"@type\":\"EntryPoint\",\"urlTemplate\":\"https:\/\/www.miomiorun.com\/de\/?s={search_term_string}\"},\"query-input\":{\"@type\":\"PropertyValueSpecification\",\"valueRequired\":true,\"valueName\":\"search_term_string\"}}],\"inLanguage\":\"de-DE\"},{\"@type\":\"Organization\",\"@id\":\"https:\/\/www.miomiorun.com\/de\/#organization\",\"name\":\"MioMio Run\",\"url\":\"https:\/\/www.miomiorun.com\/de\/\",\"logo\":{\"@type\":\"ImageObject\",\"inLanguage\":\"de-DE\",\"@id\":\"https:\/\/www.miomiorun.com\/de\/#\/schema\/logo\/image\/\",\"url\":\"https:\/\/www.miomiorun.com\/app\/uploads\/2019\/12\/logomio.png\",\"contentUrl\":\"https:\/\/www.miomiorun.com\/app\/uploads\/2019\/12\/logomio.png\",\"width\":115,\"height\":82,\"caption\":\"MioMio Run\"},\"image\":{\"@id\":\"https:\/\/www.miomiorun.com\/de\/#\/schema\/logo\/image\/\"},\"sameAs\":[\"https:\/\/www.facebook.com\/miomiorun\/\",\"https:\/\/www.instagram.com\/miomiorun\/\"]}]}<\/script>\n<!-- \/ Yoast SEO plugin. -->","yoast_head_json":{"title":"Leki Neotrail Fx.One Superlite - Running Stick - MioMioRun.com","description":"Der Neotrail FX.One Superlite ist Ihr ultraleichter Begleiter f\u00fcr Ihr n\u00e4chstes Trailrunning-Rennen! Er ist ein stabiler Carbonstock.","robots":{"index":"index","follow":"follow","max-snippet":"max-snippet:-1","max-image-preview":"max-image-preview:large","max-video-preview":"max-video-preview:-1"},"canonical":"https:\/\/www.miomiorun.com\/de\/produkt\/neotrail-fx-one-superlite\/","og_locale":"de_DE","og_type":"article","og_title":"Leki Neotrail Fx.One Superlite - Running Stick - MioMioRun.com","og_description":"Der Neotrail FX.One Superlite ist Ihr ultraleichter Begleiter f\u00fcr Ihr n\u00e4chstes Trailrunning-Rennen! Er ist ein stabiler Carbonstock.","og_url":"https:\/\/www.miomiorun.com\/de\/produkt\/neotrail-fx-one-superlite\/","og_site_name":"MioMioRun","article_publisher":"https:\/\/www.facebook.com\/miomiorun\/","article_modified_time":"2026-05-08T19:25:48+00:00","og_image":[{"width":600,"height":600,"url":"https:\/\/www.miomiorun.com\/app\/uploads\/2022\/04\/leki-neotrail-FX.one-superlite-65225861.jpg","type":"image\/jpeg"}],"twitter_card":"summary_large_image","twitter_misc":{"Est. reading time":"2 minutes"},"schema":{"@context":"https:\/\/schema.org","@graph":[{"@type":"WebPage","@id":"https:\/\/www.miomiorun.com\/de\/produkt\/neotrail-fx-one-superlite\/","url":"https:\/\/www.miomiorun.com\/de\/produkt\/neotrail-fx-one-superlite\/","name":"Leki Neotrail Fx.One Superlite - Running Stick - MioMioRun.com","isPartOf":{"@id":"https:\/\/www.miomiorun.com\/de\/#website"},"primaryImageOfPage":{"@id":"https:\/\/www.miomiorun.com\/de\/produkt\/neotrail-fx-one-superlite\/#primaryimage"},"image":{"@id":"https:\/\/www.miomiorun.com\/de\/produkt\/neotrail-fx-one-superlite\/#primaryimage"},"thumbnailUrl":"https:\/\/www.miomiorun.com\/app\/uploads\/2022\/04\/leki-neotrail-FX.one-superlite-65225861.jpg","datePublished":"2022-04-19T16:55:23+00:00","dateModified":"2026-05-08T19:25:48+00:00","description":"Der Neotrail FX.One Superlite ist Ihr ultraleichter Begleiter f\u00fcr Ihr n\u00e4chstes Trailrunning-Rennen! Er ist ein stabiler Carbonstock.","breadcrumb":{"@id":"https:\/\/www.miomiorun.com\/de\/produkt\/neotrail-fx-one-superlite\/#breadcrumb"},"inLanguage":"de-DE","potentialAction":[{"@type":"ReadAction","target":["https:\/\/www.miomiorun.com\/de\/produkt\/neotrail-fx-one-superlite\/"]}]},{"@type":"ImageObject","inLanguage":"de-DE","@id":"https:\/\/www.miomiorun.com\/de\/produkt\/neotrail-fx-one-superlite\/#primaryimage","url":"https:\/\/www.miomiorun.com\/app\/uploads\/2022\/04\/leki-neotrail-FX.one-superlite-65225861.jpg","contentUrl":"https:\/\/www.miomiorun.com\/app\/uploads\/2022\/04\/leki-neotrail-FX.one-superlite-65225861.jpg","width":600,"height":600,"caption":"leki-neotrail-FX.one-superlite-65225861"},{"@type":"BreadcrumbList","@id":"https:\/\/www.miomiorun.com\/de\/produkt\/neotrail-fx-one-superlite\/#breadcrumb","itemListElement":[{"@type":"ListItem","position":1,"name":"Home","item":"https:\/\/www.miomiorun.com\/de\/"},{"@type":"ListItem","position":2,"name":"Shop","item":"https:\/\/www.miomiorun.com\/shop\/"},{"@type":"ListItem","position":3,"name":"Neotrail Fx.One Superlite"}]},{"@type":"WebSite","@id":"https:\/\/www.miomiorun.com\/de\/#website","url":"https:\/\/www.miomiorun.com\/de\/","name":"MioMioRun","description":"100% Lauf- und Trailshop","publisher":{"@id":"https:\/\/www.miomiorun.com\/de\/#organization"},"potentialAction":[{"@type":"SearchAction","target":{"@type":"EntryPoint","urlTemplate":"https:\/\/www.miomiorun.com\/de\/?s={search_term_string}"},"query-input":{"@type":"PropertyValueSpecification","valueRequired":true,"valueName":"search_term_string"}}],"inLanguage":"de-DE"},{"@type":"Organization","@id":"https:\/\/www.miomiorun.com\/de\/#organization","name":"MioMio Run","url":"https:\/\/www.miomiorun.com\/de\/","logo":{"@type":"ImageObject","inLanguage":"de-DE","@id":"https:\/\/www.miomiorun.com\/de\/#\/schema\/logo\/image\/","url":"https:\/\/www.miomiorun.com\/app\/uploads\/2019\/12\/logomio.png","contentUrl":"https:\/\/www.miomiorun.com\/app\/uploads\/2019\/12\/logomio.png","width":115,"height":82,"caption":"MioMio Run"},"image":{"@id":"https:\/\/www.miomiorun.com\/de\/#\/schema\/logo\/image\/"},"sameAs":["https:\/\/www.facebook.com\/miomiorun\/","https:\/\/www.instagram.com\/miomiorun\/"]}]}},"_links":{"self":[{"href":"https:\/\/www.miomiorun.com\/de\/wp-json\/wp\/v2\/product\/87070","targetHints":{"allow":["GET"]}}],"collection":[{"href":"https:\/\/www.miomiorun.com\/de\/wp-json\/wp\/v2\/product"}],"about":[{"href":"https:\/\/www.miomiorun.com\/de\/wp-json\/wp\/v2\/types\/product"}],"wp:featuredmedia":[{"embeddable":true,"href":"https:\/\/www.miomiorun.com\/de\/wp-json\/wp\/v2\/media\/68145"}],"wp:attachment":[{"href":"https:\/\/www.miomiorun.com\/de\/wp-json\/wp\/v2\/media?parent=87070"}],"wp:term":[{"taxonomy":"product_brand","embeddable":true,"href":"https:\/\/www.miomiorun.com\/de\/wp-json\/wp\/v2\/product_brand?post=87070"},{"taxonomy":"product_cat","embeddable":true,"href":"https:\/\/www.miomiorun.com\/de\/wp-json\/wp\/v2\/product_cat?post=87070"},{"taxonomy":"product_tag","embeddable":true,"href":"https:\/\/www.miomiorun.com\/de\/wp-json\/wp\/v2\/product_tag?post=87070"}],"curies":[{"name":"wp","href":"https:\/\/api.w.org\/{rel}","templated":true}]}}