{"id":87042,"date":"2022-04-22T12:03:24","date_gmt":"2022-04-22T10:03:24","guid":{"rendered":"https:\/\/miomiorun.com\/prodotto\/lurbel-bib-pro\/"},"modified":"2022-10-04T12:12:49","modified_gmt":"2022-10-04T10:12:49","slug":"bib-pro","status":"publish","type":"product","link":"https:\/\/www.miomiorun.com\/de\/produkt\/bib-pro\/","title":{"rendered":"Bib Pro"},"content":{"rendered":"<p>Unisex Brustschildhalter. Dieses minimalistische Accessoire besteht aus zwei elastischen Verschl\u00fcssen, die den Brustpanzer halten, und zwei Hebeln zur Einstellung der Verschl\u00fcsse.<\/p>\n<p><strong>Verwendete Technologien:<\/strong><\/p>\n<p dir=\"ltr\" data-placeholder=\"Traduzione\"><img decoding=\"async\" class=\"img-responsive\" src=\"https:\/\/www.lurbel.ch\/images\/tecnologias2\/logos\/184_logoIDTneo_recycled.png\" \/><\/p>\n<p>Wenn es um den Komfort des Sportlers geht, ist das Feuchtigkeitsmanagement der Schl\u00fcssel.<\/p>\n<p>Wir haben nicht die Absicht, nur eine weitere Marke zu sein. Wir bieten den Sportlern nicht nur optimale technische Leistungen, sondern bem\u00fchen uns auch um Initiativen und Verfahren, die es uns erm\u00f6glichen, umweltfreundlicher zu sein.<br \/>\nAus diesem Grund wird bei der iDT Neo Recycled-Technologie nicht nur ein Querschnittspolyester verwendet, sondern auch recyceltes Polyester in dem Garn, das die ionisch karbonisierten Bambuspartikel tr\u00e4gt.<\/p>\n<p>Erh\u00f6hte Feuchtigkeitsausdehnung und vergr\u00f6\u00dferte Verdunstungsreichweite und Oberfl\u00e4che. Dank seiner f\u00fcnf Kan\u00e4le erh\u00f6ht seine Struktur die Schwei\u00dfmenge, die nach au\u00dfen abgeleitet wird, und trocknet sie schneller, so dass Ihr K\u00f6rper eine optimale Temperatur beh\u00e4lt.<\/p>\n<p>iDT Neo Recycled enth\u00e4lt Polyester aus recycelten Quellen.<\/p>\n<p>Das recycelte Polyester, auf dem die karbonisierten Bambusionenpartikel basieren, wird aus Industrieabf\u00e4llen aus der Textilkette gewonnen, zusammen mit ausgew\u00e4hlten PET-Beh\u00e4ltern, die geschreddert und extrudiert werden, bevor sie wiederaufbereitet und in neue Polymere umgewandelt werden.<\/p>\n<p>Dank unseres anspruchsvollen Lieferantenauswahlverfahrens ist unser Lieferant f\u00fcr recyceltes Polyester ein in Spanien ans\u00e4ssiges Unternehmen mit dem GRS-Siegel (Global Recycled Standard). Diese Zertifizierung garantiert nicht nur, dass es sich um ein umweltfreundlicheres Garn handelt, sondern auch, dass es alle Leistungsanforderungen des bisher in der iDT Neo-Technologie verwendeten neuen Polymers erf\u00fcllt.<\/p>\n<p><strong>Eigenschaften:<\/strong><\/p>\n<ul>\n<li>Ma\u00dfgeschneiderte Thermoregulation: transportiert mehr Feuchtigkeit nach au\u00dfen und trocknet schneller.<\/li>\n<li>Doppelte Geruchsbarriere: Ionisiertes Bambusgarn und ein Silbergitter verhindern gemeinsam die Vermehrung von geruchsverursachenden Bakterien.<\/li>\n<li>W\u00e4rmeregulatoren: W\u00e4rmed\u00e4mmung.<\/li>\n<li>Schutzfaktor SPF 50+.<\/li>\n<\/ul>\n<p><strong>Jetzt machen auch die Details einen Unterschied:<\/strong><\/p>\n<ul>\n<li><strong>Sie ist nat\u00fcrlicher und f\u00fchlt sich weicher an:<\/strong><\/li>\n<\/ul>\n<p>Die Zick-Zack-Struktur sorgt daf\u00fcr, dass sich das Material aufgrund seiner besonderen Form mit 5 Kan\u00e4len leicht biegen und dehnen l\u00e4sst (dies wird als schwammigere und weichere Textur empfunden).<\/p>\n<ul>\n<li><strong>Lebendigere Farben:<\/strong><\/li>\n<\/ul>\n<p>Die gr\u00f6\u00dfere Oberfl\u00e4che des neuen Polyestergarns erm\u00f6glicht eine bessere Absorption von Farbstoffen, wodurch die Farbe des Kleidungsst\u00fccks verst\u00e4rkt wird.<\/p>\n<ul>\n<li><strong>Gestreckte Wirkung:<\/strong><\/li>\n<\/ul>\n<p>Unabh\u00e4ngig von der Bewegung, die Sie ausf\u00fchren, stellt das iDT neo-Gewebe seine Struktur problemlos wieder her, sobald Sie keinen Druck mehr darauf aus\u00fcben.<\/p>\n","protected":false},"excerpt":{"rendered":"<p>Unisex Brustschildhalter. Dieses minimalistische Accessoire besteht aus zwei elastischen Verschl\u00fcssen, die den Brustpanzer halten, und zwei Hebeln zur Einstellung der Verschl\u00fcsse. Verwendete Technologien: Wenn es um den Komfort des Sportlers geht, ist das Feuchtigkeitsmanagement der Schl\u00fcssel. Wir haben nicht die Absicht, nur eine weitere Marke zu sein. Wir bieten den Sportlern nicht nur optimale technische &hellip; <a href=\"https:\/\/www.miomiorun.com\/de\/produkt\/bib-pro\/\">Continued<\/a><\/p>\n","protected":false},"featured_media":68196,"template":"","meta":{"_acf_changed":false,"inline_featured_image":false},"product_brand":[],"product_cat":[6342,6395],"product_tag":[6300,6299,6275],"class_list":{"0":"post-87042","1":"product","2":"type-product","3":"status-publish","4":"has-post-thumbnail","6":"product_cat-zubehoer","7":"product_cat-diverses-zubehoer-de","8":"product_tag-lurbel-de","9":"product_tag-lurbel-damen-de","10":"product_tag-lurbel-herren-de","11":"pa_attivita-running-de","12":"pa_marca-lurbel-de","13":"pa_sesso-damen","14":"pa_sesso-herren","15":"pa_size-medium-de","16":"pa_size-large-de","18":"first","19":"instock","20":"sale","21":"taxable","22":"shipping-taxable","23":"purchasable","24":"product-type-variable","25":"wvs-archive-product-wrapper"},"acf":[],"yoast_head":"<!-- This site is optimized with the Yoast SEO plugin v26.8 - https:\/\/yoast.com\/product\/yoast-seo-wordpress\/ -->\n<title>Lurbel Bib Pro - Pektoralhalter- MioMioRun<\/title>\n<meta name=\"description\" content=\"Unisex Brustschildhalter. Dieses minimalistische Accessoire besteht aus zwei elastischen Verschl\u00fcssen, die den Brustpanzer halten\" \/>\n<meta name=\"robots\" content=\"index, follow, max-snippet:-1, max-image-preview:large, max-video-preview:-1\" \/>\n<link rel=\"canonical\" href=\"https:\/\/www.miomiorun.com\/de\/produkt\/bib-pro\/\" \/>\n<meta property=\"og:locale\" content=\"de_DE\" \/>\n<meta property=\"og:type\" content=\"article\" \/>\n<meta property=\"og:title\" content=\"Lurbel Bib Pro - Pektoralhalter- MioMioRun\" \/>\n<meta property=\"og:description\" content=\"Unisex Brustschildhalter. Dieses minimalistische Accessoire besteht aus zwei elastischen Verschl\u00fcssen, die den Brustpanzer halten\" \/>\n<meta property=\"og:url\" content=\"https:\/\/www.miomiorun.com\/de\/produkt\/bib-pro\/\" \/>\n<meta property=\"og:site_name\" content=\"MioMioRun\" \/>\n<meta property=\"article:publisher\" content=\"https:\/\/www.facebook.com\/miomiorun\/\" \/>\n<meta property=\"article:modified_time\" content=\"2022-10-04T10:12:49+00:00\" \/>\n<meta property=\"og:image\" content=\"https:\/\/www.miomiorun.com\/app\/uploads\/2022\/04\/lurbel-bib-pro-00A7.729U.0000.jpg\" \/>\n\t<meta property=\"og:image:width\" content=\"600\" \/>\n\t<meta property=\"og:image:height\" content=\"600\" \/>\n\t<meta property=\"og:image:type\" content=\"image\/jpeg\" \/>\n<meta name=\"twitter:card\" content=\"summary_large_image\" \/>\n<meta name=\"twitter:label1\" content=\"Est. reading time\" \/>\n\t<meta name=\"twitter:data1\" content=\"3 minutes\" \/>\n<script type=\"application\/ld+json\" class=\"yoast-schema-graph\">{\"@context\":\"https:\/\/schema.org\",\"@graph\":[{\"@type\":\"WebPage\",\"@id\":\"https:\/\/www.miomiorun.com\/de\/produkt\/bib-pro\/\",\"url\":\"https:\/\/www.miomiorun.com\/de\/produkt\/bib-pro\/\",\"name\":\"Lurbel Bib Pro - Pektoralhalter- MioMioRun\",\"isPartOf\":{\"@id\":\"https:\/\/www.miomiorun.com\/de\/#website\"},\"primaryImageOfPage\":{\"@id\":\"https:\/\/www.miomiorun.com\/de\/produkt\/bib-pro\/#primaryimage\"},\"image\":{\"@id\":\"https:\/\/www.miomiorun.com\/de\/produkt\/bib-pro\/#primaryimage\"},\"thumbnailUrl\":\"https:\/\/www.miomiorun.com\/app\/uploads\/2022\/04\/lurbel-bib-pro-00A7.729U.0000.jpg\",\"datePublished\":\"2022-04-22T10:03:24+00:00\",\"dateModified\":\"2022-10-04T10:12:49+00:00\",\"description\":\"Unisex Brustschildhalter. Dieses minimalistische Accessoire besteht aus zwei elastischen Verschl\u00fcssen, die den Brustpanzer halten\",\"breadcrumb\":{\"@id\":\"https:\/\/www.miomiorun.com\/de\/produkt\/bib-pro\/#breadcrumb\"},\"inLanguage\":\"de-DE\",\"potentialAction\":[{\"@type\":\"ReadAction\",\"target\":[\"https:\/\/www.miomiorun.com\/de\/produkt\/bib-pro\/\"]}]},{\"@type\":\"ImageObject\",\"inLanguage\":\"de-DE\",\"@id\":\"https:\/\/www.miomiorun.com\/de\/produkt\/bib-pro\/#primaryimage\",\"url\":\"https:\/\/www.miomiorun.com\/app\/uploads\/2022\/04\/lurbel-bib-pro-00A7.729U.0000.jpg\",\"contentUrl\":\"https:\/\/www.miomiorun.com\/app\/uploads\/2022\/04\/lurbel-bib-pro-00A7.729U.0000.jpg\",\"width\":600,\"height\":600,\"caption\":\"lurbel-bib-pro-00A7.729U.0000\"},{\"@type\":\"BreadcrumbList\",\"@id\":\"https:\/\/www.miomiorun.com\/de\/produkt\/bib-pro\/#breadcrumb\",\"itemListElement\":[{\"@type\":\"ListItem\",\"position\":1,\"name\":\"Home\",\"item\":\"https:\/\/www.miomiorun.com\/de\/\"},{\"@type\":\"ListItem\",\"position\":2,\"name\":\"Shop\",\"item\":\"https:\/\/www.miomiorun.com\/shop\/\"},{\"@type\":\"ListItem\",\"position\":3,\"name\":\"Bib Pro\"}]},{\"@type\":\"WebSite\",\"@id\":\"https:\/\/www.miomiorun.com\/de\/#website\",\"url\":\"https:\/\/www.miomiorun.com\/de\/\",\"name\":\"MioMioRun\",\"description\":\"100% Lauf- und Trailshop\",\"publisher\":{\"@id\":\"https:\/\/www.miomiorun.com\/de\/#organization\"},\"potentialAction\":[{\"@type\":\"SearchAction\",\"target\":{\"@type\":\"EntryPoint\",\"urlTemplate\":\"https:\/\/www.miomiorun.com\/de\/?s={search_term_string}\"},\"query-input\":{\"@type\":\"PropertyValueSpecification\",\"valueRequired\":true,\"valueName\":\"search_term_string\"}}],\"inLanguage\":\"de-DE\"},{\"@type\":\"Organization\",\"@id\":\"https:\/\/www.miomiorun.com\/de\/#organization\",\"name\":\"MioMio Run\",\"url\":\"https:\/\/www.miomiorun.com\/de\/\",\"logo\":{\"@type\":\"ImageObject\",\"inLanguage\":\"de-DE\",\"@id\":\"https:\/\/www.miomiorun.com\/de\/#\/schema\/logo\/image\/\",\"url\":\"https:\/\/www.miomiorun.com\/app\/uploads\/2019\/12\/logomio.png\",\"contentUrl\":\"https:\/\/www.miomiorun.com\/app\/uploads\/2019\/12\/logomio.png\",\"width\":115,\"height\":82,\"caption\":\"MioMio Run\"},\"image\":{\"@id\":\"https:\/\/www.miomiorun.com\/de\/#\/schema\/logo\/image\/\"},\"sameAs\":[\"https:\/\/www.facebook.com\/miomiorun\/\",\"https:\/\/www.instagram.com\/miomiorun\/\"]}]}<\/script>\n<!-- \/ Yoast SEO plugin. -->","yoast_head_json":{"title":"Lurbel Bib Pro - Pektoralhalter- MioMioRun","description":"Unisex Brustschildhalter. Dieses minimalistische Accessoire besteht aus zwei elastischen Verschl\u00fcssen, die den Brustpanzer halten","robots":{"index":"index","follow":"follow","max-snippet":"max-snippet:-1","max-image-preview":"max-image-preview:large","max-video-preview":"max-video-preview:-1"},"canonical":"https:\/\/www.miomiorun.com\/de\/produkt\/bib-pro\/","og_locale":"de_DE","og_type":"article","og_title":"Lurbel Bib Pro - Pektoralhalter- MioMioRun","og_description":"Unisex Brustschildhalter. Dieses minimalistische Accessoire besteht aus zwei elastischen Verschl\u00fcssen, die den Brustpanzer halten","og_url":"https:\/\/www.miomiorun.com\/de\/produkt\/bib-pro\/","og_site_name":"MioMioRun","article_publisher":"https:\/\/www.facebook.com\/miomiorun\/","article_modified_time":"2022-10-04T10:12:49+00:00","og_image":[{"width":600,"height":600,"url":"https:\/\/www.miomiorun.com\/app\/uploads\/2022\/04\/lurbel-bib-pro-00A7.729U.0000.jpg","type":"image\/jpeg"}],"twitter_card":"summary_large_image","twitter_misc":{"Est. reading time":"3 minutes"},"schema":{"@context":"https:\/\/schema.org","@graph":[{"@type":"WebPage","@id":"https:\/\/www.miomiorun.com\/de\/produkt\/bib-pro\/","url":"https:\/\/www.miomiorun.com\/de\/produkt\/bib-pro\/","name":"Lurbel Bib Pro - Pektoralhalter- MioMioRun","isPartOf":{"@id":"https:\/\/www.miomiorun.com\/de\/#website"},"primaryImageOfPage":{"@id":"https:\/\/www.miomiorun.com\/de\/produkt\/bib-pro\/#primaryimage"},"image":{"@id":"https:\/\/www.miomiorun.com\/de\/produkt\/bib-pro\/#primaryimage"},"thumbnailUrl":"https:\/\/www.miomiorun.com\/app\/uploads\/2022\/04\/lurbel-bib-pro-00A7.729U.0000.jpg","datePublished":"2022-04-22T10:03:24+00:00","dateModified":"2022-10-04T10:12:49+00:00","description":"Unisex Brustschildhalter. Dieses minimalistische Accessoire besteht aus zwei elastischen Verschl\u00fcssen, die den Brustpanzer halten","breadcrumb":{"@id":"https:\/\/www.miomiorun.com\/de\/produkt\/bib-pro\/#breadcrumb"},"inLanguage":"de-DE","potentialAction":[{"@type":"ReadAction","target":["https:\/\/www.miomiorun.com\/de\/produkt\/bib-pro\/"]}]},{"@type":"ImageObject","inLanguage":"de-DE","@id":"https:\/\/www.miomiorun.com\/de\/produkt\/bib-pro\/#primaryimage","url":"https:\/\/www.miomiorun.com\/app\/uploads\/2022\/04\/lurbel-bib-pro-00A7.729U.0000.jpg","contentUrl":"https:\/\/www.miomiorun.com\/app\/uploads\/2022\/04\/lurbel-bib-pro-00A7.729U.0000.jpg","width":600,"height":600,"caption":"lurbel-bib-pro-00A7.729U.0000"},{"@type":"BreadcrumbList","@id":"https:\/\/www.miomiorun.com\/de\/produkt\/bib-pro\/#breadcrumb","itemListElement":[{"@type":"ListItem","position":1,"name":"Home","item":"https:\/\/www.miomiorun.com\/de\/"},{"@type":"ListItem","position":2,"name":"Shop","item":"https:\/\/www.miomiorun.com\/shop\/"},{"@type":"ListItem","position":3,"name":"Bib Pro"}]},{"@type":"WebSite","@id":"https:\/\/www.miomiorun.com\/de\/#website","url":"https:\/\/www.miomiorun.com\/de\/","name":"MioMioRun","description":"100% Lauf- und Trailshop","publisher":{"@id":"https:\/\/www.miomiorun.com\/de\/#organization"},"potentialAction":[{"@type":"SearchAction","target":{"@type":"EntryPoint","urlTemplate":"https:\/\/www.miomiorun.com\/de\/?s={search_term_string}"},"query-input":{"@type":"PropertyValueSpecification","valueRequired":true,"valueName":"search_term_string"}}],"inLanguage":"de-DE"},{"@type":"Organization","@id":"https:\/\/www.miomiorun.com\/de\/#organization","name":"MioMio Run","url":"https:\/\/www.miomiorun.com\/de\/","logo":{"@type":"ImageObject","inLanguage":"de-DE","@id":"https:\/\/www.miomiorun.com\/de\/#\/schema\/logo\/image\/","url":"https:\/\/www.miomiorun.com\/app\/uploads\/2019\/12\/logomio.png","contentUrl":"https:\/\/www.miomiorun.com\/app\/uploads\/2019\/12\/logomio.png","width":115,"height":82,"caption":"MioMio Run"},"image":{"@id":"https:\/\/www.miomiorun.com\/de\/#\/schema\/logo\/image\/"},"sameAs":["https:\/\/www.facebook.com\/miomiorun\/","https:\/\/www.instagram.com\/miomiorun\/"]}]}},"_links":{"self":[{"href":"https:\/\/www.miomiorun.com\/de\/wp-json\/wp\/v2\/product\/87042","targetHints":{"allow":["GET"]}}],"collection":[{"href":"https:\/\/www.miomiorun.com\/de\/wp-json\/wp\/v2\/product"}],"about":[{"href":"https:\/\/www.miomiorun.com\/de\/wp-json\/wp\/v2\/types\/product"}],"wp:featuredmedia":[{"embeddable":true,"href":"https:\/\/www.miomiorun.com\/de\/wp-json\/wp\/v2\/media\/68196"}],"wp:attachment":[{"href":"https:\/\/www.miomiorun.com\/de\/wp-json\/wp\/v2\/media?parent=87042"}],"wp:term":[{"taxonomy":"product_brand","embeddable":true,"href":"https:\/\/www.miomiorun.com\/de\/wp-json\/wp\/v2\/product_brand?post=87042"},{"taxonomy":"product_cat","embeddable":true,"href":"https:\/\/www.miomiorun.com\/de\/wp-json\/wp\/v2\/product_cat?post=87042"},{"taxonomy":"product_tag","embeddable":true,"href":"https:\/\/www.miomiorun.com\/de\/wp-json\/wp\/v2\/product_tag?post=87042"}],"curies":[{"name":"wp","href":"https:\/\/api.w.org\/{rel}","templated":true}]}}