{"id":87027,"date":"2022-05-26T09:54:19","date_gmt":"2022-05-26T07:54:19","guid":{"rendered":"https:\/\/miomiorun.com\/prodotto\/bliz-hero-small-spare-lens\/"},"modified":"2022-09-30T19:26:27","modified_gmt":"2022-09-30T17:26:27","slug":"bliz-hero-small-spare-lens","status":"publish","type":"product","link":"https:\/\/www.miomiorun.com\/de\/produkt\/bliz-hero-small-spare-lens\/","title":{"rendered":"Hero Small Spare Lens"},"content":{"rendered":"<div class=\"vc-row container\"><div class=\"vc-column\"><div class=\"vc-column-text\">Klare Ersatzgl\u00e4ser, passend f\u00fcr Hero Small Sportbrille. Filterkategorie 0, f\u00fcr dunkle Bedingungen.<\/p>\n<h3>Allgemeine Eigenschaften<\/h3>\n<p>Bliz bietet eine gro\u00dfe Auswahl an hochwertigen Zusatzgl\u00e4sern f\u00fcr unsere verschiedenen Sportbrillen. Die Bliz-Brille ist so konzipiert, dass sich die Gl\u00e4ser bei unterschiedlichen Wetter- und Lichtverh\u00e4ltnissen leicht austauschen lassen. Alles, um Ihre Flexibilit\u00e4t beim Aus\u00fcben verschiedener Sportarten zu maximieren.<\/p>\n<h3>Objektivfilter<\/h3>\n<p>0 = \u2745\u2601 Dunkle Bedingungen wie D\u00e4mmerung, Nacht, drinnen, verschneit oder bew\u00f6lkt. LT 80-100%<br \/>\n1 = \u2601 Flache Lichtverh\u00e4ltnisse, erh\u00f6ht den Kontrast und hellt die Landschaft auf. LT 43-80%<br \/>\n2 = \u2601\u2600 Erh\u00f6ht den Kontrast, ideal f\u00fcr helle Tage mit viel Sonne. LT 18-43%<br \/>\n3 = \u2600 F\u00fcr helle Bedingungen. LT 8-18%<br \/>\n4 = \u2600\u2600 Au\u00dfergew\u00f6hnlich starke Sonneneinstrahlung. LT 3-8%<\/p>\n<p id=\"tw-target-text\" class=\"tw-data-text tw-text-large tw-ta\" dir=\"ltr\" data-placeholder=\"Traduzione\"><span class=\"Y2IQFc\" lang=\"it\"><span lang=\"EN-US\">\u00a0<\/span><\/span><\/p>\n<p><\/div><\/div><\/div>\n","protected":false},"excerpt":{"rendered":"","protected":false},"featured_media":72362,"template":"","meta":{"_acf_changed":false,"inline_featured_image":false},"product_brand":[],"product_cat":[6342,6368],"product_tag":[3361],"class_list":{"0":"post-87027","1":"product","2":"type-product","3":"status-publish","4":"has-post-thumbnail","6":"product_cat-zubehoer","7":"product_cat-laufbrille-zubehoer-laufen-de","8":"product_tag-bliz-de","9":"pa_attivita-gehen","10":"pa_attivita-outdoor-de","11":"pa_attivita-running-de","12":"pa_attivita-trail-de","13":"pa_marca-bliz-de","14":"pa_sesso-damen","15":"pa_sesso-herren","17":"first","18":"instock","19":"sale","20":"taxable","21":"shipping-taxable","22":"purchasable","23":"product-type-simple"},"acf":[],"yoast_head":"<!-- This site is optimized with the Yoast SEO plugin v26.8 - https:\/\/yoast.com\/product\/yoast-seo-wordpress\/ -->\n<title>Bliz Hero Small Spare Lens - Laufende Brille - MioMioRun.com<\/title>\n<meta name=\"description\" content=\"Bliz bietet eine gro\u00dfe Auswahl an hochwertigen Zusatzgl\u00e4sern f\u00fcr unsere verschiedenen Sportbrillen. Die Bliz-Brille ist so konzipiert, dass sich die Gl\u00e4ser .\" \/>\n<meta name=\"robots\" content=\"index, follow, max-snippet:-1, max-image-preview:large, max-video-preview:-1\" \/>\n<link rel=\"canonical\" href=\"https:\/\/www.miomiorun.com\/de\/produkt\/bliz-hero-small-spare-lens\/\" \/>\n<meta property=\"og:locale\" content=\"de_DE\" \/>\n<meta property=\"og:type\" content=\"article\" \/>\n<meta property=\"og:title\" content=\"Bliz Hero Small Spare Lens - Laufende Brille - MioMioRun.com\" \/>\n<meta property=\"og:description\" content=\"Bliz bietet eine gro\u00dfe Auswahl an hochwertigen Zusatzgl\u00e4sern f\u00fcr unsere verschiedenen Sportbrillen. Die Bliz-Brille ist so konzipiert, dass sich die Gl\u00e4ser .\" \/>\n<meta property=\"og:url\" content=\"https:\/\/www.miomiorun.com\/de\/produkt\/bliz-hero-small-spare-lens\/\" \/>\n<meta property=\"og:site_name\" content=\"MioMioRun\" \/>\n<meta property=\"article:publisher\" content=\"https:\/\/www.facebook.com\/miomiorun\/\" \/>\n<meta property=\"article:modified_time\" content=\"2022-09-30T17:26:27+00:00\" \/>\n<meta property=\"og:image\" content=\"https:\/\/www.miomiorun.com\/app\/uploads\/2022\/05\/bliz-hero-small-spare-lenses-52211-L0.jpg\" \/>\n\t<meta property=\"og:image:width\" content=\"600\" \/>\n\t<meta property=\"og:image:height\" content=\"600\" \/>\n\t<meta property=\"og:image:type\" content=\"image\/jpeg\" \/>\n<meta name=\"twitter:card\" content=\"summary_large_image\" \/>\n<meta name=\"twitter:label1\" content=\"Est. reading time\" \/>\n\t<meta name=\"twitter:data1\" content=\"1 minute\" \/>\n<script type=\"application\/ld+json\" class=\"yoast-schema-graph\">{\"@context\":\"https:\/\/schema.org\",\"@graph\":[{\"@type\":\"WebPage\",\"@id\":\"https:\/\/www.miomiorun.com\/de\/produkt\/bliz-hero-small-spare-lens\/\",\"url\":\"https:\/\/www.miomiorun.com\/de\/produkt\/bliz-hero-small-spare-lens\/\",\"name\":\"Bliz Hero Small Spare Lens - Laufende Brille - MioMioRun.com\",\"isPartOf\":{\"@id\":\"https:\/\/www.miomiorun.com\/de\/#website\"},\"primaryImageOfPage\":{\"@id\":\"https:\/\/www.miomiorun.com\/de\/produkt\/bliz-hero-small-spare-lens\/#primaryimage\"},\"image\":{\"@id\":\"https:\/\/www.miomiorun.com\/de\/produkt\/bliz-hero-small-spare-lens\/#primaryimage\"},\"thumbnailUrl\":\"https:\/\/www.miomiorun.com\/app\/uploads\/2022\/05\/bliz-hero-small-spare-lenses-52211-L0.jpg\",\"datePublished\":\"2022-05-26T07:54:19+00:00\",\"dateModified\":\"2022-09-30T17:26:27+00:00\",\"description\":\"Bliz bietet eine gro\u00dfe Auswahl an hochwertigen Zusatzgl\u00e4sern f\u00fcr unsere verschiedenen Sportbrillen. Die Bliz-Brille ist so konzipiert, dass sich die Gl\u00e4ser .\",\"breadcrumb\":{\"@id\":\"https:\/\/www.miomiorun.com\/de\/produkt\/bliz-hero-small-spare-lens\/#breadcrumb\"},\"inLanguage\":\"de-DE\",\"potentialAction\":[{\"@type\":\"ReadAction\",\"target\":[\"https:\/\/www.miomiorun.com\/de\/produkt\/bliz-hero-small-spare-lens\/\"]}]},{\"@type\":\"ImageObject\",\"inLanguage\":\"de-DE\",\"@id\":\"https:\/\/www.miomiorun.com\/de\/produkt\/bliz-hero-small-spare-lens\/#primaryimage\",\"url\":\"https:\/\/www.miomiorun.com\/app\/uploads\/2022\/05\/bliz-hero-small-spare-lenses-52211-L0.jpg\",\"contentUrl\":\"https:\/\/www.miomiorun.com\/app\/uploads\/2022\/05\/bliz-hero-small-spare-lenses-52211-L0.jpg\",\"width\":600,\"height\":600,\"caption\":\"bliz-hero-small-spare-lenses-52211-L0\"},{\"@type\":\"BreadcrumbList\",\"@id\":\"https:\/\/www.miomiorun.com\/de\/produkt\/bliz-hero-small-spare-lens\/#breadcrumb\",\"itemListElement\":[{\"@type\":\"ListItem\",\"position\":1,\"name\":\"Home\",\"item\":\"https:\/\/www.miomiorun.com\/de\/\"},{\"@type\":\"ListItem\",\"position\":2,\"name\":\"Shop\",\"item\":\"https:\/\/www.miomiorun.com\/shop\/\"},{\"@type\":\"ListItem\",\"position\":3,\"name\":\"Hero Small Spare Lens\"}]},{\"@type\":\"WebSite\",\"@id\":\"https:\/\/www.miomiorun.com\/de\/#website\",\"url\":\"https:\/\/www.miomiorun.com\/de\/\",\"name\":\"MioMioRun\",\"description\":\"100% Lauf- und Trailshop\",\"publisher\":{\"@id\":\"https:\/\/www.miomiorun.com\/de\/#organization\"},\"potentialAction\":[{\"@type\":\"SearchAction\",\"target\":{\"@type\":\"EntryPoint\",\"urlTemplate\":\"https:\/\/www.miomiorun.com\/de\/?s={search_term_string}\"},\"query-input\":{\"@type\":\"PropertyValueSpecification\",\"valueRequired\":true,\"valueName\":\"search_term_string\"}}],\"inLanguage\":\"de-DE\"},{\"@type\":\"Organization\",\"@id\":\"https:\/\/www.miomiorun.com\/de\/#organization\",\"name\":\"MioMio Run\",\"url\":\"https:\/\/www.miomiorun.com\/de\/\",\"logo\":{\"@type\":\"ImageObject\",\"inLanguage\":\"de-DE\",\"@id\":\"https:\/\/www.miomiorun.com\/de\/#\/schema\/logo\/image\/\",\"url\":\"https:\/\/www.miomiorun.com\/app\/uploads\/2019\/12\/logomio.png\",\"contentUrl\":\"https:\/\/www.miomiorun.com\/app\/uploads\/2019\/12\/logomio.png\",\"width\":115,\"height\":82,\"caption\":\"MioMio Run\"},\"image\":{\"@id\":\"https:\/\/www.miomiorun.com\/de\/#\/schema\/logo\/image\/\"},\"sameAs\":[\"https:\/\/www.facebook.com\/miomiorun\/\",\"https:\/\/www.instagram.com\/miomiorun\/\"]}]}<\/script>\n<!-- \/ Yoast SEO plugin. -->","yoast_head_json":{"title":"Bliz Hero Small Spare Lens - Laufende Brille - MioMioRun.com","description":"Bliz bietet eine gro\u00dfe Auswahl an hochwertigen Zusatzgl\u00e4sern f\u00fcr unsere verschiedenen Sportbrillen. Die Bliz-Brille ist so konzipiert, dass sich die Gl\u00e4ser .","robots":{"index":"index","follow":"follow","max-snippet":"max-snippet:-1","max-image-preview":"max-image-preview:large","max-video-preview":"max-video-preview:-1"},"canonical":"https:\/\/www.miomiorun.com\/de\/produkt\/bliz-hero-small-spare-lens\/","og_locale":"de_DE","og_type":"article","og_title":"Bliz Hero Small Spare Lens - Laufende Brille - MioMioRun.com","og_description":"Bliz bietet eine gro\u00dfe Auswahl an hochwertigen Zusatzgl\u00e4sern f\u00fcr unsere verschiedenen Sportbrillen. Die Bliz-Brille ist so konzipiert, dass sich die Gl\u00e4ser .","og_url":"https:\/\/www.miomiorun.com\/de\/produkt\/bliz-hero-small-spare-lens\/","og_site_name":"MioMioRun","article_publisher":"https:\/\/www.facebook.com\/miomiorun\/","article_modified_time":"2022-09-30T17:26:27+00:00","og_image":[{"width":600,"height":600,"url":"https:\/\/www.miomiorun.com\/app\/uploads\/2022\/05\/bliz-hero-small-spare-lenses-52211-L0.jpg","type":"image\/jpeg"}],"twitter_card":"summary_large_image","twitter_misc":{"Est. reading time":"1 minute"},"schema":{"@context":"https:\/\/schema.org","@graph":[{"@type":"WebPage","@id":"https:\/\/www.miomiorun.com\/de\/produkt\/bliz-hero-small-spare-lens\/","url":"https:\/\/www.miomiorun.com\/de\/produkt\/bliz-hero-small-spare-lens\/","name":"Bliz Hero Small Spare Lens - Laufende Brille - MioMioRun.com","isPartOf":{"@id":"https:\/\/www.miomiorun.com\/de\/#website"},"primaryImageOfPage":{"@id":"https:\/\/www.miomiorun.com\/de\/produkt\/bliz-hero-small-spare-lens\/#primaryimage"},"image":{"@id":"https:\/\/www.miomiorun.com\/de\/produkt\/bliz-hero-small-spare-lens\/#primaryimage"},"thumbnailUrl":"https:\/\/www.miomiorun.com\/app\/uploads\/2022\/05\/bliz-hero-small-spare-lenses-52211-L0.jpg","datePublished":"2022-05-26T07:54:19+00:00","dateModified":"2022-09-30T17:26:27+00:00","description":"Bliz bietet eine gro\u00dfe Auswahl an hochwertigen Zusatzgl\u00e4sern f\u00fcr unsere verschiedenen Sportbrillen. Die Bliz-Brille ist so konzipiert, dass sich die Gl\u00e4ser .","breadcrumb":{"@id":"https:\/\/www.miomiorun.com\/de\/produkt\/bliz-hero-small-spare-lens\/#breadcrumb"},"inLanguage":"de-DE","potentialAction":[{"@type":"ReadAction","target":["https:\/\/www.miomiorun.com\/de\/produkt\/bliz-hero-small-spare-lens\/"]}]},{"@type":"ImageObject","inLanguage":"de-DE","@id":"https:\/\/www.miomiorun.com\/de\/produkt\/bliz-hero-small-spare-lens\/#primaryimage","url":"https:\/\/www.miomiorun.com\/app\/uploads\/2022\/05\/bliz-hero-small-spare-lenses-52211-L0.jpg","contentUrl":"https:\/\/www.miomiorun.com\/app\/uploads\/2022\/05\/bliz-hero-small-spare-lenses-52211-L0.jpg","width":600,"height":600,"caption":"bliz-hero-small-spare-lenses-52211-L0"},{"@type":"BreadcrumbList","@id":"https:\/\/www.miomiorun.com\/de\/produkt\/bliz-hero-small-spare-lens\/#breadcrumb","itemListElement":[{"@type":"ListItem","position":1,"name":"Home","item":"https:\/\/www.miomiorun.com\/de\/"},{"@type":"ListItem","position":2,"name":"Shop","item":"https:\/\/www.miomiorun.com\/shop\/"},{"@type":"ListItem","position":3,"name":"Hero Small Spare Lens"}]},{"@type":"WebSite","@id":"https:\/\/www.miomiorun.com\/de\/#website","url":"https:\/\/www.miomiorun.com\/de\/","name":"MioMioRun","description":"100% Lauf- und Trailshop","publisher":{"@id":"https:\/\/www.miomiorun.com\/de\/#organization"},"potentialAction":[{"@type":"SearchAction","target":{"@type":"EntryPoint","urlTemplate":"https:\/\/www.miomiorun.com\/de\/?s={search_term_string}"},"query-input":{"@type":"PropertyValueSpecification","valueRequired":true,"valueName":"search_term_string"}}],"inLanguage":"de-DE"},{"@type":"Organization","@id":"https:\/\/www.miomiorun.com\/de\/#organization","name":"MioMio Run","url":"https:\/\/www.miomiorun.com\/de\/","logo":{"@type":"ImageObject","inLanguage":"de-DE","@id":"https:\/\/www.miomiorun.com\/de\/#\/schema\/logo\/image\/","url":"https:\/\/www.miomiorun.com\/app\/uploads\/2019\/12\/logomio.png","contentUrl":"https:\/\/www.miomiorun.com\/app\/uploads\/2019\/12\/logomio.png","width":115,"height":82,"caption":"MioMio Run"},"image":{"@id":"https:\/\/www.miomiorun.com\/de\/#\/schema\/logo\/image\/"},"sameAs":["https:\/\/www.facebook.com\/miomiorun\/","https:\/\/www.instagram.com\/miomiorun\/"]}]}},"_links":{"self":[{"href":"https:\/\/www.miomiorun.com\/de\/wp-json\/wp\/v2\/product\/87027","targetHints":{"allow":["GET"]}}],"collection":[{"href":"https:\/\/www.miomiorun.com\/de\/wp-json\/wp\/v2\/product"}],"about":[{"href":"https:\/\/www.miomiorun.com\/de\/wp-json\/wp\/v2\/types\/product"}],"wp:featuredmedia":[{"embeddable":true,"href":"https:\/\/www.miomiorun.com\/de\/wp-json\/wp\/v2\/media\/72362"}],"wp:attachment":[{"href":"https:\/\/www.miomiorun.com\/de\/wp-json\/wp\/v2\/media?parent=87027"}],"wp:term":[{"taxonomy":"product_brand","embeddable":true,"href":"https:\/\/www.miomiorun.com\/de\/wp-json\/wp\/v2\/product_brand?post=87027"},{"taxonomy":"product_cat","embeddable":true,"href":"https:\/\/www.miomiorun.com\/de\/wp-json\/wp\/v2\/product_cat?post=87027"},{"taxonomy":"product_tag","embeddable":true,"href":"https:\/\/www.miomiorun.com\/de\/wp-json\/wp\/v2\/product_tag?post=87027"}],"curies":[{"name":"wp","href":"https:\/\/api.w.org\/{rel}","templated":true}]}}