{"id":86828,"date":"2022-09-29T11:28:50","date_gmt":"2022-09-29T09:28:50","guid":{"rendered":"https:\/\/miomiorun.com\/?post_type=product&#038;p=86828"},"modified":"2026-05-08T21:30:14","modified_gmt":"2026-05-08T19:30:14","slug":"ikarus-pant-herren","status":"publish","type":"product","link":"https:\/\/www.miomiorun.com\/de\/produkt\/ikarus-pant-herren\/","title":{"rendered":"Ikarus Pant herren"},"content":{"rendered":"<p>Eine technische und vielseitige Hose mit verstellbarem Bund und Hosentr\u00e4gerhaken. Die Herrenversion der <strong>Ikarus Pant<\/strong> ist ein Muss f\u00fcr alle Skitourengeher.<\/p>\n<h3>Technische Informationen:<\/h3>\n<p><img decoding=\"async\" src=\"https:\/\/www.lasportiva.com\/media\/techinfo_icons\/traspirabilita.png\" alt=\"La Sportiva\" \/><\/p>\n<p><strong>Atmungsaktivit\u00e4t:<\/strong><br \/>\nHochgradig atmungsaktive Produkte f\u00fcr optimalen Klimakomfort.<\/p>\n<p><img loading=\"lazy\" decoding=\"async\" class=\" ls-is-cached lazyloaded\" src=\"https:\/\/www.lasportiva.com\/media\/techinfo_icons\/slim-fit.png\" alt=\"La Sportiva\" width=\"74\" height=\"74\" data-src=\"https:\/\/www.lasportiva.com\/media\/techinfo_icons\/slim-fit.png\" \/><\/p>\n<p><strong>Schlanke Passform:<\/strong><br \/>\nSehr enge Passform f\u00fcr maximale Rennleistung.<\/p>\n<p><img decoding=\"async\" src=\"https:\/\/www.lasportiva.com\/media\/techinfo_icons\/i\/d\/idrorepellenza_1.png\" alt=\"La Sportiva\" \/><\/p>\n<p><strong>Wasserfest:<\/strong><br \/>\nF\u00fcr den Einsatz bei starkem Regen, Wind oder Schnee.<\/p>\n<p><img decoding=\"async\" src=\"https:\/\/www.lasportiva.com\/media\/techinfo_icons\/wind-stop.png\" alt=\"La Sportiva\" \/><\/p>\n<p><strong>Windstopp:<\/strong><br \/>\nKleidungsst\u00fccke aus winddichten Materialien<\/p>\n<p>&nbsp;<\/p>\n<p><img decoding=\"async\" src=\"https:\/\/www.lasportiva.com\/media\/techinfo_icons\/l\/3\/l3.png\" alt=\"La Sportiva\" \/><\/p>\n<p><strong>Soft Shell &amp; Hybrid Layer<\/strong><\/p>\n<p><img decoding=\"async\" src=\"https:\/\/www.lasportiva.com\/media\/techinfo_icons\/i\/d\/idrobreathe_icona_125x75.png\" alt=\"La Sportiva\" \/><\/p>\n<p><strong>IDROBREATH:<\/strong><br \/>\nIdro Breath ist die wasserabweisende und atmungsaktive Membran, die von La Sportiva entwickelt wurde, um maximalen Schutz vor Witterungseinfl\u00fcssen zu gew\u00e4hrleisten und gleichzeitig die Umwelt zu schonen.<br \/>\nIdro Breath ist vollst\u00e4ndig PFC-frei und Bluesign\u00ae-zertifiziert.<br \/>\nDie Wasserabweisung wird durch ein Gewebe mit einer Wassers\u00e4ule von <strong>20.000<\/strong> mm gew\u00e4hrleistet.<\/p>\n<p><strong>Passform:<\/strong> Schlank<br \/>\n<strong>Material:<\/strong> Hauptmaterial: (SSM01) Obermaterial: 100% Recyceltes Polyester &#8211; Membrane: 100% Polyurethan &#8211; R\u00fcckseite: 100% Polyester &#8211; Einsatz: (HDL01) Obermaterial: 100% Polyester &#8211; Membrane: 100% Polyurethan &#8211; R\u00fcckseite: 100% Polyester &#8211; Verst\u00e4rkung: (RIF05) 61% Polyamid, 31% Polyester, 8% Elastan<\/p>\n<p><strong>Gewicht:<\/strong> 406 g (L)<\/p>\n<p>&nbsp;<\/p>\n","protected":false},"excerpt":{"rendered":"<p>Eine technische und vielseitige Hose mit verstellbarem Bund und Hosentr\u00e4gerhaken. Die Herrenversion der Ikarus Pant ist ein Muss f\u00fcr alle Skitourengeher. Technische Informationen: Atmungsaktivit\u00e4t: Hochgradig atmungsaktive Produkte f\u00fcr optimalen Klimakomfort. Schlanke Passform: Sehr enge Passform f\u00fcr maximale Rennleistung. Wasserfest: F\u00fcr den Einsatz bei starkem Regen, Wind oder Schnee. Windstopp: Kleidungsst\u00fccke aus winddichten Materialien &nbsp; Soft &hellip; <a href=\"https:\/\/www.miomiorun.com\/de\/produkt\/ikarus-pant-herren\/\">Continued<\/a><\/p>\n","protected":false},"featured_media":86805,"template":"","meta":{"_acf_changed":false,"inline_featured_image":false},"product_brand":[],"product_cat":[6515,6540,6509],"product_tag":[6248,6218],"class_list":{"0":"post-86828","1":"product","2":"type-product","3":"status-publish","4":"has-post-thumbnail","6":"product_cat-herren-de","7":"product_cat-herrenbekleidung","8":"product_cat-lange-hosen","9":"product_tag-la-sportiva-de","10":"product_tag-la-sportiva-herren-de","11":"pa_attivita-outdoor-de","12":"pa_colore-ikarus-pant-crystal-sangria-de","13":"pa_marca-la-sportiva-de","14":"pa_sesso-herren","15":"pa_size-small-de","16":"pa_size-medium-de","17":"pa_size-large-de","18":"pa_size-extra-large-de","20":"first","21":"instock","22":"sale","23":"taxable","24":"shipping-taxable","25":"purchasable","26":"product-type-variable","27":"wvs-archive-product-wrapper"},"acf":[],"yoast_head":"<!-- This site is optimized with the Yoast SEO plugin v26.8 - https:\/\/yoast.com\/product\/yoast-seo-wordpress\/ -->\n<title>La Sportiva Ikarus Pant herren - Lange Hosen - MioMioRun<\/title>\n<meta name=\"description\" content=\"Eine technische und vielseitige Hose mit verstellbarem Bund und Hosentr\u00e4gerhaken. Die Herrenversion der Ikarus Pant ist ein Muss f\u00fcr alle Skitourengeher.\" \/>\n<meta name=\"robots\" content=\"index, follow, max-snippet:-1, max-image-preview:large, max-video-preview:-1\" \/>\n<link rel=\"canonical\" href=\"https:\/\/www.miomiorun.com\/de\/produkt\/ikarus-pant-herren\/\" \/>\n<meta property=\"og:locale\" content=\"de_DE\" \/>\n<meta property=\"og:type\" content=\"article\" \/>\n<meta property=\"og:title\" content=\"La Sportiva Ikarus Pant herren - Lange Hosen - MioMioRun\" \/>\n<meta property=\"og:description\" content=\"Eine technische und vielseitige Hose mit verstellbarem Bund und Hosentr\u00e4gerhaken. Die Herrenversion der Ikarus Pant ist ein Muss f\u00fcr alle Skitourengeher.\" \/>\n<meta property=\"og:url\" content=\"https:\/\/www.miomiorun.com\/de\/produkt\/ikarus-pant-herren\/\" \/>\n<meta property=\"og:site_name\" content=\"MioMioRun\" \/>\n<meta property=\"article:publisher\" content=\"https:\/\/www.facebook.com\/miomiorun\/\" \/>\n<meta property=\"article:modified_time\" content=\"2026-05-08T19:30:14+00:00\" \/>\n<meta property=\"og:image\" content=\"https:\/\/www.miomiorun.com\/app\/uploads\/2022\/09\/la-sportiva-ikarus-pant-crystal-sangria-L60635320.jpg\" \/>\n\t<meta property=\"og:image:width\" content=\"600\" \/>\n\t<meta property=\"og:image:height\" content=\"600\" \/>\n\t<meta property=\"og:image:type\" content=\"image\/jpeg\" \/>\n<meta name=\"twitter:card\" content=\"summary_large_image\" \/>\n<meta name=\"twitter:label1\" content=\"Est. reading time\" \/>\n\t<meta name=\"twitter:data1\" content=\"2 minutes\" \/>\n<script type=\"application\/ld+json\" class=\"yoast-schema-graph\">{\"@context\":\"https:\/\/schema.org\",\"@graph\":[{\"@type\":\"WebPage\",\"@id\":\"https:\/\/www.miomiorun.com\/de\/produkt\/ikarus-pant-herren\/\",\"url\":\"https:\/\/www.miomiorun.com\/de\/produkt\/ikarus-pant-herren\/\",\"name\":\"La Sportiva Ikarus Pant herren - Lange Hosen - MioMioRun\",\"isPartOf\":{\"@id\":\"https:\/\/www.miomiorun.com\/de\/#website\"},\"primaryImageOfPage\":{\"@id\":\"https:\/\/www.miomiorun.com\/de\/produkt\/ikarus-pant-herren\/#primaryimage\"},\"image\":{\"@id\":\"https:\/\/www.miomiorun.com\/de\/produkt\/ikarus-pant-herren\/#primaryimage\"},\"thumbnailUrl\":\"https:\/\/www.miomiorun.com\/app\/uploads\/2022\/09\/la-sportiva-ikarus-pant-crystal-sangria-L60635320.jpg\",\"datePublished\":\"2022-09-29T09:28:50+00:00\",\"dateModified\":\"2026-05-08T19:30:14+00:00\",\"description\":\"Eine technische und vielseitige Hose mit verstellbarem Bund und Hosentr\u00e4gerhaken. Die Herrenversion der Ikarus Pant ist ein Muss f\u00fcr alle Skitourengeher.\",\"breadcrumb\":{\"@id\":\"https:\/\/www.miomiorun.com\/de\/produkt\/ikarus-pant-herren\/#breadcrumb\"},\"inLanguage\":\"de-DE\",\"potentialAction\":[{\"@type\":\"ReadAction\",\"target\":[\"https:\/\/www.miomiorun.com\/de\/produkt\/ikarus-pant-herren\/\"]}]},{\"@type\":\"ImageObject\",\"inLanguage\":\"de-DE\",\"@id\":\"https:\/\/www.miomiorun.com\/de\/produkt\/ikarus-pant-herren\/#primaryimage\",\"url\":\"https:\/\/www.miomiorun.com\/app\/uploads\/2022\/09\/la-sportiva-ikarus-pant-crystal-sangria-L60635320.jpg\",\"contentUrl\":\"https:\/\/www.miomiorun.com\/app\/uploads\/2022\/09\/la-sportiva-ikarus-pant-crystal-sangria-L60635320.jpg\",\"width\":600,\"height\":600,\"caption\":\"la-sportiva-ikarus-pant-crystal-sangria-L60635320\"},{\"@type\":\"BreadcrumbList\",\"@id\":\"https:\/\/www.miomiorun.com\/de\/produkt\/ikarus-pant-herren\/#breadcrumb\",\"itemListElement\":[{\"@type\":\"ListItem\",\"position\":1,\"name\":\"Home\",\"item\":\"https:\/\/www.miomiorun.com\/de\/\"},{\"@type\":\"ListItem\",\"position\":2,\"name\":\"Shop\",\"item\":\"https:\/\/www.miomiorun.com\/shop\/\"},{\"@type\":\"ListItem\",\"position\":3,\"name\":\"Ikarus Pant herren\"}]},{\"@type\":\"WebSite\",\"@id\":\"https:\/\/www.miomiorun.com\/de\/#website\",\"url\":\"https:\/\/www.miomiorun.com\/de\/\",\"name\":\"MioMioRun\",\"description\":\"100% Lauf- und Trailshop\",\"publisher\":{\"@id\":\"https:\/\/www.miomiorun.com\/de\/#organization\"},\"potentialAction\":[{\"@type\":\"SearchAction\",\"target\":{\"@type\":\"EntryPoint\",\"urlTemplate\":\"https:\/\/www.miomiorun.com\/de\/?s={search_term_string}\"},\"query-input\":{\"@type\":\"PropertyValueSpecification\",\"valueRequired\":true,\"valueName\":\"search_term_string\"}}],\"inLanguage\":\"de-DE\"},{\"@type\":\"Organization\",\"@id\":\"https:\/\/www.miomiorun.com\/de\/#organization\",\"name\":\"MioMio Run\",\"url\":\"https:\/\/www.miomiorun.com\/de\/\",\"logo\":{\"@type\":\"ImageObject\",\"inLanguage\":\"de-DE\",\"@id\":\"https:\/\/www.miomiorun.com\/de\/#\/schema\/logo\/image\/\",\"url\":\"https:\/\/www.miomiorun.com\/app\/uploads\/2019\/12\/logomio.png\",\"contentUrl\":\"https:\/\/www.miomiorun.com\/app\/uploads\/2019\/12\/logomio.png\",\"width\":115,\"height\":82,\"caption\":\"MioMio Run\"},\"image\":{\"@id\":\"https:\/\/www.miomiorun.com\/de\/#\/schema\/logo\/image\/\"},\"sameAs\":[\"https:\/\/www.facebook.com\/miomiorun\/\",\"https:\/\/www.instagram.com\/miomiorun\/\"]}]}<\/script>\n<!-- \/ Yoast SEO plugin. -->","yoast_head_json":{"title":"La Sportiva Ikarus Pant herren - Lange Hosen - MioMioRun","description":"Eine technische und vielseitige Hose mit verstellbarem Bund und Hosentr\u00e4gerhaken. Die Herrenversion der Ikarus Pant ist ein Muss f\u00fcr alle Skitourengeher.","robots":{"index":"index","follow":"follow","max-snippet":"max-snippet:-1","max-image-preview":"max-image-preview:large","max-video-preview":"max-video-preview:-1"},"canonical":"https:\/\/www.miomiorun.com\/de\/produkt\/ikarus-pant-herren\/","og_locale":"de_DE","og_type":"article","og_title":"La Sportiva Ikarus Pant herren - Lange Hosen - MioMioRun","og_description":"Eine technische und vielseitige Hose mit verstellbarem Bund und Hosentr\u00e4gerhaken. Die Herrenversion der Ikarus Pant ist ein Muss f\u00fcr alle Skitourengeher.","og_url":"https:\/\/www.miomiorun.com\/de\/produkt\/ikarus-pant-herren\/","og_site_name":"MioMioRun","article_publisher":"https:\/\/www.facebook.com\/miomiorun\/","article_modified_time":"2026-05-08T19:30:14+00:00","og_image":[{"width":600,"height":600,"url":"https:\/\/www.miomiorun.com\/app\/uploads\/2022\/09\/la-sportiva-ikarus-pant-crystal-sangria-L60635320.jpg","type":"image\/jpeg"}],"twitter_card":"summary_large_image","twitter_misc":{"Est. reading time":"2 minutes"},"schema":{"@context":"https:\/\/schema.org","@graph":[{"@type":"WebPage","@id":"https:\/\/www.miomiorun.com\/de\/produkt\/ikarus-pant-herren\/","url":"https:\/\/www.miomiorun.com\/de\/produkt\/ikarus-pant-herren\/","name":"La Sportiva Ikarus Pant herren - Lange Hosen - MioMioRun","isPartOf":{"@id":"https:\/\/www.miomiorun.com\/de\/#website"},"primaryImageOfPage":{"@id":"https:\/\/www.miomiorun.com\/de\/produkt\/ikarus-pant-herren\/#primaryimage"},"image":{"@id":"https:\/\/www.miomiorun.com\/de\/produkt\/ikarus-pant-herren\/#primaryimage"},"thumbnailUrl":"https:\/\/www.miomiorun.com\/app\/uploads\/2022\/09\/la-sportiva-ikarus-pant-crystal-sangria-L60635320.jpg","datePublished":"2022-09-29T09:28:50+00:00","dateModified":"2026-05-08T19:30:14+00:00","description":"Eine technische und vielseitige Hose mit verstellbarem Bund und Hosentr\u00e4gerhaken. Die Herrenversion der Ikarus Pant ist ein Muss f\u00fcr alle Skitourengeher.","breadcrumb":{"@id":"https:\/\/www.miomiorun.com\/de\/produkt\/ikarus-pant-herren\/#breadcrumb"},"inLanguage":"de-DE","potentialAction":[{"@type":"ReadAction","target":["https:\/\/www.miomiorun.com\/de\/produkt\/ikarus-pant-herren\/"]}]},{"@type":"ImageObject","inLanguage":"de-DE","@id":"https:\/\/www.miomiorun.com\/de\/produkt\/ikarus-pant-herren\/#primaryimage","url":"https:\/\/www.miomiorun.com\/app\/uploads\/2022\/09\/la-sportiva-ikarus-pant-crystal-sangria-L60635320.jpg","contentUrl":"https:\/\/www.miomiorun.com\/app\/uploads\/2022\/09\/la-sportiva-ikarus-pant-crystal-sangria-L60635320.jpg","width":600,"height":600,"caption":"la-sportiva-ikarus-pant-crystal-sangria-L60635320"},{"@type":"BreadcrumbList","@id":"https:\/\/www.miomiorun.com\/de\/produkt\/ikarus-pant-herren\/#breadcrumb","itemListElement":[{"@type":"ListItem","position":1,"name":"Home","item":"https:\/\/www.miomiorun.com\/de\/"},{"@type":"ListItem","position":2,"name":"Shop","item":"https:\/\/www.miomiorun.com\/shop\/"},{"@type":"ListItem","position":3,"name":"Ikarus Pant herren"}]},{"@type":"WebSite","@id":"https:\/\/www.miomiorun.com\/de\/#website","url":"https:\/\/www.miomiorun.com\/de\/","name":"MioMioRun","description":"100% Lauf- und Trailshop","publisher":{"@id":"https:\/\/www.miomiorun.com\/de\/#organization"},"potentialAction":[{"@type":"SearchAction","target":{"@type":"EntryPoint","urlTemplate":"https:\/\/www.miomiorun.com\/de\/?s={search_term_string}"},"query-input":{"@type":"PropertyValueSpecification","valueRequired":true,"valueName":"search_term_string"}}],"inLanguage":"de-DE"},{"@type":"Organization","@id":"https:\/\/www.miomiorun.com\/de\/#organization","name":"MioMio Run","url":"https:\/\/www.miomiorun.com\/de\/","logo":{"@type":"ImageObject","inLanguage":"de-DE","@id":"https:\/\/www.miomiorun.com\/de\/#\/schema\/logo\/image\/","url":"https:\/\/www.miomiorun.com\/app\/uploads\/2019\/12\/logomio.png","contentUrl":"https:\/\/www.miomiorun.com\/app\/uploads\/2019\/12\/logomio.png","width":115,"height":82,"caption":"MioMio Run"},"image":{"@id":"https:\/\/www.miomiorun.com\/de\/#\/schema\/logo\/image\/"},"sameAs":["https:\/\/www.facebook.com\/miomiorun\/","https:\/\/www.instagram.com\/miomiorun\/"]}]}},"_links":{"self":[{"href":"https:\/\/www.miomiorun.com\/de\/wp-json\/wp\/v2\/product\/86828","targetHints":{"allow":["GET"]}}],"collection":[{"href":"https:\/\/www.miomiorun.com\/de\/wp-json\/wp\/v2\/product"}],"about":[{"href":"https:\/\/www.miomiorun.com\/de\/wp-json\/wp\/v2\/types\/product"}],"wp:featuredmedia":[{"embeddable":true,"href":"https:\/\/www.miomiorun.com\/de\/wp-json\/wp\/v2\/media\/86805"}],"wp:attachment":[{"href":"https:\/\/www.miomiorun.com\/de\/wp-json\/wp\/v2\/media?parent=86828"}],"wp:term":[{"taxonomy":"product_brand","embeddable":true,"href":"https:\/\/www.miomiorun.com\/de\/wp-json\/wp\/v2\/product_brand?post=86828"},{"taxonomy":"product_cat","embeddable":true,"href":"https:\/\/www.miomiorun.com\/de\/wp-json\/wp\/v2\/product_cat?post=86828"},{"taxonomy":"product_tag","embeddable":true,"href":"https:\/\/www.miomiorun.com\/de\/wp-json\/wp\/v2\/product_tag?post=86828"}],"curies":[{"name":"wp","href":"https:\/\/api.w.org\/{rel}","templated":true}]}}