{"id":86558,"date":"2022-04-26T16:45:56","date_gmt":"2022-04-26T14:45:56","guid":{"rendered":"https:\/\/miomiorun.com\/prodotto\/falke-ru4-short-goon-donna\/"},"modified":"2022-09-29T12:25:51","modified_gmt":"2022-09-29T10:25:51","slug":"ru4-short-goon-socken-damen","status":"publish","type":"product","link":"https:\/\/www.miomiorun.com\/de\/produkt\/ru4-short-goon-socken-damen\/","title":{"rendered":"Ru4 Short GoOn socken damen"},"content":{"rendered":"<p><div class=\"vc-row container\"><div class=\"vc-column\"><div class=\"vc-column-text\">Dank ihrer mittleren Polsterung ist die <strong>RU4 Short GoOn<\/strong> Damensocke unsere Allroundsocke und bietet ausreichenden Schutz bei mittlerer D\u00e4mpfung und gutem Schuhkontakt. Die Polsterung bietet au\u00dferdem Schutz vor Blasenbildung und reduziert Druckstellen. Effizienter Feuchtigkeitstransport und eine perfekte Passform garantieren angenehme Joggingmomente. Das dynamische mehrfarbige B\u00fcndchen verleiht der Socke einen sehr attraktiven sportlichen Look.<\/p>\n<p><strong>Merkmale:<\/strong><\/p>\n<ul>\n<li>Vielseitige Laufsocke mit mittlerer D\u00e4mpfung f\u00fcr ausreichenden Schutz und direkte Energie\u00fcbertragung<\/li>\n<li>Mittlere D\u00e4mpfung und guter Schuhkontakt<\/li>\n<li>Feuchtigkeitstransport und schnellerer Feuchtigkeitstransport durch dreilagige Konstruktion mit Baumwolle<\/li>\n<li>Schutz vor Blasenbildung durch Reduzierung der Druckzonen<\/li>\n<li>Perfekte Passform dank beidseitiger Polsterung und Zehenformung<\/li>\n<\/ul>\n<div class=\"product-section product-detailed-page__section product-detailed-page__section--description\">\n<div>\n<div>\n<div class=\"product-section__content\"><\/div>\n<\/div>\n<\/div>\n<\/div>\n<p><\/div><\/div><\/div><div class=\"vc-row container\"><div class=\"vc-column\"><div class=\"vc-column-text\"><\/p>\n<div class=\"product-functional-symbols__image-container\"><img decoding=\"async\" class=\"product-functional-symbols__image aligncenter\" src=\"https:\/\/www.falke.com\/it_it\/9dd393d722265eb755772abd698b837041098075\/assets\/base\/staticImages\/functionalsymbols\/icon_feuchtigkeitsregulierend.svg\" \/><\/div>\n<div class=\"product-functional-symbols__name\" style=\"text-align: center;\">Reguliert die Luftfeuchtigkeit<\/div>\n<p><\/div><\/div><div class=\"vc-column\"><div class=\"vc-column-text\"><\/p>\n<div class=\"product-functional-symbols__image-container\"><img decoding=\"async\" class=\"product-functional-symbols__image aligncenter\" src=\"https:\/\/www.falke.com\/it_it\/9dd393d722265eb755772abd698b837041098075\/assets\/base\/staticImages\/functionalsymbols\/icon_schnellste_ruecktrocknung.svg\" \/><\/div>\n<div class=\"product-functional-symbols__name\" style=\"text-align: center;\">Schnelleres Trocknen<\/div>\n<p><\/div><\/div><div class=\"vc-column\"><div class=\"vc-column-text\"><img decoding=\"async\" class=\"product-functional-symbols__image aligncenter\" src=\"https:\/\/www.falke.com\/it_it\/c5c163f4c436a6d5cac26cfd6ed02ad465473f2a\/assets\/base\/staticImages\/functionalsymbols\/icon_daempfende-wirkung.svg\" \/><\/p>\n<p style=\"text-align: center;\">D\u00e4mpfende Wirkung<\/p>\n<p><\/div><\/div><\/div><div class=\"vc-row container\"><div class=\"vc-column\"><div class=\"vc-column-text\"><strong>Material:<\/strong> 51% Polypropylen, 25% Polyamid, 24% Baumwolle<\/p>\n<p><strong>Beinl\u00e4nge :<\/strong> Kn\u00f6chellang<\/p>\n<p><strong>Polsterung :<\/strong> Mittelschwer<\/p>\n<p><strong>Passform :<\/strong> Anatomisch<\/p>\n<p><strong>Sohle :<\/strong> Normal<\/p>\n<p><strong>Aussehen :<\/strong> Sportlich<\/div><\/div><\/div><\/p>\n","protected":false},"excerpt":{"rendered":"<ul>\n<li>Feuchtigkeitstransport und schnellerer Feuchtigkeitstransport durch dreilagige Konstruktion mit Baumwolle<\/li>\n<li>Schutz vor Blasenbildung durch Reduzierung der Druckzonen<\/li>\n<li>Perfekte Passform dank beidseitiger Polsterung und Zehenformung<\/li>\n<\/ul>\n","protected":false},"featured_media":69551,"template":"","meta":{"_acf_changed":false,"inline_featured_image":false},"product_brand":[],"product_cat":[6400,6401,6402],"product_tag":[6245,6246],"class_list":{"0":"post-86558","1":"product","2":"type-product","3":"status-publish","4":"has-post-thumbnail","6":"product_cat-damen","7":"product_cat-damenbekleidung","8":"product_cat-damensocken-de","9":"product_tag-falke-de","10":"product_tag-falke-damen-de","11":"pa_attivita-fitness-de","12":"pa_attivita-gehen","13":"pa_attivita-running-de","14":"pa_colore-ru4-short-goon-w-rose-de","15":"pa_colore-ru4-short-goon-w-white-de","16":"pa_marca-falke-de","17":"pa_sesso-damen","18":"pa_size-37-38-de","19":"pa_size-39-40-de","20":"pa_size-41-42-de","22":"first","23":"instock","24":"sale","25":"taxable","26":"shipping-taxable","27":"purchasable","28":"product-type-variable","29":"wvs-archive-product-wrapper"},"acf":[],"yoast_head":"<!-- This site is optimized with the Yoast SEO plugin v26.8 - https:\/\/yoast.com\/product\/yoast-seo-wordpress\/ -->\n<title>Falke Ru4 Short GoOn socken damen - Laufsocken - MioMioRun<\/title>\n<meta name=\"description\" content=\"Dank ihrer mittleren Polsterung ist die RU4 Short GoOn Damensocke unsere Allroundsocke und bietet ausreichenden Schutz bei mittlerer D\u00e4mpfung\" \/>\n<meta name=\"robots\" content=\"index, follow, max-snippet:-1, max-image-preview:large, max-video-preview:-1\" \/>\n<link rel=\"canonical\" href=\"https:\/\/www.miomiorun.com\/de\/produkt\/ru4-short-goon-socken-damen\/\" \/>\n<meta property=\"og:locale\" content=\"de_DE\" \/>\n<meta property=\"og:type\" content=\"article\" \/>\n<meta property=\"og:title\" content=\"Falke Ru4 Short GoOn socken damen - Laufsocken - MioMioRun\" \/>\n<meta property=\"og:description\" content=\"Dank ihrer mittleren Polsterung ist die RU4 Short GoOn Damensocke unsere Allroundsocke und bietet ausreichenden Schutz bei mittlerer D\u00e4mpfung\" \/>\n<meta property=\"og:url\" content=\"https:\/\/www.miomiorun.com\/de\/produkt\/ru4-short-goon-socken-damen\/\" \/>\n<meta property=\"og:site_name\" content=\"MioMioRun\" \/>\n<meta property=\"article:publisher\" content=\"https:\/\/www.facebook.com\/miomiorun\/\" \/>\n<meta property=\"article:modified_time\" content=\"2022-09-29T10:25:51+00:00\" \/>\n<meta property=\"og:image\" content=\"https:\/\/www.miomiorun.com\/app\/uploads\/2022\/05\/falke-ru4-short-goon-W-rose-16734-8564.jpg\" \/>\n\t<meta property=\"og:image:width\" content=\"600\" \/>\n\t<meta property=\"og:image:height\" content=\"600\" \/>\n\t<meta property=\"og:image:type\" content=\"image\/jpeg\" \/>\n<meta name=\"twitter:card\" content=\"summary_large_image\" \/>\n<meta name=\"twitter:label1\" content=\"Est. reading time\" \/>\n\t<meta name=\"twitter:data1\" content=\"2 minutes\" \/>\n<script type=\"application\/ld+json\" class=\"yoast-schema-graph\">{\"@context\":\"https:\/\/schema.org\",\"@graph\":[{\"@type\":\"WebPage\",\"@id\":\"https:\/\/www.miomiorun.com\/de\/produkt\/ru4-short-goon-socken-damen\/\",\"url\":\"https:\/\/www.miomiorun.com\/de\/produkt\/ru4-short-goon-socken-damen\/\",\"name\":\"Falke Ru4 Short GoOn socken damen - Laufsocken - MioMioRun\",\"isPartOf\":{\"@id\":\"https:\/\/www.miomiorun.com\/de\/#website\"},\"primaryImageOfPage\":{\"@id\":\"https:\/\/www.miomiorun.com\/de\/produkt\/ru4-short-goon-socken-damen\/#primaryimage\"},\"image\":{\"@id\":\"https:\/\/www.miomiorun.com\/de\/produkt\/ru4-short-goon-socken-damen\/#primaryimage\"},\"thumbnailUrl\":\"https:\/\/www.miomiorun.com\/app\/uploads\/2022\/05\/falke-ru4-short-goon-W-rose-16734-8564.jpg\",\"datePublished\":\"2022-04-26T14:45:56+00:00\",\"dateModified\":\"2022-09-29T10:25:51+00:00\",\"description\":\"Dank ihrer mittleren Polsterung ist die RU4 Short GoOn Damensocke unsere Allroundsocke und bietet ausreichenden Schutz bei mittlerer D\u00e4mpfung\",\"breadcrumb\":{\"@id\":\"https:\/\/www.miomiorun.com\/de\/produkt\/ru4-short-goon-socken-damen\/#breadcrumb\"},\"inLanguage\":\"de-DE\",\"potentialAction\":[{\"@type\":\"ReadAction\",\"target\":[\"https:\/\/www.miomiorun.com\/de\/produkt\/ru4-short-goon-socken-damen\/\"]}]},{\"@type\":\"ImageObject\",\"inLanguage\":\"de-DE\",\"@id\":\"https:\/\/www.miomiorun.com\/de\/produkt\/ru4-short-goon-socken-damen\/#primaryimage\",\"url\":\"https:\/\/www.miomiorun.com\/app\/uploads\/2022\/05\/falke-ru4-short-goon-W-rose-16734-8564.jpg\",\"contentUrl\":\"https:\/\/www.miomiorun.com\/app\/uploads\/2022\/05\/falke-ru4-short-goon-W-rose-16734-8564.jpg\",\"width\":600,\"height\":600,\"caption\":\"falke-ru4-short-goon-W-rose-16734-8564\"},{\"@type\":\"BreadcrumbList\",\"@id\":\"https:\/\/www.miomiorun.com\/de\/produkt\/ru4-short-goon-socken-damen\/#breadcrumb\",\"itemListElement\":[{\"@type\":\"ListItem\",\"position\":1,\"name\":\"Home\",\"item\":\"https:\/\/www.miomiorun.com\/de\/\"},{\"@type\":\"ListItem\",\"position\":2,\"name\":\"Shop\",\"item\":\"https:\/\/www.miomiorun.com\/shop\/\"},{\"@type\":\"ListItem\",\"position\":3,\"name\":\"Ru4 Short GoOn socken damen\"}]},{\"@type\":\"WebSite\",\"@id\":\"https:\/\/www.miomiorun.com\/de\/#website\",\"url\":\"https:\/\/www.miomiorun.com\/de\/\",\"name\":\"MioMioRun\",\"description\":\"100% Lauf- und Trailshop\",\"publisher\":{\"@id\":\"https:\/\/www.miomiorun.com\/de\/#organization\"},\"potentialAction\":[{\"@type\":\"SearchAction\",\"target\":{\"@type\":\"EntryPoint\",\"urlTemplate\":\"https:\/\/www.miomiorun.com\/de\/?s={search_term_string}\"},\"query-input\":{\"@type\":\"PropertyValueSpecification\",\"valueRequired\":true,\"valueName\":\"search_term_string\"}}],\"inLanguage\":\"de-DE\"},{\"@type\":\"Organization\",\"@id\":\"https:\/\/www.miomiorun.com\/de\/#organization\",\"name\":\"MioMio Run\",\"url\":\"https:\/\/www.miomiorun.com\/de\/\",\"logo\":{\"@type\":\"ImageObject\",\"inLanguage\":\"de-DE\",\"@id\":\"https:\/\/www.miomiorun.com\/de\/#\/schema\/logo\/image\/\",\"url\":\"https:\/\/www.miomiorun.com\/app\/uploads\/2019\/12\/logomio.png\",\"contentUrl\":\"https:\/\/www.miomiorun.com\/app\/uploads\/2019\/12\/logomio.png\",\"width\":115,\"height\":82,\"caption\":\"MioMio Run\"},\"image\":{\"@id\":\"https:\/\/www.miomiorun.com\/de\/#\/schema\/logo\/image\/\"},\"sameAs\":[\"https:\/\/www.facebook.com\/miomiorun\/\",\"https:\/\/www.instagram.com\/miomiorun\/\"]}]}<\/script>\n<!-- \/ Yoast SEO plugin. -->","yoast_head_json":{"title":"Falke Ru4 Short GoOn socken damen - Laufsocken - MioMioRun","description":"Dank ihrer mittleren Polsterung ist die RU4 Short GoOn Damensocke unsere Allroundsocke und bietet ausreichenden Schutz bei mittlerer D\u00e4mpfung","robots":{"index":"index","follow":"follow","max-snippet":"max-snippet:-1","max-image-preview":"max-image-preview:large","max-video-preview":"max-video-preview:-1"},"canonical":"https:\/\/www.miomiorun.com\/de\/produkt\/ru4-short-goon-socken-damen\/","og_locale":"de_DE","og_type":"article","og_title":"Falke Ru4 Short GoOn socken damen - Laufsocken - MioMioRun","og_description":"Dank ihrer mittleren Polsterung ist die RU4 Short GoOn Damensocke unsere Allroundsocke und bietet ausreichenden Schutz bei mittlerer D\u00e4mpfung","og_url":"https:\/\/www.miomiorun.com\/de\/produkt\/ru4-short-goon-socken-damen\/","og_site_name":"MioMioRun","article_publisher":"https:\/\/www.facebook.com\/miomiorun\/","article_modified_time":"2022-09-29T10:25:51+00:00","og_image":[{"width":600,"height":600,"url":"https:\/\/www.miomiorun.com\/app\/uploads\/2022\/05\/falke-ru4-short-goon-W-rose-16734-8564.jpg","type":"image\/jpeg"}],"twitter_card":"summary_large_image","twitter_misc":{"Est. reading time":"2 minutes"},"schema":{"@context":"https:\/\/schema.org","@graph":[{"@type":"WebPage","@id":"https:\/\/www.miomiorun.com\/de\/produkt\/ru4-short-goon-socken-damen\/","url":"https:\/\/www.miomiorun.com\/de\/produkt\/ru4-short-goon-socken-damen\/","name":"Falke Ru4 Short GoOn socken damen - Laufsocken - MioMioRun","isPartOf":{"@id":"https:\/\/www.miomiorun.com\/de\/#website"},"primaryImageOfPage":{"@id":"https:\/\/www.miomiorun.com\/de\/produkt\/ru4-short-goon-socken-damen\/#primaryimage"},"image":{"@id":"https:\/\/www.miomiorun.com\/de\/produkt\/ru4-short-goon-socken-damen\/#primaryimage"},"thumbnailUrl":"https:\/\/www.miomiorun.com\/app\/uploads\/2022\/05\/falke-ru4-short-goon-W-rose-16734-8564.jpg","datePublished":"2022-04-26T14:45:56+00:00","dateModified":"2022-09-29T10:25:51+00:00","description":"Dank ihrer mittleren Polsterung ist die RU4 Short GoOn Damensocke unsere Allroundsocke und bietet ausreichenden Schutz bei mittlerer D\u00e4mpfung","breadcrumb":{"@id":"https:\/\/www.miomiorun.com\/de\/produkt\/ru4-short-goon-socken-damen\/#breadcrumb"},"inLanguage":"de-DE","potentialAction":[{"@type":"ReadAction","target":["https:\/\/www.miomiorun.com\/de\/produkt\/ru4-short-goon-socken-damen\/"]}]},{"@type":"ImageObject","inLanguage":"de-DE","@id":"https:\/\/www.miomiorun.com\/de\/produkt\/ru4-short-goon-socken-damen\/#primaryimage","url":"https:\/\/www.miomiorun.com\/app\/uploads\/2022\/05\/falke-ru4-short-goon-W-rose-16734-8564.jpg","contentUrl":"https:\/\/www.miomiorun.com\/app\/uploads\/2022\/05\/falke-ru4-short-goon-W-rose-16734-8564.jpg","width":600,"height":600,"caption":"falke-ru4-short-goon-W-rose-16734-8564"},{"@type":"BreadcrumbList","@id":"https:\/\/www.miomiorun.com\/de\/produkt\/ru4-short-goon-socken-damen\/#breadcrumb","itemListElement":[{"@type":"ListItem","position":1,"name":"Home","item":"https:\/\/www.miomiorun.com\/de\/"},{"@type":"ListItem","position":2,"name":"Shop","item":"https:\/\/www.miomiorun.com\/shop\/"},{"@type":"ListItem","position":3,"name":"Ru4 Short GoOn socken damen"}]},{"@type":"WebSite","@id":"https:\/\/www.miomiorun.com\/de\/#website","url":"https:\/\/www.miomiorun.com\/de\/","name":"MioMioRun","description":"100% Lauf- und Trailshop","publisher":{"@id":"https:\/\/www.miomiorun.com\/de\/#organization"},"potentialAction":[{"@type":"SearchAction","target":{"@type":"EntryPoint","urlTemplate":"https:\/\/www.miomiorun.com\/de\/?s={search_term_string}"},"query-input":{"@type":"PropertyValueSpecification","valueRequired":true,"valueName":"search_term_string"}}],"inLanguage":"de-DE"},{"@type":"Organization","@id":"https:\/\/www.miomiorun.com\/de\/#organization","name":"MioMio Run","url":"https:\/\/www.miomiorun.com\/de\/","logo":{"@type":"ImageObject","inLanguage":"de-DE","@id":"https:\/\/www.miomiorun.com\/de\/#\/schema\/logo\/image\/","url":"https:\/\/www.miomiorun.com\/app\/uploads\/2019\/12\/logomio.png","contentUrl":"https:\/\/www.miomiorun.com\/app\/uploads\/2019\/12\/logomio.png","width":115,"height":82,"caption":"MioMio Run"},"image":{"@id":"https:\/\/www.miomiorun.com\/de\/#\/schema\/logo\/image\/"},"sameAs":["https:\/\/www.facebook.com\/miomiorun\/","https:\/\/www.instagram.com\/miomiorun\/"]}]}},"_links":{"self":[{"href":"https:\/\/www.miomiorun.com\/de\/wp-json\/wp\/v2\/product\/86558","targetHints":{"allow":["GET"]}}],"collection":[{"href":"https:\/\/www.miomiorun.com\/de\/wp-json\/wp\/v2\/product"}],"about":[{"href":"https:\/\/www.miomiorun.com\/de\/wp-json\/wp\/v2\/types\/product"}],"wp:featuredmedia":[{"embeddable":true,"href":"https:\/\/www.miomiorun.com\/de\/wp-json\/wp\/v2\/media\/69551"}],"wp:attachment":[{"href":"https:\/\/www.miomiorun.com\/de\/wp-json\/wp\/v2\/media?parent=86558"}],"wp:term":[{"taxonomy":"product_brand","embeddable":true,"href":"https:\/\/www.miomiorun.com\/de\/wp-json\/wp\/v2\/product_brand?post=86558"},{"taxonomy":"product_cat","embeddable":true,"href":"https:\/\/www.miomiorun.com\/de\/wp-json\/wp\/v2\/product_cat?post=86558"},{"taxonomy":"product_tag","embeddable":true,"href":"https:\/\/www.miomiorun.com\/de\/wp-json\/wp\/v2\/product_tag?post=86558"}],"curies":[{"name":"wp","href":"https:\/\/api.w.org\/{rel}","templated":true}]}}