{"id":86521,"date":"2022-04-26T17:10:21","date_gmt":"2022-04-26T15:10:21","guid":{"rendered":"https:\/\/miomiorun.com\/prodotto\/falke-tk2-crest-uomo\/"},"modified":"2022-10-04T11:16:28","modified_gmt":"2022-10-04T09:16:28","slug":"tk2-crest-socken-herren","status":"publish","type":"product","link":"https:\/\/www.miomiorun.com\/de\/produkt\/tk2-crest-socken-herren\/","title":{"rendered":"Tk2 Crest Socken herren"},"content":{"rendered":"<p><div class=\"vc-row container\"><div class=\"vc-column\"><div class=\"vc-column-text\">Der <strong>TK2 Crest<\/strong> f\u00fcr Herren mit mittlerer Polsterung und Merinowollmischung garantiert maximalen Komfort und gute W\u00e4rmeisolierung beim Wandern in leichtem Gel\u00e4nde und bei allen Wetterbedingungen. Der schnelle Feuchtigkeitstransport und die optimale Passform garantieren ein perfektes Klima und hohen Fu\u00dfkomfort. Die Wandersocke ist ein echter Blickfang, dank des Profils eines Berges in verschiedenen ikonografischen Farben im Schaft.<\/p>\n<p><strong>Merkmale:<\/strong><\/p>\n<ul>\n<li class=\"product-features__item\">Maximaler Komfort f\u00fcr Wanderungen in leichtem Gel\u00e4nde bei allen Wetterbedingungen<\/li>\n<li class=\"product-features__item\">Merinowollmischung f\u00fcr gute W\u00e4rmeisolierung<\/li>\n<li class=\"product-features__item\">Mittlere Polsterung f\u00fcr ausreichenden Schutz und guten Schuhkontakt<\/li>\n<li class=\"product-features__item\">Perfekter Temperatur- und Feuchtigkeitstransport dank dreischichtigem Aufbau<\/li>\n<li class=\"product-features__item\">Optimale Passform dank linker und rechter Polsterung und Zehenbox<\/li>\n<li class=\"product-features__item\">Modische Wandersocken mit integriertem Bergprofil in verschiedenen Farben<\/li>\n<\/ul>\n<p><\/div><\/div><\/div><div class=\"vc-row container\"><div class=\"vc-column\"><div class=\"vc-column-text\"><\/p>\n<div class=\"product-functional-symbols__image-container\"><img decoding=\"async\" class=\"product-functional-symbols__image aligncenter\" src=\"https:\/\/www.falke.com\/it_it\/9dd393d722265eb755772abd698b837041098075\/assets\/base\/staticImages\/functionalsymbols\/icon_feuchtigkeitsregulierend.svg\" \/><\/div>\n<div class=\"product-functional-symbols__name\" style=\"text-align: center;\">Reguliert die Luftfeuchtigkeit<\/div>\n<p><\/div><\/div><div class=\"vc-column\"><div class=\"vc-column-text\"><\/p>\n<div class=\"product-functional-symbols__image-container\"><img decoding=\"async\" class=\"product-functional-symbols__image aligncenter\" src=\"https:\/\/www.falke.com\/it_it\/9dd393d722265eb755772abd698b837041098075\/assets\/base\/staticImages\/functionalsymbols\/icon_schnellste_ruecktrocknung.svg\" \/><\/div>\n<div class=\"product-functional-symbols__name\" style=\"text-align: center;\">Schnelleres Trocknen<\/div>\n<p><\/div><\/div><div class=\"vc-column\"><div class=\"vc-column-text\"><img decoding=\"async\" class=\"product-functional-symbols__image\" src=\"https:\/\/www.falke.com\/it_it\/c5c163f4c436a6d5cac26cfd6ed02ad465473f2a\/assets\/base\/staticImages\/functionalsymbols\/icon_daempfende-wirkung.svg\" \/><\/p>\n<p>D\u00e4mpfende Wirkung<\/div><\/div><\/div><div class=\"vc-row container\"><div class=\"vc-column\"><div class=\"vc-column-text\"><strong>Material:<\/strong> 43% Polypropylen, 22%Polyamid, 19% Acryl, 16% Wolle<\/p>\n<p><strong>Beinl\u00e4nge :<\/strong> Wade<\/p>\n<p><strong>Polsterung<\/strong> : Mittelschwer<\/p>\n<p><strong>Passform :<\/strong> Anatomisch<\/p>\n<p><strong>Sohle :<\/strong> Normal<\/p>\n<p><strong>Aussehen :<\/strong> Sportlich<\/div><\/div><\/div><\/p>\n","protected":false},"excerpt":{"rendered":"<ul>\n<li class=\"product-features__item\">Perfekter Temperatur- und Feuchtigkeitstransport dank dreischichtigem Aufbau<\/li>\n<li class=\"product-features__item\">Optimale Passform dank linker und rechter Polsterung und Zehenbox<\/li>\n<li class=\"product-features__item\">Modische Wandersocken mit integriertem Bergprofil in verschiedenen Farben<\/li>\n<\/ul>\n","protected":false},"featured_media":69642,"template":"","meta":{"_acf_changed":false,"inline_featured_image":false},"product_brand":[],"product_cat":[6540,6514],"product_tag":[6245,6231],"class_list":{"0":"post-86521","1":"product","2":"type-product","3":"status-publish","4":"has-post-thumbnail","6":"product_cat-herrenbekleidung","7":"product_cat-socken","8":"product_tag-falke-de","9":"product_tag-falke-herren-de","10":"pa_attivita-outdoor-de","11":"pa_colore-tk2-crest-black-de","12":"pa_marca-falke-de","13":"pa_sesso-herren","14":"pa_size-39-41-de","15":"pa_size-42-43-de","16":"pa_size-44-45-de","18":"first","19":"instock","20":"sale","21":"taxable","22":"shipping-taxable","23":"purchasable","24":"product-type-variable","25":"wvs-archive-product-wrapper"},"acf":[],"yoast_head":"<!-- This site is optimized with the Yoast SEO plugin v26.8 - https:\/\/yoast.com\/product\/yoast-seo-wordpress\/ -->\n<title>Falke Tk2 Crest Socken herren - Laufsocken - MioMioRun.com<\/title>\n<meta name=\"description\" content=\"Die TK2 Crest f\u00fcr Herren mit mittlerer Wattierung und Merinowollmischung bietet maximalen Komfort und gute W\u00e4rmeisolierung.\" \/>\n<meta name=\"robots\" content=\"index, follow, max-snippet:-1, max-image-preview:large, max-video-preview:-1\" \/>\n<link rel=\"canonical\" href=\"https:\/\/www.miomiorun.com\/de\/produkt\/tk2-crest-socken-herren\/\" \/>\n<meta property=\"og:locale\" content=\"de_DE\" \/>\n<meta property=\"og:type\" content=\"article\" \/>\n<meta property=\"og:title\" content=\"Falke Tk2 Crest Socken herren - Laufsocken - MioMioRun.com\" \/>\n<meta property=\"og:description\" content=\"Die TK2 Crest f\u00fcr Herren mit mittlerer Wattierung und Merinowollmischung bietet maximalen Komfort und gute W\u00e4rmeisolierung.\" \/>\n<meta property=\"og:url\" content=\"https:\/\/www.miomiorun.com\/de\/produkt\/tk2-crest-socken-herren\/\" \/>\n<meta property=\"og:site_name\" content=\"MioMioRun\" \/>\n<meta property=\"article:publisher\" content=\"https:\/\/www.facebook.com\/miomiorun\/\" \/>\n<meta property=\"article:modified_time\" content=\"2022-10-04T09:16:28+00:00\" \/>\n<meta property=\"og:image\" content=\"https:\/\/www.miomiorun.com\/app\/uploads\/2022\/05\/falke-tk2-crest-merlot-16193-8117.jpg\" \/>\n\t<meta property=\"og:image:width\" content=\"600\" \/>\n\t<meta property=\"og:image:height\" content=\"600\" \/>\n\t<meta property=\"og:image:type\" content=\"image\/jpeg\" \/>\n<meta name=\"twitter:card\" content=\"summary_large_image\" \/>\n<meta name=\"twitter:label1\" content=\"Est. reading time\" \/>\n\t<meta name=\"twitter:data1\" content=\"2 minutes\" \/>\n<script type=\"application\/ld+json\" class=\"yoast-schema-graph\">{\"@context\":\"https:\/\/schema.org\",\"@graph\":[{\"@type\":\"WebPage\",\"@id\":\"https:\/\/www.miomiorun.com\/de\/produkt\/tk2-crest-socken-herren\/\",\"url\":\"https:\/\/www.miomiorun.com\/de\/produkt\/tk2-crest-socken-herren\/\",\"name\":\"Falke Tk2 Crest Socken herren - Laufsocken - MioMioRun.com\",\"isPartOf\":{\"@id\":\"https:\/\/www.miomiorun.com\/de\/#website\"},\"primaryImageOfPage\":{\"@id\":\"https:\/\/www.miomiorun.com\/de\/produkt\/tk2-crest-socken-herren\/#primaryimage\"},\"image\":{\"@id\":\"https:\/\/www.miomiorun.com\/de\/produkt\/tk2-crest-socken-herren\/#primaryimage\"},\"thumbnailUrl\":\"https:\/\/www.miomiorun.com\/app\/uploads\/2022\/05\/falke-tk2-crest-merlot-16193-8117.jpg\",\"datePublished\":\"2022-04-26T15:10:21+00:00\",\"dateModified\":\"2022-10-04T09:16:28+00:00\",\"description\":\"Die TK2 Crest f\u00fcr Herren mit mittlerer Wattierung und Merinowollmischung bietet maximalen Komfort und gute W\u00e4rmeisolierung.\",\"breadcrumb\":{\"@id\":\"https:\/\/www.miomiorun.com\/de\/produkt\/tk2-crest-socken-herren\/#breadcrumb\"},\"inLanguage\":\"de-DE\",\"potentialAction\":[{\"@type\":\"ReadAction\",\"target\":[\"https:\/\/www.miomiorun.com\/de\/produkt\/tk2-crest-socken-herren\/\"]}]},{\"@type\":\"ImageObject\",\"inLanguage\":\"de-DE\",\"@id\":\"https:\/\/www.miomiorun.com\/de\/produkt\/tk2-crest-socken-herren\/#primaryimage\",\"url\":\"https:\/\/www.miomiorun.com\/app\/uploads\/2022\/05\/falke-tk2-crest-merlot-16193-8117.jpg\",\"contentUrl\":\"https:\/\/www.miomiorun.com\/app\/uploads\/2022\/05\/falke-tk2-crest-merlot-16193-8117.jpg\",\"width\":600,\"height\":600,\"caption\":\"falke-tk2-crest-merlot-16193-8117\"},{\"@type\":\"BreadcrumbList\",\"@id\":\"https:\/\/www.miomiorun.com\/de\/produkt\/tk2-crest-socken-herren\/#breadcrumb\",\"itemListElement\":[{\"@type\":\"ListItem\",\"position\":1,\"name\":\"Home\",\"item\":\"https:\/\/www.miomiorun.com\/de\/\"},{\"@type\":\"ListItem\",\"position\":2,\"name\":\"Shop\",\"item\":\"https:\/\/www.miomiorun.com\/shop\/\"},{\"@type\":\"ListItem\",\"position\":3,\"name\":\"Tk2 Crest Socken herren\"}]},{\"@type\":\"WebSite\",\"@id\":\"https:\/\/www.miomiorun.com\/de\/#website\",\"url\":\"https:\/\/www.miomiorun.com\/de\/\",\"name\":\"MioMioRun\",\"description\":\"100% Lauf- und Trailshop\",\"publisher\":{\"@id\":\"https:\/\/www.miomiorun.com\/de\/#organization\"},\"potentialAction\":[{\"@type\":\"SearchAction\",\"target\":{\"@type\":\"EntryPoint\",\"urlTemplate\":\"https:\/\/www.miomiorun.com\/de\/?s={search_term_string}\"},\"query-input\":{\"@type\":\"PropertyValueSpecification\",\"valueRequired\":true,\"valueName\":\"search_term_string\"}}],\"inLanguage\":\"de-DE\"},{\"@type\":\"Organization\",\"@id\":\"https:\/\/www.miomiorun.com\/de\/#organization\",\"name\":\"MioMio Run\",\"url\":\"https:\/\/www.miomiorun.com\/de\/\",\"logo\":{\"@type\":\"ImageObject\",\"inLanguage\":\"de-DE\",\"@id\":\"https:\/\/www.miomiorun.com\/de\/#\/schema\/logo\/image\/\",\"url\":\"https:\/\/www.miomiorun.com\/app\/uploads\/2019\/12\/logomio.png\",\"contentUrl\":\"https:\/\/www.miomiorun.com\/app\/uploads\/2019\/12\/logomio.png\",\"width\":115,\"height\":82,\"caption\":\"MioMio Run\"},\"image\":{\"@id\":\"https:\/\/www.miomiorun.com\/de\/#\/schema\/logo\/image\/\"},\"sameAs\":[\"https:\/\/www.facebook.com\/miomiorun\/\",\"https:\/\/www.instagram.com\/miomiorun\/\"]}]}<\/script>\n<!-- \/ Yoast SEO plugin. -->","yoast_head_json":{"title":"Falke Tk2 Crest Socken herren - Laufsocken - MioMioRun.com","description":"Die TK2 Crest f\u00fcr Herren mit mittlerer Wattierung und Merinowollmischung bietet maximalen Komfort und gute W\u00e4rmeisolierung.","robots":{"index":"index","follow":"follow","max-snippet":"max-snippet:-1","max-image-preview":"max-image-preview:large","max-video-preview":"max-video-preview:-1"},"canonical":"https:\/\/www.miomiorun.com\/de\/produkt\/tk2-crest-socken-herren\/","og_locale":"de_DE","og_type":"article","og_title":"Falke Tk2 Crest Socken herren - Laufsocken - MioMioRun.com","og_description":"Die TK2 Crest f\u00fcr Herren mit mittlerer Wattierung und Merinowollmischung bietet maximalen Komfort und gute W\u00e4rmeisolierung.","og_url":"https:\/\/www.miomiorun.com\/de\/produkt\/tk2-crest-socken-herren\/","og_site_name":"MioMioRun","article_publisher":"https:\/\/www.facebook.com\/miomiorun\/","article_modified_time":"2022-10-04T09:16:28+00:00","og_image":[{"width":600,"height":600,"url":"https:\/\/www.miomiorun.com\/app\/uploads\/2022\/05\/falke-tk2-crest-merlot-16193-8117.jpg","type":"image\/jpeg"}],"twitter_card":"summary_large_image","twitter_misc":{"Est. reading time":"2 minutes"},"schema":{"@context":"https:\/\/schema.org","@graph":[{"@type":"WebPage","@id":"https:\/\/www.miomiorun.com\/de\/produkt\/tk2-crest-socken-herren\/","url":"https:\/\/www.miomiorun.com\/de\/produkt\/tk2-crest-socken-herren\/","name":"Falke Tk2 Crest Socken herren - Laufsocken - MioMioRun.com","isPartOf":{"@id":"https:\/\/www.miomiorun.com\/de\/#website"},"primaryImageOfPage":{"@id":"https:\/\/www.miomiorun.com\/de\/produkt\/tk2-crest-socken-herren\/#primaryimage"},"image":{"@id":"https:\/\/www.miomiorun.com\/de\/produkt\/tk2-crest-socken-herren\/#primaryimage"},"thumbnailUrl":"https:\/\/www.miomiorun.com\/app\/uploads\/2022\/05\/falke-tk2-crest-merlot-16193-8117.jpg","datePublished":"2022-04-26T15:10:21+00:00","dateModified":"2022-10-04T09:16:28+00:00","description":"Die TK2 Crest f\u00fcr Herren mit mittlerer Wattierung und Merinowollmischung bietet maximalen Komfort und gute W\u00e4rmeisolierung.","breadcrumb":{"@id":"https:\/\/www.miomiorun.com\/de\/produkt\/tk2-crest-socken-herren\/#breadcrumb"},"inLanguage":"de-DE","potentialAction":[{"@type":"ReadAction","target":["https:\/\/www.miomiorun.com\/de\/produkt\/tk2-crest-socken-herren\/"]}]},{"@type":"ImageObject","inLanguage":"de-DE","@id":"https:\/\/www.miomiorun.com\/de\/produkt\/tk2-crest-socken-herren\/#primaryimage","url":"https:\/\/www.miomiorun.com\/app\/uploads\/2022\/05\/falke-tk2-crest-merlot-16193-8117.jpg","contentUrl":"https:\/\/www.miomiorun.com\/app\/uploads\/2022\/05\/falke-tk2-crest-merlot-16193-8117.jpg","width":600,"height":600,"caption":"falke-tk2-crest-merlot-16193-8117"},{"@type":"BreadcrumbList","@id":"https:\/\/www.miomiorun.com\/de\/produkt\/tk2-crest-socken-herren\/#breadcrumb","itemListElement":[{"@type":"ListItem","position":1,"name":"Home","item":"https:\/\/www.miomiorun.com\/de\/"},{"@type":"ListItem","position":2,"name":"Shop","item":"https:\/\/www.miomiorun.com\/shop\/"},{"@type":"ListItem","position":3,"name":"Tk2 Crest Socken herren"}]},{"@type":"WebSite","@id":"https:\/\/www.miomiorun.com\/de\/#website","url":"https:\/\/www.miomiorun.com\/de\/","name":"MioMioRun","description":"100% Lauf- und Trailshop","publisher":{"@id":"https:\/\/www.miomiorun.com\/de\/#organization"},"potentialAction":[{"@type":"SearchAction","target":{"@type":"EntryPoint","urlTemplate":"https:\/\/www.miomiorun.com\/de\/?s={search_term_string}"},"query-input":{"@type":"PropertyValueSpecification","valueRequired":true,"valueName":"search_term_string"}}],"inLanguage":"de-DE"},{"@type":"Organization","@id":"https:\/\/www.miomiorun.com\/de\/#organization","name":"MioMio Run","url":"https:\/\/www.miomiorun.com\/de\/","logo":{"@type":"ImageObject","inLanguage":"de-DE","@id":"https:\/\/www.miomiorun.com\/de\/#\/schema\/logo\/image\/","url":"https:\/\/www.miomiorun.com\/app\/uploads\/2019\/12\/logomio.png","contentUrl":"https:\/\/www.miomiorun.com\/app\/uploads\/2019\/12\/logomio.png","width":115,"height":82,"caption":"MioMio Run"},"image":{"@id":"https:\/\/www.miomiorun.com\/de\/#\/schema\/logo\/image\/"},"sameAs":["https:\/\/www.facebook.com\/miomiorun\/","https:\/\/www.instagram.com\/miomiorun\/"]}]}},"_links":{"self":[{"href":"https:\/\/www.miomiorun.com\/de\/wp-json\/wp\/v2\/product\/86521","targetHints":{"allow":["GET"]}}],"collection":[{"href":"https:\/\/www.miomiorun.com\/de\/wp-json\/wp\/v2\/product"}],"about":[{"href":"https:\/\/www.miomiorun.com\/de\/wp-json\/wp\/v2\/types\/product"}],"wp:featuredmedia":[{"embeddable":true,"href":"https:\/\/www.miomiorun.com\/de\/wp-json\/wp\/v2\/media\/69642"}],"wp:attachment":[{"href":"https:\/\/www.miomiorun.com\/de\/wp-json\/wp\/v2\/media?parent=86521"}],"wp:term":[{"taxonomy":"product_brand","embeddable":true,"href":"https:\/\/www.miomiorun.com\/de\/wp-json\/wp\/v2\/product_brand?post=86521"},{"taxonomy":"product_cat","embeddable":true,"href":"https:\/\/www.miomiorun.com\/de\/wp-json\/wp\/v2\/product_cat?post=86521"},{"taxonomy":"product_tag","embeddable":true,"href":"https:\/\/www.miomiorun.com\/de\/wp-json\/wp\/v2\/product_tag?post=86521"}],"curies":[{"name":"wp","href":"https:\/\/api.w.org\/{rel}","templated":true}]}}