{"id":86511,"date":"2022-04-26T17:19:14","date_gmt":"2022-04-26T15:19:14","guid":{"rendered":"https:\/\/miomiorun.com\/prodotto\/falke-tk2-crest-donna\/"},"modified":"2026-05-08T21:25:10","modified_gmt":"2026-05-08T19:25:10","slug":"tk2-crest-socken-damen","status":"publish","type":"product","link":"https:\/\/www.miomiorun.com\/de\/produkt\/tk2-crest-socken-damen\/","title":{"rendered":"Tk2 Crest Socken damen"},"content":{"rendered":"<p><div class=\"vc-row container\"><div class=\"vc-column\"><div class=\"vc-column-text\"><\/p>\n<div class=\"product-section product-detailed-page__section product-detailed-page__section--details\">\n<p>Der <strong>TK2 Crest<\/strong> f\u00fcr Damen mit mittlerer Polsterung und Merinowollmischung garantiert maximalen Komfort und gute W\u00e4rmeisolierung beim Wandern in leichtem Gel\u00e4nde und bei allen Wetterbedingungen. Der schnelle Feuchtigkeitstransport und die optimale Passform garantieren ein perfektes Klima und hohen Fu\u00dfkomfort. Die Wandersocke ist ein echter Blickfang, dank des Profils eines Berges in verschiedenen ikonografischen Farben im Schaft.<\/p>\n<p><strong>Merkmale:<\/strong><\/p>\n<ul>\n<li class=\"product-features__item\">Maximaler Komfort f\u00fcr Wanderungen in leichtem Gel\u00e4nde bei allen Wetterbedingungen<\/li>\n<li class=\"product-features__item\">Merinowollmischung f\u00fcr gute W\u00e4rmeisolierung<\/li>\n<li class=\"product-features__item\">Mittlere Polsterung f\u00fcr ausreichenden Schutz und guten Schuhkontakt<\/li>\n<li class=\"product-features__item\">Perfekter Temperatur- und Feuchtigkeitstransport dank dreischichtigem Aufbau<\/li>\n<li class=\"product-features__item\">Optimale Passform dank linker und rechter Polsterung und Zehenbox<\/li>\n<li class=\"product-features__item\">Modische Wandersocken mit integriertem Bergprofil in verschiedenen Farben<\/li>\n<\/ul>\n<\/div>\n<p><\/div><\/div><\/div><div class=\"vc-row container\"><div class=\"vc-column\"><div class=\"vc-column-text\"><\/p>\n<div class=\"product-functional-symbols__image-container\"><img decoding=\"async\" class=\"product-functional-symbols__image aligncenter\" src=\"https:\/\/www.falke.com\/it_it\/9dd393d722265eb755772abd698b837041098075\/assets\/base\/staticImages\/functionalsymbols\/icon_feuchtigkeitsregulierend.svg\" \/><\/div>\n<div class=\"product-functional-symbols__name\" style=\"text-align: center;\">Reguliert die Luftfeuchtigkeit<\/div>\n<p><\/div><\/div><div class=\"vc-column\"><div class=\"vc-column-text\"><\/p>\n<div class=\"product-functional-symbols__image-container\"><img decoding=\"async\" class=\"product-functional-symbols__image aligncenter\" src=\"https:\/\/www.falke.com\/it_it\/9dd393d722265eb755772abd698b837041098075\/assets\/base\/staticImages\/functionalsymbols\/icon_schnellste_ruecktrocknung.svg\" \/><\/div>\n<div class=\"product-functional-symbols__name\" style=\"text-align: center;\">Schnelleres Trocknen<\/div>\n<p><\/div><\/div><div class=\"vc-column\"><div class=\"vc-column-text\"><img loading=\"lazy\" decoding=\"async\" class=\"product-functional-symbols__image\" src=\"https:\/\/www.falke.com\/it_it\/7ce8ae0e8382e27e767d55937b0805f5f19ef321\/assets\/base\/staticImages\/functionalsymbols\/icon_daempfende-wirkung.svg\" width=\"84\" height=\"84\" \/><\/p>\n<p>D\u00e4mpfende Wirkung<\/div><\/div><\/div><div class=\"vc-row container\"><div class=\"vc-column\"><div class=\"vc-column-text\">Material: 43% Polypropylen, 22% Polyamid, 19% Acryl, 16% Wolle<\/p>\n<p>Beinl\u00e4nge : Wade<\/p>\n<p>Polsterung : Mittelschwer<\/p>\n<p>Passform : Anatomisch<\/p>\n<p>Sohle : Normal<\/p>\n<p><strong>Look<\/strong> : Sportivo.<\/div><\/div><\/div><\/p>\n","protected":false},"excerpt":{"rendered":"<ul>\n<li class=\"product-features__item\">Mittlere Polsterung f\u00fcr ausreichenden Schutz und guten Schuhkontakt<\/li>\n<li class=\"product-features__item\">Perfekter Temperatur- und Feuchtigkeitstransport dank dreischichtigem Aufbau<\/li>\n<li class=\"product-features__item\">Optimale Passform dank linker und rechter Polsterung und Zehenbox<\/li>\n<\/ul>\n","protected":false},"featured_media":69662,"template":"","meta":{"_acf_changed":false,"inline_featured_image":false},"product_brand":[],"product_cat":[6400,6401,6402],"product_tag":[6245,6246],"class_list":{"0":"post-86511","1":"product","2":"type-product","3":"status-publish","4":"has-post-thumbnail","6":"product_cat-damen","7":"product_cat-damenbekleidung","8":"product_cat-damensocken-de","9":"product_tag-falke-de","10":"product_tag-falke-damen-de","11":"pa_attivita-outdoor-de","12":"pa_colore-tk2-crest-w-barolo-de","13":"pa_marca-falke-de","14":"pa_sesso-damen","15":"pa_size-39-40-de","16":"pa_size-41-42-de","18":"first","19":"instock","20":"sale","21":"taxable","22":"shipping-taxable","23":"purchasable","24":"product-type-variable","25":"wvs-archive-product-wrapper"},"acf":[],"yoast_head":"<!-- This site is optimized with the Yoast SEO plugin v26.8 - https:\/\/yoast.com\/product\/yoast-seo-wordpress\/ -->\n<title>FalkeTk2 Crest Socken damen - Laufsocken - MioMioRun.com<\/title>\n<meta name=\"description\" content=\"Die TK2 Crest f\u00fcr Damen mit mittlerer Wattierung und Merinowollmischung bietet maximalen Komfort und gute W\u00e4rmeisolierung.\" \/>\n<meta name=\"robots\" content=\"index, follow, max-snippet:-1, max-image-preview:large, max-video-preview:-1\" \/>\n<link rel=\"canonical\" href=\"https:\/\/www.miomiorun.com\/de\/produkt\/tk2-crest-socken-damen\/\" \/>\n<meta property=\"og:locale\" content=\"de_DE\" \/>\n<meta property=\"og:type\" content=\"article\" \/>\n<meta property=\"og:title\" content=\"FalkeTk2 Crest Socken damen - Laufsocken - MioMioRun.com\" \/>\n<meta property=\"og:description\" content=\"Die TK2 Crest f\u00fcr Damen mit mittlerer Wattierung und Merinowollmischung bietet maximalen Komfort und gute W\u00e4rmeisolierung.\" \/>\n<meta property=\"og:url\" content=\"https:\/\/www.miomiorun.com\/de\/produkt\/tk2-crest-socken-damen\/\" \/>\n<meta property=\"og:site_name\" content=\"MioMioRun\" \/>\n<meta property=\"article:publisher\" content=\"https:\/\/www.facebook.com\/miomiorun\/\" \/>\n<meta property=\"article:modified_time\" content=\"2026-05-08T19:25:10+00:00\" \/>\n<meta property=\"og:image\" content=\"https:\/\/www.miomiorun.com\/app\/uploads\/2022\/05\/falke-tk2-crest-W-barolo-16194-8111.jpg\" \/>\n\t<meta property=\"og:image:width\" content=\"600\" \/>\n\t<meta property=\"og:image:height\" content=\"600\" \/>\n\t<meta property=\"og:image:type\" content=\"image\/jpeg\" \/>\n<meta name=\"twitter:card\" content=\"summary_large_image\" \/>\n<meta name=\"twitter:label1\" content=\"Est. reading time\" \/>\n\t<meta name=\"twitter:data1\" content=\"2 minutes\" \/>\n<script type=\"application\/ld+json\" class=\"yoast-schema-graph\">{\"@context\":\"https:\/\/schema.org\",\"@graph\":[{\"@type\":\"WebPage\",\"@id\":\"https:\/\/www.miomiorun.com\/de\/produkt\/tk2-crest-socken-damen\/\",\"url\":\"https:\/\/www.miomiorun.com\/de\/produkt\/tk2-crest-socken-damen\/\",\"name\":\"FalkeTk2 Crest Socken damen - Laufsocken - MioMioRun.com\",\"isPartOf\":{\"@id\":\"https:\/\/www.miomiorun.com\/de\/#website\"},\"primaryImageOfPage\":{\"@id\":\"https:\/\/www.miomiorun.com\/de\/produkt\/tk2-crest-socken-damen\/#primaryimage\"},\"image\":{\"@id\":\"https:\/\/www.miomiorun.com\/de\/produkt\/tk2-crest-socken-damen\/#primaryimage\"},\"thumbnailUrl\":\"https:\/\/www.miomiorun.com\/app\/uploads\/2022\/05\/falke-tk2-crest-W-barolo-16194-8111.jpg\",\"datePublished\":\"2022-04-26T15:19:14+00:00\",\"dateModified\":\"2026-05-08T19:25:10+00:00\",\"description\":\"Die TK2 Crest f\u00fcr Damen mit mittlerer Wattierung und Merinowollmischung bietet maximalen Komfort und gute W\u00e4rmeisolierung.\",\"breadcrumb\":{\"@id\":\"https:\/\/www.miomiorun.com\/de\/produkt\/tk2-crest-socken-damen\/#breadcrumb\"},\"inLanguage\":\"de-DE\",\"potentialAction\":[{\"@type\":\"ReadAction\",\"target\":[\"https:\/\/www.miomiorun.com\/de\/produkt\/tk2-crest-socken-damen\/\"]}]},{\"@type\":\"ImageObject\",\"inLanguage\":\"de-DE\",\"@id\":\"https:\/\/www.miomiorun.com\/de\/produkt\/tk2-crest-socken-damen\/#primaryimage\",\"url\":\"https:\/\/www.miomiorun.com\/app\/uploads\/2022\/05\/falke-tk2-crest-W-barolo-16194-8111.jpg\",\"contentUrl\":\"https:\/\/www.miomiorun.com\/app\/uploads\/2022\/05\/falke-tk2-crest-W-barolo-16194-8111.jpg\",\"width\":600,\"height\":600,\"caption\":\"falke-tk2-crest-W-barolo-16194-8111\"},{\"@type\":\"BreadcrumbList\",\"@id\":\"https:\/\/www.miomiorun.com\/de\/produkt\/tk2-crest-socken-damen\/#breadcrumb\",\"itemListElement\":[{\"@type\":\"ListItem\",\"position\":1,\"name\":\"Home\",\"item\":\"https:\/\/www.miomiorun.com\/de\/\"},{\"@type\":\"ListItem\",\"position\":2,\"name\":\"Shop\",\"item\":\"https:\/\/www.miomiorun.com\/shop\/\"},{\"@type\":\"ListItem\",\"position\":3,\"name\":\"Tk2 Crest Socken damen\"}]},{\"@type\":\"WebSite\",\"@id\":\"https:\/\/www.miomiorun.com\/de\/#website\",\"url\":\"https:\/\/www.miomiorun.com\/de\/\",\"name\":\"MioMioRun\",\"description\":\"100% Lauf- und Trailshop\",\"publisher\":{\"@id\":\"https:\/\/www.miomiorun.com\/de\/#organization\"},\"potentialAction\":[{\"@type\":\"SearchAction\",\"target\":{\"@type\":\"EntryPoint\",\"urlTemplate\":\"https:\/\/www.miomiorun.com\/de\/?s={search_term_string}\"},\"query-input\":{\"@type\":\"PropertyValueSpecification\",\"valueRequired\":true,\"valueName\":\"search_term_string\"}}],\"inLanguage\":\"de-DE\"},{\"@type\":\"Organization\",\"@id\":\"https:\/\/www.miomiorun.com\/de\/#organization\",\"name\":\"MioMio Run\",\"url\":\"https:\/\/www.miomiorun.com\/de\/\",\"logo\":{\"@type\":\"ImageObject\",\"inLanguage\":\"de-DE\",\"@id\":\"https:\/\/www.miomiorun.com\/de\/#\/schema\/logo\/image\/\",\"url\":\"https:\/\/www.miomiorun.com\/app\/uploads\/2019\/12\/logomio.png\",\"contentUrl\":\"https:\/\/www.miomiorun.com\/app\/uploads\/2019\/12\/logomio.png\",\"width\":115,\"height\":82,\"caption\":\"MioMio Run\"},\"image\":{\"@id\":\"https:\/\/www.miomiorun.com\/de\/#\/schema\/logo\/image\/\"},\"sameAs\":[\"https:\/\/www.facebook.com\/miomiorun\/\",\"https:\/\/www.instagram.com\/miomiorun\/\"]}]}<\/script>\n<!-- \/ Yoast SEO plugin. -->","yoast_head_json":{"title":"FalkeTk2 Crest Socken damen - Laufsocken - MioMioRun.com","description":"Die TK2 Crest f\u00fcr Damen mit mittlerer Wattierung und Merinowollmischung bietet maximalen Komfort und gute W\u00e4rmeisolierung.","robots":{"index":"index","follow":"follow","max-snippet":"max-snippet:-1","max-image-preview":"max-image-preview:large","max-video-preview":"max-video-preview:-1"},"canonical":"https:\/\/www.miomiorun.com\/de\/produkt\/tk2-crest-socken-damen\/","og_locale":"de_DE","og_type":"article","og_title":"FalkeTk2 Crest Socken damen - Laufsocken - MioMioRun.com","og_description":"Die TK2 Crest f\u00fcr Damen mit mittlerer Wattierung und Merinowollmischung bietet maximalen Komfort und gute W\u00e4rmeisolierung.","og_url":"https:\/\/www.miomiorun.com\/de\/produkt\/tk2-crest-socken-damen\/","og_site_name":"MioMioRun","article_publisher":"https:\/\/www.facebook.com\/miomiorun\/","article_modified_time":"2026-05-08T19:25:10+00:00","og_image":[{"width":600,"height":600,"url":"https:\/\/www.miomiorun.com\/app\/uploads\/2022\/05\/falke-tk2-crest-W-barolo-16194-8111.jpg","type":"image\/jpeg"}],"twitter_card":"summary_large_image","twitter_misc":{"Est. reading time":"2 minutes"},"schema":{"@context":"https:\/\/schema.org","@graph":[{"@type":"WebPage","@id":"https:\/\/www.miomiorun.com\/de\/produkt\/tk2-crest-socken-damen\/","url":"https:\/\/www.miomiorun.com\/de\/produkt\/tk2-crest-socken-damen\/","name":"FalkeTk2 Crest Socken damen - Laufsocken - MioMioRun.com","isPartOf":{"@id":"https:\/\/www.miomiorun.com\/de\/#website"},"primaryImageOfPage":{"@id":"https:\/\/www.miomiorun.com\/de\/produkt\/tk2-crest-socken-damen\/#primaryimage"},"image":{"@id":"https:\/\/www.miomiorun.com\/de\/produkt\/tk2-crest-socken-damen\/#primaryimage"},"thumbnailUrl":"https:\/\/www.miomiorun.com\/app\/uploads\/2022\/05\/falke-tk2-crest-W-barolo-16194-8111.jpg","datePublished":"2022-04-26T15:19:14+00:00","dateModified":"2026-05-08T19:25:10+00:00","description":"Die TK2 Crest f\u00fcr Damen mit mittlerer Wattierung und Merinowollmischung bietet maximalen Komfort und gute W\u00e4rmeisolierung.","breadcrumb":{"@id":"https:\/\/www.miomiorun.com\/de\/produkt\/tk2-crest-socken-damen\/#breadcrumb"},"inLanguage":"de-DE","potentialAction":[{"@type":"ReadAction","target":["https:\/\/www.miomiorun.com\/de\/produkt\/tk2-crest-socken-damen\/"]}]},{"@type":"ImageObject","inLanguage":"de-DE","@id":"https:\/\/www.miomiorun.com\/de\/produkt\/tk2-crest-socken-damen\/#primaryimage","url":"https:\/\/www.miomiorun.com\/app\/uploads\/2022\/05\/falke-tk2-crest-W-barolo-16194-8111.jpg","contentUrl":"https:\/\/www.miomiorun.com\/app\/uploads\/2022\/05\/falke-tk2-crest-W-barolo-16194-8111.jpg","width":600,"height":600,"caption":"falke-tk2-crest-W-barolo-16194-8111"},{"@type":"BreadcrumbList","@id":"https:\/\/www.miomiorun.com\/de\/produkt\/tk2-crest-socken-damen\/#breadcrumb","itemListElement":[{"@type":"ListItem","position":1,"name":"Home","item":"https:\/\/www.miomiorun.com\/de\/"},{"@type":"ListItem","position":2,"name":"Shop","item":"https:\/\/www.miomiorun.com\/shop\/"},{"@type":"ListItem","position":3,"name":"Tk2 Crest Socken damen"}]},{"@type":"WebSite","@id":"https:\/\/www.miomiorun.com\/de\/#website","url":"https:\/\/www.miomiorun.com\/de\/","name":"MioMioRun","description":"100% Lauf- und Trailshop","publisher":{"@id":"https:\/\/www.miomiorun.com\/de\/#organization"},"potentialAction":[{"@type":"SearchAction","target":{"@type":"EntryPoint","urlTemplate":"https:\/\/www.miomiorun.com\/de\/?s={search_term_string}"},"query-input":{"@type":"PropertyValueSpecification","valueRequired":true,"valueName":"search_term_string"}}],"inLanguage":"de-DE"},{"@type":"Organization","@id":"https:\/\/www.miomiorun.com\/de\/#organization","name":"MioMio Run","url":"https:\/\/www.miomiorun.com\/de\/","logo":{"@type":"ImageObject","inLanguage":"de-DE","@id":"https:\/\/www.miomiorun.com\/de\/#\/schema\/logo\/image\/","url":"https:\/\/www.miomiorun.com\/app\/uploads\/2019\/12\/logomio.png","contentUrl":"https:\/\/www.miomiorun.com\/app\/uploads\/2019\/12\/logomio.png","width":115,"height":82,"caption":"MioMio Run"},"image":{"@id":"https:\/\/www.miomiorun.com\/de\/#\/schema\/logo\/image\/"},"sameAs":["https:\/\/www.facebook.com\/miomiorun\/","https:\/\/www.instagram.com\/miomiorun\/"]}]}},"_links":{"self":[{"href":"https:\/\/www.miomiorun.com\/de\/wp-json\/wp\/v2\/product\/86511","targetHints":{"allow":["GET"]}}],"collection":[{"href":"https:\/\/www.miomiorun.com\/de\/wp-json\/wp\/v2\/product"}],"about":[{"href":"https:\/\/www.miomiorun.com\/de\/wp-json\/wp\/v2\/types\/product"}],"wp:featuredmedia":[{"embeddable":true,"href":"https:\/\/www.miomiorun.com\/de\/wp-json\/wp\/v2\/media\/69662"}],"wp:attachment":[{"href":"https:\/\/www.miomiorun.com\/de\/wp-json\/wp\/v2\/media?parent=86511"}],"wp:term":[{"taxonomy":"product_brand","embeddable":true,"href":"https:\/\/www.miomiorun.com\/de\/wp-json\/wp\/v2\/product_brand?post=86511"},{"taxonomy":"product_cat","embeddable":true,"href":"https:\/\/www.miomiorun.com\/de\/wp-json\/wp\/v2\/product_cat?post=86511"},{"taxonomy":"product_tag","embeddable":true,"href":"https:\/\/www.miomiorun.com\/de\/wp-json\/wp\/v2\/product_tag?post=86511"}],"curies":[{"name":"wp","href":"https:\/\/api.w.org\/{rel}","templated":true}]}}