{"id":86505,"date":"2022-04-26T18:16:16","date_gmt":"2022-04-26T16:16:16","guid":{"rendered":"https:\/\/miomiorun.com\/prodotto\/falke-ru4-light-short-donna\/"},"modified":"2022-09-29T11:06:52","modified_gmt":"2022-09-29T09:06:52","slug":"falke-ru4-light-short-donna","status":"publish","type":"product","link":"https:\/\/www.miomiorun.com\/de\/produkt\/falke-ru4-light-short-donna\/","title":{"rendered":"RU4 Light Short damen"},"content":{"rendered":"<p><div class=\"vc-row container\"><div class=\"vc-column\"><div class=\"vc-column-text\">Die<strong> RU4 Light<\/strong> Short f\u00fcr Damen ist eine kn\u00f6chellange Socke und eignet sich dank ihrer d\u00fcnnen Einlegesohle perfekt f\u00fcr L\u00e4ufer, die gro\u00dfen Wert auf direkte Kraft\u00fcbertragung und direkten Kontakt zum Schuh legen. Die leichte Polsterung reduziert Druckstellen und sch\u00fctzt vor Blasenbildung. Schneller Feuchtigkeitstransport und die FALKE-Passform garantieren hohen Tragekomfort und einen perfekten Sitz. Die besten Voraussetzungen f\u00fcr ein erfolgreiches Rennen!<\/p>\n<p><strong>Merkmale:<\/strong><\/p>\n<ul>\n<li>Leichte Polsterung f\u00fcr sofortige Kraft\u00fcbertragung und direkten Schuhkontakt<\/li>\n<li>Hoher Feuchtigkeitstransport und schnelles Trocknen dank dreilagigem Material<\/li>\n<li>Sch\u00fctzt vor Blasenbildung dank reduzierter Druckstellen<\/li>\n<li>Optimale Passform dank anatomisch geformter Einlegesohle und vorgeformter Zehenbox<\/li>\n<\/ul>\n<p><\/div><\/div><\/div><div class=\"vc-row container\"><div class=\"vc-column\"><div class=\"vc-column-text\"><\/p>\n<div class=\"product-functional-symbols__image-container\"><img decoding=\"async\" class=\"product-functional-symbols__image aligncenter\" src=\"https:\/\/www.falke.com\/it_it\/9dd393d722265eb755772abd698b837041098075\/assets\/base\/staticImages\/functionalsymbols\/icon_feuchtigkeitsregulierend.svg\" \/><\/div>\n<div class=\"product-functional-symbols__name\" style=\"text-align: center;\">Reguliert die Luftfeuchtigkeit<\/div>\n<p><\/div><\/div><div class=\"vc-column\"><div class=\"vc-column-text\"><\/p>\n<div class=\"product-functional-symbols__image-container\"><img decoding=\"async\" class=\"product-functional-symbols__image aligncenter\" src=\"https:\/\/www.falke.com\/it_it\/7ce8ae0e8382e27e767d55937b0805f5f19ef321\/assets\/base\/staticImages\/functionalsymbols\/icon_daempfende-wirkung.svg\" \/><\/div>\n<div><\/div>\n<div class=\"product-functional-symbols__name\" style=\"text-align: center;\">D\u00e4mpfende Wirkung<\/div>\n<div class=\"product-functional-symbols__tooltip\">\n<div class=\"product-functional-symbols__tooltip-content\"><\/div>\n<\/div>\n<p><\/div><\/div><div class=\"vc-column\"><div class=\"vc-column-text\"><\/p>\n<div class=\"product-functional-symbols__image-container\"><img decoding=\"async\" class=\"product-functional-symbols__image aligncenter\" src=\"https:\/\/www.falke.com\/it_it\/9dd393d722265eb755772abd698b837041098075\/assets\/base\/staticImages\/functionalsymbols\/icon_schnellste_ruecktrocknung.svg\" \/><\/div>\n<div class=\"product-functional-symbols__name\" style=\"text-align: center;\">Schnelleres Trocknen<\/div>\n<p><\/div><\/div><\/div><div class=\"vc-row container\"><div class=\"vc-column\"><div class=\"vc-column-text\"><strong>Material:<\/strong> 62% Polyamid, 35% Lyocell, 3% Elasthan<\/p>\n<p><strong>Beinl\u00e4nge:<\/strong> kn\u00f6chellang<\/p>\n<p>Polsterung :Leicht<\/p>\n<p><strong>Passform :<\/strong>Anatomisch<\/p>\n<p><strong>Sohle :<\/strong>Normal.<\/div><\/div><\/div><\/p>\n","protected":false},"excerpt":{"rendered":"<ul>\n<li>Hoher Feuchtigkeitstransport und schnelles Trocknen dank dreilagigem Material<\/li>\n<li>Sch\u00fctzt vor Blasenbildung dank reduzierter Druckstellen<\/li>\n<li>Optimale Passform dank anatomisch geformter Einlegesohle und vorgeformter Zehenbox<\/li>\n<\/ul>\n","protected":false},"featured_media":69237,"template":"","meta":{"_acf_changed":false,"inline_featured_image":false},"product_brand":[],"product_cat":[6401,6402],"product_tag":[6245,6246],"class_list":{"0":"post-86505","1":"product","2":"type-product","3":"status-publish","4":"has-post-thumbnail","6":"product_cat-damenbekleidung","7":"product_cat-damensocken-de","8":"product_tag-falke-de","9":"product_tag-falke-damen-de","10":"pa_attivita-fitness-de","11":"pa_attivita-gehen","12":"pa_attivita-running-de","13":"pa_colore-ru4-light-short-w-babouche-de","14":"pa_colore-ru4-light-short-w-black-mix-de","15":"pa_colore-ru4-light-short-w-rose-de","16":"pa_marca-falke-de","17":"pa_sesso-damen","18":"pa_size-35-36-de","19":"pa_size-37-38-de","20":"pa_size-39-40-de","21":"pa_size-41-42-de","23":"first","24":"instock","25":"sale","26":"taxable","27":"shipping-taxable","28":"purchasable","29":"product-type-variable","30":"wvs-archive-product-wrapper"},"acf":[],"yoast_head":"<!-- This site is optimized with the Yoast SEO plugin v26.8 - https:\/\/yoast.com\/product\/yoast-seo-wordpress\/ -->\n<title>Falke RU4 Light Short damen - Laufsocken - MioMioRun.com<\/title>\n<meta name=\"description\" content=\"RU4 Light Short da donna \u00e8 un calzino che arriva\u00a0alla caviglia e grazie alla soletta sottile \u00e8 perfetto per chi cerca contatto con la scarpa\" \/>\n<meta name=\"robots\" content=\"index, follow, max-snippet:-1, max-image-preview:large, max-video-preview:-1\" \/>\n<link rel=\"canonical\" href=\"https:\/\/www.miomiorun.com\/de\/produkt\/falke-ru4-light-short-donna\/\" \/>\n<meta property=\"og:locale\" content=\"de_DE\" \/>\n<meta property=\"og:type\" content=\"article\" \/>\n<meta property=\"og:title\" content=\"Falke RU4 Light Short damen - Laufsocken - MioMioRun.com\" \/>\n<meta property=\"og:description\" content=\"RU4 Light Short da donna \u00e8 un calzino che arriva\u00a0alla caviglia e grazie alla soletta sottile \u00e8 perfetto per chi cerca contatto con la scarpa\" \/>\n<meta property=\"og:url\" content=\"https:\/\/www.miomiorun.com\/de\/produkt\/falke-ru4-light-short-donna\/\" \/>\n<meta property=\"og:site_name\" content=\"MioMioRun\" \/>\n<meta property=\"article:publisher\" content=\"https:\/\/www.facebook.com\/miomiorun\/\" \/>\n<meta property=\"article:modified_time\" content=\"2022-09-29T09:06:52+00:00\" \/>\n<meta property=\"og:image\" content=\"https:\/\/www.miomiorun.com\/app\/uploads\/2022\/04\/falke-ru4-light-short-W-rose-16761-8564.jpg\" \/>\n\t<meta property=\"og:image:width\" content=\"600\" \/>\n\t<meta property=\"og:image:height\" content=\"600\" \/>\n\t<meta property=\"og:image:type\" content=\"image\/jpeg\" \/>\n<meta name=\"twitter:card\" content=\"summary_large_image\" \/>\n<meta name=\"twitter:label1\" content=\"Est. reading time\" \/>\n\t<meta name=\"twitter:data1\" content=\"2 minutes\" \/>\n<script type=\"application\/ld+json\" class=\"yoast-schema-graph\">{\"@context\":\"https:\/\/schema.org\",\"@graph\":[{\"@type\":\"WebPage\",\"@id\":\"https:\/\/www.miomiorun.com\/de\/produkt\/falke-ru4-light-short-donna\/\",\"url\":\"https:\/\/www.miomiorun.com\/de\/produkt\/falke-ru4-light-short-donna\/\",\"name\":\"Falke RU4 Light Short damen - Laufsocken - MioMioRun.com\",\"isPartOf\":{\"@id\":\"https:\/\/www.miomiorun.com\/de\/#website\"},\"primaryImageOfPage\":{\"@id\":\"https:\/\/www.miomiorun.com\/de\/produkt\/falke-ru4-light-short-donna\/#primaryimage\"},\"image\":{\"@id\":\"https:\/\/www.miomiorun.com\/de\/produkt\/falke-ru4-light-short-donna\/#primaryimage\"},\"thumbnailUrl\":\"https:\/\/www.miomiorun.com\/app\/uploads\/2022\/04\/falke-ru4-light-short-W-rose-16761-8564.jpg\",\"datePublished\":\"2022-04-26T16:16:16+00:00\",\"dateModified\":\"2022-09-29T09:06:52+00:00\",\"description\":\"RU4 Light Short da donna \u00e8 un calzino che arriva\u00a0alla caviglia e grazie alla soletta sottile \u00e8 perfetto per chi cerca contatto con la scarpa\",\"breadcrumb\":{\"@id\":\"https:\/\/www.miomiorun.com\/de\/produkt\/falke-ru4-light-short-donna\/#breadcrumb\"},\"inLanguage\":\"de-DE\",\"potentialAction\":[{\"@type\":\"ReadAction\",\"target\":[\"https:\/\/www.miomiorun.com\/de\/produkt\/falke-ru4-light-short-donna\/\"]}]},{\"@type\":\"ImageObject\",\"inLanguage\":\"de-DE\",\"@id\":\"https:\/\/www.miomiorun.com\/de\/produkt\/falke-ru4-light-short-donna\/#primaryimage\",\"url\":\"https:\/\/www.miomiorun.com\/app\/uploads\/2022\/04\/falke-ru4-light-short-W-rose-16761-8564.jpg\",\"contentUrl\":\"https:\/\/www.miomiorun.com\/app\/uploads\/2022\/04\/falke-ru4-light-short-W-rose-16761-8564.jpg\",\"width\":600,\"height\":600,\"caption\":\"falke-ru4-light-short-W-rose-16761-8564\"},{\"@type\":\"BreadcrumbList\",\"@id\":\"https:\/\/www.miomiorun.com\/de\/produkt\/falke-ru4-light-short-donna\/#breadcrumb\",\"itemListElement\":[{\"@type\":\"ListItem\",\"position\":1,\"name\":\"Home\",\"item\":\"https:\/\/www.miomiorun.com\/de\/\"},{\"@type\":\"ListItem\",\"position\":2,\"name\":\"Shop\",\"item\":\"https:\/\/www.miomiorun.com\/shop\/\"},{\"@type\":\"ListItem\",\"position\":3,\"name\":\"RU4 Light Short damen\"}]},{\"@type\":\"WebSite\",\"@id\":\"https:\/\/www.miomiorun.com\/de\/#website\",\"url\":\"https:\/\/www.miomiorun.com\/de\/\",\"name\":\"MioMioRun\",\"description\":\"100% Lauf- und Trailshop\",\"publisher\":{\"@id\":\"https:\/\/www.miomiorun.com\/de\/#organization\"},\"potentialAction\":[{\"@type\":\"SearchAction\",\"target\":{\"@type\":\"EntryPoint\",\"urlTemplate\":\"https:\/\/www.miomiorun.com\/de\/?s={search_term_string}\"},\"query-input\":{\"@type\":\"PropertyValueSpecification\",\"valueRequired\":true,\"valueName\":\"search_term_string\"}}],\"inLanguage\":\"de-DE\"},{\"@type\":\"Organization\",\"@id\":\"https:\/\/www.miomiorun.com\/de\/#organization\",\"name\":\"MioMio Run\",\"url\":\"https:\/\/www.miomiorun.com\/de\/\",\"logo\":{\"@type\":\"ImageObject\",\"inLanguage\":\"de-DE\",\"@id\":\"https:\/\/www.miomiorun.com\/de\/#\/schema\/logo\/image\/\",\"url\":\"https:\/\/www.miomiorun.com\/app\/uploads\/2019\/12\/logomio.png\",\"contentUrl\":\"https:\/\/www.miomiorun.com\/app\/uploads\/2019\/12\/logomio.png\",\"width\":115,\"height\":82,\"caption\":\"MioMio Run\"},\"image\":{\"@id\":\"https:\/\/www.miomiorun.com\/de\/#\/schema\/logo\/image\/\"},\"sameAs\":[\"https:\/\/www.facebook.com\/miomiorun\/\",\"https:\/\/www.instagram.com\/miomiorun\/\"]}]}<\/script>\n<!-- \/ Yoast SEO plugin. -->","yoast_head_json":{"title":"Falke RU4 Light Short damen - Laufsocken - MioMioRun.com","description":"RU4 Light Short da donna \u00e8 un calzino che arriva\u00a0alla caviglia e grazie alla soletta sottile \u00e8 perfetto per chi cerca contatto con la scarpa","robots":{"index":"index","follow":"follow","max-snippet":"max-snippet:-1","max-image-preview":"max-image-preview:large","max-video-preview":"max-video-preview:-1"},"canonical":"https:\/\/www.miomiorun.com\/de\/produkt\/falke-ru4-light-short-donna\/","og_locale":"de_DE","og_type":"article","og_title":"Falke RU4 Light Short damen - Laufsocken - MioMioRun.com","og_description":"RU4 Light Short da donna \u00e8 un calzino che arriva\u00a0alla caviglia e grazie alla soletta sottile \u00e8 perfetto per chi cerca contatto con la scarpa","og_url":"https:\/\/www.miomiorun.com\/de\/produkt\/falke-ru4-light-short-donna\/","og_site_name":"MioMioRun","article_publisher":"https:\/\/www.facebook.com\/miomiorun\/","article_modified_time":"2022-09-29T09:06:52+00:00","og_image":[{"width":600,"height":600,"url":"https:\/\/www.miomiorun.com\/app\/uploads\/2022\/04\/falke-ru4-light-short-W-rose-16761-8564.jpg","type":"image\/jpeg"}],"twitter_card":"summary_large_image","twitter_misc":{"Est. reading time":"2 minutes"},"schema":{"@context":"https:\/\/schema.org","@graph":[{"@type":"WebPage","@id":"https:\/\/www.miomiorun.com\/de\/produkt\/falke-ru4-light-short-donna\/","url":"https:\/\/www.miomiorun.com\/de\/produkt\/falke-ru4-light-short-donna\/","name":"Falke RU4 Light Short damen - Laufsocken - MioMioRun.com","isPartOf":{"@id":"https:\/\/www.miomiorun.com\/de\/#website"},"primaryImageOfPage":{"@id":"https:\/\/www.miomiorun.com\/de\/produkt\/falke-ru4-light-short-donna\/#primaryimage"},"image":{"@id":"https:\/\/www.miomiorun.com\/de\/produkt\/falke-ru4-light-short-donna\/#primaryimage"},"thumbnailUrl":"https:\/\/www.miomiorun.com\/app\/uploads\/2022\/04\/falke-ru4-light-short-W-rose-16761-8564.jpg","datePublished":"2022-04-26T16:16:16+00:00","dateModified":"2022-09-29T09:06:52+00:00","description":"RU4 Light Short da donna \u00e8 un calzino che arriva\u00a0alla caviglia e grazie alla soletta sottile \u00e8 perfetto per chi cerca contatto con la scarpa","breadcrumb":{"@id":"https:\/\/www.miomiorun.com\/de\/produkt\/falke-ru4-light-short-donna\/#breadcrumb"},"inLanguage":"de-DE","potentialAction":[{"@type":"ReadAction","target":["https:\/\/www.miomiorun.com\/de\/produkt\/falke-ru4-light-short-donna\/"]}]},{"@type":"ImageObject","inLanguage":"de-DE","@id":"https:\/\/www.miomiorun.com\/de\/produkt\/falke-ru4-light-short-donna\/#primaryimage","url":"https:\/\/www.miomiorun.com\/app\/uploads\/2022\/04\/falke-ru4-light-short-W-rose-16761-8564.jpg","contentUrl":"https:\/\/www.miomiorun.com\/app\/uploads\/2022\/04\/falke-ru4-light-short-W-rose-16761-8564.jpg","width":600,"height":600,"caption":"falke-ru4-light-short-W-rose-16761-8564"},{"@type":"BreadcrumbList","@id":"https:\/\/www.miomiorun.com\/de\/produkt\/falke-ru4-light-short-donna\/#breadcrumb","itemListElement":[{"@type":"ListItem","position":1,"name":"Home","item":"https:\/\/www.miomiorun.com\/de\/"},{"@type":"ListItem","position":2,"name":"Shop","item":"https:\/\/www.miomiorun.com\/shop\/"},{"@type":"ListItem","position":3,"name":"RU4 Light Short damen"}]},{"@type":"WebSite","@id":"https:\/\/www.miomiorun.com\/de\/#website","url":"https:\/\/www.miomiorun.com\/de\/","name":"MioMioRun","description":"100% Lauf- und Trailshop","publisher":{"@id":"https:\/\/www.miomiorun.com\/de\/#organization"},"potentialAction":[{"@type":"SearchAction","target":{"@type":"EntryPoint","urlTemplate":"https:\/\/www.miomiorun.com\/de\/?s={search_term_string}"},"query-input":{"@type":"PropertyValueSpecification","valueRequired":true,"valueName":"search_term_string"}}],"inLanguage":"de-DE"},{"@type":"Organization","@id":"https:\/\/www.miomiorun.com\/de\/#organization","name":"MioMio Run","url":"https:\/\/www.miomiorun.com\/de\/","logo":{"@type":"ImageObject","inLanguage":"de-DE","@id":"https:\/\/www.miomiorun.com\/de\/#\/schema\/logo\/image\/","url":"https:\/\/www.miomiorun.com\/app\/uploads\/2019\/12\/logomio.png","contentUrl":"https:\/\/www.miomiorun.com\/app\/uploads\/2019\/12\/logomio.png","width":115,"height":82,"caption":"MioMio Run"},"image":{"@id":"https:\/\/www.miomiorun.com\/de\/#\/schema\/logo\/image\/"},"sameAs":["https:\/\/www.facebook.com\/miomiorun\/","https:\/\/www.instagram.com\/miomiorun\/"]}]}},"_links":{"self":[{"href":"https:\/\/www.miomiorun.com\/de\/wp-json\/wp\/v2\/product\/86505","targetHints":{"allow":["GET"]}}],"collection":[{"href":"https:\/\/www.miomiorun.com\/de\/wp-json\/wp\/v2\/product"}],"about":[{"href":"https:\/\/www.miomiorun.com\/de\/wp-json\/wp\/v2\/types\/product"}],"wp:featuredmedia":[{"embeddable":true,"href":"https:\/\/www.miomiorun.com\/de\/wp-json\/wp\/v2\/media\/69237"}],"wp:attachment":[{"href":"https:\/\/www.miomiorun.com\/de\/wp-json\/wp\/v2\/media?parent=86505"}],"wp:term":[{"taxonomy":"product_brand","embeddable":true,"href":"https:\/\/www.miomiorun.com\/de\/wp-json\/wp\/v2\/product_brand?post=86505"},{"taxonomy":"product_cat","embeddable":true,"href":"https:\/\/www.miomiorun.com\/de\/wp-json\/wp\/v2\/product_cat?post=86505"},{"taxonomy":"product_tag","embeddable":true,"href":"https:\/\/www.miomiorun.com\/de\/wp-json\/wp\/v2\/product_tag?post=86505"}],"curies":[{"name":"wp","href":"https:\/\/api.w.org\/{rel}","templated":true}]}}