{"id":86466,"date":"2022-04-27T10:26:15","date_gmt":"2022-04-27T08:26:15","guid":{"rendered":"https:\/\/miomiorun.com\/prodotto\/falke-tk2-trekking-uomo\/"},"modified":"2022-09-29T11:00:15","modified_gmt":"2022-09-29T09:00:15","slug":"tk2-trekking-herren","status":"publish","type":"product","link":"https:\/\/www.miomiorun.com\/de\/produkt\/tk2-trekking-herren\/","title":{"rendered":"TK2 Trekking herren"},"content":{"rendered":"<p><div class=\"vc-row container\"><div class=\"vc-column\"><div class=\"vc-column-text\"><\/p>\n<div>\n<div class=\"product-section product-detailed-page__section product-detailed-page__section--description\">\n<div class=\"product-section__content\">\n<div class=\"product-description\">\n<div class=\"product-description__content\">\n<p>Dank der Kombination aus mittlerer Polsterung und Merinowolle garantiert die <strong>TK2<\/strong> Herren-Wandersocke maximalen Komfort und eine gute W\u00e4rmeisolierung bei Wanderungen in leichtem Gel\u00e4nde bei allen Wetterbedingungen. Der effiziente Feuchtigkeitstransport und die perfekte Passform garantieren dem Fu\u00df eine perfekte Temperatur und maximalen Komfort.<\/p>\n<p><strong>Merkmale:<\/strong><\/p>\n<ul>\n<li>Maximaler Komfort bei Wanderungen in leicht begehbarem Gel\u00e4nde bei jedem Wetter<\/li>\n<li>Kombination aus Merinowolle f\u00fcr gute W\u00e4rmeisolierung<\/li>\n<li>Mittlere Polsterung f\u00fcr ausreichenden Schutz und guten Schuhkontakt<\/li>\n<li>Perfekter Temperatur- und Feuchtigkeitstransport dank dreischichtigem Aufbau<\/li>\n<li>Perfekte Passform dank beidseitiger Polsterung und Zehenformung<\/li>\n<\/ul>\n<\/div>\n<\/div>\n<\/div>\n<\/div>\n<\/div>\n<div>\n<div class=\"product-section product-detailed-page__section product-detailed-page__section--description\">\n<div>\n<div>\n<div class=\"product-section__content\">\n<div class=\"product-description\">\n<div class=\"product-description__content\"><\/div>\n<\/div>\n<\/div>\n<\/div>\n<\/div>\n<\/div>\n<\/div>\n<p><\/div><\/div><\/div><div class=\"vc-row container\"><div class=\"vc-column\"><div class=\"vc-column-text\"><\/p>\n<div class=\"product-functional-symbols__image-container\"><img decoding=\"async\" class=\"product-functional-symbols__image aligncenter\" src=\"https:\/\/www.falke.com\/it_it\/9dd393d722265eb755772abd698b837041098075\/assets\/base\/staticImages\/functionalsymbols\/icon_feuchtigkeitsregulierend.svg\" \/><\/div>\n<div class=\"product-functional-symbols__name\" style=\"text-align: center;\">Reguliert die Luftfeuchtigkeit<\/div>\n<p><\/div><\/div><div class=\"vc-column\"><div class=\"vc-column-text\"><\/p>\n<div class=\"product-functional-symbols__image-container\"><img loading=\"lazy\" decoding=\"async\" class=\"product-functional-symbols__image aligncenter\" src=\"https:\/\/www.falke.com\/it_it\/7ce8ae0e8382e27e767d55937b0805f5f19ef321\/assets\/base\/staticImages\/functionalsymbols\/icon_daempfende-wirkung.svg\" width=\"86\" height=\"86\" \/><\/div>\n<p style=\"text-align: center;\">D\u00e4mpfende Wirkung<\/p>\n<p><\/div><\/div><div class=\"vc-column\"><div class=\"vc-column-text\"><\/p>\n<div class=\"product-functional-symbols__image-container\"><img decoding=\"async\" class=\"product-functional-symbols__image aligncenter\" src=\"https:\/\/www.falke.com\/it_it\/9dd393d722265eb755772abd698b837041098075\/assets\/base\/staticImages\/functionalsymbols\/icon_schnellste_ruecktrocknung.svg\" \/><\/div>\n<div class=\"product-functional-symbols__name\" style=\"text-align: center;\">Schnelleres Trocknen<\/div>\n<p><\/div><\/div><\/div><div class=\"vc-row container\"><div class=\"vc-column\"><div class=\"vc-column-text\"><strong>Material:<\/strong> 40% Polypropylen, 28% Acryl, 22% Wolle, 9% Polyamid, 1% Elasthan<\/p>\n<p><strong>Beinl\u00e4nge:<\/strong> Wade<\/p>\n<p><strong>Polsterung :<\/strong> Mittelschwer<\/p>\n<p><strong>Passform:<\/strong> Anatomisch<\/p>\n<p><strong>Sohle:<\/strong> Normal.<\/p>\n<p><strong>Aussehen :<\/strong> Sportlich.<\/div><\/div><\/div><\/p>\n","protected":false},"excerpt":{"rendered":"<ul>\n<li>Kombination aus Merinowolle f\u00fcr gute W\u00e4rmeisolierung<\/li>\n<li>Mittlere Polsterung f\u00fcr ausreichenden Schutz und guten Schuhkontakt<\/li>\n<li>Perfekter Temperatur- und Feuchtigkeitstransport dank dreischichtigem Aufbau<\/li>\n<\/ul>\n","protected":false},"featured_media":71648,"template":"","meta":{"_acf_changed":false,"inline_featured_image":false},"product_brand":[],"product_cat":[6515,6540,6514],"product_tag":[6245,6231],"class_list":{"0":"post-86466","1":"product","2":"type-product","3":"status-publish","4":"has-post-thumbnail","6":"product_cat-herren-de","7":"product_cat-herrenbekleidung","8":"product_cat-socken","9":"product_tag-falke-de","10":"product_tag-falke-herren-de","11":"pa_attivita-outdoor-de","12":"pa_colore-tk2-m-black-mix-de","13":"pa_colore-tk2-m-marine-de","14":"pa_colore-tk2-nautica-de","15":"pa_marca-falke-de","16":"pa_sesso-herren","17":"pa_size-39-41-de","18":"pa_size-42-43-de","19":"pa_size-44-45-de","20":"pa_size-46-48-de","22":"first","23":"instock","24":"sale","25":"taxable","26":"shipping-taxable","27":"purchasable","28":"product-type-variable","29":"wvs-archive-product-wrapper"},"acf":[],"yoast_head":"<!-- This site is optimized with the Yoast SEO plugin v26.8 - https:\/\/yoast.com\/product\/yoast-seo-wordpress\/ -->\n<title>Falke TK2 Trekking herren - Trekking-Socken - MioMioRun.com<\/title>\n<meta name=\"description\" content=\"Dank der Kombination aus mittlerer Polsterung und Merinowolle garantiert die TK2 Herren-Wandersocke maximalen Komfort und eine gute W\u00e4rmeisolierung.\" \/>\n<meta name=\"robots\" content=\"index, follow, max-snippet:-1, max-image-preview:large, max-video-preview:-1\" \/>\n<link rel=\"canonical\" href=\"https:\/\/www.miomiorun.com\/de\/produkt\/tk2-trekking-herren\/\" \/>\n<meta property=\"og:locale\" content=\"de_DE\" \/>\n<meta property=\"og:type\" content=\"article\" \/>\n<meta property=\"og:title\" content=\"Falke TK2 Trekking herren - Trekking-Socken - MioMioRun.com\" \/>\n<meta property=\"og:description\" content=\"Dank der Kombination aus mittlerer Polsterung und Merinowolle garantiert die TK2 Herren-Wandersocke maximalen Komfort und eine gute W\u00e4rmeisolierung.\" \/>\n<meta property=\"og:url\" content=\"https:\/\/www.miomiorun.com\/de\/produkt\/tk2-trekking-herren\/\" \/>\n<meta property=\"og:site_name\" content=\"MioMioRun\" \/>\n<meta property=\"article:publisher\" content=\"https:\/\/www.facebook.com\/miomiorun\/\" \/>\n<meta property=\"article:modified_time\" content=\"2022-09-29T09:00:15+00:00\" \/>\n<meta property=\"og:image\" content=\"https:\/\/www.miomiorun.com\/app\/uploads\/2022\/05\/falke-tk2-nautica-16474-6618.jpg\" \/>\n\t<meta property=\"og:image:width\" content=\"600\" \/>\n\t<meta property=\"og:image:height\" content=\"600\" \/>\n\t<meta property=\"og:image:type\" content=\"image\/jpeg\" \/>\n<meta name=\"twitter:card\" content=\"summary_large_image\" \/>\n<meta name=\"twitter:label1\" content=\"Est. reading time\" \/>\n\t<meta name=\"twitter:data1\" content=\"2 minutes\" \/>\n<script type=\"application\/ld+json\" class=\"yoast-schema-graph\">{\"@context\":\"https:\/\/schema.org\",\"@graph\":[{\"@type\":\"WebPage\",\"@id\":\"https:\/\/www.miomiorun.com\/de\/produkt\/tk2-trekking-herren\/\",\"url\":\"https:\/\/www.miomiorun.com\/de\/produkt\/tk2-trekking-herren\/\",\"name\":\"Falke TK2 Trekking herren - Trekking-Socken - MioMioRun.com\",\"isPartOf\":{\"@id\":\"https:\/\/www.miomiorun.com\/de\/#website\"},\"primaryImageOfPage\":{\"@id\":\"https:\/\/www.miomiorun.com\/de\/produkt\/tk2-trekking-herren\/#primaryimage\"},\"image\":{\"@id\":\"https:\/\/www.miomiorun.com\/de\/produkt\/tk2-trekking-herren\/#primaryimage\"},\"thumbnailUrl\":\"https:\/\/www.miomiorun.com\/app\/uploads\/2022\/05\/falke-tk2-nautica-16474-6618.jpg\",\"datePublished\":\"2022-04-27T08:26:15+00:00\",\"dateModified\":\"2022-09-29T09:00:15+00:00\",\"description\":\"Dank der Kombination aus mittlerer Polsterung und Merinowolle garantiert die TK2 Herren-Wandersocke maximalen Komfort und eine gute W\u00e4rmeisolierung.\",\"breadcrumb\":{\"@id\":\"https:\/\/www.miomiorun.com\/de\/produkt\/tk2-trekking-herren\/#breadcrumb\"},\"inLanguage\":\"de-DE\",\"potentialAction\":[{\"@type\":\"ReadAction\",\"target\":[\"https:\/\/www.miomiorun.com\/de\/produkt\/tk2-trekking-herren\/\"]}]},{\"@type\":\"ImageObject\",\"inLanguage\":\"de-DE\",\"@id\":\"https:\/\/www.miomiorun.com\/de\/produkt\/tk2-trekking-herren\/#primaryimage\",\"url\":\"https:\/\/www.miomiorun.com\/app\/uploads\/2022\/05\/falke-tk2-nautica-16474-6618.jpg\",\"contentUrl\":\"https:\/\/www.miomiorun.com\/app\/uploads\/2022\/05\/falke-tk2-nautica-16474-6618.jpg\",\"width\":600,\"height\":600,\"caption\":\"falke-tk2-nautica-16474-6618\"},{\"@type\":\"BreadcrumbList\",\"@id\":\"https:\/\/www.miomiorun.com\/de\/produkt\/tk2-trekking-herren\/#breadcrumb\",\"itemListElement\":[{\"@type\":\"ListItem\",\"position\":1,\"name\":\"Home\",\"item\":\"https:\/\/www.miomiorun.com\/de\/\"},{\"@type\":\"ListItem\",\"position\":2,\"name\":\"Shop\",\"item\":\"https:\/\/www.miomiorun.com\/shop\/\"},{\"@type\":\"ListItem\",\"position\":3,\"name\":\"TK2 Trekking herren\"}]},{\"@type\":\"WebSite\",\"@id\":\"https:\/\/www.miomiorun.com\/de\/#website\",\"url\":\"https:\/\/www.miomiorun.com\/de\/\",\"name\":\"MioMioRun\",\"description\":\"100% Lauf- und Trailshop\",\"publisher\":{\"@id\":\"https:\/\/www.miomiorun.com\/de\/#organization\"},\"potentialAction\":[{\"@type\":\"SearchAction\",\"target\":{\"@type\":\"EntryPoint\",\"urlTemplate\":\"https:\/\/www.miomiorun.com\/de\/?s={search_term_string}\"},\"query-input\":{\"@type\":\"PropertyValueSpecification\",\"valueRequired\":true,\"valueName\":\"search_term_string\"}}],\"inLanguage\":\"de-DE\"},{\"@type\":\"Organization\",\"@id\":\"https:\/\/www.miomiorun.com\/de\/#organization\",\"name\":\"MioMio Run\",\"url\":\"https:\/\/www.miomiorun.com\/de\/\",\"logo\":{\"@type\":\"ImageObject\",\"inLanguage\":\"de-DE\",\"@id\":\"https:\/\/www.miomiorun.com\/de\/#\/schema\/logo\/image\/\",\"url\":\"https:\/\/www.miomiorun.com\/app\/uploads\/2019\/12\/logomio.png\",\"contentUrl\":\"https:\/\/www.miomiorun.com\/app\/uploads\/2019\/12\/logomio.png\",\"width\":115,\"height\":82,\"caption\":\"MioMio Run\"},\"image\":{\"@id\":\"https:\/\/www.miomiorun.com\/de\/#\/schema\/logo\/image\/\"},\"sameAs\":[\"https:\/\/www.facebook.com\/miomiorun\/\",\"https:\/\/www.instagram.com\/miomiorun\/\"]}]}<\/script>\n<!-- \/ Yoast SEO plugin. -->","yoast_head_json":{"title":"Falke TK2 Trekking herren - Trekking-Socken - MioMioRun.com","description":"Dank der Kombination aus mittlerer Polsterung und Merinowolle garantiert die TK2 Herren-Wandersocke maximalen Komfort und eine gute W\u00e4rmeisolierung.","robots":{"index":"index","follow":"follow","max-snippet":"max-snippet:-1","max-image-preview":"max-image-preview:large","max-video-preview":"max-video-preview:-1"},"canonical":"https:\/\/www.miomiorun.com\/de\/produkt\/tk2-trekking-herren\/","og_locale":"de_DE","og_type":"article","og_title":"Falke TK2 Trekking herren - Trekking-Socken - MioMioRun.com","og_description":"Dank der Kombination aus mittlerer Polsterung und Merinowolle garantiert die TK2 Herren-Wandersocke maximalen Komfort und eine gute W\u00e4rmeisolierung.","og_url":"https:\/\/www.miomiorun.com\/de\/produkt\/tk2-trekking-herren\/","og_site_name":"MioMioRun","article_publisher":"https:\/\/www.facebook.com\/miomiorun\/","article_modified_time":"2022-09-29T09:00:15+00:00","og_image":[{"width":600,"height":600,"url":"https:\/\/www.miomiorun.com\/app\/uploads\/2022\/05\/falke-tk2-nautica-16474-6618.jpg","type":"image\/jpeg"}],"twitter_card":"summary_large_image","twitter_misc":{"Est. reading time":"2 minutes"},"schema":{"@context":"https:\/\/schema.org","@graph":[{"@type":"WebPage","@id":"https:\/\/www.miomiorun.com\/de\/produkt\/tk2-trekking-herren\/","url":"https:\/\/www.miomiorun.com\/de\/produkt\/tk2-trekking-herren\/","name":"Falke TK2 Trekking herren - Trekking-Socken - MioMioRun.com","isPartOf":{"@id":"https:\/\/www.miomiorun.com\/de\/#website"},"primaryImageOfPage":{"@id":"https:\/\/www.miomiorun.com\/de\/produkt\/tk2-trekking-herren\/#primaryimage"},"image":{"@id":"https:\/\/www.miomiorun.com\/de\/produkt\/tk2-trekking-herren\/#primaryimage"},"thumbnailUrl":"https:\/\/www.miomiorun.com\/app\/uploads\/2022\/05\/falke-tk2-nautica-16474-6618.jpg","datePublished":"2022-04-27T08:26:15+00:00","dateModified":"2022-09-29T09:00:15+00:00","description":"Dank der Kombination aus mittlerer Polsterung und Merinowolle garantiert die TK2 Herren-Wandersocke maximalen Komfort und eine gute W\u00e4rmeisolierung.","breadcrumb":{"@id":"https:\/\/www.miomiorun.com\/de\/produkt\/tk2-trekking-herren\/#breadcrumb"},"inLanguage":"de-DE","potentialAction":[{"@type":"ReadAction","target":["https:\/\/www.miomiorun.com\/de\/produkt\/tk2-trekking-herren\/"]}]},{"@type":"ImageObject","inLanguage":"de-DE","@id":"https:\/\/www.miomiorun.com\/de\/produkt\/tk2-trekking-herren\/#primaryimage","url":"https:\/\/www.miomiorun.com\/app\/uploads\/2022\/05\/falke-tk2-nautica-16474-6618.jpg","contentUrl":"https:\/\/www.miomiorun.com\/app\/uploads\/2022\/05\/falke-tk2-nautica-16474-6618.jpg","width":600,"height":600,"caption":"falke-tk2-nautica-16474-6618"},{"@type":"BreadcrumbList","@id":"https:\/\/www.miomiorun.com\/de\/produkt\/tk2-trekking-herren\/#breadcrumb","itemListElement":[{"@type":"ListItem","position":1,"name":"Home","item":"https:\/\/www.miomiorun.com\/de\/"},{"@type":"ListItem","position":2,"name":"Shop","item":"https:\/\/www.miomiorun.com\/shop\/"},{"@type":"ListItem","position":3,"name":"TK2 Trekking herren"}]},{"@type":"WebSite","@id":"https:\/\/www.miomiorun.com\/de\/#website","url":"https:\/\/www.miomiorun.com\/de\/","name":"MioMioRun","description":"100% Lauf- und Trailshop","publisher":{"@id":"https:\/\/www.miomiorun.com\/de\/#organization"},"potentialAction":[{"@type":"SearchAction","target":{"@type":"EntryPoint","urlTemplate":"https:\/\/www.miomiorun.com\/de\/?s={search_term_string}"},"query-input":{"@type":"PropertyValueSpecification","valueRequired":true,"valueName":"search_term_string"}}],"inLanguage":"de-DE"},{"@type":"Organization","@id":"https:\/\/www.miomiorun.com\/de\/#organization","name":"MioMio Run","url":"https:\/\/www.miomiorun.com\/de\/","logo":{"@type":"ImageObject","inLanguage":"de-DE","@id":"https:\/\/www.miomiorun.com\/de\/#\/schema\/logo\/image\/","url":"https:\/\/www.miomiorun.com\/app\/uploads\/2019\/12\/logomio.png","contentUrl":"https:\/\/www.miomiorun.com\/app\/uploads\/2019\/12\/logomio.png","width":115,"height":82,"caption":"MioMio Run"},"image":{"@id":"https:\/\/www.miomiorun.com\/de\/#\/schema\/logo\/image\/"},"sameAs":["https:\/\/www.facebook.com\/miomiorun\/","https:\/\/www.instagram.com\/miomiorun\/"]}]}},"_links":{"self":[{"href":"https:\/\/www.miomiorun.com\/de\/wp-json\/wp\/v2\/product\/86466","targetHints":{"allow":["GET"]}}],"collection":[{"href":"https:\/\/www.miomiorun.com\/de\/wp-json\/wp\/v2\/product"}],"about":[{"href":"https:\/\/www.miomiorun.com\/de\/wp-json\/wp\/v2\/types\/product"}],"wp:featuredmedia":[{"embeddable":true,"href":"https:\/\/www.miomiorun.com\/de\/wp-json\/wp\/v2\/media\/71648"}],"wp:attachment":[{"href":"https:\/\/www.miomiorun.com\/de\/wp-json\/wp\/v2\/media?parent=86466"}],"wp:term":[{"taxonomy":"product_brand","embeddable":true,"href":"https:\/\/www.miomiorun.com\/de\/wp-json\/wp\/v2\/product_brand?post=86466"},{"taxonomy":"product_cat","embeddable":true,"href":"https:\/\/www.miomiorun.com\/de\/wp-json\/wp\/v2\/product_cat?post=86466"},{"taxonomy":"product_tag","embeddable":true,"href":"https:\/\/www.miomiorun.com\/de\/wp-json\/wp\/v2\/product_tag?post=86466"}],"curies":[{"name":"wp","href":"https:\/\/api.w.org\/{rel}","templated":true}]}}