{"id":86427,"date":"2022-04-27T11:36:33","date_gmt":"2022-04-27T09:36:33","guid":{"rendered":"https:\/\/miomiorun.com\/prodotto\/falke-ru4-trail-donna\/"},"modified":"2022-09-29T10:50:43","modified_gmt":"2022-09-29T08:50:43","slug":"ru4-trail-damen","status":"publish","type":"product","link":"https:\/\/www.miomiorun.com\/de\/produkt\/ru4-trail-damen\/","title":{"rendered":"RU4 Trail damen"},"content":{"rendered":"<p><div class=\"vc-row container\"><div class=\"vc-column\"><div class=\"vc-column-text\">Die <strong>RU4 Trail<\/strong> Socken f\u00fcr Damen sind die perfekte Wahl f\u00fcr Trails abseits der Piste und unebenes Gel\u00e4nde. Er stabilisiert den Kn\u00f6chel dank eines gestrickten Bandes und minimiert so das Risiko von Verstauchungen. Die schnelltrocknende Eigenschaft h\u00e4lt den Fu\u00df auch auf nassen Trails trocken. Die mittelstarke D\u00e4mpfung bietet Schutz und D\u00e4mpfung und einen ebenso effektiven Schuhkontakt.<\/p>\n<p><strong>Merkmale:<\/strong><\/p>\n<ul>\n<li>Die Kompressionszone stimuliert die Rezeptoren f\u00fcr eine schnellere Reaktion auf Fehlhaltungen<\/li>\n<li>Perfekte Passform dank beidseitiger Polsterung und Zehenformun<\/li>\n<li>Reduziert das Risiko von Verstauchungen<\/li>\n<li>Schutz vor Blasenbildung durch reduzierte Druckzonen<\/li>\n<\/ul>\n<div class=\"product-section product-detailed-page__section product-detailed-page__section--description\">\n<div>\n<div>\n<div class=\"product-section__content\">\n<div class=\"product-description\">\n<div class=\"product-description__content\"><\/div>\n<\/div>\n<\/div>\n<\/div>\n<\/div>\n<\/div>\n<p><\/div><\/div><\/div><div class=\"vc-row container\"><div class=\"vc-column\"><div class=\"vc-column-text\"><\/p>\n<div class=\"product-functional-symbols__image-container\"><img decoding=\"async\" class=\"product-functional-symbols__image aligncenter\" src=\"https:\/\/www.falke.com\/it_it\/9dd393d722265eb755772abd698b837041098075\/assets\/base\/staticImages\/functionalsymbols\/icon_feuchtigkeitsregulierend.svg\" \/><\/div>\n<div class=\"product-functional-symbols__name\" style=\"text-align: center;\">Reguliert die Luftfeuchtigkeit<\/div>\n<p><\/div><\/div><div class=\"vc-column\"><div class=\"vc-column-text\"><\/p>\n<div class=\"product-functional-symbols__image-container\"><img decoding=\"async\" class=\"product-functional-symbols__image aligncenter\" src=\"https:\/\/www.falke.com\/it_it\/9dd393d722265eb755772abd698b837041098075\/assets\/base\/staticImages\/functionalsymbols\/icon_direkter-schuhkontakt.svg\" \/><\/div>\n<div class=\"product-functional-symbols__name\" style=\"text-align: center;\">Direkter Kontakt mit dem Schuh<\/div>\n<div class=\"product-functional-symbols__tooltip\">\n<div class=\"product-functional-symbols__tooltip-content\"><\/div>\n<\/div>\n<p><\/div><\/div><div class=\"vc-column\"><div class=\"vc-column-text\"><\/p>\n<div class=\"product-functional-symbols__image-container\"><img decoding=\"async\" class=\"product-functional-symbols__image aligncenter\" src=\"https:\/\/www.falke.com\/it_it\/9dd393d722265eb755772abd698b837041098075\/assets\/base\/staticImages\/functionalsymbols\/icon_schnellste_ruecktrocknung.svg\" \/><\/div>\n<div class=\"product-functional-symbols__name\" style=\"text-align: center;\">Schnelleres Trocknen<\/div>\n<p><\/div><\/div><div class=\"vc-column\"><div class=\"vc-column-text\"><\/p>\n<div class=\"product-functional-symbols__image-container\"><img loading=\"lazy\" decoding=\"async\" class=\"product-functional-symbols__image\" src=\"https:\/\/www.falke.com\/it_it\/7ce8ae0e8382e27e767d55937b0805f5f19ef321\/assets\/base\/staticImages\/functionalsymbols\/icon_stabilisierend.svg\" width=\"101\" height=\"101\" \/><\/div>\n<div>Stabilizzante<\/div>\n<p><\/div><\/div><\/div><div class=\"vc-row container\"><div class=\"vc-column\"><div class=\"vc-column-text\"><strong>Material<\/strong> 97% Polyamid, 3% Elasthan<\/p>\n<p><strong>Beinl\u00e4nge<\/strong> bis Kn\u00f6chel<\/p>\n<p><strong>Mittlere<\/strong> Polsterung<\/p>\n<p><strong>Anatomische<\/strong> Passform<\/p>\n<p><strong>Pl\u00fcschsohle<\/strong><\/p>\n<p><strong>Sportlicher<\/strong> Look<\/div><\/div><\/div><\/p>\n","protected":false},"excerpt":{"rendered":"<ul>\n<li>Perfekte Passform dank beidseitiger Polsterung und Zehenformun<\/li>\n<li>Reduziert das Risiko von Verstauchungen<\/li>\n<li>Schutz vor Blasenbildung durch reduzierte Druckzonen<\/li>\n<\/ul>\n","protected":false},"featured_media":69579,"template":"","meta":{"_acf_changed":false,"inline_featured_image":false},"product_brand":[],"product_cat":[6400,6401,6402],"product_tag":[6245,6246],"class_list":{"0":"post-86427","1":"product","2":"type-product","3":"status-publish","4":"has-post-thumbnail","6":"product_cat-damen","7":"product_cat-damenbekleidung","8":"product_cat-damensocken-de","9":"product_tag-falke-de","10":"product_tag-falke-damen-de","11":"pa_attivita-trail-de","12":"pa_colore-ru-trail-w-lavander-de","13":"pa_colore-ru-trail-w-radiant-orchid-de","14":"pa_colore-ru-trail-w-babouche-de","15":"pa_colore-ru-trail-w-black-mix-de","16":"pa_colore-ru-trail-w-rose-de","17":"pa_marca-falke-de","18":"pa_sesso-damen","19":"pa_size-37-38-de","20":"pa_size-39-40-de","21":"pa_size-41-42-de","23":"first","24":"instock","25":"sale","26":"taxable","27":"shipping-taxable","28":"purchasable","29":"product-type-variable","30":"wvs-archive-product-wrapper"},"acf":[],"yoast_head":"<!-- This site is optimized with the Yoast SEO plugin v26.8 - https:\/\/yoast.com\/product\/yoast-seo-wordpress\/ -->\n<title>Falke RU4 Trail damen - Laufsocken - MioMioRun.com<\/title>\n<meta name=\"description\" content=\"Die RU4 Trail Socken f\u00fcr Damen sind die perfekte Wahl f\u00fcr Trails abseits der Piste und unebenes Gel\u00e4nde. Stabilisiert das Sprunggelenk.\" \/>\n<meta name=\"robots\" content=\"index, follow, max-snippet:-1, max-image-preview:large, max-video-preview:-1\" \/>\n<link rel=\"canonical\" href=\"https:\/\/www.miomiorun.com\/de\/produkt\/ru4-trail-damen\/\" \/>\n<meta property=\"og:locale\" content=\"de_DE\" \/>\n<meta property=\"og:type\" content=\"article\" \/>\n<meta property=\"og:title\" content=\"Falke RU4 Trail damen - Laufsocken - MioMioRun.com\" \/>\n<meta property=\"og:description\" content=\"Die RU4 Trail Socken f\u00fcr Damen sind die perfekte Wahl f\u00fcr Trails abseits der Piste und unebenes Gel\u00e4nde. Stabilisiert das Sprunggelenk.\" \/>\n<meta property=\"og:url\" content=\"https:\/\/www.miomiorun.com\/de\/produkt\/ru4-trail-damen\/\" \/>\n<meta property=\"og:site_name\" content=\"MioMioRun\" \/>\n<meta property=\"article:publisher\" content=\"https:\/\/www.facebook.com\/miomiorun\/\" \/>\n<meta property=\"article:modified_time\" content=\"2022-09-29T08:50:43+00:00\" \/>\n<meta property=\"og:image\" content=\"https:\/\/www.miomiorun.com\/app\/uploads\/2022\/05\/falke-ru-trail-W-after-eight-16794-7134.jpg\" \/>\n\t<meta property=\"og:image:width\" content=\"600\" \/>\n\t<meta property=\"og:image:height\" content=\"600\" \/>\n\t<meta property=\"og:image:type\" content=\"image\/jpeg\" \/>\n<meta name=\"twitter:card\" content=\"summary_large_image\" \/>\n<meta name=\"twitter:label1\" content=\"Est. reading time\" \/>\n\t<meta name=\"twitter:data1\" content=\"2 minutes\" \/>\n<script type=\"application\/ld+json\" class=\"yoast-schema-graph\">{\"@context\":\"https:\/\/schema.org\",\"@graph\":[{\"@type\":\"WebPage\",\"@id\":\"https:\/\/www.miomiorun.com\/de\/produkt\/ru4-trail-damen\/\",\"url\":\"https:\/\/www.miomiorun.com\/de\/produkt\/ru4-trail-damen\/\",\"name\":\"Falke RU4 Trail damen - Laufsocken - MioMioRun.com\",\"isPartOf\":{\"@id\":\"https:\/\/www.miomiorun.com\/de\/#website\"},\"primaryImageOfPage\":{\"@id\":\"https:\/\/www.miomiorun.com\/de\/produkt\/ru4-trail-damen\/#primaryimage\"},\"image\":{\"@id\":\"https:\/\/www.miomiorun.com\/de\/produkt\/ru4-trail-damen\/#primaryimage\"},\"thumbnailUrl\":\"https:\/\/www.miomiorun.com\/app\/uploads\/2022\/05\/falke-ru-trail-W-after-eight-16794-7134.jpg\",\"datePublished\":\"2022-04-27T09:36:33+00:00\",\"dateModified\":\"2022-09-29T08:50:43+00:00\",\"description\":\"Die RU4 Trail Socken f\u00fcr Damen sind die perfekte Wahl f\u00fcr Trails abseits der Piste und unebenes Gel\u00e4nde. Stabilisiert das Sprunggelenk.\",\"breadcrumb\":{\"@id\":\"https:\/\/www.miomiorun.com\/de\/produkt\/ru4-trail-damen\/#breadcrumb\"},\"inLanguage\":\"de-DE\",\"potentialAction\":[{\"@type\":\"ReadAction\",\"target\":[\"https:\/\/www.miomiorun.com\/de\/produkt\/ru4-trail-damen\/\"]}]},{\"@type\":\"ImageObject\",\"inLanguage\":\"de-DE\",\"@id\":\"https:\/\/www.miomiorun.com\/de\/produkt\/ru4-trail-damen\/#primaryimage\",\"url\":\"https:\/\/www.miomiorun.com\/app\/uploads\/2022\/05\/falke-ru-trail-W-after-eight-16794-7134.jpg\",\"contentUrl\":\"https:\/\/www.miomiorun.com\/app\/uploads\/2022\/05\/falke-ru-trail-W-after-eight-16794-7134.jpg\",\"width\":600,\"height\":600,\"caption\":\"falke-ru-trail-W-after-eight-16794-7134\"},{\"@type\":\"BreadcrumbList\",\"@id\":\"https:\/\/www.miomiorun.com\/de\/produkt\/ru4-trail-damen\/#breadcrumb\",\"itemListElement\":[{\"@type\":\"ListItem\",\"position\":1,\"name\":\"Home\",\"item\":\"https:\/\/www.miomiorun.com\/de\/\"},{\"@type\":\"ListItem\",\"position\":2,\"name\":\"Shop\",\"item\":\"https:\/\/www.miomiorun.com\/shop\/\"},{\"@type\":\"ListItem\",\"position\":3,\"name\":\"RU4 Trail damen\"}]},{\"@type\":\"WebSite\",\"@id\":\"https:\/\/www.miomiorun.com\/de\/#website\",\"url\":\"https:\/\/www.miomiorun.com\/de\/\",\"name\":\"MioMioRun\",\"description\":\"100% Lauf- und Trailshop\",\"publisher\":{\"@id\":\"https:\/\/www.miomiorun.com\/de\/#organization\"},\"potentialAction\":[{\"@type\":\"SearchAction\",\"target\":{\"@type\":\"EntryPoint\",\"urlTemplate\":\"https:\/\/www.miomiorun.com\/de\/?s={search_term_string}\"},\"query-input\":{\"@type\":\"PropertyValueSpecification\",\"valueRequired\":true,\"valueName\":\"search_term_string\"}}],\"inLanguage\":\"de-DE\"},{\"@type\":\"Organization\",\"@id\":\"https:\/\/www.miomiorun.com\/de\/#organization\",\"name\":\"MioMio Run\",\"url\":\"https:\/\/www.miomiorun.com\/de\/\",\"logo\":{\"@type\":\"ImageObject\",\"inLanguage\":\"de-DE\",\"@id\":\"https:\/\/www.miomiorun.com\/de\/#\/schema\/logo\/image\/\",\"url\":\"https:\/\/www.miomiorun.com\/app\/uploads\/2019\/12\/logomio.png\",\"contentUrl\":\"https:\/\/www.miomiorun.com\/app\/uploads\/2019\/12\/logomio.png\",\"width\":115,\"height\":82,\"caption\":\"MioMio Run\"},\"image\":{\"@id\":\"https:\/\/www.miomiorun.com\/de\/#\/schema\/logo\/image\/\"},\"sameAs\":[\"https:\/\/www.facebook.com\/miomiorun\/\",\"https:\/\/www.instagram.com\/miomiorun\/\"]}]}<\/script>\n<!-- \/ Yoast SEO plugin. -->","yoast_head_json":{"title":"Falke RU4 Trail damen - Laufsocken - MioMioRun.com","description":"Die RU4 Trail Socken f\u00fcr Damen sind die perfekte Wahl f\u00fcr Trails abseits der Piste und unebenes Gel\u00e4nde. Stabilisiert das Sprunggelenk.","robots":{"index":"index","follow":"follow","max-snippet":"max-snippet:-1","max-image-preview":"max-image-preview:large","max-video-preview":"max-video-preview:-1"},"canonical":"https:\/\/www.miomiorun.com\/de\/produkt\/ru4-trail-damen\/","og_locale":"de_DE","og_type":"article","og_title":"Falke RU4 Trail damen - Laufsocken - MioMioRun.com","og_description":"Die RU4 Trail Socken f\u00fcr Damen sind die perfekte Wahl f\u00fcr Trails abseits der Piste und unebenes Gel\u00e4nde. Stabilisiert das Sprunggelenk.","og_url":"https:\/\/www.miomiorun.com\/de\/produkt\/ru4-trail-damen\/","og_site_name":"MioMioRun","article_publisher":"https:\/\/www.facebook.com\/miomiorun\/","article_modified_time":"2022-09-29T08:50:43+00:00","og_image":[{"width":600,"height":600,"url":"https:\/\/www.miomiorun.com\/app\/uploads\/2022\/05\/falke-ru-trail-W-after-eight-16794-7134.jpg","type":"image\/jpeg"}],"twitter_card":"summary_large_image","twitter_misc":{"Est. reading time":"2 minutes"},"schema":{"@context":"https:\/\/schema.org","@graph":[{"@type":"WebPage","@id":"https:\/\/www.miomiorun.com\/de\/produkt\/ru4-trail-damen\/","url":"https:\/\/www.miomiorun.com\/de\/produkt\/ru4-trail-damen\/","name":"Falke RU4 Trail damen - Laufsocken - MioMioRun.com","isPartOf":{"@id":"https:\/\/www.miomiorun.com\/de\/#website"},"primaryImageOfPage":{"@id":"https:\/\/www.miomiorun.com\/de\/produkt\/ru4-trail-damen\/#primaryimage"},"image":{"@id":"https:\/\/www.miomiorun.com\/de\/produkt\/ru4-trail-damen\/#primaryimage"},"thumbnailUrl":"https:\/\/www.miomiorun.com\/app\/uploads\/2022\/05\/falke-ru-trail-W-after-eight-16794-7134.jpg","datePublished":"2022-04-27T09:36:33+00:00","dateModified":"2022-09-29T08:50:43+00:00","description":"Die RU4 Trail Socken f\u00fcr Damen sind die perfekte Wahl f\u00fcr Trails abseits der Piste und unebenes Gel\u00e4nde. Stabilisiert das Sprunggelenk.","breadcrumb":{"@id":"https:\/\/www.miomiorun.com\/de\/produkt\/ru4-trail-damen\/#breadcrumb"},"inLanguage":"de-DE","potentialAction":[{"@type":"ReadAction","target":["https:\/\/www.miomiorun.com\/de\/produkt\/ru4-trail-damen\/"]}]},{"@type":"ImageObject","inLanguage":"de-DE","@id":"https:\/\/www.miomiorun.com\/de\/produkt\/ru4-trail-damen\/#primaryimage","url":"https:\/\/www.miomiorun.com\/app\/uploads\/2022\/05\/falke-ru-trail-W-after-eight-16794-7134.jpg","contentUrl":"https:\/\/www.miomiorun.com\/app\/uploads\/2022\/05\/falke-ru-trail-W-after-eight-16794-7134.jpg","width":600,"height":600,"caption":"falke-ru-trail-W-after-eight-16794-7134"},{"@type":"BreadcrumbList","@id":"https:\/\/www.miomiorun.com\/de\/produkt\/ru4-trail-damen\/#breadcrumb","itemListElement":[{"@type":"ListItem","position":1,"name":"Home","item":"https:\/\/www.miomiorun.com\/de\/"},{"@type":"ListItem","position":2,"name":"Shop","item":"https:\/\/www.miomiorun.com\/shop\/"},{"@type":"ListItem","position":3,"name":"RU4 Trail damen"}]},{"@type":"WebSite","@id":"https:\/\/www.miomiorun.com\/de\/#website","url":"https:\/\/www.miomiorun.com\/de\/","name":"MioMioRun","description":"100% Lauf- und Trailshop","publisher":{"@id":"https:\/\/www.miomiorun.com\/de\/#organization"},"potentialAction":[{"@type":"SearchAction","target":{"@type":"EntryPoint","urlTemplate":"https:\/\/www.miomiorun.com\/de\/?s={search_term_string}"},"query-input":{"@type":"PropertyValueSpecification","valueRequired":true,"valueName":"search_term_string"}}],"inLanguage":"de-DE"},{"@type":"Organization","@id":"https:\/\/www.miomiorun.com\/de\/#organization","name":"MioMio Run","url":"https:\/\/www.miomiorun.com\/de\/","logo":{"@type":"ImageObject","inLanguage":"de-DE","@id":"https:\/\/www.miomiorun.com\/de\/#\/schema\/logo\/image\/","url":"https:\/\/www.miomiorun.com\/app\/uploads\/2019\/12\/logomio.png","contentUrl":"https:\/\/www.miomiorun.com\/app\/uploads\/2019\/12\/logomio.png","width":115,"height":82,"caption":"MioMio Run"},"image":{"@id":"https:\/\/www.miomiorun.com\/de\/#\/schema\/logo\/image\/"},"sameAs":["https:\/\/www.facebook.com\/miomiorun\/","https:\/\/www.instagram.com\/miomiorun\/"]}]}},"_links":{"self":[{"href":"https:\/\/www.miomiorun.com\/de\/wp-json\/wp\/v2\/product\/86427","targetHints":{"allow":["GET"]}}],"collection":[{"href":"https:\/\/www.miomiorun.com\/de\/wp-json\/wp\/v2\/product"}],"about":[{"href":"https:\/\/www.miomiorun.com\/de\/wp-json\/wp\/v2\/types\/product"}],"wp:featuredmedia":[{"embeddable":true,"href":"https:\/\/www.miomiorun.com\/de\/wp-json\/wp\/v2\/media\/69579"}],"wp:attachment":[{"href":"https:\/\/www.miomiorun.com\/de\/wp-json\/wp\/v2\/media?parent=86427"}],"wp:term":[{"taxonomy":"product_brand","embeddable":true,"href":"https:\/\/www.miomiorun.com\/de\/wp-json\/wp\/v2\/product_brand?post=86427"},{"taxonomy":"product_cat","embeddable":true,"href":"https:\/\/www.miomiorun.com\/de\/wp-json\/wp\/v2\/product_cat?post=86427"},{"taxonomy":"product_tag","embeddable":true,"href":"https:\/\/www.miomiorun.com\/de\/wp-json\/wp\/v2\/product_tag?post=86427"}],"curies":[{"name":"wp","href":"https:\/\/api.w.org\/{rel}","templated":true}]}}