{"id":86422,"date":"2022-04-27T11:52:31","date_gmt":"2022-04-27T09:52:31","guid":{"rendered":"https:\/\/miomiorun.com\/prodotto\/falke-ru4-cool-short-uomo\/"},"modified":"2022-09-29T10:42:29","modified_gmt":"2022-09-29T08:42:29","slug":"ru4-cool-short-herren","status":"publish","type":"product","link":"https:\/\/www.miomiorun.com\/de\/produkt\/ru4-cool-short-herren\/","title":{"rendered":"RU4 Cool Short herren"},"content":{"rendered":"<p><div class=\"vc-row container\"><div class=\"vc-column\"><div class=\"vc-column-text\">Die <strong>RU4 Cool<\/strong> Short Kn\u00f6chelsocke f\u00fcr M\u00e4nner ist unsere vielseitigste Laufsocke. Die mittelstarke Polsterung sch\u00fctzt vor Blasenbildung, indem sie Druckstellen reduziert und gleichzeitig einen guten Kontakt zum Schuh gew\u00e4hrleistet. In den Rist integrierte Mesh-Zonen sorgen f\u00fcr angenehme Frische am Fu\u00df. Schneller Feuchtigkeitstransport und perfekte Passform garantieren jederzeit ein angenehmes Tragegef\u00fchl.<\/p>\n<p><strong>Merkmale:<\/strong><\/p>\n<ul>\n<li>Vielseitige Laufsocken mit mittlerer D\u00e4mpfung f\u00fcr ausgewogenen Schutz und direkte Kraft\u00fcbertragung<\/li>\n<li>100% synthetisches Material, Mischung aus Coolmax, Polyester und Polypropylen<\/li>\n<li>Mittlere D\u00e4mpfung und guter Schuhkontakt<\/li>\n<li>Hoher Feuchtigkeitstransport und schnelle Trocknung durch dreilagigen Materialaufbau mit technischen Fasern<\/li>\n<li>Mesh-Zonen am Rist f\u00fcr maximale Frisch<\/li>\n<li>Optimale Passform dank anatomisch geformter Einlegesohle und vorgeformter Zehenbox<\/li>\n<\/ul>\n<div class=\"product-section product-detailed-page__section product-detailed-page__section--description\">\n<div>\n<div>\n<div class=\"product-section__content\">\n<div class=\"product-description\">\n<div class=\"product-description__content\"><\/div>\n<\/div>\n<\/div>\n<\/div>\n<\/div>\n<\/div>\n<p><\/div><\/div><\/div><div class=\"vc-row container\"><div class=\"vc-column\"><div class=\"vc-column-text\"><\/p>\n<div class=\"product-functional-symbols__image-container\"><img decoding=\"async\" class=\"product-functional-symbols__image aligncenter\" src=\"https:\/\/www.falke.com\/it_it\/9dd393d722265eb755772abd698b837041098075\/assets\/base\/staticImages\/functionalsymbols\/icon_feuchtigkeitsregulierend.svg\" \/><\/div>\n<div class=\"product-functional-symbols__name\" style=\"text-align: center;\">Reguliert die Luftfeuchtigkeit<\/div>\n<p><\/div><\/div><div class=\"vc-column\"><div class=\"vc-column-text\"><\/p>\n<div class=\"product-functional-symbols__image-container\"><img decoding=\"async\" class=\"product-functional-symbols__image aligncenter\" src=\"https:\/\/www.falke.com\/it_it\/7ce8ae0e8382e27e767d55937b0805f5f19ef321\/assets\/base\/staticImages\/functionalsymbols\/icon_daempfende-wirkung.svg\" \/><\/div>\n<div class=\"product-functional-symbols__name\" style=\"text-align: center;\">D\u00e4mpfende Wirkung<\/div>\n<div class=\"product-functional-symbols__tooltip\">\n<div class=\"product-functional-symbols__tooltip-content\"><\/div>\n<\/div>\n<p><\/div><\/div><div class=\"vc-column\"><div class=\"vc-column-text\"><\/p>\n<div class=\"product-functional-symbols__image-container\"><img decoding=\"async\" class=\"product-functional-symbols__image aligncenter\" src=\"https:\/\/www.falke.com\/it_it\/9dd393d722265eb755772abd698b837041098075\/assets\/base\/staticImages\/functionalsymbols\/icon_schnellste_ruecktrocknung.svg\" \/><\/div>\n<div class=\"product-functional-symbols__name\" style=\"text-align: center;\">Schnelleres Trocknen<\/div>\n<p><\/div><\/div><div class=\"vc-column\"><div class=\"vc-column-text\"><\/p>\n<div class=\"product-functional-symbols__image-container\"><img decoding=\"async\" class=\"product-functional-symbols__image aligncenter\" src=\"https:\/\/www.falke.com\/it_it\/9dd393d722265eb755772abd698b837041098075\/assets\/base\/staticImages\/functionalsymbols\/icon_cooling-effect.svg\" \/><\/div>\n<div class=\"product-functional-symbols__name\" style=\"text-align: center;\">Erfrischende Wirkung<\/div>\n<p><\/div><\/div><\/div><div class=\"vc-row container\"><div class=\"vc-column\"><div class=\"vc-column-text\"><strong>Material<\/strong> : 44% Polypropylen, 33% Polyamid, 22% Polyester, 1% Elasthan<\/p>\n<p><strong>Beinl\u00e4nge :<\/strong> Kn\u00f6chell\u00e4nge<\/p>\n<p><strong>Mittelstarke:\u00a0<\/strong> Polsterung<\/p>\n<p><strong>Anatomische :<\/strong>\u00a0 Passform<\/p>\n<p><strong>Normale :<\/strong>\u00a0 Sohle<\/p>\n<p><strong>Sportliches :\u00a0<\/strong> Aussehen<\/div><\/div><\/div><\/p>\n","protected":false},"excerpt":{"rendered":"<ul>\n<li>Mittlere D\u00e4mpfung und guter Schuhkontakt<\/li>\n<li>Hoher Feuchtigkeitstransport und schnelle Trocknung durch dreilagigen Materialaufbau mit technischen Fasern<\/li>\n<li>Mesh-Zonen am Rist f\u00fcr maximale Frisch<\/li>\n<\/ul>\n","protected":false},"featured_media":69358,"template":"","meta":{"_acf_changed":false,"inline_featured_image":false},"product_brand":[],"product_cat":[6515,6540,6514],"product_tag":[6245,6231],"class_list":{"0":"post-86422","1":"product","2":"type-product","3":"status-publish","4":"has-post-thumbnail","6":"product_cat-herren-de","7":"product_cat-herrenbekleidung","8":"product_cat-socken","9":"product_tag-falke-de","10":"product_tag-falke-herren-de","11":"pa_attivita-fitness-de","12":"pa_attivita-gehen","13":"pa_attivita-running-de","14":"pa_colore-ru4-cool-short-black-de","15":"pa_colore-ru4-cool-short-cobalt-de","16":"pa_colore-ru4-cool-short-lightning-de","17":"pa_marca-falke-de","18":"pa_sesso-herren","19":"pa_size-39-41-de","20":"pa_size-42-43-de","21":"pa_size-44-45-de","22":"pa_size-46-48-de","24":"first","25":"instock","26":"sale","27":"taxable","28":"shipping-taxable","29":"purchasable","30":"product-type-variable","31":"wvs-archive-product-wrapper"},"acf":[],"yoast_head":"<!-- This site is optimized with the Yoast SEO plugin v26.8 - https:\/\/yoast.com\/product\/yoast-seo-wordpress\/ -->\n<title>Falke RU4 Cool Short herren - Laufsocken - MioMioRun.com<\/title>\n<meta name=\"description\" content=\"Die RU4 Cool Short Kn\u00f6chelsocke f\u00fcr M\u00e4nner ist unsere vielseitigste Laufsocke. Die mittelstarke Polsterung sch\u00fctzt vor Blasenbildung.\" \/>\n<meta name=\"robots\" content=\"index, follow, max-snippet:-1, max-image-preview:large, max-video-preview:-1\" \/>\n<link rel=\"canonical\" href=\"https:\/\/www.miomiorun.com\/de\/produkt\/ru4-cool-short-herren\/\" \/>\n<meta property=\"og:locale\" content=\"de_DE\" \/>\n<meta property=\"og:type\" content=\"article\" \/>\n<meta property=\"og:title\" content=\"Falke RU4 Cool Short herren - Laufsocken - MioMioRun.com\" \/>\n<meta property=\"og:description\" content=\"Die RU4 Cool Short Kn\u00f6chelsocke f\u00fcr M\u00e4nner ist unsere vielseitigste Laufsocke. Die mittelstarke Polsterung sch\u00fctzt vor Blasenbildung.\" \/>\n<meta property=\"og:url\" content=\"https:\/\/www.miomiorun.com\/de\/produkt\/ru4-cool-short-herren\/\" \/>\n<meta property=\"og:site_name\" content=\"MioMioRun\" \/>\n<meta property=\"article:publisher\" content=\"https:\/\/www.facebook.com\/miomiorun\/\" \/>\n<meta property=\"article:modified_time\" content=\"2022-09-29T08:42:29+00:00\" \/>\n<meta property=\"og:image\" content=\"https:\/\/www.miomiorun.com\/app\/uploads\/2022\/04\/falke-ru4-cool-short-cobalt-16748-6712.jpg\" \/>\n\t<meta property=\"og:image:width\" content=\"600\" \/>\n\t<meta property=\"og:image:height\" content=\"600\" \/>\n\t<meta property=\"og:image:type\" content=\"image\/jpeg\" \/>\n<meta name=\"twitter:card\" content=\"summary_large_image\" \/>\n<meta name=\"twitter:label1\" content=\"Est. reading time\" \/>\n\t<meta name=\"twitter:data1\" content=\"2 minutes\" \/>\n<script type=\"application\/ld+json\" class=\"yoast-schema-graph\">{\"@context\":\"https:\/\/schema.org\",\"@graph\":[{\"@type\":\"WebPage\",\"@id\":\"https:\/\/www.miomiorun.com\/de\/produkt\/ru4-cool-short-herren\/\",\"url\":\"https:\/\/www.miomiorun.com\/de\/produkt\/ru4-cool-short-herren\/\",\"name\":\"Falke RU4 Cool Short herren - Laufsocken - MioMioRun.com\",\"isPartOf\":{\"@id\":\"https:\/\/www.miomiorun.com\/de\/#website\"},\"primaryImageOfPage\":{\"@id\":\"https:\/\/www.miomiorun.com\/de\/produkt\/ru4-cool-short-herren\/#primaryimage\"},\"image\":{\"@id\":\"https:\/\/www.miomiorun.com\/de\/produkt\/ru4-cool-short-herren\/#primaryimage\"},\"thumbnailUrl\":\"https:\/\/www.miomiorun.com\/app\/uploads\/2022\/04\/falke-ru4-cool-short-cobalt-16748-6712.jpg\",\"datePublished\":\"2022-04-27T09:52:31+00:00\",\"dateModified\":\"2022-09-29T08:42:29+00:00\",\"description\":\"Die RU4 Cool Short Kn\u00f6chelsocke f\u00fcr M\u00e4nner ist unsere vielseitigste Laufsocke. Die mittelstarke Polsterung sch\u00fctzt vor Blasenbildung.\",\"breadcrumb\":{\"@id\":\"https:\/\/www.miomiorun.com\/de\/produkt\/ru4-cool-short-herren\/#breadcrumb\"},\"inLanguage\":\"de-DE\",\"potentialAction\":[{\"@type\":\"ReadAction\",\"target\":[\"https:\/\/www.miomiorun.com\/de\/produkt\/ru4-cool-short-herren\/\"]}]},{\"@type\":\"ImageObject\",\"inLanguage\":\"de-DE\",\"@id\":\"https:\/\/www.miomiorun.com\/de\/produkt\/ru4-cool-short-herren\/#primaryimage\",\"url\":\"https:\/\/www.miomiorun.com\/app\/uploads\/2022\/04\/falke-ru4-cool-short-cobalt-16748-6712.jpg\",\"contentUrl\":\"https:\/\/www.miomiorun.com\/app\/uploads\/2022\/04\/falke-ru4-cool-short-cobalt-16748-6712.jpg\",\"width\":600,\"height\":600,\"caption\":\"falke-ru4-cool-short-cobalt-16748-6712\"},{\"@type\":\"BreadcrumbList\",\"@id\":\"https:\/\/www.miomiorun.com\/de\/produkt\/ru4-cool-short-herren\/#breadcrumb\",\"itemListElement\":[{\"@type\":\"ListItem\",\"position\":1,\"name\":\"Home\",\"item\":\"https:\/\/www.miomiorun.com\/de\/\"},{\"@type\":\"ListItem\",\"position\":2,\"name\":\"Shop\",\"item\":\"https:\/\/www.miomiorun.com\/shop\/\"},{\"@type\":\"ListItem\",\"position\":3,\"name\":\"RU4 Cool Short herren\"}]},{\"@type\":\"WebSite\",\"@id\":\"https:\/\/www.miomiorun.com\/de\/#website\",\"url\":\"https:\/\/www.miomiorun.com\/de\/\",\"name\":\"MioMioRun\",\"description\":\"100% Lauf- und Trailshop\",\"publisher\":{\"@id\":\"https:\/\/www.miomiorun.com\/de\/#organization\"},\"potentialAction\":[{\"@type\":\"SearchAction\",\"target\":{\"@type\":\"EntryPoint\",\"urlTemplate\":\"https:\/\/www.miomiorun.com\/de\/?s={search_term_string}\"},\"query-input\":{\"@type\":\"PropertyValueSpecification\",\"valueRequired\":true,\"valueName\":\"search_term_string\"}}],\"inLanguage\":\"de-DE\"},{\"@type\":\"Organization\",\"@id\":\"https:\/\/www.miomiorun.com\/de\/#organization\",\"name\":\"MioMio Run\",\"url\":\"https:\/\/www.miomiorun.com\/de\/\",\"logo\":{\"@type\":\"ImageObject\",\"inLanguage\":\"de-DE\",\"@id\":\"https:\/\/www.miomiorun.com\/de\/#\/schema\/logo\/image\/\",\"url\":\"https:\/\/www.miomiorun.com\/app\/uploads\/2019\/12\/logomio.png\",\"contentUrl\":\"https:\/\/www.miomiorun.com\/app\/uploads\/2019\/12\/logomio.png\",\"width\":115,\"height\":82,\"caption\":\"MioMio Run\"},\"image\":{\"@id\":\"https:\/\/www.miomiorun.com\/de\/#\/schema\/logo\/image\/\"},\"sameAs\":[\"https:\/\/www.facebook.com\/miomiorun\/\",\"https:\/\/www.instagram.com\/miomiorun\/\"]}]}<\/script>\n<!-- \/ Yoast SEO plugin. -->","yoast_head_json":{"title":"Falke RU4 Cool Short herren - Laufsocken - MioMioRun.com","description":"Die RU4 Cool Short Kn\u00f6chelsocke f\u00fcr M\u00e4nner ist unsere vielseitigste Laufsocke. Die mittelstarke Polsterung sch\u00fctzt vor Blasenbildung.","robots":{"index":"index","follow":"follow","max-snippet":"max-snippet:-1","max-image-preview":"max-image-preview:large","max-video-preview":"max-video-preview:-1"},"canonical":"https:\/\/www.miomiorun.com\/de\/produkt\/ru4-cool-short-herren\/","og_locale":"de_DE","og_type":"article","og_title":"Falke RU4 Cool Short herren - Laufsocken - MioMioRun.com","og_description":"Die RU4 Cool Short Kn\u00f6chelsocke f\u00fcr M\u00e4nner ist unsere vielseitigste Laufsocke. Die mittelstarke Polsterung sch\u00fctzt vor Blasenbildung.","og_url":"https:\/\/www.miomiorun.com\/de\/produkt\/ru4-cool-short-herren\/","og_site_name":"MioMioRun","article_publisher":"https:\/\/www.facebook.com\/miomiorun\/","article_modified_time":"2022-09-29T08:42:29+00:00","og_image":[{"width":600,"height":600,"url":"https:\/\/www.miomiorun.com\/app\/uploads\/2022\/04\/falke-ru4-cool-short-cobalt-16748-6712.jpg","type":"image\/jpeg"}],"twitter_card":"summary_large_image","twitter_misc":{"Est. reading time":"2 minutes"},"schema":{"@context":"https:\/\/schema.org","@graph":[{"@type":"WebPage","@id":"https:\/\/www.miomiorun.com\/de\/produkt\/ru4-cool-short-herren\/","url":"https:\/\/www.miomiorun.com\/de\/produkt\/ru4-cool-short-herren\/","name":"Falke RU4 Cool Short herren - Laufsocken - MioMioRun.com","isPartOf":{"@id":"https:\/\/www.miomiorun.com\/de\/#website"},"primaryImageOfPage":{"@id":"https:\/\/www.miomiorun.com\/de\/produkt\/ru4-cool-short-herren\/#primaryimage"},"image":{"@id":"https:\/\/www.miomiorun.com\/de\/produkt\/ru4-cool-short-herren\/#primaryimage"},"thumbnailUrl":"https:\/\/www.miomiorun.com\/app\/uploads\/2022\/04\/falke-ru4-cool-short-cobalt-16748-6712.jpg","datePublished":"2022-04-27T09:52:31+00:00","dateModified":"2022-09-29T08:42:29+00:00","description":"Die RU4 Cool Short Kn\u00f6chelsocke f\u00fcr M\u00e4nner ist unsere vielseitigste Laufsocke. Die mittelstarke Polsterung sch\u00fctzt vor Blasenbildung.","breadcrumb":{"@id":"https:\/\/www.miomiorun.com\/de\/produkt\/ru4-cool-short-herren\/#breadcrumb"},"inLanguage":"de-DE","potentialAction":[{"@type":"ReadAction","target":["https:\/\/www.miomiorun.com\/de\/produkt\/ru4-cool-short-herren\/"]}]},{"@type":"ImageObject","inLanguage":"de-DE","@id":"https:\/\/www.miomiorun.com\/de\/produkt\/ru4-cool-short-herren\/#primaryimage","url":"https:\/\/www.miomiorun.com\/app\/uploads\/2022\/04\/falke-ru4-cool-short-cobalt-16748-6712.jpg","contentUrl":"https:\/\/www.miomiorun.com\/app\/uploads\/2022\/04\/falke-ru4-cool-short-cobalt-16748-6712.jpg","width":600,"height":600,"caption":"falke-ru4-cool-short-cobalt-16748-6712"},{"@type":"BreadcrumbList","@id":"https:\/\/www.miomiorun.com\/de\/produkt\/ru4-cool-short-herren\/#breadcrumb","itemListElement":[{"@type":"ListItem","position":1,"name":"Home","item":"https:\/\/www.miomiorun.com\/de\/"},{"@type":"ListItem","position":2,"name":"Shop","item":"https:\/\/www.miomiorun.com\/shop\/"},{"@type":"ListItem","position":3,"name":"RU4 Cool Short herren"}]},{"@type":"WebSite","@id":"https:\/\/www.miomiorun.com\/de\/#website","url":"https:\/\/www.miomiorun.com\/de\/","name":"MioMioRun","description":"100% Lauf- und Trailshop","publisher":{"@id":"https:\/\/www.miomiorun.com\/de\/#organization"},"potentialAction":[{"@type":"SearchAction","target":{"@type":"EntryPoint","urlTemplate":"https:\/\/www.miomiorun.com\/de\/?s={search_term_string}"},"query-input":{"@type":"PropertyValueSpecification","valueRequired":true,"valueName":"search_term_string"}}],"inLanguage":"de-DE"},{"@type":"Organization","@id":"https:\/\/www.miomiorun.com\/de\/#organization","name":"MioMio Run","url":"https:\/\/www.miomiorun.com\/de\/","logo":{"@type":"ImageObject","inLanguage":"de-DE","@id":"https:\/\/www.miomiorun.com\/de\/#\/schema\/logo\/image\/","url":"https:\/\/www.miomiorun.com\/app\/uploads\/2019\/12\/logomio.png","contentUrl":"https:\/\/www.miomiorun.com\/app\/uploads\/2019\/12\/logomio.png","width":115,"height":82,"caption":"MioMio Run"},"image":{"@id":"https:\/\/www.miomiorun.com\/de\/#\/schema\/logo\/image\/"},"sameAs":["https:\/\/www.facebook.com\/miomiorun\/","https:\/\/www.instagram.com\/miomiorun\/"]}]}},"_links":{"self":[{"href":"https:\/\/www.miomiorun.com\/de\/wp-json\/wp\/v2\/product\/86422","targetHints":{"allow":["GET"]}}],"collection":[{"href":"https:\/\/www.miomiorun.com\/de\/wp-json\/wp\/v2\/product"}],"about":[{"href":"https:\/\/www.miomiorun.com\/de\/wp-json\/wp\/v2\/types\/product"}],"wp:featuredmedia":[{"embeddable":true,"href":"https:\/\/www.miomiorun.com\/de\/wp-json\/wp\/v2\/media\/69358"}],"wp:attachment":[{"href":"https:\/\/www.miomiorun.com\/de\/wp-json\/wp\/v2\/media?parent=86422"}],"wp:term":[{"taxonomy":"product_brand","embeddable":true,"href":"https:\/\/www.miomiorun.com\/de\/wp-json\/wp\/v2\/product_brand?post=86422"},{"taxonomy":"product_cat","embeddable":true,"href":"https:\/\/www.miomiorun.com\/de\/wp-json\/wp\/v2\/product_cat?post=86422"},{"taxonomy":"product_tag","embeddable":true,"href":"https:\/\/www.miomiorun.com\/de\/wp-json\/wp\/v2\/product_tag?post=86422"}],"curies":[{"name":"wp","href":"https:\/\/api.w.org\/{rel}","templated":true}]}}