{"id":86419,"date":"2022-04-28T10:29:11","date_gmt":"2022-04-28T08:29:11","guid":{"rendered":"https:\/\/miomiorun.com\/prodotto\/falke-tk2-short-cool-donna\/"},"modified":"2022-09-29T10:30:52","modified_gmt":"2022-09-29T08:30:52","slug":"tk2-short-cool-damen","status":"publish","type":"product","link":"https:\/\/www.miomiorun.com\/de\/produkt\/tk2-short-cool-damen\/","title":{"rendered":"TK2 Short Cool damen"},"content":{"rendered":"<p><div class=\"vc-row container\"><div class=\"vc-column\"><div class=\"vc-column-text\"><\/p>\n<div class=\"product-section product-detailed-page__section product-detailed-page__section--details\">\n<div class=\"product-section__content\">\n<div class=\"product-features\">\n<p>Dank ihrer mittelstarken Polsterung und der Kombination von Fasern mit Lyocell ist die Damen-Kn\u00f6chelsocke <strong>TK2 Short Cool<\/strong> ideal zum Spazierengehen und Wandern und garantiert maximalen Schutz und angenehme K\u00fchlung bei Wanderungen in leichtem Gel\u00e4nde, vor allem bei warmen Wetterbedingungen. Der effiziente Feuchtigkeitstransport und die perfekte Passform garantieren dem Fu\u00df eine perfekte Temperatur und maximalen Komfort.<\/p>\n<p><strong>Merkmale:<\/strong><\/p>\n<ul>\n<li>Maximaler Komfort bei Wanderungen in Gebieten mit geringem Schwierigkeitsgrad bei warmer Luft und warmen Temperaturen<\/li>\n<li>Faserkombination mit Lyocell f\u00fcr angenehme K\u00fchlung<\/li>\n<li>Mittlere Polsterung f\u00fcr ausreichenden Schutz und guten Schuhkontakt<\/li>\n<li>Perfekter Temperatur- und Feuchtigkeitstransport dank dreischichtigem Aufbau<\/li>\n<li>Perfekte Passform dank beidseitiger Polsterung und Zehenformung<\/li>\n<\/ul>\n<\/div>\n<\/div>\n<\/div>\n<p><\/div><\/div><\/div><div class=\"vc-row container\"><div class=\"vc-column\"><div class=\"vc-column-text\"><\/p>\n<div class=\"product-functional-symbols__image-container\"><img loading=\"lazy\" decoding=\"async\" class=\"product-functional-symbols__image aligncenter\" src=\"https:\/\/www.falke.com\/it_it\/9dd393d722265eb755772abd698b837041098075\/assets\/base\/staticImages\/functionalsymbols\/icon_feuchtigkeitsregulierend.svg\" width=\"110\" height=\"110\" \/><\/div>\n<div class=\"product-functional-symbols__name\" style=\"text-align: center;\">Reguliert die Luftfeuchtigkeit<\/div>\n<p><\/div><\/div><div class=\"vc-column\"><div class=\"vc-column-text\"><\/p>\n<div class=\"product-functional-symbols__image-container\"><img loading=\"lazy\" decoding=\"async\" class=\"product-functional-symbols__image\" src=\"https:\/\/www.falke.com\/it_it\/7ce8ae0e8382e27e767d55937b0805f5f19ef321\/assets\/base\/staticImages\/functionalsymbols\/icon_cooling-effect.svg\" width=\"112\" height=\"112\" \/><\/div>\n<div class=\"product-functional-symbols__image-container\">Erfrischende Wirkung<\/div>\n<div class=\"product-functional-symbols__tooltip\">\n<div class=\"product-functional-symbols__tooltip-content\"><\/div>\n<\/div>\n<p><\/div><\/div><div class=\"vc-column\"><div class=\"vc-column-text\"><img loading=\"lazy\" decoding=\"async\" class=\"product-functional-symbols__image\" src=\"https:\/\/www.falke.com\/it_it\/c5c163f4c436a6d5cac26cfd6ed02ad465473f2a\/assets\/base\/staticImages\/functionalsymbols\/icon_daempfende-wirkung.svg\" width=\"90\" height=\"90\" \/><\/p>\n<p>D\u00e4mpfende Wirkung<\/div><\/div><div class=\"vc-column\"><div class=\"vc-column-text\"><img loading=\"lazy\" decoding=\"async\" class=\"product-functional-symbols__image\" src=\"https:\/\/www.falke.com\/it_it\/7ce8ae0e8382e27e767d55937b0805f5f19ef321\/assets\/base\/staticImages\/functionalsymbols\/icon_schnellste_ruecktrocknung.svg\" width=\"95\" height=\"95\" \/><\/p>\n<p>Schnelleres Trocknen<\/div><\/div><\/div><div class=\"vc-row container\"><div class=\"vc-column\"><div class=\"vc-column-text\"><strong>Material:<\/strong> 42% Polypropylen, 30% Lyocell, 15% Polyamid, 12% Polyester, 1% Elasthan<\/p>\n<p><strong>Beinl\u00e4nge :<\/strong> Kn\u00f6chellang<\/p>\n<p><strong>Polsterung :<\/strong> Mittelschwer<\/p>\n<p><strong>Passform :<\/strong> Anatomisch .<\/p>\n<p><strong>Sohle :<\/strong> Normal .<\/p>\n<p><strong>Aussehen :<\/strong> Sportlich .<\/div><\/div><\/div><\/p>\n","protected":false},"excerpt":{"rendered":"","protected":false},"featured_media":71641,"template":"","meta":{"_acf_changed":false,"inline_featured_image":false},"product_brand":[],"product_cat":[6401,6402],"product_tag":[6245,6246],"class_list":{"0":"post-86419","1":"product","2":"type-product","3":"status-publish","4":"has-post-thumbnail","6":"product_cat-damenbekleidung","7":"product_cat-damensocken-de","8":"product_tag-falke-de","9":"product_tag-falke-damen-de","10":"pa_attivita-gehen","11":"pa_attivita-outdoor-de","12":"pa_colore-tk2-short-cool-w-herb-de","13":"pa_marca-falke-de","14":"pa_sesso-damen","15":"pa_size-37-38-de","16":"pa_size-39-40-de","17":"pa_size-41-42-de","19":"first","20":"instock","21":"sale","22":"taxable","23":"shipping-taxable","24":"purchasable","25":"product-type-variable","26":"wvs-archive-product-wrapper"},"acf":[],"yoast_head":"<!-- This site is optimized with the Yoast SEO plugin v26.8 - https:\/\/yoast.com\/product\/yoast-seo-wordpress\/ -->\n<title>Falke TK2 Short Cool damen - Laufsocken - MioMioRun.com<\/title>\n<meta name=\"description\" content=\"Dank ihrer Polsterung ist die TK2 Short Cool Kn\u00f6chelsocke ideal f\u00fcr Spazierg\u00e4nge und Wanderungen und bietet maximalen Schutz\" \/>\n<meta name=\"robots\" content=\"index, follow, max-snippet:-1, max-image-preview:large, max-video-preview:-1\" \/>\n<link rel=\"canonical\" href=\"https:\/\/www.miomiorun.com\/de\/produkt\/tk2-short-cool-damen\/\" \/>\n<meta property=\"og:locale\" content=\"de_DE\" \/>\n<meta property=\"og:type\" content=\"article\" \/>\n<meta property=\"og:title\" content=\"Falke TK2 Short Cool damen - Laufsocken - MioMioRun.com\" \/>\n<meta property=\"og:description\" content=\"Dank ihrer Polsterung ist die TK2 Short Cool Kn\u00f6chelsocke ideal f\u00fcr Spazierg\u00e4nge und Wanderungen und bietet maximalen Schutz\" \/>\n<meta property=\"og:url\" content=\"https:\/\/www.miomiorun.com\/de\/produkt\/tk2-short-cool-damen\/\" \/>\n<meta property=\"og:site_name\" content=\"MioMioRun\" \/>\n<meta property=\"article:publisher\" content=\"https:\/\/www.facebook.com\/miomiorun\/\" \/>\n<meta property=\"article:modified_time\" content=\"2022-09-29T08:30:52+00:00\" \/>\n<meta property=\"og:image\" content=\"https:\/\/www.miomiorun.com\/app\/uploads\/2022\/05\/falke-tk2-short-cool-W-herb-16155-7754.jpg\" \/>\n\t<meta property=\"og:image:width\" content=\"600\" \/>\n\t<meta property=\"og:image:height\" content=\"600\" \/>\n\t<meta property=\"og:image:type\" content=\"image\/jpeg\" \/>\n<meta name=\"twitter:card\" content=\"summary_large_image\" \/>\n<meta name=\"twitter:label1\" content=\"Est. reading time\" \/>\n\t<meta name=\"twitter:data1\" content=\"2 minutes\" \/>\n<script type=\"application\/ld+json\" class=\"yoast-schema-graph\">{\"@context\":\"https:\/\/schema.org\",\"@graph\":[{\"@type\":\"WebPage\",\"@id\":\"https:\/\/www.miomiorun.com\/de\/produkt\/tk2-short-cool-damen\/\",\"url\":\"https:\/\/www.miomiorun.com\/de\/produkt\/tk2-short-cool-damen\/\",\"name\":\"Falke TK2 Short Cool damen - Laufsocken - MioMioRun.com\",\"isPartOf\":{\"@id\":\"https:\/\/www.miomiorun.com\/de\/#website\"},\"primaryImageOfPage\":{\"@id\":\"https:\/\/www.miomiorun.com\/de\/produkt\/tk2-short-cool-damen\/#primaryimage\"},\"image\":{\"@id\":\"https:\/\/www.miomiorun.com\/de\/produkt\/tk2-short-cool-damen\/#primaryimage\"},\"thumbnailUrl\":\"https:\/\/www.miomiorun.com\/app\/uploads\/2022\/05\/falke-tk2-short-cool-W-herb-16155-7754.jpg\",\"datePublished\":\"2022-04-28T08:29:11+00:00\",\"dateModified\":\"2022-09-29T08:30:52+00:00\",\"description\":\"Dank ihrer Polsterung ist die TK2 Short Cool Kn\u00f6chelsocke ideal f\u00fcr Spazierg\u00e4nge und Wanderungen und bietet maximalen Schutz\",\"breadcrumb\":{\"@id\":\"https:\/\/www.miomiorun.com\/de\/produkt\/tk2-short-cool-damen\/#breadcrumb\"},\"inLanguage\":\"de-DE\",\"potentialAction\":[{\"@type\":\"ReadAction\",\"target\":[\"https:\/\/www.miomiorun.com\/de\/produkt\/tk2-short-cool-damen\/\"]}]},{\"@type\":\"ImageObject\",\"inLanguage\":\"de-DE\",\"@id\":\"https:\/\/www.miomiorun.com\/de\/produkt\/tk2-short-cool-damen\/#primaryimage\",\"url\":\"https:\/\/www.miomiorun.com\/app\/uploads\/2022\/05\/falke-tk2-short-cool-W-herb-16155-7754.jpg\",\"contentUrl\":\"https:\/\/www.miomiorun.com\/app\/uploads\/2022\/05\/falke-tk2-short-cool-W-herb-16155-7754.jpg\",\"width\":600,\"height\":600,\"caption\":\"falke-tk2-short-cool-W-herb-16155-7754\"},{\"@type\":\"BreadcrumbList\",\"@id\":\"https:\/\/www.miomiorun.com\/de\/produkt\/tk2-short-cool-damen\/#breadcrumb\",\"itemListElement\":[{\"@type\":\"ListItem\",\"position\":1,\"name\":\"Home\",\"item\":\"https:\/\/www.miomiorun.com\/de\/\"},{\"@type\":\"ListItem\",\"position\":2,\"name\":\"Shop\",\"item\":\"https:\/\/www.miomiorun.com\/shop\/\"},{\"@type\":\"ListItem\",\"position\":3,\"name\":\"TK2 Short Cool damen\"}]},{\"@type\":\"WebSite\",\"@id\":\"https:\/\/www.miomiorun.com\/de\/#website\",\"url\":\"https:\/\/www.miomiorun.com\/de\/\",\"name\":\"MioMioRun\",\"description\":\"100% Lauf- und Trailshop\",\"publisher\":{\"@id\":\"https:\/\/www.miomiorun.com\/de\/#organization\"},\"potentialAction\":[{\"@type\":\"SearchAction\",\"target\":{\"@type\":\"EntryPoint\",\"urlTemplate\":\"https:\/\/www.miomiorun.com\/de\/?s={search_term_string}\"},\"query-input\":{\"@type\":\"PropertyValueSpecification\",\"valueRequired\":true,\"valueName\":\"search_term_string\"}}],\"inLanguage\":\"de-DE\"},{\"@type\":\"Organization\",\"@id\":\"https:\/\/www.miomiorun.com\/de\/#organization\",\"name\":\"MioMio Run\",\"url\":\"https:\/\/www.miomiorun.com\/de\/\",\"logo\":{\"@type\":\"ImageObject\",\"inLanguage\":\"de-DE\",\"@id\":\"https:\/\/www.miomiorun.com\/de\/#\/schema\/logo\/image\/\",\"url\":\"https:\/\/www.miomiorun.com\/app\/uploads\/2019\/12\/logomio.png\",\"contentUrl\":\"https:\/\/www.miomiorun.com\/app\/uploads\/2019\/12\/logomio.png\",\"width\":115,\"height\":82,\"caption\":\"MioMio Run\"},\"image\":{\"@id\":\"https:\/\/www.miomiorun.com\/de\/#\/schema\/logo\/image\/\"},\"sameAs\":[\"https:\/\/www.facebook.com\/miomiorun\/\",\"https:\/\/www.instagram.com\/miomiorun\/\"]}]}<\/script>\n<!-- \/ Yoast SEO plugin. -->","yoast_head_json":{"title":"Falke TK2 Short Cool damen - Laufsocken - MioMioRun.com","description":"Dank ihrer Polsterung ist die TK2 Short Cool Kn\u00f6chelsocke ideal f\u00fcr Spazierg\u00e4nge und Wanderungen und bietet maximalen Schutz","robots":{"index":"index","follow":"follow","max-snippet":"max-snippet:-1","max-image-preview":"max-image-preview:large","max-video-preview":"max-video-preview:-1"},"canonical":"https:\/\/www.miomiorun.com\/de\/produkt\/tk2-short-cool-damen\/","og_locale":"de_DE","og_type":"article","og_title":"Falke TK2 Short Cool damen - Laufsocken - MioMioRun.com","og_description":"Dank ihrer Polsterung ist die TK2 Short Cool Kn\u00f6chelsocke ideal f\u00fcr Spazierg\u00e4nge und Wanderungen und bietet maximalen Schutz","og_url":"https:\/\/www.miomiorun.com\/de\/produkt\/tk2-short-cool-damen\/","og_site_name":"MioMioRun","article_publisher":"https:\/\/www.facebook.com\/miomiorun\/","article_modified_time":"2022-09-29T08:30:52+00:00","og_image":[{"width":600,"height":600,"url":"https:\/\/www.miomiorun.com\/app\/uploads\/2022\/05\/falke-tk2-short-cool-W-herb-16155-7754.jpg","type":"image\/jpeg"}],"twitter_card":"summary_large_image","twitter_misc":{"Est. reading time":"2 minutes"},"schema":{"@context":"https:\/\/schema.org","@graph":[{"@type":"WebPage","@id":"https:\/\/www.miomiorun.com\/de\/produkt\/tk2-short-cool-damen\/","url":"https:\/\/www.miomiorun.com\/de\/produkt\/tk2-short-cool-damen\/","name":"Falke TK2 Short Cool damen - Laufsocken - MioMioRun.com","isPartOf":{"@id":"https:\/\/www.miomiorun.com\/de\/#website"},"primaryImageOfPage":{"@id":"https:\/\/www.miomiorun.com\/de\/produkt\/tk2-short-cool-damen\/#primaryimage"},"image":{"@id":"https:\/\/www.miomiorun.com\/de\/produkt\/tk2-short-cool-damen\/#primaryimage"},"thumbnailUrl":"https:\/\/www.miomiorun.com\/app\/uploads\/2022\/05\/falke-tk2-short-cool-W-herb-16155-7754.jpg","datePublished":"2022-04-28T08:29:11+00:00","dateModified":"2022-09-29T08:30:52+00:00","description":"Dank ihrer Polsterung ist die TK2 Short Cool Kn\u00f6chelsocke ideal f\u00fcr Spazierg\u00e4nge und Wanderungen und bietet maximalen Schutz","breadcrumb":{"@id":"https:\/\/www.miomiorun.com\/de\/produkt\/tk2-short-cool-damen\/#breadcrumb"},"inLanguage":"de-DE","potentialAction":[{"@type":"ReadAction","target":["https:\/\/www.miomiorun.com\/de\/produkt\/tk2-short-cool-damen\/"]}]},{"@type":"ImageObject","inLanguage":"de-DE","@id":"https:\/\/www.miomiorun.com\/de\/produkt\/tk2-short-cool-damen\/#primaryimage","url":"https:\/\/www.miomiorun.com\/app\/uploads\/2022\/05\/falke-tk2-short-cool-W-herb-16155-7754.jpg","contentUrl":"https:\/\/www.miomiorun.com\/app\/uploads\/2022\/05\/falke-tk2-short-cool-W-herb-16155-7754.jpg","width":600,"height":600,"caption":"falke-tk2-short-cool-W-herb-16155-7754"},{"@type":"BreadcrumbList","@id":"https:\/\/www.miomiorun.com\/de\/produkt\/tk2-short-cool-damen\/#breadcrumb","itemListElement":[{"@type":"ListItem","position":1,"name":"Home","item":"https:\/\/www.miomiorun.com\/de\/"},{"@type":"ListItem","position":2,"name":"Shop","item":"https:\/\/www.miomiorun.com\/shop\/"},{"@type":"ListItem","position":3,"name":"TK2 Short Cool damen"}]},{"@type":"WebSite","@id":"https:\/\/www.miomiorun.com\/de\/#website","url":"https:\/\/www.miomiorun.com\/de\/","name":"MioMioRun","description":"100% Lauf- und Trailshop","publisher":{"@id":"https:\/\/www.miomiorun.com\/de\/#organization"},"potentialAction":[{"@type":"SearchAction","target":{"@type":"EntryPoint","urlTemplate":"https:\/\/www.miomiorun.com\/de\/?s={search_term_string}"},"query-input":{"@type":"PropertyValueSpecification","valueRequired":true,"valueName":"search_term_string"}}],"inLanguage":"de-DE"},{"@type":"Organization","@id":"https:\/\/www.miomiorun.com\/de\/#organization","name":"MioMio Run","url":"https:\/\/www.miomiorun.com\/de\/","logo":{"@type":"ImageObject","inLanguage":"de-DE","@id":"https:\/\/www.miomiorun.com\/de\/#\/schema\/logo\/image\/","url":"https:\/\/www.miomiorun.com\/app\/uploads\/2019\/12\/logomio.png","contentUrl":"https:\/\/www.miomiorun.com\/app\/uploads\/2019\/12\/logomio.png","width":115,"height":82,"caption":"MioMio Run"},"image":{"@id":"https:\/\/www.miomiorun.com\/de\/#\/schema\/logo\/image\/"},"sameAs":["https:\/\/www.facebook.com\/miomiorun\/","https:\/\/www.instagram.com\/miomiorun\/"]}]}},"_links":{"self":[{"href":"https:\/\/www.miomiorun.com\/de\/wp-json\/wp\/v2\/product\/86419","targetHints":{"allow":["GET"]}}],"collection":[{"href":"https:\/\/www.miomiorun.com\/de\/wp-json\/wp\/v2\/product"}],"about":[{"href":"https:\/\/www.miomiorun.com\/de\/wp-json\/wp\/v2\/types\/product"}],"wp:featuredmedia":[{"embeddable":true,"href":"https:\/\/www.miomiorun.com\/de\/wp-json\/wp\/v2\/media\/71641"}],"wp:attachment":[{"href":"https:\/\/www.miomiorun.com\/de\/wp-json\/wp\/v2\/media?parent=86419"}],"wp:term":[{"taxonomy":"product_brand","embeddable":true,"href":"https:\/\/www.miomiorun.com\/de\/wp-json\/wp\/v2\/product_brand?post=86419"},{"taxonomy":"product_cat","embeddable":true,"href":"https:\/\/www.miomiorun.com\/de\/wp-json\/wp\/v2\/product_cat?post=86419"},{"taxonomy":"product_tag","embeddable":true,"href":"https:\/\/www.miomiorun.com\/de\/wp-json\/wp\/v2\/product_tag?post=86419"}],"curies":[{"name":"wp","href":"https:\/\/api.w.org\/{rel}","templated":true}]}}