{"id":86399,"date":"2022-09-09T18:35:00","date_gmt":"2022-09-09T16:35:00","guid":{"rendered":"https:\/\/miomiorun.com\/prodotto\/jubilee-long-sleeve-uomo\/"},"modified":"2022-12-22T14:58:06","modified_gmt":"2022-12-22T13:58:06","slug":"jubilee-long-sleeve-herren","status":"publish","type":"product","link":"https:\/\/www.miomiorun.com\/de\/produkt\/jubilee-long-sleeve-herren\/","title":{"rendered":"Jubilee Long Sleeve herren"},"content":{"rendered":"<p><strong>Jubilee Long Sleeve<\/strong> f\u00fcr Herren ist ein innovatives und umweltfreundliches Longsleeve aus biologisch abbaubarem Polyamidgarn in Kombination mit BIO-Elastan. Das Jubilee Long Sleeve ist so konzipiert, dass es all Ihren Bewegungen wie eine zweite Haut folgt, w\u00e4hrend das Body-Mapping-System f\u00fcr Komfort, Dehnbarkeit und Atmungsaktivit\u00e4t sorgt, wo Sie es am meisten brauchen.<\/p>\n<p><strong>Merkmale:<\/strong><\/p>\n<p>+ Umweltfreundlich<br \/>\n+ Nahtlose Konstruktion<br \/>\n+ Body-mapping mit abwechselnden Isolations- und Bel\u00fcftungszonen<br \/>\n+ saugf\u00e4higes Gewebe<br \/>\n+ Schnell trocknendes Gewebe<\/p>\n<p><strong>Jubilee Long Sleeve zeichnet sich aus durch:<\/strong><\/p>\n<ul>\n<li>Atmungsaktivit\u00e4t: Hochgradig atmungsaktive Produkte f\u00fcr optimalen Klimakomfort.<\/li>\n<li>Elastizit\u00e4t: Bequeme und reaktionsf\u00e4hige Kleidungsst\u00fccke, die maximale Bewegungsfreiheit garantieren.<\/li>\n<li>Slim Fit: Sehr enge Passform f\u00fcr maximale Leistung im Wettkampf.<\/li>\n<li>Leichtigkeit: Produkte, die das Gewicht auf ein Minimum reduzieren.<\/li>\n<\/ul>\n<p><strong>Verwendete Technologien:<\/strong><\/p>\n<ul>\n<li><strong>\u00a0Polygiene:<\/strong> Die antibakterielle und geruchshemmende Polygiene\u00ae-Technologie ist eine dauerhafte, wirksame und nachhaltige Behandlung, die Silbersalze verwendet, um die Bildung von geruchsverursachenden Bakterien zu verhindern. Das Ergebnis? Sie k\u00f6nnen Ihre Kleidungsst\u00fccke l\u00e4nger tragen, ohne sie zu waschen.<\/li>\n<li><strong>L1 &#8211; Basisschicht:<\/strong> Schicht, die in direktem Kontakt mit der Haut steht. Es f\u00f6rdert die Schwei\u00dfableitung und sorgt so f\u00fcr ein angenehmes Klima bei k\u00f6rperlicher Aktivit\u00e4t.<\/li>\n<\/ul>\n","protected":false},"excerpt":{"rendered":"<p>Jubilee Long Sleeve f\u00fcr Herren ist ein innovatives und umweltfreundliches Longsleeve aus biologisch abbaubarem Polyamidgarn in Kombination mit BIO-Elastan. Das Jubilee Long Sleeve ist so konzipiert, dass es all Ihren Bewegungen wie eine zweite Haut folgt, w\u00e4hrend das Body-Mapping-System f\u00fcr Komfort, Dehnbarkeit und Atmungsaktivit\u00e4t sorgt, wo Sie es am meisten brauchen. Merkmale: + Umweltfreundlich + &hellip; <a href=\"https:\/\/www.miomiorun.com\/de\/produkt\/jubilee-long-sleeve-herren\/\">Continued<\/a><\/p>\n","protected":false},"featured_media":83280,"template":"","meta":{"_acf_changed":false,"inline_featured_image":false},"product_brand":[],"product_cat":[6515,6540,6541],"product_tag":[6248,6218],"class_list":{"0":"post-86399","1":"product","2":"type-product","3":"status-publish","4":"has-post-thumbnail","6":"product_cat-herren-de","7":"product_cat-herrenbekleidung","8":"product_cat-langarmshirt","9":"product_tag-la-sportiva-de","10":"product_tag-la-sportiva-herren-de","11":"pa_attivita-gehen","12":"pa_attivita-outdoor-de","13":"pa_attivita-trail-de","14":"pa_colore-jubilee-long-sleeve-m-sunset-moss-de","15":"pa_marca-la-sportiva-de","16":"pa_sesso-herren","17":"pa_size-medium-de","19":"first","20":"instock","21":"sale","22":"taxable","23":"shipping-taxable","24":"purchasable","25":"product-type-variable","26":"wvs-archive-product-wrapper"},"acf":[],"yoast_head":"<!-- This site is optimized with the Yoast SEO plugin v26.8 - https:\/\/yoast.com\/product\/yoast-seo-wordpress\/ -->\n<title>La Sportiva Jubilee Long Sleeve herren - langarmshirt - MioMioRun<\/title>\n<meta name=\"description\" content=\"Jubilee Long Sleeve f\u00fcr Herren ist ein innovatives und umweltfreundliches Longsleeve aus biologisch abbaubarem Polyamidgarn in Kombination mit BIO-Elastan.\" \/>\n<meta name=\"robots\" content=\"index, follow, max-snippet:-1, max-image-preview:large, max-video-preview:-1\" \/>\n<link rel=\"canonical\" href=\"https:\/\/www.miomiorun.com\/de\/produkt\/jubilee-long-sleeve-herren\/\" \/>\n<meta property=\"og:locale\" content=\"de_DE\" \/>\n<meta property=\"og:type\" content=\"article\" \/>\n<meta property=\"og:title\" content=\"La Sportiva Jubilee Long Sleeve herren - langarmshirt - MioMioRun\" \/>\n<meta property=\"og:description\" content=\"Jubilee Long Sleeve f\u00fcr Herren ist ein innovatives und umweltfreundliches Longsleeve aus biologisch abbaubarem Polyamidgarn in Kombination mit BIO-Elastan.\" \/>\n<meta property=\"og:url\" content=\"https:\/\/www.miomiorun.com\/de\/produkt\/jubilee-long-sleeve-herren\/\" \/>\n<meta property=\"og:site_name\" content=\"MioMioRun\" \/>\n<meta property=\"article:publisher\" content=\"https:\/\/www.facebook.com\/miomiorun\/\" \/>\n<meta property=\"article:modified_time\" content=\"2022-12-22T13:58:06+00:00\" \/>\n<meta property=\"og:image\" content=\"https:\/\/www.miomiorun.com\/app\/uploads\/2022\/09\/la-sportiva-jubilee-long-sleeve-M-sunset-moss-L48319723.jpg\" \/>\n\t<meta property=\"og:image:width\" content=\"600\" \/>\n\t<meta property=\"og:image:height\" content=\"600\" \/>\n\t<meta property=\"og:image:type\" content=\"image\/jpeg\" \/>\n<meta name=\"twitter:card\" content=\"summary_large_image\" \/>\n<meta name=\"twitter:label1\" content=\"Est. reading time\" \/>\n\t<meta name=\"twitter:data1\" content=\"1 minute\" \/>\n<script type=\"application\/ld+json\" class=\"yoast-schema-graph\">{\"@context\":\"https:\/\/schema.org\",\"@graph\":[{\"@type\":\"WebPage\",\"@id\":\"https:\/\/www.miomiorun.com\/de\/produkt\/jubilee-long-sleeve-herren\/\",\"url\":\"https:\/\/www.miomiorun.com\/de\/produkt\/jubilee-long-sleeve-herren\/\",\"name\":\"La Sportiva Jubilee Long Sleeve herren - langarmshirt - MioMioRun\",\"isPartOf\":{\"@id\":\"https:\/\/www.miomiorun.com\/de\/#website\"},\"primaryImageOfPage\":{\"@id\":\"https:\/\/www.miomiorun.com\/de\/produkt\/jubilee-long-sleeve-herren\/#primaryimage\"},\"image\":{\"@id\":\"https:\/\/www.miomiorun.com\/de\/produkt\/jubilee-long-sleeve-herren\/#primaryimage\"},\"thumbnailUrl\":\"https:\/\/www.miomiorun.com\/app\/uploads\/2022\/09\/la-sportiva-jubilee-long-sleeve-M-sunset-moss-L48319723.jpg\",\"datePublished\":\"2022-09-09T16:35:00+00:00\",\"dateModified\":\"2022-12-22T13:58:06+00:00\",\"description\":\"Jubilee Long Sleeve f\u00fcr Herren ist ein innovatives und umweltfreundliches Longsleeve aus biologisch abbaubarem Polyamidgarn in Kombination mit BIO-Elastan.\",\"breadcrumb\":{\"@id\":\"https:\/\/www.miomiorun.com\/de\/produkt\/jubilee-long-sleeve-herren\/#breadcrumb\"},\"inLanguage\":\"de-DE\",\"potentialAction\":[{\"@type\":\"ReadAction\",\"target\":[\"https:\/\/www.miomiorun.com\/de\/produkt\/jubilee-long-sleeve-herren\/\"]}]},{\"@type\":\"ImageObject\",\"inLanguage\":\"de-DE\",\"@id\":\"https:\/\/www.miomiorun.com\/de\/produkt\/jubilee-long-sleeve-herren\/#primaryimage\",\"url\":\"https:\/\/www.miomiorun.com\/app\/uploads\/2022\/09\/la-sportiva-jubilee-long-sleeve-M-sunset-moss-L48319723.jpg\",\"contentUrl\":\"https:\/\/www.miomiorun.com\/app\/uploads\/2022\/09\/la-sportiva-jubilee-long-sleeve-M-sunset-moss-L48319723.jpg\",\"width\":600,\"height\":600,\"caption\":\"la-sportiva-jubilee-long-sleeve-M-sunset-moss-L48319723\"},{\"@type\":\"BreadcrumbList\",\"@id\":\"https:\/\/www.miomiorun.com\/de\/produkt\/jubilee-long-sleeve-herren\/#breadcrumb\",\"itemListElement\":[{\"@type\":\"ListItem\",\"position\":1,\"name\":\"Home\",\"item\":\"https:\/\/www.miomiorun.com\/de\/\"},{\"@type\":\"ListItem\",\"position\":2,\"name\":\"Shop\",\"item\":\"https:\/\/www.miomiorun.com\/shop\/\"},{\"@type\":\"ListItem\",\"position\":3,\"name\":\"Jubilee Long Sleeve herren\"}]},{\"@type\":\"WebSite\",\"@id\":\"https:\/\/www.miomiorun.com\/de\/#website\",\"url\":\"https:\/\/www.miomiorun.com\/de\/\",\"name\":\"MioMioRun\",\"description\":\"100% Lauf- und Trailshop\",\"publisher\":{\"@id\":\"https:\/\/www.miomiorun.com\/de\/#organization\"},\"potentialAction\":[{\"@type\":\"SearchAction\",\"target\":{\"@type\":\"EntryPoint\",\"urlTemplate\":\"https:\/\/www.miomiorun.com\/de\/?s={search_term_string}\"},\"query-input\":{\"@type\":\"PropertyValueSpecification\",\"valueRequired\":true,\"valueName\":\"search_term_string\"}}],\"inLanguage\":\"de-DE\"},{\"@type\":\"Organization\",\"@id\":\"https:\/\/www.miomiorun.com\/de\/#organization\",\"name\":\"MioMio Run\",\"url\":\"https:\/\/www.miomiorun.com\/de\/\",\"logo\":{\"@type\":\"ImageObject\",\"inLanguage\":\"de-DE\",\"@id\":\"https:\/\/www.miomiorun.com\/de\/#\/schema\/logo\/image\/\",\"url\":\"https:\/\/www.miomiorun.com\/app\/uploads\/2019\/12\/logomio.png\",\"contentUrl\":\"https:\/\/www.miomiorun.com\/app\/uploads\/2019\/12\/logomio.png\",\"width\":115,\"height\":82,\"caption\":\"MioMio Run\"},\"image\":{\"@id\":\"https:\/\/www.miomiorun.com\/de\/#\/schema\/logo\/image\/\"},\"sameAs\":[\"https:\/\/www.facebook.com\/miomiorun\/\",\"https:\/\/www.instagram.com\/miomiorun\/\"]}]}<\/script>\n<!-- \/ Yoast SEO plugin. -->","yoast_head_json":{"title":"La Sportiva Jubilee Long Sleeve herren - langarmshirt - MioMioRun","description":"Jubilee Long Sleeve f\u00fcr Herren ist ein innovatives und umweltfreundliches Longsleeve aus biologisch abbaubarem Polyamidgarn in Kombination mit BIO-Elastan.","robots":{"index":"index","follow":"follow","max-snippet":"max-snippet:-1","max-image-preview":"max-image-preview:large","max-video-preview":"max-video-preview:-1"},"canonical":"https:\/\/www.miomiorun.com\/de\/produkt\/jubilee-long-sleeve-herren\/","og_locale":"de_DE","og_type":"article","og_title":"La Sportiva Jubilee Long Sleeve herren - langarmshirt - MioMioRun","og_description":"Jubilee Long Sleeve f\u00fcr Herren ist ein innovatives und umweltfreundliches Longsleeve aus biologisch abbaubarem Polyamidgarn in Kombination mit BIO-Elastan.","og_url":"https:\/\/www.miomiorun.com\/de\/produkt\/jubilee-long-sleeve-herren\/","og_site_name":"MioMioRun","article_publisher":"https:\/\/www.facebook.com\/miomiorun\/","article_modified_time":"2022-12-22T13:58:06+00:00","og_image":[{"width":600,"height":600,"url":"https:\/\/www.miomiorun.com\/app\/uploads\/2022\/09\/la-sportiva-jubilee-long-sleeve-M-sunset-moss-L48319723.jpg","type":"image\/jpeg"}],"twitter_card":"summary_large_image","twitter_misc":{"Est. reading time":"1 minute"},"schema":{"@context":"https:\/\/schema.org","@graph":[{"@type":"WebPage","@id":"https:\/\/www.miomiorun.com\/de\/produkt\/jubilee-long-sleeve-herren\/","url":"https:\/\/www.miomiorun.com\/de\/produkt\/jubilee-long-sleeve-herren\/","name":"La Sportiva Jubilee Long Sleeve herren - langarmshirt - MioMioRun","isPartOf":{"@id":"https:\/\/www.miomiorun.com\/de\/#website"},"primaryImageOfPage":{"@id":"https:\/\/www.miomiorun.com\/de\/produkt\/jubilee-long-sleeve-herren\/#primaryimage"},"image":{"@id":"https:\/\/www.miomiorun.com\/de\/produkt\/jubilee-long-sleeve-herren\/#primaryimage"},"thumbnailUrl":"https:\/\/www.miomiorun.com\/app\/uploads\/2022\/09\/la-sportiva-jubilee-long-sleeve-M-sunset-moss-L48319723.jpg","datePublished":"2022-09-09T16:35:00+00:00","dateModified":"2022-12-22T13:58:06+00:00","description":"Jubilee Long Sleeve f\u00fcr Herren ist ein innovatives und umweltfreundliches Longsleeve aus biologisch abbaubarem Polyamidgarn in Kombination mit BIO-Elastan.","breadcrumb":{"@id":"https:\/\/www.miomiorun.com\/de\/produkt\/jubilee-long-sleeve-herren\/#breadcrumb"},"inLanguage":"de-DE","potentialAction":[{"@type":"ReadAction","target":["https:\/\/www.miomiorun.com\/de\/produkt\/jubilee-long-sleeve-herren\/"]}]},{"@type":"ImageObject","inLanguage":"de-DE","@id":"https:\/\/www.miomiorun.com\/de\/produkt\/jubilee-long-sleeve-herren\/#primaryimage","url":"https:\/\/www.miomiorun.com\/app\/uploads\/2022\/09\/la-sportiva-jubilee-long-sleeve-M-sunset-moss-L48319723.jpg","contentUrl":"https:\/\/www.miomiorun.com\/app\/uploads\/2022\/09\/la-sportiva-jubilee-long-sleeve-M-sunset-moss-L48319723.jpg","width":600,"height":600,"caption":"la-sportiva-jubilee-long-sleeve-M-sunset-moss-L48319723"},{"@type":"BreadcrumbList","@id":"https:\/\/www.miomiorun.com\/de\/produkt\/jubilee-long-sleeve-herren\/#breadcrumb","itemListElement":[{"@type":"ListItem","position":1,"name":"Home","item":"https:\/\/www.miomiorun.com\/de\/"},{"@type":"ListItem","position":2,"name":"Shop","item":"https:\/\/www.miomiorun.com\/shop\/"},{"@type":"ListItem","position":3,"name":"Jubilee Long Sleeve herren"}]},{"@type":"WebSite","@id":"https:\/\/www.miomiorun.com\/de\/#website","url":"https:\/\/www.miomiorun.com\/de\/","name":"MioMioRun","description":"100% Lauf- und Trailshop","publisher":{"@id":"https:\/\/www.miomiorun.com\/de\/#organization"},"potentialAction":[{"@type":"SearchAction","target":{"@type":"EntryPoint","urlTemplate":"https:\/\/www.miomiorun.com\/de\/?s={search_term_string}"},"query-input":{"@type":"PropertyValueSpecification","valueRequired":true,"valueName":"search_term_string"}}],"inLanguage":"de-DE"},{"@type":"Organization","@id":"https:\/\/www.miomiorun.com\/de\/#organization","name":"MioMio Run","url":"https:\/\/www.miomiorun.com\/de\/","logo":{"@type":"ImageObject","inLanguage":"de-DE","@id":"https:\/\/www.miomiorun.com\/de\/#\/schema\/logo\/image\/","url":"https:\/\/www.miomiorun.com\/app\/uploads\/2019\/12\/logomio.png","contentUrl":"https:\/\/www.miomiorun.com\/app\/uploads\/2019\/12\/logomio.png","width":115,"height":82,"caption":"MioMio Run"},"image":{"@id":"https:\/\/www.miomiorun.com\/de\/#\/schema\/logo\/image\/"},"sameAs":["https:\/\/www.facebook.com\/miomiorun\/","https:\/\/www.instagram.com\/miomiorun\/"]}]}},"_links":{"self":[{"href":"https:\/\/www.miomiorun.com\/de\/wp-json\/wp\/v2\/product\/86399","targetHints":{"allow":["GET"]}}],"collection":[{"href":"https:\/\/www.miomiorun.com\/de\/wp-json\/wp\/v2\/product"}],"about":[{"href":"https:\/\/www.miomiorun.com\/de\/wp-json\/wp\/v2\/types\/product"}],"wp:featuredmedia":[{"embeddable":true,"href":"https:\/\/www.miomiorun.com\/de\/wp-json\/wp\/v2\/media\/83280"}],"wp:attachment":[{"href":"https:\/\/www.miomiorun.com\/de\/wp-json\/wp\/v2\/media?parent=86399"}],"wp:term":[{"taxonomy":"product_brand","embeddable":true,"href":"https:\/\/www.miomiorun.com\/de\/wp-json\/wp\/v2\/product_brand?post=86399"},{"taxonomy":"product_cat","embeddable":true,"href":"https:\/\/www.miomiorun.com\/de\/wp-json\/wp\/v2\/product_cat?post=86399"},{"taxonomy":"product_tag","embeddable":true,"href":"https:\/\/www.miomiorun.com\/de\/wp-json\/wp\/v2\/product_tag?post=86399"}],"curies":[{"name":"wp","href":"https:\/\/api.w.org\/{rel}","templated":true}]}}