{"id":86291,"date":"2022-09-15T10:46:19","date_gmt":"2022-09-15T08:46:19","guid":{"rendered":"https:\/\/miomiorun.com\/prodotto\/brooks-run-convertible-jacket-uomo\/"},"modified":"2022-11-22T17:09:07","modified_gmt":"2022-11-22T16:09:07","slug":"run-convertible-jacket-herren","status":"publish","type":"product","link":"https:\/\/www.miomiorun.com\/de\/produkt\/run-convertible-jacket-herren\/","title":{"rendered":"Run Convertible Jacket herren"},"content":{"rendered":"<h2>Tags\u00fcber keine Zeit zum Laufen? Kein Problem.<\/h2>\n<p>Die Herrenversion der Run <strong>Convertible<\/strong>-Laufjacke verf\u00fcgt \u00fcber reflektierende Details, damit Sie auch im Dunkeln gut sichtbar sind. Sie ist wasserdicht, sodass Regen Ihren Lauf nicht aufhalten kann, und l\u00e4sst sich im integrierten Rucksack verstauen, falls es pl\u00f6tzlich blitzt.<\/p>\n<p><strong>IDEAL F\u00dcR:<\/strong><\/p>\n<p><img loading=\"lazy\" decoding=\"async\" class=\"a-responsive-image__img\" src=\"https:\/\/www.brooksrunning.com\/on\/demandware.static\/-\/Sites-brooks-master-catalog\/default\/dw568ee9ad\/specs\/PDP-BestFor-FTW-APP-Visible-In-The-Dark.svg\" alt=\"\" width=\"40\" height=\"40\" \/> Laufen im Dunkeln .<\/p>\n<p><img loading=\"lazy\" decoding=\"async\" class=\"a-responsive-image__img\" src=\"https:\/\/www.brooksrunning.com\/on\/demandware.static\/-\/Sites-brooks-master-catalog\/default\/dw76d19a15\/specs\/PDP-BestFor-APP-Warmth.svg\" alt=\"\" width=\"40\" height=\"40\" \/> K\u00fchle Temperaturen .<\/p>\n<p><img loading=\"lazy\" decoding=\"async\" class=\"a-responsive-image__img\" src=\"https:\/\/www.brooksrunning.com\/on\/demandware.static\/-\/Sites-brooks-master-catalog\/default\/dw337b1a5c\/specs\/PDP-BestFor-APP-Wind-&amp;-Water-Protection.svg\" alt=\"\" width=\"41\" height=\"41\" \/> F\u00fcr das Laufen bei Regen und Wind.<\/p>\n<p><strong>FEATURES:<\/strong><\/p>\n<ul>\n<li>Sichtbar in der Dunkelheit<\/li>\n<li>Auf zwei Arten tragbar<\/li>\n<li>Schutz vor Wind und Wasser<\/li>\n<\/ul>\n<div class=\"o-feature-callout__feature-copy\">\n<h2>360\u00b0 Sichtbarkeit<\/h2>\n<h3>Sichtbar in der Dunkelheit<\/h3>\n<p>Reflektierende, fluoreszierende und kontrastreiche 3M\u2122 Scotchlite\u2122 Carbon Black Stretch-Eins\u00e4tze, die strategisch positioniert sind, damit die L\u00e4ufer f\u00fcr Autofahrer erkennbar sind.<\/p>\n<ul class=\"o-feature-callout__feature-list\">\n<li class=\"a-type-p o-feature-callout__feature-list-item\">Weste mit hoher Sichtbarkeit<\/li>\n<\/ul>\n<div class=\"o-feature-callout__feature-copy\">\n<h2>Weste mit hoher Sichtbarkeit<\/h2>\n<h3>Auf zwei Arten tragbar<\/h3>\n<p>Die Jacke l\u00e4sst sich in einem integrierten Rucksack verstauen, den Sie als Weste tragen k\u00f6nnen. Perfekt f\u00fcr den Fall eines Zwischenstopps.<\/p>\n<ul>\n<li>Druckkn\u00f6pfe halten die Jacke an Ort und Stelle, wenn Sie sie zur besseren Bel\u00fcftung abzippen m\u00f6chten.<\/li>\n<\/ul>\n<div class=\"o-feature-callout__feature-copy\">\n<h2>Beherrscht schlechtes Wetter<\/h2>\n<h3>Schutz vor Wind und Wasser<\/h3>\n<p>Als Jacke getragen, sch\u00fctzt das DriLayer\u00ae Seal-Gewebe mit DWR-Behandlung (Durable Water Repellent) vor Wind und Wetter.<\/p>\n<ul>\n<li>Die Kapuze ist so konzipiert, dass sie Regen vom Gesicht fernh\u00e4lt.<\/li>\n<\/ul>\n<\/div>\n<\/div>\n<\/div>\n","protected":false},"excerpt":{"rendered":"<ul class=\"m-long-description__features\">\n<li class=\"m-long-description__feature\">Sichtbar in der Dunkelheit<\/li>\n<li class=\"m-long-description__feature\">Auf zwei Arten tragbar<\/li>\n<li class=\"m-long-description__feature\">Schutz vor Wind und Wasser<\/li>\n<\/ul>\n","protected":false},"featured_media":85021,"template":"","meta":{"_acf_changed":false,"inline_featured_image":false},"product_brand":[],"product_cat":[6515,6540,6512],"product_tag":[3362,6207],"class_list":{"0":"post-86291","1":"product","2":"type-product","3":"status-publish","4":"has-post-thumbnail","6":"product_cat-herren-de","7":"product_cat-herrenbekleidung","8":"product_cat-jacken","9":"product_tag-brooks-de","10":"product_tag-brooks-herren-de","11":"pa_attivita-gehen","12":"pa_attivita-running-de","13":"pa_colore-run-visible-convertible-jacket-white-asphalt-nightlife-de","14":"pa_marca-brooks-de","15":"pa_sesso-herren","16":"pa_size-small-de","18":"first","19":"instock","20":"sale","21":"taxable","22":"shipping-taxable","23":"purchasable","24":"product-type-variable","25":"wvs-archive-product-wrapper"},"acf":[],"yoast_head":"<!-- This site is optimized with the Yoast SEO plugin v26.8 - https:\/\/yoast.com\/product\/yoast-seo-wordpress\/ -->\n<title>Run Convertible Jacket herren - Laufjacke - MioMioRun<\/title>\n<meta name=\"description\" content=\"Die Run Convertible Laufjacke f\u00fcr M\u00e4nner verf\u00fcgt \u00fcber reflektierende Details, um im Dunkeln sichtbar zu bleiben, und l\u00e4sst sich im integrierten.\" \/>\n<meta name=\"robots\" content=\"index, follow, max-snippet:-1, max-image-preview:large, max-video-preview:-1\" \/>\n<link rel=\"canonical\" href=\"https:\/\/www.miomiorun.com\/de\/produkt\/run-convertible-jacket-herren\/\" \/>\n<meta property=\"og:locale\" content=\"de_DE\" \/>\n<meta property=\"og:type\" content=\"article\" \/>\n<meta property=\"og:title\" content=\"Run Convertible Jacket herren - Laufjacke - MioMioRun\" \/>\n<meta property=\"og:description\" content=\"Die Run Convertible Laufjacke f\u00fcr M\u00e4nner verf\u00fcgt \u00fcber reflektierende Details, um im Dunkeln sichtbar zu bleiben, und l\u00e4sst sich im integrierten.\" \/>\n<meta property=\"og:url\" content=\"https:\/\/www.miomiorun.com\/de\/produkt\/run-convertible-jacket-herren\/\" \/>\n<meta property=\"og:site_name\" content=\"MioMioRun\" \/>\n<meta property=\"article:publisher\" content=\"https:\/\/www.facebook.com\/miomiorun\/\" \/>\n<meta property=\"article:modified_time\" content=\"2022-11-22T16:09:07+00:00\" \/>\n<meta property=\"og:image\" content=\"https:\/\/www.miomiorun.com\/app\/uploads\/2022\/09\/brooks-Run-visible-convertible-jacket-white-asp-211406134.jpg\" \/>\n\t<meta property=\"og:image:width\" content=\"600\" \/>\n\t<meta property=\"og:image:height\" content=\"600\" \/>\n\t<meta property=\"og:image:type\" content=\"image\/jpeg\" \/>\n<meta name=\"twitter:card\" content=\"summary_large_image\" \/>\n<meta name=\"twitter:label1\" content=\"Est. reading time\" \/>\n\t<meta name=\"twitter:data1\" content=\"1 minute\" \/>\n<script type=\"application\/ld+json\" class=\"yoast-schema-graph\">{\"@context\":\"https:\/\/schema.org\",\"@graph\":[{\"@type\":\"WebPage\",\"@id\":\"https:\/\/www.miomiorun.com\/de\/produkt\/run-convertible-jacket-herren\/\",\"url\":\"https:\/\/www.miomiorun.com\/de\/produkt\/run-convertible-jacket-herren\/\",\"name\":\"Run Convertible Jacket herren - Laufjacke - MioMioRun\",\"isPartOf\":{\"@id\":\"https:\/\/www.miomiorun.com\/de\/#website\"},\"primaryImageOfPage\":{\"@id\":\"https:\/\/www.miomiorun.com\/de\/produkt\/run-convertible-jacket-herren\/#primaryimage\"},\"image\":{\"@id\":\"https:\/\/www.miomiorun.com\/de\/produkt\/run-convertible-jacket-herren\/#primaryimage\"},\"thumbnailUrl\":\"https:\/\/www.miomiorun.com\/app\/uploads\/2022\/09\/brooks-Run-visible-convertible-jacket-white-asp-211406134.jpg\",\"datePublished\":\"2022-09-15T08:46:19+00:00\",\"dateModified\":\"2022-11-22T16:09:07+00:00\",\"description\":\"Die Run Convertible Laufjacke f\u00fcr M\u00e4nner verf\u00fcgt \u00fcber reflektierende Details, um im Dunkeln sichtbar zu bleiben, und l\u00e4sst sich im integrierten.\",\"breadcrumb\":{\"@id\":\"https:\/\/www.miomiorun.com\/de\/produkt\/run-convertible-jacket-herren\/#breadcrumb\"},\"inLanguage\":\"de-DE\",\"potentialAction\":[{\"@type\":\"ReadAction\",\"target\":[\"https:\/\/www.miomiorun.com\/de\/produkt\/run-convertible-jacket-herren\/\"]}]},{\"@type\":\"ImageObject\",\"inLanguage\":\"de-DE\",\"@id\":\"https:\/\/www.miomiorun.com\/de\/produkt\/run-convertible-jacket-herren\/#primaryimage\",\"url\":\"https:\/\/www.miomiorun.com\/app\/uploads\/2022\/09\/brooks-Run-visible-convertible-jacket-white-asp-211406134.jpg\",\"contentUrl\":\"https:\/\/www.miomiorun.com\/app\/uploads\/2022\/09\/brooks-Run-visible-convertible-jacket-white-asp-211406134.jpg\",\"width\":600,\"height\":600,\"caption\":\"brooks-Run-visible-convertible-jacket-white-asp-211406134\"},{\"@type\":\"BreadcrumbList\",\"@id\":\"https:\/\/www.miomiorun.com\/de\/produkt\/run-convertible-jacket-herren\/#breadcrumb\",\"itemListElement\":[{\"@type\":\"ListItem\",\"position\":1,\"name\":\"Home\",\"item\":\"https:\/\/www.miomiorun.com\/de\/\"},{\"@type\":\"ListItem\",\"position\":2,\"name\":\"Shop\",\"item\":\"https:\/\/www.miomiorun.com\/shop\/\"},{\"@type\":\"ListItem\",\"position\":3,\"name\":\"Run Convertible Jacket herren\"}]},{\"@type\":\"WebSite\",\"@id\":\"https:\/\/www.miomiorun.com\/de\/#website\",\"url\":\"https:\/\/www.miomiorun.com\/de\/\",\"name\":\"MioMioRun\",\"description\":\"100% Lauf- und Trailshop\",\"publisher\":{\"@id\":\"https:\/\/www.miomiorun.com\/de\/#organization\"},\"potentialAction\":[{\"@type\":\"SearchAction\",\"target\":{\"@type\":\"EntryPoint\",\"urlTemplate\":\"https:\/\/www.miomiorun.com\/de\/?s={search_term_string}\"},\"query-input\":{\"@type\":\"PropertyValueSpecification\",\"valueRequired\":true,\"valueName\":\"search_term_string\"}}],\"inLanguage\":\"de-DE\"},{\"@type\":\"Organization\",\"@id\":\"https:\/\/www.miomiorun.com\/de\/#organization\",\"name\":\"MioMio Run\",\"url\":\"https:\/\/www.miomiorun.com\/de\/\",\"logo\":{\"@type\":\"ImageObject\",\"inLanguage\":\"de-DE\",\"@id\":\"https:\/\/www.miomiorun.com\/de\/#\/schema\/logo\/image\/\",\"url\":\"https:\/\/www.miomiorun.com\/app\/uploads\/2019\/12\/logomio.png\",\"contentUrl\":\"https:\/\/www.miomiorun.com\/app\/uploads\/2019\/12\/logomio.png\",\"width\":115,\"height\":82,\"caption\":\"MioMio Run\"},\"image\":{\"@id\":\"https:\/\/www.miomiorun.com\/de\/#\/schema\/logo\/image\/\"},\"sameAs\":[\"https:\/\/www.facebook.com\/miomiorun\/\",\"https:\/\/www.instagram.com\/miomiorun\/\"]}]}<\/script>\n<!-- \/ Yoast SEO plugin. -->","yoast_head_json":{"title":"Run Convertible Jacket herren - Laufjacke - MioMioRun","description":"Die Run Convertible Laufjacke f\u00fcr M\u00e4nner verf\u00fcgt \u00fcber reflektierende Details, um im Dunkeln sichtbar zu bleiben, und l\u00e4sst sich im integrierten.","robots":{"index":"index","follow":"follow","max-snippet":"max-snippet:-1","max-image-preview":"max-image-preview:large","max-video-preview":"max-video-preview:-1"},"canonical":"https:\/\/www.miomiorun.com\/de\/produkt\/run-convertible-jacket-herren\/","og_locale":"de_DE","og_type":"article","og_title":"Run Convertible Jacket herren - Laufjacke - MioMioRun","og_description":"Die Run Convertible Laufjacke f\u00fcr M\u00e4nner verf\u00fcgt \u00fcber reflektierende Details, um im Dunkeln sichtbar zu bleiben, und l\u00e4sst sich im integrierten.","og_url":"https:\/\/www.miomiorun.com\/de\/produkt\/run-convertible-jacket-herren\/","og_site_name":"MioMioRun","article_publisher":"https:\/\/www.facebook.com\/miomiorun\/","article_modified_time":"2022-11-22T16:09:07+00:00","og_image":[{"width":600,"height":600,"url":"https:\/\/www.miomiorun.com\/app\/uploads\/2022\/09\/brooks-Run-visible-convertible-jacket-white-asp-211406134.jpg","type":"image\/jpeg"}],"twitter_card":"summary_large_image","twitter_misc":{"Est. reading time":"1 minute"},"schema":{"@context":"https:\/\/schema.org","@graph":[{"@type":"WebPage","@id":"https:\/\/www.miomiorun.com\/de\/produkt\/run-convertible-jacket-herren\/","url":"https:\/\/www.miomiorun.com\/de\/produkt\/run-convertible-jacket-herren\/","name":"Run Convertible Jacket herren - Laufjacke - MioMioRun","isPartOf":{"@id":"https:\/\/www.miomiorun.com\/de\/#website"},"primaryImageOfPage":{"@id":"https:\/\/www.miomiorun.com\/de\/produkt\/run-convertible-jacket-herren\/#primaryimage"},"image":{"@id":"https:\/\/www.miomiorun.com\/de\/produkt\/run-convertible-jacket-herren\/#primaryimage"},"thumbnailUrl":"https:\/\/www.miomiorun.com\/app\/uploads\/2022\/09\/brooks-Run-visible-convertible-jacket-white-asp-211406134.jpg","datePublished":"2022-09-15T08:46:19+00:00","dateModified":"2022-11-22T16:09:07+00:00","description":"Die Run Convertible Laufjacke f\u00fcr M\u00e4nner verf\u00fcgt \u00fcber reflektierende Details, um im Dunkeln sichtbar zu bleiben, und l\u00e4sst sich im integrierten.","breadcrumb":{"@id":"https:\/\/www.miomiorun.com\/de\/produkt\/run-convertible-jacket-herren\/#breadcrumb"},"inLanguage":"de-DE","potentialAction":[{"@type":"ReadAction","target":["https:\/\/www.miomiorun.com\/de\/produkt\/run-convertible-jacket-herren\/"]}]},{"@type":"ImageObject","inLanguage":"de-DE","@id":"https:\/\/www.miomiorun.com\/de\/produkt\/run-convertible-jacket-herren\/#primaryimage","url":"https:\/\/www.miomiorun.com\/app\/uploads\/2022\/09\/brooks-Run-visible-convertible-jacket-white-asp-211406134.jpg","contentUrl":"https:\/\/www.miomiorun.com\/app\/uploads\/2022\/09\/brooks-Run-visible-convertible-jacket-white-asp-211406134.jpg","width":600,"height":600,"caption":"brooks-Run-visible-convertible-jacket-white-asp-211406134"},{"@type":"BreadcrumbList","@id":"https:\/\/www.miomiorun.com\/de\/produkt\/run-convertible-jacket-herren\/#breadcrumb","itemListElement":[{"@type":"ListItem","position":1,"name":"Home","item":"https:\/\/www.miomiorun.com\/de\/"},{"@type":"ListItem","position":2,"name":"Shop","item":"https:\/\/www.miomiorun.com\/shop\/"},{"@type":"ListItem","position":3,"name":"Run Convertible Jacket herren"}]},{"@type":"WebSite","@id":"https:\/\/www.miomiorun.com\/de\/#website","url":"https:\/\/www.miomiorun.com\/de\/","name":"MioMioRun","description":"100% Lauf- und Trailshop","publisher":{"@id":"https:\/\/www.miomiorun.com\/de\/#organization"},"potentialAction":[{"@type":"SearchAction","target":{"@type":"EntryPoint","urlTemplate":"https:\/\/www.miomiorun.com\/de\/?s={search_term_string}"},"query-input":{"@type":"PropertyValueSpecification","valueRequired":true,"valueName":"search_term_string"}}],"inLanguage":"de-DE"},{"@type":"Organization","@id":"https:\/\/www.miomiorun.com\/de\/#organization","name":"MioMio Run","url":"https:\/\/www.miomiorun.com\/de\/","logo":{"@type":"ImageObject","inLanguage":"de-DE","@id":"https:\/\/www.miomiorun.com\/de\/#\/schema\/logo\/image\/","url":"https:\/\/www.miomiorun.com\/app\/uploads\/2019\/12\/logomio.png","contentUrl":"https:\/\/www.miomiorun.com\/app\/uploads\/2019\/12\/logomio.png","width":115,"height":82,"caption":"MioMio Run"},"image":{"@id":"https:\/\/www.miomiorun.com\/de\/#\/schema\/logo\/image\/"},"sameAs":["https:\/\/www.facebook.com\/miomiorun\/","https:\/\/www.instagram.com\/miomiorun\/"]}]}},"_links":{"self":[{"href":"https:\/\/www.miomiorun.com\/de\/wp-json\/wp\/v2\/product\/86291","targetHints":{"allow":["GET"]}}],"collection":[{"href":"https:\/\/www.miomiorun.com\/de\/wp-json\/wp\/v2\/product"}],"about":[{"href":"https:\/\/www.miomiorun.com\/de\/wp-json\/wp\/v2\/types\/product"}],"wp:featuredmedia":[{"embeddable":true,"href":"https:\/\/www.miomiorun.com\/de\/wp-json\/wp\/v2\/media\/85021"}],"wp:attachment":[{"href":"https:\/\/www.miomiorun.com\/de\/wp-json\/wp\/v2\/media?parent=86291"}],"wp:term":[{"taxonomy":"product_brand","embeddable":true,"href":"https:\/\/www.miomiorun.com\/de\/wp-json\/wp\/v2\/product_brand?post=86291"},{"taxonomy":"product_cat","embeddable":true,"href":"https:\/\/www.miomiorun.com\/de\/wp-json\/wp\/v2\/product_cat?post=86291"},{"taxonomy":"product_tag","embeddable":true,"href":"https:\/\/www.miomiorun.com\/de\/wp-json\/wp\/v2\/product_tag?post=86291"}],"curies":[{"name":"wp","href":"https:\/\/api.w.org\/{rel}","templated":true}]}}