{"id":86289,"date":"2022-09-15T10:56:09","date_gmt":"2022-09-15T08:56:09","guid":{"rendered":"https:\/\/miomiorun.com\/prodotto\/run-convertible-jacket-donna\/"},"modified":"2022-11-22T17:08:20","modified_gmt":"2022-11-22T16:08:20","slug":"run-convertible-jacket-damen","status":"publish","type":"product","link":"https:\/\/www.miomiorun.com\/de\/produkt\/run-convertible-jacket-damen\/","title":{"rendered":"Run Convertible Jacket damen"},"content":{"rendered":"<h2>Tags\u00fcber keine Zeit zum Laufen? Kein Problem.<\/h2>\n<p>Unsere Run Convertible-Laufjacke in der Damenversion ist mit reflektierenden Details ausgestattet, damit Sie im Dunkeln gut sichtbar sind. Sie ist wasserdicht, sodass Regen Ihren Lauf nicht unterbrechen kann, und l\u00e4sst sich im integrierten Rucksack verstauen, falls es pl\u00f6tzlich blitzt.<\/p>\n<p><strong>IDEAL F\u00dcR:<\/strong><\/p>\n<p><img loading=\"lazy\" decoding=\"async\" class=\"a-responsive-image__img\" src=\"https:\/\/www.brooksrunning.com\/on\/demandware.static\/-\/Sites-brooks-master-catalog\/default\/dw568ee9ad\/specs\/PDP-BestFor-FTW-APP-Visible-In-The-Dark.svg\" alt=\"\" width=\"40\" height=\"40\" \/> Laufen im Dunkeln .<\/p>\n<p><img loading=\"lazy\" decoding=\"async\" class=\"a-responsive-image__img\" src=\"https:\/\/www.brooksrunning.com\/on\/demandware.static\/-\/Sites-brooks-master-catalog\/default\/dw76d19a15\/specs\/PDP-BestFor-APP-Warmth.svg\" alt=\"\" width=\"40\" height=\"40\" \/> K\u00fchle Temperaturen .<\/p>\n<p><img loading=\"lazy\" decoding=\"async\" class=\"a-responsive-image__img\" src=\"https:\/\/www.brooksrunning.com\/on\/demandware.static\/-\/Sites-brooks-master-catalog\/default\/dw337b1a5c\/specs\/PDP-BestFor-APP-Wind-&amp;-Water-Protection.svg\" alt=\"\" width=\"41\" height=\"41\" \/> F\u00fcr das Laufen bei Regen und Wind.<\/p>\n<p><strong>FEATURES:<\/strong><\/p>\n<ul>\n<li>Sichtbar in der Dunkelheit<\/li>\n<li>Auf zwei Arten tragbar<\/li>\n<li>Schutz vor Wind und Wasser<\/li>\n<\/ul>\n<div class=\"o-feature-callout__feature-copy\">\n<h2>360\u00b0 Sichtbarkeit<\/h2>\n<h3>Sichtbar in der Dunkelheit<\/h3>\n<p>Reflektierende, fluoreszierende und kontrastreiche 3M\u2122 Scotchlite\u2122 Carbon Black Stretch-Eins\u00e4tze, die strategisch positioniert sind, damit die L\u00e4ufer f\u00fcr Autofahrer erkennbar sind.<\/p>\n<div class=\"o-feature-callout__feature-copy\">\n<h2>Warnweste mit hoher Sichtbarkeit<\/h2>\n<h3>Auf zwei Arten tragbar<\/h3>\n<p>Die Jacke l\u00e4sst sich in einem integrierten Rucksack verstauen, den Sie als Weste tragen k\u00f6nnen. Perfekt f\u00fcr den Fall eines Blitzeinschlags w\u00e4hrend des Laufs.<\/p>\n<p>Druckkn\u00f6pfe halten die Jacke an Ort und Stelle, wenn Sie sie zur besseren Bel\u00fcftung abzippen m\u00f6chten.<\/p>\n<div class=\"o-feature-callout__feature-copy\">\n<h2>Schlechtes Wetter dominiert<\/h2>\n<h3>Schutz vor Wind und Wasser<\/h3>\n<p>Wenn sie als Jacke getragen wird, sch\u00fctzt das DriLayer\u00ae Seal-Gewebe mit DWR-Behandlung (Durable Water Repellent) vor den Elementen.<\/p>\n<p>Die Kapuze ist so konzipiert, dass sie Regen vom Gesicht fernh\u00e4lt.<\/p>\n<\/div>\n<\/div>\n<\/div>\n","protected":false},"excerpt":{"rendered":"<ul class=\"m-long-description__features\">\n<li>Sichtbar in der Dunkelheit<\/li>\n<li>Auf zwei Arten tragbar<\/li>\n<li>Schutz vor Wind und Wasser<\/li>\n<\/ul>\n","protected":false},"featured_media":85351,"template":"","meta":{"_acf_changed":false,"inline_featured_image":false},"product_brand":[],"product_cat":[6400,6401,6404],"product_tag":[3362,6205],"class_list":{"0":"post-86289","1":"product","2":"type-product","3":"status-publish","4":"has-post-thumbnail","6":"product_cat-damen","7":"product_cat-damenbekleidung","8":"product_cat-damenjacken","9":"product_tag-brooks-de","10":"product_tag-brooks-damen-de","11":"pa_attivita-gehen","12":"pa_attivita-running-de","13":"pa_colore-run-visible-convertible-jacket-w-white-asphalt-nightlife-de","14":"pa_marca-brooks-de","15":"pa_sesso-damen","16":"pa_size-extra-small-de","17":"pa_size-small-de","18":"pa_size-medium-de","20":"first","21":"instock","22":"sale","23":"taxable","24":"shipping-taxable","25":"purchasable","26":"product-type-variable","27":"wvs-archive-product-wrapper"},"acf":[],"yoast_head":"<!-- This site is optimized with the Yoast SEO plugin v26.8 - https:\/\/yoast.com\/product\/yoast-seo-wordpress\/ -->\n<title>BrooksRun Convertible Jacket damen - Laufjacke - MioMioRun<\/title>\n<meta name=\"description\" content=\"Unsere Run Convertible-Laufjacke in der Damenversion verf\u00fcgt \u00fcber reflektierende Details, damit Sie im Dunkeln gut sichtbar sind.\" \/>\n<meta name=\"robots\" content=\"index, follow, max-snippet:-1, max-image-preview:large, max-video-preview:-1\" \/>\n<link rel=\"canonical\" href=\"https:\/\/www.miomiorun.com\/de\/produkt\/run-convertible-jacket-damen\/\" \/>\n<meta property=\"og:locale\" content=\"de_DE\" \/>\n<meta property=\"og:type\" content=\"article\" \/>\n<meta property=\"og:title\" content=\"BrooksRun Convertible Jacket damen - Laufjacke - MioMioRun\" \/>\n<meta property=\"og:description\" content=\"Unsere Run Convertible-Laufjacke in der Damenversion verf\u00fcgt \u00fcber reflektierende Details, damit Sie im Dunkeln gut sichtbar sind.\" \/>\n<meta property=\"og:url\" content=\"https:\/\/www.miomiorun.com\/de\/produkt\/run-convertible-jacket-damen\/\" \/>\n<meta property=\"og:site_name\" content=\"MioMioRun\" \/>\n<meta property=\"article:publisher\" content=\"https:\/\/www.facebook.com\/miomiorun\/\" \/>\n<meta property=\"article:modified_time\" content=\"2022-11-22T16:08:20+00:00\" \/>\n<meta property=\"og:image\" content=\"https:\/\/www.miomiorun.com\/app\/uploads\/2022\/09\/brooks-Run-visible-convertible-jacket-221560134.jpg\" \/>\n\t<meta property=\"og:image:width\" content=\"600\" \/>\n\t<meta property=\"og:image:height\" content=\"600\" \/>\n\t<meta property=\"og:image:type\" content=\"image\/jpeg\" \/>\n<meta name=\"twitter:card\" content=\"summary_large_image\" \/>\n<meta name=\"twitter:label1\" content=\"Est. reading time\" \/>\n\t<meta name=\"twitter:data1\" content=\"1 minute\" \/>\n<script type=\"application\/ld+json\" class=\"yoast-schema-graph\">{\"@context\":\"https:\/\/schema.org\",\"@graph\":[{\"@type\":\"WebPage\",\"@id\":\"https:\/\/www.miomiorun.com\/de\/produkt\/run-convertible-jacket-damen\/\",\"url\":\"https:\/\/www.miomiorun.com\/de\/produkt\/run-convertible-jacket-damen\/\",\"name\":\"BrooksRun Convertible Jacket damen - Laufjacke - MioMioRun\",\"isPartOf\":{\"@id\":\"https:\/\/www.miomiorun.com\/de\/#website\"},\"primaryImageOfPage\":{\"@id\":\"https:\/\/www.miomiorun.com\/de\/produkt\/run-convertible-jacket-damen\/#primaryimage\"},\"image\":{\"@id\":\"https:\/\/www.miomiorun.com\/de\/produkt\/run-convertible-jacket-damen\/#primaryimage\"},\"thumbnailUrl\":\"https:\/\/www.miomiorun.com\/app\/uploads\/2022\/09\/brooks-Run-visible-convertible-jacket-221560134.jpg\",\"datePublished\":\"2022-09-15T08:56:09+00:00\",\"dateModified\":\"2022-11-22T16:08:20+00:00\",\"description\":\"Unsere Run Convertible-Laufjacke in der Damenversion verf\u00fcgt \u00fcber reflektierende Details, damit Sie im Dunkeln gut sichtbar sind.\",\"breadcrumb\":{\"@id\":\"https:\/\/www.miomiorun.com\/de\/produkt\/run-convertible-jacket-damen\/#breadcrumb\"},\"inLanguage\":\"de-DE\",\"potentialAction\":[{\"@type\":\"ReadAction\",\"target\":[\"https:\/\/www.miomiorun.com\/de\/produkt\/run-convertible-jacket-damen\/\"]}]},{\"@type\":\"ImageObject\",\"inLanguage\":\"de-DE\",\"@id\":\"https:\/\/www.miomiorun.com\/de\/produkt\/run-convertible-jacket-damen\/#primaryimage\",\"url\":\"https:\/\/www.miomiorun.com\/app\/uploads\/2022\/09\/brooks-Run-visible-convertible-jacket-221560134.jpg\",\"contentUrl\":\"https:\/\/www.miomiorun.com\/app\/uploads\/2022\/09\/brooks-Run-visible-convertible-jacket-221560134.jpg\",\"width\":600,\"height\":600,\"caption\":\"brooks-Run-visible-convertible-jacket-221560134\"},{\"@type\":\"BreadcrumbList\",\"@id\":\"https:\/\/www.miomiorun.com\/de\/produkt\/run-convertible-jacket-damen\/#breadcrumb\",\"itemListElement\":[{\"@type\":\"ListItem\",\"position\":1,\"name\":\"Home\",\"item\":\"https:\/\/www.miomiorun.com\/de\/\"},{\"@type\":\"ListItem\",\"position\":2,\"name\":\"Shop\",\"item\":\"https:\/\/www.miomiorun.com\/shop\/\"},{\"@type\":\"ListItem\",\"position\":3,\"name\":\"Run Convertible Jacket damen\"}]},{\"@type\":\"WebSite\",\"@id\":\"https:\/\/www.miomiorun.com\/de\/#website\",\"url\":\"https:\/\/www.miomiorun.com\/de\/\",\"name\":\"MioMioRun\",\"description\":\"100% Lauf- und Trailshop\",\"publisher\":{\"@id\":\"https:\/\/www.miomiorun.com\/de\/#organization\"},\"potentialAction\":[{\"@type\":\"SearchAction\",\"target\":{\"@type\":\"EntryPoint\",\"urlTemplate\":\"https:\/\/www.miomiorun.com\/de\/?s={search_term_string}\"},\"query-input\":{\"@type\":\"PropertyValueSpecification\",\"valueRequired\":true,\"valueName\":\"search_term_string\"}}],\"inLanguage\":\"de-DE\"},{\"@type\":\"Organization\",\"@id\":\"https:\/\/www.miomiorun.com\/de\/#organization\",\"name\":\"MioMio Run\",\"url\":\"https:\/\/www.miomiorun.com\/de\/\",\"logo\":{\"@type\":\"ImageObject\",\"inLanguage\":\"de-DE\",\"@id\":\"https:\/\/www.miomiorun.com\/de\/#\/schema\/logo\/image\/\",\"url\":\"https:\/\/www.miomiorun.com\/app\/uploads\/2019\/12\/logomio.png\",\"contentUrl\":\"https:\/\/www.miomiorun.com\/app\/uploads\/2019\/12\/logomio.png\",\"width\":115,\"height\":82,\"caption\":\"MioMio Run\"},\"image\":{\"@id\":\"https:\/\/www.miomiorun.com\/de\/#\/schema\/logo\/image\/\"},\"sameAs\":[\"https:\/\/www.facebook.com\/miomiorun\/\",\"https:\/\/www.instagram.com\/miomiorun\/\"]}]}<\/script>\n<!-- \/ Yoast SEO plugin. -->","yoast_head_json":{"title":"BrooksRun Convertible Jacket damen - Laufjacke - MioMioRun","description":"Unsere Run Convertible-Laufjacke in der Damenversion verf\u00fcgt \u00fcber reflektierende Details, damit Sie im Dunkeln gut sichtbar sind.","robots":{"index":"index","follow":"follow","max-snippet":"max-snippet:-1","max-image-preview":"max-image-preview:large","max-video-preview":"max-video-preview:-1"},"canonical":"https:\/\/www.miomiorun.com\/de\/produkt\/run-convertible-jacket-damen\/","og_locale":"de_DE","og_type":"article","og_title":"BrooksRun Convertible Jacket damen - Laufjacke - MioMioRun","og_description":"Unsere Run Convertible-Laufjacke in der Damenversion verf\u00fcgt \u00fcber reflektierende Details, damit Sie im Dunkeln gut sichtbar sind.","og_url":"https:\/\/www.miomiorun.com\/de\/produkt\/run-convertible-jacket-damen\/","og_site_name":"MioMioRun","article_publisher":"https:\/\/www.facebook.com\/miomiorun\/","article_modified_time":"2022-11-22T16:08:20+00:00","og_image":[{"width":600,"height":600,"url":"https:\/\/www.miomiorun.com\/app\/uploads\/2022\/09\/brooks-Run-visible-convertible-jacket-221560134.jpg","type":"image\/jpeg"}],"twitter_card":"summary_large_image","twitter_misc":{"Est. reading time":"1 minute"},"schema":{"@context":"https:\/\/schema.org","@graph":[{"@type":"WebPage","@id":"https:\/\/www.miomiorun.com\/de\/produkt\/run-convertible-jacket-damen\/","url":"https:\/\/www.miomiorun.com\/de\/produkt\/run-convertible-jacket-damen\/","name":"BrooksRun Convertible Jacket damen - Laufjacke - MioMioRun","isPartOf":{"@id":"https:\/\/www.miomiorun.com\/de\/#website"},"primaryImageOfPage":{"@id":"https:\/\/www.miomiorun.com\/de\/produkt\/run-convertible-jacket-damen\/#primaryimage"},"image":{"@id":"https:\/\/www.miomiorun.com\/de\/produkt\/run-convertible-jacket-damen\/#primaryimage"},"thumbnailUrl":"https:\/\/www.miomiorun.com\/app\/uploads\/2022\/09\/brooks-Run-visible-convertible-jacket-221560134.jpg","datePublished":"2022-09-15T08:56:09+00:00","dateModified":"2022-11-22T16:08:20+00:00","description":"Unsere Run Convertible-Laufjacke in der Damenversion verf\u00fcgt \u00fcber reflektierende Details, damit Sie im Dunkeln gut sichtbar sind.","breadcrumb":{"@id":"https:\/\/www.miomiorun.com\/de\/produkt\/run-convertible-jacket-damen\/#breadcrumb"},"inLanguage":"de-DE","potentialAction":[{"@type":"ReadAction","target":["https:\/\/www.miomiorun.com\/de\/produkt\/run-convertible-jacket-damen\/"]}]},{"@type":"ImageObject","inLanguage":"de-DE","@id":"https:\/\/www.miomiorun.com\/de\/produkt\/run-convertible-jacket-damen\/#primaryimage","url":"https:\/\/www.miomiorun.com\/app\/uploads\/2022\/09\/brooks-Run-visible-convertible-jacket-221560134.jpg","contentUrl":"https:\/\/www.miomiorun.com\/app\/uploads\/2022\/09\/brooks-Run-visible-convertible-jacket-221560134.jpg","width":600,"height":600,"caption":"brooks-Run-visible-convertible-jacket-221560134"},{"@type":"BreadcrumbList","@id":"https:\/\/www.miomiorun.com\/de\/produkt\/run-convertible-jacket-damen\/#breadcrumb","itemListElement":[{"@type":"ListItem","position":1,"name":"Home","item":"https:\/\/www.miomiorun.com\/de\/"},{"@type":"ListItem","position":2,"name":"Shop","item":"https:\/\/www.miomiorun.com\/shop\/"},{"@type":"ListItem","position":3,"name":"Run Convertible Jacket damen"}]},{"@type":"WebSite","@id":"https:\/\/www.miomiorun.com\/de\/#website","url":"https:\/\/www.miomiorun.com\/de\/","name":"MioMioRun","description":"100% Lauf- und Trailshop","publisher":{"@id":"https:\/\/www.miomiorun.com\/de\/#organization"},"potentialAction":[{"@type":"SearchAction","target":{"@type":"EntryPoint","urlTemplate":"https:\/\/www.miomiorun.com\/de\/?s={search_term_string}"},"query-input":{"@type":"PropertyValueSpecification","valueRequired":true,"valueName":"search_term_string"}}],"inLanguage":"de-DE"},{"@type":"Organization","@id":"https:\/\/www.miomiorun.com\/de\/#organization","name":"MioMio Run","url":"https:\/\/www.miomiorun.com\/de\/","logo":{"@type":"ImageObject","inLanguage":"de-DE","@id":"https:\/\/www.miomiorun.com\/de\/#\/schema\/logo\/image\/","url":"https:\/\/www.miomiorun.com\/app\/uploads\/2019\/12\/logomio.png","contentUrl":"https:\/\/www.miomiorun.com\/app\/uploads\/2019\/12\/logomio.png","width":115,"height":82,"caption":"MioMio Run"},"image":{"@id":"https:\/\/www.miomiorun.com\/de\/#\/schema\/logo\/image\/"},"sameAs":["https:\/\/www.facebook.com\/miomiorun\/","https:\/\/www.instagram.com\/miomiorun\/"]}]}},"_links":{"self":[{"href":"https:\/\/www.miomiorun.com\/de\/wp-json\/wp\/v2\/product\/86289","targetHints":{"allow":["GET"]}}],"collection":[{"href":"https:\/\/www.miomiorun.com\/de\/wp-json\/wp\/v2\/product"}],"about":[{"href":"https:\/\/www.miomiorun.com\/de\/wp-json\/wp\/v2\/types\/product"}],"wp:featuredmedia":[{"embeddable":true,"href":"https:\/\/www.miomiorun.com\/de\/wp-json\/wp\/v2\/media\/85351"}],"wp:attachment":[{"href":"https:\/\/www.miomiorun.com\/de\/wp-json\/wp\/v2\/media?parent=86289"}],"wp:term":[{"taxonomy":"product_brand","embeddable":true,"href":"https:\/\/www.miomiorun.com\/de\/wp-json\/wp\/v2\/product_brand?post=86289"},{"taxonomy":"product_cat","embeddable":true,"href":"https:\/\/www.miomiorun.com\/de\/wp-json\/wp\/v2\/product_cat?post=86289"},{"taxonomy":"product_tag","embeddable":true,"href":"https:\/\/www.miomiorun.com\/de\/wp-json\/wp\/v2\/product_tag?post=86289"}],"curies":[{"name":"wp","href":"https:\/\/api.w.org\/{rel}","templated":true}]}}