{"id":86275,"date":"2022-09-15T11:13:51","date_gmt":"2022-09-15T09:13:51","guid":{"rendered":"https:\/\/miomiorun.com\/prodotto\/run-visible-long-sleeve-uomo\/"},"modified":"2022-11-22T17:17:03","modified_gmt":"2022-11-22T16:17:03","slug":"run-visible-long-sleeve-herren","status":"publish","type":"product","link":"https:\/\/www.miomiorun.com\/de\/produkt\/run-visible-long-sleeve-herren\/","title":{"rendered":"Run Visible Long Sleeve herren"},"content":{"rendered":"<h2>Unser Lieblings-Langarmtrikot, perfekt f\u00fcr alle, die gerne im Dunkeln laufen.<\/h2>\n<p>Mit dem <strong>Run Visible Long Sleeve<\/strong> in der Herrenversion, einem schnelltrocknenden Trikot mit reflektierenden und fluoreszierenden Details, m\u00fcssen Sie Ihre Laufpl\u00e4ne nicht mehr \u00e4ndern; es hilft Autofahrern, Sie bei schlechten Lichtverh\u00e4ltnissen zu sehen.<\/p>\n<p>IDEAL F\u00dcR :<\/p>\n<p><img loading=\"lazy\" decoding=\"async\" class=\"a-responsive-image__img\" src=\"https:\/\/www.brooksrunning.com\/on\/demandware.static\/-\/Sites-brooks-master-catalog\/default\/dw568ee9ad\/specs\/PDP-BestFor-FTW-APP-Visible-In-The-Dark.svg\" alt=\"\" width=\"40\" height=\"40\" \/> Laufen im Dunkeln .<\/p>\n<p><img loading=\"lazy\" decoding=\"async\" class=\"a-responsive-image__img\" src=\"https:\/\/www.brooksrunning.com\/on\/demandware.static\/-\/Sites-brooks-master-catalog\/default\/dw76d19a15\/specs\/PDP-BestFor-APP-Warmth.svg\" alt=\"\" width=\"40\" height=\"40\" \/> K\u00fchle Temperaturen .<\/p>\n<p><img loading=\"lazy\" decoding=\"async\" class=\"a-responsive-image__img\" src=\"https:\/\/www.brooksrunning.com\/on\/demandware.static\/-\/Sites-brooks-master-catalog\/default\/dwce073625\/specs\/PDP-BestFor-APP-Layering.svg\" alt=\"\" width=\"40\" height=\"40\" \/>\u00a0 Kleidung in Schichten .<\/p>\n<p><strong>FEATURES:<\/strong><\/p>\n<ul>\n<li>Sichtbar in der Dunkelheit<\/li>\n<li>Atmungsaktiv und schnell trocknend<\/li>\n<li>Umweltfreundlich<\/li>\n<\/ul>\n<h2>360\u00b0 Sichtbarkeit<\/h2>\n<h3>Sichtbar in der Dunkelheit<\/h3>\n<p>Reflektierende, fluoreszierende und kontrastreiche 3M\u2122 Scotchlite\u2122 Carbon Black Stretch-Eins\u00e4tze, die strategisch positioniert sind, damit die L\u00e4ufer f\u00fcr Autofahrer erkennbar sind.<\/p>\n<h2>Intensives Laufen? Kein Problem.<\/h2>\n<h3>Schnell trocknend<\/h3>\n<p>Das weiche DriLayer\u00ae-Gewebe absorbiert Schwei\u00df und sorgt f\u00fcr ein trockenes und angenehmes Tragegef\u00fchl.<\/p>\n<h2>Gr\u00fcn bedeutet Fortschritt<\/h2>\n<h3>Umweltfreundlich<\/h3>\n<p>Hergestellt aus recyceltem Stoff, der 15 Plastikwasserflaschen entspricht.<\/p>\n","protected":false},"excerpt":{"rendered":"<ul class=\"m-long-description__features\">\n<li class=\"m-long-description__feature\">Sichtbar in der Dunkelheit<\/li>\n<li class=\"m-long-description__feature\">Atmungsaktiv und schnell trocknend<\/li>\n<li class=\"m-long-description__feature\">Umweltfreundlich<\/li>\n<\/ul>\n<p><span style=\"font-weight: 400;\">\u00a0<\/span><\/p>\n","protected":false},"featured_media":85290,"template":"","meta":{"_acf_changed":false,"inline_featured_image":false},"product_brand":[],"product_cat":[6515,6540,6541],"product_tag":[3362,6207],"class_list":{"0":"post-86275","1":"product","2":"type-product","3":"status-publish","4":"has-post-thumbnail","6":"product_cat-herren-de","7":"product_cat-herrenbekleidung","8":"product_cat-langarmshirt","9":"product_tag-brooks-de","10":"product_tag-brooks-herren-de","11":"pa_attivita-gehen","12":"pa_attivita-running-de","13":"pa_colore-run-visible-long-sleeve-white-asphalt-nightlife-de","14":"pa_marca-brooks-de","15":"pa_sesso-herren","16":"pa_size-large-de","18":"first","19":"instock","20":"sale","21":"taxable","22":"shipping-taxable","23":"purchasable","24":"product-type-variable","25":"wvs-archive-product-wrapper"},"acf":[],"yoast_head":"<!-- This site is optimized with the Yoast SEO plugin v26.8 - https:\/\/yoast.com\/product\/yoast-seo-wordpress\/ -->\n<title>Brooks Run Visible Long Sleeve herren - Langarmshirt- MioMioRun<\/title>\n<meta name=\"description\" content=\"Mit dem Run Visible Long Sleeve in der Herrenversion, einem schnell trocknenden Trikot, m\u00fcssen Sie Ihren Laufplan nicht \u00e4ndern.\" \/>\n<meta name=\"robots\" content=\"index, follow, max-snippet:-1, max-image-preview:large, max-video-preview:-1\" \/>\n<link rel=\"canonical\" href=\"https:\/\/www.miomiorun.com\/de\/produkt\/run-visible-long-sleeve-herren\/\" \/>\n<meta property=\"og:locale\" content=\"de_DE\" \/>\n<meta property=\"og:type\" content=\"article\" \/>\n<meta property=\"og:title\" content=\"Brooks Run Visible Long Sleeve herren - Langarmshirt- MioMioRun\" \/>\n<meta property=\"og:description\" content=\"Mit dem Run Visible Long Sleeve in der Herrenversion, einem schnell trocknenden Trikot, m\u00fcssen Sie Ihren Laufplan nicht \u00e4ndern.\" \/>\n<meta property=\"og:url\" content=\"https:\/\/www.miomiorun.com\/de\/produkt\/run-visible-long-sleeve-herren\/\" \/>\n<meta property=\"og:site_name\" content=\"MioMioRun\" \/>\n<meta property=\"article:publisher\" content=\"https:\/\/www.facebook.com\/miomiorun\/\" \/>\n<meta property=\"article:modified_time\" content=\"2022-11-22T16:17:03+00:00\" \/>\n<meta property=\"og:image\" content=\"https:\/\/www.miomiorun.com\/app\/uploads\/2022\/09\/brooks-Run-visible-long-sleeve-white-asphalt-211408134.jpg\" \/>\n\t<meta property=\"og:image:width\" content=\"600\" \/>\n\t<meta property=\"og:image:height\" content=\"600\" \/>\n\t<meta property=\"og:image:type\" content=\"image\/jpeg\" \/>\n<meta name=\"twitter:card\" content=\"summary_large_image\" \/>\n<meta name=\"twitter:label1\" content=\"Est. reading time\" \/>\n\t<meta name=\"twitter:data1\" content=\"1 minute\" \/>\n<script type=\"application\/ld+json\" class=\"yoast-schema-graph\">{\"@context\":\"https:\/\/schema.org\",\"@graph\":[{\"@type\":\"WebPage\",\"@id\":\"https:\/\/www.miomiorun.com\/de\/produkt\/run-visible-long-sleeve-herren\/\",\"url\":\"https:\/\/www.miomiorun.com\/de\/produkt\/run-visible-long-sleeve-herren\/\",\"name\":\"Brooks Run Visible Long Sleeve herren - Langarmshirt- MioMioRun\",\"isPartOf\":{\"@id\":\"https:\/\/www.miomiorun.com\/de\/#website\"},\"primaryImageOfPage\":{\"@id\":\"https:\/\/www.miomiorun.com\/de\/produkt\/run-visible-long-sleeve-herren\/#primaryimage\"},\"image\":{\"@id\":\"https:\/\/www.miomiorun.com\/de\/produkt\/run-visible-long-sleeve-herren\/#primaryimage\"},\"thumbnailUrl\":\"https:\/\/www.miomiorun.com\/app\/uploads\/2022\/09\/brooks-Run-visible-long-sleeve-white-asphalt-211408134.jpg\",\"datePublished\":\"2022-09-15T09:13:51+00:00\",\"dateModified\":\"2022-11-22T16:17:03+00:00\",\"description\":\"Mit dem Run Visible Long Sleeve in der Herrenversion, einem schnell trocknenden Trikot, m\u00fcssen Sie Ihren Laufplan nicht \u00e4ndern.\",\"breadcrumb\":{\"@id\":\"https:\/\/www.miomiorun.com\/de\/produkt\/run-visible-long-sleeve-herren\/#breadcrumb\"},\"inLanguage\":\"de-DE\",\"potentialAction\":[{\"@type\":\"ReadAction\",\"target\":[\"https:\/\/www.miomiorun.com\/de\/produkt\/run-visible-long-sleeve-herren\/\"]}]},{\"@type\":\"ImageObject\",\"inLanguage\":\"de-DE\",\"@id\":\"https:\/\/www.miomiorun.com\/de\/produkt\/run-visible-long-sleeve-herren\/#primaryimage\",\"url\":\"https:\/\/www.miomiorun.com\/app\/uploads\/2022\/09\/brooks-Run-visible-long-sleeve-white-asphalt-211408134.jpg\",\"contentUrl\":\"https:\/\/www.miomiorun.com\/app\/uploads\/2022\/09\/brooks-Run-visible-long-sleeve-white-asphalt-211408134.jpg\",\"width\":600,\"height\":600,\"caption\":\"brooks-Run-visible-long-sleeve-white-asphalt-211408134\"},{\"@type\":\"BreadcrumbList\",\"@id\":\"https:\/\/www.miomiorun.com\/de\/produkt\/run-visible-long-sleeve-herren\/#breadcrumb\",\"itemListElement\":[{\"@type\":\"ListItem\",\"position\":1,\"name\":\"Home\",\"item\":\"https:\/\/www.miomiorun.com\/de\/\"},{\"@type\":\"ListItem\",\"position\":2,\"name\":\"Shop\",\"item\":\"https:\/\/www.miomiorun.com\/shop\/\"},{\"@type\":\"ListItem\",\"position\":3,\"name\":\"Run Visible Long Sleeve herren\"}]},{\"@type\":\"WebSite\",\"@id\":\"https:\/\/www.miomiorun.com\/de\/#website\",\"url\":\"https:\/\/www.miomiorun.com\/de\/\",\"name\":\"MioMioRun\",\"description\":\"100% Lauf- und Trailshop\",\"publisher\":{\"@id\":\"https:\/\/www.miomiorun.com\/de\/#organization\"},\"potentialAction\":[{\"@type\":\"SearchAction\",\"target\":{\"@type\":\"EntryPoint\",\"urlTemplate\":\"https:\/\/www.miomiorun.com\/de\/?s={search_term_string}\"},\"query-input\":{\"@type\":\"PropertyValueSpecification\",\"valueRequired\":true,\"valueName\":\"search_term_string\"}}],\"inLanguage\":\"de-DE\"},{\"@type\":\"Organization\",\"@id\":\"https:\/\/www.miomiorun.com\/de\/#organization\",\"name\":\"MioMio Run\",\"url\":\"https:\/\/www.miomiorun.com\/de\/\",\"logo\":{\"@type\":\"ImageObject\",\"inLanguage\":\"de-DE\",\"@id\":\"https:\/\/www.miomiorun.com\/de\/#\/schema\/logo\/image\/\",\"url\":\"https:\/\/www.miomiorun.com\/app\/uploads\/2019\/12\/logomio.png\",\"contentUrl\":\"https:\/\/www.miomiorun.com\/app\/uploads\/2019\/12\/logomio.png\",\"width\":115,\"height\":82,\"caption\":\"MioMio Run\"},\"image\":{\"@id\":\"https:\/\/www.miomiorun.com\/de\/#\/schema\/logo\/image\/\"},\"sameAs\":[\"https:\/\/www.facebook.com\/miomiorun\/\",\"https:\/\/www.instagram.com\/miomiorun\/\"]}]}<\/script>\n<!-- \/ Yoast SEO plugin. -->","yoast_head_json":{"title":"Brooks Run Visible Long Sleeve herren - Langarmshirt- MioMioRun","description":"Mit dem Run Visible Long Sleeve in der Herrenversion, einem schnell trocknenden Trikot, m\u00fcssen Sie Ihren Laufplan nicht \u00e4ndern.","robots":{"index":"index","follow":"follow","max-snippet":"max-snippet:-1","max-image-preview":"max-image-preview:large","max-video-preview":"max-video-preview:-1"},"canonical":"https:\/\/www.miomiorun.com\/de\/produkt\/run-visible-long-sleeve-herren\/","og_locale":"de_DE","og_type":"article","og_title":"Brooks Run Visible Long Sleeve herren - Langarmshirt- MioMioRun","og_description":"Mit dem Run Visible Long Sleeve in der Herrenversion, einem schnell trocknenden Trikot, m\u00fcssen Sie Ihren Laufplan nicht \u00e4ndern.","og_url":"https:\/\/www.miomiorun.com\/de\/produkt\/run-visible-long-sleeve-herren\/","og_site_name":"MioMioRun","article_publisher":"https:\/\/www.facebook.com\/miomiorun\/","article_modified_time":"2022-11-22T16:17:03+00:00","og_image":[{"width":600,"height":600,"url":"https:\/\/www.miomiorun.com\/app\/uploads\/2022\/09\/brooks-Run-visible-long-sleeve-white-asphalt-211408134.jpg","type":"image\/jpeg"}],"twitter_card":"summary_large_image","twitter_misc":{"Est. reading time":"1 minute"},"schema":{"@context":"https:\/\/schema.org","@graph":[{"@type":"WebPage","@id":"https:\/\/www.miomiorun.com\/de\/produkt\/run-visible-long-sleeve-herren\/","url":"https:\/\/www.miomiorun.com\/de\/produkt\/run-visible-long-sleeve-herren\/","name":"Brooks Run Visible Long Sleeve herren - Langarmshirt- MioMioRun","isPartOf":{"@id":"https:\/\/www.miomiorun.com\/de\/#website"},"primaryImageOfPage":{"@id":"https:\/\/www.miomiorun.com\/de\/produkt\/run-visible-long-sleeve-herren\/#primaryimage"},"image":{"@id":"https:\/\/www.miomiorun.com\/de\/produkt\/run-visible-long-sleeve-herren\/#primaryimage"},"thumbnailUrl":"https:\/\/www.miomiorun.com\/app\/uploads\/2022\/09\/brooks-Run-visible-long-sleeve-white-asphalt-211408134.jpg","datePublished":"2022-09-15T09:13:51+00:00","dateModified":"2022-11-22T16:17:03+00:00","description":"Mit dem Run Visible Long Sleeve in der Herrenversion, einem schnell trocknenden Trikot, m\u00fcssen Sie Ihren Laufplan nicht \u00e4ndern.","breadcrumb":{"@id":"https:\/\/www.miomiorun.com\/de\/produkt\/run-visible-long-sleeve-herren\/#breadcrumb"},"inLanguage":"de-DE","potentialAction":[{"@type":"ReadAction","target":["https:\/\/www.miomiorun.com\/de\/produkt\/run-visible-long-sleeve-herren\/"]}]},{"@type":"ImageObject","inLanguage":"de-DE","@id":"https:\/\/www.miomiorun.com\/de\/produkt\/run-visible-long-sleeve-herren\/#primaryimage","url":"https:\/\/www.miomiorun.com\/app\/uploads\/2022\/09\/brooks-Run-visible-long-sleeve-white-asphalt-211408134.jpg","contentUrl":"https:\/\/www.miomiorun.com\/app\/uploads\/2022\/09\/brooks-Run-visible-long-sleeve-white-asphalt-211408134.jpg","width":600,"height":600,"caption":"brooks-Run-visible-long-sleeve-white-asphalt-211408134"},{"@type":"BreadcrumbList","@id":"https:\/\/www.miomiorun.com\/de\/produkt\/run-visible-long-sleeve-herren\/#breadcrumb","itemListElement":[{"@type":"ListItem","position":1,"name":"Home","item":"https:\/\/www.miomiorun.com\/de\/"},{"@type":"ListItem","position":2,"name":"Shop","item":"https:\/\/www.miomiorun.com\/shop\/"},{"@type":"ListItem","position":3,"name":"Run Visible Long Sleeve herren"}]},{"@type":"WebSite","@id":"https:\/\/www.miomiorun.com\/de\/#website","url":"https:\/\/www.miomiorun.com\/de\/","name":"MioMioRun","description":"100% Lauf- und Trailshop","publisher":{"@id":"https:\/\/www.miomiorun.com\/de\/#organization"},"potentialAction":[{"@type":"SearchAction","target":{"@type":"EntryPoint","urlTemplate":"https:\/\/www.miomiorun.com\/de\/?s={search_term_string}"},"query-input":{"@type":"PropertyValueSpecification","valueRequired":true,"valueName":"search_term_string"}}],"inLanguage":"de-DE"},{"@type":"Organization","@id":"https:\/\/www.miomiorun.com\/de\/#organization","name":"MioMio Run","url":"https:\/\/www.miomiorun.com\/de\/","logo":{"@type":"ImageObject","inLanguage":"de-DE","@id":"https:\/\/www.miomiorun.com\/de\/#\/schema\/logo\/image\/","url":"https:\/\/www.miomiorun.com\/app\/uploads\/2019\/12\/logomio.png","contentUrl":"https:\/\/www.miomiorun.com\/app\/uploads\/2019\/12\/logomio.png","width":115,"height":82,"caption":"MioMio Run"},"image":{"@id":"https:\/\/www.miomiorun.com\/de\/#\/schema\/logo\/image\/"},"sameAs":["https:\/\/www.facebook.com\/miomiorun\/","https:\/\/www.instagram.com\/miomiorun\/"]}]}},"_links":{"self":[{"href":"https:\/\/www.miomiorun.com\/de\/wp-json\/wp\/v2\/product\/86275","targetHints":{"allow":["GET"]}}],"collection":[{"href":"https:\/\/www.miomiorun.com\/de\/wp-json\/wp\/v2\/product"}],"about":[{"href":"https:\/\/www.miomiorun.com\/de\/wp-json\/wp\/v2\/types\/product"}],"wp:featuredmedia":[{"embeddable":true,"href":"https:\/\/www.miomiorun.com\/de\/wp-json\/wp\/v2\/media\/85290"}],"wp:attachment":[{"href":"https:\/\/www.miomiorun.com\/de\/wp-json\/wp\/v2\/media?parent=86275"}],"wp:term":[{"taxonomy":"product_brand","embeddable":true,"href":"https:\/\/www.miomiorun.com\/de\/wp-json\/wp\/v2\/product_brand?post=86275"},{"taxonomy":"product_cat","embeddable":true,"href":"https:\/\/www.miomiorun.com\/de\/wp-json\/wp\/v2\/product_cat?post=86275"},{"taxonomy":"product_tag","embeddable":true,"href":"https:\/\/www.miomiorun.com\/de\/wp-json\/wp\/v2\/product_tag?post=86275"}],"curies":[{"name":"wp","href":"https:\/\/api.w.org\/{rel}","templated":true}]}}