{"id":86267,"date":"2022-09-15T11:46:37","date_gmt":"2022-09-15T09:46:37","guid":{"rendered":"https:\/\/miomiorun.com\/prodotto\/run-visible-tight-uomo\/"},"modified":"2022-11-22T17:18:27","modified_gmt":"2022-11-22T16:18:27","slug":"run-visible-tight-herren","status":"publish","type":"product","link":"https:\/\/www.miomiorun.com\/de\/produkt\/run-visible-tight-herren\/","title":{"rendered":"Run Visible Tight herren"},"content":{"rendered":"<h2>Hochwertige Lauftights f\u00fcr M\u00e4nner sind schwer zu finden, aber leicht zu erkennen.<\/h2>\n<p>Deshalb wollen wir unsere Men&#8217;s Run Visible Tights ins Rampenlicht stellen. Komprimierend und bequem, mit reflektierenden Details, damit Sie im Dunkeln gut sichtbar sind.<\/p>\n<p class=\"a-type-h4 m-long-description__label\"><strong>IDEAL F\u00dcR:<\/strong><\/p>\n<p><img loading=\"lazy\" decoding=\"async\" class=\"a-responsive-image__img\" src=\"https:\/\/www.brooksrunning.com\/on\/demandware.static\/-\/Sites-brooks-master-catalog\/default\/dw568ee9ad\/specs\/PDP-BestFor-FTW-APP-Visible-In-The-Dark.svg\" alt=\"\" width=\"40\" height=\"40\" \/> Laufen im Dunkeln .<\/p>\n<p><img loading=\"lazy\" decoding=\"async\" class=\"a-responsive-image__img\" src=\"https:\/\/www.brooksrunning.com\/on\/demandware.static\/-\/Sites-brooks-master-catalog\/default\/dw76d19a15\/specs\/PDP-BestFor-APP-Warmth.svg\" alt=\"\" width=\"40\" height=\"40\" \/>Niedrige oder k\u00fchle Temperaturen.<\/p>\n<p><strong>FEATURES:<\/strong><\/p>\n<ul>\n<li>Sichtbar in der Dunkelheit<\/li>\n<li>Komfortabler Bezug<\/li>\n<li>Bequemer Stauraum<\/li>\n<\/ul>\n<h2>360\u00b0 Sichtbarkeit<\/h2>\n<h3>Sichtbar in der Dunkelheit<\/h3>\n<p>Reflektierende, fluoreszierende und kontrastreiche 3M\u2122 Scotchlite\u2122 Carbon Black Stretch-Eins\u00e4tze, die strategisch positioniert sind, damit die L\u00e4ufer f\u00fcr Autofahrer erkennbar sind.<\/p>\n<div class=\"o-feature-callout__feature-copy\"><\/div>\n<div class=\"o-feature-callout__feature-copy\">\n<h2>Ideale W\u00e4rme<\/h2>\n<h3>Bequeme Abdeckung<\/h3>\n<p>Der Stoff bietet ein ausgewogenes Verh\u00e4ltnis zwischen W\u00e4rme und Atmungsaktivit\u00e4t. Die Kompression und die minimierten N\u00e4hte sorgen f\u00fcr ein angenehmes Gef\u00fchl an den Beinen.<\/p>\n<div class=\"o-feature-callout__feature-copy\">\n<h2>\u00dcber Taschen<\/h2>\n<h3>Bequemer Stauraum<\/h3>\n<p>Eine Rei\u00dfverschlusstasche auf der linken Seite und eine Schlupftasche auf der rechten Seite erm\u00f6glichen es Ihnen, Ihre wichtigsten Dinge zu verstauen.<\/p>\n<\/div>\n<\/div>\n","protected":false},"excerpt":{"rendered":"<ul class=\"m-long-description__features\">\n<li>Sichtbar in der Dunkelheit<\/li>\n<li>Komfortabler Bezug<\/li>\n<li>Bequemer Stauraum<\/li>\n<\/ul>\n","protected":false},"featured_media":85312,"template":"","meta":{"_acf_changed":false,"inline_featured_image":false},"product_brand":[],"product_cat":[6528,6521],"product_tag":[3362,6207],"class_list":{"0":"post-86267","1":"product","2":"type-product","3":"status-publish","4":"has-post-thumbnail","6":"product_cat-sale-bekleidung-herren-de","7":"product_cat-sale-hosen-herren-de","8":"product_tag-brooks-de","9":"product_tag-brooks-herren-de","10":"pa_attivita-gehen","11":"pa_attivita-running-de","12":"pa_colore-run-visible-tight-asphalt-nightlife-de","13":"pa_marca-brooks-de","14":"pa_sesso-herren","15":"pa_size-small-de","17":"first","18":"instock","19":"sale","20":"taxable","21":"shipping-taxable","22":"purchasable","23":"product-type-variable","24":"wvs-archive-product-wrapper"},"acf":[],"yoast_head":"<!-- This site is optimized with the Yoast SEO plugin v26.8 - https:\/\/yoast.com\/product\/yoast-seo-wordpress\/ -->\n<title>BrooksRun Visible Tight herren - Lange Hosen - MioMioRun<\/title>\n<meta name=\"description\" content=\"Deshalb wollen wir die Run Visible Tights in der Herrenversion ins Rampenlicht stellen. Komprimierend und bequem, mit reflektierenden Details.\" \/>\n<meta name=\"robots\" content=\"index, follow, max-snippet:-1, max-image-preview:large, max-video-preview:-1\" \/>\n<link rel=\"canonical\" href=\"https:\/\/www.miomiorun.com\/de\/produkt\/run-visible-tight-herren\/\" \/>\n<meta property=\"og:locale\" content=\"de_DE\" \/>\n<meta property=\"og:type\" content=\"article\" \/>\n<meta property=\"og:title\" content=\"BrooksRun Visible Tight herren - Lange Hosen - MioMioRun\" \/>\n<meta property=\"og:description\" content=\"Deshalb wollen wir die Run Visible Tights in der Herrenversion ins Rampenlicht stellen. Komprimierend und bequem, mit reflektierenden Details.\" \/>\n<meta property=\"og:url\" content=\"https:\/\/www.miomiorun.com\/de\/produkt\/run-visible-tight-herren\/\" \/>\n<meta property=\"og:site_name\" content=\"MioMioRun\" \/>\n<meta property=\"article:publisher\" content=\"https:\/\/www.facebook.com\/miomiorun\/\" \/>\n<meta property=\"article:modified_time\" content=\"2022-11-22T16:18:27+00:00\" \/>\n<meta property=\"og:image\" content=\"https:\/\/www.miomiorun.com\/app\/uploads\/2022\/09\/brooks-Run-visible-tight-asphalt-nightlife-211412044.jpg\" \/>\n\t<meta property=\"og:image:width\" content=\"600\" \/>\n\t<meta property=\"og:image:height\" content=\"600\" \/>\n\t<meta property=\"og:image:type\" content=\"image\/jpeg\" \/>\n<meta name=\"twitter:card\" content=\"summary_large_image\" \/>\n<meta name=\"twitter:label1\" content=\"Est. reading time\" \/>\n\t<meta name=\"twitter:data1\" content=\"1 minute\" \/>\n<script type=\"application\/ld+json\" class=\"yoast-schema-graph\">{\"@context\":\"https:\/\/schema.org\",\"@graph\":[{\"@type\":\"WebPage\",\"@id\":\"https:\/\/www.miomiorun.com\/de\/produkt\/run-visible-tight-herren\/\",\"url\":\"https:\/\/www.miomiorun.com\/de\/produkt\/run-visible-tight-herren\/\",\"name\":\"BrooksRun Visible Tight herren - Lange Hosen - MioMioRun\",\"isPartOf\":{\"@id\":\"https:\/\/www.miomiorun.com\/de\/#website\"},\"primaryImageOfPage\":{\"@id\":\"https:\/\/www.miomiorun.com\/de\/produkt\/run-visible-tight-herren\/#primaryimage\"},\"image\":{\"@id\":\"https:\/\/www.miomiorun.com\/de\/produkt\/run-visible-tight-herren\/#primaryimage\"},\"thumbnailUrl\":\"https:\/\/www.miomiorun.com\/app\/uploads\/2022\/09\/brooks-Run-visible-tight-asphalt-nightlife-211412044.jpg\",\"datePublished\":\"2022-09-15T09:46:37+00:00\",\"dateModified\":\"2022-11-22T16:18:27+00:00\",\"description\":\"Deshalb wollen wir die Run Visible Tights in der Herrenversion ins Rampenlicht stellen. Komprimierend und bequem, mit reflektierenden Details.\",\"breadcrumb\":{\"@id\":\"https:\/\/www.miomiorun.com\/de\/produkt\/run-visible-tight-herren\/#breadcrumb\"},\"inLanguage\":\"de-DE\",\"potentialAction\":[{\"@type\":\"ReadAction\",\"target\":[\"https:\/\/www.miomiorun.com\/de\/produkt\/run-visible-tight-herren\/\"]}]},{\"@type\":\"ImageObject\",\"inLanguage\":\"de-DE\",\"@id\":\"https:\/\/www.miomiorun.com\/de\/produkt\/run-visible-tight-herren\/#primaryimage\",\"url\":\"https:\/\/www.miomiorun.com\/app\/uploads\/2022\/09\/brooks-Run-visible-tight-asphalt-nightlife-211412044.jpg\",\"contentUrl\":\"https:\/\/www.miomiorun.com\/app\/uploads\/2022\/09\/brooks-Run-visible-tight-asphalt-nightlife-211412044.jpg\",\"width\":600,\"height\":600,\"caption\":\"brooks-Run-visible-tight-asphalt-nightlife-211412044\"},{\"@type\":\"BreadcrumbList\",\"@id\":\"https:\/\/www.miomiorun.com\/de\/produkt\/run-visible-tight-herren\/#breadcrumb\",\"itemListElement\":[{\"@type\":\"ListItem\",\"position\":1,\"name\":\"Home\",\"item\":\"https:\/\/www.miomiorun.com\/de\/\"},{\"@type\":\"ListItem\",\"position\":2,\"name\":\"Shop\",\"item\":\"https:\/\/www.miomiorun.com\/shop\/\"},{\"@type\":\"ListItem\",\"position\":3,\"name\":\"Run Visible Tight herren\"}]},{\"@type\":\"WebSite\",\"@id\":\"https:\/\/www.miomiorun.com\/de\/#website\",\"url\":\"https:\/\/www.miomiorun.com\/de\/\",\"name\":\"MioMioRun\",\"description\":\"100% Lauf- und Trailshop\",\"publisher\":{\"@id\":\"https:\/\/www.miomiorun.com\/de\/#organization\"},\"potentialAction\":[{\"@type\":\"SearchAction\",\"target\":{\"@type\":\"EntryPoint\",\"urlTemplate\":\"https:\/\/www.miomiorun.com\/de\/?s={search_term_string}\"},\"query-input\":{\"@type\":\"PropertyValueSpecification\",\"valueRequired\":true,\"valueName\":\"search_term_string\"}}],\"inLanguage\":\"de-DE\"},{\"@type\":\"Organization\",\"@id\":\"https:\/\/www.miomiorun.com\/de\/#organization\",\"name\":\"MioMio Run\",\"url\":\"https:\/\/www.miomiorun.com\/de\/\",\"logo\":{\"@type\":\"ImageObject\",\"inLanguage\":\"de-DE\",\"@id\":\"https:\/\/www.miomiorun.com\/de\/#\/schema\/logo\/image\/\",\"url\":\"https:\/\/www.miomiorun.com\/app\/uploads\/2019\/12\/logomio.png\",\"contentUrl\":\"https:\/\/www.miomiorun.com\/app\/uploads\/2019\/12\/logomio.png\",\"width\":115,\"height\":82,\"caption\":\"MioMio Run\"},\"image\":{\"@id\":\"https:\/\/www.miomiorun.com\/de\/#\/schema\/logo\/image\/\"},\"sameAs\":[\"https:\/\/www.facebook.com\/miomiorun\/\",\"https:\/\/www.instagram.com\/miomiorun\/\"]}]}<\/script>\n<!-- \/ Yoast SEO plugin. -->","yoast_head_json":{"title":"BrooksRun Visible Tight herren - Lange Hosen - MioMioRun","description":"Deshalb wollen wir die Run Visible Tights in der Herrenversion ins Rampenlicht stellen. Komprimierend und bequem, mit reflektierenden Details.","robots":{"index":"index","follow":"follow","max-snippet":"max-snippet:-1","max-image-preview":"max-image-preview:large","max-video-preview":"max-video-preview:-1"},"canonical":"https:\/\/www.miomiorun.com\/de\/produkt\/run-visible-tight-herren\/","og_locale":"de_DE","og_type":"article","og_title":"BrooksRun Visible Tight herren - Lange Hosen - MioMioRun","og_description":"Deshalb wollen wir die Run Visible Tights in der Herrenversion ins Rampenlicht stellen. Komprimierend und bequem, mit reflektierenden Details.","og_url":"https:\/\/www.miomiorun.com\/de\/produkt\/run-visible-tight-herren\/","og_site_name":"MioMioRun","article_publisher":"https:\/\/www.facebook.com\/miomiorun\/","article_modified_time":"2022-11-22T16:18:27+00:00","og_image":[{"width":600,"height":600,"url":"https:\/\/www.miomiorun.com\/app\/uploads\/2022\/09\/brooks-Run-visible-tight-asphalt-nightlife-211412044.jpg","type":"image\/jpeg"}],"twitter_card":"summary_large_image","twitter_misc":{"Est. reading time":"1 minute"},"schema":{"@context":"https:\/\/schema.org","@graph":[{"@type":"WebPage","@id":"https:\/\/www.miomiorun.com\/de\/produkt\/run-visible-tight-herren\/","url":"https:\/\/www.miomiorun.com\/de\/produkt\/run-visible-tight-herren\/","name":"BrooksRun Visible Tight herren - Lange Hosen - MioMioRun","isPartOf":{"@id":"https:\/\/www.miomiorun.com\/de\/#website"},"primaryImageOfPage":{"@id":"https:\/\/www.miomiorun.com\/de\/produkt\/run-visible-tight-herren\/#primaryimage"},"image":{"@id":"https:\/\/www.miomiorun.com\/de\/produkt\/run-visible-tight-herren\/#primaryimage"},"thumbnailUrl":"https:\/\/www.miomiorun.com\/app\/uploads\/2022\/09\/brooks-Run-visible-tight-asphalt-nightlife-211412044.jpg","datePublished":"2022-09-15T09:46:37+00:00","dateModified":"2022-11-22T16:18:27+00:00","description":"Deshalb wollen wir die Run Visible Tights in der Herrenversion ins Rampenlicht stellen. Komprimierend und bequem, mit reflektierenden Details.","breadcrumb":{"@id":"https:\/\/www.miomiorun.com\/de\/produkt\/run-visible-tight-herren\/#breadcrumb"},"inLanguage":"de-DE","potentialAction":[{"@type":"ReadAction","target":["https:\/\/www.miomiorun.com\/de\/produkt\/run-visible-tight-herren\/"]}]},{"@type":"ImageObject","inLanguage":"de-DE","@id":"https:\/\/www.miomiorun.com\/de\/produkt\/run-visible-tight-herren\/#primaryimage","url":"https:\/\/www.miomiorun.com\/app\/uploads\/2022\/09\/brooks-Run-visible-tight-asphalt-nightlife-211412044.jpg","contentUrl":"https:\/\/www.miomiorun.com\/app\/uploads\/2022\/09\/brooks-Run-visible-tight-asphalt-nightlife-211412044.jpg","width":600,"height":600,"caption":"brooks-Run-visible-tight-asphalt-nightlife-211412044"},{"@type":"BreadcrumbList","@id":"https:\/\/www.miomiorun.com\/de\/produkt\/run-visible-tight-herren\/#breadcrumb","itemListElement":[{"@type":"ListItem","position":1,"name":"Home","item":"https:\/\/www.miomiorun.com\/de\/"},{"@type":"ListItem","position":2,"name":"Shop","item":"https:\/\/www.miomiorun.com\/shop\/"},{"@type":"ListItem","position":3,"name":"Run Visible Tight herren"}]},{"@type":"WebSite","@id":"https:\/\/www.miomiorun.com\/de\/#website","url":"https:\/\/www.miomiorun.com\/de\/","name":"MioMioRun","description":"100% Lauf- und Trailshop","publisher":{"@id":"https:\/\/www.miomiorun.com\/de\/#organization"},"potentialAction":[{"@type":"SearchAction","target":{"@type":"EntryPoint","urlTemplate":"https:\/\/www.miomiorun.com\/de\/?s={search_term_string}"},"query-input":{"@type":"PropertyValueSpecification","valueRequired":true,"valueName":"search_term_string"}}],"inLanguage":"de-DE"},{"@type":"Organization","@id":"https:\/\/www.miomiorun.com\/de\/#organization","name":"MioMio Run","url":"https:\/\/www.miomiorun.com\/de\/","logo":{"@type":"ImageObject","inLanguage":"de-DE","@id":"https:\/\/www.miomiorun.com\/de\/#\/schema\/logo\/image\/","url":"https:\/\/www.miomiorun.com\/app\/uploads\/2019\/12\/logomio.png","contentUrl":"https:\/\/www.miomiorun.com\/app\/uploads\/2019\/12\/logomio.png","width":115,"height":82,"caption":"MioMio Run"},"image":{"@id":"https:\/\/www.miomiorun.com\/de\/#\/schema\/logo\/image\/"},"sameAs":["https:\/\/www.facebook.com\/miomiorun\/","https:\/\/www.instagram.com\/miomiorun\/"]}]}},"_links":{"self":[{"href":"https:\/\/www.miomiorun.com\/de\/wp-json\/wp\/v2\/product\/86267","targetHints":{"allow":["GET"]}}],"collection":[{"href":"https:\/\/www.miomiorun.com\/de\/wp-json\/wp\/v2\/product"}],"about":[{"href":"https:\/\/www.miomiorun.com\/de\/wp-json\/wp\/v2\/types\/product"}],"wp:featuredmedia":[{"embeddable":true,"href":"https:\/\/www.miomiorun.com\/de\/wp-json\/wp\/v2\/media\/85312"}],"wp:attachment":[{"href":"https:\/\/www.miomiorun.com\/de\/wp-json\/wp\/v2\/media?parent=86267"}],"wp:term":[{"taxonomy":"product_brand","embeddable":true,"href":"https:\/\/www.miomiorun.com\/de\/wp-json\/wp\/v2\/product_brand?post=86267"},{"taxonomy":"product_cat","embeddable":true,"href":"https:\/\/www.miomiorun.com\/de\/wp-json\/wp\/v2\/product_cat?post=86267"},{"taxonomy":"product_tag","embeddable":true,"href":"https:\/\/www.miomiorun.com\/de\/wp-json\/wp\/v2\/product_tag?post=86267"}],"curies":[{"name":"wp","href":"https:\/\/api.w.org\/{rel}","templated":true}]}}