{"id":86262,"date":"2022-09-15T11:58:53","date_gmt":"2022-09-15T09:58:53","guid":{"rendered":"https:\/\/miomiorun.com\/prodotto\/notch-thermal-hoodie-2-0-donna\/"},"modified":"2025-10-14T09:54:08","modified_gmt":"2025-10-14T07:54:08","slug":"notch-thermal-hoodie-2-0-damen","status":"publish","type":"product","link":"https:\/\/www.miomiorun.com\/de\/produkt\/notch-thermal-hoodie-2-0-damen\/","title":{"rendered":"Notch Thermal Hoodie 2.0 damen"},"content":{"rendered":"<p>Der <strong>Notch Termal Hoodie 2.0<\/strong> in der Damenversion ist ein Kapuzenpulli, der L\u00e4ufern, die der K\u00e4lte trotzen, maximale W\u00e4rme bietet. Die verstaubare Sturmkapuze bietet umfassenden Komfort und Schutz, w\u00e4hrend die Daumenl\u00f6cher f\u00fcr einen bequemen und stabilen Sitz sorgen.<\/p>\n<p><strong>IDEAL F\u00dcR :<\/strong><\/p>\n<p><img loading=\"lazy\" decoding=\"async\" class=\"a-responsive-image__img\" src=\"https:\/\/www.brooksrunning.com\/on\/demandware.static\/-\/Sites-brooks-master-catalog\/default\/dw76d19a15\/specs\/PDP-BestFor-APP-Warmth.svg\" alt=\"\" width=\"41\" height=\"41\" \/>Niedrige oder k\u00fchle Temperaturen.<\/p>\n<p><img loading=\"lazy\" decoding=\"async\" class=\"a-responsive-image__img\" src=\"https:\/\/www.brooksrunning.com\/on\/demandware.static\/-\/Sites-brooks-master-catalog\/default\/dwce073625\/specs\/PDP-BestFor-APP-Layering.svg\" alt=\"\" width=\"40\" height=\"40\" \/> W\u00e4rme-Zwischenschicht.<\/p>\n<p><img loading=\"lazy\" decoding=\"async\" class=\"a-responsive-image__img\" src=\"https:\/\/www.brooksrunning.com\/on\/demandware.static\/-\/Sites-brooks-master-catalog\/default\/dweb5c0570\/specs\/PDP-BestFor-APP-Oder-Resistant.svg\" alt=\"\" width=\"40\" height=\"40\" \/>Geruchsbest\u00e4ndig .<\/p>\n<p><strong>MERKMALEN:<\/strong><\/p>\n<ul>\n<li>Warm und eng anliegend.<\/li>\n<li>Geruchsresistent.<\/li>\n<li>Praktischer Stauraum.<\/li>\n<li>W\u00e4scheleine.<\/li>\n<\/ul>\n<div class=\"o-feature-callout__feature-copy\">\n<h2>Maximaler Komfort<\/h2>\n<h3>W\u00e4rme und Passform<\/h3>\n<p>Weiches Thermofleece-Gewebe, das der Schwei\u00dfbildung entgegenwirkt und dennoch warm h\u00e4lt. Modernes Gewebe, das Ihnen eine strukturiertere Passform verleiht.<\/p>\n<ul>\n<li>Verdeckte Kapuze mit R\u00fccksprungschutz f\u00fcr zus\u00e4tzliche W\u00e4rme.<\/li>\n<\/ul>\n<h2>Neue Veredelungen<\/h2>\n<h3>Geruchsresistent<\/h3>\n<p>Die antimikrobielle Ausr\u00fcstung h\u00e4lt den Notch Thermal Hoodie zwischen den W\u00e4schen frisch.<\/p>\n<h2>\u00dcber Taschen<\/h2>\n<h3>N\u00fctzlicher Platz f\u00fcr Ihre Habseligkeiten<\/h3>\n<p>Armtasche mit Rei\u00dfverschluss zur Aufbewahrung Ihrer wichtigsten Utensilien.<\/p>\n<\/div>\n","protected":false},"excerpt":{"rendered":"<ul class=\"m-long-description__features\">\n<li class=\"m-long-description__feature\">Warm und eng anliegend.<\/li>\n<li class=\"m-long-description__feature\">Geruchsresistent.<\/li>\n<li class=\"m-long-description__feature\">Praktischer Stauraum.<\/li>\n<\/ul>\n","protected":false},"featured_media":85386,"template":"","meta":{"_acf_changed":false,"inline_featured_image":false},"product_brand":[],"product_cat":[6494,6496],"product_tag":[3362,6205],"class_list":{"0":"post-86262","1":"product","2":"type-product","3":"status-publish","4":"has-post-thumbnail","6":"product_cat-sale-damen-bekleidung-de","7":"product_cat-sale-langarmshirt-damen-de","8":"product_tag-brooks-de","9":"product_tag-brooks-damen-de","10":"pa_attivita-gehen","11":"pa_attivita-running-de","12":"pa_colore-notch-thermal-hoodie-2-0-w-black-de","13":"pa_marca-brooks-de","14":"pa_sesso-damen","15":"pa_size-small-de","16":"pa_size-medium-de","18":"first","19":"instock","20":"sale","21":"taxable","22":"shipping-taxable","23":"purchasable","24":"product-type-variable","25":"wvs-archive-product-wrapper"},"acf":[],"yoast_head":"<!-- This site is optimized with the Yoast SEO plugin v26.8 - https:\/\/yoast.com\/product\/yoast-seo-wordpress\/ -->\n<title>Notch Thermal Hoodie 2.0 damen - Langarmshirt - MioMioRun<\/title>\n<meta name=\"description\" content=\"Der Notch Termal Hoodie 2.0 in der Damenversion ist ein Kapuzenpulli, der L\u00e4ufern, die der K\u00e4lte trotzen, maximale W\u00e4rme bietet.\" \/>\n<meta name=\"robots\" content=\"index, follow, max-snippet:-1, max-image-preview:large, max-video-preview:-1\" \/>\n<link rel=\"canonical\" href=\"https:\/\/www.miomiorun.com\/de\/produkt\/notch-thermal-hoodie-2-0-damen\/\" \/>\n<meta property=\"og:locale\" content=\"de_DE\" \/>\n<meta property=\"og:type\" content=\"article\" \/>\n<meta property=\"og:title\" content=\"Notch Thermal Hoodie 2.0 damen - Langarmshirt - MioMioRun\" \/>\n<meta property=\"og:description\" content=\"Der Notch Termal Hoodie 2.0 in der Damenversion ist ein Kapuzenpulli, der L\u00e4ufern, die der K\u00e4lte trotzen, maximale W\u00e4rme bietet.\" \/>\n<meta property=\"og:url\" content=\"https:\/\/www.miomiorun.com\/de\/produkt\/notch-thermal-hoodie-2-0-damen\/\" \/>\n<meta property=\"og:site_name\" content=\"MioMioRun\" \/>\n<meta property=\"article:publisher\" content=\"https:\/\/www.facebook.com\/miomiorun\/\" \/>\n<meta property=\"article:modified_time\" content=\"2025-10-14T07:54:08+00:00\" \/>\n<meta property=\"og:image\" content=\"https:\/\/www.miomiorun.com\/app\/uploads\/2022\/09\/brooks-Notch-thermal-hoodie-2.0-black-221568001.jpg\" \/>\n\t<meta property=\"og:image:width\" content=\"600\" \/>\n\t<meta property=\"og:image:height\" content=\"600\" \/>\n\t<meta property=\"og:image:type\" content=\"image\/jpeg\" \/>\n<meta name=\"twitter:card\" content=\"summary_large_image\" \/>\n<meta name=\"twitter:label1\" content=\"Est. reading time\" \/>\n\t<meta name=\"twitter:data1\" content=\"1 minute\" \/>\n<script type=\"application\/ld+json\" class=\"yoast-schema-graph\">{\"@context\":\"https:\/\/schema.org\",\"@graph\":[{\"@type\":\"WebPage\",\"@id\":\"https:\/\/www.miomiorun.com\/de\/produkt\/notch-thermal-hoodie-2-0-damen\/\",\"url\":\"https:\/\/www.miomiorun.com\/de\/produkt\/notch-thermal-hoodie-2-0-damen\/\",\"name\":\"Notch Thermal Hoodie 2.0 damen - Langarmshirt - MioMioRun\",\"isPartOf\":{\"@id\":\"https:\/\/www.miomiorun.com\/de\/#website\"},\"primaryImageOfPage\":{\"@id\":\"https:\/\/www.miomiorun.com\/de\/produkt\/notch-thermal-hoodie-2-0-damen\/#primaryimage\"},\"image\":{\"@id\":\"https:\/\/www.miomiorun.com\/de\/produkt\/notch-thermal-hoodie-2-0-damen\/#primaryimage\"},\"thumbnailUrl\":\"https:\/\/www.miomiorun.com\/app\/uploads\/2022\/09\/brooks-Notch-thermal-hoodie-2.0-black-221568001.jpg\",\"datePublished\":\"2022-09-15T09:58:53+00:00\",\"dateModified\":\"2025-10-14T07:54:08+00:00\",\"description\":\"Der Notch Termal Hoodie 2.0 in der Damenversion ist ein Kapuzenpulli, der L\u00e4ufern, die der K\u00e4lte trotzen, maximale W\u00e4rme bietet.\",\"breadcrumb\":{\"@id\":\"https:\/\/www.miomiorun.com\/de\/produkt\/notch-thermal-hoodie-2-0-damen\/#breadcrumb\"},\"inLanguage\":\"de-DE\",\"potentialAction\":[{\"@type\":\"ReadAction\",\"target\":[\"https:\/\/www.miomiorun.com\/de\/produkt\/notch-thermal-hoodie-2-0-damen\/\"]}]},{\"@type\":\"ImageObject\",\"inLanguage\":\"de-DE\",\"@id\":\"https:\/\/www.miomiorun.com\/de\/produkt\/notch-thermal-hoodie-2-0-damen\/#primaryimage\",\"url\":\"https:\/\/www.miomiorun.com\/app\/uploads\/2022\/09\/brooks-Notch-thermal-hoodie-2.0-black-221568001.jpg\",\"contentUrl\":\"https:\/\/www.miomiorun.com\/app\/uploads\/2022\/09\/brooks-Notch-thermal-hoodie-2.0-black-221568001.jpg\",\"width\":600,\"height\":600,\"caption\":\"brooks-Notch-thermal-hoodie-2.0-black-221568001\"},{\"@type\":\"BreadcrumbList\",\"@id\":\"https:\/\/www.miomiorun.com\/de\/produkt\/notch-thermal-hoodie-2-0-damen\/#breadcrumb\",\"itemListElement\":[{\"@type\":\"ListItem\",\"position\":1,\"name\":\"Home\",\"item\":\"https:\/\/www.miomiorun.com\/de\/\"},{\"@type\":\"ListItem\",\"position\":2,\"name\":\"Shop\",\"item\":\"https:\/\/www.miomiorun.com\/shop\/\"},{\"@type\":\"ListItem\",\"position\":3,\"name\":\"Notch Thermal Hoodie 2.0 damen\"}]},{\"@type\":\"WebSite\",\"@id\":\"https:\/\/www.miomiorun.com\/de\/#website\",\"url\":\"https:\/\/www.miomiorun.com\/de\/\",\"name\":\"MioMioRun\",\"description\":\"100% Lauf- und Trailshop\",\"publisher\":{\"@id\":\"https:\/\/www.miomiorun.com\/de\/#organization\"},\"potentialAction\":[{\"@type\":\"SearchAction\",\"target\":{\"@type\":\"EntryPoint\",\"urlTemplate\":\"https:\/\/www.miomiorun.com\/de\/?s={search_term_string}\"},\"query-input\":{\"@type\":\"PropertyValueSpecification\",\"valueRequired\":true,\"valueName\":\"search_term_string\"}}],\"inLanguage\":\"de-DE\"},{\"@type\":\"Organization\",\"@id\":\"https:\/\/www.miomiorun.com\/de\/#organization\",\"name\":\"MioMio Run\",\"url\":\"https:\/\/www.miomiorun.com\/de\/\",\"logo\":{\"@type\":\"ImageObject\",\"inLanguage\":\"de-DE\",\"@id\":\"https:\/\/www.miomiorun.com\/de\/#\/schema\/logo\/image\/\",\"url\":\"https:\/\/www.miomiorun.com\/app\/uploads\/2019\/12\/logomio.png\",\"contentUrl\":\"https:\/\/www.miomiorun.com\/app\/uploads\/2019\/12\/logomio.png\",\"width\":115,\"height\":82,\"caption\":\"MioMio Run\"},\"image\":{\"@id\":\"https:\/\/www.miomiorun.com\/de\/#\/schema\/logo\/image\/\"},\"sameAs\":[\"https:\/\/www.facebook.com\/miomiorun\/\",\"https:\/\/www.instagram.com\/miomiorun\/\"]}]}<\/script>\n<!-- \/ Yoast SEO plugin. -->","yoast_head_json":{"title":"Notch Thermal Hoodie 2.0 damen - Langarmshirt - MioMioRun","description":"Der Notch Termal Hoodie 2.0 in der Damenversion ist ein Kapuzenpulli, der L\u00e4ufern, die der K\u00e4lte trotzen, maximale W\u00e4rme bietet.","robots":{"index":"index","follow":"follow","max-snippet":"max-snippet:-1","max-image-preview":"max-image-preview:large","max-video-preview":"max-video-preview:-1"},"canonical":"https:\/\/www.miomiorun.com\/de\/produkt\/notch-thermal-hoodie-2-0-damen\/","og_locale":"de_DE","og_type":"article","og_title":"Notch Thermal Hoodie 2.0 damen - Langarmshirt - MioMioRun","og_description":"Der Notch Termal Hoodie 2.0 in der Damenversion ist ein Kapuzenpulli, der L\u00e4ufern, die der K\u00e4lte trotzen, maximale W\u00e4rme bietet.","og_url":"https:\/\/www.miomiorun.com\/de\/produkt\/notch-thermal-hoodie-2-0-damen\/","og_site_name":"MioMioRun","article_publisher":"https:\/\/www.facebook.com\/miomiorun\/","article_modified_time":"2025-10-14T07:54:08+00:00","og_image":[{"width":600,"height":600,"url":"https:\/\/www.miomiorun.com\/app\/uploads\/2022\/09\/brooks-Notch-thermal-hoodie-2.0-black-221568001.jpg","type":"image\/jpeg"}],"twitter_card":"summary_large_image","twitter_misc":{"Est. reading time":"1 minute"},"schema":{"@context":"https:\/\/schema.org","@graph":[{"@type":"WebPage","@id":"https:\/\/www.miomiorun.com\/de\/produkt\/notch-thermal-hoodie-2-0-damen\/","url":"https:\/\/www.miomiorun.com\/de\/produkt\/notch-thermal-hoodie-2-0-damen\/","name":"Notch Thermal Hoodie 2.0 damen - Langarmshirt - MioMioRun","isPartOf":{"@id":"https:\/\/www.miomiorun.com\/de\/#website"},"primaryImageOfPage":{"@id":"https:\/\/www.miomiorun.com\/de\/produkt\/notch-thermal-hoodie-2-0-damen\/#primaryimage"},"image":{"@id":"https:\/\/www.miomiorun.com\/de\/produkt\/notch-thermal-hoodie-2-0-damen\/#primaryimage"},"thumbnailUrl":"https:\/\/www.miomiorun.com\/app\/uploads\/2022\/09\/brooks-Notch-thermal-hoodie-2.0-black-221568001.jpg","datePublished":"2022-09-15T09:58:53+00:00","dateModified":"2025-10-14T07:54:08+00:00","description":"Der Notch Termal Hoodie 2.0 in der Damenversion ist ein Kapuzenpulli, der L\u00e4ufern, die der K\u00e4lte trotzen, maximale W\u00e4rme bietet.","breadcrumb":{"@id":"https:\/\/www.miomiorun.com\/de\/produkt\/notch-thermal-hoodie-2-0-damen\/#breadcrumb"},"inLanguage":"de-DE","potentialAction":[{"@type":"ReadAction","target":["https:\/\/www.miomiorun.com\/de\/produkt\/notch-thermal-hoodie-2-0-damen\/"]}]},{"@type":"ImageObject","inLanguage":"de-DE","@id":"https:\/\/www.miomiorun.com\/de\/produkt\/notch-thermal-hoodie-2-0-damen\/#primaryimage","url":"https:\/\/www.miomiorun.com\/app\/uploads\/2022\/09\/brooks-Notch-thermal-hoodie-2.0-black-221568001.jpg","contentUrl":"https:\/\/www.miomiorun.com\/app\/uploads\/2022\/09\/brooks-Notch-thermal-hoodie-2.0-black-221568001.jpg","width":600,"height":600,"caption":"brooks-Notch-thermal-hoodie-2.0-black-221568001"},{"@type":"BreadcrumbList","@id":"https:\/\/www.miomiorun.com\/de\/produkt\/notch-thermal-hoodie-2-0-damen\/#breadcrumb","itemListElement":[{"@type":"ListItem","position":1,"name":"Home","item":"https:\/\/www.miomiorun.com\/de\/"},{"@type":"ListItem","position":2,"name":"Shop","item":"https:\/\/www.miomiorun.com\/shop\/"},{"@type":"ListItem","position":3,"name":"Notch Thermal Hoodie 2.0 damen"}]},{"@type":"WebSite","@id":"https:\/\/www.miomiorun.com\/de\/#website","url":"https:\/\/www.miomiorun.com\/de\/","name":"MioMioRun","description":"100% Lauf- und Trailshop","publisher":{"@id":"https:\/\/www.miomiorun.com\/de\/#organization"},"potentialAction":[{"@type":"SearchAction","target":{"@type":"EntryPoint","urlTemplate":"https:\/\/www.miomiorun.com\/de\/?s={search_term_string}"},"query-input":{"@type":"PropertyValueSpecification","valueRequired":true,"valueName":"search_term_string"}}],"inLanguage":"de-DE"},{"@type":"Organization","@id":"https:\/\/www.miomiorun.com\/de\/#organization","name":"MioMio Run","url":"https:\/\/www.miomiorun.com\/de\/","logo":{"@type":"ImageObject","inLanguage":"de-DE","@id":"https:\/\/www.miomiorun.com\/de\/#\/schema\/logo\/image\/","url":"https:\/\/www.miomiorun.com\/app\/uploads\/2019\/12\/logomio.png","contentUrl":"https:\/\/www.miomiorun.com\/app\/uploads\/2019\/12\/logomio.png","width":115,"height":82,"caption":"MioMio Run"},"image":{"@id":"https:\/\/www.miomiorun.com\/de\/#\/schema\/logo\/image\/"},"sameAs":["https:\/\/www.facebook.com\/miomiorun\/","https:\/\/www.instagram.com\/miomiorun\/"]}]}},"_links":{"self":[{"href":"https:\/\/www.miomiorun.com\/de\/wp-json\/wp\/v2\/product\/86262","targetHints":{"allow":["GET"]}}],"collection":[{"href":"https:\/\/www.miomiorun.com\/de\/wp-json\/wp\/v2\/product"}],"about":[{"href":"https:\/\/www.miomiorun.com\/de\/wp-json\/wp\/v2\/types\/product"}],"wp:featuredmedia":[{"embeddable":true,"href":"https:\/\/www.miomiorun.com\/de\/wp-json\/wp\/v2\/media\/85386"}],"wp:attachment":[{"href":"https:\/\/www.miomiorun.com\/de\/wp-json\/wp\/v2\/media?parent=86262"}],"wp:term":[{"taxonomy":"product_brand","embeddable":true,"href":"https:\/\/www.miomiorun.com\/de\/wp-json\/wp\/v2\/product_brand?post=86262"},{"taxonomy":"product_cat","embeddable":true,"href":"https:\/\/www.miomiorun.com\/de\/wp-json\/wp\/v2\/product_cat?post=86262"},{"taxonomy":"product_tag","embeddable":true,"href":"https:\/\/www.miomiorun.com\/de\/wp-json\/wp\/v2\/product_tag?post=86262"}],"curies":[{"name":"wp","href":"https:\/\/api.w.org\/{rel}","templated":true}]}}