{"id":85781,"date":"2022-09-23T19:17:12","date_gmt":"2022-09-23T17:17:12","guid":{"rendered":"https:\/\/miomiorun.com\/?post_type=product&#038;p=85781"},"modified":"2026-03-10T18:15:52","modified_gmt":"2026-03-10T17:15:52","slug":"pant-electra-damen","status":"publish","type":"product","link":"https:\/\/www.miomiorun.com\/de\/produkt\/pant-electra-damen\/","title":{"rendered":"Pant Electra damen"},"content":{"rendered":"<div class=\"single-product-description\">\n<div class=\"single-product-description\">\n<p>Die <strong>Electra Pant<\/strong> ist eine aktive Skitourenhose, die f\u00fcr diejenigen entwickelt wurde, die zwar nicht an Wettk\u00e4mpfen teilnehmen, aber dennoch trainiert und dynamisch sind und auf der Suche nach essentiellen Kleidungsst\u00fccken f\u00fcr einen bestimmten Zweck sind. Auch hier handelt es sich um eine Umbenennung der historischen B-Seite, die erneuert und umgestaltet wurde, um eine homogene Produktpalette f\u00fcr Skitouren zu pr\u00e4sentieren. Die Vorderseite besteht aus weichem Softshell-Gewebe ohne Membran mit DWR (wasserabweisend), winddicht, Antipilling und rei\u00dffesten Eigenschaften, die R\u00fcckseite aus komfortablem, hoch atmungsaktivem und thermischem Vuelta &#8216;Made in Italy&#8217;. Die Taille ist offen, mit Knopf und unsichtbarem Rei\u00dfverschluss, die beiden Vordertaschen haben einen Rei\u00dfverschluss, die Beinabschl\u00fcsse sind mit einem hochelastischen Gummiband und einem verstellbaren Rei\u00dfverschluss versehen, es ist ein unersetzliches Kleidungsst\u00fcck f\u00fcr alle, die ein perfektes Produkt verlangen.<\/p>\n<p><strong>FEATURES:<\/strong><\/p>\n<ul>\n<li>Taillen\u00f6ffnung mit Knopf und unsichtbarem Rei\u00dfverschluss<\/li>\n<li>Eingrifftaschen mit Sicherheitsrei\u00dfverschluss<\/li>\n<li>Unterschenkel mit elastischem Zwickel und Rei\u00dfverschluss<\/li>\n<\/ul>\n<\/div>\n<\/div>\n","protected":false},"excerpt":{"rendered":"<ul>\n<li>Eingrifftaschen mit Sicherheitsrei\u00dfverschluss<\/li>\n<li>Unterschenkel mit elastischem Zwickel und Rei\u00dfverschluss<\/li>\n<\/ul>\n","protected":false},"featured_media":85726,"template":"","meta":{"_acf_changed":false,"inline_featured_image":false},"product_brand":[],"product_cat":[6400,6401,6487],"product_tag":[3370,6237],"class_list":{"0":"post-85781","1":"product","2":"type-product","3":"status-publish","4":"has-post-thumbnail","6":"product_cat-damen","7":"product_cat-damenbekleidung","8":"product_cat-damenhosen","9":"product_tag-crazy-idea-de","10":"product_tag-crazy-idea-damen-de","11":"pa_attivita-gehen","12":"pa_attivita-outdoor-de","13":"pa_colore-pant-electra-w-black-de","14":"pa_marca-crazy-idea-de","15":"pa_sesso-damen","16":"pa_size-44-de","18":"first","19":"instock","20":"sale","21":"taxable","22":"shipping-taxable","23":"purchasable","24":"product-type-variable","25":"wvs-archive-product-wrapper"},"acf":[],"yoast_head":"<!-- This site is optimized with the Yoast SEO plugin v26.8 - https:\/\/yoast.com\/product\/yoast-seo-wordpress\/ -->\n<title>Crazy Idea Pant Electra damen - Laufhose - MioMioRun<\/title>\n<meta name=\"description\" content=\"Die Electra Pant ist eine aktive Skitourenhose, die f\u00fcr diejenigen entwickelt wurde, die zwar nicht an Wettk\u00e4mpfen teilnehmen, aber dennoch trainiert.\" \/>\n<meta name=\"robots\" content=\"index, follow, max-snippet:-1, max-image-preview:large, max-video-preview:-1\" \/>\n<link rel=\"canonical\" href=\"https:\/\/www.miomiorun.com\/de\/produkt\/pant-electra-damen\/\" \/>\n<meta property=\"og:locale\" content=\"de_DE\" \/>\n<meta property=\"og:type\" content=\"article\" \/>\n<meta property=\"og:title\" content=\"Crazy Idea Pant Electra damen - Laufhose - MioMioRun\" \/>\n<meta property=\"og:description\" content=\"Die Electra Pant ist eine aktive Skitourenhose, die f\u00fcr diejenigen entwickelt wurde, die zwar nicht an Wettk\u00e4mpfen teilnehmen, aber dennoch trainiert.\" \/>\n<meta property=\"og:url\" content=\"https:\/\/www.miomiorun.com\/de\/produkt\/pant-electra-damen\/\" \/>\n<meta property=\"og:site_name\" content=\"MioMioRun\" \/>\n<meta property=\"article:publisher\" content=\"https:\/\/www.facebook.com\/miomiorun\/\" \/>\n<meta property=\"article:modified_time\" content=\"2026-03-10T17:15:52+00:00\" \/>\n<meta property=\"og:image\" content=\"https:\/\/www.miomiorun.com\/app\/uploads\/2022\/09\/crazy-idea-pant-electra-W-black-W22015144D-0001.jpg\" \/>\n\t<meta property=\"og:image:width\" content=\"600\" \/>\n\t<meta property=\"og:image:height\" content=\"600\" \/>\n\t<meta property=\"og:image:type\" content=\"image\/jpeg\" \/>\n<meta name=\"twitter:card\" content=\"summary_large_image\" \/>\n<meta name=\"twitter:label1\" content=\"Est. reading time\" \/>\n\t<meta name=\"twitter:data1\" content=\"1 minute\" \/>\n<script type=\"application\/ld+json\" class=\"yoast-schema-graph\">{\"@context\":\"https:\/\/schema.org\",\"@graph\":[{\"@type\":\"WebPage\",\"@id\":\"https:\/\/www.miomiorun.com\/de\/produkt\/pant-electra-damen\/\",\"url\":\"https:\/\/www.miomiorun.com\/de\/produkt\/pant-electra-damen\/\",\"name\":\"Crazy Idea Pant Electra damen - Laufhose - MioMioRun\",\"isPartOf\":{\"@id\":\"https:\/\/www.miomiorun.com\/de\/#website\"},\"primaryImageOfPage\":{\"@id\":\"https:\/\/www.miomiorun.com\/de\/produkt\/pant-electra-damen\/#primaryimage\"},\"image\":{\"@id\":\"https:\/\/www.miomiorun.com\/de\/produkt\/pant-electra-damen\/#primaryimage\"},\"thumbnailUrl\":\"https:\/\/www.miomiorun.com\/app\/uploads\/2022\/09\/crazy-idea-pant-electra-W-black-W22015144D-0001.jpg\",\"datePublished\":\"2022-09-23T17:17:12+00:00\",\"dateModified\":\"2026-03-10T17:15:52+00:00\",\"description\":\"Die Electra Pant ist eine aktive Skitourenhose, die f\u00fcr diejenigen entwickelt wurde, die zwar nicht an Wettk\u00e4mpfen teilnehmen, aber dennoch trainiert.\",\"breadcrumb\":{\"@id\":\"https:\/\/www.miomiorun.com\/de\/produkt\/pant-electra-damen\/#breadcrumb\"},\"inLanguage\":\"de-DE\",\"potentialAction\":[{\"@type\":\"ReadAction\",\"target\":[\"https:\/\/www.miomiorun.com\/de\/produkt\/pant-electra-damen\/\"]}]},{\"@type\":\"ImageObject\",\"inLanguage\":\"de-DE\",\"@id\":\"https:\/\/www.miomiorun.com\/de\/produkt\/pant-electra-damen\/#primaryimage\",\"url\":\"https:\/\/www.miomiorun.com\/app\/uploads\/2022\/09\/crazy-idea-pant-electra-W-black-W22015144D-0001.jpg\",\"contentUrl\":\"https:\/\/www.miomiorun.com\/app\/uploads\/2022\/09\/crazy-idea-pant-electra-W-black-W22015144D-0001.jpg\",\"width\":600,\"height\":600,\"caption\":\"crazy-idea-pant-electra-W-black-W22015144D-0001\"},{\"@type\":\"BreadcrumbList\",\"@id\":\"https:\/\/www.miomiorun.com\/de\/produkt\/pant-electra-damen\/#breadcrumb\",\"itemListElement\":[{\"@type\":\"ListItem\",\"position\":1,\"name\":\"Home\",\"item\":\"https:\/\/www.miomiorun.com\/de\/\"},{\"@type\":\"ListItem\",\"position\":2,\"name\":\"Shop\",\"item\":\"https:\/\/www.miomiorun.com\/shop\/\"},{\"@type\":\"ListItem\",\"position\":3,\"name\":\"Pant Electra damen\"}]},{\"@type\":\"WebSite\",\"@id\":\"https:\/\/www.miomiorun.com\/de\/#website\",\"url\":\"https:\/\/www.miomiorun.com\/de\/\",\"name\":\"MioMioRun\",\"description\":\"100% Lauf- und Trailshop\",\"publisher\":{\"@id\":\"https:\/\/www.miomiorun.com\/de\/#organization\"},\"potentialAction\":[{\"@type\":\"SearchAction\",\"target\":{\"@type\":\"EntryPoint\",\"urlTemplate\":\"https:\/\/www.miomiorun.com\/de\/?s={search_term_string}\"},\"query-input\":{\"@type\":\"PropertyValueSpecification\",\"valueRequired\":true,\"valueName\":\"search_term_string\"}}],\"inLanguage\":\"de-DE\"},{\"@type\":\"Organization\",\"@id\":\"https:\/\/www.miomiorun.com\/de\/#organization\",\"name\":\"MioMio Run\",\"url\":\"https:\/\/www.miomiorun.com\/de\/\",\"logo\":{\"@type\":\"ImageObject\",\"inLanguage\":\"de-DE\",\"@id\":\"https:\/\/www.miomiorun.com\/de\/#\/schema\/logo\/image\/\",\"url\":\"https:\/\/www.miomiorun.com\/app\/uploads\/2019\/12\/logomio.png\",\"contentUrl\":\"https:\/\/www.miomiorun.com\/app\/uploads\/2019\/12\/logomio.png\",\"width\":115,\"height\":82,\"caption\":\"MioMio Run\"},\"image\":{\"@id\":\"https:\/\/www.miomiorun.com\/de\/#\/schema\/logo\/image\/\"},\"sameAs\":[\"https:\/\/www.facebook.com\/miomiorun\/\",\"https:\/\/www.instagram.com\/miomiorun\/\"]}]}<\/script>\n<!-- \/ Yoast SEO plugin. -->","yoast_head_json":{"title":"Crazy Idea Pant Electra damen - Laufhose - MioMioRun","description":"Die Electra Pant ist eine aktive Skitourenhose, die f\u00fcr diejenigen entwickelt wurde, die zwar nicht an Wettk\u00e4mpfen teilnehmen, aber dennoch trainiert.","robots":{"index":"index","follow":"follow","max-snippet":"max-snippet:-1","max-image-preview":"max-image-preview:large","max-video-preview":"max-video-preview:-1"},"canonical":"https:\/\/www.miomiorun.com\/de\/produkt\/pant-electra-damen\/","og_locale":"de_DE","og_type":"article","og_title":"Crazy Idea Pant Electra damen - Laufhose - MioMioRun","og_description":"Die Electra Pant ist eine aktive Skitourenhose, die f\u00fcr diejenigen entwickelt wurde, die zwar nicht an Wettk\u00e4mpfen teilnehmen, aber dennoch trainiert.","og_url":"https:\/\/www.miomiorun.com\/de\/produkt\/pant-electra-damen\/","og_site_name":"MioMioRun","article_publisher":"https:\/\/www.facebook.com\/miomiorun\/","article_modified_time":"2026-03-10T17:15:52+00:00","og_image":[{"width":600,"height":600,"url":"https:\/\/www.miomiorun.com\/app\/uploads\/2022\/09\/crazy-idea-pant-electra-W-black-W22015144D-0001.jpg","type":"image\/jpeg"}],"twitter_card":"summary_large_image","twitter_misc":{"Est. reading time":"1 minute"},"schema":{"@context":"https:\/\/schema.org","@graph":[{"@type":"WebPage","@id":"https:\/\/www.miomiorun.com\/de\/produkt\/pant-electra-damen\/","url":"https:\/\/www.miomiorun.com\/de\/produkt\/pant-electra-damen\/","name":"Crazy Idea Pant Electra damen - Laufhose - MioMioRun","isPartOf":{"@id":"https:\/\/www.miomiorun.com\/de\/#website"},"primaryImageOfPage":{"@id":"https:\/\/www.miomiorun.com\/de\/produkt\/pant-electra-damen\/#primaryimage"},"image":{"@id":"https:\/\/www.miomiorun.com\/de\/produkt\/pant-electra-damen\/#primaryimage"},"thumbnailUrl":"https:\/\/www.miomiorun.com\/app\/uploads\/2022\/09\/crazy-idea-pant-electra-W-black-W22015144D-0001.jpg","datePublished":"2022-09-23T17:17:12+00:00","dateModified":"2026-03-10T17:15:52+00:00","description":"Die Electra Pant ist eine aktive Skitourenhose, die f\u00fcr diejenigen entwickelt wurde, die zwar nicht an Wettk\u00e4mpfen teilnehmen, aber dennoch trainiert.","breadcrumb":{"@id":"https:\/\/www.miomiorun.com\/de\/produkt\/pant-electra-damen\/#breadcrumb"},"inLanguage":"de-DE","potentialAction":[{"@type":"ReadAction","target":["https:\/\/www.miomiorun.com\/de\/produkt\/pant-electra-damen\/"]}]},{"@type":"ImageObject","inLanguage":"de-DE","@id":"https:\/\/www.miomiorun.com\/de\/produkt\/pant-electra-damen\/#primaryimage","url":"https:\/\/www.miomiorun.com\/app\/uploads\/2022\/09\/crazy-idea-pant-electra-W-black-W22015144D-0001.jpg","contentUrl":"https:\/\/www.miomiorun.com\/app\/uploads\/2022\/09\/crazy-idea-pant-electra-W-black-W22015144D-0001.jpg","width":600,"height":600,"caption":"crazy-idea-pant-electra-W-black-W22015144D-0001"},{"@type":"BreadcrumbList","@id":"https:\/\/www.miomiorun.com\/de\/produkt\/pant-electra-damen\/#breadcrumb","itemListElement":[{"@type":"ListItem","position":1,"name":"Home","item":"https:\/\/www.miomiorun.com\/de\/"},{"@type":"ListItem","position":2,"name":"Shop","item":"https:\/\/www.miomiorun.com\/shop\/"},{"@type":"ListItem","position":3,"name":"Pant Electra damen"}]},{"@type":"WebSite","@id":"https:\/\/www.miomiorun.com\/de\/#website","url":"https:\/\/www.miomiorun.com\/de\/","name":"MioMioRun","description":"100% Lauf- und Trailshop","publisher":{"@id":"https:\/\/www.miomiorun.com\/de\/#organization"},"potentialAction":[{"@type":"SearchAction","target":{"@type":"EntryPoint","urlTemplate":"https:\/\/www.miomiorun.com\/de\/?s={search_term_string}"},"query-input":{"@type":"PropertyValueSpecification","valueRequired":true,"valueName":"search_term_string"}}],"inLanguage":"de-DE"},{"@type":"Organization","@id":"https:\/\/www.miomiorun.com\/de\/#organization","name":"MioMio Run","url":"https:\/\/www.miomiorun.com\/de\/","logo":{"@type":"ImageObject","inLanguage":"de-DE","@id":"https:\/\/www.miomiorun.com\/de\/#\/schema\/logo\/image\/","url":"https:\/\/www.miomiorun.com\/app\/uploads\/2019\/12\/logomio.png","contentUrl":"https:\/\/www.miomiorun.com\/app\/uploads\/2019\/12\/logomio.png","width":115,"height":82,"caption":"MioMio Run"},"image":{"@id":"https:\/\/www.miomiorun.com\/de\/#\/schema\/logo\/image\/"},"sameAs":["https:\/\/www.facebook.com\/miomiorun\/","https:\/\/www.instagram.com\/miomiorun\/"]}]}},"_links":{"self":[{"href":"https:\/\/www.miomiorun.com\/de\/wp-json\/wp\/v2\/product\/85781","targetHints":{"allow":["GET"]}}],"collection":[{"href":"https:\/\/www.miomiorun.com\/de\/wp-json\/wp\/v2\/product"}],"about":[{"href":"https:\/\/www.miomiorun.com\/de\/wp-json\/wp\/v2\/types\/product"}],"wp:featuredmedia":[{"embeddable":true,"href":"https:\/\/www.miomiorun.com\/de\/wp-json\/wp\/v2\/media\/85726"}],"wp:attachment":[{"href":"https:\/\/www.miomiorun.com\/de\/wp-json\/wp\/v2\/media?parent=85781"}],"wp:term":[{"taxonomy":"product_brand","embeddable":true,"href":"https:\/\/www.miomiorun.com\/de\/wp-json\/wp\/v2\/product_brand?post=85781"},{"taxonomy":"product_cat","embeddable":true,"href":"https:\/\/www.miomiorun.com\/de\/wp-json\/wp\/v2\/product_cat?post=85781"},{"taxonomy":"product_tag","embeddable":true,"href":"https:\/\/www.miomiorun.com\/de\/wp-json\/wp\/v2\/product_tag?post=85781"}],"curies":[{"name":"wp","href":"https:\/\/api.w.org\/{rel}","templated":true}]}}