{"id":84903,"date":"2022-09-20T15:49:27","date_gmt":"2022-09-20T13:49:27","guid":{"rendered":"https:\/\/miomiorun.com\/?post_type=product&#038;p=84903"},"modified":"2025-10-02T19:25:42","modified_gmt":"2025-10-02T17:25:42","slug":"pant-wonder-magic-damen","status":"publish","type":"product","link":"https:\/\/www.miomiorun.com\/de\/produkt\/pant-wonder-magic-damen\/","title":{"rendered":"Pant Wonder Magic damen"},"content":{"rendered":"<div class=\"single-product-description\">\n<div class=\"single-product-description\">\n<p>Die Kombination von Mode und Outdoor war schon immer ein Vorrecht von Crazy. Die <strong>Wonder Magic<\/strong> Damenhose ist das Original mit exklusivem Denim-Look. Bequem, immer perfekt, knittert nicht, f\u00fcr Outdoor-Aktivit\u00e4ten konzipiert, aber sein Stil ist gut geeignet f\u00fcr jeden Moment des Tages. Sie ist aus weichem italienischem Vuelta-Fleece-Stoff gefertigt. Der ergonomische Schnitt passt sich dem K\u00f6rper an wie ein bunter Fuseaux.<\/p>\n<p><strong>FEATURES:<\/strong><\/p>\n<ul>\n<li>bequemer Gummibund<\/li>\n<li>vollst\u00e4ndig bedruckte Jeans<\/li>\n<\/ul>\n<\/div>\n<\/div>\n","protected":false},"excerpt":{"rendered":"<ul>\n<li>bequemer Gummibund<\/li>\n<li>vollst\u00e4ndig bedruckte Jeans<\/li>\n<\/ul>\n","protected":false},"featured_media":85745,"template":"","meta":{"_acf_changed":false,"inline_featured_image":false},"product_brand":[],"product_cat":[6400,6401,6487],"product_tag":[3370,6237],"class_list":{"0":"post-84903","1":"product","2":"type-product","3":"status-publish","4":"has-post-thumbnail","6":"product_cat-damen","7":"product_cat-damenbekleidung","8":"product_cat-damenhosen","9":"product_tag-crazy-idea-de","10":"product_tag-crazy-idea-damen-de","11":"pa_attivita-lifestyle-de","12":"pa_attivita-outdoor-de","13":"pa_colore-pant-wonder-magic-pring-jeans-black-w-de","14":"pa_colore-pant-wonder-magic-print-light-jeans-w-de","15":"pa_colore-pant-wonder-magic-w-print-light-jeans-de-2","16":"pa_colore-pant-wonder-magic-w-print-light-jeans-de","17":"pa_marca-crazy-idea-de","18":"pa_sesso-damen","19":"pa_size-xxs-de","20":"pa_size-small-de","21":"pa_size-medium-de","22":"pa_size-large-de","24":"first","25":"instock","26":"sale","27":"taxable","28":"shipping-taxable","29":"purchasable","30":"product-type-variable","31":"wvs-archive-product-wrapper"},"acf":[],"yoast_head":"<!-- This site is optimized with the Yoast SEO plugin v26.8 - https:\/\/yoast.com\/product\/yoast-seo-wordpress\/ -->\n<title>Crazy Idea Pant Wonder Magic damen - Laufhose - MioMioRun<\/title>\n<meta name=\"description\" content=\"Die Kombination von Mode und Outdoor war schon immer ein Vorrecht von Crazy. Die Wonder Magic Damenhose ist das Original mit exklusivem Jeans-Look.\" \/>\n<meta name=\"robots\" content=\"index, follow, max-snippet:-1, max-image-preview:large, max-video-preview:-1\" \/>\n<link rel=\"canonical\" href=\"https:\/\/www.miomiorun.com\/de\/produkt\/pant-wonder-magic-damen\/\" \/>\n<meta property=\"og:locale\" content=\"de_DE\" \/>\n<meta property=\"og:type\" content=\"article\" \/>\n<meta property=\"og:title\" content=\"Crazy Idea Pant Wonder Magic damen - Laufhose - MioMioRun\" \/>\n<meta property=\"og:description\" content=\"Die Kombination von Mode und Outdoor war schon immer ein Vorrecht von Crazy. Die Wonder Magic Damenhose ist das Original mit exklusivem Jeans-Look.\" \/>\n<meta property=\"og:url\" content=\"https:\/\/www.miomiorun.com\/de\/produkt\/pant-wonder-magic-damen\/\" \/>\n<meta property=\"og:site_name\" content=\"MioMioRun\" \/>\n<meta property=\"article:publisher\" content=\"https:\/\/www.facebook.com\/miomiorun\/\" \/>\n<meta property=\"article:modified_time\" content=\"2025-10-02T17:25:42+00:00\" \/>\n<meta property=\"og:image\" content=\"https:\/\/www.miomiorun.com\/app\/uploads\/2022\/09\/crazy-idea-pant-wonder-magic-W-print-light-jeans-W22015090D-00X015.jpg\" \/>\n\t<meta property=\"og:image:width\" content=\"600\" \/>\n\t<meta property=\"og:image:height\" content=\"600\" \/>\n\t<meta property=\"og:image:type\" content=\"image\/jpeg\" \/>\n<meta name=\"twitter:card\" content=\"summary_large_image\" \/>\n<meta name=\"twitter:label1\" content=\"Est. reading time\" \/>\n\t<meta name=\"twitter:data1\" content=\"1 minute\" \/>\n<script type=\"application\/ld+json\" class=\"yoast-schema-graph\">{\"@context\":\"https:\/\/schema.org\",\"@graph\":[{\"@type\":\"WebPage\",\"@id\":\"https:\/\/www.miomiorun.com\/de\/produkt\/pant-wonder-magic-damen\/\",\"url\":\"https:\/\/www.miomiorun.com\/de\/produkt\/pant-wonder-magic-damen\/\",\"name\":\"Crazy Idea Pant Wonder Magic damen - Laufhose - MioMioRun\",\"isPartOf\":{\"@id\":\"https:\/\/www.miomiorun.com\/de\/#website\"},\"primaryImageOfPage\":{\"@id\":\"https:\/\/www.miomiorun.com\/de\/produkt\/pant-wonder-magic-damen\/#primaryimage\"},\"image\":{\"@id\":\"https:\/\/www.miomiorun.com\/de\/produkt\/pant-wonder-magic-damen\/#primaryimage\"},\"thumbnailUrl\":\"https:\/\/www.miomiorun.com\/app\/uploads\/2022\/09\/crazy-idea-pant-wonder-magic-W-print-light-jeans-W22015090D-00X015.jpg\",\"datePublished\":\"2022-09-20T13:49:27+00:00\",\"dateModified\":\"2025-10-02T17:25:42+00:00\",\"description\":\"Die Kombination von Mode und Outdoor war schon immer ein Vorrecht von Crazy. Die Wonder Magic Damenhose ist das Original mit exklusivem Jeans-Look.\",\"breadcrumb\":{\"@id\":\"https:\/\/www.miomiorun.com\/de\/produkt\/pant-wonder-magic-damen\/#breadcrumb\"},\"inLanguage\":\"de-DE\",\"potentialAction\":[{\"@type\":\"ReadAction\",\"target\":[\"https:\/\/www.miomiorun.com\/de\/produkt\/pant-wonder-magic-damen\/\"]}]},{\"@type\":\"ImageObject\",\"inLanguage\":\"de-DE\",\"@id\":\"https:\/\/www.miomiorun.com\/de\/produkt\/pant-wonder-magic-damen\/#primaryimage\",\"url\":\"https:\/\/www.miomiorun.com\/app\/uploads\/2022\/09\/crazy-idea-pant-wonder-magic-W-print-light-jeans-W22015090D-00X015.jpg\",\"contentUrl\":\"https:\/\/www.miomiorun.com\/app\/uploads\/2022\/09\/crazy-idea-pant-wonder-magic-W-print-light-jeans-W22015090D-00X015.jpg\",\"width\":600,\"height\":600,\"caption\":\"crazy-idea-pant-wonder-magic-W-print-light-jeans-W22015090D-00X015\"},{\"@type\":\"BreadcrumbList\",\"@id\":\"https:\/\/www.miomiorun.com\/de\/produkt\/pant-wonder-magic-damen\/#breadcrumb\",\"itemListElement\":[{\"@type\":\"ListItem\",\"position\":1,\"name\":\"Home\",\"item\":\"https:\/\/www.miomiorun.com\/de\/\"},{\"@type\":\"ListItem\",\"position\":2,\"name\":\"Shop\",\"item\":\"https:\/\/www.miomiorun.com\/shop\/\"},{\"@type\":\"ListItem\",\"position\":3,\"name\":\"Pant Wonder Magic damen\"}]},{\"@type\":\"WebSite\",\"@id\":\"https:\/\/www.miomiorun.com\/de\/#website\",\"url\":\"https:\/\/www.miomiorun.com\/de\/\",\"name\":\"MioMioRun\",\"description\":\"100% Lauf- und Trailshop\",\"publisher\":{\"@id\":\"https:\/\/www.miomiorun.com\/de\/#organization\"},\"potentialAction\":[{\"@type\":\"SearchAction\",\"target\":{\"@type\":\"EntryPoint\",\"urlTemplate\":\"https:\/\/www.miomiorun.com\/de\/?s={search_term_string}\"},\"query-input\":{\"@type\":\"PropertyValueSpecification\",\"valueRequired\":true,\"valueName\":\"search_term_string\"}}],\"inLanguage\":\"de-DE\"},{\"@type\":\"Organization\",\"@id\":\"https:\/\/www.miomiorun.com\/de\/#organization\",\"name\":\"MioMio Run\",\"url\":\"https:\/\/www.miomiorun.com\/de\/\",\"logo\":{\"@type\":\"ImageObject\",\"inLanguage\":\"de-DE\",\"@id\":\"https:\/\/www.miomiorun.com\/de\/#\/schema\/logo\/image\/\",\"url\":\"https:\/\/www.miomiorun.com\/app\/uploads\/2019\/12\/logomio.png\",\"contentUrl\":\"https:\/\/www.miomiorun.com\/app\/uploads\/2019\/12\/logomio.png\",\"width\":115,\"height\":82,\"caption\":\"MioMio Run\"},\"image\":{\"@id\":\"https:\/\/www.miomiorun.com\/de\/#\/schema\/logo\/image\/\"},\"sameAs\":[\"https:\/\/www.facebook.com\/miomiorun\/\",\"https:\/\/www.instagram.com\/miomiorun\/\"]}]}<\/script>\n<!-- \/ Yoast SEO plugin. -->","yoast_head_json":{"title":"Crazy Idea Pant Wonder Magic damen - Laufhose - MioMioRun","description":"Die Kombination von Mode und Outdoor war schon immer ein Vorrecht von Crazy. Die Wonder Magic Damenhose ist das Original mit exklusivem Jeans-Look.","robots":{"index":"index","follow":"follow","max-snippet":"max-snippet:-1","max-image-preview":"max-image-preview:large","max-video-preview":"max-video-preview:-1"},"canonical":"https:\/\/www.miomiorun.com\/de\/produkt\/pant-wonder-magic-damen\/","og_locale":"de_DE","og_type":"article","og_title":"Crazy Idea Pant Wonder Magic damen - Laufhose - MioMioRun","og_description":"Die Kombination von Mode und Outdoor war schon immer ein Vorrecht von Crazy. Die Wonder Magic Damenhose ist das Original mit exklusivem Jeans-Look.","og_url":"https:\/\/www.miomiorun.com\/de\/produkt\/pant-wonder-magic-damen\/","og_site_name":"MioMioRun","article_publisher":"https:\/\/www.facebook.com\/miomiorun\/","article_modified_time":"2025-10-02T17:25:42+00:00","og_image":[{"width":600,"height":600,"url":"https:\/\/www.miomiorun.com\/app\/uploads\/2022\/09\/crazy-idea-pant-wonder-magic-W-print-light-jeans-W22015090D-00X015.jpg","type":"image\/jpeg"}],"twitter_card":"summary_large_image","twitter_misc":{"Est. reading time":"1 minute"},"schema":{"@context":"https:\/\/schema.org","@graph":[{"@type":"WebPage","@id":"https:\/\/www.miomiorun.com\/de\/produkt\/pant-wonder-magic-damen\/","url":"https:\/\/www.miomiorun.com\/de\/produkt\/pant-wonder-magic-damen\/","name":"Crazy Idea Pant Wonder Magic damen - Laufhose - MioMioRun","isPartOf":{"@id":"https:\/\/www.miomiorun.com\/de\/#website"},"primaryImageOfPage":{"@id":"https:\/\/www.miomiorun.com\/de\/produkt\/pant-wonder-magic-damen\/#primaryimage"},"image":{"@id":"https:\/\/www.miomiorun.com\/de\/produkt\/pant-wonder-magic-damen\/#primaryimage"},"thumbnailUrl":"https:\/\/www.miomiorun.com\/app\/uploads\/2022\/09\/crazy-idea-pant-wonder-magic-W-print-light-jeans-W22015090D-00X015.jpg","datePublished":"2022-09-20T13:49:27+00:00","dateModified":"2025-10-02T17:25:42+00:00","description":"Die Kombination von Mode und Outdoor war schon immer ein Vorrecht von Crazy. Die Wonder Magic Damenhose ist das Original mit exklusivem Jeans-Look.","breadcrumb":{"@id":"https:\/\/www.miomiorun.com\/de\/produkt\/pant-wonder-magic-damen\/#breadcrumb"},"inLanguage":"de-DE","potentialAction":[{"@type":"ReadAction","target":["https:\/\/www.miomiorun.com\/de\/produkt\/pant-wonder-magic-damen\/"]}]},{"@type":"ImageObject","inLanguage":"de-DE","@id":"https:\/\/www.miomiorun.com\/de\/produkt\/pant-wonder-magic-damen\/#primaryimage","url":"https:\/\/www.miomiorun.com\/app\/uploads\/2022\/09\/crazy-idea-pant-wonder-magic-W-print-light-jeans-W22015090D-00X015.jpg","contentUrl":"https:\/\/www.miomiorun.com\/app\/uploads\/2022\/09\/crazy-idea-pant-wonder-magic-W-print-light-jeans-W22015090D-00X015.jpg","width":600,"height":600,"caption":"crazy-idea-pant-wonder-magic-W-print-light-jeans-W22015090D-00X015"},{"@type":"BreadcrumbList","@id":"https:\/\/www.miomiorun.com\/de\/produkt\/pant-wonder-magic-damen\/#breadcrumb","itemListElement":[{"@type":"ListItem","position":1,"name":"Home","item":"https:\/\/www.miomiorun.com\/de\/"},{"@type":"ListItem","position":2,"name":"Shop","item":"https:\/\/www.miomiorun.com\/shop\/"},{"@type":"ListItem","position":3,"name":"Pant Wonder Magic damen"}]},{"@type":"WebSite","@id":"https:\/\/www.miomiorun.com\/de\/#website","url":"https:\/\/www.miomiorun.com\/de\/","name":"MioMioRun","description":"100% Lauf- und Trailshop","publisher":{"@id":"https:\/\/www.miomiorun.com\/de\/#organization"},"potentialAction":[{"@type":"SearchAction","target":{"@type":"EntryPoint","urlTemplate":"https:\/\/www.miomiorun.com\/de\/?s={search_term_string}"},"query-input":{"@type":"PropertyValueSpecification","valueRequired":true,"valueName":"search_term_string"}}],"inLanguage":"de-DE"},{"@type":"Organization","@id":"https:\/\/www.miomiorun.com\/de\/#organization","name":"MioMio Run","url":"https:\/\/www.miomiorun.com\/de\/","logo":{"@type":"ImageObject","inLanguage":"de-DE","@id":"https:\/\/www.miomiorun.com\/de\/#\/schema\/logo\/image\/","url":"https:\/\/www.miomiorun.com\/app\/uploads\/2019\/12\/logomio.png","contentUrl":"https:\/\/www.miomiorun.com\/app\/uploads\/2019\/12\/logomio.png","width":115,"height":82,"caption":"MioMio Run"},"image":{"@id":"https:\/\/www.miomiorun.com\/de\/#\/schema\/logo\/image\/"},"sameAs":["https:\/\/www.facebook.com\/miomiorun\/","https:\/\/www.instagram.com\/miomiorun\/"]}]}},"_links":{"self":[{"href":"https:\/\/www.miomiorun.com\/de\/wp-json\/wp\/v2\/product\/84903","targetHints":{"allow":["GET"]}}],"collection":[{"href":"https:\/\/www.miomiorun.com\/de\/wp-json\/wp\/v2\/product"}],"about":[{"href":"https:\/\/www.miomiorun.com\/de\/wp-json\/wp\/v2\/types\/product"}],"wp:featuredmedia":[{"embeddable":true,"href":"https:\/\/www.miomiorun.com\/de\/wp-json\/wp\/v2\/media\/85745"}],"wp:attachment":[{"href":"https:\/\/www.miomiorun.com\/de\/wp-json\/wp\/v2\/media?parent=84903"}],"wp:term":[{"taxonomy":"product_brand","embeddable":true,"href":"https:\/\/www.miomiorun.com\/de\/wp-json\/wp\/v2\/product_brand?post=84903"},{"taxonomy":"product_cat","embeddable":true,"href":"https:\/\/www.miomiorun.com\/de\/wp-json\/wp\/v2\/product_cat?post=84903"},{"taxonomy":"product_tag","embeddable":true,"href":"https:\/\/www.miomiorun.com\/de\/wp-json\/wp\/v2\/product_tag?post=84903"}],"curies":[{"name":"wp","href":"https:\/\/api.w.org\/{rel}","templated":true}]}}