{"id":84837,"date":"2022-09-20T12:06:53","date_gmt":"2022-09-20T10:06:53","guid":{"rendered":"https:\/\/miomiorun.com\/?post_type=product&#038;p=84837"},"modified":"2022-11-24T19:13:32","modified_gmt":"2022-11-24T18:13:32","slug":"vest-channel-damen","status":"publish","type":"product","link":"https:\/\/www.miomiorun.com\/de\/produkt\/vest-channel-damen\/","title":{"rendered":"Vest Channel damen"},"content":{"rendered":"<div class=\"single-product-description\">\n<p>Women&#8217;s <strong>Vest Channel<\/strong> ist eine Hybridweste mit leichter Wattierung in einer differenzierten Konstruktion f\u00fcr aktives Skitourengehen. Der vordere Teil, der der Witterung am st\u00e4rksten ausgesetzt ist, besteht aus der innovativen nahtlosen I-Tube-Nylonkonstruktion. Die F\u00fcllung besteht aus JOY, dem Garn, das den Eigenschaften nat\u00fcrlicher Daunen am n\u00e4chsten kommt, indem es deren Qualit\u00e4ten nachahmt, schnell trocknend und wasserabweisend ist und deren Schw\u00e4chen eliminiert. Der R\u00fccken und die Unterarme sind aus Vuelta, einem in Italien hergestellten Fleece, das warm, bequem und atmungsaktiv ist.<\/p>\n<p><strong>FEATURES:<\/strong><\/p>\n<ul>\n<li>hoher Schutzkragen<\/li>\n<li>vollst\u00e4ndig teilbarer Frontrei\u00dfverschluss<\/li>\n<li>Hand-Taschen mit Rei\u00dfverschluss<\/li>\n<li>Saumband und Eins\u00e4tze aus atmungsaktivem Stoff, italienische Vuelta<\/li>\n<\/ul>\n<\/div>\n","protected":false},"excerpt":{"rendered":"<ul>\n<li>vollst\u00e4ndig teilbarer Frontrei\u00dfverschluss<\/li>\n<li>Hand-Taschen mit Rei\u00dfverschluss<\/li>\n<li>Saumband und Eins\u00e4tze aus atmungsaktivem Stoff, italienische Vuelta<\/li>\n<\/ul>\n","protected":false},"featured_media":85682,"template":"","meta":{"_acf_changed":false,"inline_featured_image":false},"product_brand":[],"product_cat":[6400,6401,6404],"product_tag":[3370,6237],"class_list":{"0":"post-84837","1":"product","2":"type-product","3":"status-publish","4":"has-post-thumbnail","6":"product_cat-damen","7":"product_cat-damenbekleidung","8":"product_cat-damenjacken","9":"product_tag-crazy-idea-de","10":"product_tag-crazy-idea-damen-de","11":"pa_attivita-gehen","12":"pa_attivita-outdoor-de","13":"pa_colore-vest-channel-chewing-gum-w-de","14":"pa_colore-vest-channel-early-w-de","15":"pa_colore-vest-channel-pop-w-de","16":"pa_colore-vest-channel-pop-w-de-2","17":"pa_colore-vest-channel-w-vento-de","18":"pa_colore-vest-channel-w-frozen-de","19":"pa_colore-vest-channel-w-lambada-de","20":"pa_marca-crazy-idea-de","21":"pa_sesso-damen","22":"pa_size-extra-small-de","23":"pa_size-small-de","24":"pa_size-medium-de","25":"pa_size-large-de","27":"first","28":"instock","29":"sale","30":"taxable","31":"shipping-taxable","32":"purchasable","33":"product-type-variable","34":"wvs-archive-product-wrapper"},"acf":[],"yoast_head":"<!-- This site is optimized with the Yoast SEO plugin v26.8 - https:\/\/yoast.com\/product\/yoast-seo-wordpress\/ -->\n<title>Crazy Idea Vest Channel damen - Winterjacken - MioMioRun<\/title>\n<meta name=\"description\" content=\"Women&#039;s Vest Channel ist eine Hybridweste mit leichter Wattierung in einer differenzierten Konstruktion f\u00fcr aktives Skitourengehen. Der vordere Teil\" \/>\n<meta name=\"robots\" content=\"index, follow, max-snippet:-1, max-image-preview:large, max-video-preview:-1\" \/>\n<link rel=\"canonical\" href=\"https:\/\/www.miomiorun.com\/de\/produkt\/vest-channel-damen\/\" \/>\n<meta property=\"og:locale\" content=\"de_DE\" \/>\n<meta property=\"og:type\" content=\"article\" \/>\n<meta property=\"og:title\" content=\"Crazy Idea Vest Channel damen - Winterjacken - MioMioRun\" \/>\n<meta property=\"og:description\" content=\"Women&#039;s Vest Channel ist eine Hybridweste mit leichter Wattierung in einer differenzierten Konstruktion f\u00fcr aktives Skitourengehen. Der vordere Teil\" \/>\n<meta property=\"og:url\" content=\"https:\/\/www.miomiorun.com\/de\/produkt\/vest-channel-damen\/\" \/>\n<meta property=\"og:site_name\" content=\"MioMioRun\" \/>\n<meta property=\"article:publisher\" content=\"https:\/\/www.facebook.com\/miomiorun\/\" \/>\n<meta property=\"article:modified_time\" content=\"2022-11-24T18:13:32+00:00\" \/>\n<meta property=\"og:image\" content=\"https:\/\/www.miomiorun.com\/app\/uploads\/2022\/09\/crazy-idea-vest-channel-W-lambada-W22035029D-0044.jpg\" \/>\n\t<meta property=\"og:image:width\" content=\"600\" \/>\n\t<meta property=\"og:image:height\" content=\"600\" \/>\n\t<meta property=\"og:image:type\" content=\"image\/jpeg\" \/>\n<meta name=\"twitter:card\" content=\"summary_large_image\" \/>\n<meta name=\"twitter:label1\" content=\"Est. reading time\" \/>\n\t<meta name=\"twitter:data1\" content=\"1 minute\" \/>\n<script type=\"application\/ld+json\" class=\"yoast-schema-graph\">{\"@context\":\"https:\/\/schema.org\",\"@graph\":[{\"@type\":\"WebPage\",\"@id\":\"https:\/\/www.miomiorun.com\/de\/produkt\/vest-channel-damen\/\",\"url\":\"https:\/\/www.miomiorun.com\/de\/produkt\/vest-channel-damen\/\",\"name\":\"Crazy Idea Vest Channel damen - Winterjacken - MioMioRun\",\"isPartOf\":{\"@id\":\"https:\/\/www.miomiorun.com\/de\/#website\"},\"primaryImageOfPage\":{\"@id\":\"https:\/\/www.miomiorun.com\/de\/produkt\/vest-channel-damen\/#primaryimage\"},\"image\":{\"@id\":\"https:\/\/www.miomiorun.com\/de\/produkt\/vest-channel-damen\/#primaryimage\"},\"thumbnailUrl\":\"https:\/\/www.miomiorun.com\/app\/uploads\/2022\/09\/crazy-idea-vest-channel-W-lambada-W22035029D-0044.jpg\",\"datePublished\":\"2022-09-20T10:06:53+00:00\",\"dateModified\":\"2022-11-24T18:13:32+00:00\",\"description\":\"Women's Vest Channel ist eine Hybridweste mit leichter Wattierung in einer differenzierten Konstruktion f\u00fcr aktives Skitourengehen. Der vordere Teil\",\"breadcrumb\":{\"@id\":\"https:\/\/www.miomiorun.com\/de\/produkt\/vest-channel-damen\/#breadcrumb\"},\"inLanguage\":\"de-DE\",\"potentialAction\":[{\"@type\":\"ReadAction\",\"target\":[\"https:\/\/www.miomiorun.com\/de\/produkt\/vest-channel-damen\/\"]}]},{\"@type\":\"ImageObject\",\"inLanguage\":\"de-DE\",\"@id\":\"https:\/\/www.miomiorun.com\/de\/produkt\/vest-channel-damen\/#primaryimage\",\"url\":\"https:\/\/www.miomiorun.com\/app\/uploads\/2022\/09\/crazy-idea-vest-channel-W-lambada-W22035029D-0044.jpg\",\"contentUrl\":\"https:\/\/www.miomiorun.com\/app\/uploads\/2022\/09\/crazy-idea-vest-channel-W-lambada-W22035029D-0044.jpg\",\"width\":600,\"height\":600,\"caption\":\"crazy-idea-vest-channel-W-lambada-W22035029D-0044\"},{\"@type\":\"BreadcrumbList\",\"@id\":\"https:\/\/www.miomiorun.com\/de\/produkt\/vest-channel-damen\/#breadcrumb\",\"itemListElement\":[{\"@type\":\"ListItem\",\"position\":1,\"name\":\"Home\",\"item\":\"https:\/\/www.miomiorun.com\/de\/\"},{\"@type\":\"ListItem\",\"position\":2,\"name\":\"Shop\",\"item\":\"https:\/\/www.miomiorun.com\/shop\/\"},{\"@type\":\"ListItem\",\"position\":3,\"name\":\"Vest Channel damen\"}]},{\"@type\":\"WebSite\",\"@id\":\"https:\/\/www.miomiorun.com\/de\/#website\",\"url\":\"https:\/\/www.miomiorun.com\/de\/\",\"name\":\"MioMioRun\",\"description\":\"100% Lauf- und Trailshop\",\"publisher\":{\"@id\":\"https:\/\/www.miomiorun.com\/de\/#organization\"},\"potentialAction\":[{\"@type\":\"SearchAction\",\"target\":{\"@type\":\"EntryPoint\",\"urlTemplate\":\"https:\/\/www.miomiorun.com\/de\/?s={search_term_string}\"},\"query-input\":{\"@type\":\"PropertyValueSpecification\",\"valueRequired\":true,\"valueName\":\"search_term_string\"}}],\"inLanguage\":\"de-DE\"},{\"@type\":\"Organization\",\"@id\":\"https:\/\/www.miomiorun.com\/de\/#organization\",\"name\":\"MioMio Run\",\"url\":\"https:\/\/www.miomiorun.com\/de\/\",\"logo\":{\"@type\":\"ImageObject\",\"inLanguage\":\"de-DE\",\"@id\":\"https:\/\/www.miomiorun.com\/de\/#\/schema\/logo\/image\/\",\"url\":\"https:\/\/www.miomiorun.com\/app\/uploads\/2019\/12\/logomio.png\",\"contentUrl\":\"https:\/\/www.miomiorun.com\/app\/uploads\/2019\/12\/logomio.png\",\"width\":115,\"height\":82,\"caption\":\"MioMio Run\"},\"image\":{\"@id\":\"https:\/\/www.miomiorun.com\/de\/#\/schema\/logo\/image\/\"},\"sameAs\":[\"https:\/\/www.facebook.com\/miomiorun\/\",\"https:\/\/www.instagram.com\/miomiorun\/\"]}]}<\/script>\n<!-- \/ Yoast SEO plugin. -->","yoast_head_json":{"title":"Crazy Idea Vest Channel damen - Winterjacken - MioMioRun","description":"Women's Vest Channel ist eine Hybridweste mit leichter Wattierung in einer differenzierten Konstruktion f\u00fcr aktives Skitourengehen. Der vordere Teil","robots":{"index":"index","follow":"follow","max-snippet":"max-snippet:-1","max-image-preview":"max-image-preview:large","max-video-preview":"max-video-preview:-1"},"canonical":"https:\/\/www.miomiorun.com\/de\/produkt\/vest-channel-damen\/","og_locale":"de_DE","og_type":"article","og_title":"Crazy Idea Vest Channel damen - Winterjacken - MioMioRun","og_description":"Women's Vest Channel ist eine Hybridweste mit leichter Wattierung in einer differenzierten Konstruktion f\u00fcr aktives Skitourengehen. Der vordere Teil","og_url":"https:\/\/www.miomiorun.com\/de\/produkt\/vest-channel-damen\/","og_site_name":"MioMioRun","article_publisher":"https:\/\/www.facebook.com\/miomiorun\/","article_modified_time":"2022-11-24T18:13:32+00:00","og_image":[{"width":600,"height":600,"url":"https:\/\/www.miomiorun.com\/app\/uploads\/2022\/09\/crazy-idea-vest-channel-W-lambada-W22035029D-0044.jpg","type":"image\/jpeg"}],"twitter_card":"summary_large_image","twitter_misc":{"Est. reading time":"1 minute"},"schema":{"@context":"https:\/\/schema.org","@graph":[{"@type":"WebPage","@id":"https:\/\/www.miomiorun.com\/de\/produkt\/vest-channel-damen\/","url":"https:\/\/www.miomiorun.com\/de\/produkt\/vest-channel-damen\/","name":"Crazy Idea Vest Channel damen - Winterjacken - MioMioRun","isPartOf":{"@id":"https:\/\/www.miomiorun.com\/de\/#website"},"primaryImageOfPage":{"@id":"https:\/\/www.miomiorun.com\/de\/produkt\/vest-channel-damen\/#primaryimage"},"image":{"@id":"https:\/\/www.miomiorun.com\/de\/produkt\/vest-channel-damen\/#primaryimage"},"thumbnailUrl":"https:\/\/www.miomiorun.com\/app\/uploads\/2022\/09\/crazy-idea-vest-channel-W-lambada-W22035029D-0044.jpg","datePublished":"2022-09-20T10:06:53+00:00","dateModified":"2022-11-24T18:13:32+00:00","description":"Women's Vest Channel ist eine Hybridweste mit leichter Wattierung in einer differenzierten Konstruktion f\u00fcr aktives Skitourengehen. Der vordere Teil","breadcrumb":{"@id":"https:\/\/www.miomiorun.com\/de\/produkt\/vest-channel-damen\/#breadcrumb"},"inLanguage":"de-DE","potentialAction":[{"@type":"ReadAction","target":["https:\/\/www.miomiorun.com\/de\/produkt\/vest-channel-damen\/"]}]},{"@type":"ImageObject","inLanguage":"de-DE","@id":"https:\/\/www.miomiorun.com\/de\/produkt\/vest-channel-damen\/#primaryimage","url":"https:\/\/www.miomiorun.com\/app\/uploads\/2022\/09\/crazy-idea-vest-channel-W-lambada-W22035029D-0044.jpg","contentUrl":"https:\/\/www.miomiorun.com\/app\/uploads\/2022\/09\/crazy-idea-vest-channel-W-lambada-W22035029D-0044.jpg","width":600,"height":600,"caption":"crazy-idea-vest-channel-W-lambada-W22035029D-0044"},{"@type":"BreadcrumbList","@id":"https:\/\/www.miomiorun.com\/de\/produkt\/vest-channel-damen\/#breadcrumb","itemListElement":[{"@type":"ListItem","position":1,"name":"Home","item":"https:\/\/www.miomiorun.com\/de\/"},{"@type":"ListItem","position":2,"name":"Shop","item":"https:\/\/www.miomiorun.com\/shop\/"},{"@type":"ListItem","position":3,"name":"Vest Channel damen"}]},{"@type":"WebSite","@id":"https:\/\/www.miomiorun.com\/de\/#website","url":"https:\/\/www.miomiorun.com\/de\/","name":"MioMioRun","description":"100% Lauf- und Trailshop","publisher":{"@id":"https:\/\/www.miomiorun.com\/de\/#organization"},"potentialAction":[{"@type":"SearchAction","target":{"@type":"EntryPoint","urlTemplate":"https:\/\/www.miomiorun.com\/de\/?s={search_term_string}"},"query-input":{"@type":"PropertyValueSpecification","valueRequired":true,"valueName":"search_term_string"}}],"inLanguage":"de-DE"},{"@type":"Organization","@id":"https:\/\/www.miomiorun.com\/de\/#organization","name":"MioMio Run","url":"https:\/\/www.miomiorun.com\/de\/","logo":{"@type":"ImageObject","inLanguage":"de-DE","@id":"https:\/\/www.miomiorun.com\/de\/#\/schema\/logo\/image\/","url":"https:\/\/www.miomiorun.com\/app\/uploads\/2019\/12\/logomio.png","contentUrl":"https:\/\/www.miomiorun.com\/app\/uploads\/2019\/12\/logomio.png","width":115,"height":82,"caption":"MioMio Run"},"image":{"@id":"https:\/\/www.miomiorun.com\/de\/#\/schema\/logo\/image\/"},"sameAs":["https:\/\/www.facebook.com\/miomiorun\/","https:\/\/www.instagram.com\/miomiorun\/"]}]}},"_links":{"self":[{"href":"https:\/\/www.miomiorun.com\/de\/wp-json\/wp\/v2\/product\/84837","targetHints":{"allow":["GET"]}}],"collection":[{"href":"https:\/\/www.miomiorun.com\/de\/wp-json\/wp\/v2\/product"}],"about":[{"href":"https:\/\/www.miomiorun.com\/de\/wp-json\/wp\/v2\/types\/product"}],"wp:featuredmedia":[{"embeddable":true,"href":"https:\/\/www.miomiorun.com\/de\/wp-json\/wp\/v2\/media\/85682"}],"wp:attachment":[{"href":"https:\/\/www.miomiorun.com\/de\/wp-json\/wp\/v2\/media?parent=84837"}],"wp:term":[{"taxonomy":"product_brand","embeddable":true,"href":"https:\/\/www.miomiorun.com\/de\/wp-json\/wp\/v2\/product_brand?post=84837"},{"taxonomy":"product_cat","embeddable":true,"href":"https:\/\/www.miomiorun.com\/de\/wp-json\/wp\/v2\/product_cat?post=84837"},{"taxonomy":"product_tag","embeddable":true,"href":"https:\/\/www.miomiorun.com\/de\/wp-json\/wp\/v2\/product_tag?post=84837"}],"curies":[{"name":"wp","href":"https:\/\/api.w.org\/{rel}","templated":true}]}}