{"id":84473,"date":"2022-09-17T16:07:33","date_gmt":"2022-09-17T14:07:33","guid":{"rendered":"https:\/\/miomiorun.com\/?post_type=product&#038;p=84473"},"modified":"2022-10-15T18:59:32","modified_gmt":"2022-10-15T16:59:32","slug":"crizzle-evo-shell-jkt-herren","status":"publish","type":"product","link":"https:\/\/www.miomiorun.com\/de\/produkt\/crizzle-evo-shell-jkt-herren\/","title":{"rendered":"Crizzle Evo Shell Jkt herren"},"content":{"rendered":"<p>Die <strong>Crizzle EVO Shell Jacket<\/strong>, in der Herrenversion, ist eine Hybrid-Shell aus umweltfreundlichen Materialien f\u00fcr schnelle und leichte Skibergsteiger-Touren.<\/p>\n<p>Das recycelte Hardshell-Gewebe bietet Wasser- und Windschutz, w\u00e4hrend das elastische und atmungsaktive R\u00fcckengewebe f\u00fcr Bewegungsfreiheit und erh\u00f6hte Atmungsaktivit\u00e4t sorgt. Zwei lange Seitenrei\u00dfverschl\u00fcsse zur Bel\u00fcftung erleichtern den Zugang zu den Taschen der unteren Schichten, und in der gro\u00dfen Brusttasche k\u00f6nnen Sie Ihre Wertsachen sicher aufbewahren.<\/p>\n<p><img decoding=\"async\" class=\"img-responsive margin-bottom-sm\" src=\"https:\/\/www.lasportiva.com\/media\/techinfo_icons\/Breathability_75x75.png\" \/><\/p>\n<p><strong>Atmungsaktivit\u00e4t:<\/strong><br \/>\nHochgradig atmungsaktive Produkte f\u00fcr optimalen Klimakomfort.<\/p>\n<p><img decoding=\"async\" class=\"img-responsive margin-bottom-sm\" src=\"https:\/\/www.lasportiva.com\/media\/techinfo_icons\/Regular-Fit_75x75.png\" \/><\/p>\n<p><strong>Normale Passform:<\/strong><br \/>\nTechnischer und bequemer Schnitt.<\/p>\n<p><img decoding=\"async\" class=\"img-responsive margin-bottom-sm\" src=\"https:\/\/www.lasportiva.com\/media\/techinfo_icons\/Lightweight_75x75.png\" \/><\/p>\n<p><strong>Leichtigkeit:<\/strong><br \/>\nProdukte, die das Gewicht auf ein Minimum reduzieren<\/p>\n<p><img decoding=\"async\" class=\"img-responsive margin-bottom-sm\" src=\"https:\/\/www.lasportiva.com\/media\/techinfo_icons\/Durability_75x75.png\" \/><\/p>\n<p><strong>Langlebigkeit:<\/strong><br \/>\nHochgradig verschlei\u00dffeste Produkte.<\/p>\n<p><img decoding=\"async\" class=\"img-responsive margin-bottom-sm\" src=\"https:\/\/www.lasportiva.com\/media\/techinfo_icons\/L5_75x75.png\" \/><\/p>\n<p><strong>L5 &#8211; HARTE SCHALE<\/strong><br \/>\n\u00c4u\u00dfere H\u00fclle zum Schutz vor Wind, Regen und Schnee. Eine echte Barriere gegen Witterungseinfl\u00fcsse bei gleichzeitiger F\u00f6rderung der Atmungsaktivit\u00e4t dank der verwendeten Materialien und Membranen.<\/p>\n<p><img loading=\"lazy\" decoding=\"async\" class=\" lazyloaded\" src=\"https:\/\/www.lasportiva.com\/media\/techinfo_icons\/e\/v\/evoshell-75x75.png\" alt=\"La Sportiva\" width=\"75\" height=\"75\" data-src=\"https:\/\/www.lasportiva.com\/media\/techinfo_icons\/e\/v\/evoshell-75x75.png\" \/><\/p>\n<p>Die Shells mit <strong>EvoShell\u2122<\/strong>-Technologie sind das Ergebnis des kontinuierlichen Forschungsprozesses der La Sportiva Apparel R&amp;D-Abteilung, die sich der Entwicklung von Hochleistungsprodukten f\u00fcr Sportler und Bergliebhaber verschrieben hat und dabei die Umwelt respektiert, die uns umgibt. Es handelt sich um eine konstante und ehrgeizige Entwicklung, die die st\u00e4ndige Suche nach Materialien und zuverl\u00e4ssigen Partnern erfordert, die in der Lage sind, Qualit\u00e4t, Langlebigkeit und Umweltvertr\u00e4glichkeit harmonisch miteinander zu verbinden. Deshalb wird bei La Sportiva der Begriff &#8220;Evolution&#8221; mit &#8220;ECOLUTION&#8221; \u00fcbersetzt und in Produkte umgesetzt, die sowohl f\u00fcr den Menschen als auch f\u00fcr die Umwelt konzipiert sind und die Umweltbelastung auf ein Minimum reduzieren. Aus diesem Grund hat La Sportiva in Zusammenarbeit mit Sympatex\u00ae die Evo Shell\u2122-Dreilagenschalen entwickelt: absolut umweltfreundlich durch den vollst\u00e4ndigen Verzicht auf PTFE, PFC und alle Komponenten und Behandlungen auf Fluorkohlenstoffbasis.<br \/>\nLa Sportiva hat sich entschlossen, dieses Anliegen aktiv zu unterst\u00fctzen, indem es mit jedem produzierten Evo Shell\u2122-Kleidungsst\u00fcck einen Beitrag zum Kasigau Corridor Project (&#8220;1004 &#8211; Forest protection Kasigau Wildlife Corridor&#8221;) in Kenia leistet. Dabei handelt es sich um einen Teil des Trockenwaldes und der Savanne im Kasigau Corridor, in dem bedrohte Tierarten wie L\u00f6wen, Zebras, Papageien und unz\u00e4hlige Vogelarten leben. W\u00e4hrend der saisonalen Migration ziehen t\u00e4glich 2.000 afrikanische Elefanten durch dieses Gebiet. Im Rahmen des von Environmental Finance organisierten 8. Voluntary Carbon Survey 2017 wurde das Programm aufgrund seines Beitrags zur Erreichung der UN-Ziele f\u00fcr nachhaltige Entwicklung (SDGs) zum besten Klimaschutzprojekt gew\u00e4hlt.<\/p>\n<p><strong>Materialen:<\/strong><br \/>\n&gt;Haupt: HDM07 Oberseite: 100% recyceltes PolyamidMembran: 100% recyceltes PolyesterR\u00fcckseite: 100% recyceltes Polyester&gt;R\u00fccken- und Seitenteile: WSM08 85% recyceltes Polyamid 15% Elastan<br \/>\n<b> Gewicht:<\/b><br \/>\n413 g<br \/>\n<strong>Passform:<\/strong><br \/>\nRegolare<\/p>\n<h3>plus<\/h3>\n<p>+Seitliche Doppelschieber-Rei\u00dfverschl\u00fcsse f\u00fcr Bel\u00fcftung und Zugang zu den Taschen<br \/>\n+Teilweise wasserfest<br \/>\n+Teilweise winddicht<br \/>\n+Helmkompatible, verstellbare, gegliederte Kapuze<br \/>\n+Teilweise verschwei\u00dfte N\u00e4hte<br \/>\n+Hybrid-Hardshell-Jacke<br \/>\n+1 gro\u00dfe Brusttasche mit Rei\u00dfverschluss<br \/>\n+Verstellbarer unterer Saum<br \/>\n+Reflektierende Grafiken<\/p>\n<p>&nbsp;<\/p>\n","protected":false},"excerpt":{"rendered":"<ul>\n<li>Hybrid-Hardshell-Jack<\/li>\n<li>1 gro\u00dfe Brusttasche mit Rei\u00dfverschluss<\/li>\n<li>Verstellbarer unterer Saum<\/li>\n<li>Reflektierende Grafiken<\/li>\n<\/ul>\n","protected":false},"featured_media":86134,"template":"","meta":{"_acf_changed":false,"inline_featured_image":false},"product_brand":[],"product_cat":[6515,6540,6512],"product_tag":[6248,6218],"class_list":{"0":"post-84473","1":"product","2":"type-product","3":"status-publish","4":"has-post-thumbnail","6":"product_cat-herren-de","7":"product_cat-herrenbekleidung","8":"product_cat-jacken","9":"product_tag-la-sportiva-de","10":"product_tag-la-sportiva-herren-de","11":"pa_attivita-gehen","12":"pa_attivita-outdoor-de","13":"pa_colore-crizzle-evo-shell-jkt-m-sangria-sunset-de","14":"pa_colore-crizzle-evo-shell-jkt-sangria-moss-de","15":"pa_marca-la-sportiva-de","16":"pa_sesso-herren","17":"pa_size-small-de","18":"pa_size-medium-de","19":"pa_size-large-de","20":"pa_size-extra-large-de","22":"first","23":"instock","24":"sale","25":"taxable","26":"shipping-taxable","27":"purchasable","28":"product-type-variable","29":"wvs-archive-product-wrapper"},"acf":[],"yoast_head":"<!-- This site is optimized with the Yoast SEO plugin v26.8 - https:\/\/yoast.com\/product\/yoast-seo-wordpress\/ -->\n<title>La Sportiva Crizzle Evo Shell Jkt herren - Jkt herren - MioMioRun<\/title>\n<meta name=\"description\" content=\"Die Crizzle EVO Shell Jacket, in der Herrenversion, ist eine Hybrid-Shell aus umweltfreundlichen Materialien f\u00fcr schnelle und leichte Skibergsteiger-Touren.\" \/>\n<meta name=\"robots\" content=\"index, follow, max-snippet:-1, max-image-preview:large, max-video-preview:-1\" \/>\n<link rel=\"canonical\" href=\"https:\/\/www.miomiorun.com\/de\/produkt\/crizzle-evo-shell-jkt-herren\/\" \/>\n<meta property=\"og:locale\" content=\"de_DE\" \/>\n<meta property=\"og:type\" content=\"article\" \/>\n<meta property=\"og:title\" content=\"La Sportiva Crizzle Evo Shell Jkt herren - Jkt herren - MioMioRun\" \/>\n<meta property=\"og:description\" content=\"Die Crizzle EVO Shell Jacket, in der Herrenversion, ist eine Hybrid-Shell aus umweltfreundlichen Materialien f\u00fcr schnelle und leichte Skibergsteiger-Touren.\" \/>\n<meta property=\"og:url\" content=\"https:\/\/www.miomiorun.com\/de\/produkt\/crizzle-evo-shell-jkt-herren\/\" \/>\n<meta property=\"og:site_name\" content=\"MioMioRun\" \/>\n<meta property=\"article:publisher\" content=\"https:\/\/www.facebook.com\/miomiorun\/\" \/>\n<meta property=\"article:modified_time\" content=\"2022-10-15T16:59:32+00:00\" \/>\n<meta property=\"og:image\" content=\"https:\/\/www.miomiorun.com\/app\/uploads\/2022\/09\/la-sportiva-crizzle-evo-shell-jkt-M-sangria-sunset-L75320319.jpg\" \/>\n\t<meta property=\"og:image:width\" content=\"600\" \/>\n\t<meta property=\"og:image:height\" content=\"600\" \/>\n\t<meta property=\"og:image:type\" content=\"image\/jpeg\" \/>\n<meta name=\"twitter:card\" content=\"summary_large_image\" \/>\n<meta name=\"twitter:label1\" content=\"Est. reading time\" \/>\n\t<meta name=\"twitter:data1\" content=\"2 minutes\" \/>\n<script type=\"application\/ld+json\" class=\"yoast-schema-graph\">{\"@context\":\"https:\/\/schema.org\",\"@graph\":[{\"@type\":\"WebPage\",\"@id\":\"https:\/\/www.miomiorun.com\/de\/produkt\/crizzle-evo-shell-jkt-herren\/\",\"url\":\"https:\/\/www.miomiorun.com\/de\/produkt\/crizzle-evo-shell-jkt-herren\/\",\"name\":\"La Sportiva Crizzle Evo Shell Jkt herren - Jkt herren - MioMioRun\",\"isPartOf\":{\"@id\":\"https:\/\/www.miomiorun.com\/de\/#website\"},\"primaryImageOfPage\":{\"@id\":\"https:\/\/www.miomiorun.com\/de\/produkt\/crizzle-evo-shell-jkt-herren\/#primaryimage\"},\"image\":{\"@id\":\"https:\/\/www.miomiorun.com\/de\/produkt\/crizzle-evo-shell-jkt-herren\/#primaryimage\"},\"thumbnailUrl\":\"https:\/\/www.miomiorun.com\/app\/uploads\/2022\/09\/la-sportiva-crizzle-evo-shell-jkt-M-sangria-sunset-L75320319.jpg\",\"datePublished\":\"2022-09-17T14:07:33+00:00\",\"dateModified\":\"2022-10-15T16:59:32+00:00\",\"description\":\"Die Crizzle EVO Shell Jacket, in der Herrenversion, ist eine Hybrid-Shell aus umweltfreundlichen Materialien f\u00fcr schnelle und leichte Skibergsteiger-Touren.\",\"breadcrumb\":{\"@id\":\"https:\/\/www.miomiorun.com\/de\/produkt\/crizzle-evo-shell-jkt-herren\/#breadcrumb\"},\"inLanguage\":\"de-DE\",\"potentialAction\":[{\"@type\":\"ReadAction\",\"target\":[\"https:\/\/www.miomiorun.com\/de\/produkt\/crizzle-evo-shell-jkt-herren\/\"]}]},{\"@type\":\"ImageObject\",\"inLanguage\":\"de-DE\",\"@id\":\"https:\/\/www.miomiorun.com\/de\/produkt\/crizzle-evo-shell-jkt-herren\/#primaryimage\",\"url\":\"https:\/\/www.miomiorun.com\/app\/uploads\/2022\/09\/la-sportiva-crizzle-evo-shell-jkt-M-sangria-sunset-L75320319.jpg\",\"contentUrl\":\"https:\/\/www.miomiorun.com\/app\/uploads\/2022\/09\/la-sportiva-crizzle-evo-shell-jkt-M-sangria-sunset-L75320319.jpg\",\"width\":600,\"height\":600,\"caption\":\"la-sportiva-crizzle-evo-shell-jkt-M-sangria-sunset-L75320319\"},{\"@type\":\"BreadcrumbList\",\"@id\":\"https:\/\/www.miomiorun.com\/de\/produkt\/crizzle-evo-shell-jkt-herren\/#breadcrumb\",\"itemListElement\":[{\"@type\":\"ListItem\",\"position\":1,\"name\":\"Home\",\"item\":\"https:\/\/www.miomiorun.com\/de\/\"},{\"@type\":\"ListItem\",\"position\":2,\"name\":\"Shop\",\"item\":\"https:\/\/www.miomiorun.com\/shop\/\"},{\"@type\":\"ListItem\",\"position\":3,\"name\":\"Crizzle Evo Shell Jkt herren\"}]},{\"@type\":\"WebSite\",\"@id\":\"https:\/\/www.miomiorun.com\/de\/#website\",\"url\":\"https:\/\/www.miomiorun.com\/de\/\",\"name\":\"MioMioRun\",\"description\":\"100% Lauf- und Trailshop\",\"publisher\":{\"@id\":\"https:\/\/www.miomiorun.com\/de\/#organization\"},\"potentialAction\":[{\"@type\":\"SearchAction\",\"target\":{\"@type\":\"EntryPoint\",\"urlTemplate\":\"https:\/\/www.miomiorun.com\/de\/?s={search_term_string}\"},\"query-input\":{\"@type\":\"PropertyValueSpecification\",\"valueRequired\":true,\"valueName\":\"search_term_string\"}}],\"inLanguage\":\"de-DE\"},{\"@type\":\"Organization\",\"@id\":\"https:\/\/www.miomiorun.com\/de\/#organization\",\"name\":\"MioMio Run\",\"url\":\"https:\/\/www.miomiorun.com\/de\/\",\"logo\":{\"@type\":\"ImageObject\",\"inLanguage\":\"de-DE\",\"@id\":\"https:\/\/www.miomiorun.com\/de\/#\/schema\/logo\/image\/\",\"url\":\"https:\/\/www.miomiorun.com\/app\/uploads\/2019\/12\/logomio.png\",\"contentUrl\":\"https:\/\/www.miomiorun.com\/app\/uploads\/2019\/12\/logomio.png\",\"width\":115,\"height\":82,\"caption\":\"MioMio Run\"},\"image\":{\"@id\":\"https:\/\/www.miomiorun.com\/de\/#\/schema\/logo\/image\/\"},\"sameAs\":[\"https:\/\/www.facebook.com\/miomiorun\/\",\"https:\/\/www.instagram.com\/miomiorun\/\"]}]}<\/script>\n<!-- \/ Yoast SEO plugin. -->","yoast_head_json":{"title":"La Sportiva Crizzle Evo Shell Jkt herren - Jkt herren - MioMioRun","description":"Die Crizzle EVO Shell Jacket, in der Herrenversion, ist eine Hybrid-Shell aus umweltfreundlichen Materialien f\u00fcr schnelle und leichte Skibergsteiger-Touren.","robots":{"index":"index","follow":"follow","max-snippet":"max-snippet:-1","max-image-preview":"max-image-preview:large","max-video-preview":"max-video-preview:-1"},"canonical":"https:\/\/www.miomiorun.com\/de\/produkt\/crizzle-evo-shell-jkt-herren\/","og_locale":"de_DE","og_type":"article","og_title":"La Sportiva Crizzle Evo Shell Jkt herren - Jkt herren - MioMioRun","og_description":"Die Crizzle EVO Shell Jacket, in der Herrenversion, ist eine Hybrid-Shell aus umweltfreundlichen Materialien f\u00fcr schnelle und leichte Skibergsteiger-Touren.","og_url":"https:\/\/www.miomiorun.com\/de\/produkt\/crizzle-evo-shell-jkt-herren\/","og_site_name":"MioMioRun","article_publisher":"https:\/\/www.facebook.com\/miomiorun\/","article_modified_time":"2022-10-15T16:59:32+00:00","og_image":[{"width":600,"height":600,"url":"https:\/\/www.miomiorun.com\/app\/uploads\/2022\/09\/la-sportiva-crizzle-evo-shell-jkt-M-sangria-sunset-L75320319.jpg","type":"image\/jpeg"}],"twitter_card":"summary_large_image","twitter_misc":{"Est. reading time":"2 minutes"},"schema":{"@context":"https:\/\/schema.org","@graph":[{"@type":"WebPage","@id":"https:\/\/www.miomiorun.com\/de\/produkt\/crizzle-evo-shell-jkt-herren\/","url":"https:\/\/www.miomiorun.com\/de\/produkt\/crizzle-evo-shell-jkt-herren\/","name":"La Sportiva Crizzle Evo Shell Jkt herren - Jkt herren - MioMioRun","isPartOf":{"@id":"https:\/\/www.miomiorun.com\/de\/#website"},"primaryImageOfPage":{"@id":"https:\/\/www.miomiorun.com\/de\/produkt\/crizzle-evo-shell-jkt-herren\/#primaryimage"},"image":{"@id":"https:\/\/www.miomiorun.com\/de\/produkt\/crizzle-evo-shell-jkt-herren\/#primaryimage"},"thumbnailUrl":"https:\/\/www.miomiorun.com\/app\/uploads\/2022\/09\/la-sportiva-crizzle-evo-shell-jkt-M-sangria-sunset-L75320319.jpg","datePublished":"2022-09-17T14:07:33+00:00","dateModified":"2022-10-15T16:59:32+00:00","description":"Die Crizzle EVO Shell Jacket, in der Herrenversion, ist eine Hybrid-Shell aus umweltfreundlichen Materialien f\u00fcr schnelle und leichte Skibergsteiger-Touren.","breadcrumb":{"@id":"https:\/\/www.miomiorun.com\/de\/produkt\/crizzle-evo-shell-jkt-herren\/#breadcrumb"},"inLanguage":"de-DE","potentialAction":[{"@type":"ReadAction","target":["https:\/\/www.miomiorun.com\/de\/produkt\/crizzle-evo-shell-jkt-herren\/"]}]},{"@type":"ImageObject","inLanguage":"de-DE","@id":"https:\/\/www.miomiorun.com\/de\/produkt\/crizzle-evo-shell-jkt-herren\/#primaryimage","url":"https:\/\/www.miomiorun.com\/app\/uploads\/2022\/09\/la-sportiva-crizzle-evo-shell-jkt-M-sangria-sunset-L75320319.jpg","contentUrl":"https:\/\/www.miomiorun.com\/app\/uploads\/2022\/09\/la-sportiva-crizzle-evo-shell-jkt-M-sangria-sunset-L75320319.jpg","width":600,"height":600,"caption":"la-sportiva-crizzle-evo-shell-jkt-M-sangria-sunset-L75320319"},{"@type":"BreadcrumbList","@id":"https:\/\/www.miomiorun.com\/de\/produkt\/crizzle-evo-shell-jkt-herren\/#breadcrumb","itemListElement":[{"@type":"ListItem","position":1,"name":"Home","item":"https:\/\/www.miomiorun.com\/de\/"},{"@type":"ListItem","position":2,"name":"Shop","item":"https:\/\/www.miomiorun.com\/shop\/"},{"@type":"ListItem","position":3,"name":"Crizzle Evo Shell Jkt herren"}]},{"@type":"WebSite","@id":"https:\/\/www.miomiorun.com\/de\/#website","url":"https:\/\/www.miomiorun.com\/de\/","name":"MioMioRun","description":"100% Lauf- und Trailshop","publisher":{"@id":"https:\/\/www.miomiorun.com\/de\/#organization"},"potentialAction":[{"@type":"SearchAction","target":{"@type":"EntryPoint","urlTemplate":"https:\/\/www.miomiorun.com\/de\/?s={search_term_string}"},"query-input":{"@type":"PropertyValueSpecification","valueRequired":true,"valueName":"search_term_string"}}],"inLanguage":"de-DE"},{"@type":"Organization","@id":"https:\/\/www.miomiorun.com\/de\/#organization","name":"MioMio Run","url":"https:\/\/www.miomiorun.com\/de\/","logo":{"@type":"ImageObject","inLanguage":"de-DE","@id":"https:\/\/www.miomiorun.com\/de\/#\/schema\/logo\/image\/","url":"https:\/\/www.miomiorun.com\/app\/uploads\/2019\/12\/logomio.png","contentUrl":"https:\/\/www.miomiorun.com\/app\/uploads\/2019\/12\/logomio.png","width":115,"height":82,"caption":"MioMio Run"},"image":{"@id":"https:\/\/www.miomiorun.com\/de\/#\/schema\/logo\/image\/"},"sameAs":["https:\/\/www.facebook.com\/miomiorun\/","https:\/\/www.instagram.com\/miomiorun\/"]}]}},"_links":{"self":[{"href":"https:\/\/www.miomiorun.com\/de\/wp-json\/wp\/v2\/product\/84473","targetHints":{"allow":["GET"]}}],"collection":[{"href":"https:\/\/www.miomiorun.com\/de\/wp-json\/wp\/v2\/product"}],"about":[{"href":"https:\/\/www.miomiorun.com\/de\/wp-json\/wp\/v2\/types\/product"}],"wp:featuredmedia":[{"embeddable":true,"href":"https:\/\/www.miomiorun.com\/de\/wp-json\/wp\/v2\/media\/86134"}],"wp:attachment":[{"href":"https:\/\/www.miomiorun.com\/de\/wp-json\/wp\/v2\/media?parent=84473"}],"wp:term":[{"taxonomy":"product_brand","embeddable":true,"href":"https:\/\/www.miomiorun.com\/de\/wp-json\/wp\/v2\/product_brand?post=84473"},{"taxonomy":"product_cat","embeddable":true,"href":"https:\/\/www.miomiorun.com\/de\/wp-json\/wp\/v2\/product_cat?post=84473"},{"taxonomy":"product_tag","embeddable":true,"href":"https:\/\/www.miomiorun.com\/de\/wp-json\/wp\/v2\/product_tag?post=84473"}],"curies":[{"name":"wp","href":"https:\/\/api.w.org\/{rel}","templated":true}]}}