{"id":81697,"date":"2021-10-08T18:46:30","date_gmt":"2021-10-08T16:46:30","guid":{"rendered":"https:\/\/miomiorun.com\/prodotto\/montura-nordik-2-pants-uomo\/"},"modified":"2022-11-25T18:16:31","modified_gmt":"2022-11-25T17:16:31","slug":"nordik-2-pants-herren","status":"publish","type":"product","link":"https:\/\/www.miomiorun.com\/de\/produkt\/nordik-2-pants-herren\/","title":{"rendered":"Nordik 2 Pants herren"},"content":{"rendered":"<div class=\"product-attribute product-attribute-featured-materials\">\n<p>Die <strong>Nordik 2<\/strong> Pants f\u00fcr M\u00e4nner ist eine lange Hose aus DWR-Stretch-Nylongewebe, die auf der R\u00fcckseite garniert ist und \u00fcber einen Knie- und Ges\u00e4\u00dfaufn\u00e4her aus Stretch-Nylongewebe verf\u00fcgt. Ideales Kleidungsst\u00fcck f\u00fcr verschiedene Outdoor-Aktivit\u00e4ten, Fitness, Laufen und Freizeit<\/p>\n<p><strong>Merkmale:<\/strong><\/p>\n<p>&#8211; Lange Hosen f\u00fcr M\u00e4nner<br \/>\n&#8211; R\u00fcckseite aus hauchd\u00fcnnem DWR-Stretch-Nylongewebe<br \/>\n&#8211; Knie- und Ges\u00e4\u00dfaufn\u00e4her aus Stretch-Nylongewebe<br \/>\n&#8211; Physiologische Front\u00f6ffnung<br \/>\n&#8211; Elastischer Bund<br \/>\n&#8211; Eingrifftaschen mit Rei\u00dfverschluss, Ges\u00e4\u00dftasche mit Rei\u00dfverschluss<br \/>\n&#8211; Bodenverstellung mit Rei\u00dfverschluss und Zwickel<br \/>\n&#8211; Ideales Kleidungsst\u00fcck f\u00fcr verschiedene Outdoor-Aktivit\u00e4ten, Fitness, Laufen und Freizeit<\/p>\n<p>Gewicht: 0,42 kg<\/p>\n<div class=\"attribute-label\"><img decoding=\"async\" src=\"https:\/\/www.montura.it\/pub\/media\/amasty\/shopby\/option_images\/slider\/breathable_1.svg\" alt=\"breathable\" \/><img decoding=\"async\" src=\"https:\/\/www.montura.it\/pub\/media\/amasty\/shopby\/option_images\/slider\/water_repellent_1_1.svg\" alt=\"waterrepellent\" \/><img decoding=\"async\" src=\"https:\/\/www.montura.it\/pub\/media\/amasty\/shopby\/option_images\/slider\/climate.svg\" alt=\"Freddo\" \/><\/div>\n<h3 class=\"attribute-label\">Aktivit\u00e4ten<\/h3>\n<p><img decoding=\"async\" src=\"https:\/\/www.montura.it\/pub\/media\/amasty\/shopby\/option_images\/slider\/ICM83.svg\" alt=\"ICM83\" \/><\/p>\n<\/div>\n","protected":false},"excerpt":{"rendered":"<p>&#8211; Lange Hosen f\u00fcr M\u00e4nner<br \/>\n&#8211; R\u00fcckseite aus hauchd\u00fcnnem DWR-Stretch-Nylongewebe<br \/>\n&#8211; Knie- und Ges\u00e4\u00dfaufn\u00e4her aus Stretch-Nylongewebe<\/p>\n","protected":false},"featured_media":58744,"template":"","meta":{"_acf_changed":false,"inline_featured_image":false},"product_brand":[],"product_cat":[6540,6509],"product_tag":[3379,6270],"class_list":{"0":"post-81697","1":"product","2":"type-product","3":"status-publish","4":"has-post-thumbnail","6":"product_cat-herrenbekleidung","7":"product_cat-lange-hosen","8":"product_tag-montura-de","9":"product_tag-montura-herren-de","10":"pa_attivita-gehen","11":"pa_attivita-outdoor-de","12":"pa_colore-nordik-2-pants-nero-verde-lime-de","13":"pa_marca-montura-de","14":"pa_sesso-herren","15":"pa_size-medium-de","16":"pa_size-large-de","17":"pa_size-extra-large-de","19":"first","20":"instock","21":"taxable","22":"shipping-taxable","23":"purchasable","24":"product-type-variable","25":"wvs-archive-product-wrapper"},"acf":[],"yoast_head":"<!-- This site is optimized with the Yoast SEO plugin v26.8 - https:\/\/yoast.com\/product\/yoast-seo-wordpress\/ -->\n<title>Montura Nordik 2 Pants herren - Lange Hosen - MioMioRun<\/title>\n<meta name=\"description\" content=\"Die Nordik 2 Pants f\u00fcr M\u00e4nner ist eine lange Hose aus DWR-Stretch-Nylongewebe mit Gaze auf der R\u00fcckseite und einem Knie- und Ges\u00e4\u00dfaufn\u00e4her.\" \/>\n<meta name=\"robots\" content=\"index, follow, max-snippet:-1, max-image-preview:large, max-video-preview:-1\" \/>\n<link rel=\"canonical\" href=\"https:\/\/www.miomiorun.com\/de\/produkt\/nordik-2-pants-herren\/\" \/>\n<meta property=\"og:locale\" content=\"de_DE\" \/>\n<meta property=\"og:type\" content=\"article\" \/>\n<meta property=\"og:title\" content=\"Montura Nordik 2 Pants herren - Lange Hosen - MioMioRun\" \/>\n<meta property=\"og:description\" content=\"Die Nordik 2 Pants f\u00fcr M\u00e4nner ist eine lange Hose aus DWR-Stretch-Nylongewebe mit Gaze auf der R\u00fcckseite und einem Knie- und Ges\u00e4\u00dfaufn\u00e4her.\" \/>\n<meta property=\"og:url\" content=\"https:\/\/www.miomiorun.com\/de\/produkt\/nordik-2-pants-herren\/\" \/>\n<meta property=\"og:site_name\" content=\"MioMioRun\" \/>\n<meta property=\"article:publisher\" content=\"https:\/\/www.facebook.com\/miomiorun\/\" \/>\n<meta property=\"article:modified_time\" content=\"2022-11-25T17:16:31+00:00\" \/>\n<meta property=\"og:image\" content=\"https:\/\/www.miomiorun.com\/app\/uploads\/2021\/10\/montura-nordik-2-pants-MPLS82X.9047.jpg\" \/>\n\t<meta property=\"og:image:width\" content=\"600\" \/>\n\t<meta property=\"og:image:height\" content=\"600\" \/>\n\t<meta property=\"og:image:type\" content=\"image\/jpeg\" \/>\n<meta name=\"twitter:card\" content=\"summary_large_image\" \/>\n<meta name=\"twitter:label1\" content=\"Est. reading time\" \/>\n\t<meta name=\"twitter:data1\" content=\"3 minutes\" \/>\n<script type=\"application\/ld+json\" class=\"yoast-schema-graph\">{\"@context\":\"https:\/\/schema.org\",\"@graph\":[{\"@type\":\"WebPage\",\"@id\":\"https:\/\/www.miomiorun.com\/de\/produkt\/nordik-2-pants-herren\/\",\"url\":\"https:\/\/www.miomiorun.com\/de\/produkt\/nordik-2-pants-herren\/\",\"name\":\"Montura Nordik 2 Pants herren - Lange Hosen - MioMioRun\",\"isPartOf\":{\"@id\":\"https:\/\/www.miomiorun.com\/de\/#website\"},\"primaryImageOfPage\":{\"@id\":\"https:\/\/www.miomiorun.com\/de\/produkt\/nordik-2-pants-herren\/#primaryimage\"},\"image\":{\"@id\":\"https:\/\/www.miomiorun.com\/de\/produkt\/nordik-2-pants-herren\/#primaryimage\"},\"thumbnailUrl\":\"https:\/\/www.miomiorun.com\/app\/uploads\/2021\/10\/montura-nordik-2-pants-MPLS82X.9047.jpg\",\"datePublished\":\"2021-10-08T16:46:30+00:00\",\"dateModified\":\"2022-11-25T17:16:31+00:00\",\"description\":\"Die Nordik 2 Pants f\u00fcr M\u00e4nner ist eine lange Hose aus DWR-Stretch-Nylongewebe mit Gaze auf der R\u00fcckseite und einem Knie- und Ges\u00e4\u00dfaufn\u00e4her.\",\"breadcrumb\":{\"@id\":\"https:\/\/www.miomiorun.com\/de\/produkt\/nordik-2-pants-herren\/#breadcrumb\"},\"inLanguage\":\"de-DE\",\"potentialAction\":[{\"@type\":\"ReadAction\",\"target\":[\"https:\/\/www.miomiorun.com\/de\/produkt\/nordik-2-pants-herren\/\"]}]},{\"@type\":\"ImageObject\",\"inLanguage\":\"de-DE\",\"@id\":\"https:\/\/www.miomiorun.com\/de\/produkt\/nordik-2-pants-herren\/#primaryimage\",\"url\":\"https:\/\/www.miomiorun.com\/app\/uploads\/2021\/10\/montura-nordik-2-pants-MPLS82X.9047.jpg\",\"contentUrl\":\"https:\/\/www.miomiorun.com\/app\/uploads\/2021\/10\/montura-nordik-2-pants-MPLS82X.9047.jpg\",\"width\":600,\"height\":600,\"caption\":\"montura nordik 2 pants\"},{\"@type\":\"BreadcrumbList\",\"@id\":\"https:\/\/www.miomiorun.com\/de\/produkt\/nordik-2-pants-herren\/#breadcrumb\",\"itemListElement\":[{\"@type\":\"ListItem\",\"position\":1,\"name\":\"Home\",\"item\":\"https:\/\/www.miomiorun.com\/de\/\"},{\"@type\":\"ListItem\",\"position\":2,\"name\":\"Shop\",\"item\":\"https:\/\/www.miomiorun.com\/shop\/\"},{\"@type\":\"ListItem\",\"position\":3,\"name\":\"Nordik 2 Pants herren\"}]},{\"@type\":\"WebSite\",\"@id\":\"https:\/\/www.miomiorun.com\/de\/#website\",\"url\":\"https:\/\/www.miomiorun.com\/de\/\",\"name\":\"MioMioRun\",\"description\":\"100% Lauf- und Trailshop\",\"publisher\":{\"@id\":\"https:\/\/www.miomiorun.com\/de\/#organization\"},\"potentialAction\":[{\"@type\":\"SearchAction\",\"target\":{\"@type\":\"EntryPoint\",\"urlTemplate\":\"https:\/\/www.miomiorun.com\/de\/?s={search_term_string}\"},\"query-input\":{\"@type\":\"PropertyValueSpecification\",\"valueRequired\":true,\"valueName\":\"search_term_string\"}}],\"inLanguage\":\"de-DE\"},{\"@type\":\"Organization\",\"@id\":\"https:\/\/www.miomiorun.com\/de\/#organization\",\"name\":\"MioMio Run\",\"url\":\"https:\/\/www.miomiorun.com\/de\/\",\"logo\":{\"@type\":\"ImageObject\",\"inLanguage\":\"de-DE\",\"@id\":\"https:\/\/www.miomiorun.com\/de\/#\/schema\/logo\/image\/\",\"url\":\"https:\/\/www.miomiorun.com\/app\/uploads\/2019\/12\/logomio.png\",\"contentUrl\":\"https:\/\/www.miomiorun.com\/app\/uploads\/2019\/12\/logomio.png\",\"width\":115,\"height\":82,\"caption\":\"MioMio Run\"},\"image\":{\"@id\":\"https:\/\/www.miomiorun.com\/de\/#\/schema\/logo\/image\/\"},\"sameAs\":[\"https:\/\/www.facebook.com\/miomiorun\/\",\"https:\/\/www.instagram.com\/miomiorun\/\"]}]}<\/script>\n<!-- \/ Yoast SEO plugin. -->","yoast_head_json":{"title":"Montura Nordik 2 Pants herren - Lange Hosen - MioMioRun","description":"Die Nordik 2 Pants f\u00fcr M\u00e4nner ist eine lange Hose aus DWR-Stretch-Nylongewebe mit Gaze auf der R\u00fcckseite und einem Knie- und Ges\u00e4\u00dfaufn\u00e4her.","robots":{"index":"index","follow":"follow","max-snippet":"max-snippet:-1","max-image-preview":"max-image-preview:large","max-video-preview":"max-video-preview:-1"},"canonical":"https:\/\/www.miomiorun.com\/de\/produkt\/nordik-2-pants-herren\/","og_locale":"de_DE","og_type":"article","og_title":"Montura Nordik 2 Pants herren - Lange Hosen - MioMioRun","og_description":"Die Nordik 2 Pants f\u00fcr M\u00e4nner ist eine lange Hose aus DWR-Stretch-Nylongewebe mit Gaze auf der R\u00fcckseite und einem Knie- und Ges\u00e4\u00dfaufn\u00e4her.","og_url":"https:\/\/www.miomiorun.com\/de\/produkt\/nordik-2-pants-herren\/","og_site_name":"MioMioRun","article_publisher":"https:\/\/www.facebook.com\/miomiorun\/","article_modified_time":"2022-11-25T17:16:31+00:00","og_image":[{"width":600,"height":600,"url":"https:\/\/www.miomiorun.com\/app\/uploads\/2021\/10\/montura-nordik-2-pants-MPLS82X.9047.jpg","type":"image\/jpeg"}],"twitter_card":"summary_large_image","twitter_misc":{"Est. reading time":"3 minutes"},"schema":{"@context":"https:\/\/schema.org","@graph":[{"@type":"WebPage","@id":"https:\/\/www.miomiorun.com\/de\/produkt\/nordik-2-pants-herren\/","url":"https:\/\/www.miomiorun.com\/de\/produkt\/nordik-2-pants-herren\/","name":"Montura Nordik 2 Pants herren - Lange Hosen - MioMioRun","isPartOf":{"@id":"https:\/\/www.miomiorun.com\/de\/#website"},"primaryImageOfPage":{"@id":"https:\/\/www.miomiorun.com\/de\/produkt\/nordik-2-pants-herren\/#primaryimage"},"image":{"@id":"https:\/\/www.miomiorun.com\/de\/produkt\/nordik-2-pants-herren\/#primaryimage"},"thumbnailUrl":"https:\/\/www.miomiorun.com\/app\/uploads\/2021\/10\/montura-nordik-2-pants-MPLS82X.9047.jpg","datePublished":"2021-10-08T16:46:30+00:00","dateModified":"2022-11-25T17:16:31+00:00","description":"Die Nordik 2 Pants f\u00fcr M\u00e4nner ist eine lange Hose aus DWR-Stretch-Nylongewebe mit Gaze auf der R\u00fcckseite und einem Knie- und Ges\u00e4\u00dfaufn\u00e4her.","breadcrumb":{"@id":"https:\/\/www.miomiorun.com\/de\/produkt\/nordik-2-pants-herren\/#breadcrumb"},"inLanguage":"de-DE","potentialAction":[{"@type":"ReadAction","target":["https:\/\/www.miomiorun.com\/de\/produkt\/nordik-2-pants-herren\/"]}]},{"@type":"ImageObject","inLanguage":"de-DE","@id":"https:\/\/www.miomiorun.com\/de\/produkt\/nordik-2-pants-herren\/#primaryimage","url":"https:\/\/www.miomiorun.com\/app\/uploads\/2021\/10\/montura-nordik-2-pants-MPLS82X.9047.jpg","contentUrl":"https:\/\/www.miomiorun.com\/app\/uploads\/2021\/10\/montura-nordik-2-pants-MPLS82X.9047.jpg","width":600,"height":600,"caption":"montura nordik 2 pants"},{"@type":"BreadcrumbList","@id":"https:\/\/www.miomiorun.com\/de\/produkt\/nordik-2-pants-herren\/#breadcrumb","itemListElement":[{"@type":"ListItem","position":1,"name":"Home","item":"https:\/\/www.miomiorun.com\/de\/"},{"@type":"ListItem","position":2,"name":"Shop","item":"https:\/\/www.miomiorun.com\/shop\/"},{"@type":"ListItem","position":3,"name":"Nordik 2 Pants herren"}]},{"@type":"WebSite","@id":"https:\/\/www.miomiorun.com\/de\/#website","url":"https:\/\/www.miomiorun.com\/de\/","name":"MioMioRun","description":"100% Lauf- und Trailshop","publisher":{"@id":"https:\/\/www.miomiorun.com\/de\/#organization"},"potentialAction":[{"@type":"SearchAction","target":{"@type":"EntryPoint","urlTemplate":"https:\/\/www.miomiorun.com\/de\/?s={search_term_string}"},"query-input":{"@type":"PropertyValueSpecification","valueRequired":true,"valueName":"search_term_string"}}],"inLanguage":"de-DE"},{"@type":"Organization","@id":"https:\/\/www.miomiorun.com\/de\/#organization","name":"MioMio Run","url":"https:\/\/www.miomiorun.com\/de\/","logo":{"@type":"ImageObject","inLanguage":"de-DE","@id":"https:\/\/www.miomiorun.com\/de\/#\/schema\/logo\/image\/","url":"https:\/\/www.miomiorun.com\/app\/uploads\/2019\/12\/logomio.png","contentUrl":"https:\/\/www.miomiorun.com\/app\/uploads\/2019\/12\/logomio.png","width":115,"height":82,"caption":"MioMio Run"},"image":{"@id":"https:\/\/www.miomiorun.com\/de\/#\/schema\/logo\/image\/"},"sameAs":["https:\/\/www.facebook.com\/miomiorun\/","https:\/\/www.instagram.com\/miomiorun\/"]}]}},"_links":{"self":[{"href":"https:\/\/www.miomiorun.com\/de\/wp-json\/wp\/v2\/product\/81697","targetHints":{"allow":["GET"]}}],"collection":[{"href":"https:\/\/www.miomiorun.com\/de\/wp-json\/wp\/v2\/product"}],"about":[{"href":"https:\/\/www.miomiorun.com\/de\/wp-json\/wp\/v2\/types\/product"}],"wp:featuredmedia":[{"embeddable":true,"href":"https:\/\/www.miomiorun.com\/de\/wp-json\/wp\/v2\/media\/58744"}],"wp:attachment":[{"href":"https:\/\/www.miomiorun.com\/de\/wp-json\/wp\/v2\/media?parent=81697"}],"wp:term":[{"taxonomy":"product_brand","embeddable":true,"href":"https:\/\/www.miomiorun.com\/de\/wp-json\/wp\/v2\/product_brand?post=81697"},{"taxonomy":"product_cat","embeddable":true,"href":"https:\/\/www.miomiorun.com\/de\/wp-json\/wp\/v2\/product_cat?post=81697"},{"taxonomy":"product_tag","embeddable":true,"href":"https:\/\/www.miomiorun.com\/de\/wp-json\/wp\/v2\/product_tag?post=81697"}],"curies":[{"name":"wp","href":"https:\/\/api.w.org\/{rel}","templated":true}]}}