{"id":81694,"date":"2021-10-08T19:08:41","date_gmt":"2021-10-08T17:08:41","guid":{"rendered":"https:\/\/miomiorun.com\/prodotto\/montura-fancy-2-0-pants-donna\/"},"modified":"2024-05-21T11:03:47","modified_gmt":"2024-05-21T09:03:47","slug":"fancy-2-0-pants-damen","status":"publish","type":"product","link":"https:\/\/www.miomiorun.com\/de\/produkt\/fancy-2-0-pants-damen\/","title":{"rendered":"Fancy 2.0 Pants damen"},"content":{"rendered":"<div class=\"product-attribute-season\">\n<p>Die <strong>Fancy 2.0<\/strong> Pants ist eine Winterhose f\u00fcr Damen, die sich perfekt f\u00fcr den Einsatz im Winter und f\u00fcr Bergtouren eignet. Sie besteht aus 4-Wege-Stretch-Nylongewebe mit DWR-Beschichtung und rei\u00df- und abriebfestem Stretch-Nylon-Kniebesatz, teilweise mit Fleece gef\u00fcttert.<\/p>\n<p>Ideales Kleidungsst\u00fcck zum Klettern, Bergsteigen und f\u00fcr verschiedene Outdoor-Aktivit\u00e4ten.<\/p>\n<p><strong>Merkmale:<\/strong><\/p>\n<ul>\n<li>Lange Hosen f\u00fcr Frauen<\/li>\n<li>4-Wege-Stretch DWR-Nylongewebe<\/li>\n<li>Kontrastierendes DWR-Stretch-Nylongewebe<\/li>\n<li>Knieschutz aus rei\u00df- und abriebfestem Stretch-Nylongewebe<\/li>\n<li>Teilweise gef\u00fcttert mit Vliesstoff<\/li>\n<li>Elastischer Bund<\/li>\n<li>Handtaschen mit Rei\u00dfverschluss<\/li>\n<li>Verstellung am Boden mit Rei\u00dfverschluss und Zwickel<\/li>\n<li>Ideales Kleidungsst\u00fcck zum Klettern, Bergsteigen und f\u00fcr verschiedene Outdoor-Aktivit\u00e4ten<\/li>\n<\/ul>\n<p>Gewicht: 0,35 kg<\/p>\n<div class=\"product-attribute-season\"><img decoding=\"async\" src=\"https:\/\/www.montura.it\/pub\/media\/amasty\/shopby\/option_images\/slider\/climate_2.svg\" alt=\"Caldo\/Freddo\" \/><img decoding=\"async\" src=\"https:\/\/www.montura.it\/pub\/media\/amasty\/shopby\/option_images\/slider\/breathable_1.svg\" alt=\"breathable\" \/><img decoding=\"async\" src=\"https:\/\/www.montura.it\/pub\/media\/amasty\/shopby\/option_images\/slider\/water_repellent_1_1.svg\" alt=\"waterrepellent\" \/><img decoding=\"async\" src=\"https:\/\/www.montura.it\/pub\/media\/amasty\/shopby\/option_images\/slider\/wind_blocker_1.svg\" alt=\"windblocker\" \/><\/div>\n<div class=\"product-attribute product-attribute-passion\">\n<h3 class=\"attribute-label\">Aktivit\u00e4ten<\/h3>\n<p class=\"product-weight\"><img decoding=\"async\" src=\"https:\/\/www.montura.it\/pub\/media\/amasty\/shopby\/option_images\/slider\/ICM81.svg\" alt=\"ICM81\" \/><\/p>\n<\/div>\n<div class=\"product-attribute product-attribute-passion\">\n<div id=\"materials\" class=\"data item content\" role=\"tabpanel\" data-role=\"content\" aria-labelledby=\"tab-label-materials\" aria-hidden=\"false\">\n<div class=\"product-materials-content\">\n<div class=\"texture-content primary-texture\">\n<div class=\"content\">\n<div class=\"texture-text\">\n<div class=\"laundry-sides-texture\">\n<p>&nbsp;<\/p>\n<\/div>\n<div class=\"laundry-sides-texture\"><\/div>\n<\/div>\n<\/div>\n<\/div>\n<\/div>\n<\/div>\n<\/div>\n<\/div>\n","protected":false},"excerpt":{"rendered":"<p>Die Fancy 2.0 Pants ist eine Winterhose f\u00fcr Damen, die sich perfekt f\u00fcr den Einsatz im Winter und f\u00fcr Bergtouren eignet. Sie besteht aus 4-Wege-Stretch-Nylongewebe mit DWR-Beschichtung und rei\u00df- und abriebfestem Stretch-Nylon-Kniebesatz, teilweise mit Fleece gef\u00fcttert. Ideales Kleidungsst\u00fcck zum Klettern, Bergsteigen und f\u00fcr verschiedene Outdoor-Aktivit\u00e4ten. Merkmale: Lange Hosen f\u00fcr Frauen 4-Wege-Stretch DWR-Nylongewebe Kontrastierendes DWR-Stretch-Nylongewebe Knieschutz &hellip; <a href=\"https:\/\/www.miomiorun.com\/de\/produkt\/fancy-2-0-pants-damen\/\">Continued<\/a><\/p>\n","protected":false},"featured_media":58756,"template":"","meta":{"_acf_changed":false,"inline_featured_image":false},"product_brand":[],"product_cat":[6401,6487],"product_tag":[3379,6254],"class_list":{"0":"post-81694","1":"product","2":"type-product","3":"status-publish","4":"has-post-thumbnail","6":"product_cat-damenbekleidung","7":"product_cat-damenhosen","8":"product_tag-montura-de","9":"product_tag-montura-damen-de","10":"pa_attivita-gehen","11":"pa_attivita-outdoor-de","12":"pa_colore-fancy-2-0-pants-w-nero-rosa-sugar-de","13":"pa_marca-montura-de","14":"pa_sesso-damen","15":"pa_size-medium-de","17":"first","18":"instock","19":"taxable","20":"shipping-taxable","21":"purchasable","22":"product-type-variable","23":"wvs-archive-product-wrapper"},"acf":[],"yoast_head":"<!-- This site is optimized with the Yoast SEO plugin v26.8 - https:\/\/yoast.com\/product\/yoast-seo-wordpress\/ -->\n<title>Montura Fancy 2.0 Pants damen - Winterhose - MioMioRun<\/title>\n<meta name=\"description\" content=\"Die Fancy 2.0 Pants ist eine Winterhose f\u00fcr Damen, die sich perfekt f\u00fcr den Einsatz im Winter und f\u00fcr Bergtouren eignet.\" \/>\n<meta name=\"robots\" content=\"index, follow, max-snippet:-1, max-image-preview:large, max-video-preview:-1\" \/>\n<link rel=\"canonical\" href=\"https:\/\/www.miomiorun.com\/de\/produkt\/fancy-2-0-pants-damen\/\" \/>\n<meta property=\"og:locale\" content=\"de_DE\" \/>\n<meta property=\"og:type\" content=\"article\" \/>\n<meta property=\"og:title\" content=\"Montura Fancy 2.0 Pants damen - Winterhose - MioMioRun\" \/>\n<meta property=\"og:description\" content=\"Die Fancy 2.0 Pants ist eine Winterhose f\u00fcr Damen, die sich perfekt f\u00fcr den Einsatz im Winter und f\u00fcr Bergtouren eignet.\" \/>\n<meta property=\"og:url\" content=\"https:\/\/www.miomiorun.com\/de\/produkt\/fancy-2-0-pants-damen\/\" \/>\n<meta property=\"og:site_name\" content=\"MioMioRun\" \/>\n<meta property=\"article:publisher\" content=\"https:\/\/www.facebook.com\/miomiorun\/\" \/>\n<meta property=\"article:modified_time\" content=\"2024-05-21T09:03:47+00:00\" \/>\n<meta property=\"og:image\" content=\"https:\/\/www.miomiorun.com\/app\/uploads\/2021\/10\/montura-fancy-2.0-pants-MPLS58W.9004.jpg\" \/>\n\t<meta property=\"og:image:width\" content=\"600\" \/>\n\t<meta property=\"og:image:height\" content=\"600\" \/>\n\t<meta property=\"og:image:type\" content=\"image\/jpeg\" \/>\n<meta name=\"twitter:card\" content=\"summary_large_image\" \/>\n<meta name=\"twitter:label1\" content=\"Est. reading time\" \/>\n\t<meta name=\"twitter:data1\" content=\"2 minutes\" \/>\n<script type=\"application\/ld+json\" class=\"yoast-schema-graph\">{\"@context\":\"https:\/\/schema.org\",\"@graph\":[{\"@type\":\"WebPage\",\"@id\":\"https:\/\/www.miomiorun.com\/de\/produkt\/fancy-2-0-pants-damen\/\",\"url\":\"https:\/\/www.miomiorun.com\/de\/produkt\/fancy-2-0-pants-damen\/\",\"name\":\"Montura Fancy 2.0 Pants damen - Winterhose - MioMioRun\",\"isPartOf\":{\"@id\":\"https:\/\/www.miomiorun.com\/de\/#website\"},\"primaryImageOfPage\":{\"@id\":\"https:\/\/www.miomiorun.com\/de\/produkt\/fancy-2-0-pants-damen\/#primaryimage\"},\"image\":{\"@id\":\"https:\/\/www.miomiorun.com\/de\/produkt\/fancy-2-0-pants-damen\/#primaryimage\"},\"thumbnailUrl\":\"https:\/\/www.miomiorun.com\/app\/uploads\/2021\/10\/montura-fancy-2.0-pants-MPLS58W.9004.jpg\",\"datePublished\":\"2021-10-08T17:08:41+00:00\",\"dateModified\":\"2024-05-21T09:03:47+00:00\",\"description\":\"Die Fancy 2.0 Pants ist eine Winterhose f\u00fcr Damen, die sich perfekt f\u00fcr den Einsatz im Winter und f\u00fcr Bergtouren eignet.\",\"breadcrumb\":{\"@id\":\"https:\/\/www.miomiorun.com\/de\/produkt\/fancy-2-0-pants-damen\/#breadcrumb\"},\"inLanguage\":\"de-DE\",\"potentialAction\":[{\"@type\":\"ReadAction\",\"target\":[\"https:\/\/www.miomiorun.com\/de\/produkt\/fancy-2-0-pants-damen\/\"]}]},{\"@type\":\"ImageObject\",\"inLanguage\":\"de-DE\",\"@id\":\"https:\/\/www.miomiorun.com\/de\/produkt\/fancy-2-0-pants-damen\/#primaryimage\",\"url\":\"https:\/\/www.miomiorun.com\/app\/uploads\/2021\/10\/montura-fancy-2.0-pants-MPLS58W.9004.jpg\",\"contentUrl\":\"https:\/\/www.miomiorun.com\/app\/uploads\/2021\/10\/montura-fancy-2.0-pants-MPLS58W.9004.jpg\",\"width\":600,\"height\":600,\"caption\":\"montura fancy 2.0 pants\"},{\"@type\":\"BreadcrumbList\",\"@id\":\"https:\/\/www.miomiorun.com\/de\/produkt\/fancy-2-0-pants-damen\/#breadcrumb\",\"itemListElement\":[{\"@type\":\"ListItem\",\"position\":1,\"name\":\"Home\",\"item\":\"https:\/\/www.miomiorun.com\/de\/\"},{\"@type\":\"ListItem\",\"position\":2,\"name\":\"Shop\",\"item\":\"https:\/\/www.miomiorun.com\/shop\/\"},{\"@type\":\"ListItem\",\"position\":3,\"name\":\"Fancy 2.0 Pants damen\"}]},{\"@type\":\"WebSite\",\"@id\":\"https:\/\/www.miomiorun.com\/de\/#website\",\"url\":\"https:\/\/www.miomiorun.com\/de\/\",\"name\":\"MioMioRun\",\"description\":\"100% Lauf- und Trailshop\",\"publisher\":{\"@id\":\"https:\/\/www.miomiorun.com\/de\/#organization\"},\"potentialAction\":[{\"@type\":\"SearchAction\",\"target\":{\"@type\":\"EntryPoint\",\"urlTemplate\":\"https:\/\/www.miomiorun.com\/de\/?s={search_term_string}\"},\"query-input\":{\"@type\":\"PropertyValueSpecification\",\"valueRequired\":true,\"valueName\":\"search_term_string\"}}],\"inLanguage\":\"de-DE\"},{\"@type\":\"Organization\",\"@id\":\"https:\/\/www.miomiorun.com\/de\/#organization\",\"name\":\"MioMio Run\",\"url\":\"https:\/\/www.miomiorun.com\/de\/\",\"logo\":{\"@type\":\"ImageObject\",\"inLanguage\":\"de-DE\",\"@id\":\"https:\/\/www.miomiorun.com\/de\/#\/schema\/logo\/image\/\",\"url\":\"https:\/\/www.miomiorun.com\/app\/uploads\/2019\/12\/logomio.png\",\"contentUrl\":\"https:\/\/www.miomiorun.com\/app\/uploads\/2019\/12\/logomio.png\",\"width\":115,\"height\":82,\"caption\":\"MioMio Run\"},\"image\":{\"@id\":\"https:\/\/www.miomiorun.com\/de\/#\/schema\/logo\/image\/\"},\"sameAs\":[\"https:\/\/www.facebook.com\/miomiorun\/\",\"https:\/\/www.instagram.com\/miomiorun\/\"]}]}<\/script>\n<!-- \/ Yoast SEO plugin. -->","yoast_head_json":{"title":"Montura Fancy 2.0 Pants damen - Winterhose - MioMioRun","description":"Die Fancy 2.0 Pants ist eine Winterhose f\u00fcr Damen, die sich perfekt f\u00fcr den Einsatz im Winter und f\u00fcr Bergtouren eignet.","robots":{"index":"index","follow":"follow","max-snippet":"max-snippet:-1","max-image-preview":"max-image-preview:large","max-video-preview":"max-video-preview:-1"},"canonical":"https:\/\/www.miomiorun.com\/de\/produkt\/fancy-2-0-pants-damen\/","og_locale":"de_DE","og_type":"article","og_title":"Montura Fancy 2.0 Pants damen - Winterhose - MioMioRun","og_description":"Die Fancy 2.0 Pants ist eine Winterhose f\u00fcr Damen, die sich perfekt f\u00fcr den Einsatz im Winter und f\u00fcr Bergtouren eignet.","og_url":"https:\/\/www.miomiorun.com\/de\/produkt\/fancy-2-0-pants-damen\/","og_site_name":"MioMioRun","article_publisher":"https:\/\/www.facebook.com\/miomiorun\/","article_modified_time":"2024-05-21T09:03:47+00:00","og_image":[{"width":600,"height":600,"url":"https:\/\/www.miomiorun.com\/app\/uploads\/2021\/10\/montura-fancy-2.0-pants-MPLS58W.9004.jpg","type":"image\/jpeg"}],"twitter_card":"summary_large_image","twitter_misc":{"Est. reading time":"2 minutes"},"schema":{"@context":"https:\/\/schema.org","@graph":[{"@type":"WebPage","@id":"https:\/\/www.miomiorun.com\/de\/produkt\/fancy-2-0-pants-damen\/","url":"https:\/\/www.miomiorun.com\/de\/produkt\/fancy-2-0-pants-damen\/","name":"Montura Fancy 2.0 Pants damen - Winterhose - MioMioRun","isPartOf":{"@id":"https:\/\/www.miomiorun.com\/de\/#website"},"primaryImageOfPage":{"@id":"https:\/\/www.miomiorun.com\/de\/produkt\/fancy-2-0-pants-damen\/#primaryimage"},"image":{"@id":"https:\/\/www.miomiorun.com\/de\/produkt\/fancy-2-0-pants-damen\/#primaryimage"},"thumbnailUrl":"https:\/\/www.miomiorun.com\/app\/uploads\/2021\/10\/montura-fancy-2.0-pants-MPLS58W.9004.jpg","datePublished":"2021-10-08T17:08:41+00:00","dateModified":"2024-05-21T09:03:47+00:00","description":"Die Fancy 2.0 Pants ist eine Winterhose f\u00fcr Damen, die sich perfekt f\u00fcr den Einsatz im Winter und f\u00fcr Bergtouren eignet.","breadcrumb":{"@id":"https:\/\/www.miomiorun.com\/de\/produkt\/fancy-2-0-pants-damen\/#breadcrumb"},"inLanguage":"de-DE","potentialAction":[{"@type":"ReadAction","target":["https:\/\/www.miomiorun.com\/de\/produkt\/fancy-2-0-pants-damen\/"]}]},{"@type":"ImageObject","inLanguage":"de-DE","@id":"https:\/\/www.miomiorun.com\/de\/produkt\/fancy-2-0-pants-damen\/#primaryimage","url":"https:\/\/www.miomiorun.com\/app\/uploads\/2021\/10\/montura-fancy-2.0-pants-MPLS58W.9004.jpg","contentUrl":"https:\/\/www.miomiorun.com\/app\/uploads\/2021\/10\/montura-fancy-2.0-pants-MPLS58W.9004.jpg","width":600,"height":600,"caption":"montura fancy 2.0 pants"},{"@type":"BreadcrumbList","@id":"https:\/\/www.miomiorun.com\/de\/produkt\/fancy-2-0-pants-damen\/#breadcrumb","itemListElement":[{"@type":"ListItem","position":1,"name":"Home","item":"https:\/\/www.miomiorun.com\/de\/"},{"@type":"ListItem","position":2,"name":"Shop","item":"https:\/\/www.miomiorun.com\/shop\/"},{"@type":"ListItem","position":3,"name":"Fancy 2.0 Pants damen"}]},{"@type":"WebSite","@id":"https:\/\/www.miomiorun.com\/de\/#website","url":"https:\/\/www.miomiorun.com\/de\/","name":"MioMioRun","description":"100% Lauf- und Trailshop","publisher":{"@id":"https:\/\/www.miomiorun.com\/de\/#organization"},"potentialAction":[{"@type":"SearchAction","target":{"@type":"EntryPoint","urlTemplate":"https:\/\/www.miomiorun.com\/de\/?s={search_term_string}"},"query-input":{"@type":"PropertyValueSpecification","valueRequired":true,"valueName":"search_term_string"}}],"inLanguage":"de-DE"},{"@type":"Organization","@id":"https:\/\/www.miomiorun.com\/de\/#organization","name":"MioMio Run","url":"https:\/\/www.miomiorun.com\/de\/","logo":{"@type":"ImageObject","inLanguage":"de-DE","@id":"https:\/\/www.miomiorun.com\/de\/#\/schema\/logo\/image\/","url":"https:\/\/www.miomiorun.com\/app\/uploads\/2019\/12\/logomio.png","contentUrl":"https:\/\/www.miomiorun.com\/app\/uploads\/2019\/12\/logomio.png","width":115,"height":82,"caption":"MioMio Run"},"image":{"@id":"https:\/\/www.miomiorun.com\/de\/#\/schema\/logo\/image\/"},"sameAs":["https:\/\/www.facebook.com\/miomiorun\/","https:\/\/www.instagram.com\/miomiorun\/"]}]}},"_links":{"self":[{"href":"https:\/\/www.miomiorun.com\/de\/wp-json\/wp\/v2\/product\/81694","targetHints":{"allow":["GET"]}}],"collection":[{"href":"https:\/\/www.miomiorun.com\/de\/wp-json\/wp\/v2\/product"}],"about":[{"href":"https:\/\/www.miomiorun.com\/de\/wp-json\/wp\/v2\/types\/product"}],"wp:featuredmedia":[{"embeddable":true,"href":"https:\/\/www.miomiorun.com\/de\/wp-json\/wp\/v2\/media\/58756"}],"wp:attachment":[{"href":"https:\/\/www.miomiorun.com\/de\/wp-json\/wp\/v2\/media?parent=81694"}],"wp:term":[{"taxonomy":"product_brand","embeddable":true,"href":"https:\/\/www.miomiorun.com\/de\/wp-json\/wp\/v2\/product_brand?post=81694"},{"taxonomy":"product_cat","embeddable":true,"href":"https:\/\/www.miomiorun.com\/de\/wp-json\/wp\/v2\/product_cat?post=81694"},{"taxonomy":"product_tag","embeddable":true,"href":"https:\/\/www.miomiorun.com\/de\/wp-json\/wp\/v2\/product_tag?post=81694"}],"curies":[{"name":"wp","href":"https:\/\/api.w.org\/{rel}","templated":true}]}}