{"id":81675,"date":"2021-10-29T18:16:41","date_gmt":"2021-10-29T16:16:41","guid":{"rendered":"https:\/\/miomiorun.com\/prodotto\/montura-vulcan-2-0-jacket-donna\/"},"modified":"2022-10-13T16:32:37","modified_gmt":"2022-10-13T14:32:37","slug":"vulcan-2-0-jacket-damen","status":"publish","type":"product","link":"https:\/\/www.miomiorun.com\/de\/produkt\/vulcan-2-0-jacket-damen\/","title":{"rendered":"Vulcan 2.0 Jacket damen"},"content":{"rendered":"<div class=\"product-attribute product-attribute-passion\">\n<div id=\"materials\" class=\"data item content\" role=\"tabpanel\" data-role=\"content\" aria-labelledby=\"tab-label-materials\" aria-hidden=\"false\">\n<div class=\"product-materials-content\">\n<div class=\"texture-content secondary-texture\">\n<div class=\"content\">\n<div class=\"texture-text\">\n<p>Die <strong>Vulcan 2.0<\/strong> Jacket f\u00fcr Damen ist eine wattierte Kapuzenjacke aus 2-lagigem DWR-Nylongewebe mit 15K\/15K-Membran, gef\u00fcttert mit DWR-Nylongewebe und einer ultraleichten Comfortemp\u00ae 60gr Polyesterwattierung. Ideal f\u00fcr alle Aktivit\u00e4ten im Freien w\u00e4hrend der Wintermonate.<\/p>\n<p><strong>Merkmale:<\/strong><\/p>\n<p>&#8211; Wattierte Jacke mit Kapuze f\u00fcr Frauen<br \/>\n&#8211; 2-lagiges DWR-Nylongewebe mit 15K\/15K-Membran<br \/>\n&#8211; Gef\u00fcttert mit DWR-Nylongewebe<br \/>\n&#8211; Ultraleichte Comfortemp\u00ae 60gr Polyester-Polsterung<br \/>\n&#8211; R\u00fccken mit 100% Polyester Polartec Alpha Direct Polsterung<br \/>\n&#8211; Handschuh aus Polyester-Jersey mit Daumenloch<br \/>\n&#8211; Rei\u00dfverschluss vorne in der Mitte, Rei\u00dfverschlusstaschen an den H\u00e4nden<br \/>\n&#8211; Innere Rei\u00dfverschlusstasche<br \/>\n&#8211; Tasche mit Stautaschenfunktion<br \/>\n&#8211; Kapuze, \u00c4rmelb\u00fcndchen und Saum mit elastischem Abschluss<br \/>\n&#8211; Reflektierende Anwendungen f\u00fcr bessere Sichtbarkeit<br \/>\n&#8211; Ideales Kleidungsst\u00fcck f\u00fcr Skitouren, Bergsteigen und Outdoor-Aktivit\u00e4ten<\/p>\n<p>Gewicht: 0,37 kg<\/p>\n<p><img loading=\"lazy\" decoding=\"async\" class=\"\" src=\"https:\/\/www.montura.it\/pub\/media\/amasty\/shopby\/option_images\/slider\/climate.svg\" alt=\"Freddo\" width=\"73\" height=\"96\" \/><img loading=\"lazy\" decoding=\"async\" class=\"\" src=\"https:\/\/www.montura.it\/pub\/media\/amasty\/shopby\/option_images\/slider\/water_repellent_1_1.svg\" alt=\"waterrepellent\" width=\"135\" height=\"95\" \/><img loading=\"lazy\" decoding=\"async\" class=\"\" src=\"https:\/\/www.montura.it\/pub\/media\/amasty\/shopby\/option_images\/slider\/wind_blocker_1.svg\" alt=\"windblocker\" width=\"100\" height=\"83\" \/><\/p>\n<p><img decoding=\"async\" src=\"https:\/\/www.montura.it\/pub\/media\/amasty\/shopby\/option_images\/slider\/ICM102.svg\" alt=\"ICM102\" \/><\/p>\n<\/div>\n<\/div>\n<\/div>\n<\/div>\n<\/div>\n<\/div>\n","protected":false},"excerpt":{"rendered":"<p>&#8211; Wattierte Jacke mit Kapuze f\u00fcr Frauen<br \/>\n&#8211; 2-lagiges DWR-Nylongewebe mit 15K\/15K-Membran<br \/>\n&#8211; Gef\u00fcttert mit DWR-Nylongewebe<\/p>\n","protected":false},"featured_media":59394,"template":"","meta":{"_acf_changed":false,"inline_featured_image":false},"product_brand":[],"product_cat":[6400,6401,6404],"product_tag":[3379,6254],"class_list":{"0":"post-81675","1":"product","2":"type-product","3":"status-publish","4":"has-post-thumbnail","6":"product_cat-damen","7":"product_cat-damenbekleidung","8":"product_cat-damenjacken","9":"product_tag-montura-de","10":"product_tag-montura-damen-de","11":"pa_attivita-gehen","12":"pa_attivita-outdoor-de","13":"pa_colore-vulcan-2-0-jacket-w-nero-rosa-sugar-de","14":"pa_marca-montura-de","15":"pa_sesso-damen","16":"pa_size-small-de","18":"first","19":"instock","20":"taxable","21":"shipping-taxable","22":"purchasable","23":"product-type-variable","24":"wvs-archive-product-wrapper"},"acf":[],"yoast_head":"<!-- This site is optimized with the Yoast SEO plugin v26.8 - https:\/\/yoast.com\/product\/yoast-seo-wordpress\/ -->\n<title>Vulcan 2.0 Jacket damen - Winterjacke - MioMioRun<\/title>\n<meta name=\"description\" content=\"Die Vulcan 2.0 Jacket f\u00fcr Damen ist eine wattierte Kapuzenjacke aus 2-lagigem DWR-Nylongewebe mit 15K\/15K-Membran, gef\u00fcttert mit DWR-Nylongewebe\" \/>\n<meta name=\"robots\" content=\"index, follow, max-snippet:-1, max-image-preview:large, max-video-preview:-1\" \/>\n<link rel=\"canonical\" href=\"https:\/\/www.miomiorun.com\/de\/produkt\/vulcan-2-0-jacket-damen\/\" \/>\n<meta property=\"og:locale\" content=\"de_DE\" \/>\n<meta property=\"og:type\" content=\"article\" \/>\n<meta property=\"og:title\" content=\"Vulcan 2.0 Jacket damen - Winterjacke - MioMioRun\" \/>\n<meta property=\"og:description\" content=\"Die Vulcan 2.0 Jacket f\u00fcr Damen ist eine wattierte Kapuzenjacke aus 2-lagigem DWR-Nylongewebe mit 15K\/15K-Membran, gef\u00fcttert mit DWR-Nylongewebe\" \/>\n<meta property=\"og:url\" content=\"https:\/\/www.miomiorun.com\/de\/produkt\/vulcan-2-0-jacket-damen\/\" \/>\n<meta property=\"og:site_name\" content=\"MioMioRun\" \/>\n<meta property=\"article:publisher\" content=\"https:\/\/www.facebook.com\/miomiorun\/\" \/>\n<meta property=\"article:modified_time\" content=\"2022-10-13T14:32:37+00:00\" \/>\n<meta property=\"og:image\" content=\"https:\/\/www.miomiorun.com\/app\/uploads\/2021\/11\/montura-vulcan-2.0-jacket-MJAK85W.9004.jpg\" \/>\n\t<meta property=\"og:image:width\" content=\"600\" \/>\n\t<meta property=\"og:image:height\" content=\"600\" \/>\n\t<meta property=\"og:image:type\" content=\"image\/jpeg\" \/>\n<meta name=\"twitter:card\" content=\"summary_large_image\" \/>\n<meta name=\"twitter:label1\" content=\"Est. reading time\" \/>\n\t<meta name=\"twitter:data1\" content=\"2 minutes\" \/>\n<script type=\"application\/ld+json\" class=\"yoast-schema-graph\">{\"@context\":\"https:\/\/schema.org\",\"@graph\":[{\"@type\":\"WebPage\",\"@id\":\"https:\/\/www.miomiorun.com\/de\/produkt\/vulcan-2-0-jacket-damen\/\",\"url\":\"https:\/\/www.miomiorun.com\/de\/produkt\/vulcan-2-0-jacket-damen\/\",\"name\":\"Vulcan 2.0 Jacket damen - Winterjacke - MioMioRun\",\"isPartOf\":{\"@id\":\"https:\/\/www.miomiorun.com\/de\/#website\"},\"primaryImageOfPage\":{\"@id\":\"https:\/\/www.miomiorun.com\/de\/produkt\/vulcan-2-0-jacket-damen\/#primaryimage\"},\"image\":{\"@id\":\"https:\/\/www.miomiorun.com\/de\/produkt\/vulcan-2-0-jacket-damen\/#primaryimage\"},\"thumbnailUrl\":\"https:\/\/www.miomiorun.com\/app\/uploads\/2021\/11\/montura-vulcan-2.0-jacket-MJAK85W.9004.jpg\",\"datePublished\":\"2021-10-29T16:16:41+00:00\",\"dateModified\":\"2022-10-13T14:32:37+00:00\",\"description\":\"Die Vulcan 2.0 Jacket f\u00fcr Damen ist eine wattierte Kapuzenjacke aus 2-lagigem DWR-Nylongewebe mit 15K\/15K-Membran, gef\u00fcttert mit DWR-Nylongewebe\",\"breadcrumb\":{\"@id\":\"https:\/\/www.miomiorun.com\/de\/produkt\/vulcan-2-0-jacket-damen\/#breadcrumb\"},\"inLanguage\":\"de-DE\",\"potentialAction\":[{\"@type\":\"ReadAction\",\"target\":[\"https:\/\/www.miomiorun.com\/de\/produkt\/vulcan-2-0-jacket-damen\/\"]}]},{\"@type\":\"ImageObject\",\"inLanguage\":\"de-DE\",\"@id\":\"https:\/\/www.miomiorun.com\/de\/produkt\/vulcan-2-0-jacket-damen\/#primaryimage\",\"url\":\"https:\/\/www.miomiorun.com\/app\/uploads\/2021\/11\/montura-vulcan-2.0-jacket-MJAK85W.9004.jpg\",\"contentUrl\":\"https:\/\/www.miomiorun.com\/app\/uploads\/2021\/11\/montura-vulcan-2.0-jacket-MJAK85W.9004.jpg\",\"width\":600,\"height\":600,\"caption\":\"montura vulcan 2.0 jacket\"},{\"@type\":\"BreadcrumbList\",\"@id\":\"https:\/\/www.miomiorun.com\/de\/produkt\/vulcan-2-0-jacket-damen\/#breadcrumb\",\"itemListElement\":[{\"@type\":\"ListItem\",\"position\":1,\"name\":\"Home\",\"item\":\"https:\/\/www.miomiorun.com\/de\/\"},{\"@type\":\"ListItem\",\"position\":2,\"name\":\"Shop\",\"item\":\"https:\/\/www.miomiorun.com\/shop\/\"},{\"@type\":\"ListItem\",\"position\":3,\"name\":\"Vulcan 2.0 Jacket damen\"}]},{\"@type\":\"WebSite\",\"@id\":\"https:\/\/www.miomiorun.com\/de\/#website\",\"url\":\"https:\/\/www.miomiorun.com\/de\/\",\"name\":\"MioMioRun\",\"description\":\"100% Lauf- und Trailshop\",\"publisher\":{\"@id\":\"https:\/\/www.miomiorun.com\/de\/#organization\"},\"potentialAction\":[{\"@type\":\"SearchAction\",\"target\":{\"@type\":\"EntryPoint\",\"urlTemplate\":\"https:\/\/www.miomiorun.com\/de\/?s={search_term_string}\"},\"query-input\":{\"@type\":\"PropertyValueSpecification\",\"valueRequired\":true,\"valueName\":\"search_term_string\"}}],\"inLanguage\":\"de-DE\"},{\"@type\":\"Organization\",\"@id\":\"https:\/\/www.miomiorun.com\/de\/#organization\",\"name\":\"MioMio Run\",\"url\":\"https:\/\/www.miomiorun.com\/de\/\",\"logo\":{\"@type\":\"ImageObject\",\"inLanguage\":\"de-DE\",\"@id\":\"https:\/\/www.miomiorun.com\/de\/#\/schema\/logo\/image\/\",\"url\":\"https:\/\/www.miomiorun.com\/app\/uploads\/2019\/12\/logomio.png\",\"contentUrl\":\"https:\/\/www.miomiorun.com\/app\/uploads\/2019\/12\/logomio.png\",\"width\":115,\"height\":82,\"caption\":\"MioMio Run\"},\"image\":{\"@id\":\"https:\/\/www.miomiorun.com\/de\/#\/schema\/logo\/image\/\"},\"sameAs\":[\"https:\/\/www.facebook.com\/miomiorun\/\",\"https:\/\/www.instagram.com\/miomiorun\/\"]}]}<\/script>\n<!-- \/ Yoast SEO plugin. -->","yoast_head_json":{"title":"Vulcan 2.0 Jacket damen - Winterjacke - MioMioRun","description":"Die Vulcan 2.0 Jacket f\u00fcr Damen ist eine wattierte Kapuzenjacke aus 2-lagigem DWR-Nylongewebe mit 15K\/15K-Membran, gef\u00fcttert mit DWR-Nylongewebe","robots":{"index":"index","follow":"follow","max-snippet":"max-snippet:-1","max-image-preview":"max-image-preview:large","max-video-preview":"max-video-preview:-1"},"canonical":"https:\/\/www.miomiorun.com\/de\/produkt\/vulcan-2-0-jacket-damen\/","og_locale":"de_DE","og_type":"article","og_title":"Vulcan 2.0 Jacket damen - Winterjacke - MioMioRun","og_description":"Die Vulcan 2.0 Jacket f\u00fcr Damen ist eine wattierte Kapuzenjacke aus 2-lagigem DWR-Nylongewebe mit 15K\/15K-Membran, gef\u00fcttert mit DWR-Nylongewebe","og_url":"https:\/\/www.miomiorun.com\/de\/produkt\/vulcan-2-0-jacket-damen\/","og_site_name":"MioMioRun","article_publisher":"https:\/\/www.facebook.com\/miomiorun\/","article_modified_time":"2022-10-13T14:32:37+00:00","og_image":[{"width":600,"height":600,"url":"https:\/\/www.miomiorun.com\/app\/uploads\/2021\/11\/montura-vulcan-2.0-jacket-MJAK85W.9004.jpg","type":"image\/jpeg"}],"twitter_card":"summary_large_image","twitter_misc":{"Est. reading time":"2 minutes"},"schema":{"@context":"https:\/\/schema.org","@graph":[{"@type":"WebPage","@id":"https:\/\/www.miomiorun.com\/de\/produkt\/vulcan-2-0-jacket-damen\/","url":"https:\/\/www.miomiorun.com\/de\/produkt\/vulcan-2-0-jacket-damen\/","name":"Vulcan 2.0 Jacket damen - Winterjacke - MioMioRun","isPartOf":{"@id":"https:\/\/www.miomiorun.com\/de\/#website"},"primaryImageOfPage":{"@id":"https:\/\/www.miomiorun.com\/de\/produkt\/vulcan-2-0-jacket-damen\/#primaryimage"},"image":{"@id":"https:\/\/www.miomiorun.com\/de\/produkt\/vulcan-2-0-jacket-damen\/#primaryimage"},"thumbnailUrl":"https:\/\/www.miomiorun.com\/app\/uploads\/2021\/11\/montura-vulcan-2.0-jacket-MJAK85W.9004.jpg","datePublished":"2021-10-29T16:16:41+00:00","dateModified":"2022-10-13T14:32:37+00:00","description":"Die Vulcan 2.0 Jacket f\u00fcr Damen ist eine wattierte Kapuzenjacke aus 2-lagigem DWR-Nylongewebe mit 15K\/15K-Membran, gef\u00fcttert mit DWR-Nylongewebe","breadcrumb":{"@id":"https:\/\/www.miomiorun.com\/de\/produkt\/vulcan-2-0-jacket-damen\/#breadcrumb"},"inLanguage":"de-DE","potentialAction":[{"@type":"ReadAction","target":["https:\/\/www.miomiorun.com\/de\/produkt\/vulcan-2-0-jacket-damen\/"]}]},{"@type":"ImageObject","inLanguage":"de-DE","@id":"https:\/\/www.miomiorun.com\/de\/produkt\/vulcan-2-0-jacket-damen\/#primaryimage","url":"https:\/\/www.miomiorun.com\/app\/uploads\/2021\/11\/montura-vulcan-2.0-jacket-MJAK85W.9004.jpg","contentUrl":"https:\/\/www.miomiorun.com\/app\/uploads\/2021\/11\/montura-vulcan-2.0-jacket-MJAK85W.9004.jpg","width":600,"height":600,"caption":"montura vulcan 2.0 jacket"},{"@type":"BreadcrumbList","@id":"https:\/\/www.miomiorun.com\/de\/produkt\/vulcan-2-0-jacket-damen\/#breadcrumb","itemListElement":[{"@type":"ListItem","position":1,"name":"Home","item":"https:\/\/www.miomiorun.com\/de\/"},{"@type":"ListItem","position":2,"name":"Shop","item":"https:\/\/www.miomiorun.com\/shop\/"},{"@type":"ListItem","position":3,"name":"Vulcan 2.0 Jacket damen"}]},{"@type":"WebSite","@id":"https:\/\/www.miomiorun.com\/de\/#website","url":"https:\/\/www.miomiorun.com\/de\/","name":"MioMioRun","description":"100% Lauf- und Trailshop","publisher":{"@id":"https:\/\/www.miomiorun.com\/de\/#organization"},"potentialAction":[{"@type":"SearchAction","target":{"@type":"EntryPoint","urlTemplate":"https:\/\/www.miomiorun.com\/de\/?s={search_term_string}"},"query-input":{"@type":"PropertyValueSpecification","valueRequired":true,"valueName":"search_term_string"}}],"inLanguage":"de-DE"},{"@type":"Organization","@id":"https:\/\/www.miomiorun.com\/de\/#organization","name":"MioMio Run","url":"https:\/\/www.miomiorun.com\/de\/","logo":{"@type":"ImageObject","inLanguage":"de-DE","@id":"https:\/\/www.miomiorun.com\/de\/#\/schema\/logo\/image\/","url":"https:\/\/www.miomiorun.com\/app\/uploads\/2019\/12\/logomio.png","contentUrl":"https:\/\/www.miomiorun.com\/app\/uploads\/2019\/12\/logomio.png","width":115,"height":82,"caption":"MioMio Run"},"image":{"@id":"https:\/\/www.miomiorun.com\/de\/#\/schema\/logo\/image\/"},"sameAs":["https:\/\/www.facebook.com\/miomiorun\/","https:\/\/www.instagram.com\/miomiorun\/"]}]}},"_links":{"self":[{"href":"https:\/\/www.miomiorun.com\/de\/wp-json\/wp\/v2\/product\/81675","targetHints":{"allow":["GET"]}}],"collection":[{"href":"https:\/\/www.miomiorun.com\/de\/wp-json\/wp\/v2\/product"}],"about":[{"href":"https:\/\/www.miomiorun.com\/de\/wp-json\/wp\/v2\/types\/product"}],"wp:featuredmedia":[{"embeddable":true,"href":"https:\/\/www.miomiorun.com\/de\/wp-json\/wp\/v2\/media\/59394"}],"wp:attachment":[{"href":"https:\/\/www.miomiorun.com\/de\/wp-json\/wp\/v2\/media?parent=81675"}],"wp:term":[{"taxonomy":"product_brand","embeddable":true,"href":"https:\/\/www.miomiorun.com\/de\/wp-json\/wp\/v2\/product_brand?post=81675"},{"taxonomy":"product_cat","embeddable":true,"href":"https:\/\/www.miomiorun.com\/de\/wp-json\/wp\/v2\/product_cat?post=81675"},{"taxonomy":"product_tag","embeddable":true,"href":"https:\/\/www.miomiorun.com\/de\/wp-json\/wp\/v2\/product_tag?post=81675"}],"curies":[{"name":"wp","href":"https:\/\/api.w.org\/{rel}","templated":true}]}}