{"id":81657,"date":"2021-11-05T17:14:12","date_gmt":"2021-11-05T16:14:12","guid":{"rendered":"https:\/\/miomiorun.com\/prodotto\/montura-stretch-color-hoody-jacket-donna\/"},"modified":"2024-05-25T11:34:14","modified_gmt":"2024-05-25T09:34:14","slug":"stretch-color-hoody-jacke-damen","status":"publish","type":"product","link":"https:\/\/www.miomiorun.com\/de\/produkt\/stretch-color-hoody-jacke-damen\/","title":{"rendered":"Stretch Color Hoody Jacke damen"},"content":{"rendered":"<div class=\"product-attribute product-attribute-passion\">\n<p>Der<strong> Stretch Color Hoody<\/strong> f\u00fcr Damen von Montura besteht aus atmungsaktivem Polartec Power Grid Polyester-Fleece mit UV-Schutz. Kontrastierender Stretch-Fleece-Stoff, teilweise gef\u00fcttert mit Webstoff. Vorderseite in der Mitte mit Rei\u00dfverschluss, Eingrifftaschen mit Rei\u00dfverschluss, offene Innentasche und Kapuze, B\u00fcndchen und Saum mit Gummizug. Dieses Kleidungsst\u00fcck ist ideal f\u00fcr verschiedene Outdoor- und Freizeitaktivit\u00e4ten in den Wintermonaten.<\/p>\n<h3>Merkmale:<\/h3>\n<p>&#8211; Trikot mit offener Kapuze f\u00fcr M\u00e4nner<br \/>\n&#8211; Atmungsaktives Polartec Power Grid Polyester-Fleece mit UV-Schutz<br \/>\n&#8211; Kontrastierender Stretch-Fleece-Stoff<br \/>\n&#8211; Teilweise mit Netzgewebe gef\u00fcttert<br \/>\n&#8211; Vorderseite in der Mitte mit Rei\u00dfverschluss, Handw\u00e4rmtaschen mit Rei\u00dfverschluss<br \/>\n&#8211; Kapuze und Saum mit elastischem Abschluss<br \/>\n&#8211; Ideales Kleidungsst\u00fcck zum Bergsteigen und f\u00fcr verschiedene Outdoor-Aktivit\u00e4ten<\/p>\n<p>Gewicht: 0,41 kg<\/p>\n<div class=\"product-info-main\">\n<div class=\"product-attribute-season\"><img decoding=\"async\" src=\"https:\/\/www.montura.it\/pub\/media\/amasty\/shopby\/option_images\/slider\/climate.svg\" alt=\"Freddo\" \/><img decoding=\"async\" src=\"https:\/\/www.montura.it\/pub\/media\/amasty\/shopby\/option_images\/slider\/breathable_1.svg\" alt=\"breathable\" \/><\/div>\n<div class=\"product-attribute product-attribute-passion\">\n<h3 class=\"attribute-label\">Aktivit\u00e4ten<\/h3>\n<p><img decoding=\"async\" src=\"https:\/\/www.montura.it\/pub\/media\/amasty\/shopby\/option_images\/slider\/ICM103.svg\" alt=\"ICM103\" \/><\/p>\n<\/div>\n<\/div>\n<\/div>\n","protected":false},"excerpt":{"rendered":"<p>&#8211; Atmungsaktives Polartec Power Grid Polyester-Fleece mit UV-Schutz<br \/>\n&#8211; Kontrastierender Stretch-Fleece-Stoff<br \/>\n&#8211; Teilweise mit Netzgewebe gef\u00fcttert<\/p>\n","protected":false},"featured_media":59508,"template":"","meta":{"_acf_changed":false,"inline_featured_image":false},"product_brand":[],"product_cat":[6494,6498],"product_tag":[3379,6254],"class_list":{"0":"post-81657","1":"product","2":"type-product","3":"status-publish","4":"has-post-thumbnail","6":"product_cat-sale-damen-bekleidung-de","7":"product_cat-sale-damen-jacken-de","8":"product_tag-montura-de","9":"product_tag-montura-damen-de","10":"pa_attivita-gehen","11":"pa_attivita-outdoor-de","12":"pa_colore-stretch-color-hoody-jacket-w-rosa-sugar-blu-cenere-de","13":"pa_marca-montura-de","14":"pa_sesso-damen","15":"pa_size-large-de","17":"first","18":"instock","19":"taxable","20":"shipping-taxable","21":"purchasable","22":"product-type-variable","23":"wvs-archive-product-wrapper"},"acf":[],"yoast_head":"<!-- This site is optimized with the Yoast SEO plugin v26.8 - https:\/\/yoast.com\/product\/yoast-seo-wordpress\/ -->\n<title>MonturaStretch Color Hoody Jacke damen - jacke - MioMioRun<\/title>\n<meta name=\"description\" content=\"Der Stretch Color Hoody f\u00fcr Damen von Montura ist aus atmungsaktivem Polartec Power Grid Polyester-Fleece gefertigt mit UV-Schutz gefertigt.\" \/>\n<meta name=\"robots\" content=\"index, follow, max-snippet:-1, max-image-preview:large, max-video-preview:-1\" \/>\n<link rel=\"canonical\" href=\"https:\/\/www.miomiorun.com\/de\/produkt\/stretch-color-hoody-jacke-damen\/\" \/>\n<meta property=\"og:locale\" content=\"de_DE\" \/>\n<meta property=\"og:type\" content=\"article\" \/>\n<meta property=\"og:title\" content=\"MonturaStretch Color Hoody Jacke damen - jacke - MioMioRun\" \/>\n<meta property=\"og:description\" content=\"Der Stretch Color Hoody f\u00fcr Damen von Montura ist aus atmungsaktivem Polartec Power Grid Polyester-Fleece gefertigt mit UV-Schutz gefertigt.\" \/>\n<meta property=\"og:url\" content=\"https:\/\/www.miomiorun.com\/de\/produkt\/stretch-color-hoody-jacke-damen\/\" \/>\n<meta property=\"og:site_name\" content=\"MioMioRun\" \/>\n<meta property=\"article:publisher\" content=\"https:\/\/www.facebook.com\/miomiorun\/\" \/>\n<meta property=\"article:modified_time\" content=\"2024-05-25T09:34:14+00:00\" \/>\n<meta property=\"og:image\" content=\"https:\/\/www.miomiorun.com\/app\/uploads\/2021\/11\/montura-stretch-color-hoody-jacket-MMAP09W.0486.jpg\" \/>\n\t<meta property=\"og:image:width\" content=\"600\" \/>\n\t<meta property=\"og:image:height\" content=\"600\" \/>\n\t<meta property=\"og:image:type\" content=\"image\/jpeg\" \/>\n<meta name=\"twitter:card\" content=\"summary_large_image\" \/>\n<meta name=\"twitter:label1\" content=\"Est. reading time\" \/>\n\t<meta name=\"twitter:data1\" content=\"2 minutes\" \/>\n<script type=\"application\/ld+json\" class=\"yoast-schema-graph\">{\"@context\":\"https:\/\/schema.org\",\"@graph\":[{\"@type\":\"WebPage\",\"@id\":\"https:\/\/www.miomiorun.com\/de\/produkt\/stretch-color-hoody-jacke-damen\/\",\"url\":\"https:\/\/www.miomiorun.com\/de\/produkt\/stretch-color-hoody-jacke-damen\/\",\"name\":\"MonturaStretch Color Hoody Jacke damen - jacke - MioMioRun\",\"isPartOf\":{\"@id\":\"https:\/\/www.miomiorun.com\/de\/#website\"},\"primaryImageOfPage\":{\"@id\":\"https:\/\/www.miomiorun.com\/de\/produkt\/stretch-color-hoody-jacke-damen\/#primaryimage\"},\"image\":{\"@id\":\"https:\/\/www.miomiorun.com\/de\/produkt\/stretch-color-hoody-jacke-damen\/#primaryimage\"},\"thumbnailUrl\":\"https:\/\/www.miomiorun.com\/app\/uploads\/2021\/11\/montura-stretch-color-hoody-jacket-MMAP09W.0486.jpg\",\"datePublished\":\"2021-11-05T16:14:12+00:00\",\"dateModified\":\"2024-05-25T09:34:14+00:00\",\"description\":\"Der Stretch Color Hoody f\u00fcr Damen von Montura ist aus atmungsaktivem Polartec Power Grid Polyester-Fleece gefertigt mit UV-Schutz gefertigt.\",\"breadcrumb\":{\"@id\":\"https:\/\/www.miomiorun.com\/de\/produkt\/stretch-color-hoody-jacke-damen\/#breadcrumb\"},\"inLanguage\":\"de-DE\",\"potentialAction\":[{\"@type\":\"ReadAction\",\"target\":[\"https:\/\/www.miomiorun.com\/de\/produkt\/stretch-color-hoody-jacke-damen\/\"]}]},{\"@type\":\"ImageObject\",\"inLanguage\":\"de-DE\",\"@id\":\"https:\/\/www.miomiorun.com\/de\/produkt\/stretch-color-hoody-jacke-damen\/#primaryimage\",\"url\":\"https:\/\/www.miomiorun.com\/app\/uploads\/2021\/11\/montura-stretch-color-hoody-jacket-MMAP09W.0486.jpg\",\"contentUrl\":\"https:\/\/www.miomiorun.com\/app\/uploads\/2021\/11\/montura-stretch-color-hoody-jacket-MMAP09W.0486.jpg\",\"width\":600,\"height\":600,\"caption\":\"montura strech color hoody jacket\"},{\"@type\":\"BreadcrumbList\",\"@id\":\"https:\/\/www.miomiorun.com\/de\/produkt\/stretch-color-hoody-jacke-damen\/#breadcrumb\",\"itemListElement\":[{\"@type\":\"ListItem\",\"position\":1,\"name\":\"Home\",\"item\":\"https:\/\/www.miomiorun.com\/de\/\"},{\"@type\":\"ListItem\",\"position\":2,\"name\":\"Shop\",\"item\":\"https:\/\/www.miomiorun.com\/shop\/\"},{\"@type\":\"ListItem\",\"position\":3,\"name\":\"Stretch Color Hoody Jacke damen\"}]},{\"@type\":\"WebSite\",\"@id\":\"https:\/\/www.miomiorun.com\/de\/#website\",\"url\":\"https:\/\/www.miomiorun.com\/de\/\",\"name\":\"MioMioRun\",\"description\":\"100% Lauf- und Trailshop\",\"publisher\":{\"@id\":\"https:\/\/www.miomiorun.com\/de\/#organization\"},\"potentialAction\":[{\"@type\":\"SearchAction\",\"target\":{\"@type\":\"EntryPoint\",\"urlTemplate\":\"https:\/\/www.miomiorun.com\/de\/?s={search_term_string}\"},\"query-input\":{\"@type\":\"PropertyValueSpecification\",\"valueRequired\":true,\"valueName\":\"search_term_string\"}}],\"inLanguage\":\"de-DE\"},{\"@type\":\"Organization\",\"@id\":\"https:\/\/www.miomiorun.com\/de\/#organization\",\"name\":\"MioMio Run\",\"url\":\"https:\/\/www.miomiorun.com\/de\/\",\"logo\":{\"@type\":\"ImageObject\",\"inLanguage\":\"de-DE\",\"@id\":\"https:\/\/www.miomiorun.com\/de\/#\/schema\/logo\/image\/\",\"url\":\"https:\/\/www.miomiorun.com\/app\/uploads\/2019\/12\/logomio.png\",\"contentUrl\":\"https:\/\/www.miomiorun.com\/app\/uploads\/2019\/12\/logomio.png\",\"width\":115,\"height\":82,\"caption\":\"MioMio Run\"},\"image\":{\"@id\":\"https:\/\/www.miomiorun.com\/de\/#\/schema\/logo\/image\/\"},\"sameAs\":[\"https:\/\/www.facebook.com\/miomiorun\/\",\"https:\/\/www.instagram.com\/miomiorun\/\"]}]}<\/script>\n<!-- \/ Yoast SEO plugin. -->","yoast_head_json":{"title":"MonturaStretch Color Hoody Jacke damen - jacke - MioMioRun","description":"Der Stretch Color Hoody f\u00fcr Damen von Montura ist aus atmungsaktivem Polartec Power Grid Polyester-Fleece gefertigt mit UV-Schutz gefertigt.","robots":{"index":"index","follow":"follow","max-snippet":"max-snippet:-1","max-image-preview":"max-image-preview:large","max-video-preview":"max-video-preview:-1"},"canonical":"https:\/\/www.miomiorun.com\/de\/produkt\/stretch-color-hoody-jacke-damen\/","og_locale":"de_DE","og_type":"article","og_title":"MonturaStretch Color Hoody Jacke damen - jacke - MioMioRun","og_description":"Der Stretch Color Hoody f\u00fcr Damen von Montura ist aus atmungsaktivem Polartec Power Grid Polyester-Fleece gefertigt mit UV-Schutz gefertigt.","og_url":"https:\/\/www.miomiorun.com\/de\/produkt\/stretch-color-hoody-jacke-damen\/","og_site_name":"MioMioRun","article_publisher":"https:\/\/www.facebook.com\/miomiorun\/","article_modified_time":"2024-05-25T09:34:14+00:00","og_image":[{"width":600,"height":600,"url":"https:\/\/www.miomiorun.com\/app\/uploads\/2021\/11\/montura-stretch-color-hoody-jacket-MMAP09W.0486.jpg","type":"image\/jpeg"}],"twitter_card":"summary_large_image","twitter_misc":{"Est. reading time":"2 minutes"},"schema":{"@context":"https:\/\/schema.org","@graph":[{"@type":"WebPage","@id":"https:\/\/www.miomiorun.com\/de\/produkt\/stretch-color-hoody-jacke-damen\/","url":"https:\/\/www.miomiorun.com\/de\/produkt\/stretch-color-hoody-jacke-damen\/","name":"MonturaStretch Color Hoody Jacke damen - jacke - MioMioRun","isPartOf":{"@id":"https:\/\/www.miomiorun.com\/de\/#website"},"primaryImageOfPage":{"@id":"https:\/\/www.miomiorun.com\/de\/produkt\/stretch-color-hoody-jacke-damen\/#primaryimage"},"image":{"@id":"https:\/\/www.miomiorun.com\/de\/produkt\/stretch-color-hoody-jacke-damen\/#primaryimage"},"thumbnailUrl":"https:\/\/www.miomiorun.com\/app\/uploads\/2021\/11\/montura-stretch-color-hoody-jacket-MMAP09W.0486.jpg","datePublished":"2021-11-05T16:14:12+00:00","dateModified":"2024-05-25T09:34:14+00:00","description":"Der Stretch Color Hoody f\u00fcr Damen von Montura ist aus atmungsaktivem Polartec Power Grid Polyester-Fleece gefertigt mit UV-Schutz gefertigt.","breadcrumb":{"@id":"https:\/\/www.miomiorun.com\/de\/produkt\/stretch-color-hoody-jacke-damen\/#breadcrumb"},"inLanguage":"de-DE","potentialAction":[{"@type":"ReadAction","target":["https:\/\/www.miomiorun.com\/de\/produkt\/stretch-color-hoody-jacke-damen\/"]}]},{"@type":"ImageObject","inLanguage":"de-DE","@id":"https:\/\/www.miomiorun.com\/de\/produkt\/stretch-color-hoody-jacke-damen\/#primaryimage","url":"https:\/\/www.miomiorun.com\/app\/uploads\/2021\/11\/montura-stretch-color-hoody-jacket-MMAP09W.0486.jpg","contentUrl":"https:\/\/www.miomiorun.com\/app\/uploads\/2021\/11\/montura-stretch-color-hoody-jacket-MMAP09W.0486.jpg","width":600,"height":600,"caption":"montura strech color hoody jacket"},{"@type":"BreadcrumbList","@id":"https:\/\/www.miomiorun.com\/de\/produkt\/stretch-color-hoody-jacke-damen\/#breadcrumb","itemListElement":[{"@type":"ListItem","position":1,"name":"Home","item":"https:\/\/www.miomiorun.com\/de\/"},{"@type":"ListItem","position":2,"name":"Shop","item":"https:\/\/www.miomiorun.com\/shop\/"},{"@type":"ListItem","position":3,"name":"Stretch Color Hoody Jacke damen"}]},{"@type":"WebSite","@id":"https:\/\/www.miomiorun.com\/de\/#website","url":"https:\/\/www.miomiorun.com\/de\/","name":"MioMioRun","description":"100% Lauf- und Trailshop","publisher":{"@id":"https:\/\/www.miomiorun.com\/de\/#organization"},"potentialAction":[{"@type":"SearchAction","target":{"@type":"EntryPoint","urlTemplate":"https:\/\/www.miomiorun.com\/de\/?s={search_term_string}"},"query-input":{"@type":"PropertyValueSpecification","valueRequired":true,"valueName":"search_term_string"}}],"inLanguage":"de-DE"},{"@type":"Organization","@id":"https:\/\/www.miomiorun.com\/de\/#organization","name":"MioMio Run","url":"https:\/\/www.miomiorun.com\/de\/","logo":{"@type":"ImageObject","inLanguage":"de-DE","@id":"https:\/\/www.miomiorun.com\/de\/#\/schema\/logo\/image\/","url":"https:\/\/www.miomiorun.com\/app\/uploads\/2019\/12\/logomio.png","contentUrl":"https:\/\/www.miomiorun.com\/app\/uploads\/2019\/12\/logomio.png","width":115,"height":82,"caption":"MioMio Run"},"image":{"@id":"https:\/\/www.miomiorun.com\/de\/#\/schema\/logo\/image\/"},"sameAs":["https:\/\/www.facebook.com\/miomiorun\/","https:\/\/www.instagram.com\/miomiorun\/"]}]}},"_links":{"self":[{"href":"https:\/\/www.miomiorun.com\/de\/wp-json\/wp\/v2\/product\/81657","targetHints":{"allow":["GET"]}}],"collection":[{"href":"https:\/\/www.miomiorun.com\/de\/wp-json\/wp\/v2\/product"}],"about":[{"href":"https:\/\/www.miomiorun.com\/de\/wp-json\/wp\/v2\/types\/product"}],"wp:featuredmedia":[{"embeddable":true,"href":"https:\/\/www.miomiorun.com\/de\/wp-json\/wp\/v2\/media\/59508"}],"wp:attachment":[{"href":"https:\/\/www.miomiorun.com\/de\/wp-json\/wp\/v2\/media?parent=81657"}],"wp:term":[{"taxonomy":"product_brand","embeddable":true,"href":"https:\/\/www.miomiorun.com\/de\/wp-json\/wp\/v2\/product_brand?post=81657"},{"taxonomy":"product_cat","embeddable":true,"href":"https:\/\/www.miomiorun.com\/de\/wp-json\/wp\/v2\/product_cat?post=81657"},{"taxonomy":"product_tag","embeddable":true,"href":"https:\/\/www.miomiorun.com\/de\/wp-json\/wp\/v2\/product_tag?post=81657"}],"curies":[{"name":"wp","href":"https:\/\/api.w.org\/{rel}","templated":true}]}}