{"id":81040,"date":"2021-11-02T12:07:41","date_gmt":"2021-11-02T11:07:41","guid":{"rendered":"https:\/\/miomiorun.com\/prodotto\/brooks-carbonite-socks\/"},"modified":"2024-07-02T14:16:27","modified_gmt":"2024-07-02T12:16:27","slug":"brooks-carbonite-socks","status":"publish","type":"product","link":"https:\/\/www.miomiorun.com\/de\/produkt\/brooks-carbonite-socks\/","title":{"rendered":"Carbonite Socks"},"content":{"rendered":"<div class=\"o-feature-callout__feature-copy\">\n<div class=\"o-feature-callout__feature-copy\">\n<div class=\"o-feature-callout__feature-copy\">\n<p>Die neuen Unisex-Laufsocken aus der <strong>Carnonite<\/strong>-Linie von Brooks sind f\u00fcr den Einsatz beim Nachtlauf konzipiert.<\/p>\n<p>Wenn du auch nach Einbruch der Dunkelheit trainierst, wirst du auf diese atmungsaktiven und dank ihrer reflektierenden Eigenschaften gut sichtbaren Laufsocken nicht verzichten k\u00f6nnen.<\/p>\n<h3>360\u00b0 Sichtbarkeit<\/h3>\n<p><strong>Sichtbar in der Dunkelheit<\/strong><\/p>\n<p>Reflektierende Eins\u00e4tze aus 3M\u2122 Scotchlite\u2122 Carbon Black Stretch sind an den Stellen angebracht, die am meisten von der Bewegung betroffen sind, damit Sie aus einer Entfernung von \u00fcber 180 Metern sichtbar sind.<\/p>\n<h3>Kompression und D\u00e4mpfung<\/h3>\n<p><strong>Enger und bequemer Sitz<\/strong><\/p>\n<p>Gezielte Kompression des Fu\u00dfgew\u00f6lbes und zus\u00e4tzliche D\u00e4mpfung an Ferse und Zehen f\u00fcr einen stabilen Sitz.<\/p>\n<h3>Maximale Frische<\/h3>\n<p><strong>Atmungsaktiv<\/strong><\/p>\n<p>Atmungsaktives DriLayer\u00ae-Gewebe leitet \u00fcbersch\u00fcssige W\u00e4rme ab und macht jeden Lauf noch angenehmer.<\/p>\n<p><strong>Merkmale:<\/strong><\/p>\n<ul>\n<li>Sichtbar im Dunkeln.<\/li>\n<li>Enger, bequemer Sitz.<\/li>\n<li>Atmungsaktiv.<\/li>\n<\/ul>\n<\/div>\n<\/div>\n<\/div>\n","protected":false},"excerpt":{"rendered":"<p>Die neuen Unisex-Laufsocken aus der Carnonite-Linie von Brooks sind f\u00fcr den Einsatz beim Nachtlauf konzipiert. Wenn du auch nach Einbruch der Dunkelheit trainierst, wirst du auf diese atmungsaktiven und dank ihrer reflektierenden Eigenschaften gut sichtbaren Laufsocken nicht verzichten k\u00f6nnen. 360\u00b0 Sichtbarkeit Sichtbar in der Dunkelheit Reflektierende Eins\u00e4tze aus 3M\u2122 Scotchlite\u2122 Carbon Black Stretch sind an &hellip; <a href=\"https:\/\/www.miomiorun.com\/de\/produkt\/brooks-carbonite-socks\/\">Continued<\/a><\/p>\n","protected":false},"featured_media":59434,"template":"","meta":{"_acf_changed":false,"inline_featured_image":false},"product_brand":[],"product_cat":[6515,6540,6514,6400,6401,6402],"product_tag":[3362,6205,6207],"class_list":{"0":"post-81040","1":"product","2":"type-product","3":"status-publish","4":"has-post-thumbnail","6":"product_cat-herren-de","7":"product_cat-herrenbekleidung","8":"product_cat-socken","9":"product_cat-damen","10":"product_cat-damenbekleidung","11":"product_cat-damensocken-de","12":"product_tag-brooks-de","13":"product_tag-brooks-damen-de","14":"product_tag-brooks-herren-de","15":"pa_attivita-gehen","16":"pa_attivita-running-de","17":"pa_colore-carbonite-socks-asphalt-nightlife-white-de","18":"pa_marca-brooks-de","19":"pa_sesso-damen","20":"pa_sesso-herren","21":"pa_size-38-41-de","23":"first","24":"instock","25":"sale","26":"taxable","27":"shipping-taxable","28":"purchasable","29":"product-type-variable","30":"wvs-archive-product-wrapper"},"acf":[],"yoast_head":"<!-- This site is optimized with the Yoast SEO plugin v26.8 - https:\/\/yoast.com\/product\/yoast-seo-wordpress\/ -->\n<title>Carbonite Socks - Laufsocken - MioMioRun.com<\/title>\n<meta name=\"description\" content=\"Die neuen Unisex-Laufsocken aus der Carnonite-Linie von Brooks sind f\u00fcr den Einsatz beim Nachtlauf konzipiert.\" \/>\n<meta name=\"robots\" content=\"index, follow, max-snippet:-1, max-image-preview:large, max-video-preview:-1\" \/>\n<link rel=\"canonical\" href=\"https:\/\/www.miomiorun.com\/de\/produkt\/brooks-carbonite-socks\/\" \/>\n<meta property=\"og:locale\" content=\"de_DE\" \/>\n<meta property=\"og:type\" content=\"article\" \/>\n<meta property=\"og:title\" content=\"Carbonite Socks - Laufsocken - MioMioRun.com\" \/>\n<meta property=\"og:description\" content=\"Die neuen Unisex-Laufsocken aus der Carnonite-Linie von Brooks sind f\u00fcr den Einsatz beim Nachtlauf konzipiert.\" \/>\n<meta property=\"og:url\" content=\"https:\/\/www.miomiorun.com\/de\/produkt\/brooks-carbonite-socks\/\" \/>\n<meta property=\"og:site_name\" content=\"MioMioRun\" \/>\n<meta property=\"article:publisher\" content=\"https:\/\/www.facebook.com\/miomiorun\/\" \/>\n<meta property=\"article:modified_time\" content=\"2024-07-02T12:16:27+00:00\" \/>\n<meta property=\"og:image\" content=\"https:\/\/www.miomiorun.com\/app\/uploads\/2021\/11\/brooks-Carbonite-socks-280431-076.jpg\" \/>\n\t<meta property=\"og:image:width\" content=\"600\" \/>\n\t<meta property=\"og:image:height\" content=\"600\" \/>\n\t<meta property=\"og:image:type\" content=\"image\/jpeg\" \/>\n<meta name=\"twitter:card\" content=\"summary_large_image\" \/>\n<meta name=\"twitter:label1\" content=\"Est. reading time\" \/>\n\t<meta name=\"twitter:data1\" content=\"1 minute\" \/>\n<script type=\"application\/ld+json\" class=\"yoast-schema-graph\">{\"@context\":\"https:\/\/schema.org\",\"@graph\":[{\"@type\":\"WebPage\",\"@id\":\"https:\/\/www.miomiorun.com\/de\/produkt\/brooks-carbonite-socks\/\",\"url\":\"https:\/\/www.miomiorun.com\/de\/produkt\/brooks-carbonite-socks\/\",\"name\":\"Carbonite Socks - Laufsocken - MioMioRun.com\",\"isPartOf\":{\"@id\":\"https:\/\/www.miomiorun.com\/de\/#website\"},\"primaryImageOfPage\":{\"@id\":\"https:\/\/www.miomiorun.com\/de\/produkt\/brooks-carbonite-socks\/#primaryimage\"},\"image\":{\"@id\":\"https:\/\/www.miomiorun.com\/de\/produkt\/brooks-carbonite-socks\/#primaryimage\"},\"thumbnailUrl\":\"https:\/\/www.miomiorun.com\/app\/uploads\/2021\/11\/brooks-Carbonite-socks-280431-076.jpg\",\"datePublished\":\"2021-11-02T11:07:41+00:00\",\"dateModified\":\"2024-07-02T12:16:27+00:00\",\"description\":\"Die neuen Unisex-Laufsocken aus der Carnonite-Linie von Brooks sind f\u00fcr den Einsatz beim Nachtlauf konzipiert.\",\"breadcrumb\":{\"@id\":\"https:\/\/www.miomiorun.com\/de\/produkt\/brooks-carbonite-socks\/#breadcrumb\"},\"inLanguage\":\"de-DE\",\"potentialAction\":[{\"@type\":\"ReadAction\",\"target\":[\"https:\/\/www.miomiorun.com\/de\/produkt\/brooks-carbonite-socks\/\"]}]},{\"@type\":\"ImageObject\",\"inLanguage\":\"de-DE\",\"@id\":\"https:\/\/www.miomiorun.com\/de\/produkt\/brooks-carbonite-socks\/#primaryimage\",\"url\":\"https:\/\/www.miomiorun.com\/app\/uploads\/2021\/11\/brooks-Carbonite-socks-280431-076.jpg\",\"contentUrl\":\"https:\/\/www.miomiorun.com\/app\/uploads\/2021\/11\/brooks-Carbonite-socks-280431-076.jpg\",\"width\":600,\"height\":600,\"caption\":\"brooks carbononite socks\"},{\"@type\":\"BreadcrumbList\",\"@id\":\"https:\/\/www.miomiorun.com\/de\/produkt\/brooks-carbonite-socks\/#breadcrumb\",\"itemListElement\":[{\"@type\":\"ListItem\",\"position\":1,\"name\":\"Home\",\"item\":\"https:\/\/www.miomiorun.com\/de\/\"},{\"@type\":\"ListItem\",\"position\":2,\"name\":\"Shop\",\"item\":\"https:\/\/www.miomiorun.com\/shop\/\"},{\"@type\":\"ListItem\",\"position\":3,\"name\":\"Carbonite Socks\"}]},{\"@type\":\"WebSite\",\"@id\":\"https:\/\/www.miomiorun.com\/de\/#website\",\"url\":\"https:\/\/www.miomiorun.com\/de\/\",\"name\":\"MioMioRun\",\"description\":\"100% Lauf- und Trailshop\",\"publisher\":{\"@id\":\"https:\/\/www.miomiorun.com\/de\/#organization\"},\"potentialAction\":[{\"@type\":\"SearchAction\",\"target\":{\"@type\":\"EntryPoint\",\"urlTemplate\":\"https:\/\/www.miomiorun.com\/de\/?s={search_term_string}\"},\"query-input\":{\"@type\":\"PropertyValueSpecification\",\"valueRequired\":true,\"valueName\":\"search_term_string\"}}],\"inLanguage\":\"de-DE\"},{\"@type\":\"Organization\",\"@id\":\"https:\/\/www.miomiorun.com\/de\/#organization\",\"name\":\"MioMio Run\",\"url\":\"https:\/\/www.miomiorun.com\/de\/\",\"logo\":{\"@type\":\"ImageObject\",\"inLanguage\":\"de-DE\",\"@id\":\"https:\/\/www.miomiorun.com\/de\/#\/schema\/logo\/image\/\",\"url\":\"https:\/\/www.miomiorun.com\/app\/uploads\/2019\/12\/logomio.png\",\"contentUrl\":\"https:\/\/www.miomiorun.com\/app\/uploads\/2019\/12\/logomio.png\",\"width\":115,\"height\":82,\"caption\":\"MioMio Run\"},\"image\":{\"@id\":\"https:\/\/www.miomiorun.com\/de\/#\/schema\/logo\/image\/\"},\"sameAs\":[\"https:\/\/www.facebook.com\/miomiorun\/\",\"https:\/\/www.instagram.com\/miomiorun\/\"]}]}<\/script>\n<!-- \/ Yoast SEO plugin. -->","yoast_head_json":{"title":"Carbonite Socks - Laufsocken - MioMioRun.com","description":"Die neuen Unisex-Laufsocken aus der Carnonite-Linie von Brooks sind f\u00fcr den Einsatz beim Nachtlauf konzipiert.","robots":{"index":"index","follow":"follow","max-snippet":"max-snippet:-1","max-image-preview":"max-image-preview:large","max-video-preview":"max-video-preview:-1"},"canonical":"https:\/\/www.miomiorun.com\/de\/produkt\/brooks-carbonite-socks\/","og_locale":"de_DE","og_type":"article","og_title":"Carbonite Socks - Laufsocken - MioMioRun.com","og_description":"Die neuen Unisex-Laufsocken aus der Carnonite-Linie von Brooks sind f\u00fcr den Einsatz beim Nachtlauf konzipiert.","og_url":"https:\/\/www.miomiorun.com\/de\/produkt\/brooks-carbonite-socks\/","og_site_name":"MioMioRun","article_publisher":"https:\/\/www.facebook.com\/miomiorun\/","article_modified_time":"2024-07-02T12:16:27+00:00","og_image":[{"width":600,"height":600,"url":"https:\/\/www.miomiorun.com\/app\/uploads\/2021\/11\/brooks-Carbonite-socks-280431-076.jpg","type":"image\/jpeg"}],"twitter_card":"summary_large_image","twitter_misc":{"Est. reading time":"1 minute"},"schema":{"@context":"https:\/\/schema.org","@graph":[{"@type":"WebPage","@id":"https:\/\/www.miomiorun.com\/de\/produkt\/brooks-carbonite-socks\/","url":"https:\/\/www.miomiorun.com\/de\/produkt\/brooks-carbonite-socks\/","name":"Carbonite Socks - Laufsocken - MioMioRun.com","isPartOf":{"@id":"https:\/\/www.miomiorun.com\/de\/#website"},"primaryImageOfPage":{"@id":"https:\/\/www.miomiorun.com\/de\/produkt\/brooks-carbonite-socks\/#primaryimage"},"image":{"@id":"https:\/\/www.miomiorun.com\/de\/produkt\/brooks-carbonite-socks\/#primaryimage"},"thumbnailUrl":"https:\/\/www.miomiorun.com\/app\/uploads\/2021\/11\/brooks-Carbonite-socks-280431-076.jpg","datePublished":"2021-11-02T11:07:41+00:00","dateModified":"2024-07-02T12:16:27+00:00","description":"Die neuen Unisex-Laufsocken aus der Carnonite-Linie von Brooks sind f\u00fcr den Einsatz beim Nachtlauf konzipiert.","breadcrumb":{"@id":"https:\/\/www.miomiorun.com\/de\/produkt\/brooks-carbonite-socks\/#breadcrumb"},"inLanguage":"de-DE","potentialAction":[{"@type":"ReadAction","target":["https:\/\/www.miomiorun.com\/de\/produkt\/brooks-carbonite-socks\/"]}]},{"@type":"ImageObject","inLanguage":"de-DE","@id":"https:\/\/www.miomiorun.com\/de\/produkt\/brooks-carbonite-socks\/#primaryimage","url":"https:\/\/www.miomiorun.com\/app\/uploads\/2021\/11\/brooks-Carbonite-socks-280431-076.jpg","contentUrl":"https:\/\/www.miomiorun.com\/app\/uploads\/2021\/11\/brooks-Carbonite-socks-280431-076.jpg","width":600,"height":600,"caption":"brooks carbononite socks"},{"@type":"BreadcrumbList","@id":"https:\/\/www.miomiorun.com\/de\/produkt\/brooks-carbonite-socks\/#breadcrumb","itemListElement":[{"@type":"ListItem","position":1,"name":"Home","item":"https:\/\/www.miomiorun.com\/de\/"},{"@type":"ListItem","position":2,"name":"Shop","item":"https:\/\/www.miomiorun.com\/shop\/"},{"@type":"ListItem","position":3,"name":"Carbonite Socks"}]},{"@type":"WebSite","@id":"https:\/\/www.miomiorun.com\/de\/#website","url":"https:\/\/www.miomiorun.com\/de\/","name":"MioMioRun","description":"100% Lauf- und Trailshop","publisher":{"@id":"https:\/\/www.miomiorun.com\/de\/#organization"},"potentialAction":[{"@type":"SearchAction","target":{"@type":"EntryPoint","urlTemplate":"https:\/\/www.miomiorun.com\/de\/?s={search_term_string}"},"query-input":{"@type":"PropertyValueSpecification","valueRequired":true,"valueName":"search_term_string"}}],"inLanguage":"de-DE"},{"@type":"Organization","@id":"https:\/\/www.miomiorun.com\/de\/#organization","name":"MioMio Run","url":"https:\/\/www.miomiorun.com\/de\/","logo":{"@type":"ImageObject","inLanguage":"de-DE","@id":"https:\/\/www.miomiorun.com\/de\/#\/schema\/logo\/image\/","url":"https:\/\/www.miomiorun.com\/app\/uploads\/2019\/12\/logomio.png","contentUrl":"https:\/\/www.miomiorun.com\/app\/uploads\/2019\/12\/logomio.png","width":115,"height":82,"caption":"MioMio Run"},"image":{"@id":"https:\/\/www.miomiorun.com\/de\/#\/schema\/logo\/image\/"},"sameAs":["https:\/\/www.facebook.com\/miomiorun\/","https:\/\/www.instagram.com\/miomiorun\/"]}]}},"_links":{"self":[{"href":"https:\/\/www.miomiorun.com\/de\/wp-json\/wp\/v2\/product\/81040","targetHints":{"allow":["GET"]}}],"collection":[{"href":"https:\/\/www.miomiorun.com\/de\/wp-json\/wp\/v2\/product"}],"about":[{"href":"https:\/\/www.miomiorun.com\/de\/wp-json\/wp\/v2\/types\/product"}],"wp:featuredmedia":[{"embeddable":true,"href":"https:\/\/www.miomiorun.com\/de\/wp-json\/wp\/v2\/media\/59434"}],"wp:attachment":[{"href":"https:\/\/www.miomiorun.com\/de\/wp-json\/wp\/v2\/media?parent=81040"}],"wp:term":[{"taxonomy":"product_brand","embeddable":true,"href":"https:\/\/www.miomiorun.com\/de\/wp-json\/wp\/v2\/product_brand?post=81040"},{"taxonomy":"product_cat","embeddable":true,"href":"https:\/\/www.miomiorun.com\/de\/wp-json\/wp\/v2\/product_cat?post=81040"},{"taxonomy":"product_tag","embeddable":true,"href":"https:\/\/www.miomiorun.com\/de\/wp-json\/wp\/v2\/product_tag?post=81040"}],"curies":[{"name":"wp","href":"https:\/\/api.w.org\/{rel}","templated":true}]}}