{"id":81036,"date":"2022-03-05T16:39:03","date_gmt":"2022-03-05T15:39:03","guid":{"rendered":"https:\/\/miomiorun.com\/prodotto\/brooks-dare-crossback-run-bra-2-donna\/"},"modified":"2025-06-12T15:30:15","modified_gmt":"2025-06-12T13:30:15","slug":"brooks-dare-crossback-run-bra-2-dare-crossback-run-bra-2-damen","status":"publish","type":"product","link":"https:\/\/www.miomiorun.com\/de\/produkt\/brooks-dare-crossback-run-bra-2-dare-crossback-run-bra-2-damen\/","title":{"rendered":"Dare crossback Run bra 2 damen"},"content":{"rendered":"<div class=\"single-product-description\">Erneuern Sie Ihren Sport-BH mit R\u00fccken\u00fcberkreuzung. Dieser einfach gestaltete BH bietet beim Laufen eine starke Unterst\u00fctzung, denn schlie\u00dflich l\u00e4uft man besser, wenn sich die Br\u00fcste nicht bewegen. Die vorgeformten K\u00f6rbchen heben und st\u00fctzen die Br\u00fcste, w\u00e4hrend das Pullover-Design f\u00fcr ein Minimum an Ablenkung sorgt.<\/div>\n<div><\/div>\n<div>\n<h3 class=\"a-type-h4 m-long-description__label\">Ideal f\u00fcr:<\/h3>\n<ul class=\"m-long-description__best-for\">\n<li class=\"m-long-description__best-for-item\">\n<div class=\"m-long-description__best-for-icon\" aria-hidden=\"true\"><img loading=\"lazy\" decoding=\"async\" class=\"a-responsive-image__img\" src=\"https:\/\/www.brooksrunning.com\/on\/demandware.static\/-\/Sites-brooks-master-catalog\/default\/dw3b544e99\/specs\/PDP-BestFor-BRA-Run-Ready-Molded-Support.svg\" alt=\"\" width=\"115\" height=\"115\" \/><\/div>\n<p>Unterst\u00fctzung<\/li>\n<li class=\"m-long-description__best-for-item\">\n<div class=\"m-long-description__best-for-icon\" aria-hidden=\"true\"><img loading=\"lazy\" decoding=\"async\" class=\"a-responsive-image__img\" src=\"https:\/\/www.brooksrunning.com\/on\/demandware.static\/-\/Sites-brooks-master-catalog\/default\/dw84afb706\/specs\/PDP-BestFor-BRA-Nearly-Seamless-Design.svg\" alt=\"\" width=\"115\" height=\"115\" \/><\/div>\n<p>Gef\u00fchl der Weichheit<\/li>\n<li class=\"m-long-description__best-for-item\">\n<div class=\"m-long-description__best-for-icon\" aria-hidden=\"true\"><img loading=\"lazy\" decoding=\"async\" class=\"a-responsive-image__img\" src=\"https:\/\/www.brooksrunning.com\/on\/demandware.static\/-\/Sites-brooks-master-catalog\/default\/dw4fc42e57\/specs\/PDP-BestFor-FTW-APP-BRA-Breathability.svg\" alt=\"\" width=\"115\" height=\"115\" \/><\/div>\n<p>Atmungsaktivit\u00e4t<\/li>\n<li class=\"m-long-description__best-for-item\">\n<div class=\"m-long-description__best-for-icon\" aria-hidden=\"true\"><img loading=\"lazy\" decoding=\"async\" class=\"a-responsive-image__img\" src=\"https:\/\/www.brooksrunning.com\/on\/demandware.static\/-\/Sites-brooks-master-catalog\/default\/dw90e0d184\/specs\/PDP-BestFor-APP-BRA-New-Fit.svg\" alt=\"\" width=\"115\" height=\"115\" \/><\/div>\n<p>Corsa ad alto impatto<\/li>\n<\/ul>\n<\/div>\n<div class=\"m-features-widget m-features-widget--accent-circle\">\n<div class=\"m-info-label\">\n<h3 class=\"m-info-label__headline a-type-h4\">Praktikabilit\u00e4t<\/h3>\n<\/div>\n<ul>\n<li>\u00a0Es unterst\u00fctzt mich<\/li>\n<\/ul>\n<h3><\/h3>\n<h3>Mehr laufen. Weniger abprallen.<\/h3>\n<div class=\"o-feature-callout__feature-copy\">\n<p><strong>Hochwirksame, vorgeformte St\u00fctze<\/strong><\/p>\n<p><strong>Mehr laufen. Minimaler R\u00fcckprall<\/strong><\/p>\n<ul class=\"o-feature-callout__feature-list\">\n<li class=\"a-type-p o-feature-callout__feature-list-item\">Entwickelt in Zusammenarbeit mit unseren Forschungspartnern am Institute for Breast Health der Universit\u00e4t Portsmouth.<\/li>\n<li class=\"a-type-p o-feature-callout__feature-list-item\">Biomechanische Tests beweisen, dass unsere BHs eine besondere Unterst\u00fctzung beim Laufen bieten.<\/li>\n<li class=\"a-type-p o-feature-callout__feature-list-item\">Wir testen BHs an Frauen wie Ihnen &#8211; denn Labordaten sind nur g\u00fcltig, wenn sie in der realen Welt angewendet werden.<\/li>\n<\/ul>\n<div class=\"o-feature-callout__feature-copy\">\n<h3>Sie ist wieder da, und sie ist sogar noch besser.<\/h3>\n<p>Verbessertes Design mit hoher Schlagkraft<\/p>\n<p>Wir haben den integrierten unteren Gurt verl\u00e4ngert, um die Sicherheit und den Halt zu erh\u00f6hen. Dar\u00fcber hinaus sorgen Gewebeverst\u00e4rkungen an den am st\u00e4rksten beanspruchten Stellen, wie den Schulterriemen und dem Band, f\u00fcr zus\u00e4tzliche Sicherheit.<\/p>\n<\/div>\n<div><\/div>\n<div class=\"o-feature-callout__feature-copy\">\n<h3>Einen Moment, um ihn anzuziehen. Einen Moment, um sie auszuziehen.<\/h3>\n<p>Weich und sicher<\/p>\n<p>Wesentliche N\u00e4hte und atmungsaktives Material sorgen f\u00fcr ein angenehm weiches Tragegef\u00fchl, das Reizungen und Scheuerstellen reduziert.<\/p>\n<\/div>\n<\/div>\n<\/div>\n","protected":false},"excerpt":{"rendered":"<p>Erneuern Sie Ihren Sport-BH mit R\u00fccken\u00fcberkreuzung. Dieser einfach gestaltete BH bietet beim Laufen eine starke Unterst\u00fctzung, denn schlie\u00dflich l\u00e4uft man besser, wenn sich die Br\u00fcste nicht bewegen. Die vorgeformten K\u00f6rbchen heben und st\u00fctzen die Br\u00fcste, w\u00e4hrend das Pullover-Design f\u00fcr ein Minimum an Ablenkung sorgt. Ideal f\u00fcr: Unterst\u00fctzung Gef\u00fchl der Weichheit Atmungsaktivit\u00e4t Corsa ad alto impatto &hellip; <a href=\"https:\/\/www.miomiorun.com\/de\/produkt\/brooks-dare-crossback-run-bra-2-dare-crossback-run-bra-2-damen\/\">Continued<\/a><\/p>\n","protected":false},"featured_media":62783,"template":"","meta":{"_acf_changed":false,"inline_featured_image":false},"product_brand":[],"product_cat":[6400,6401,6485],"product_tag":[3362,6205],"class_list":{"0":"post-81036","1":"product","2":"type-product","3":"status-publish","4":"has-post-thumbnail","6":"product_cat-damen","7":"product_cat-damenbekleidung","8":"product_cat-damenwaesche-de","9":"product_tag-brooks-de","10":"product_tag-brooks-damen-de","11":"pa_attivita-fitness-de","12":"pa_attivita-gehen","13":"pa_attivita-running-de","14":"pa_colore-dare-crossback-run-bra-2-0-lt-lavender-de","15":"pa_colore-dare-crossback-run-bra-2-0-black-de","16":"pa_colore-dare-crossback-run-bra-2-0-nightlife-asphalt-de","17":"pa_colore-dare-crossback-run-bra-violet-dash-de","18":"pa_marca-brooks-de","19":"pa_sesso-damen","20":"pa_size-32ab-de","21":"pa_size-32cd-de","22":"pa_size-34cd-de","23":"pa_size-36cd-de","25":"first","26":"instock","27":"sale","28":"taxable","29":"shipping-taxable","30":"purchasable","31":"product-type-variable","32":"wvs-archive-product-wrapper"},"acf":[],"yoast_head":"<!-- This site is optimized with the Yoast SEO plugin v26.8 - https:\/\/yoast.com\/product\/yoast-seo-wordpress\/ -->\n<title>Brooks Dare crossback Run bra 2 damen - Damen Bra- MioMioRun<\/title>\n<meta name=\"description\" content=\"Das schlichte und unverzichtbare Modell bietet eine starke Unterst\u00fctzung beim Laufen. Die vorgeformten Cups heben und st\u00fctzen die Br\u00fcste.\" \/>\n<meta name=\"robots\" content=\"index, follow, max-snippet:-1, max-image-preview:large, max-video-preview:-1\" \/>\n<link rel=\"canonical\" href=\"https:\/\/www.miomiorun.com\/de\/produkt\/brooks-dare-crossback-run-bra-2-dare-crossback-run-bra-2-damen\/\" \/>\n<meta property=\"og:locale\" content=\"de_DE\" \/>\n<meta property=\"og:type\" content=\"article\" \/>\n<meta property=\"og:title\" content=\"Brooks Dare crossback Run bra 2 damen - Damen Bra- MioMioRun\" \/>\n<meta property=\"og:description\" content=\"Das schlichte und unverzichtbare Modell bietet eine starke Unterst\u00fctzung beim Laufen. Die vorgeformten Cups heben und st\u00fctzen die Br\u00fcste.\" \/>\n<meta property=\"og:url\" content=\"https:\/\/www.miomiorun.com\/de\/produkt\/brooks-dare-crossback-run-bra-2-dare-crossback-run-bra-2-damen\/\" \/>\n<meta property=\"og:site_name\" content=\"MioMioRun\" \/>\n<meta property=\"article:publisher\" content=\"https:\/\/www.facebook.com\/miomiorun\/\" \/>\n<meta property=\"article:modified_time\" content=\"2025-06-12T13:30:15+00:00\" \/>\n<meta property=\"og:image\" content=\"https:\/\/www.miomiorun.com\/app\/uploads\/2022\/03\/brooks-dare-crossback-2-350084554.jpg\" \/>\n\t<meta property=\"og:image:width\" content=\"600\" \/>\n\t<meta property=\"og:image:height\" content=\"600\" \/>\n\t<meta property=\"og:image:type\" content=\"image\/jpeg\" \/>\n<meta name=\"twitter:card\" content=\"summary_large_image\" \/>\n<meta name=\"twitter:label1\" content=\"Est. reading time\" \/>\n\t<meta name=\"twitter:data1\" content=\"1 minute\" \/>\n<script type=\"application\/ld+json\" class=\"yoast-schema-graph\">{\"@context\":\"https:\/\/schema.org\",\"@graph\":[{\"@type\":\"WebPage\",\"@id\":\"https:\/\/www.miomiorun.com\/de\/produkt\/brooks-dare-crossback-run-bra-2-dare-crossback-run-bra-2-damen\/\",\"url\":\"https:\/\/www.miomiorun.com\/de\/produkt\/brooks-dare-crossback-run-bra-2-dare-crossback-run-bra-2-damen\/\",\"name\":\"Brooks Dare crossback Run bra 2 damen - Damen Bra- MioMioRun\",\"isPartOf\":{\"@id\":\"https:\/\/www.miomiorun.com\/de\/#website\"},\"primaryImageOfPage\":{\"@id\":\"https:\/\/www.miomiorun.com\/de\/produkt\/brooks-dare-crossback-run-bra-2-dare-crossback-run-bra-2-damen\/#primaryimage\"},\"image\":{\"@id\":\"https:\/\/www.miomiorun.com\/de\/produkt\/brooks-dare-crossback-run-bra-2-dare-crossback-run-bra-2-damen\/#primaryimage\"},\"thumbnailUrl\":\"https:\/\/www.miomiorun.com\/app\/uploads\/2022\/03\/brooks-dare-crossback-2-350084554.jpg\",\"datePublished\":\"2022-03-05T15:39:03+00:00\",\"dateModified\":\"2025-06-12T13:30:15+00:00\",\"description\":\"Das schlichte und unverzichtbare Modell bietet eine starke Unterst\u00fctzung beim Laufen. Die vorgeformten Cups heben und st\u00fctzen die Br\u00fcste.\",\"breadcrumb\":{\"@id\":\"https:\/\/www.miomiorun.com\/de\/produkt\/brooks-dare-crossback-run-bra-2-dare-crossback-run-bra-2-damen\/#breadcrumb\"},\"inLanguage\":\"de-DE\",\"potentialAction\":[{\"@type\":\"ReadAction\",\"target\":[\"https:\/\/www.miomiorun.com\/de\/produkt\/brooks-dare-crossback-run-bra-2-dare-crossback-run-bra-2-damen\/\"]}]},{\"@type\":\"ImageObject\",\"inLanguage\":\"de-DE\",\"@id\":\"https:\/\/www.miomiorun.com\/de\/produkt\/brooks-dare-crossback-run-bra-2-dare-crossback-run-bra-2-damen\/#primaryimage\",\"url\":\"https:\/\/www.miomiorun.com\/app\/uploads\/2022\/03\/brooks-dare-crossback-2-350084554.jpg\",\"contentUrl\":\"https:\/\/www.miomiorun.com\/app\/uploads\/2022\/03\/brooks-dare-crossback-2-350084554.jpg\",\"width\":600,\"height\":600,\"caption\":\"brooks-dare-crossback-2-350084554\"},{\"@type\":\"BreadcrumbList\",\"@id\":\"https:\/\/www.miomiorun.com\/de\/produkt\/brooks-dare-crossback-run-bra-2-dare-crossback-run-bra-2-damen\/#breadcrumb\",\"itemListElement\":[{\"@type\":\"ListItem\",\"position\":1,\"name\":\"Home\",\"item\":\"https:\/\/www.miomiorun.com\/de\/\"},{\"@type\":\"ListItem\",\"position\":2,\"name\":\"Shop\",\"item\":\"https:\/\/www.miomiorun.com\/shop\/\"},{\"@type\":\"ListItem\",\"position\":3,\"name\":\"Dare crossback Run bra 2 damen\"}]},{\"@type\":\"WebSite\",\"@id\":\"https:\/\/www.miomiorun.com\/de\/#website\",\"url\":\"https:\/\/www.miomiorun.com\/de\/\",\"name\":\"MioMioRun\",\"description\":\"100% Lauf- und Trailshop\",\"publisher\":{\"@id\":\"https:\/\/www.miomiorun.com\/de\/#organization\"},\"potentialAction\":[{\"@type\":\"SearchAction\",\"target\":{\"@type\":\"EntryPoint\",\"urlTemplate\":\"https:\/\/www.miomiorun.com\/de\/?s={search_term_string}\"},\"query-input\":{\"@type\":\"PropertyValueSpecification\",\"valueRequired\":true,\"valueName\":\"search_term_string\"}}],\"inLanguage\":\"de-DE\"},{\"@type\":\"Organization\",\"@id\":\"https:\/\/www.miomiorun.com\/de\/#organization\",\"name\":\"MioMio Run\",\"url\":\"https:\/\/www.miomiorun.com\/de\/\",\"logo\":{\"@type\":\"ImageObject\",\"inLanguage\":\"de-DE\",\"@id\":\"https:\/\/www.miomiorun.com\/de\/#\/schema\/logo\/image\/\",\"url\":\"https:\/\/www.miomiorun.com\/app\/uploads\/2019\/12\/logomio.png\",\"contentUrl\":\"https:\/\/www.miomiorun.com\/app\/uploads\/2019\/12\/logomio.png\",\"width\":115,\"height\":82,\"caption\":\"MioMio Run\"},\"image\":{\"@id\":\"https:\/\/www.miomiorun.com\/de\/#\/schema\/logo\/image\/\"},\"sameAs\":[\"https:\/\/www.facebook.com\/miomiorun\/\",\"https:\/\/www.instagram.com\/miomiorun\/\"]}]}<\/script>\n<!-- \/ Yoast SEO plugin. -->","yoast_head_json":{"title":"Brooks Dare crossback Run bra 2 damen - Damen Bra- MioMioRun","description":"Das schlichte und unverzichtbare Modell bietet eine starke Unterst\u00fctzung beim Laufen. Die vorgeformten Cups heben und st\u00fctzen die Br\u00fcste.","robots":{"index":"index","follow":"follow","max-snippet":"max-snippet:-1","max-image-preview":"max-image-preview:large","max-video-preview":"max-video-preview:-1"},"canonical":"https:\/\/www.miomiorun.com\/de\/produkt\/brooks-dare-crossback-run-bra-2-dare-crossback-run-bra-2-damen\/","og_locale":"de_DE","og_type":"article","og_title":"Brooks Dare crossback Run bra 2 damen - Damen Bra- MioMioRun","og_description":"Das schlichte und unverzichtbare Modell bietet eine starke Unterst\u00fctzung beim Laufen. Die vorgeformten Cups heben und st\u00fctzen die Br\u00fcste.","og_url":"https:\/\/www.miomiorun.com\/de\/produkt\/brooks-dare-crossback-run-bra-2-dare-crossback-run-bra-2-damen\/","og_site_name":"MioMioRun","article_publisher":"https:\/\/www.facebook.com\/miomiorun\/","article_modified_time":"2025-06-12T13:30:15+00:00","og_image":[{"width":600,"height":600,"url":"https:\/\/www.miomiorun.com\/app\/uploads\/2022\/03\/brooks-dare-crossback-2-350084554.jpg","type":"image\/jpeg"}],"twitter_card":"summary_large_image","twitter_misc":{"Est. reading time":"1 minute"},"schema":{"@context":"https:\/\/schema.org","@graph":[{"@type":"WebPage","@id":"https:\/\/www.miomiorun.com\/de\/produkt\/brooks-dare-crossback-run-bra-2-dare-crossback-run-bra-2-damen\/","url":"https:\/\/www.miomiorun.com\/de\/produkt\/brooks-dare-crossback-run-bra-2-dare-crossback-run-bra-2-damen\/","name":"Brooks Dare crossback Run bra 2 damen - Damen Bra- MioMioRun","isPartOf":{"@id":"https:\/\/www.miomiorun.com\/de\/#website"},"primaryImageOfPage":{"@id":"https:\/\/www.miomiorun.com\/de\/produkt\/brooks-dare-crossback-run-bra-2-dare-crossback-run-bra-2-damen\/#primaryimage"},"image":{"@id":"https:\/\/www.miomiorun.com\/de\/produkt\/brooks-dare-crossback-run-bra-2-dare-crossback-run-bra-2-damen\/#primaryimage"},"thumbnailUrl":"https:\/\/www.miomiorun.com\/app\/uploads\/2022\/03\/brooks-dare-crossback-2-350084554.jpg","datePublished":"2022-03-05T15:39:03+00:00","dateModified":"2025-06-12T13:30:15+00:00","description":"Das schlichte und unverzichtbare Modell bietet eine starke Unterst\u00fctzung beim Laufen. Die vorgeformten Cups heben und st\u00fctzen die Br\u00fcste.","breadcrumb":{"@id":"https:\/\/www.miomiorun.com\/de\/produkt\/brooks-dare-crossback-run-bra-2-dare-crossback-run-bra-2-damen\/#breadcrumb"},"inLanguage":"de-DE","potentialAction":[{"@type":"ReadAction","target":["https:\/\/www.miomiorun.com\/de\/produkt\/brooks-dare-crossback-run-bra-2-dare-crossback-run-bra-2-damen\/"]}]},{"@type":"ImageObject","inLanguage":"de-DE","@id":"https:\/\/www.miomiorun.com\/de\/produkt\/brooks-dare-crossback-run-bra-2-dare-crossback-run-bra-2-damen\/#primaryimage","url":"https:\/\/www.miomiorun.com\/app\/uploads\/2022\/03\/brooks-dare-crossback-2-350084554.jpg","contentUrl":"https:\/\/www.miomiorun.com\/app\/uploads\/2022\/03\/brooks-dare-crossback-2-350084554.jpg","width":600,"height":600,"caption":"brooks-dare-crossback-2-350084554"},{"@type":"BreadcrumbList","@id":"https:\/\/www.miomiorun.com\/de\/produkt\/brooks-dare-crossback-run-bra-2-dare-crossback-run-bra-2-damen\/#breadcrumb","itemListElement":[{"@type":"ListItem","position":1,"name":"Home","item":"https:\/\/www.miomiorun.com\/de\/"},{"@type":"ListItem","position":2,"name":"Shop","item":"https:\/\/www.miomiorun.com\/shop\/"},{"@type":"ListItem","position":3,"name":"Dare crossback Run bra 2 damen"}]},{"@type":"WebSite","@id":"https:\/\/www.miomiorun.com\/de\/#website","url":"https:\/\/www.miomiorun.com\/de\/","name":"MioMioRun","description":"100% Lauf- und Trailshop","publisher":{"@id":"https:\/\/www.miomiorun.com\/de\/#organization"},"potentialAction":[{"@type":"SearchAction","target":{"@type":"EntryPoint","urlTemplate":"https:\/\/www.miomiorun.com\/de\/?s={search_term_string}"},"query-input":{"@type":"PropertyValueSpecification","valueRequired":true,"valueName":"search_term_string"}}],"inLanguage":"de-DE"},{"@type":"Organization","@id":"https:\/\/www.miomiorun.com\/de\/#organization","name":"MioMio Run","url":"https:\/\/www.miomiorun.com\/de\/","logo":{"@type":"ImageObject","inLanguage":"de-DE","@id":"https:\/\/www.miomiorun.com\/de\/#\/schema\/logo\/image\/","url":"https:\/\/www.miomiorun.com\/app\/uploads\/2019\/12\/logomio.png","contentUrl":"https:\/\/www.miomiorun.com\/app\/uploads\/2019\/12\/logomio.png","width":115,"height":82,"caption":"MioMio Run"},"image":{"@id":"https:\/\/www.miomiorun.com\/de\/#\/schema\/logo\/image\/"},"sameAs":["https:\/\/www.facebook.com\/miomiorun\/","https:\/\/www.instagram.com\/miomiorun\/"]}]}},"_links":{"self":[{"href":"https:\/\/www.miomiorun.com\/de\/wp-json\/wp\/v2\/product\/81036","targetHints":{"allow":["GET"]}}],"collection":[{"href":"https:\/\/www.miomiorun.com\/de\/wp-json\/wp\/v2\/product"}],"about":[{"href":"https:\/\/www.miomiorun.com\/de\/wp-json\/wp\/v2\/types\/product"}],"wp:featuredmedia":[{"embeddable":true,"href":"https:\/\/www.miomiorun.com\/de\/wp-json\/wp\/v2\/media\/62783"}],"wp:attachment":[{"href":"https:\/\/www.miomiorun.com\/de\/wp-json\/wp\/v2\/media?parent=81036"}],"wp:term":[{"taxonomy":"product_brand","embeddable":true,"href":"https:\/\/www.miomiorun.com\/de\/wp-json\/wp\/v2\/product_brand?post=81036"},{"taxonomy":"product_cat","embeddable":true,"href":"https:\/\/www.miomiorun.com\/de\/wp-json\/wp\/v2\/product_cat?post=81036"},{"taxonomy":"product_tag","embeddable":true,"href":"https:\/\/www.miomiorun.com\/de\/wp-json\/wp\/v2\/product_tag?post=81036"}],"curies":[{"name":"wp","href":"https:\/\/api.w.org\/{rel}","templated":true}]}}