{"id":81022,"date":"2022-03-05T18:39:28","date_gmt":"2022-03-05T17:39:28","guid":{"rendered":"https:\/\/miomiorun.com\/prodotto\/brooks-sprint-free-short-sleeve-donna\/"},"modified":"2022-08-11T12:07:30","modified_gmt":"2022-08-11T10:07:30","slug":"sprint-free-t-shirt-damen","status":"publish","type":"product","link":"https:\/\/www.miomiorun.com\/de\/produkt\/sprint-free-t-shirt-damen\/","title":{"rendered":"Sprint Free T-shirt damen"},"content":{"rendered":"<p>Laufen Sie in v\u00f6lliger Freiheit mit diesem atmungsaktiven Trikot. Das kurz\u00e4rmelige Damen-T-Shirt <strong>Sprint Free<\/strong> ist unser leichtestes und modernstes T-Shirt aus leichtem, atmungsaktivem und geruchshemmendem Material, das Sie lange frisch h\u00e4lt.<\/p>\n<h3 class=\"a-type-h4 m-long-description__label\">Ideal f\u00fcr:<\/h3>\n<p class=\"a-type-h4 m-long-description__label\"><img loading=\"lazy\" decoding=\"async\" class=\"a-responsive-image__img\" src=\"https:\/\/www.brooksrunning.com\/on\/demandware.static\/-\/Sites-brooks-master-catalog\/default\/dwd365409a\/specs\/PDP-BestFor-APP-Beat-The-Heat.svg\" alt=\"\" width=\"40\" height=\"40\" \/>Hohe Temperaturen.<\/p>\n<p><img loading=\"lazy\" decoding=\"async\" class=\"a-responsive-image__img\" src=\"https:\/\/www.brooksrunning.com\/on\/demandware.static\/-\/Sites-brooks-master-catalog\/default\/dweb5c0570\/specs\/PDP-BestFor-APP-Oder-Resistant.svg\" alt=\"\" width=\"40\" height=\"40\" \/>Geruchsresistent.<\/p>\n<p><img loading=\"lazy\" decoding=\"async\" class=\"a-responsive-image__img\" src=\"https:\/\/www.brooksrunning.com\/on\/demandware.static\/-\/Sites-brooks-master-catalog\/default\/dw4fc42e57\/specs\/PDP-BestFor-FTW-APP-BRA-Breathability.svg\" alt=\"\" width=\"40\" height=\"40\" \/>Atmungsaktivit\u00e4t .<\/p>\n<p><img loading=\"lazy\" decoding=\"async\" class=\"a-responsive-image__img\" src=\"https:\/\/www.brooksrunning.com\/on\/demandware.static\/-\/Sites-brooks-master-catalog\/default\/dw90e0d184\/specs\/PDP-BestFor-APP-BRA-New-Fit.svg\" alt=\"\" width=\"40\" height=\"40\" \/>Moderne Passform.<\/p>\n<h2>Merkmale:<\/h2>\n<ul>\n<li>Seitliche Spaltungen.<\/li>\n<li>Geruchshemmend.<\/li>\n<li>Ultra atmungsaktiv.<\/li>\n<li>Umweltfreundlich.<\/li>\n<\/ul>\n<p>&nbsp;<\/p>\n<h2><strong>Neue Ausf\u00fchrung<\/strong><\/h2>\n<p>Geruchsresistent<\/p>\n<p>Garantierte Frische dank antimikrobieller Ausr\u00fcstung, W\u00e4sche f\u00fcr W\u00e4sche.<\/p>\n","protected":false},"excerpt":{"rendered":"<p>Laufen Sie in v\u00f6lliger Freiheit mit diesem atmungsaktiven Trikot. Das kurz\u00e4rmelige Damen-T-Shirt Sprint Free ist unser leichtestes und modernstes T-Shirt aus leichtem, atmungsaktivem und geruchshemmendem Material, das Sie lange frisch h\u00e4lt. Ideal f\u00fcr: Hohe Temperaturen. Geruchsresistent. Atmungsaktivit\u00e4t . Moderne Passform. Merkmale: Seitliche Spaltungen. Geruchshemmend. Ultra atmungsaktiv. Umweltfreundlich. &nbsp; Neue Ausf\u00fchrung Geruchsresistent Garantierte Frische dank antimikrobieller &hellip; <a href=\"https:\/\/www.miomiorun.com\/de\/produkt\/sprint-free-t-shirt-damen\/\">Continued<\/a><\/p>\n","protected":false},"featured_media":62879,"template":"","meta":{"_acf_changed":false,"inline_featured_image":false},"product_brand":[],"product_cat":[6494,6502],"product_tag":[3362,6205],"class_list":{"0":"post-81022","1":"product","2":"type-product","3":"status-publish","4":"has-post-thumbnail","6":"product_cat-sale-damen-bekleidung-de","7":"product_cat-sale-t-shirt-damen-de","8":"product_tag-brooks-de","9":"product_tag-brooks-damen-de","10":"pa_attivita-fitness-de","11":"pa_attivita-gehen","12":"pa_attivita-running-de","13":"pa_colore-sprint-free-short-sleeve-w-bluetiful-de","14":"pa_marca-brooks-de","15":"pa_sesso-damen","16":"pa_size-medium-de","18":"first","19":"instock","20":"sale","21":"taxable","22":"shipping-taxable","23":"purchasable","24":"product-type-variable","25":"wvs-archive-product-wrapper"},"acf":[],"yoast_head":"<!-- This site is optimized with the Yoast SEO plugin v26.8 - https:\/\/yoast.com\/product\/yoast-seo-wordpress\/ -->\n<title>Brooks Sprint Free T-shirt damen - l\u00e4uft T-Shirt- MioMioRun<\/title>\n<meta name=\"description\" content=\"Laufen Sie in v\u00f6lliger Freiheit mit diesem atmungsaktiven Trikot. Das kurz\u00e4rmelige Sprint Free f\u00fcr Frauen ist unser leichtestes T-Shirt.\" \/>\n<meta name=\"robots\" content=\"index, follow, max-snippet:-1, max-image-preview:large, max-video-preview:-1\" \/>\n<link rel=\"canonical\" href=\"https:\/\/www.miomiorun.com\/de\/produkt\/sprint-free-t-shirt-damen\/\" \/>\n<meta property=\"og:locale\" content=\"de_DE\" \/>\n<meta property=\"og:type\" content=\"article\" \/>\n<meta property=\"og:title\" content=\"Brooks Sprint Free T-shirt damen - l\u00e4uft T-Shirt- MioMioRun\" \/>\n<meta property=\"og:description\" content=\"Laufen Sie in v\u00f6lliger Freiheit mit diesem atmungsaktiven Trikot. Das kurz\u00e4rmelige Sprint Free f\u00fcr Frauen ist unser leichtestes T-Shirt.\" \/>\n<meta property=\"og:url\" content=\"https:\/\/www.miomiorun.com\/de\/produkt\/sprint-free-t-shirt-damen\/\" \/>\n<meta property=\"og:site_name\" content=\"MioMioRun\" \/>\n<meta property=\"article:publisher\" content=\"https:\/\/www.facebook.com\/miomiorun\/\" \/>\n<meta property=\"article:modified_time\" content=\"2022-08-11T10:07:30+00:00\" \/>\n<meta property=\"og:image\" content=\"https:\/\/www.miomiorun.com\/app\/uploads\/2022\/03\/brooks-Sprint-Free-Short-Sleeve-221534434.jpg\" \/>\n\t<meta property=\"og:image:width\" content=\"600\" \/>\n\t<meta property=\"og:image:height\" content=\"600\" \/>\n\t<meta property=\"og:image:type\" content=\"image\/jpeg\" \/>\n<meta name=\"twitter:card\" content=\"summary_large_image\" \/>\n<meta name=\"twitter:label1\" content=\"Est. reading time\" \/>\n\t<meta name=\"twitter:data1\" content=\"2 minutes\" \/>\n<script type=\"application\/ld+json\" class=\"yoast-schema-graph\">{\"@context\":\"https:\/\/schema.org\",\"@graph\":[{\"@type\":\"WebPage\",\"@id\":\"https:\/\/www.miomiorun.com\/de\/produkt\/sprint-free-t-shirt-damen\/\",\"url\":\"https:\/\/www.miomiorun.com\/de\/produkt\/sprint-free-t-shirt-damen\/\",\"name\":\"Brooks Sprint Free T-shirt damen - l\u00e4uft T-Shirt- MioMioRun\",\"isPartOf\":{\"@id\":\"https:\/\/www.miomiorun.com\/de\/#website\"},\"primaryImageOfPage\":{\"@id\":\"https:\/\/www.miomiorun.com\/de\/produkt\/sprint-free-t-shirt-damen\/#primaryimage\"},\"image\":{\"@id\":\"https:\/\/www.miomiorun.com\/de\/produkt\/sprint-free-t-shirt-damen\/#primaryimage\"},\"thumbnailUrl\":\"https:\/\/www.miomiorun.com\/app\/uploads\/2022\/03\/brooks-Sprint-Free-Short-Sleeve-221534434.jpg\",\"datePublished\":\"2022-03-05T17:39:28+00:00\",\"dateModified\":\"2022-08-11T10:07:30+00:00\",\"description\":\"Laufen Sie in v\u00f6lliger Freiheit mit diesem atmungsaktiven Trikot. Das kurz\u00e4rmelige Sprint Free f\u00fcr Frauen ist unser leichtestes T-Shirt.\",\"breadcrumb\":{\"@id\":\"https:\/\/www.miomiorun.com\/de\/produkt\/sprint-free-t-shirt-damen\/#breadcrumb\"},\"inLanguage\":\"de-DE\",\"potentialAction\":[{\"@type\":\"ReadAction\",\"target\":[\"https:\/\/www.miomiorun.com\/de\/produkt\/sprint-free-t-shirt-damen\/\"]}]},{\"@type\":\"ImageObject\",\"inLanguage\":\"de-DE\",\"@id\":\"https:\/\/www.miomiorun.com\/de\/produkt\/sprint-free-t-shirt-damen\/#primaryimage\",\"url\":\"https:\/\/www.miomiorun.com\/app\/uploads\/2022\/03\/brooks-Sprint-Free-Short-Sleeve-221534434.jpg\",\"contentUrl\":\"https:\/\/www.miomiorun.com\/app\/uploads\/2022\/03\/brooks-Sprint-Free-Short-Sleeve-221534434.jpg\",\"width\":600,\"height\":600,\"caption\":\"brooks-Sprint-Free-Short-Sleeve-221534434\"},{\"@type\":\"BreadcrumbList\",\"@id\":\"https:\/\/www.miomiorun.com\/de\/produkt\/sprint-free-t-shirt-damen\/#breadcrumb\",\"itemListElement\":[{\"@type\":\"ListItem\",\"position\":1,\"name\":\"Home\",\"item\":\"https:\/\/www.miomiorun.com\/de\/\"},{\"@type\":\"ListItem\",\"position\":2,\"name\":\"Shop\",\"item\":\"https:\/\/www.miomiorun.com\/shop\/\"},{\"@type\":\"ListItem\",\"position\":3,\"name\":\"Sprint Free T-shirt damen\"}]},{\"@type\":\"WebSite\",\"@id\":\"https:\/\/www.miomiorun.com\/de\/#website\",\"url\":\"https:\/\/www.miomiorun.com\/de\/\",\"name\":\"MioMioRun\",\"description\":\"100% Lauf- und Trailshop\",\"publisher\":{\"@id\":\"https:\/\/www.miomiorun.com\/de\/#organization\"},\"potentialAction\":[{\"@type\":\"SearchAction\",\"target\":{\"@type\":\"EntryPoint\",\"urlTemplate\":\"https:\/\/www.miomiorun.com\/de\/?s={search_term_string}\"},\"query-input\":{\"@type\":\"PropertyValueSpecification\",\"valueRequired\":true,\"valueName\":\"search_term_string\"}}],\"inLanguage\":\"de-DE\"},{\"@type\":\"Organization\",\"@id\":\"https:\/\/www.miomiorun.com\/de\/#organization\",\"name\":\"MioMio Run\",\"url\":\"https:\/\/www.miomiorun.com\/de\/\",\"logo\":{\"@type\":\"ImageObject\",\"inLanguage\":\"de-DE\",\"@id\":\"https:\/\/www.miomiorun.com\/de\/#\/schema\/logo\/image\/\",\"url\":\"https:\/\/www.miomiorun.com\/app\/uploads\/2019\/12\/logomio.png\",\"contentUrl\":\"https:\/\/www.miomiorun.com\/app\/uploads\/2019\/12\/logomio.png\",\"width\":115,\"height\":82,\"caption\":\"MioMio Run\"},\"image\":{\"@id\":\"https:\/\/www.miomiorun.com\/de\/#\/schema\/logo\/image\/\"},\"sameAs\":[\"https:\/\/www.facebook.com\/miomiorun\/\",\"https:\/\/www.instagram.com\/miomiorun\/\"]}]}<\/script>\n<!-- \/ Yoast SEO plugin. -->","yoast_head_json":{"title":"Brooks Sprint Free T-shirt damen - l\u00e4uft T-Shirt- MioMioRun","description":"Laufen Sie in v\u00f6lliger Freiheit mit diesem atmungsaktiven Trikot. Das kurz\u00e4rmelige Sprint Free f\u00fcr Frauen ist unser leichtestes T-Shirt.","robots":{"index":"index","follow":"follow","max-snippet":"max-snippet:-1","max-image-preview":"max-image-preview:large","max-video-preview":"max-video-preview:-1"},"canonical":"https:\/\/www.miomiorun.com\/de\/produkt\/sprint-free-t-shirt-damen\/","og_locale":"de_DE","og_type":"article","og_title":"Brooks Sprint Free T-shirt damen - l\u00e4uft T-Shirt- MioMioRun","og_description":"Laufen Sie in v\u00f6lliger Freiheit mit diesem atmungsaktiven Trikot. Das kurz\u00e4rmelige Sprint Free f\u00fcr Frauen ist unser leichtestes T-Shirt.","og_url":"https:\/\/www.miomiorun.com\/de\/produkt\/sprint-free-t-shirt-damen\/","og_site_name":"MioMioRun","article_publisher":"https:\/\/www.facebook.com\/miomiorun\/","article_modified_time":"2022-08-11T10:07:30+00:00","og_image":[{"width":600,"height":600,"url":"https:\/\/www.miomiorun.com\/app\/uploads\/2022\/03\/brooks-Sprint-Free-Short-Sleeve-221534434.jpg","type":"image\/jpeg"}],"twitter_card":"summary_large_image","twitter_misc":{"Est. reading time":"2 minutes"},"schema":{"@context":"https:\/\/schema.org","@graph":[{"@type":"WebPage","@id":"https:\/\/www.miomiorun.com\/de\/produkt\/sprint-free-t-shirt-damen\/","url":"https:\/\/www.miomiorun.com\/de\/produkt\/sprint-free-t-shirt-damen\/","name":"Brooks Sprint Free T-shirt damen - l\u00e4uft T-Shirt- MioMioRun","isPartOf":{"@id":"https:\/\/www.miomiorun.com\/de\/#website"},"primaryImageOfPage":{"@id":"https:\/\/www.miomiorun.com\/de\/produkt\/sprint-free-t-shirt-damen\/#primaryimage"},"image":{"@id":"https:\/\/www.miomiorun.com\/de\/produkt\/sprint-free-t-shirt-damen\/#primaryimage"},"thumbnailUrl":"https:\/\/www.miomiorun.com\/app\/uploads\/2022\/03\/brooks-Sprint-Free-Short-Sleeve-221534434.jpg","datePublished":"2022-03-05T17:39:28+00:00","dateModified":"2022-08-11T10:07:30+00:00","description":"Laufen Sie in v\u00f6lliger Freiheit mit diesem atmungsaktiven Trikot. Das kurz\u00e4rmelige Sprint Free f\u00fcr Frauen ist unser leichtestes T-Shirt.","breadcrumb":{"@id":"https:\/\/www.miomiorun.com\/de\/produkt\/sprint-free-t-shirt-damen\/#breadcrumb"},"inLanguage":"de-DE","potentialAction":[{"@type":"ReadAction","target":["https:\/\/www.miomiorun.com\/de\/produkt\/sprint-free-t-shirt-damen\/"]}]},{"@type":"ImageObject","inLanguage":"de-DE","@id":"https:\/\/www.miomiorun.com\/de\/produkt\/sprint-free-t-shirt-damen\/#primaryimage","url":"https:\/\/www.miomiorun.com\/app\/uploads\/2022\/03\/brooks-Sprint-Free-Short-Sleeve-221534434.jpg","contentUrl":"https:\/\/www.miomiorun.com\/app\/uploads\/2022\/03\/brooks-Sprint-Free-Short-Sleeve-221534434.jpg","width":600,"height":600,"caption":"brooks-Sprint-Free-Short-Sleeve-221534434"},{"@type":"BreadcrumbList","@id":"https:\/\/www.miomiorun.com\/de\/produkt\/sprint-free-t-shirt-damen\/#breadcrumb","itemListElement":[{"@type":"ListItem","position":1,"name":"Home","item":"https:\/\/www.miomiorun.com\/de\/"},{"@type":"ListItem","position":2,"name":"Shop","item":"https:\/\/www.miomiorun.com\/shop\/"},{"@type":"ListItem","position":3,"name":"Sprint Free T-shirt damen"}]},{"@type":"WebSite","@id":"https:\/\/www.miomiorun.com\/de\/#website","url":"https:\/\/www.miomiorun.com\/de\/","name":"MioMioRun","description":"100% Lauf- und Trailshop","publisher":{"@id":"https:\/\/www.miomiorun.com\/de\/#organization"},"potentialAction":[{"@type":"SearchAction","target":{"@type":"EntryPoint","urlTemplate":"https:\/\/www.miomiorun.com\/de\/?s={search_term_string}"},"query-input":{"@type":"PropertyValueSpecification","valueRequired":true,"valueName":"search_term_string"}}],"inLanguage":"de-DE"},{"@type":"Organization","@id":"https:\/\/www.miomiorun.com\/de\/#organization","name":"MioMio Run","url":"https:\/\/www.miomiorun.com\/de\/","logo":{"@type":"ImageObject","inLanguage":"de-DE","@id":"https:\/\/www.miomiorun.com\/de\/#\/schema\/logo\/image\/","url":"https:\/\/www.miomiorun.com\/app\/uploads\/2019\/12\/logomio.png","contentUrl":"https:\/\/www.miomiorun.com\/app\/uploads\/2019\/12\/logomio.png","width":115,"height":82,"caption":"MioMio Run"},"image":{"@id":"https:\/\/www.miomiorun.com\/de\/#\/schema\/logo\/image\/"},"sameAs":["https:\/\/www.facebook.com\/miomiorun\/","https:\/\/www.instagram.com\/miomiorun\/"]}]}},"_links":{"self":[{"href":"https:\/\/www.miomiorun.com\/de\/wp-json\/wp\/v2\/product\/81022","targetHints":{"allow":["GET"]}}],"collection":[{"href":"https:\/\/www.miomiorun.com\/de\/wp-json\/wp\/v2\/product"}],"about":[{"href":"https:\/\/www.miomiorun.com\/de\/wp-json\/wp\/v2\/types\/product"}],"wp:featuredmedia":[{"embeddable":true,"href":"https:\/\/www.miomiorun.com\/de\/wp-json\/wp\/v2\/media\/62879"}],"wp:attachment":[{"href":"https:\/\/www.miomiorun.com\/de\/wp-json\/wp\/v2\/media?parent=81022"}],"wp:term":[{"taxonomy":"product_brand","embeddable":true,"href":"https:\/\/www.miomiorun.com\/de\/wp-json\/wp\/v2\/product_brand?post=81022"},{"taxonomy":"product_cat","embeddable":true,"href":"https:\/\/www.miomiorun.com\/de\/wp-json\/wp\/v2\/product_cat?post=81022"},{"taxonomy":"product_tag","embeddable":true,"href":"https:\/\/www.miomiorun.com\/de\/wp-json\/wp\/v2\/product_tag?post=81022"}],"curies":[{"name":"wp","href":"https:\/\/api.w.org\/{rel}","templated":true}]}}