{"id":80857,"date":"2020-04-01T16:53:43","date_gmt":"2020-04-01T14:53:43","guid":{"rendered":"https:\/\/miomiorun.com\/prodotto\/stance-medium-tab\/"},"modified":"2026-05-08T20:37:18","modified_gmt":"2026-05-08T18:37:18","slug":"stance-medium-tab","status":"publish","type":"product","link":"https:\/\/www.miomiorun.com\/de\/produkt\/stance-medium-tab\/","title":{"rendered":"Medium Tab"},"content":{"rendered":"<p>Die <strong>Stance Medium Tab<\/strong> Socken haben einen leichten Anstieg \u00fcber den Fersenkragen des Schuhs und enden knapp unter dem Kn\u00f6chel. Die mittlere Dicke sorgt f\u00fcr zus\u00e4tzliche Polsterung \u00fcber die gesamte Socke f\u00fcr einen sicheren und bequemen Sitz mit erh\u00f6htem Aufprallschutz.<\/p>\n<p><strong>FEATURES<\/strong><\/p>\n<ul>\n<li>Gezielte Beinkompression<\/li>\n<li>Reflektierendes Logo f\u00fcr bessere Sichtbarkeit<\/li>\n<li>Atmungsaktives Netz<\/li>\n<li>Leichte Frottee-D\u00e4mpfung<\/li>\n<li>Links-\/Rechtsgew\u00f6lbest\u00fctze<\/li>\n<li>Verst\u00e4rkte Zehen und Ferse<\/li>\n<li>FEEL360\u2122 Technologie<\/li>\n<\/ul>\n<p><strong>PRODUKTPFLEGE<\/strong><\/p>\n<ul>\n<li>Maschinenw\u00e4sche bei 40\u00b0C<\/li>\n<li>Vermeiden Sie Bleichen oder B\u00fcgeln<\/li>\n<li>Socken halten l\u00e4nger, wenn Sie sie nicht im Trockner trocknen lassen<\/li>\n<\/ul>\n<p>&nbsp;<\/p>\n<p>&nbsp;<\/p>\n<p>&nbsp;<\/p>\n","protected":false},"excerpt":{"rendered":"<p>W\u00e4hlen Sie Gr\u00f6\u00dfe und Farbe und entdecken Sie die Eigenschaften der verschiedenen Modelle<\/p>\n","protected":false},"featured_media":51628,"template":"","meta":{"_acf_changed":false,"inline_featured_image":false},"product_brand":[],"product_cat":[6515,6540,6514,6400,6401,6402],"product_tag":[3397,6313,6286],"class_list":{"0":"post-80857","1":"product","2":"type-product","3":"status-publish","4":"has-post-thumbnail","6":"product_cat-herren-de","7":"product_cat-herrenbekleidung","8":"product_cat-socken","9":"product_cat-damen","10":"product_cat-damenbekleidung","11":"product_cat-damensocken-de","12":"product_tag-stance-de","13":"product_tag-stance-damen-de","14":"product_tag-stance-herren-de","15":"pa_attivita-fitness-de","16":"pa_attivita-gehen","17":"pa_attivita-lifestyle-de","18":"pa_attivita-running-de","19":"pa_colore-cavolo-star-tab-de","20":"pa_colore-deleon-tab-multi-de","21":"pa_colore-uncommon-run-tab-de","22":"pa_colore-uncommon-run-tab-grey-de","23":"pa_colore-uncommon-run-tab-w-de","24":"pa_colore-uncommon-solid-wool-tab-de","25":"pa_colore-uncommon-solids-wool-tab-charcoal-de-2","26":"pa_marca-stance-de","27":"pa_sesso-damen","28":"pa_sesso-herren","29":"pa_size-35-37-de","30":"pa_size-38-42-de","31":"pa_size-43-46-de","33":"first","34":"instock","35":"sale","36":"taxable","37":"shipping-taxable","38":"purchasable","39":"product-type-variable","40":"wvs-archive-product-wrapper"},"acf":[],"yoast_head":"<!-- This site is optimized with the Yoast SEO plugin v26.8 - https:\/\/yoast.com\/product\/yoast-seo-wordpress\/ -->\n<title>Stance Medium Tab - Laufsocken - MioMioRun.com<\/title>\n<meta name=\"description\" content=\"Die Stance Medium Tab Socken enden knapp unterhalb des Kn\u00f6chels und die mittlere Dicke sorgt f\u00fcr D\u00e4mpfung, einen sicheren und bequemen Sitz.\" \/>\n<meta name=\"robots\" content=\"index, follow, max-snippet:-1, max-image-preview:large, max-video-preview:-1\" \/>\n<link rel=\"canonical\" href=\"https:\/\/www.miomiorun.com\/de\/produkt\/stance-medium-tab\/\" \/>\n<meta property=\"og:locale\" content=\"de_DE\" \/>\n<meta property=\"og:type\" content=\"article\" \/>\n<meta property=\"og:title\" content=\"Stance Medium Tab - Laufsocken - MioMioRun.com\" \/>\n<meta property=\"og:description\" content=\"Die Stance Medium Tab Socken enden knapp unterhalb des Kn\u00f6chels und die mittlere Dicke sorgt f\u00fcr D\u00e4mpfung, einen sicheren und bequemen Sitz.\" \/>\n<meta property=\"og:url\" content=\"https:\/\/www.miomiorun.com\/de\/produkt\/stance-medium-tab\/\" \/>\n<meta property=\"og:site_name\" content=\"MioMioRun\" \/>\n<meta property=\"article:publisher\" content=\"https:\/\/www.facebook.com\/miomiorun\/\" \/>\n<meta property=\"article:modified_time\" content=\"2026-05-08T18:37:18+00:00\" \/>\n<meta property=\"og:image\" content=\"https:\/\/www.miomiorun.com\/app\/uploads\/2020\/04\/Exchange-tab.jpg\" \/>\n\t<meta property=\"og:image:width\" content=\"600\" \/>\n\t<meta property=\"og:image:height\" content=\"600\" \/>\n\t<meta property=\"og:image:type\" content=\"image\/jpeg\" \/>\n<meta name=\"twitter:card\" content=\"summary_large_image\" \/>\n<script type=\"application\/ld+json\" class=\"yoast-schema-graph\">{\"@context\":\"https:\/\/schema.org\",\"@graph\":[{\"@type\":\"WebPage\",\"@id\":\"https:\/\/www.miomiorun.com\/de\/produkt\/stance-medium-tab\/\",\"url\":\"https:\/\/www.miomiorun.com\/de\/produkt\/stance-medium-tab\/\",\"name\":\"Stance Medium Tab - Laufsocken - MioMioRun.com\",\"isPartOf\":{\"@id\":\"https:\/\/www.miomiorun.com\/de\/#website\"},\"primaryImageOfPage\":{\"@id\":\"https:\/\/www.miomiorun.com\/de\/produkt\/stance-medium-tab\/#primaryimage\"},\"image\":{\"@id\":\"https:\/\/www.miomiorun.com\/de\/produkt\/stance-medium-tab\/#primaryimage\"},\"thumbnailUrl\":\"https:\/\/www.miomiorun.com\/app\/uploads\/2020\/04\/Exchange-tab.jpg\",\"datePublished\":\"2020-04-01T14:53:43+00:00\",\"dateModified\":\"2026-05-08T18:37:18+00:00\",\"description\":\"Die Stance Medium Tab Socken enden knapp unterhalb des Kn\u00f6chels und die mittlere Dicke sorgt f\u00fcr D\u00e4mpfung, einen sicheren und bequemen Sitz.\",\"breadcrumb\":{\"@id\":\"https:\/\/www.miomiorun.com\/de\/produkt\/stance-medium-tab\/#breadcrumb\"},\"inLanguage\":\"de-DE\",\"potentialAction\":[{\"@type\":\"ReadAction\",\"target\":[\"https:\/\/www.miomiorun.com\/de\/produkt\/stance-medium-tab\/\"]}]},{\"@type\":\"ImageObject\",\"inLanguage\":\"de-DE\",\"@id\":\"https:\/\/www.miomiorun.com\/de\/produkt\/stance-medium-tab\/#primaryimage\",\"url\":\"https:\/\/www.miomiorun.com\/app\/uploads\/2020\/04\/Exchange-tab.jpg\",\"contentUrl\":\"https:\/\/www.miomiorun.com\/app\/uploads\/2020\/04\/Exchange-tab.jpg\",\"width\":600,\"height\":600,\"caption\":\"Exchange-tab\"},{\"@type\":\"BreadcrumbList\",\"@id\":\"https:\/\/www.miomiorun.com\/de\/produkt\/stance-medium-tab\/#breadcrumb\",\"itemListElement\":[{\"@type\":\"ListItem\",\"position\":1,\"name\":\"Home\",\"item\":\"https:\/\/www.miomiorun.com\/de\/\"},{\"@type\":\"ListItem\",\"position\":2,\"name\":\"Shop\",\"item\":\"https:\/\/www.miomiorun.com\/shop\/\"},{\"@type\":\"ListItem\",\"position\":3,\"name\":\"Medium Tab\"}]},{\"@type\":\"WebSite\",\"@id\":\"https:\/\/www.miomiorun.com\/de\/#website\",\"url\":\"https:\/\/www.miomiorun.com\/de\/\",\"name\":\"MioMioRun\",\"description\":\"100% Lauf- und Trailshop\",\"publisher\":{\"@id\":\"https:\/\/www.miomiorun.com\/de\/#organization\"},\"potentialAction\":[{\"@type\":\"SearchAction\",\"target\":{\"@type\":\"EntryPoint\",\"urlTemplate\":\"https:\/\/www.miomiorun.com\/de\/?s={search_term_string}\"},\"query-input\":{\"@type\":\"PropertyValueSpecification\",\"valueRequired\":true,\"valueName\":\"search_term_string\"}}],\"inLanguage\":\"de-DE\"},{\"@type\":\"Organization\",\"@id\":\"https:\/\/www.miomiorun.com\/de\/#organization\",\"name\":\"MioMio Run\",\"url\":\"https:\/\/www.miomiorun.com\/de\/\",\"logo\":{\"@type\":\"ImageObject\",\"inLanguage\":\"de-DE\",\"@id\":\"https:\/\/www.miomiorun.com\/de\/#\/schema\/logo\/image\/\",\"url\":\"https:\/\/www.miomiorun.com\/app\/uploads\/2019\/12\/logomio.png\",\"contentUrl\":\"https:\/\/www.miomiorun.com\/app\/uploads\/2019\/12\/logomio.png\",\"width\":115,\"height\":82,\"caption\":\"MioMio Run\"},\"image\":{\"@id\":\"https:\/\/www.miomiorun.com\/de\/#\/schema\/logo\/image\/\"},\"sameAs\":[\"https:\/\/www.facebook.com\/miomiorun\/\",\"https:\/\/www.instagram.com\/miomiorun\/\"]}]}<\/script>\n<!-- \/ Yoast SEO plugin. -->","yoast_head_json":{"title":"Stance Medium Tab - Laufsocken - MioMioRun.com","description":"Die Stance Medium Tab Socken enden knapp unterhalb des Kn\u00f6chels und die mittlere Dicke sorgt f\u00fcr D\u00e4mpfung, einen sicheren und bequemen Sitz.","robots":{"index":"index","follow":"follow","max-snippet":"max-snippet:-1","max-image-preview":"max-image-preview:large","max-video-preview":"max-video-preview:-1"},"canonical":"https:\/\/www.miomiorun.com\/de\/produkt\/stance-medium-tab\/","og_locale":"de_DE","og_type":"article","og_title":"Stance Medium Tab - Laufsocken - MioMioRun.com","og_description":"Die Stance Medium Tab Socken enden knapp unterhalb des Kn\u00f6chels und die mittlere Dicke sorgt f\u00fcr D\u00e4mpfung, einen sicheren und bequemen Sitz.","og_url":"https:\/\/www.miomiorun.com\/de\/produkt\/stance-medium-tab\/","og_site_name":"MioMioRun","article_publisher":"https:\/\/www.facebook.com\/miomiorun\/","article_modified_time":"2026-05-08T18:37:18+00:00","og_image":[{"width":600,"height":600,"url":"https:\/\/www.miomiorun.com\/app\/uploads\/2020\/04\/Exchange-tab.jpg","type":"image\/jpeg"}],"twitter_card":"summary_large_image","schema":{"@context":"https:\/\/schema.org","@graph":[{"@type":"WebPage","@id":"https:\/\/www.miomiorun.com\/de\/produkt\/stance-medium-tab\/","url":"https:\/\/www.miomiorun.com\/de\/produkt\/stance-medium-tab\/","name":"Stance Medium Tab - Laufsocken - MioMioRun.com","isPartOf":{"@id":"https:\/\/www.miomiorun.com\/de\/#website"},"primaryImageOfPage":{"@id":"https:\/\/www.miomiorun.com\/de\/produkt\/stance-medium-tab\/#primaryimage"},"image":{"@id":"https:\/\/www.miomiorun.com\/de\/produkt\/stance-medium-tab\/#primaryimage"},"thumbnailUrl":"https:\/\/www.miomiorun.com\/app\/uploads\/2020\/04\/Exchange-tab.jpg","datePublished":"2020-04-01T14:53:43+00:00","dateModified":"2026-05-08T18:37:18+00:00","description":"Die Stance Medium Tab Socken enden knapp unterhalb des Kn\u00f6chels und die mittlere Dicke sorgt f\u00fcr D\u00e4mpfung, einen sicheren und bequemen Sitz.","breadcrumb":{"@id":"https:\/\/www.miomiorun.com\/de\/produkt\/stance-medium-tab\/#breadcrumb"},"inLanguage":"de-DE","potentialAction":[{"@type":"ReadAction","target":["https:\/\/www.miomiorun.com\/de\/produkt\/stance-medium-tab\/"]}]},{"@type":"ImageObject","inLanguage":"de-DE","@id":"https:\/\/www.miomiorun.com\/de\/produkt\/stance-medium-tab\/#primaryimage","url":"https:\/\/www.miomiorun.com\/app\/uploads\/2020\/04\/Exchange-tab.jpg","contentUrl":"https:\/\/www.miomiorun.com\/app\/uploads\/2020\/04\/Exchange-tab.jpg","width":600,"height":600,"caption":"Exchange-tab"},{"@type":"BreadcrumbList","@id":"https:\/\/www.miomiorun.com\/de\/produkt\/stance-medium-tab\/#breadcrumb","itemListElement":[{"@type":"ListItem","position":1,"name":"Home","item":"https:\/\/www.miomiorun.com\/de\/"},{"@type":"ListItem","position":2,"name":"Shop","item":"https:\/\/www.miomiorun.com\/shop\/"},{"@type":"ListItem","position":3,"name":"Medium Tab"}]},{"@type":"WebSite","@id":"https:\/\/www.miomiorun.com\/de\/#website","url":"https:\/\/www.miomiorun.com\/de\/","name":"MioMioRun","description":"100% Lauf- und Trailshop","publisher":{"@id":"https:\/\/www.miomiorun.com\/de\/#organization"},"potentialAction":[{"@type":"SearchAction","target":{"@type":"EntryPoint","urlTemplate":"https:\/\/www.miomiorun.com\/de\/?s={search_term_string}"},"query-input":{"@type":"PropertyValueSpecification","valueRequired":true,"valueName":"search_term_string"}}],"inLanguage":"de-DE"},{"@type":"Organization","@id":"https:\/\/www.miomiorun.com\/de\/#organization","name":"MioMio Run","url":"https:\/\/www.miomiorun.com\/de\/","logo":{"@type":"ImageObject","inLanguage":"de-DE","@id":"https:\/\/www.miomiorun.com\/de\/#\/schema\/logo\/image\/","url":"https:\/\/www.miomiorun.com\/app\/uploads\/2019\/12\/logomio.png","contentUrl":"https:\/\/www.miomiorun.com\/app\/uploads\/2019\/12\/logomio.png","width":115,"height":82,"caption":"MioMio Run"},"image":{"@id":"https:\/\/www.miomiorun.com\/de\/#\/schema\/logo\/image\/"},"sameAs":["https:\/\/www.facebook.com\/miomiorun\/","https:\/\/www.instagram.com\/miomiorun\/"]}]}},"_links":{"self":[{"href":"https:\/\/www.miomiorun.com\/de\/wp-json\/wp\/v2\/product\/80857","targetHints":{"allow":["GET"]}}],"collection":[{"href":"https:\/\/www.miomiorun.com\/de\/wp-json\/wp\/v2\/product"}],"about":[{"href":"https:\/\/www.miomiorun.com\/de\/wp-json\/wp\/v2\/types\/product"}],"wp:featuredmedia":[{"embeddable":true,"href":"https:\/\/www.miomiorun.com\/de\/wp-json\/wp\/v2\/media\/51628"}],"wp:attachment":[{"href":"https:\/\/www.miomiorun.com\/de\/wp-json\/wp\/v2\/media?parent=80857"}],"wp:term":[{"taxonomy":"product_brand","embeddable":true,"href":"https:\/\/www.miomiorun.com\/de\/wp-json\/wp\/v2\/product_brand?post=80857"},{"taxonomy":"product_cat","embeddable":true,"href":"https:\/\/www.miomiorun.com\/de\/wp-json\/wp\/v2\/product_cat?post=80857"},{"taxonomy":"product_tag","embeddable":true,"href":"https:\/\/www.miomiorun.com\/de\/wp-json\/wp\/v2\/product_tag?post=80857"}],"curies":[{"name":"wp","href":"https:\/\/api.w.org\/{rel}","templated":true}]}}