{"id":80819,"date":"2021-06-04T19:11:35","date_gmt":"2021-06-04T17:11:35","guid":{"rendered":"https:\/\/miomiorun.com\/prodotto\/stance-infiknit-medium-tab\/"},"modified":"2025-02-28T11:27:04","modified_gmt":"2025-02-28T10:27:04","slug":"infiknit-medium-tab","status":"publish","type":"product","link":"https:\/\/www.miomiorun.com\/de\/produkt\/infiknit-medium-tab\/","title":{"rendered":"Infiknit Medium Tab"},"content":{"rendered":"<p>Setzen Sie sich gro\u00dfe Ziele, um aktiver zu werden? Die Stance Performance-Modelle sind mit Funktionen wie Feel 360\u2122 und Infiknit\u2122 ausgestattet, um jeden Lauf oder jedes Training zu verbessern. Von ganzt\u00e4gigem Komfort bis hin zu garantierter lebenslanger Haltbarkeit &#8211; halten Sie Ihre Ziele im Auge und fangen Sie ganz von vorne an.<\/p>\n<p>Zus\u00e4tzliche Polsterung in der gesamten Socke f\u00fcr einen sicheren und bequemen Sitz mit verbessertem Aufprallschutz.<\/p>\n<h2>Funktionen:<\/h2>\n<ul>\n<li>Unsere Infiknit\u2122-Technologie rei\u00dft nicht. F\u00fcr die Ewigkeit gemacht.<\/li>\n<li>Die ausgekl\u00fcgelte Fu\u00dfgew\u00f6lbest\u00fctze stabilisiert Ihren Schwung mit Stil.<\/li>\n<li>Reflektierendes Logo f\u00fcr bessere Sichtbarkeit.<\/li>\n<li>Nahtloser Zehenverschluss f\u00fcr ein reibungsfreies Finish, das Ihre F\u00fc\u00dfe lieben werden.<\/li>\n<li>Performance Mesh h\u00e4lt Sie mit maximaler Luftzirkulation und Atmungsaktivit\u00e4t k\u00fchl.<\/li>\n<\/ul>\n<h2>Mittlere D\u00e4mpfung:<\/h2>\n<p>Moderate D\u00e4mpfung \u00fcber die gesamte Socke f\u00fcr einen sicheren Sitz mit erh\u00f6htem Aufprallschutz.<\/p>\n<h2>Registerkarte:<\/h2>\n<p>Ein bescheidener Anstieg \u00fcber dem Kragen des Schuhs, der knapp unter dem Kn\u00f6chel mit einer Zunge endet.<\/p>\n<h2>Produktpflege:<\/h2>\n<ul>\n<li style=\"font-weight: 400;\">Maschinenw\u00e4sche bei 40\u00b0C<\/li>\n<li style=\"font-weight: 400;\">Vermeiden Sie Bleichen oder B\u00fcgeln<\/li>\n<li style=\"font-weight: 400;\">Socken halten l\u00e4nger, wenn Sie sie nicht im Trockner trocknen lassen<\/li>\n<\/ul>\n","protected":false},"excerpt":{"rendered":"<p>W\u00e4hlen Sie Gr\u00f6\u00dfe und Farbe und entdecken Sie die Eigenschaften der verschiedenen Modelle<\/p>\n","protected":false},"featured_media":55985,"template":"","meta":{"_acf_changed":false,"inline_featured_image":false},"product_brand":[],"product_cat":[6515,6540,6514,6400,6401,6402],"product_tag":[3397,6313,6286],"class_list":{"0":"post-80819","1":"product","2":"type-product","3":"status-publish","4":"has-post-thumbnail","6":"product_cat-herren-de","7":"product_cat-herrenbekleidung","8":"product_cat-socken","9":"product_cat-damen","10":"product_cat-damenbekleidung","11":"product_cat-damensocken-de","12":"product_tag-stance-de","13":"product_tag-stance-damen-de","14":"product_tag-stance-herren-de","15":"pa_colore-indipendence-tab-de","16":"pa_colore-versa-tab-de","17":"pa_colore-versa-tab-royal-de","18":"pa_colore-versa-tab-white-de","19":"pa_colore-expanse-tab-de","20":"pa_colore-fields-mesh-white-de","21":"pa_colore-montalvo-tab-de","22":"pa_colore-paradis-tab-de","23":"pa_colore-tropix-tab-black-de","24":"pa_marca-stance-de","25":"pa_sesso-damen","26":"pa_sesso-herren","27":"pa_size-35-37-de","28":"pa_size-38-42-de","29":"pa_size-43-46-de","31":"first","32":"instock","33":"sale","34":"taxable","35":"shipping-taxable","36":"purchasable","37":"product-type-variable","38":"wvs-archive-product-wrapper"},"acf":[],"yoast_head":"<!-- This site is optimized with the Yoast SEO plugin v26.8 - https:\/\/yoast.com\/product\/yoast-seo-wordpress\/ -->\n<title>Stance Infiknit Medium Tab - Laufsocken - MioMioRun.com<\/title>\n<meta name=\"description\" content=\"Von ganzt\u00e4gigem Komfort bis hin zu garantierter lebenslanger Haltbarkeit - halten Sie Ihre Ziele im Auge und fangen Sie ganz von vorne an.\" \/>\n<meta name=\"robots\" content=\"index, follow, max-snippet:-1, max-image-preview:large, max-video-preview:-1\" \/>\n<link rel=\"canonical\" href=\"https:\/\/www.miomiorun.com\/de\/produkt\/infiknit-medium-tab\/\" \/>\n<meta property=\"og:locale\" content=\"de_DE\" \/>\n<meta property=\"og:type\" content=\"article\" \/>\n<meta property=\"og:title\" content=\"Stance Infiknit Medium Tab - Laufsocken - MioMioRun.com\" \/>\n<meta property=\"og:description\" content=\"Von ganzt\u00e4gigem Komfort bis hin zu garantierter lebenslanger Haltbarkeit - halten Sie Ihre Ziele im Auge und fangen Sie ganz von vorne an.\" \/>\n<meta property=\"og:url\" content=\"https:\/\/www.miomiorun.com\/de\/produkt\/infiknit-medium-tab\/\" \/>\n<meta property=\"og:site_name\" content=\"MioMioRun\" \/>\n<meta property=\"article:publisher\" content=\"https:\/\/www.facebook.com\/miomiorun\/\" \/>\n<meta property=\"article:modified_time\" content=\"2025-02-28T10:27:04+00:00\" \/>\n<meta property=\"og:image\" content=\"https:\/\/www.miomiorun.com\/app\/uploads\/2021\/06\/stance-Trop-it-low.jpg\" \/>\n\t<meta property=\"og:image:width\" content=\"600\" \/>\n\t<meta property=\"og:image:height\" content=\"600\" \/>\n\t<meta property=\"og:image:type\" content=\"image\/jpeg\" \/>\n<meta name=\"twitter:card\" content=\"summary_large_image\" \/>\n<meta name=\"twitter:label1\" content=\"Est. reading time\" \/>\n\t<meta name=\"twitter:data1\" content=\"1 minute\" \/>\n<script type=\"application\/ld+json\" class=\"yoast-schema-graph\">{\"@context\":\"https:\/\/schema.org\",\"@graph\":[{\"@type\":\"WebPage\",\"@id\":\"https:\/\/www.miomiorun.com\/de\/produkt\/infiknit-medium-tab\/\",\"url\":\"https:\/\/www.miomiorun.com\/de\/produkt\/infiknit-medium-tab\/\",\"name\":\"Stance Infiknit Medium Tab - Laufsocken - MioMioRun.com\",\"isPartOf\":{\"@id\":\"https:\/\/www.miomiorun.com\/de\/#website\"},\"primaryImageOfPage\":{\"@id\":\"https:\/\/www.miomiorun.com\/de\/produkt\/infiknit-medium-tab\/#primaryimage\"},\"image\":{\"@id\":\"https:\/\/www.miomiorun.com\/de\/produkt\/infiknit-medium-tab\/#primaryimage\"},\"thumbnailUrl\":\"https:\/\/www.miomiorun.com\/app\/uploads\/2021\/06\/stance-Trop-it-low.jpg\",\"datePublished\":\"2021-06-04T17:11:35+00:00\",\"dateModified\":\"2025-02-28T10:27:04+00:00\",\"description\":\"Von ganzt\u00e4gigem Komfort bis hin zu garantierter lebenslanger Haltbarkeit - halten Sie Ihre Ziele im Auge und fangen Sie ganz von vorne an.\",\"breadcrumb\":{\"@id\":\"https:\/\/www.miomiorun.com\/de\/produkt\/infiknit-medium-tab\/#breadcrumb\"},\"inLanguage\":\"de-DE\",\"potentialAction\":[{\"@type\":\"ReadAction\",\"target\":[\"https:\/\/www.miomiorun.com\/de\/produkt\/infiknit-medium-tab\/\"]}]},{\"@type\":\"ImageObject\",\"inLanguage\":\"de-DE\",\"@id\":\"https:\/\/www.miomiorun.com\/de\/produkt\/infiknit-medium-tab\/#primaryimage\",\"url\":\"https:\/\/www.miomiorun.com\/app\/uploads\/2021\/06\/stance-Trop-it-low.jpg\",\"contentUrl\":\"https:\/\/www.miomiorun.com\/app\/uploads\/2021\/06\/stance-Trop-it-low.jpg\",\"width\":600,\"height\":600,\"caption\":\"stance trop il low\"},{\"@type\":\"BreadcrumbList\",\"@id\":\"https:\/\/www.miomiorun.com\/de\/produkt\/infiknit-medium-tab\/#breadcrumb\",\"itemListElement\":[{\"@type\":\"ListItem\",\"position\":1,\"name\":\"Home\",\"item\":\"https:\/\/www.miomiorun.com\/de\/\"},{\"@type\":\"ListItem\",\"position\":2,\"name\":\"Shop\",\"item\":\"https:\/\/www.miomiorun.com\/shop\/\"},{\"@type\":\"ListItem\",\"position\":3,\"name\":\"Infiknit Medium Tab\"}]},{\"@type\":\"WebSite\",\"@id\":\"https:\/\/www.miomiorun.com\/de\/#website\",\"url\":\"https:\/\/www.miomiorun.com\/de\/\",\"name\":\"MioMioRun\",\"description\":\"100% Lauf- und Trailshop\",\"publisher\":{\"@id\":\"https:\/\/www.miomiorun.com\/de\/#organization\"},\"potentialAction\":[{\"@type\":\"SearchAction\",\"target\":{\"@type\":\"EntryPoint\",\"urlTemplate\":\"https:\/\/www.miomiorun.com\/de\/?s={search_term_string}\"},\"query-input\":{\"@type\":\"PropertyValueSpecification\",\"valueRequired\":true,\"valueName\":\"search_term_string\"}}],\"inLanguage\":\"de-DE\"},{\"@type\":\"Organization\",\"@id\":\"https:\/\/www.miomiorun.com\/de\/#organization\",\"name\":\"MioMio Run\",\"url\":\"https:\/\/www.miomiorun.com\/de\/\",\"logo\":{\"@type\":\"ImageObject\",\"inLanguage\":\"de-DE\",\"@id\":\"https:\/\/www.miomiorun.com\/de\/#\/schema\/logo\/image\/\",\"url\":\"https:\/\/www.miomiorun.com\/app\/uploads\/2019\/12\/logomio.png\",\"contentUrl\":\"https:\/\/www.miomiorun.com\/app\/uploads\/2019\/12\/logomio.png\",\"width\":115,\"height\":82,\"caption\":\"MioMio Run\"},\"image\":{\"@id\":\"https:\/\/www.miomiorun.com\/de\/#\/schema\/logo\/image\/\"},\"sameAs\":[\"https:\/\/www.facebook.com\/miomiorun\/\",\"https:\/\/www.instagram.com\/miomiorun\/\"]}]}<\/script>\n<!-- \/ Yoast SEO plugin. -->","yoast_head_json":{"title":"Stance Infiknit Medium Tab - Laufsocken - MioMioRun.com","description":"Von ganzt\u00e4gigem Komfort bis hin zu garantierter lebenslanger Haltbarkeit - halten Sie Ihre Ziele im Auge und fangen Sie ganz von vorne an.","robots":{"index":"index","follow":"follow","max-snippet":"max-snippet:-1","max-image-preview":"max-image-preview:large","max-video-preview":"max-video-preview:-1"},"canonical":"https:\/\/www.miomiorun.com\/de\/produkt\/infiknit-medium-tab\/","og_locale":"de_DE","og_type":"article","og_title":"Stance Infiknit Medium Tab - Laufsocken - MioMioRun.com","og_description":"Von ganzt\u00e4gigem Komfort bis hin zu garantierter lebenslanger Haltbarkeit - halten Sie Ihre Ziele im Auge und fangen Sie ganz von vorne an.","og_url":"https:\/\/www.miomiorun.com\/de\/produkt\/infiknit-medium-tab\/","og_site_name":"MioMioRun","article_publisher":"https:\/\/www.facebook.com\/miomiorun\/","article_modified_time":"2025-02-28T10:27:04+00:00","og_image":[{"width":600,"height":600,"url":"https:\/\/www.miomiorun.com\/app\/uploads\/2021\/06\/stance-Trop-it-low.jpg","type":"image\/jpeg"}],"twitter_card":"summary_large_image","twitter_misc":{"Est. reading time":"1 minute"},"schema":{"@context":"https:\/\/schema.org","@graph":[{"@type":"WebPage","@id":"https:\/\/www.miomiorun.com\/de\/produkt\/infiknit-medium-tab\/","url":"https:\/\/www.miomiorun.com\/de\/produkt\/infiknit-medium-tab\/","name":"Stance Infiknit Medium Tab - Laufsocken - MioMioRun.com","isPartOf":{"@id":"https:\/\/www.miomiorun.com\/de\/#website"},"primaryImageOfPage":{"@id":"https:\/\/www.miomiorun.com\/de\/produkt\/infiknit-medium-tab\/#primaryimage"},"image":{"@id":"https:\/\/www.miomiorun.com\/de\/produkt\/infiknit-medium-tab\/#primaryimage"},"thumbnailUrl":"https:\/\/www.miomiorun.com\/app\/uploads\/2021\/06\/stance-Trop-it-low.jpg","datePublished":"2021-06-04T17:11:35+00:00","dateModified":"2025-02-28T10:27:04+00:00","description":"Von ganzt\u00e4gigem Komfort bis hin zu garantierter lebenslanger Haltbarkeit - halten Sie Ihre Ziele im Auge und fangen Sie ganz von vorne an.","breadcrumb":{"@id":"https:\/\/www.miomiorun.com\/de\/produkt\/infiknit-medium-tab\/#breadcrumb"},"inLanguage":"de-DE","potentialAction":[{"@type":"ReadAction","target":["https:\/\/www.miomiorun.com\/de\/produkt\/infiknit-medium-tab\/"]}]},{"@type":"ImageObject","inLanguage":"de-DE","@id":"https:\/\/www.miomiorun.com\/de\/produkt\/infiknit-medium-tab\/#primaryimage","url":"https:\/\/www.miomiorun.com\/app\/uploads\/2021\/06\/stance-Trop-it-low.jpg","contentUrl":"https:\/\/www.miomiorun.com\/app\/uploads\/2021\/06\/stance-Trop-it-low.jpg","width":600,"height":600,"caption":"stance trop il low"},{"@type":"BreadcrumbList","@id":"https:\/\/www.miomiorun.com\/de\/produkt\/infiknit-medium-tab\/#breadcrumb","itemListElement":[{"@type":"ListItem","position":1,"name":"Home","item":"https:\/\/www.miomiorun.com\/de\/"},{"@type":"ListItem","position":2,"name":"Shop","item":"https:\/\/www.miomiorun.com\/shop\/"},{"@type":"ListItem","position":3,"name":"Infiknit Medium Tab"}]},{"@type":"WebSite","@id":"https:\/\/www.miomiorun.com\/de\/#website","url":"https:\/\/www.miomiorun.com\/de\/","name":"MioMioRun","description":"100% Lauf- und Trailshop","publisher":{"@id":"https:\/\/www.miomiorun.com\/de\/#organization"},"potentialAction":[{"@type":"SearchAction","target":{"@type":"EntryPoint","urlTemplate":"https:\/\/www.miomiorun.com\/de\/?s={search_term_string}"},"query-input":{"@type":"PropertyValueSpecification","valueRequired":true,"valueName":"search_term_string"}}],"inLanguage":"de-DE"},{"@type":"Organization","@id":"https:\/\/www.miomiorun.com\/de\/#organization","name":"MioMio Run","url":"https:\/\/www.miomiorun.com\/de\/","logo":{"@type":"ImageObject","inLanguage":"de-DE","@id":"https:\/\/www.miomiorun.com\/de\/#\/schema\/logo\/image\/","url":"https:\/\/www.miomiorun.com\/app\/uploads\/2019\/12\/logomio.png","contentUrl":"https:\/\/www.miomiorun.com\/app\/uploads\/2019\/12\/logomio.png","width":115,"height":82,"caption":"MioMio Run"},"image":{"@id":"https:\/\/www.miomiorun.com\/de\/#\/schema\/logo\/image\/"},"sameAs":["https:\/\/www.facebook.com\/miomiorun\/","https:\/\/www.instagram.com\/miomiorun\/"]}]}},"_links":{"self":[{"href":"https:\/\/www.miomiorun.com\/de\/wp-json\/wp\/v2\/product\/80819","targetHints":{"allow":["GET"]}}],"collection":[{"href":"https:\/\/www.miomiorun.com\/de\/wp-json\/wp\/v2\/product"}],"about":[{"href":"https:\/\/www.miomiorun.com\/de\/wp-json\/wp\/v2\/types\/product"}],"wp:featuredmedia":[{"embeddable":true,"href":"https:\/\/www.miomiorun.com\/de\/wp-json\/wp\/v2\/media\/55985"}],"wp:attachment":[{"href":"https:\/\/www.miomiorun.com\/de\/wp-json\/wp\/v2\/media?parent=80819"}],"wp:term":[{"taxonomy":"product_brand","embeddable":true,"href":"https:\/\/www.miomiorun.com\/de\/wp-json\/wp\/v2\/product_brand?post=80819"},{"taxonomy":"product_cat","embeddable":true,"href":"https:\/\/www.miomiorun.com\/de\/wp-json\/wp\/v2\/product_cat?post=80819"},{"taxonomy":"product_tag","embeddable":true,"href":"https:\/\/www.miomiorun.com\/de\/wp-json\/wp\/v2\/product_tag?post=80819"}],"curies":[{"name":"wp","href":"https:\/\/api.w.org\/{rel}","templated":true}]}}