{"id":80783,"date":"2021-10-14T18:21:21","date_gmt":"2021-10-14T16:21:21","guid":{"rendered":"https:\/\/miomiorun.com\/prodotto\/stance-infiknit-light-crew\/"},"modified":"2024-11-16T13:58:58","modified_gmt":"2024-11-16T12:58:58","slug":"stance-infiknit-light-crew","status":"publish","type":"product","link":"https:\/\/www.miomiorun.com\/de\/produkt\/stance-infiknit-light-crew\/","title":{"rendered":"Infiknit Light Crew"},"content":{"rendered":"<p>Hast du dir gro\u00dfe Ziele gesetzt, um aktiver zu werden? Die Stance Performance-Modelle sind vollgepackt mit Funktionen wie Feel 360\u2122 und Infiknit\u2122, um jeden Lauf oder jedes Training zu verbessern. Von ganzt\u00e4gigem Komfort bis hin zu garantierter lebenslanger Haltbarkeit &#8211; halte deine Ziele auf Kurs und fange ganz von vorne an.<\/p>\n<p>Diese leichten Socken sind eine gute Wahl f\u00fcr eine gute Passform und bieten eine atmungsaktive, weniger sperrige Barriere zwischen Fu\u00df und Schuh.<\/p>\n<h3>Merkmale<\/h3>\n<ul>\n<li>Unsere Infiknit\u2122-Technologie rei\u00dft nicht. F\u00fcr die Ewigkeit gemacht.<\/li>\n<li>Die ausgekl\u00fcgelte Fu\u00dfgew\u00f6lbest\u00fctze stabilisiert Ihren Schwung mit Stil.<\/li>\n<li>Reflektierendes Logo f\u00fcr bessere Sichtbarkeit.<\/li>\n<li>Nahtloser Zehenverschluss f\u00fcr ein reibungsfreies Finish, das Ihre F\u00fc\u00dfe lieben werden.<\/li>\n<li>Performance Mesh h\u00e4lt Sie mit maximaler Luftzirkulation und Atmungsaktivit\u00e4t k\u00fchl.<\/li>\n<\/ul>\n<h3>Leichte Polsterung<\/h3>\n<p>Diese leichten Socken bieten eine atmungsaktive Barriere zwischen Fu\u00df und Schuh mit ausgew\u00e4hlter D\u00e4mpfung.<\/p>\n<h3>Crew<\/h3>\n<p>Eine klassische Sockenh\u00f6he, die die Mitte des Unterschenkels trifft.<\/p>\n<h3>Pflege des Produkts<\/h3>\n<ul>\n<li>Maschinenw\u00e4sche bei 40\u00b0C<\/li>\n<li>Nicht bleichen oder b\u00fcgeln<\/li>\n<li>Die Socken halten l\u00e4nger, wenn Sie sie nicht im Trockner trocknen<\/li>\n<\/ul>\n<p>&nbsp;<\/p>\n","protected":false},"excerpt":{"rendered":"<p>W\u00e4hlen Sie Gr\u00f6\u00dfe und Farbe und entdecken Sie die Eigenschaften der verschiedenen Modelle<\/p>\n","protected":false},"featured_media":71946,"template":"","meta":{"_acf_changed":false,"inline_featured_image":false},"product_brand":[],"product_cat":[6540,6514,6400,6401,6402],"product_tag":[3397,6313,6286],"class_list":{"0":"post-80783","1":"product","2":"type-product","3":"status-publish","4":"has-post-thumbnail","6":"product_cat-herrenbekleidung","7":"product_cat-socken","8":"product_cat-damen","9":"product_cat-damenbekleidung","10":"product_cat-damensocken-de","11":"product_tag-stance-de","12":"product_tag-stance-damen-de","13":"product_tag-stance-herren-de","14":"pa_attivita-fitness-de","15":"pa_attivita-gehen","16":"pa_attivita-lifestyle-de","17":"pa_attivita-running-de","18":"pa_colore-divided-lines-crew-blue-de","19":"pa_colore-earnie-light-crew-seablue-de","20":"pa_colore-flower-beds-light-de","21":"pa_colore-hieroflyphics-de","22":"pa_colore-keep-it-movin-crew-de","23":"pa_colore-light-wool-crew-blackred-de","24":"pa_colore-light-wool-crew-cobaltblue-de","25":"pa_colore-maliboo-light-de","26":"pa_colore-marled-light-crew-oatmeal","27":"pa_colore-milo-light-crew-blue-de","28":"pa_colore-powder-split-light-crew-mango","29":"pa_colore-quadrilateral-light-wool-crew-black-de","30":"pa_colore-run-lt-crew-3-pack-multi-de","31":"pa_colore-so-sporty-light-crew-blue-de","32":"pa_colore-spice-force-five-de","33":"pa_colore-torque-light-crew-black-de","34":"pa_colore-trippy-trop-crew-multi-de","35":"pa_colore-varied-light-crew-teal","36":"pa_colore-4x400-crew-black-de","37":"pa_colore-cheatz-crew-mint-de","38":"pa_colore-cliele-camo-black-de","39":"pa_colore-intensity-crew-de","40":"pa_colore-modul-crew-darkgrey-de","41":"pa_colore-open-fields-natural-de","42":"pa_colore-rebuild-crew-de","43":"pa_colore-start-de","44":"pa_colore-tether-de","45":"pa_marca-stance-de","46":"pa_sesso-damen","47":"pa_sesso-herren","48":"pa_size-35-37-de","49":"pa_size-38-42-de","50":"pa_size-43-46-de","52":"first","53":"instock","54":"sale","55":"taxable","56":"shipping-taxable","57":"purchasable","58":"product-type-variable","59":"wvs-archive-product-wrapper"},"acf":[],"yoast_head":"<!-- This site is optimized with the Yoast SEO plugin v26.8 - https:\/\/yoast.com\/product\/yoast-seo-wordpress\/ -->\n<title>Stance Infiknit Light Crew - Laufsocken - MioMioRun.com<\/title>\n<meta name=\"description\" content=\"Von ganzt\u00e4gigem Komfort bis hin zu garantierter lebenslanger Haltbarkeit - halten Sie Ihre Ziele im Auge und fangen Sie ganz von vorne an.\" \/>\n<meta name=\"robots\" content=\"index, follow, max-snippet:-1, max-image-preview:large, max-video-preview:-1\" \/>\n<link rel=\"canonical\" href=\"https:\/\/www.miomiorun.com\/de\/produkt\/stance-infiknit-light-crew\/\" \/>\n<meta property=\"og:locale\" content=\"de_DE\" \/>\n<meta property=\"og:type\" content=\"article\" \/>\n<meta property=\"og:title\" content=\"Stance Infiknit Light Crew - Laufsocken - MioMioRun.com\" \/>\n<meta property=\"og:description\" content=\"Von ganzt\u00e4gigem Komfort bis hin zu garantierter lebenslanger Haltbarkeit - halten Sie Ihre Ziele im Auge und fangen Sie ganz von vorne an.\" \/>\n<meta property=\"og:url\" content=\"https:\/\/www.miomiorun.com\/de\/produkt\/stance-infiknit-light-crew\/\" \/>\n<meta property=\"og:site_name\" content=\"MioMioRun\" \/>\n<meta property=\"article:publisher\" content=\"https:\/\/www.facebook.com\/miomiorun\/\" \/>\n<meta property=\"article:modified_time\" content=\"2024-11-16T12:58:58+00:00\" \/>\n<meta property=\"og:image\" content=\"https:\/\/www.miomiorun.com\/app\/uploads\/2022\/05\/stance-rate.jpg\" \/>\n\t<meta property=\"og:image:width\" content=\"600\" \/>\n\t<meta property=\"og:image:height\" content=\"600\" \/>\n\t<meta property=\"og:image:type\" content=\"image\/jpeg\" \/>\n<meta name=\"twitter:card\" content=\"summary_large_image\" \/>\n<meta name=\"twitter:label1\" content=\"Est. reading time\" \/>\n\t<meta name=\"twitter:data1\" content=\"1 minute\" \/>\n<script type=\"application\/ld+json\" class=\"yoast-schema-graph\">{\"@context\":\"https:\/\/schema.org\",\"@graph\":[{\"@type\":\"WebPage\",\"@id\":\"https:\/\/www.miomiorun.com\/de\/produkt\/stance-infiknit-light-crew\/\",\"url\":\"https:\/\/www.miomiorun.com\/de\/produkt\/stance-infiknit-light-crew\/\",\"name\":\"Stance Infiknit Light Crew - Laufsocken - MioMioRun.com\",\"isPartOf\":{\"@id\":\"https:\/\/www.miomiorun.com\/de\/#website\"},\"primaryImageOfPage\":{\"@id\":\"https:\/\/www.miomiorun.com\/de\/produkt\/stance-infiknit-light-crew\/#primaryimage\"},\"image\":{\"@id\":\"https:\/\/www.miomiorun.com\/de\/produkt\/stance-infiknit-light-crew\/#primaryimage\"},\"thumbnailUrl\":\"https:\/\/www.miomiorun.com\/app\/uploads\/2022\/05\/stance-rate.jpg\",\"datePublished\":\"2021-10-14T16:21:21+00:00\",\"dateModified\":\"2024-11-16T12:58:58+00:00\",\"description\":\"Von ganzt\u00e4gigem Komfort bis hin zu garantierter lebenslanger Haltbarkeit - halten Sie Ihre Ziele im Auge und fangen Sie ganz von vorne an.\",\"breadcrumb\":{\"@id\":\"https:\/\/www.miomiorun.com\/de\/produkt\/stance-infiknit-light-crew\/#breadcrumb\"},\"inLanguage\":\"de-DE\",\"potentialAction\":[{\"@type\":\"ReadAction\",\"target\":[\"https:\/\/www.miomiorun.com\/de\/produkt\/stance-infiknit-light-crew\/\"]}]},{\"@type\":\"ImageObject\",\"inLanguage\":\"de-DE\",\"@id\":\"https:\/\/www.miomiorun.com\/de\/produkt\/stance-infiknit-light-crew\/#primaryimage\",\"url\":\"https:\/\/www.miomiorun.com\/app\/uploads\/2022\/05\/stance-rate.jpg\",\"contentUrl\":\"https:\/\/www.miomiorun.com\/app\/uploads\/2022\/05\/stance-rate.jpg\",\"width\":600,\"height\":600,\"caption\":\"stance-rate\"},{\"@type\":\"BreadcrumbList\",\"@id\":\"https:\/\/www.miomiorun.com\/de\/produkt\/stance-infiknit-light-crew\/#breadcrumb\",\"itemListElement\":[{\"@type\":\"ListItem\",\"position\":1,\"name\":\"Home\",\"item\":\"https:\/\/www.miomiorun.com\/de\/\"},{\"@type\":\"ListItem\",\"position\":2,\"name\":\"Shop\",\"item\":\"https:\/\/www.miomiorun.com\/shop\/\"},{\"@type\":\"ListItem\",\"position\":3,\"name\":\"Infiknit Light Crew\"}]},{\"@type\":\"WebSite\",\"@id\":\"https:\/\/www.miomiorun.com\/de\/#website\",\"url\":\"https:\/\/www.miomiorun.com\/de\/\",\"name\":\"MioMioRun\",\"description\":\"100% Lauf- und Trailshop\",\"publisher\":{\"@id\":\"https:\/\/www.miomiorun.com\/de\/#organization\"},\"potentialAction\":[{\"@type\":\"SearchAction\",\"target\":{\"@type\":\"EntryPoint\",\"urlTemplate\":\"https:\/\/www.miomiorun.com\/de\/?s={search_term_string}\"},\"query-input\":{\"@type\":\"PropertyValueSpecification\",\"valueRequired\":true,\"valueName\":\"search_term_string\"}}],\"inLanguage\":\"de-DE\"},{\"@type\":\"Organization\",\"@id\":\"https:\/\/www.miomiorun.com\/de\/#organization\",\"name\":\"MioMio Run\",\"url\":\"https:\/\/www.miomiorun.com\/de\/\",\"logo\":{\"@type\":\"ImageObject\",\"inLanguage\":\"de-DE\",\"@id\":\"https:\/\/www.miomiorun.com\/de\/#\/schema\/logo\/image\/\",\"url\":\"https:\/\/www.miomiorun.com\/app\/uploads\/2019\/12\/logomio.png\",\"contentUrl\":\"https:\/\/www.miomiorun.com\/app\/uploads\/2019\/12\/logomio.png\",\"width\":115,\"height\":82,\"caption\":\"MioMio Run\"},\"image\":{\"@id\":\"https:\/\/www.miomiorun.com\/de\/#\/schema\/logo\/image\/\"},\"sameAs\":[\"https:\/\/www.facebook.com\/miomiorun\/\",\"https:\/\/www.instagram.com\/miomiorun\/\"]}]}<\/script>\n<!-- \/ Yoast SEO plugin. -->","yoast_head_json":{"title":"Stance Infiknit Light Crew - Laufsocken - MioMioRun.com","description":"Von ganzt\u00e4gigem Komfort bis hin zu garantierter lebenslanger Haltbarkeit - halten Sie Ihre Ziele im Auge und fangen Sie ganz von vorne an.","robots":{"index":"index","follow":"follow","max-snippet":"max-snippet:-1","max-image-preview":"max-image-preview:large","max-video-preview":"max-video-preview:-1"},"canonical":"https:\/\/www.miomiorun.com\/de\/produkt\/stance-infiknit-light-crew\/","og_locale":"de_DE","og_type":"article","og_title":"Stance Infiknit Light Crew - Laufsocken - MioMioRun.com","og_description":"Von ganzt\u00e4gigem Komfort bis hin zu garantierter lebenslanger Haltbarkeit - halten Sie Ihre Ziele im Auge und fangen Sie ganz von vorne an.","og_url":"https:\/\/www.miomiorun.com\/de\/produkt\/stance-infiknit-light-crew\/","og_site_name":"MioMioRun","article_publisher":"https:\/\/www.facebook.com\/miomiorun\/","article_modified_time":"2024-11-16T12:58:58+00:00","og_image":[{"width":600,"height":600,"url":"https:\/\/www.miomiorun.com\/app\/uploads\/2022\/05\/stance-rate.jpg","type":"image\/jpeg"}],"twitter_card":"summary_large_image","twitter_misc":{"Est. reading time":"1 minute"},"schema":{"@context":"https:\/\/schema.org","@graph":[{"@type":"WebPage","@id":"https:\/\/www.miomiorun.com\/de\/produkt\/stance-infiknit-light-crew\/","url":"https:\/\/www.miomiorun.com\/de\/produkt\/stance-infiknit-light-crew\/","name":"Stance Infiknit Light Crew - Laufsocken - MioMioRun.com","isPartOf":{"@id":"https:\/\/www.miomiorun.com\/de\/#website"},"primaryImageOfPage":{"@id":"https:\/\/www.miomiorun.com\/de\/produkt\/stance-infiknit-light-crew\/#primaryimage"},"image":{"@id":"https:\/\/www.miomiorun.com\/de\/produkt\/stance-infiknit-light-crew\/#primaryimage"},"thumbnailUrl":"https:\/\/www.miomiorun.com\/app\/uploads\/2022\/05\/stance-rate.jpg","datePublished":"2021-10-14T16:21:21+00:00","dateModified":"2024-11-16T12:58:58+00:00","description":"Von ganzt\u00e4gigem Komfort bis hin zu garantierter lebenslanger Haltbarkeit - halten Sie Ihre Ziele im Auge und fangen Sie ganz von vorne an.","breadcrumb":{"@id":"https:\/\/www.miomiorun.com\/de\/produkt\/stance-infiknit-light-crew\/#breadcrumb"},"inLanguage":"de-DE","potentialAction":[{"@type":"ReadAction","target":["https:\/\/www.miomiorun.com\/de\/produkt\/stance-infiknit-light-crew\/"]}]},{"@type":"ImageObject","inLanguage":"de-DE","@id":"https:\/\/www.miomiorun.com\/de\/produkt\/stance-infiknit-light-crew\/#primaryimage","url":"https:\/\/www.miomiorun.com\/app\/uploads\/2022\/05\/stance-rate.jpg","contentUrl":"https:\/\/www.miomiorun.com\/app\/uploads\/2022\/05\/stance-rate.jpg","width":600,"height":600,"caption":"stance-rate"},{"@type":"BreadcrumbList","@id":"https:\/\/www.miomiorun.com\/de\/produkt\/stance-infiknit-light-crew\/#breadcrumb","itemListElement":[{"@type":"ListItem","position":1,"name":"Home","item":"https:\/\/www.miomiorun.com\/de\/"},{"@type":"ListItem","position":2,"name":"Shop","item":"https:\/\/www.miomiorun.com\/shop\/"},{"@type":"ListItem","position":3,"name":"Infiknit Light Crew"}]},{"@type":"WebSite","@id":"https:\/\/www.miomiorun.com\/de\/#website","url":"https:\/\/www.miomiorun.com\/de\/","name":"MioMioRun","description":"100% Lauf- und Trailshop","publisher":{"@id":"https:\/\/www.miomiorun.com\/de\/#organization"},"potentialAction":[{"@type":"SearchAction","target":{"@type":"EntryPoint","urlTemplate":"https:\/\/www.miomiorun.com\/de\/?s={search_term_string}"},"query-input":{"@type":"PropertyValueSpecification","valueRequired":true,"valueName":"search_term_string"}}],"inLanguage":"de-DE"},{"@type":"Organization","@id":"https:\/\/www.miomiorun.com\/de\/#organization","name":"MioMio Run","url":"https:\/\/www.miomiorun.com\/de\/","logo":{"@type":"ImageObject","inLanguage":"de-DE","@id":"https:\/\/www.miomiorun.com\/de\/#\/schema\/logo\/image\/","url":"https:\/\/www.miomiorun.com\/app\/uploads\/2019\/12\/logomio.png","contentUrl":"https:\/\/www.miomiorun.com\/app\/uploads\/2019\/12\/logomio.png","width":115,"height":82,"caption":"MioMio Run"},"image":{"@id":"https:\/\/www.miomiorun.com\/de\/#\/schema\/logo\/image\/"},"sameAs":["https:\/\/www.facebook.com\/miomiorun\/","https:\/\/www.instagram.com\/miomiorun\/"]}]}},"_links":{"self":[{"href":"https:\/\/www.miomiorun.com\/de\/wp-json\/wp\/v2\/product\/80783","targetHints":{"allow":["GET"]}}],"collection":[{"href":"https:\/\/www.miomiorun.com\/de\/wp-json\/wp\/v2\/product"}],"about":[{"href":"https:\/\/www.miomiorun.com\/de\/wp-json\/wp\/v2\/types\/product"}],"wp:featuredmedia":[{"embeddable":true,"href":"https:\/\/www.miomiorun.com\/de\/wp-json\/wp\/v2\/media\/71946"}],"wp:attachment":[{"href":"https:\/\/www.miomiorun.com\/de\/wp-json\/wp\/v2\/media?parent=80783"}],"wp:term":[{"taxonomy":"product_brand","embeddable":true,"href":"https:\/\/www.miomiorun.com\/de\/wp-json\/wp\/v2\/product_brand?post=80783"},{"taxonomy":"product_cat","embeddable":true,"href":"https:\/\/www.miomiorun.com\/de\/wp-json\/wp\/v2\/product_cat?post=80783"},{"taxonomy":"product_tag","embeddable":true,"href":"https:\/\/www.miomiorun.com\/de\/wp-json\/wp\/v2\/product_tag?post=80783"}],"curies":[{"name":"wp","href":"https:\/\/api.w.org\/{rel}","templated":true}]}}