{"id":80772,"date":"2021-10-14T18:39:49","date_gmt":"2021-10-14T16:39:49","guid":{"rendered":"https:\/\/miomiorun.com\/prodotto\/stance-infiknit-light-tab\/"},"modified":"2024-09-19T15:17:11","modified_gmt":"2024-09-19T13:17:11","slug":"stance-infiknit-light-tab","status":"publish","type":"product","link":"https:\/\/www.miomiorun.com\/de\/produkt\/stance-infiknit-light-tab\/","title":{"rendered":"Infiknit Light Tab"},"content":{"rendered":"<p>Setzen Sie sich gro\u00dfe Ziele, um aktiver zu werden? Die Stance Performance-Modelle sind mit Features wie Feel 360\u2122 und Infiknit\u2122 ausgestattet, um jeden Lauf oder jedes Training zu verbessern. Von ganzt\u00e4gigem Komfort bis hin zu garantierter lebenslanger Haltbarkeit &#8211; halten Sie Ihre Ziele im Auge und fangen Sie ganz von vorne an.Diese leichten Socken bieten eine atmungsaktive und weniger sperrige Barriere zwischen Fu\u00df und Schuh und sind eine gute Wahl, wenn es um eine gute Passform geht.<\/p>\n<h2>Eigenschaften<\/h2>\n<ul>\n<li>Unsere Infiknit\u2122-Technologie rei\u00dft nicht. F\u00fcr die Ewigkeit gemacht.<\/li>\n<li>Eine ausgekl\u00fcgelte Fu\u00dfgew\u00f6lbest\u00fctze stabilisiert Ihren Schwung mit Stil.<\/li>\n<li>Reflektierendes Logo f\u00fcr bessere Sichtbarkeit.<\/li>\n<li>Nahtloser Zehenverschluss f\u00fcr ein reibungsfreies Finish, das Ihre F\u00fc\u00dfe lieben werden.<\/li>\n<li>Performance Mesh h\u00e4lt Sie mit maximaler Luftzirkulation und Atmungsaktivit\u00e4t k\u00fchl.<\/li>\n<li>Leichte D\u00e4mpfung<\/li>\n<li>Diese leichten Socken bieten eine atmungsaktive Barriere zwischen Fu\u00df und Schuh mit ausgew\u00e4hlter D\u00e4mpfung.<\/li>\n<\/ul>\n<h2>Registerkarte<\/h2>\n<p>Ein bescheidener Anstieg \u00fcber dem Kragen des Schuhs, der knapp unter dem Kn\u00f6chel mit einer Lasche endet.<\/p>\n<h2>Produktpflege<\/h2>\n<ul>\n<li>Maschinenw\u00e4sche bei 40\u00b0C<\/li>\n<li>Vermeiden Sie Bleichen oder B\u00fcgeln<\/li>\n<li>Socken halten l\u00e4nger, wenn Sie sie nicht im Trockner trocknen lassen<\/li>\n<\/ul>\n","protected":false},"excerpt":{"rendered":"<p>W\u00e4hlen Sie Gr\u00f6\u00dfe und Farbe und entdecken Sie die Eigenschaften der verschiedenen Modelle<\/p>\n","protected":false},"featured_media":59186,"template":"","meta":{"_acf_changed":false,"inline_featured_image":false},"product_brand":[],"product_cat":[6540,6514,6400,6401,6402],"product_tag":[3397,6313,6286],"class_list":{"0":"post-80772","1":"product","2":"type-product","3":"status-publish","4":"has-post-thumbnail","6":"product_cat-herrenbekleidung","7":"product_cat-socken","8":"product_cat-damen","9":"product_cat-damenbekleidung","10":"product_cat-damensocken-de","11":"product_tag-stance-de","12":"product_tag-stance-damen-de","13":"product_tag-stance-herren-de","14":"pa_attivita-fitness-de","15":"pa_attivita-gehen","16":"pa_attivita-lifestyle-de","17":"pa_attivita-running-de","18":"pa_colore-all-time-de","19":"pa_colore-cape-de","20":"pa_colore-curren-light-tab-olive-de","21":"pa_colore-flat-out-ok-light-tab-3-pack-teal-de","22":"pa_colore-flounder-tab-de","23":"pa_colore-keep-it-movin-de","24":"pa_colore-scanner-light-tab-mango","25":"pa_colore-scanner-light-tab-mint","26":"pa_colore-sloan-3-pack-de","27":"pa_colore-sun-dust-tab-blackbrown-de","28":"pa_colore-trippy-trop-multi-de","29":"pa_colore-4x400-mint-de","30":"pa_colore-all-set-3-pack-de","31":"pa_colore-caught-up-tab-olive-de","32":"pa_colore-field-tab-multi-de","33":"pa_colore-fused-royal-de","34":"pa_colore-interim-tab-de","35":"pa_colore-island-interval-de","36":"pa_colore-make-a-break-de","37":"pa_colore-maxed-tab-neonyellow-de","38":"pa_colore-modul-tab-black-de","39":"pa_colore-run-tab-st-black-de","40":"pa_colore-run-tab-st-white-de","41":"pa_colore-some-who-like-tab-pink-de","42":"pa_colore-stance-intensity-tab-de","43":"pa_colore-start-finish-tab-blue-de","44":"pa_colore-stride-stripe-de","45":"pa_colore-variety-3-pack-de","46":"pa_marca-stance-de","47":"pa_sesso-damen","48":"pa_sesso-herren","49":"pa_size-35-37-de","50":"pa_size-38-42-de","51":"pa_size-43-46-de","53":"first","54":"instock","55":"sale","56":"taxable","57":"shipping-taxable","58":"purchasable","59":"product-type-variable","60":"wvs-archive-product-wrapper"},"acf":[],"yoast_head":"<!-- This site is optimized with the Yoast SEO plugin v26.8 - https:\/\/yoast.com\/product\/yoast-seo-wordpress\/ -->\n<title>Stance Infiknit Light Tab - Laufsocken - MioMioRun.com<\/title>\n<meta name=\"description\" content=\"Die Stance Light Tab Socken enden knapp unter dem Kn\u00f6chel und sind leicht, eng anliegend und leicht, atmungsaktiv und weniger sperrig.\" \/>\n<meta name=\"robots\" content=\"index, follow, max-snippet:-1, max-image-preview:large, max-video-preview:-1\" \/>\n<link rel=\"canonical\" href=\"https:\/\/www.miomiorun.com\/de\/produkt\/stance-infiknit-light-tab\/\" \/>\n<meta property=\"og:locale\" content=\"de_DE\" \/>\n<meta property=\"og:type\" content=\"article\" \/>\n<meta property=\"og:title\" content=\"Stance Infiknit Light Tab - Laufsocken - MioMioRun.com\" \/>\n<meta property=\"og:description\" content=\"Die Stance Light Tab Socken enden knapp unter dem Kn\u00f6chel und sind leicht, eng anliegend und leicht, atmungsaktiv und weniger sperrig.\" \/>\n<meta property=\"og:url\" content=\"https:\/\/www.miomiorun.com\/de\/produkt\/stance-infiknit-light-tab\/\" \/>\n<meta property=\"og:site_name\" content=\"MioMioRun\" \/>\n<meta property=\"article:publisher\" content=\"https:\/\/www.facebook.com\/miomiorun\/\" \/>\n<meta property=\"article:modified_time\" content=\"2024-09-19T13:17:11+00:00\" \/>\n<meta property=\"og:image\" content=\"https:\/\/www.miomiorun.com\/app\/uploads\/2021\/10\/stance-run-tab-ST-black.jpg\" \/>\n\t<meta property=\"og:image:width\" content=\"600\" \/>\n\t<meta property=\"og:image:height\" content=\"600\" \/>\n\t<meta property=\"og:image:type\" content=\"image\/jpeg\" \/>\n<meta name=\"twitter:card\" content=\"summary_large_image\" \/>\n<meta name=\"twitter:label1\" content=\"Est. reading time\" \/>\n\t<meta name=\"twitter:data1\" content=\"1 minute\" \/>\n<script type=\"application\/ld+json\" class=\"yoast-schema-graph\">{\"@context\":\"https:\/\/schema.org\",\"@graph\":[{\"@type\":\"WebPage\",\"@id\":\"https:\/\/www.miomiorun.com\/de\/produkt\/stance-infiknit-light-tab\/\",\"url\":\"https:\/\/www.miomiorun.com\/de\/produkt\/stance-infiknit-light-tab\/\",\"name\":\"Stance Infiknit Light Tab - Laufsocken - MioMioRun.com\",\"isPartOf\":{\"@id\":\"https:\/\/www.miomiorun.com\/de\/#website\"},\"primaryImageOfPage\":{\"@id\":\"https:\/\/www.miomiorun.com\/de\/produkt\/stance-infiknit-light-tab\/#primaryimage\"},\"image\":{\"@id\":\"https:\/\/www.miomiorun.com\/de\/produkt\/stance-infiknit-light-tab\/#primaryimage\"},\"thumbnailUrl\":\"https:\/\/www.miomiorun.com\/app\/uploads\/2021\/10\/stance-run-tab-ST-black.jpg\",\"datePublished\":\"2021-10-14T16:39:49+00:00\",\"dateModified\":\"2024-09-19T13:17:11+00:00\",\"description\":\"Die Stance Light Tab Socken enden knapp unter dem Kn\u00f6chel und sind leicht, eng anliegend und leicht, atmungsaktiv und weniger sperrig.\",\"breadcrumb\":{\"@id\":\"https:\/\/www.miomiorun.com\/de\/produkt\/stance-infiknit-light-tab\/#breadcrumb\"},\"inLanguage\":\"de-DE\",\"potentialAction\":[{\"@type\":\"ReadAction\",\"target\":[\"https:\/\/www.miomiorun.com\/de\/produkt\/stance-infiknit-light-tab\/\"]}]},{\"@type\":\"ImageObject\",\"inLanguage\":\"de-DE\",\"@id\":\"https:\/\/www.miomiorun.com\/de\/produkt\/stance-infiknit-light-tab\/#primaryimage\",\"url\":\"https:\/\/www.miomiorun.com\/app\/uploads\/2021\/10\/stance-run-tab-ST-black.jpg\",\"contentUrl\":\"https:\/\/www.miomiorun.com\/app\/uploads\/2021\/10\/stance-run-tab-ST-black.jpg\",\"width\":600,\"height\":600,\"caption\":\"stance run tab st\"},{\"@type\":\"BreadcrumbList\",\"@id\":\"https:\/\/www.miomiorun.com\/de\/produkt\/stance-infiknit-light-tab\/#breadcrumb\",\"itemListElement\":[{\"@type\":\"ListItem\",\"position\":1,\"name\":\"Home\",\"item\":\"https:\/\/www.miomiorun.com\/de\/\"},{\"@type\":\"ListItem\",\"position\":2,\"name\":\"Shop\",\"item\":\"https:\/\/www.miomiorun.com\/shop\/\"},{\"@type\":\"ListItem\",\"position\":3,\"name\":\"Infiknit Light Tab\"}]},{\"@type\":\"WebSite\",\"@id\":\"https:\/\/www.miomiorun.com\/de\/#website\",\"url\":\"https:\/\/www.miomiorun.com\/de\/\",\"name\":\"MioMioRun\",\"description\":\"100% Lauf- und Trailshop\",\"publisher\":{\"@id\":\"https:\/\/www.miomiorun.com\/de\/#organization\"},\"potentialAction\":[{\"@type\":\"SearchAction\",\"target\":{\"@type\":\"EntryPoint\",\"urlTemplate\":\"https:\/\/www.miomiorun.com\/de\/?s={search_term_string}\"},\"query-input\":{\"@type\":\"PropertyValueSpecification\",\"valueRequired\":true,\"valueName\":\"search_term_string\"}}],\"inLanguage\":\"de-DE\"},{\"@type\":\"Organization\",\"@id\":\"https:\/\/www.miomiorun.com\/de\/#organization\",\"name\":\"MioMio Run\",\"url\":\"https:\/\/www.miomiorun.com\/de\/\",\"logo\":{\"@type\":\"ImageObject\",\"inLanguage\":\"de-DE\",\"@id\":\"https:\/\/www.miomiorun.com\/de\/#\/schema\/logo\/image\/\",\"url\":\"https:\/\/www.miomiorun.com\/app\/uploads\/2019\/12\/logomio.png\",\"contentUrl\":\"https:\/\/www.miomiorun.com\/app\/uploads\/2019\/12\/logomio.png\",\"width\":115,\"height\":82,\"caption\":\"MioMio Run\"},\"image\":{\"@id\":\"https:\/\/www.miomiorun.com\/de\/#\/schema\/logo\/image\/\"},\"sameAs\":[\"https:\/\/www.facebook.com\/miomiorun\/\",\"https:\/\/www.instagram.com\/miomiorun\/\"]}]}<\/script>\n<!-- \/ Yoast SEO plugin. -->","yoast_head_json":{"title":"Stance Infiknit Light Tab - Laufsocken - MioMioRun.com","description":"Die Stance Light Tab Socken enden knapp unter dem Kn\u00f6chel und sind leicht, eng anliegend und leicht, atmungsaktiv und weniger sperrig.","robots":{"index":"index","follow":"follow","max-snippet":"max-snippet:-1","max-image-preview":"max-image-preview:large","max-video-preview":"max-video-preview:-1"},"canonical":"https:\/\/www.miomiorun.com\/de\/produkt\/stance-infiknit-light-tab\/","og_locale":"de_DE","og_type":"article","og_title":"Stance Infiknit Light Tab - Laufsocken - MioMioRun.com","og_description":"Die Stance Light Tab Socken enden knapp unter dem Kn\u00f6chel und sind leicht, eng anliegend und leicht, atmungsaktiv und weniger sperrig.","og_url":"https:\/\/www.miomiorun.com\/de\/produkt\/stance-infiknit-light-tab\/","og_site_name":"MioMioRun","article_publisher":"https:\/\/www.facebook.com\/miomiorun\/","article_modified_time":"2024-09-19T13:17:11+00:00","og_image":[{"width":600,"height":600,"url":"https:\/\/www.miomiorun.com\/app\/uploads\/2021\/10\/stance-run-tab-ST-black.jpg","type":"image\/jpeg"}],"twitter_card":"summary_large_image","twitter_misc":{"Est. reading time":"1 minute"},"schema":{"@context":"https:\/\/schema.org","@graph":[{"@type":"WebPage","@id":"https:\/\/www.miomiorun.com\/de\/produkt\/stance-infiknit-light-tab\/","url":"https:\/\/www.miomiorun.com\/de\/produkt\/stance-infiknit-light-tab\/","name":"Stance Infiknit Light Tab - Laufsocken - MioMioRun.com","isPartOf":{"@id":"https:\/\/www.miomiorun.com\/de\/#website"},"primaryImageOfPage":{"@id":"https:\/\/www.miomiorun.com\/de\/produkt\/stance-infiknit-light-tab\/#primaryimage"},"image":{"@id":"https:\/\/www.miomiorun.com\/de\/produkt\/stance-infiknit-light-tab\/#primaryimage"},"thumbnailUrl":"https:\/\/www.miomiorun.com\/app\/uploads\/2021\/10\/stance-run-tab-ST-black.jpg","datePublished":"2021-10-14T16:39:49+00:00","dateModified":"2024-09-19T13:17:11+00:00","description":"Die Stance Light Tab Socken enden knapp unter dem Kn\u00f6chel und sind leicht, eng anliegend und leicht, atmungsaktiv und weniger sperrig.","breadcrumb":{"@id":"https:\/\/www.miomiorun.com\/de\/produkt\/stance-infiknit-light-tab\/#breadcrumb"},"inLanguage":"de-DE","potentialAction":[{"@type":"ReadAction","target":["https:\/\/www.miomiorun.com\/de\/produkt\/stance-infiknit-light-tab\/"]}]},{"@type":"ImageObject","inLanguage":"de-DE","@id":"https:\/\/www.miomiorun.com\/de\/produkt\/stance-infiknit-light-tab\/#primaryimage","url":"https:\/\/www.miomiorun.com\/app\/uploads\/2021\/10\/stance-run-tab-ST-black.jpg","contentUrl":"https:\/\/www.miomiorun.com\/app\/uploads\/2021\/10\/stance-run-tab-ST-black.jpg","width":600,"height":600,"caption":"stance run tab st"},{"@type":"BreadcrumbList","@id":"https:\/\/www.miomiorun.com\/de\/produkt\/stance-infiknit-light-tab\/#breadcrumb","itemListElement":[{"@type":"ListItem","position":1,"name":"Home","item":"https:\/\/www.miomiorun.com\/de\/"},{"@type":"ListItem","position":2,"name":"Shop","item":"https:\/\/www.miomiorun.com\/shop\/"},{"@type":"ListItem","position":3,"name":"Infiknit Light Tab"}]},{"@type":"WebSite","@id":"https:\/\/www.miomiorun.com\/de\/#website","url":"https:\/\/www.miomiorun.com\/de\/","name":"MioMioRun","description":"100% Lauf- und Trailshop","publisher":{"@id":"https:\/\/www.miomiorun.com\/de\/#organization"},"potentialAction":[{"@type":"SearchAction","target":{"@type":"EntryPoint","urlTemplate":"https:\/\/www.miomiorun.com\/de\/?s={search_term_string}"},"query-input":{"@type":"PropertyValueSpecification","valueRequired":true,"valueName":"search_term_string"}}],"inLanguage":"de-DE"},{"@type":"Organization","@id":"https:\/\/www.miomiorun.com\/de\/#organization","name":"MioMio Run","url":"https:\/\/www.miomiorun.com\/de\/","logo":{"@type":"ImageObject","inLanguage":"de-DE","@id":"https:\/\/www.miomiorun.com\/de\/#\/schema\/logo\/image\/","url":"https:\/\/www.miomiorun.com\/app\/uploads\/2019\/12\/logomio.png","contentUrl":"https:\/\/www.miomiorun.com\/app\/uploads\/2019\/12\/logomio.png","width":115,"height":82,"caption":"MioMio Run"},"image":{"@id":"https:\/\/www.miomiorun.com\/de\/#\/schema\/logo\/image\/"},"sameAs":["https:\/\/www.facebook.com\/miomiorun\/","https:\/\/www.instagram.com\/miomiorun\/"]}]}},"_links":{"self":[{"href":"https:\/\/www.miomiorun.com\/de\/wp-json\/wp\/v2\/product\/80772","targetHints":{"allow":["GET"]}}],"collection":[{"href":"https:\/\/www.miomiorun.com\/de\/wp-json\/wp\/v2\/product"}],"about":[{"href":"https:\/\/www.miomiorun.com\/de\/wp-json\/wp\/v2\/types\/product"}],"wp:featuredmedia":[{"embeddable":true,"href":"https:\/\/www.miomiorun.com\/de\/wp-json\/wp\/v2\/media\/59186"}],"wp:attachment":[{"href":"https:\/\/www.miomiorun.com\/de\/wp-json\/wp\/v2\/media?parent=80772"}],"wp:term":[{"taxonomy":"product_brand","embeddable":true,"href":"https:\/\/www.miomiorun.com\/de\/wp-json\/wp\/v2\/product_brand?post=80772"},{"taxonomy":"product_cat","embeddable":true,"href":"https:\/\/www.miomiorun.com\/de\/wp-json\/wp\/v2\/product_cat?post=80772"},{"taxonomy":"product_tag","embeddable":true,"href":"https:\/\/www.miomiorun.com\/de\/wp-json\/wp\/v2\/product_tag?post=80772"}],"curies":[{"name":"wp","href":"https:\/\/api.w.org\/{rel}","templated":true}]}}