{"id":80671,"date":"2021-11-11T16:09:09","date_gmt":"2021-11-11T15:09:09","guid":{"rendered":"https:\/\/miomiorun.com\/prodotto\/la-sportiva-iliad-gtx-jkt-donna\/"},"modified":"2024-05-25T11:34:11","modified_gmt":"2024-05-25T09:34:11","slug":"iliad-gtx-jkt-damen","status":"publish","type":"product","link":"https:\/\/www.miomiorun.com\/de\/produkt\/iliad-gtx-jkt-damen\/","title":{"rendered":"Iliad Gtx Jkt damen"},"content":{"rendered":"<p>Die <strong>Iliad GTX\u00ae<\/strong> Damenjacke bietet ein H\u00f6chstma\u00df an Schutz gegen Wind und Regen bei minimalem Gewicht und kompaktem Design.<\/p>\n<p>Sie ist mit der undurchl\u00e4ssigen und atmungsaktiven Gore-Tex\u00ae Active Shell\u2122-Membran ausgestattet, der besten auf dem Markt erh\u00e4ltlichen Membran f\u00fcr Wasserdichtigkeit.<\/p>\n<p>&nbsp;<\/p>\n<h3>Technische Informationen:<\/h3>\n<p><img loading=\"lazy\" decoding=\"async\" class=\" ls-is-cached lazyloaded\" src=\"https:\/\/www.lasportiva.com\/media\/techinfo_icons\/traspirabilita.png\" alt=\"La Sportiva\" width=\"75\" height=\"75\" data-src=\"https:\/\/www.lasportiva.com\/media\/techinfo_icons\/traspirabilita.png\" \/><\/p>\n<p><strong>Atmungsaktivit\u00e4t:<\/strong><br \/>\nHochgradig atmungsaktive Produkte f\u00fcr optimalen Klimakomfort.<\/p>\n<p>&nbsp;<\/p>\n<p><img loading=\"lazy\" decoding=\"async\" class=\" ls-is-cached lazyloaded\" src=\"https:\/\/www.lasportiva.com\/media\/techinfo_icons\/comfort-fit.png\" alt=\"La Sportiva\" width=\"75\" height=\"75\" data-src=\"https:\/\/www.lasportiva.com\/media\/techinfo_icons\/comfort-fit.png\" \/><\/p>\n<p><strong>Bequeme Passform:<\/strong><\/p>\n<p>Lockere Passform, weiche Stoffe.<\/p>\n<p>&nbsp;<\/p>\n<p>&nbsp;<\/p>\n<p><img loading=\"lazy\" decoding=\"async\" class=\" ls-is-cached lazyloaded\" src=\"https:\/\/www.lasportiva.com\/media\/techinfo_icons\/durabilita.png\" alt=\"La Sportiva\" width=\"75\" height=\"75\" data-src=\"https:\/\/www.lasportiva.com\/media\/techinfo_icons\/durabilita.png\" \/><\/p>\n<p><strong>Langlebigkeit:<\/strong><br \/>\nHochgradig verschlei\u00dffeste Produkte.<\/p>\n<p>&nbsp;<\/p>\n<p><img loading=\"lazy\" decoding=\"async\" class=\" lazyloaded\" src=\"https:\/\/www.lasportiva.com\/media\/techinfo_icons\/leggerezza.png\" alt=\"La Sportiva\" width=\"75\" height=\"75\" data-src=\"https:\/\/www.lasportiva.com\/media\/techinfo_icons\/leggerezza.png\" \/><\/p>\n<p><strong>Leichtigkeit:<\/strong><br \/>\nProdukte, die das Gewicht auf ein Minimum reduzieren<\/p>\n<p>&nbsp;<\/p>\n<p><img loading=\"lazy\" decoding=\"async\" class=\"img-responsive margin-bottom-sm\" src=\"https:\/\/www.lasportiva.com\/media\/idrorepellenza.png\" width=\"75\" height=\"75\" \/><\/p>\n<p><strong>Wasserfest:<\/strong><br \/>\nF\u00fcr den Einsatz bei starkem Regen, Wind oder Schnee.<\/p>\n<p>&nbsp;<\/p>\n<p><img decoding=\"async\" class=\"img-responsive margin-bottom-sm\" src=\"https:\/\/www.lasportiva.com\/media\/techinfo_icons\/Wind-stop_75x75.png\" \/><\/p>\n<p><strong>Windstopp:<\/strong><br \/>\nKleidungsst\u00fccke aus winddichten Materialien<\/p>\n<p>&nbsp;<\/p>\n<p><img decoding=\"async\" class=\"img-responsive margin-bottom-sm\" src=\"https:\/\/www.lasportiva.com\/media\/techinfo_icons\/Bluesign-product_2.075x75.png\" \/><\/p>\n<p>WAS IST DAS BLUESIGN SYSTEM? &#8211; Das bluesign\u00ae-System zertifiziert die Nachhaltigkeit der gesamten textilen Produktionskette. Durch die Festlegung und Kontrolle sozialer und umweltfreundlicher Standards in allen an der Wertsch\u00f6pfungskette beteiligten Produktionsprozessen werden f\u00fcr Mensch und Umwelt gef\u00e4hrliche Stoffe von Beginn des Produktionsprozesses an ausgeschlossen, so dass der Verbraucher nachhaltige Produkte kaufen kann. La Sportiva ist seit 2012 offizielles bluesign\u00ae-Mitglied: Dies bescheinigt, dass die gesamte textile Produktionskette die von bluesign\u00ae gef\u00f6rderten sozio-\u00f6kologischen Kriterien respektiert. Seit 2014\/15 stellt La Sportiva auch vollst\u00e4ndig bluesign\u00ae-zertifizierte Produkte her, auf denen das offizielle bluesign\u00ae-Produktlabel angebracht ist. WAS BEDEUTET EIN BLUESIGN\u00ae-ZERTIFIZIERTES PRODUKT? &#8211; Ein bluesign\u00ae-zertifiziertes Produkt garantiert ein H\u00f6chstmass an Sicherheit f\u00fcr den Konsumenten in Bezug auf die Umwelt und bescheinigt, dass das Produkt unter Einhaltung der von bluesign\u00ae anerkannten Qualit\u00e4tsstandards und unter Verwendung nachhaltiger Ressourcen in der gesamten Produktionskette mit den geringstm\u00f6glichen Auswirkungen auf den Planeten und die Menschen hergestellt wurde. Ein bluesign\u00ae-Produkt ist ein Beweis f\u00fcr das Engagement eines Unternehmens f\u00fcr die Nachhaltigkeit unseres Planeten.<\/p>\n<p>&nbsp;<\/p>\n<p><img decoding=\"async\" class=\"img-responsive margin-bottom-sm\" src=\"https:\/\/www.lasportiva.com\/media\/techinfo_icons\/L5_75x75.png\" \/><\/p>\n<p><strong>L5 &#8211; HARTE SCHALE<\/strong><br \/>\n\u00c4u\u00dfere H\u00fclle zum Schutz vor Wind, Regen und Schnee. Eine echte Barriere gegen Witterungseinfl\u00fcsse bei gleichzeitiger F\u00f6rderung der Atmungsaktivit\u00e4t dank der verwendeten Materialien und Membranen.<\/p>\n<p>&nbsp;<\/p>\n<p><img decoding=\"async\" src=\"https:\/\/www.lasportiva.com\/media\/GORETEX_Icona_75x75.png\" alt=\"\" \/><\/p>\n<p><strong>GORE-TEX\u00ae ACTIVE SHELL:<\/strong><br \/>\nKleidungsst\u00fccke mit der neuen GORE-TEX\u00ae Active Produkttechnologie sind leicht, weich, komfortabel und extrem atmungsaktiv. Ein vielseitiger Allwetterstoff, ideal f\u00fcr dynamische Abenteuer.<\/p>\n<p>&#8211; Gr\u00f6\u00dfere Weichheit und Komfort auf der Haut.<br \/>\n&#8211; Bequemer und leichter.<br \/>\n&#8211; \u00c4u\u00dferst atmungsaktiv.<br \/>\n&#8211; Wetterfest und winddicht.<br \/>\n&#8211; Speziell f\u00fcr energieintensive T\u00e4tigkeiten entwickelt.<\/p>\n<p>&nbsp;<\/p>\n<p><img loading=\"lazy\" decoding=\"async\" src=\"https:\/\/www.lasportiva.com\/media\/GORETEXactive_pop-up.png\" alt=\"\" width=\"674\" height=\"257\" \/><\/p>\n<p>&nbsp;<\/p>\n<p>&nbsp;<\/p>\n<p>&nbsp;<\/p>\n","protected":false},"excerpt":{"rendered":"<p>Die Iliad GTX\u00ae Damenjacke bietet ein H\u00f6chstma\u00df an Schutz gegen Wind und Regen bei minimalem Gewicht und kompaktem Design. Sie ist mit der undurchl\u00e4ssigen und atmungsaktiven Gore-Tex\u00ae Active Shell\u2122-Membran ausgestattet, der besten auf dem Markt erh\u00e4ltlichen Membran f\u00fcr Wasserdichtigkeit. &nbsp; Technische Informationen: Atmungsaktivit\u00e4t: Hochgradig atmungsaktive Produkte f\u00fcr optimalen Klimakomfort. &nbsp; Bequeme Passform: Lockere Passform, weiche &hellip; <a href=\"https:\/\/www.miomiorun.com\/de\/produkt\/iliad-gtx-jkt-damen\/\">Continued<\/a><\/p>\n","protected":false},"featured_media":59536,"template":"","meta":{"_acf_changed":false,"inline_featured_image":false},"product_brand":[],"product_cat":[6494,6498],"product_tag":[6248,6220],"class_list":{"0":"post-80671","1":"product","2":"type-product","3":"status-publish","4":"has-post-thumbnail","6":"product_cat-sale-damen-bekleidung-de","7":"product_cat-sale-damen-jacken-de","8":"product_tag-la-sportiva-de","9":"product_tag-la-sportiva-damen-de","10":"pa_attivita-gehen","11":"pa_attivita-outdoor-de","12":"pa_attivita-trail-de","13":"pa_colore-illiad-gtx-jkt-w-carbon-aquarelle-de","14":"pa_marca-la-sportiva-de","15":"pa_sesso-damen","16":"pa_size-extra-small-de","17":"pa_size-large-de","19":"first","20":"instock","21":"sale","22":"taxable","23":"shipping-taxable","24":"purchasable","25":"product-type-variable","26":"wvs-archive-product-wrapper"},"acf":[],"yoast_head":"<!-- This site is optimized with the Yoast SEO plugin v26.8 - https:\/\/yoast.com\/product\/yoast-seo-wordpress\/ -->\n<title>La SportivaIliad Gtx Jkt damen - Laufjacke - MioMioRun.com<\/title>\n<meta name=\"description\" content=\"Sie ist mit der undurchl\u00e4ssigen und atmungsaktiven Gore-Tex\u00ae Active Shell\u2122-Membran ausgestattet, der besten auf dem Markt erh\u00e4ltlichen Membran\" \/>\n<meta name=\"robots\" content=\"index, follow, max-snippet:-1, max-image-preview:large, max-video-preview:-1\" \/>\n<link rel=\"canonical\" href=\"https:\/\/www.miomiorun.com\/de\/produkt\/iliad-gtx-jkt-damen\/\" \/>\n<meta property=\"og:locale\" content=\"de_DE\" \/>\n<meta property=\"og:type\" content=\"article\" \/>\n<meta property=\"og:title\" content=\"La SportivaIliad Gtx Jkt damen - Laufjacke - MioMioRun.com\" \/>\n<meta property=\"og:description\" content=\"Sie ist mit der undurchl\u00e4ssigen und atmungsaktiven Gore-Tex\u00ae Active Shell\u2122-Membran ausgestattet, der besten auf dem Markt erh\u00e4ltlichen Membran\" \/>\n<meta property=\"og:url\" content=\"https:\/\/www.miomiorun.com\/de\/produkt\/iliad-gtx-jkt-damen\/\" \/>\n<meta property=\"og:site_name\" content=\"MioMioRun\" \/>\n<meta property=\"article:publisher\" content=\"https:\/\/www.facebook.com\/miomiorun\/\" \/>\n<meta property=\"article:modified_time\" content=\"2024-05-25T09:34:11+00:00\" \/>\n<meta property=\"og:image\" content=\"https:\/\/www.miomiorun.com\/app\/uploads\/2021\/11\/la-sportiva-illiad-GTX-jkt-M02900631.jpg\" \/>\n\t<meta property=\"og:image:width\" content=\"600\" \/>\n\t<meta property=\"og:image:height\" content=\"600\" \/>\n\t<meta property=\"og:image:type\" content=\"image\/jpeg\" \/>\n<meta name=\"twitter:card\" content=\"summary_large_image\" \/>\n<meta name=\"twitter:label1\" content=\"Est. reading time\" \/>\n\t<meta name=\"twitter:data1\" content=\"2 minutes\" \/>\n<script type=\"application\/ld+json\" class=\"yoast-schema-graph\">{\"@context\":\"https:\/\/schema.org\",\"@graph\":[{\"@type\":\"WebPage\",\"@id\":\"https:\/\/www.miomiorun.com\/de\/produkt\/iliad-gtx-jkt-damen\/\",\"url\":\"https:\/\/www.miomiorun.com\/de\/produkt\/iliad-gtx-jkt-damen\/\",\"name\":\"La SportivaIliad Gtx Jkt damen - Laufjacke - MioMioRun.com\",\"isPartOf\":{\"@id\":\"https:\/\/www.miomiorun.com\/de\/#website\"},\"primaryImageOfPage\":{\"@id\":\"https:\/\/www.miomiorun.com\/de\/produkt\/iliad-gtx-jkt-damen\/#primaryimage\"},\"image\":{\"@id\":\"https:\/\/www.miomiorun.com\/de\/produkt\/iliad-gtx-jkt-damen\/#primaryimage\"},\"thumbnailUrl\":\"https:\/\/www.miomiorun.com\/app\/uploads\/2021\/11\/la-sportiva-illiad-GTX-jkt-M02900631.jpg\",\"datePublished\":\"2021-11-11T15:09:09+00:00\",\"dateModified\":\"2024-05-25T09:34:11+00:00\",\"description\":\"Sie ist mit der undurchl\u00e4ssigen und atmungsaktiven Gore-Tex\u00ae Active Shell\u2122-Membran ausgestattet, der besten auf dem Markt erh\u00e4ltlichen Membran\",\"breadcrumb\":{\"@id\":\"https:\/\/www.miomiorun.com\/de\/produkt\/iliad-gtx-jkt-damen\/#breadcrumb\"},\"inLanguage\":\"de-DE\",\"potentialAction\":[{\"@type\":\"ReadAction\",\"target\":[\"https:\/\/www.miomiorun.com\/de\/produkt\/iliad-gtx-jkt-damen\/\"]}]},{\"@type\":\"ImageObject\",\"inLanguage\":\"de-DE\",\"@id\":\"https:\/\/www.miomiorun.com\/de\/produkt\/iliad-gtx-jkt-damen\/#primaryimage\",\"url\":\"https:\/\/www.miomiorun.com\/app\/uploads\/2021\/11\/la-sportiva-illiad-GTX-jkt-M02900631.jpg\",\"contentUrl\":\"https:\/\/www.miomiorun.com\/app\/uploads\/2021\/11\/la-sportiva-illiad-GTX-jkt-M02900631.jpg\",\"width\":600,\"height\":600,\"caption\":\"la sportiva illiad gtx jkt\"},{\"@type\":\"BreadcrumbList\",\"@id\":\"https:\/\/www.miomiorun.com\/de\/produkt\/iliad-gtx-jkt-damen\/#breadcrumb\",\"itemListElement\":[{\"@type\":\"ListItem\",\"position\":1,\"name\":\"Home\",\"item\":\"https:\/\/www.miomiorun.com\/de\/\"},{\"@type\":\"ListItem\",\"position\":2,\"name\":\"Shop\",\"item\":\"https:\/\/www.miomiorun.com\/shop\/\"},{\"@type\":\"ListItem\",\"position\":3,\"name\":\"Iliad Gtx Jkt damen\"}]},{\"@type\":\"WebSite\",\"@id\":\"https:\/\/www.miomiorun.com\/de\/#website\",\"url\":\"https:\/\/www.miomiorun.com\/de\/\",\"name\":\"MioMioRun\",\"description\":\"100% Lauf- und Trailshop\",\"publisher\":{\"@id\":\"https:\/\/www.miomiorun.com\/de\/#organization\"},\"potentialAction\":[{\"@type\":\"SearchAction\",\"target\":{\"@type\":\"EntryPoint\",\"urlTemplate\":\"https:\/\/www.miomiorun.com\/de\/?s={search_term_string}\"},\"query-input\":{\"@type\":\"PropertyValueSpecification\",\"valueRequired\":true,\"valueName\":\"search_term_string\"}}],\"inLanguage\":\"de-DE\"},{\"@type\":\"Organization\",\"@id\":\"https:\/\/www.miomiorun.com\/de\/#organization\",\"name\":\"MioMio Run\",\"url\":\"https:\/\/www.miomiorun.com\/de\/\",\"logo\":{\"@type\":\"ImageObject\",\"inLanguage\":\"de-DE\",\"@id\":\"https:\/\/www.miomiorun.com\/de\/#\/schema\/logo\/image\/\",\"url\":\"https:\/\/www.miomiorun.com\/app\/uploads\/2019\/12\/logomio.png\",\"contentUrl\":\"https:\/\/www.miomiorun.com\/app\/uploads\/2019\/12\/logomio.png\",\"width\":115,\"height\":82,\"caption\":\"MioMio Run\"},\"image\":{\"@id\":\"https:\/\/www.miomiorun.com\/de\/#\/schema\/logo\/image\/\"},\"sameAs\":[\"https:\/\/www.facebook.com\/miomiorun\/\",\"https:\/\/www.instagram.com\/miomiorun\/\"]}]}<\/script>\n<!-- \/ Yoast SEO plugin. -->","yoast_head_json":{"title":"La SportivaIliad Gtx Jkt damen - Laufjacke - MioMioRun.com","description":"Sie ist mit der undurchl\u00e4ssigen und atmungsaktiven Gore-Tex\u00ae Active Shell\u2122-Membran ausgestattet, der besten auf dem Markt erh\u00e4ltlichen Membran","robots":{"index":"index","follow":"follow","max-snippet":"max-snippet:-1","max-image-preview":"max-image-preview:large","max-video-preview":"max-video-preview:-1"},"canonical":"https:\/\/www.miomiorun.com\/de\/produkt\/iliad-gtx-jkt-damen\/","og_locale":"de_DE","og_type":"article","og_title":"La SportivaIliad Gtx Jkt damen - Laufjacke - MioMioRun.com","og_description":"Sie ist mit der undurchl\u00e4ssigen und atmungsaktiven Gore-Tex\u00ae Active Shell\u2122-Membran ausgestattet, der besten auf dem Markt erh\u00e4ltlichen Membran","og_url":"https:\/\/www.miomiorun.com\/de\/produkt\/iliad-gtx-jkt-damen\/","og_site_name":"MioMioRun","article_publisher":"https:\/\/www.facebook.com\/miomiorun\/","article_modified_time":"2024-05-25T09:34:11+00:00","og_image":[{"width":600,"height":600,"url":"https:\/\/www.miomiorun.com\/app\/uploads\/2021\/11\/la-sportiva-illiad-GTX-jkt-M02900631.jpg","type":"image\/jpeg"}],"twitter_card":"summary_large_image","twitter_misc":{"Est. reading time":"2 minutes"},"schema":{"@context":"https:\/\/schema.org","@graph":[{"@type":"WebPage","@id":"https:\/\/www.miomiorun.com\/de\/produkt\/iliad-gtx-jkt-damen\/","url":"https:\/\/www.miomiorun.com\/de\/produkt\/iliad-gtx-jkt-damen\/","name":"La SportivaIliad Gtx Jkt damen - Laufjacke - MioMioRun.com","isPartOf":{"@id":"https:\/\/www.miomiorun.com\/de\/#website"},"primaryImageOfPage":{"@id":"https:\/\/www.miomiorun.com\/de\/produkt\/iliad-gtx-jkt-damen\/#primaryimage"},"image":{"@id":"https:\/\/www.miomiorun.com\/de\/produkt\/iliad-gtx-jkt-damen\/#primaryimage"},"thumbnailUrl":"https:\/\/www.miomiorun.com\/app\/uploads\/2021\/11\/la-sportiva-illiad-GTX-jkt-M02900631.jpg","datePublished":"2021-11-11T15:09:09+00:00","dateModified":"2024-05-25T09:34:11+00:00","description":"Sie ist mit der undurchl\u00e4ssigen und atmungsaktiven Gore-Tex\u00ae Active Shell\u2122-Membran ausgestattet, der besten auf dem Markt erh\u00e4ltlichen Membran","breadcrumb":{"@id":"https:\/\/www.miomiorun.com\/de\/produkt\/iliad-gtx-jkt-damen\/#breadcrumb"},"inLanguage":"de-DE","potentialAction":[{"@type":"ReadAction","target":["https:\/\/www.miomiorun.com\/de\/produkt\/iliad-gtx-jkt-damen\/"]}]},{"@type":"ImageObject","inLanguage":"de-DE","@id":"https:\/\/www.miomiorun.com\/de\/produkt\/iliad-gtx-jkt-damen\/#primaryimage","url":"https:\/\/www.miomiorun.com\/app\/uploads\/2021\/11\/la-sportiva-illiad-GTX-jkt-M02900631.jpg","contentUrl":"https:\/\/www.miomiorun.com\/app\/uploads\/2021\/11\/la-sportiva-illiad-GTX-jkt-M02900631.jpg","width":600,"height":600,"caption":"la sportiva illiad gtx jkt"},{"@type":"BreadcrumbList","@id":"https:\/\/www.miomiorun.com\/de\/produkt\/iliad-gtx-jkt-damen\/#breadcrumb","itemListElement":[{"@type":"ListItem","position":1,"name":"Home","item":"https:\/\/www.miomiorun.com\/de\/"},{"@type":"ListItem","position":2,"name":"Shop","item":"https:\/\/www.miomiorun.com\/shop\/"},{"@type":"ListItem","position":3,"name":"Iliad Gtx Jkt damen"}]},{"@type":"WebSite","@id":"https:\/\/www.miomiorun.com\/de\/#website","url":"https:\/\/www.miomiorun.com\/de\/","name":"MioMioRun","description":"100% Lauf- und Trailshop","publisher":{"@id":"https:\/\/www.miomiorun.com\/de\/#organization"},"potentialAction":[{"@type":"SearchAction","target":{"@type":"EntryPoint","urlTemplate":"https:\/\/www.miomiorun.com\/de\/?s={search_term_string}"},"query-input":{"@type":"PropertyValueSpecification","valueRequired":true,"valueName":"search_term_string"}}],"inLanguage":"de-DE"},{"@type":"Organization","@id":"https:\/\/www.miomiorun.com\/de\/#organization","name":"MioMio Run","url":"https:\/\/www.miomiorun.com\/de\/","logo":{"@type":"ImageObject","inLanguage":"de-DE","@id":"https:\/\/www.miomiorun.com\/de\/#\/schema\/logo\/image\/","url":"https:\/\/www.miomiorun.com\/app\/uploads\/2019\/12\/logomio.png","contentUrl":"https:\/\/www.miomiorun.com\/app\/uploads\/2019\/12\/logomio.png","width":115,"height":82,"caption":"MioMio Run"},"image":{"@id":"https:\/\/www.miomiorun.com\/de\/#\/schema\/logo\/image\/"},"sameAs":["https:\/\/www.facebook.com\/miomiorun\/","https:\/\/www.instagram.com\/miomiorun\/"]}]}},"_links":{"self":[{"href":"https:\/\/www.miomiorun.com\/de\/wp-json\/wp\/v2\/product\/80671","targetHints":{"allow":["GET"]}}],"collection":[{"href":"https:\/\/www.miomiorun.com\/de\/wp-json\/wp\/v2\/product"}],"about":[{"href":"https:\/\/www.miomiorun.com\/de\/wp-json\/wp\/v2\/types\/product"}],"wp:featuredmedia":[{"embeddable":true,"href":"https:\/\/www.miomiorun.com\/de\/wp-json\/wp\/v2\/media\/59536"}],"wp:attachment":[{"href":"https:\/\/www.miomiorun.com\/de\/wp-json\/wp\/v2\/media?parent=80671"}],"wp:term":[{"taxonomy":"product_brand","embeddable":true,"href":"https:\/\/www.miomiorun.com\/de\/wp-json\/wp\/v2\/product_brand?post=80671"},{"taxonomy":"product_cat","embeddable":true,"href":"https:\/\/www.miomiorun.com\/de\/wp-json\/wp\/v2\/product_cat?post=80671"},{"taxonomy":"product_tag","embeddable":true,"href":"https:\/\/www.miomiorun.com\/de\/wp-json\/wp\/v2\/product_tag?post=80671"}],"curies":[{"name":"wp","href":"https:\/\/api.w.org\/{rel}","templated":true}]}}