{"id":80658,"date":"2022-03-04T18:41:55","date_gmt":"2022-03-04T17:41:55","guid":{"rendered":"https:\/\/miomiorun.com\/prodotto\/la-sportiva-timing-short-donna\/"},"modified":"2022-11-18T18:04:32","modified_gmt":"2022-11-18T17:04:32","slug":"timing-short-damen","status":"publish","type":"product","link":"https:\/\/www.miomiorun.com\/de\/produkt\/timing-short-damen\/","title":{"rendered":"Timing Short damen"},"content":{"rendered":"<p>Die <strong>Timing Short<\/strong> ist eine superfeminine Laufshort, die dank ihrer atmungsaktiven und st\u00fctzenden Innenhose leicht, minimalistisch und funktionell ist. Die All-Over-Grafik ist ein unverkennbarer Bezug zum Berglauf und macht es extrem cool und originell. Sie verf\u00fcgt \u00fcber eine kleine Tasche f\u00fcr kleine Gegenst\u00e4nde und l\u00e4sst sich in der Taille verstellen, um eine individuelle Passform zu erm\u00f6glichen.<\/p>\n<ul>\n<li>Verstellbarer, perforierter Gummibund f\u00fcr mehr Atmungsaktivit\u00e4t<\/li>\n<li>Ges\u00e4\u00dftasche mit Rei\u00dfverschluss<\/li>\n<li>Innenshorts mit antibakterieller und geruchshemmender Behandlung<\/li>\n<\/ul>\n<p>&nbsp;<\/p>\n<p><strong>Passform<\/strong> : Regular<br \/>\n<strong>Material<\/strong> : Hauptteil: (MSH28) 75% Recyceltes Polyester, 25% Polyester Innenslip: (MSM03) 92% Polyester, 8% Elastan<br \/>\n<strong>Gewicht :\u00a0<\/strong>97 g (M)<\/p>\n","protected":false},"excerpt":{"rendered":"<p>Die Timing Short ist eine superfeminine Laufshort, die dank ihrer atmungsaktiven und st\u00fctzenden Innenhose leicht, minimalistisch und funktionell ist. Die All-Over-Grafik ist ein unverkennbarer Bezug zum Berglauf und macht es extrem cool und originell. Sie verf\u00fcgt \u00fcber eine kleine Tasche f\u00fcr kleine Gegenst\u00e4nde und l\u00e4sst sich in der Taille verstellen, um eine individuelle Passform zu &hellip; <a href=\"https:\/\/www.miomiorun.com\/de\/produkt\/timing-short-damen\/\">Continued<\/a><\/p>\n","protected":false},"featured_media":62585,"template":"","meta":{"_acf_changed":false,"inline_featured_image":false},"product_brand":[],"product_cat":[6400,6401,6488],"product_tag":[6248,6220],"class_list":{"0":"post-80658","1":"product","2":"type-product","3":"status-publish","4":"has-post-thumbnail","6":"product_cat-damen","7":"product_cat-damenbekleidung","8":"product_cat-damenshorts-de","9":"product_tag-la-sportiva-de","10":"product_tag-la-sportiva-damen-de","11":"pa_attivita-trail-de","12":"pa_colore-timing-short-w-storm-blue-lagoon-de","13":"pa_colore-timing-short-w-velvet-cherry-tomato-de","14":"pa_colore-timing-short-w-red-plum-blush-de","15":"pa_marca-la-sportiva-de","16":"pa_sesso-damen","17":"pa_size-extra-small-de","18":"pa_size-small-de","19":"pa_size-medium-de","20":"pa_size-large-de","22":"first","23":"instock","24":"sale","25":"taxable","26":"shipping-taxable","27":"purchasable","28":"product-type-variable","29":"wvs-archive-product-wrapper"},"acf":[],"yoast_head":"<!-- This site is optimized with the Yoast SEO plugin v26.8 - https:\/\/yoast.com\/product\/yoast-seo-wordpress\/ -->\n<title>La Sportiva Timing Short damen - Damen Shorts - MioMioRun<\/title>\n<meta name=\"description\" content=\"Die Timing Short ist eine superfeminine Laufshort, die dank ihrer atmungsaktiven und st\u00fctzenden Innenhose leicht, minimalistisch und funktionell ist.\" \/>\n<meta name=\"robots\" content=\"index, follow, max-snippet:-1, max-image-preview:large, max-video-preview:-1\" \/>\n<link rel=\"canonical\" href=\"https:\/\/www.miomiorun.com\/de\/produkt\/timing-short-damen\/\" \/>\n<meta property=\"og:locale\" content=\"de_DE\" \/>\n<meta property=\"og:type\" content=\"article\" \/>\n<meta property=\"og:title\" content=\"La Sportiva Timing Short damen - Damen Shorts - MioMioRun\" \/>\n<meta property=\"og:description\" content=\"Die Timing Short ist eine superfeminine Laufshort, die dank ihrer atmungsaktiven und st\u00fctzenden Innenhose leicht, minimalistisch und funktionell ist.\" \/>\n<meta property=\"og:url\" content=\"https:\/\/www.miomiorun.com\/de\/produkt\/timing-short-damen\/\" \/>\n<meta property=\"og:site_name\" content=\"MioMioRun\" \/>\n<meta property=\"article:publisher\" content=\"https:\/\/www.facebook.com\/miomiorun\/\" \/>\n<meta property=\"article:modified_time\" content=\"2022-11-18T17:04:32+00:00\" \/>\n<meta property=\"og:image\" content=\"https:\/\/www.miomiorun.com\/app\/uploads\/2022\/03\/la-sportiva-Timing-short-W-Q13502405.jpg\" \/>\n\t<meta property=\"og:image:width\" content=\"600\" \/>\n\t<meta property=\"og:image:height\" content=\"600\" \/>\n\t<meta property=\"og:image:type\" content=\"image\/jpeg\" \/>\n<meta name=\"twitter:card\" content=\"summary_large_image\" \/>\n<script type=\"application\/ld+json\" class=\"yoast-schema-graph\">{\"@context\":\"https:\/\/schema.org\",\"@graph\":[{\"@type\":\"WebPage\",\"@id\":\"https:\/\/www.miomiorun.com\/de\/produkt\/timing-short-damen\/\",\"url\":\"https:\/\/www.miomiorun.com\/de\/produkt\/timing-short-damen\/\",\"name\":\"La Sportiva Timing Short damen - Damen Shorts - MioMioRun\",\"isPartOf\":{\"@id\":\"https:\/\/www.miomiorun.com\/de\/#website\"},\"primaryImageOfPage\":{\"@id\":\"https:\/\/www.miomiorun.com\/de\/produkt\/timing-short-damen\/#primaryimage\"},\"image\":{\"@id\":\"https:\/\/www.miomiorun.com\/de\/produkt\/timing-short-damen\/#primaryimage\"},\"thumbnailUrl\":\"https:\/\/www.miomiorun.com\/app\/uploads\/2022\/03\/la-sportiva-Timing-short-W-Q13502405.jpg\",\"datePublished\":\"2022-03-04T17:41:55+00:00\",\"dateModified\":\"2022-11-18T17:04:32+00:00\",\"description\":\"Die Timing Short ist eine superfeminine Laufshort, die dank ihrer atmungsaktiven und st\u00fctzenden Innenhose leicht, minimalistisch und funktionell ist.\",\"breadcrumb\":{\"@id\":\"https:\/\/www.miomiorun.com\/de\/produkt\/timing-short-damen\/#breadcrumb\"},\"inLanguage\":\"de-DE\",\"potentialAction\":[{\"@type\":\"ReadAction\",\"target\":[\"https:\/\/www.miomiorun.com\/de\/produkt\/timing-short-damen\/\"]}]},{\"@type\":\"ImageObject\",\"inLanguage\":\"de-DE\",\"@id\":\"https:\/\/www.miomiorun.com\/de\/produkt\/timing-short-damen\/#primaryimage\",\"url\":\"https:\/\/www.miomiorun.com\/app\/uploads\/2022\/03\/la-sportiva-Timing-short-W-Q13502405.jpg\",\"contentUrl\":\"https:\/\/www.miomiorun.com\/app\/uploads\/2022\/03\/la-sportiva-Timing-short-W-Q13502405.jpg\",\"width\":600,\"height\":600,\"caption\":\"la-sportiva-Timing-short-W-Q13502405\"},{\"@type\":\"BreadcrumbList\",\"@id\":\"https:\/\/www.miomiorun.com\/de\/produkt\/timing-short-damen\/#breadcrumb\",\"itemListElement\":[{\"@type\":\"ListItem\",\"position\":1,\"name\":\"Home\",\"item\":\"https:\/\/www.miomiorun.com\/de\/\"},{\"@type\":\"ListItem\",\"position\":2,\"name\":\"Shop\",\"item\":\"https:\/\/www.miomiorun.com\/shop\/\"},{\"@type\":\"ListItem\",\"position\":3,\"name\":\"Timing Short damen\"}]},{\"@type\":\"WebSite\",\"@id\":\"https:\/\/www.miomiorun.com\/de\/#website\",\"url\":\"https:\/\/www.miomiorun.com\/de\/\",\"name\":\"MioMioRun\",\"description\":\"100% Lauf- und Trailshop\",\"publisher\":{\"@id\":\"https:\/\/www.miomiorun.com\/de\/#organization\"},\"potentialAction\":[{\"@type\":\"SearchAction\",\"target\":{\"@type\":\"EntryPoint\",\"urlTemplate\":\"https:\/\/www.miomiorun.com\/de\/?s={search_term_string}\"},\"query-input\":{\"@type\":\"PropertyValueSpecification\",\"valueRequired\":true,\"valueName\":\"search_term_string\"}}],\"inLanguage\":\"de-DE\"},{\"@type\":\"Organization\",\"@id\":\"https:\/\/www.miomiorun.com\/de\/#organization\",\"name\":\"MioMio Run\",\"url\":\"https:\/\/www.miomiorun.com\/de\/\",\"logo\":{\"@type\":\"ImageObject\",\"inLanguage\":\"de-DE\",\"@id\":\"https:\/\/www.miomiorun.com\/de\/#\/schema\/logo\/image\/\",\"url\":\"https:\/\/www.miomiorun.com\/app\/uploads\/2019\/12\/logomio.png\",\"contentUrl\":\"https:\/\/www.miomiorun.com\/app\/uploads\/2019\/12\/logomio.png\",\"width\":115,\"height\":82,\"caption\":\"MioMio Run\"},\"image\":{\"@id\":\"https:\/\/www.miomiorun.com\/de\/#\/schema\/logo\/image\/\"},\"sameAs\":[\"https:\/\/www.facebook.com\/miomiorun\/\",\"https:\/\/www.instagram.com\/miomiorun\/\"]}]}<\/script>\n<!-- \/ Yoast SEO plugin. -->","yoast_head_json":{"title":"La Sportiva Timing Short damen - Damen Shorts - MioMioRun","description":"Die Timing Short ist eine superfeminine Laufshort, die dank ihrer atmungsaktiven und st\u00fctzenden Innenhose leicht, minimalistisch und funktionell ist.","robots":{"index":"index","follow":"follow","max-snippet":"max-snippet:-1","max-image-preview":"max-image-preview:large","max-video-preview":"max-video-preview:-1"},"canonical":"https:\/\/www.miomiorun.com\/de\/produkt\/timing-short-damen\/","og_locale":"de_DE","og_type":"article","og_title":"La Sportiva Timing Short damen - Damen Shorts - MioMioRun","og_description":"Die Timing Short ist eine superfeminine Laufshort, die dank ihrer atmungsaktiven und st\u00fctzenden Innenhose leicht, minimalistisch und funktionell ist.","og_url":"https:\/\/www.miomiorun.com\/de\/produkt\/timing-short-damen\/","og_site_name":"MioMioRun","article_publisher":"https:\/\/www.facebook.com\/miomiorun\/","article_modified_time":"2022-11-18T17:04:32+00:00","og_image":[{"width":600,"height":600,"url":"https:\/\/www.miomiorun.com\/app\/uploads\/2022\/03\/la-sportiva-Timing-short-W-Q13502405.jpg","type":"image\/jpeg"}],"twitter_card":"summary_large_image","schema":{"@context":"https:\/\/schema.org","@graph":[{"@type":"WebPage","@id":"https:\/\/www.miomiorun.com\/de\/produkt\/timing-short-damen\/","url":"https:\/\/www.miomiorun.com\/de\/produkt\/timing-short-damen\/","name":"La Sportiva Timing Short damen - Damen Shorts - MioMioRun","isPartOf":{"@id":"https:\/\/www.miomiorun.com\/de\/#website"},"primaryImageOfPage":{"@id":"https:\/\/www.miomiorun.com\/de\/produkt\/timing-short-damen\/#primaryimage"},"image":{"@id":"https:\/\/www.miomiorun.com\/de\/produkt\/timing-short-damen\/#primaryimage"},"thumbnailUrl":"https:\/\/www.miomiorun.com\/app\/uploads\/2022\/03\/la-sportiva-Timing-short-W-Q13502405.jpg","datePublished":"2022-03-04T17:41:55+00:00","dateModified":"2022-11-18T17:04:32+00:00","description":"Die Timing Short ist eine superfeminine Laufshort, die dank ihrer atmungsaktiven und st\u00fctzenden Innenhose leicht, minimalistisch und funktionell ist.","breadcrumb":{"@id":"https:\/\/www.miomiorun.com\/de\/produkt\/timing-short-damen\/#breadcrumb"},"inLanguage":"de-DE","potentialAction":[{"@type":"ReadAction","target":["https:\/\/www.miomiorun.com\/de\/produkt\/timing-short-damen\/"]}]},{"@type":"ImageObject","inLanguage":"de-DE","@id":"https:\/\/www.miomiorun.com\/de\/produkt\/timing-short-damen\/#primaryimage","url":"https:\/\/www.miomiorun.com\/app\/uploads\/2022\/03\/la-sportiva-Timing-short-W-Q13502405.jpg","contentUrl":"https:\/\/www.miomiorun.com\/app\/uploads\/2022\/03\/la-sportiva-Timing-short-W-Q13502405.jpg","width":600,"height":600,"caption":"la-sportiva-Timing-short-W-Q13502405"},{"@type":"BreadcrumbList","@id":"https:\/\/www.miomiorun.com\/de\/produkt\/timing-short-damen\/#breadcrumb","itemListElement":[{"@type":"ListItem","position":1,"name":"Home","item":"https:\/\/www.miomiorun.com\/de\/"},{"@type":"ListItem","position":2,"name":"Shop","item":"https:\/\/www.miomiorun.com\/shop\/"},{"@type":"ListItem","position":3,"name":"Timing Short damen"}]},{"@type":"WebSite","@id":"https:\/\/www.miomiorun.com\/de\/#website","url":"https:\/\/www.miomiorun.com\/de\/","name":"MioMioRun","description":"100% Lauf- und Trailshop","publisher":{"@id":"https:\/\/www.miomiorun.com\/de\/#organization"},"potentialAction":[{"@type":"SearchAction","target":{"@type":"EntryPoint","urlTemplate":"https:\/\/www.miomiorun.com\/de\/?s={search_term_string}"},"query-input":{"@type":"PropertyValueSpecification","valueRequired":true,"valueName":"search_term_string"}}],"inLanguage":"de-DE"},{"@type":"Organization","@id":"https:\/\/www.miomiorun.com\/de\/#organization","name":"MioMio Run","url":"https:\/\/www.miomiorun.com\/de\/","logo":{"@type":"ImageObject","inLanguage":"de-DE","@id":"https:\/\/www.miomiorun.com\/de\/#\/schema\/logo\/image\/","url":"https:\/\/www.miomiorun.com\/app\/uploads\/2019\/12\/logomio.png","contentUrl":"https:\/\/www.miomiorun.com\/app\/uploads\/2019\/12\/logomio.png","width":115,"height":82,"caption":"MioMio Run"},"image":{"@id":"https:\/\/www.miomiorun.com\/de\/#\/schema\/logo\/image\/"},"sameAs":["https:\/\/www.facebook.com\/miomiorun\/","https:\/\/www.instagram.com\/miomiorun\/"]}]}},"_links":{"self":[{"href":"https:\/\/www.miomiorun.com\/de\/wp-json\/wp\/v2\/product\/80658","targetHints":{"allow":["GET"]}}],"collection":[{"href":"https:\/\/www.miomiorun.com\/de\/wp-json\/wp\/v2\/product"}],"about":[{"href":"https:\/\/www.miomiorun.com\/de\/wp-json\/wp\/v2\/types\/product"}],"wp:featuredmedia":[{"embeddable":true,"href":"https:\/\/www.miomiorun.com\/de\/wp-json\/wp\/v2\/media\/62585"}],"wp:attachment":[{"href":"https:\/\/www.miomiorun.com\/de\/wp-json\/wp\/v2\/media?parent=80658"}],"wp:term":[{"taxonomy":"product_brand","embeddable":true,"href":"https:\/\/www.miomiorun.com\/de\/wp-json\/wp\/v2\/product_brand?post=80658"},{"taxonomy":"product_cat","embeddable":true,"href":"https:\/\/www.miomiorun.com\/de\/wp-json\/wp\/v2\/product_cat?post=80658"},{"taxonomy":"product_tag","embeddable":true,"href":"https:\/\/www.miomiorun.com\/de\/wp-json\/wp\/v2\/product_tag?post=80658"}],"curies":[{"name":"wp","href":"https:\/\/api.w.org\/{rel}","templated":true}]}}