{"id":80650,"date":"2022-03-16T17:27:49","date_gmt":"2022-03-16T16:27:49","guid":{"rendered":"https:\/\/miomiorun.com\/prodotto\/la-sportiva-hover-top-donna\/"},"modified":"2022-08-03T11:08:01","modified_gmt":"2022-08-03T09:08:01","slug":"hover-top-damen","status":"publish","type":"product","link":"https:\/\/www.miomiorun.com\/de\/produkt\/hover-top-damen\/","title":{"rendered":"Hover Top damen"},"content":{"rendered":"<p>Sich auf sein Ziel zu konzentrieren, ist der erste Schritt zum Erfolg, im Leben wie im Sport.<\/p>\n<p>Damit sich alle Frauen auf jedes Training konzentrieren k\u00f6nnen, wurde das <strong>Hover Top<\/strong> geboren, ein nahtloser Sport-BH, der eine bequeme Passform bietet.<\/p>\n<p>Konzipiert f\u00fcr die Unterst\u00fctzung \u00fcber mittlere bis lange Strecken. Mit diesem BH f\u00fchlst du dich frei und legst Kilometer auf dem Trail zur\u00fcck, ohne dich ablenken zu lassen.<\/p>\n<p><strong>Funktionen:<\/strong><\/p>\n<ul>\n<li>Strapazierf\u00e4hige, breite Riemen f\u00fcr optimalen Halt.<\/li>\n<li>Doppellagige St\u00fctzkonstruktion.<\/li>\n<li>Innentasche vorne.<\/li>\n<li>Hintere Handytasche.<\/li>\n<li>Atmungsaktiver, elastischer Saum.<\/li>\n<\/ul>\n","protected":false},"excerpt":{"rendered":"<p>Sich auf sein Ziel zu konzentrieren, ist der erste Schritt zum Erfolg, im Leben wie im Sport. Damit sich alle Frauen auf jedes Training konzentrieren k\u00f6nnen, wurde das Hover Top geboren, ein nahtloser Sport-BH, der eine bequeme Passform bietet. Konzipiert f\u00fcr die Unterst\u00fctzung \u00fcber mittlere bis lange Strecken. Mit diesem BH f\u00fchlst du dich frei &hellip; <a href=\"https:\/\/www.miomiorun.com\/de\/produkt\/hover-top-damen\/\">Continued<\/a><\/p>\n","protected":false},"featured_media":119754,"template":"","meta":{"_acf_changed":false,"inline_featured_image":false},"product_brand":[],"product_cat":[6400,6401,6485],"product_tag":[6248,6220],"class_list":{"0":"post-80650","1":"product","2":"type-product","3":"status-publish","4":"has-post-thumbnail","6":"product_cat-damen","7":"product_cat-damenbekleidung","8":"product_cat-damenwaesche-de","9":"product_tag-la-sportiva-de","10":"product_tag-la-sportiva-damen-de","11":"pa_attivita-outdoor-de","12":"pa_attivita-trail-de","13":"pa_colore-hover-top-w-velvet-cherry-tomato-de","14":"pa_colore-hover-top-w-blush-red-plum-de","15":"pa_colore-hover-top-w-hibiscus-white-de","16":"pa_marca-la-sportiva-de","17":"pa_sesso-damen","18":"pa_size-extra-small-de","19":"pa_size-small-de","20":"pa_size-medium-de","22":"first","23":"instock","24":"sale","25":"taxable","26":"shipping-taxable","27":"purchasable","28":"product-type-variable","29":"wvs-archive-product-wrapper"},"acf":[],"yoast_head":"<!-- This site is optimized with the Yoast SEO plugin v26.8 - https:\/\/yoast.com\/product\/yoast-seo-wordpress\/ -->\n<title>La Sportiva Hover Top damen - Damen-BHs - MioMioRun<\/title>\n<meta name=\"description\" content=\"Damit sich alle Frauen auf jedes Training konzentrieren k\u00f6nnen, wurde das Hover Top geboren, ein nahtloser Sport-BH, der eine bequeme Passform bietet.\" \/>\n<meta name=\"robots\" content=\"index, follow, max-snippet:-1, max-image-preview:large, max-video-preview:-1\" \/>\n<link rel=\"canonical\" href=\"https:\/\/www.miomiorun.com\/de\/produkt\/hover-top-damen\/\" \/>\n<meta property=\"og:locale\" content=\"de_DE\" \/>\n<meta property=\"og:type\" content=\"article\" \/>\n<meta property=\"og:title\" content=\"La Sportiva Hover Top damen - Damen-BHs - MioMioRun\" \/>\n<meta property=\"og:description\" content=\"Damit sich alle Frauen auf jedes Training konzentrieren k\u00f6nnen, wurde das Hover Top geboren, ein nahtloser Sport-BH, der eine bequeme Passform bietet.\" \/>\n<meta property=\"og:url\" content=\"https:\/\/www.miomiorun.com\/de\/produkt\/hover-top-damen\/\" \/>\n<meta property=\"og:site_name\" content=\"MioMioRun\" \/>\n<meta property=\"article:publisher\" content=\"https:\/\/www.facebook.com\/miomiorun\/\" \/>\n<meta property=\"article:modified_time\" content=\"2022-08-03T09:08:01+00:00\" \/>\n<meta property=\"og:image\" content=\"https:\/\/www.miomiorun.com\/app\/uploads\/2023\/05\/la-sportiva-hover-top-W-velvet-cherry-tomato-Q25323322.jpg\" \/>\n\t<meta property=\"og:image:width\" content=\"600\" \/>\n\t<meta property=\"og:image:height\" content=\"600\" \/>\n\t<meta property=\"og:image:type\" content=\"image\/jpeg\" \/>\n<meta name=\"twitter:card\" content=\"summary_large_image\" \/>\n<meta name=\"twitter:label1\" content=\"Est. reading time\" \/>\n\t<meta name=\"twitter:data1\" content=\"1 minute\" \/>\n<script type=\"application\/ld+json\" class=\"yoast-schema-graph\">{\"@context\":\"https:\/\/schema.org\",\"@graph\":[{\"@type\":\"WebPage\",\"@id\":\"https:\/\/www.miomiorun.com\/de\/produkt\/hover-top-damen\/\",\"url\":\"https:\/\/www.miomiorun.com\/de\/produkt\/hover-top-damen\/\",\"name\":\"La Sportiva Hover Top damen - Damen-BHs - MioMioRun\",\"isPartOf\":{\"@id\":\"https:\/\/www.miomiorun.com\/de\/#website\"},\"primaryImageOfPage\":{\"@id\":\"https:\/\/www.miomiorun.com\/de\/produkt\/hover-top-damen\/#primaryimage\"},\"image\":{\"@id\":\"https:\/\/www.miomiorun.com\/de\/produkt\/hover-top-damen\/#primaryimage\"},\"thumbnailUrl\":\"https:\/\/www.miomiorun.com\/app\/uploads\/2023\/05\/la-sportiva-hover-top-W-velvet-cherry-tomato-Q25323322.jpg\",\"datePublished\":\"2022-03-16T16:27:49+00:00\",\"dateModified\":\"2022-08-03T09:08:01+00:00\",\"description\":\"Damit sich alle Frauen auf jedes Training konzentrieren k\u00f6nnen, wurde das Hover Top geboren, ein nahtloser Sport-BH, der eine bequeme Passform bietet.\",\"breadcrumb\":{\"@id\":\"https:\/\/www.miomiorun.com\/de\/produkt\/hover-top-damen\/#breadcrumb\"},\"inLanguage\":\"de-DE\",\"potentialAction\":[{\"@type\":\"ReadAction\",\"target\":[\"https:\/\/www.miomiorun.com\/de\/produkt\/hover-top-damen\/\"]}]},{\"@type\":\"ImageObject\",\"inLanguage\":\"de-DE\",\"@id\":\"https:\/\/www.miomiorun.com\/de\/produkt\/hover-top-damen\/#primaryimage\",\"url\":\"https:\/\/www.miomiorun.com\/app\/uploads\/2023\/05\/la-sportiva-hover-top-W-velvet-cherry-tomato-Q25323322.jpg\",\"contentUrl\":\"https:\/\/www.miomiorun.com\/app\/uploads\/2023\/05\/la-sportiva-hover-top-W-velvet-cherry-tomato-Q25323322.jpg\",\"width\":600,\"height\":600,\"caption\":\"la-sportiva-hover-top-W-velvet-cherry-tomato-Q25323322\"},{\"@type\":\"BreadcrumbList\",\"@id\":\"https:\/\/www.miomiorun.com\/de\/produkt\/hover-top-damen\/#breadcrumb\",\"itemListElement\":[{\"@type\":\"ListItem\",\"position\":1,\"name\":\"Home\",\"item\":\"https:\/\/www.miomiorun.com\/de\/\"},{\"@type\":\"ListItem\",\"position\":2,\"name\":\"Shop\",\"item\":\"https:\/\/www.miomiorun.com\/shop\/\"},{\"@type\":\"ListItem\",\"position\":3,\"name\":\"Hover Top damen\"}]},{\"@type\":\"WebSite\",\"@id\":\"https:\/\/www.miomiorun.com\/de\/#website\",\"url\":\"https:\/\/www.miomiorun.com\/de\/\",\"name\":\"MioMioRun\",\"description\":\"100% Lauf- und Trailshop\",\"publisher\":{\"@id\":\"https:\/\/www.miomiorun.com\/de\/#organization\"},\"potentialAction\":[{\"@type\":\"SearchAction\",\"target\":{\"@type\":\"EntryPoint\",\"urlTemplate\":\"https:\/\/www.miomiorun.com\/de\/?s={search_term_string}\"},\"query-input\":{\"@type\":\"PropertyValueSpecification\",\"valueRequired\":true,\"valueName\":\"search_term_string\"}}],\"inLanguage\":\"de-DE\"},{\"@type\":\"Organization\",\"@id\":\"https:\/\/www.miomiorun.com\/de\/#organization\",\"name\":\"MioMio Run\",\"url\":\"https:\/\/www.miomiorun.com\/de\/\",\"logo\":{\"@type\":\"ImageObject\",\"inLanguage\":\"de-DE\",\"@id\":\"https:\/\/www.miomiorun.com\/de\/#\/schema\/logo\/image\/\",\"url\":\"https:\/\/www.miomiorun.com\/app\/uploads\/2019\/12\/logomio.png\",\"contentUrl\":\"https:\/\/www.miomiorun.com\/app\/uploads\/2019\/12\/logomio.png\",\"width\":115,\"height\":82,\"caption\":\"MioMio Run\"},\"image\":{\"@id\":\"https:\/\/www.miomiorun.com\/de\/#\/schema\/logo\/image\/\"},\"sameAs\":[\"https:\/\/www.facebook.com\/miomiorun\/\",\"https:\/\/www.instagram.com\/miomiorun\/\"]}]}<\/script>\n<!-- \/ Yoast SEO plugin. -->","yoast_head_json":{"title":"La Sportiva Hover Top damen - Damen-BHs - MioMioRun","description":"Damit sich alle Frauen auf jedes Training konzentrieren k\u00f6nnen, wurde das Hover Top geboren, ein nahtloser Sport-BH, der eine bequeme Passform bietet.","robots":{"index":"index","follow":"follow","max-snippet":"max-snippet:-1","max-image-preview":"max-image-preview:large","max-video-preview":"max-video-preview:-1"},"canonical":"https:\/\/www.miomiorun.com\/de\/produkt\/hover-top-damen\/","og_locale":"de_DE","og_type":"article","og_title":"La Sportiva Hover Top damen - Damen-BHs - MioMioRun","og_description":"Damit sich alle Frauen auf jedes Training konzentrieren k\u00f6nnen, wurde das Hover Top geboren, ein nahtloser Sport-BH, der eine bequeme Passform bietet.","og_url":"https:\/\/www.miomiorun.com\/de\/produkt\/hover-top-damen\/","og_site_name":"MioMioRun","article_publisher":"https:\/\/www.facebook.com\/miomiorun\/","article_modified_time":"2022-08-03T09:08:01+00:00","og_image":[{"width":600,"height":600,"url":"https:\/\/www.miomiorun.com\/app\/uploads\/2023\/05\/la-sportiva-hover-top-W-velvet-cherry-tomato-Q25323322.jpg","type":"image\/jpeg"}],"twitter_card":"summary_large_image","twitter_misc":{"Est. reading time":"1 minute"},"schema":{"@context":"https:\/\/schema.org","@graph":[{"@type":"WebPage","@id":"https:\/\/www.miomiorun.com\/de\/produkt\/hover-top-damen\/","url":"https:\/\/www.miomiorun.com\/de\/produkt\/hover-top-damen\/","name":"La Sportiva Hover Top damen - Damen-BHs - MioMioRun","isPartOf":{"@id":"https:\/\/www.miomiorun.com\/de\/#website"},"primaryImageOfPage":{"@id":"https:\/\/www.miomiorun.com\/de\/produkt\/hover-top-damen\/#primaryimage"},"image":{"@id":"https:\/\/www.miomiorun.com\/de\/produkt\/hover-top-damen\/#primaryimage"},"thumbnailUrl":"https:\/\/www.miomiorun.com\/app\/uploads\/2023\/05\/la-sportiva-hover-top-W-velvet-cherry-tomato-Q25323322.jpg","datePublished":"2022-03-16T16:27:49+00:00","dateModified":"2022-08-03T09:08:01+00:00","description":"Damit sich alle Frauen auf jedes Training konzentrieren k\u00f6nnen, wurde das Hover Top geboren, ein nahtloser Sport-BH, der eine bequeme Passform bietet.","breadcrumb":{"@id":"https:\/\/www.miomiorun.com\/de\/produkt\/hover-top-damen\/#breadcrumb"},"inLanguage":"de-DE","potentialAction":[{"@type":"ReadAction","target":["https:\/\/www.miomiorun.com\/de\/produkt\/hover-top-damen\/"]}]},{"@type":"ImageObject","inLanguage":"de-DE","@id":"https:\/\/www.miomiorun.com\/de\/produkt\/hover-top-damen\/#primaryimage","url":"https:\/\/www.miomiorun.com\/app\/uploads\/2023\/05\/la-sportiva-hover-top-W-velvet-cherry-tomato-Q25323322.jpg","contentUrl":"https:\/\/www.miomiorun.com\/app\/uploads\/2023\/05\/la-sportiva-hover-top-W-velvet-cherry-tomato-Q25323322.jpg","width":600,"height":600,"caption":"la-sportiva-hover-top-W-velvet-cherry-tomato-Q25323322"},{"@type":"BreadcrumbList","@id":"https:\/\/www.miomiorun.com\/de\/produkt\/hover-top-damen\/#breadcrumb","itemListElement":[{"@type":"ListItem","position":1,"name":"Home","item":"https:\/\/www.miomiorun.com\/de\/"},{"@type":"ListItem","position":2,"name":"Shop","item":"https:\/\/www.miomiorun.com\/shop\/"},{"@type":"ListItem","position":3,"name":"Hover Top damen"}]},{"@type":"WebSite","@id":"https:\/\/www.miomiorun.com\/de\/#website","url":"https:\/\/www.miomiorun.com\/de\/","name":"MioMioRun","description":"100% Lauf- und Trailshop","publisher":{"@id":"https:\/\/www.miomiorun.com\/de\/#organization"},"potentialAction":[{"@type":"SearchAction","target":{"@type":"EntryPoint","urlTemplate":"https:\/\/www.miomiorun.com\/de\/?s={search_term_string}"},"query-input":{"@type":"PropertyValueSpecification","valueRequired":true,"valueName":"search_term_string"}}],"inLanguage":"de-DE"},{"@type":"Organization","@id":"https:\/\/www.miomiorun.com\/de\/#organization","name":"MioMio Run","url":"https:\/\/www.miomiorun.com\/de\/","logo":{"@type":"ImageObject","inLanguage":"de-DE","@id":"https:\/\/www.miomiorun.com\/de\/#\/schema\/logo\/image\/","url":"https:\/\/www.miomiorun.com\/app\/uploads\/2019\/12\/logomio.png","contentUrl":"https:\/\/www.miomiorun.com\/app\/uploads\/2019\/12\/logomio.png","width":115,"height":82,"caption":"MioMio Run"},"image":{"@id":"https:\/\/www.miomiorun.com\/de\/#\/schema\/logo\/image\/"},"sameAs":["https:\/\/www.facebook.com\/miomiorun\/","https:\/\/www.instagram.com\/miomiorun\/"]}]}},"_links":{"self":[{"href":"https:\/\/www.miomiorun.com\/de\/wp-json\/wp\/v2\/product\/80650","targetHints":{"allow":["GET"]}}],"collection":[{"href":"https:\/\/www.miomiorun.com\/de\/wp-json\/wp\/v2\/product"}],"about":[{"href":"https:\/\/www.miomiorun.com\/de\/wp-json\/wp\/v2\/types\/product"}],"wp:featuredmedia":[{"embeddable":true,"href":"https:\/\/www.miomiorun.com\/de\/wp-json\/wp\/v2\/media\/119754"}],"wp:attachment":[{"href":"https:\/\/www.miomiorun.com\/de\/wp-json\/wp\/v2\/media?parent=80650"}],"wp:term":[{"taxonomy":"product_brand","embeddable":true,"href":"https:\/\/www.miomiorun.com\/de\/wp-json\/wp\/v2\/product_brand?post=80650"},{"taxonomy":"product_cat","embeddable":true,"href":"https:\/\/www.miomiorun.com\/de\/wp-json\/wp\/v2\/product_cat?post=80650"},{"taxonomy":"product_tag","embeddable":true,"href":"https:\/\/www.miomiorun.com\/de\/wp-json\/wp\/v2\/product_tag?post=80650"}],"curies":[{"name":"wp","href":"https:\/\/api.w.org\/{rel}","templated":true}]}}