{"id":80635,"date":"2022-03-29T16:22:16","date_gmt":"2022-03-29T14:22:16","guid":{"rendered":"https:\/\/miomiorun.com\/prodotto\/compressport-performance-ss-t-shirt-donna\/"},"modified":"2022-10-14T11:07:20","modified_gmt":"2022-10-14T09:07:20","slug":"performance-ss-t-shirt-damen","status":"publish","type":"product","link":"https:\/\/www.miomiorun.com\/de\/produkt\/performance-ss-t-shirt-damen\/","title":{"rendered":"Performance SS T-Shirt damen"},"content":{"rendered":"<div class=\"vc-row container\"><div class=\"vc-column\"><div class=\"vc-column-text\">Das <strong>Performance SS T-Shirt<\/strong> von Compressport f\u00fcr Frauen ist ein leistungsstarkes, leichtes Laufshirt, das ein ultraweiches, nahtloses Design mit integrierten Bel\u00fcftungseins\u00e4tzen und einen femininen Schnitt bietet.<\/p>\n<p>Diese Linie wurde von Frauen entworfen, die sich an anderen Frauen, den Profisportlerinnen, orientiert haben.<\/p>\n<p>Auf dem Weg zum Erfolg bleibt kein Stein auf dem anderen, und es gibt keinen Grund, sich mit einem unzureichenden Leistungsoutfit zufrieden zu geben. Das kurz\u00e4rmelige Performance SS Tshirt wurde speziell f\u00fcr extremen Komfort und Weichheit entwickelt und ist so leicht, dass Sie kaum merken werden, dass Sie es tragen. Das Mikrofasergewebe und das nahtlose Design verursachen nachweislich keine Reibung oder Irritationen. Das Material hilft auch, unerw\u00fcnschte Ger\u00fcche bei sportlichen Aktivit\u00e4ten zu kontrollieren &#8211; ein Pluspunkt!<\/p>\n<p>&nbsp;<\/p>\n<p>F\u00fcr eine optimale Bel\u00fcftung sind an der Vorderseite und zwischen den Schulterbl\u00e4ttern fein gewebte Ventilationslinien eingearbeitet, die Schwei\u00df und Feuchtigkeit schnell abtransportieren. Die regul\u00e4re Passform bietet einen schlanken, aber absolut nicht einschn\u00fcrenden Schnitt, der bei steigender Intensit\u00e4t h\u00e4lt oder behindert.<\/p>\n<p>Der Bund ist leicht komprimiert, um den anatomischen Kurven zu folgen, w\u00e4hrend der flache V-Ausschnitt flach und angenehm auf der Haut liegt. Die kurzen \u00c4rmel sind nicht nur feminin, sondern lassen auch die Schulterpartie frei und erm\u00f6glichen eine gro\u00dfe Bewegungsfreiheit. Die weichen, flachen N\u00e4hte im Achselbereich sch\u00fctzen vor Irritationen.<\/p>\n<p>Das asymmetrische Streifenmuster am \u00c4rmel und an der H\u00fcfte sorgt f\u00fcr einen ausgesprochen sportlichen Look.<\/p>\n<p><strong>Funktionen:<\/strong><\/p>\n<ul>\n<li>Leistungsstarkes Lauftrikot, von Frauen f\u00fcr Frauen entwickelt.<\/li>\n<li>Sehr leicht und nahtlos.<\/li>\n<li>Reibungsarmes und reizarmes Mikrofasergewebe.<\/li>\n<li>Integrierte L\u00fcftungsleitungen an verschiedenen Stellen.<\/li>\n<li>Normale Passform.<\/li>\n<li>V-Ausschnitt.<\/li>\n<\/ul>\n<p>&nbsp;<\/p>\n<p>Ergonomische Passform f\u00fcr Frauen mit taillierter Taille und kurzen \u00c4rmeln f\u00fcr extremen Komfort und einen Hauch von Stil.<br \/>\nLeistungsstarke W\u00e4rmeregulierung dank hochfunktionellem Mikrofasergewebe, das Schwei\u00df und Feuchtigkeit schnell abtransportiert.<br \/>\nEr ist sehr vielseitig f\u00fcr den intensiven Multisportgebrauch und bietet hervorragende Leistung mit einem stilvollen Design.<\/p>\n<p>Gewicht: 49 g.<\/p>\n<p>Material: 92%PA 8%EA<\/p>\n<p>&nbsp;<\/p>\n<div class=\"product-variants\">\n<div class=\"form-group product-variants-item\">\n<p>&nbsp;<\/p>\n<\/div>\n<\/div>\n<div class=\"product-add-to-cart\">\n<div class=\"product-quantity row align-items-center no-gutters mb-3 p-0 col-md-12\">\n<div class=\"add col mt-2\" data-product-attribute=\"2815\"><\/div>\n<\/div>\n<\/div>\n<div class=\"product-actions pb-4\">\n<form id=\"add-to-cart-or-refresh\" action=\"https:\/\/www.compressport.com\/it\/carrello\" method=\"post\">\n<div class=\"product-add-to-cart\">\n<p class=\"product-minimal-quantity\">\n<\/div>\n<\/form>\n<\/div>\n<div id=\"collapseTwo\" class=\"collapse show\" aria-labelledby=\"headingTwo\" data-parent=\"#accordion\">\n<div class=\"card-body\"><\/div>\n<\/div>\n<p><\/div><\/div><div class=\"vc-column\"><div class=\"vc-column-text\"><\/p>\n<p><div style=\"width: 1024px;\" class=\"wp-video\"><video class=\"wp-video-shortcode\" id=\"video-80635-1\" width=\"1024\" height=\"576\" loop autoplay preload=\"metadata\" controls=\"controls\"><source type=\"video\/mp4\" src=\"https:\/\/miomiorun.com\/wp-content\/uploads\/2022\/03\/compressport-performance-ss-t-shirt-AW00094B.mp4?_=1\" \/><a href=\"https:\/\/miomiorun.com\/wp-content\/uploads\/2022\/03\/compressport-performance-ss-t-shirt-AW00094B.mp4\">https:\/\/miomiorun.com\/wp-content\/uploads\/2022\/03\/compressport-performance-ss-t-shirt-AW00094B.mp4<\/a><\/video><\/div><\/p>\n<p><\/div><\/div><\/div>\n","protected":false},"excerpt":{"rendered":"","protected":false},"featured_media":66564,"template":"","meta":{"_acf_changed":false,"inline_featured_image":false},"product_brand":[],"product_cat":[6401,6489],"product_tag":[3367,6215],"class_list":{"0":"post-80635","1":"product","2":"type-product","3":"status-publish","4":"has-post-thumbnail","6":"product_cat-damenbekleidung","7":"product_cat-dament-shirt-de","8":"product_tag-compressport-de","9":"product_tag-compressport-damen-de","10":"pa_attivita-running-de","11":"pa_attivita-trail-de","12":"pa_colore-performance-ss-t-shirt-w-orchid-petal-purple-de","13":"pa_marca-compressport-de","14":"pa_sesso-damen","15":"pa_size-small-de","17":"first","18":"instock","19":"sale","20":"taxable","21":"shipping-taxable","22":"purchasable","23":"product-type-variable","24":"wvs-archive-product-wrapper"},"acf":[],"yoast_head":"<!-- This site is optimized with the Yoast SEO plugin v26.8 - https:\/\/yoast.com\/product\/yoast-seo-wordpress\/ -->\n<title>Compressport Performance SS T-Shirt damen - Lauft - MioMioRun<\/title>\n<meta name=\"description\" content=\"Das Performance SS T-Shirt von Compressport f\u00fcr Frauen ist ein leistungsstarkes, leichtes Laufshirt mit einem ultraweichen Design.\" \/>\n<meta name=\"robots\" content=\"index, follow, max-snippet:-1, max-image-preview:large, max-video-preview:-1\" \/>\n<link rel=\"canonical\" href=\"https:\/\/www.miomiorun.com\/de\/produkt\/performance-ss-t-shirt-damen\/\" \/>\n<meta property=\"og:locale\" content=\"de_DE\" \/>\n<meta property=\"og:type\" content=\"article\" \/>\n<meta property=\"og:title\" content=\"Compressport Performance SS T-Shirt damen - Lauft - MioMioRun\" \/>\n<meta property=\"og:description\" content=\"Das Performance SS T-Shirt von Compressport f\u00fcr Frauen ist ein leistungsstarkes, leichtes Laufshirt mit einem ultraweichen Design.\" \/>\n<meta property=\"og:url\" content=\"https:\/\/www.miomiorun.com\/de\/produkt\/performance-ss-t-shirt-damen\/\" \/>\n<meta property=\"og:site_name\" content=\"MioMioRun\" \/>\n<meta property=\"article:publisher\" content=\"https:\/\/www.facebook.com\/miomiorun\/\" \/>\n<meta property=\"article:modified_time\" content=\"2022-10-14T09:07:20+00:00\" \/>\n<meta property=\"og:image\" content=\"https:\/\/www.miomiorun.com\/app\/uploads\/2022\/04\/compressport-performance-ss-t-shirt-W-orchid-petal-purple-AW00094B-Orcpur.jpg\" \/>\n\t<meta property=\"og:image:width\" content=\"600\" \/>\n\t<meta property=\"og:image:height\" content=\"600\" \/>\n\t<meta property=\"og:image:type\" content=\"image\/jpeg\" \/>\n<meta name=\"twitter:card\" content=\"summary_large_image\" \/>\n<meta name=\"twitter:label1\" content=\"Est. reading time\" \/>\n\t<meta name=\"twitter:data1\" content=\"2 minutes\" \/>\n<script type=\"application\/ld+json\" class=\"yoast-schema-graph\">{\"@context\":\"https:\/\/schema.org\",\"@graph\":[{\"@type\":\"WebPage\",\"@id\":\"https:\/\/www.miomiorun.com\/de\/produkt\/performance-ss-t-shirt-damen\/\",\"url\":\"https:\/\/www.miomiorun.com\/de\/produkt\/performance-ss-t-shirt-damen\/\",\"name\":\"Compressport Performance SS T-Shirt damen - Lauft - MioMioRun\",\"isPartOf\":{\"@id\":\"https:\/\/www.miomiorun.com\/de\/#website\"},\"primaryImageOfPage\":{\"@id\":\"https:\/\/www.miomiorun.com\/de\/produkt\/performance-ss-t-shirt-damen\/#primaryimage\"},\"image\":{\"@id\":\"https:\/\/www.miomiorun.com\/de\/produkt\/performance-ss-t-shirt-damen\/#primaryimage\"},\"thumbnailUrl\":\"https:\/\/www.miomiorun.com\/app\/uploads\/2022\/04\/compressport-performance-ss-t-shirt-W-orchid-petal-purple-AW00094B-Orcpur.jpg\",\"datePublished\":\"2022-03-29T14:22:16+00:00\",\"dateModified\":\"2022-10-14T09:07:20+00:00\",\"description\":\"Das Performance SS T-Shirt von Compressport f\u00fcr Frauen ist ein leistungsstarkes, leichtes Laufshirt mit einem ultraweichen Design.\",\"breadcrumb\":{\"@id\":\"https:\/\/www.miomiorun.com\/de\/produkt\/performance-ss-t-shirt-damen\/#breadcrumb\"},\"inLanguage\":\"de-DE\",\"potentialAction\":[{\"@type\":\"ReadAction\",\"target\":[\"https:\/\/www.miomiorun.com\/de\/produkt\/performance-ss-t-shirt-damen\/\"]}]},{\"@type\":\"ImageObject\",\"inLanguage\":\"de-DE\",\"@id\":\"https:\/\/www.miomiorun.com\/de\/produkt\/performance-ss-t-shirt-damen\/#primaryimage\",\"url\":\"https:\/\/www.miomiorun.com\/app\/uploads\/2022\/04\/compressport-performance-ss-t-shirt-W-orchid-petal-purple-AW00094B-Orcpur.jpg\",\"contentUrl\":\"https:\/\/www.miomiorun.com\/app\/uploads\/2022\/04\/compressport-performance-ss-t-shirt-W-orchid-petal-purple-AW00094B-Orcpur.jpg\",\"width\":600,\"height\":600,\"caption\":\"compressport-performance-ss-t-shirt-W-orchid-petal-purple-AW00094B-Orcpur\"},{\"@type\":\"BreadcrumbList\",\"@id\":\"https:\/\/www.miomiorun.com\/de\/produkt\/performance-ss-t-shirt-damen\/#breadcrumb\",\"itemListElement\":[{\"@type\":\"ListItem\",\"position\":1,\"name\":\"Home\",\"item\":\"https:\/\/www.miomiorun.com\/de\/\"},{\"@type\":\"ListItem\",\"position\":2,\"name\":\"Shop\",\"item\":\"https:\/\/www.miomiorun.com\/shop\/\"},{\"@type\":\"ListItem\",\"position\":3,\"name\":\"Performance SS T-Shirt damen\"}]},{\"@type\":\"WebSite\",\"@id\":\"https:\/\/www.miomiorun.com\/de\/#website\",\"url\":\"https:\/\/www.miomiorun.com\/de\/\",\"name\":\"MioMioRun\",\"description\":\"100% Lauf- und Trailshop\",\"publisher\":{\"@id\":\"https:\/\/www.miomiorun.com\/de\/#organization\"},\"potentialAction\":[{\"@type\":\"SearchAction\",\"target\":{\"@type\":\"EntryPoint\",\"urlTemplate\":\"https:\/\/www.miomiorun.com\/de\/?s={search_term_string}\"},\"query-input\":{\"@type\":\"PropertyValueSpecification\",\"valueRequired\":true,\"valueName\":\"search_term_string\"}}],\"inLanguage\":\"de-DE\"},{\"@type\":\"Organization\",\"@id\":\"https:\/\/www.miomiorun.com\/de\/#organization\",\"name\":\"MioMio Run\",\"url\":\"https:\/\/www.miomiorun.com\/de\/\",\"logo\":{\"@type\":\"ImageObject\",\"inLanguage\":\"de-DE\",\"@id\":\"https:\/\/www.miomiorun.com\/de\/#\/schema\/logo\/image\/\",\"url\":\"https:\/\/www.miomiorun.com\/app\/uploads\/2019\/12\/logomio.png\",\"contentUrl\":\"https:\/\/www.miomiorun.com\/app\/uploads\/2019\/12\/logomio.png\",\"width\":115,\"height\":82,\"caption\":\"MioMio Run\"},\"image\":{\"@id\":\"https:\/\/www.miomiorun.com\/de\/#\/schema\/logo\/image\/\"},\"sameAs\":[\"https:\/\/www.facebook.com\/miomiorun\/\",\"https:\/\/www.instagram.com\/miomiorun\/\"]}]}<\/script>\n<!-- \/ Yoast SEO plugin. -->","yoast_head_json":{"title":"Compressport Performance SS T-Shirt damen - Lauft - MioMioRun","description":"Das Performance SS T-Shirt von Compressport f\u00fcr Frauen ist ein leistungsstarkes, leichtes Laufshirt mit einem ultraweichen Design.","robots":{"index":"index","follow":"follow","max-snippet":"max-snippet:-1","max-image-preview":"max-image-preview:large","max-video-preview":"max-video-preview:-1"},"canonical":"https:\/\/www.miomiorun.com\/de\/produkt\/performance-ss-t-shirt-damen\/","og_locale":"de_DE","og_type":"article","og_title":"Compressport Performance SS T-Shirt damen - Lauft - MioMioRun","og_description":"Das Performance SS T-Shirt von Compressport f\u00fcr Frauen ist ein leistungsstarkes, leichtes Laufshirt mit einem ultraweichen Design.","og_url":"https:\/\/www.miomiorun.com\/de\/produkt\/performance-ss-t-shirt-damen\/","og_site_name":"MioMioRun","article_publisher":"https:\/\/www.facebook.com\/miomiorun\/","article_modified_time":"2022-10-14T09:07:20+00:00","og_image":[{"width":600,"height":600,"url":"https:\/\/www.miomiorun.com\/app\/uploads\/2022\/04\/compressport-performance-ss-t-shirt-W-orchid-petal-purple-AW00094B-Orcpur.jpg","type":"image\/jpeg"}],"twitter_card":"summary_large_image","twitter_misc":{"Est. reading time":"2 minutes"},"schema":{"@context":"https:\/\/schema.org","@graph":[{"@type":"WebPage","@id":"https:\/\/www.miomiorun.com\/de\/produkt\/performance-ss-t-shirt-damen\/","url":"https:\/\/www.miomiorun.com\/de\/produkt\/performance-ss-t-shirt-damen\/","name":"Compressport Performance SS T-Shirt damen - Lauft - MioMioRun","isPartOf":{"@id":"https:\/\/www.miomiorun.com\/de\/#website"},"primaryImageOfPage":{"@id":"https:\/\/www.miomiorun.com\/de\/produkt\/performance-ss-t-shirt-damen\/#primaryimage"},"image":{"@id":"https:\/\/www.miomiorun.com\/de\/produkt\/performance-ss-t-shirt-damen\/#primaryimage"},"thumbnailUrl":"https:\/\/www.miomiorun.com\/app\/uploads\/2022\/04\/compressport-performance-ss-t-shirt-W-orchid-petal-purple-AW00094B-Orcpur.jpg","datePublished":"2022-03-29T14:22:16+00:00","dateModified":"2022-10-14T09:07:20+00:00","description":"Das Performance SS T-Shirt von Compressport f\u00fcr Frauen ist ein leistungsstarkes, leichtes Laufshirt mit einem ultraweichen Design.","breadcrumb":{"@id":"https:\/\/www.miomiorun.com\/de\/produkt\/performance-ss-t-shirt-damen\/#breadcrumb"},"inLanguage":"de-DE","potentialAction":[{"@type":"ReadAction","target":["https:\/\/www.miomiorun.com\/de\/produkt\/performance-ss-t-shirt-damen\/"]}]},{"@type":"ImageObject","inLanguage":"de-DE","@id":"https:\/\/www.miomiorun.com\/de\/produkt\/performance-ss-t-shirt-damen\/#primaryimage","url":"https:\/\/www.miomiorun.com\/app\/uploads\/2022\/04\/compressport-performance-ss-t-shirt-W-orchid-petal-purple-AW00094B-Orcpur.jpg","contentUrl":"https:\/\/www.miomiorun.com\/app\/uploads\/2022\/04\/compressport-performance-ss-t-shirt-W-orchid-petal-purple-AW00094B-Orcpur.jpg","width":600,"height":600,"caption":"compressport-performance-ss-t-shirt-W-orchid-petal-purple-AW00094B-Orcpur"},{"@type":"BreadcrumbList","@id":"https:\/\/www.miomiorun.com\/de\/produkt\/performance-ss-t-shirt-damen\/#breadcrumb","itemListElement":[{"@type":"ListItem","position":1,"name":"Home","item":"https:\/\/www.miomiorun.com\/de\/"},{"@type":"ListItem","position":2,"name":"Shop","item":"https:\/\/www.miomiorun.com\/shop\/"},{"@type":"ListItem","position":3,"name":"Performance SS T-Shirt damen"}]},{"@type":"WebSite","@id":"https:\/\/www.miomiorun.com\/de\/#website","url":"https:\/\/www.miomiorun.com\/de\/","name":"MioMioRun","description":"100% Lauf- und Trailshop","publisher":{"@id":"https:\/\/www.miomiorun.com\/de\/#organization"},"potentialAction":[{"@type":"SearchAction","target":{"@type":"EntryPoint","urlTemplate":"https:\/\/www.miomiorun.com\/de\/?s={search_term_string}"},"query-input":{"@type":"PropertyValueSpecification","valueRequired":true,"valueName":"search_term_string"}}],"inLanguage":"de-DE"},{"@type":"Organization","@id":"https:\/\/www.miomiorun.com\/de\/#organization","name":"MioMio Run","url":"https:\/\/www.miomiorun.com\/de\/","logo":{"@type":"ImageObject","inLanguage":"de-DE","@id":"https:\/\/www.miomiorun.com\/de\/#\/schema\/logo\/image\/","url":"https:\/\/www.miomiorun.com\/app\/uploads\/2019\/12\/logomio.png","contentUrl":"https:\/\/www.miomiorun.com\/app\/uploads\/2019\/12\/logomio.png","width":115,"height":82,"caption":"MioMio Run"},"image":{"@id":"https:\/\/www.miomiorun.com\/de\/#\/schema\/logo\/image\/"},"sameAs":["https:\/\/www.facebook.com\/miomiorun\/","https:\/\/www.instagram.com\/miomiorun\/"]}]}},"_links":{"self":[{"href":"https:\/\/www.miomiorun.com\/de\/wp-json\/wp\/v2\/product\/80635","targetHints":{"allow":["GET"]}}],"collection":[{"href":"https:\/\/www.miomiorun.com\/de\/wp-json\/wp\/v2\/product"}],"about":[{"href":"https:\/\/www.miomiorun.com\/de\/wp-json\/wp\/v2\/types\/product"}],"wp:featuredmedia":[{"embeddable":true,"href":"https:\/\/www.miomiorun.com\/de\/wp-json\/wp\/v2\/media\/66564"}],"wp:attachment":[{"href":"https:\/\/www.miomiorun.com\/de\/wp-json\/wp\/v2\/media?parent=80635"}],"wp:term":[{"taxonomy":"product_brand","embeddable":true,"href":"https:\/\/www.miomiorun.com\/de\/wp-json\/wp\/v2\/product_brand?post=80635"},{"taxonomy":"product_cat","embeddable":true,"href":"https:\/\/www.miomiorun.com\/de\/wp-json\/wp\/v2\/product_cat?post=80635"},{"taxonomy":"product_tag","embeddable":true,"href":"https:\/\/www.miomiorun.com\/de\/wp-json\/wp\/v2\/product_tag?post=80635"}],"curies":[{"name":"wp","href":"https:\/\/api.w.org\/{rel}","templated":true}]}}