{"id":80537,"date":"2020-02-27T19:25:56","date_gmt":"2020-02-27T18:25:56","guid":{"rendered":"https:\/\/miomiorun.com\/prodotto\/la-sportiva-lycan-gtx-donna\/"},"modified":"2026-05-08T20:34:26","modified_gmt":"2026-05-08T18:34:26","slug":"lycan-gtx-damen","status":"publish","type":"product","link":"https:\/\/www.miomiorun.com\/de\/produkt\/lycan-gtx-damen\/","title":{"rendered":"Lycan GTX damen"},"content":{"rendered":"<div class=\"vc-row container\"><div class=\"vc-column\"><div class=\"vc-column-text\"><\/p>\n<p><strong>Technische Daten<\/strong><\/p>\n<p>Kategorie: Top-D\u00e4mpfung<br \/>\nVersatz: 6 mm<br \/>\nGewicht: 300 g<br \/>\nIdeal f\u00fcr: L\u00e4ufer und Wanderer, die ein Modell mit guter Traktion f\u00fcr Aktivit\u00e4ten abseits der Stra\u00dfe in den Bergen suchen, mit wasserdichter Ausr\u00fcstung f\u00fcr nasses Terrain, die Stabilit\u00e4t und Schutz bietet.<br \/>\nGewicht des Athleten: 60-80 kg<br \/>\nLauftempo : mittel &#8211; langsam (&gt;5.00 min\/km)<br \/>\n<a href=\"https:\/\/miomiorun.com\/de\/leitfaden-fuer-technische-spezifikationen\/\">Leitfaden f\u00fcr technische Spezifikationen<\/a><\/p>\n<p><\/div><\/div><div class=\"vc-column\"><div class=\"vc-column-text\">Trailrunning-Schuh, der sich dank des Stollenprofils perfekt f\u00fcr sichere L\u00e4ufe in den Wintermonaten eignet, auch auf eisigem oder verschneitem Terrain. Er ist bequem und komfortabel und eignet sich f\u00fcr alle, die gerne im Gel\u00e4nde laufen.<br \/>\nTrailrunning-Schuh, ideal f\u00fcr L\u00e4ufe in den Wintermonaten \u00fcber mittlere Distanzen im Training.<br \/>\nDer Lycan ist dank seines gro\u00dfen Volumens und seiner schnellen Passform komfortabel und bequem und eignet sich f\u00fcr alle Liebhaber des Gel\u00e4ndelaufs unter allen Bedingungen, insbesondere auf nassem, verschneitem und vereistem Terrain, dank des Mud-Ground-Profils mit Frixion Blue, einer sehr widerstandsf\u00e4higen und stollenf\u00e4higen Mischung. Der spritzgegossene Keil d\u00e4mpft den Aufprall dank der besonders sto\u00dfabsorbierenden Au\u00dfenstruktur. Das wasserabweisende Mesh-Obermaterial mit abriebfesten Verst\u00e4rkungen sch\u00fctzt vor versehentlichen St\u00f6\u00dfen mit Wurzeln oder Steinen. Lycan ist ideal f\u00fcr eine sichere und komfortable Fahrt.<\/p>\n<p><strong>Oben:<\/strong><br \/>\nWasserabweisendes Mesh mit abriebfesten Verst\u00e4rkungen, sch\u00fctzende TPU-Zehenkappe<br \/>\n<strong>Auskleidung:<\/strong><br \/>\nGore-Tex Erweiterter Komfort<br \/>\n<strong>Zwischensohle:<\/strong><br \/>\nEingespritztes sto\u00dfabsorbierendes EVA<br \/>\n<strong>Fu\u00dfbett:<\/strong><br \/>\nOrtholite Berg Ergonomisch 4mm<br \/>\n<strong>Laufsohle:<\/strong><br \/>\nFrixion Blau<\/div><\/div><\/div>\n","protected":false},"excerpt":{"rendered":"<p><strong>Oben:<\/strong><br \/>\nWasserabweisendes Mesh mit abriebfester Verst\u00e4rkung, TPU-Zehenschutzkappe<br \/>\n<strong>Auskleidung:<\/strong><br \/>\nGore-Tex Erweiterter Komfort<br \/>\n<strong>Zwischensohle:<\/strong><br \/>\nEingespritztes sto\u00dfabsorbierendes EVA<\/p>\n","protected":false},"featured_media":58400,"template":"","meta":{"_acf_changed":false,"inline_featured_image":false},"product_brand":[],"product_cat":[6474,6491],"product_tag":[6248,6220],"class_list":{"0":"post-80537","1":"product","2":"type-product","3":"status-publish","4":"has-post-thumbnail","6":"product_cat-damenschuhe","7":"product_cat-damentrailschuhe","8":"product_tag-la-sportiva-de","9":"product_tag-la-sportiva-damen-de","10":"pa_attivita-outdoor-de","11":"pa_attivita-trail-de","12":"pa_colore-lycan-w-gtx-night-sky-rosebay","13":"pa_colore-lycan-gtx-w-carbon-hibiscus-de","14":"pa_marca-la-sportiva-de","15":"pa_sesso-damen","16":"pa_size-41-de","17":"pa_size-41-5-de","19":"first","20":"instock","21":"sale","22":"taxable","23":"shipping-taxable","24":"purchasable","25":"product-type-variable","26":"wvs-archive-product-wrapper"},"acf":[],"yoast_head":"<!-- This site is optimized with the Yoast SEO plugin v26.8 - https:\/\/yoast.com\/product\/yoast-seo-wordpress\/ -->\n<title>Lycan GTX damen - Damen-Trail-Schuhe MioMioRun .com<\/title>\n<meta name=\"description\" content=\"Trailrunning-Schuh, der sich dank des Stollenprofils perfekt f\u00fcr sichere L\u00e4ufe in den Wintermonaten eignet, auch auf eisigem oder verschneitem Terrain.\" \/>\n<meta name=\"robots\" content=\"index, follow, max-snippet:-1, max-image-preview:large, max-video-preview:-1\" \/>\n<link rel=\"canonical\" href=\"https:\/\/www.miomiorun.com\/de\/produkt\/lycan-gtx-damen\/\" \/>\n<meta property=\"og:locale\" content=\"de_DE\" \/>\n<meta property=\"og:type\" content=\"article\" \/>\n<meta property=\"og:title\" content=\"Lycan GTX damen - Damen-Trail-Schuhe MioMioRun .com\" \/>\n<meta property=\"og:description\" content=\"Trailrunning-Schuh, der sich dank des Stollenprofils perfekt f\u00fcr sichere L\u00e4ufe in den Wintermonaten eignet, auch auf eisigem oder verschneitem Terrain.\" \/>\n<meta property=\"og:url\" content=\"https:\/\/www.miomiorun.com\/de\/produkt\/lycan-gtx-damen\/\" \/>\n<meta property=\"og:site_name\" content=\"MioMioRun\" \/>\n<meta property=\"article:publisher\" content=\"https:\/\/www.facebook.com\/miomiorun\/\" \/>\n<meta property=\"article:modified_time\" content=\"2026-05-08T18:34:26+00:00\" \/>\n<meta property=\"og:image\" content=\"https:\/\/www.miomiorun.com\/app\/uploads\/2021\/09\/la-sportiva-lycan-GTX-36R632631.jpg\" \/>\n\t<meta property=\"og:image:width\" content=\"600\" \/>\n\t<meta property=\"og:image:height\" content=\"600\" \/>\n\t<meta property=\"og:image:type\" content=\"image\/jpeg\" \/>\n<meta name=\"twitter:card\" content=\"summary_large_image\" \/>\n<meta name=\"twitter:label1\" content=\"Est. reading time\" \/>\n\t<meta name=\"twitter:data1\" content=\"1 minute\" \/>\n<script type=\"application\/ld+json\" class=\"yoast-schema-graph\">{\"@context\":\"https:\/\/schema.org\",\"@graph\":[{\"@type\":\"WebPage\",\"@id\":\"https:\/\/www.miomiorun.com\/de\/produkt\/lycan-gtx-damen\/\",\"url\":\"https:\/\/www.miomiorun.com\/de\/produkt\/lycan-gtx-damen\/\",\"name\":\"Lycan GTX damen - Damen-Trail-Schuhe MioMioRun .com\",\"isPartOf\":{\"@id\":\"https:\/\/www.miomiorun.com\/de\/#website\"},\"primaryImageOfPage\":{\"@id\":\"https:\/\/www.miomiorun.com\/de\/produkt\/lycan-gtx-damen\/#primaryimage\"},\"image\":{\"@id\":\"https:\/\/www.miomiorun.com\/de\/produkt\/lycan-gtx-damen\/#primaryimage\"},\"thumbnailUrl\":\"https:\/\/www.miomiorun.com\/app\/uploads\/2021\/09\/la-sportiva-lycan-GTX-36R632631.jpg\",\"datePublished\":\"2020-02-27T18:25:56+00:00\",\"dateModified\":\"2026-05-08T18:34:26+00:00\",\"description\":\"Trailrunning-Schuh, der sich dank des Stollenprofils perfekt f\u00fcr sichere L\u00e4ufe in den Wintermonaten eignet, auch auf eisigem oder verschneitem Terrain.\",\"breadcrumb\":{\"@id\":\"https:\/\/www.miomiorun.com\/de\/produkt\/lycan-gtx-damen\/#breadcrumb\"},\"inLanguage\":\"de-DE\",\"potentialAction\":[{\"@type\":\"ReadAction\",\"target\":[\"https:\/\/www.miomiorun.com\/de\/produkt\/lycan-gtx-damen\/\"]}]},{\"@type\":\"ImageObject\",\"inLanguage\":\"de-DE\",\"@id\":\"https:\/\/www.miomiorun.com\/de\/produkt\/lycan-gtx-damen\/#primaryimage\",\"url\":\"https:\/\/www.miomiorun.com\/app\/uploads\/2021\/09\/la-sportiva-lycan-GTX-36R632631.jpg\",\"contentUrl\":\"https:\/\/www.miomiorun.com\/app\/uploads\/2021\/09\/la-sportiva-lycan-GTX-36R632631.jpg\",\"width\":600,\"height\":600,\"caption\":\"la-sportiva-lycan-GTX-36R632631-alta\"},{\"@type\":\"BreadcrumbList\",\"@id\":\"https:\/\/www.miomiorun.com\/de\/produkt\/lycan-gtx-damen\/#breadcrumb\",\"itemListElement\":[{\"@type\":\"ListItem\",\"position\":1,\"name\":\"Home\",\"item\":\"https:\/\/www.miomiorun.com\/de\/\"},{\"@type\":\"ListItem\",\"position\":2,\"name\":\"Shop\",\"item\":\"https:\/\/www.miomiorun.com\/shop\/\"},{\"@type\":\"ListItem\",\"position\":3,\"name\":\"Lycan GTX damen\"}]},{\"@type\":\"WebSite\",\"@id\":\"https:\/\/www.miomiorun.com\/de\/#website\",\"url\":\"https:\/\/www.miomiorun.com\/de\/\",\"name\":\"MioMioRun\",\"description\":\"100% Lauf- und Trailshop\",\"publisher\":{\"@id\":\"https:\/\/www.miomiorun.com\/de\/#organization\"},\"potentialAction\":[{\"@type\":\"SearchAction\",\"target\":{\"@type\":\"EntryPoint\",\"urlTemplate\":\"https:\/\/www.miomiorun.com\/de\/?s={search_term_string}\"},\"query-input\":{\"@type\":\"PropertyValueSpecification\",\"valueRequired\":true,\"valueName\":\"search_term_string\"}}],\"inLanguage\":\"de-DE\"},{\"@type\":\"Organization\",\"@id\":\"https:\/\/www.miomiorun.com\/de\/#organization\",\"name\":\"MioMio Run\",\"url\":\"https:\/\/www.miomiorun.com\/de\/\",\"logo\":{\"@type\":\"ImageObject\",\"inLanguage\":\"de-DE\",\"@id\":\"https:\/\/www.miomiorun.com\/de\/#\/schema\/logo\/image\/\",\"url\":\"https:\/\/www.miomiorun.com\/app\/uploads\/2019\/12\/logomio.png\",\"contentUrl\":\"https:\/\/www.miomiorun.com\/app\/uploads\/2019\/12\/logomio.png\",\"width\":115,\"height\":82,\"caption\":\"MioMio Run\"},\"image\":{\"@id\":\"https:\/\/www.miomiorun.com\/de\/#\/schema\/logo\/image\/\"},\"sameAs\":[\"https:\/\/www.facebook.com\/miomiorun\/\",\"https:\/\/www.instagram.com\/miomiorun\/\"]}]}<\/script>\n<!-- \/ Yoast SEO plugin. -->","yoast_head_json":{"title":"Lycan GTX damen - Damen-Trail-Schuhe MioMioRun .com","description":"Trailrunning-Schuh, der sich dank des Stollenprofils perfekt f\u00fcr sichere L\u00e4ufe in den Wintermonaten eignet, auch auf eisigem oder verschneitem Terrain.","robots":{"index":"index","follow":"follow","max-snippet":"max-snippet:-1","max-image-preview":"max-image-preview:large","max-video-preview":"max-video-preview:-1"},"canonical":"https:\/\/www.miomiorun.com\/de\/produkt\/lycan-gtx-damen\/","og_locale":"de_DE","og_type":"article","og_title":"Lycan GTX damen - Damen-Trail-Schuhe MioMioRun .com","og_description":"Trailrunning-Schuh, der sich dank des Stollenprofils perfekt f\u00fcr sichere L\u00e4ufe in den Wintermonaten eignet, auch auf eisigem oder verschneitem Terrain.","og_url":"https:\/\/www.miomiorun.com\/de\/produkt\/lycan-gtx-damen\/","og_site_name":"MioMioRun","article_publisher":"https:\/\/www.facebook.com\/miomiorun\/","article_modified_time":"2026-05-08T18:34:26+00:00","og_image":[{"width":600,"height":600,"url":"https:\/\/www.miomiorun.com\/app\/uploads\/2021\/09\/la-sportiva-lycan-GTX-36R632631.jpg","type":"image\/jpeg"}],"twitter_card":"summary_large_image","twitter_misc":{"Est. reading time":"1 minute"},"schema":{"@context":"https:\/\/schema.org","@graph":[{"@type":"WebPage","@id":"https:\/\/www.miomiorun.com\/de\/produkt\/lycan-gtx-damen\/","url":"https:\/\/www.miomiorun.com\/de\/produkt\/lycan-gtx-damen\/","name":"Lycan GTX damen - Damen-Trail-Schuhe MioMioRun .com","isPartOf":{"@id":"https:\/\/www.miomiorun.com\/de\/#website"},"primaryImageOfPage":{"@id":"https:\/\/www.miomiorun.com\/de\/produkt\/lycan-gtx-damen\/#primaryimage"},"image":{"@id":"https:\/\/www.miomiorun.com\/de\/produkt\/lycan-gtx-damen\/#primaryimage"},"thumbnailUrl":"https:\/\/www.miomiorun.com\/app\/uploads\/2021\/09\/la-sportiva-lycan-GTX-36R632631.jpg","datePublished":"2020-02-27T18:25:56+00:00","dateModified":"2026-05-08T18:34:26+00:00","description":"Trailrunning-Schuh, der sich dank des Stollenprofils perfekt f\u00fcr sichere L\u00e4ufe in den Wintermonaten eignet, auch auf eisigem oder verschneitem Terrain.","breadcrumb":{"@id":"https:\/\/www.miomiorun.com\/de\/produkt\/lycan-gtx-damen\/#breadcrumb"},"inLanguage":"de-DE","potentialAction":[{"@type":"ReadAction","target":["https:\/\/www.miomiorun.com\/de\/produkt\/lycan-gtx-damen\/"]}]},{"@type":"ImageObject","inLanguage":"de-DE","@id":"https:\/\/www.miomiorun.com\/de\/produkt\/lycan-gtx-damen\/#primaryimage","url":"https:\/\/www.miomiorun.com\/app\/uploads\/2021\/09\/la-sportiva-lycan-GTX-36R632631.jpg","contentUrl":"https:\/\/www.miomiorun.com\/app\/uploads\/2021\/09\/la-sportiva-lycan-GTX-36R632631.jpg","width":600,"height":600,"caption":"la-sportiva-lycan-GTX-36R632631-alta"},{"@type":"BreadcrumbList","@id":"https:\/\/www.miomiorun.com\/de\/produkt\/lycan-gtx-damen\/#breadcrumb","itemListElement":[{"@type":"ListItem","position":1,"name":"Home","item":"https:\/\/www.miomiorun.com\/de\/"},{"@type":"ListItem","position":2,"name":"Shop","item":"https:\/\/www.miomiorun.com\/shop\/"},{"@type":"ListItem","position":3,"name":"Lycan GTX damen"}]},{"@type":"WebSite","@id":"https:\/\/www.miomiorun.com\/de\/#website","url":"https:\/\/www.miomiorun.com\/de\/","name":"MioMioRun","description":"100% Lauf- und Trailshop","publisher":{"@id":"https:\/\/www.miomiorun.com\/de\/#organization"},"potentialAction":[{"@type":"SearchAction","target":{"@type":"EntryPoint","urlTemplate":"https:\/\/www.miomiorun.com\/de\/?s={search_term_string}"},"query-input":{"@type":"PropertyValueSpecification","valueRequired":true,"valueName":"search_term_string"}}],"inLanguage":"de-DE"},{"@type":"Organization","@id":"https:\/\/www.miomiorun.com\/de\/#organization","name":"MioMio Run","url":"https:\/\/www.miomiorun.com\/de\/","logo":{"@type":"ImageObject","inLanguage":"de-DE","@id":"https:\/\/www.miomiorun.com\/de\/#\/schema\/logo\/image\/","url":"https:\/\/www.miomiorun.com\/app\/uploads\/2019\/12\/logomio.png","contentUrl":"https:\/\/www.miomiorun.com\/app\/uploads\/2019\/12\/logomio.png","width":115,"height":82,"caption":"MioMio Run"},"image":{"@id":"https:\/\/www.miomiorun.com\/de\/#\/schema\/logo\/image\/"},"sameAs":["https:\/\/www.facebook.com\/miomiorun\/","https:\/\/www.instagram.com\/miomiorun\/"]}]}},"_links":{"self":[{"href":"https:\/\/www.miomiorun.com\/de\/wp-json\/wp\/v2\/product\/80537","targetHints":{"allow":["GET"]}}],"collection":[{"href":"https:\/\/www.miomiorun.com\/de\/wp-json\/wp\/v2\/product"}],"about":[{"href":"https:\/\/www.miomiorun.com\/de\/wp-json\/wp\/v2\/types\/product"}],"wp:featuredmedia":[{"embeddable":true,"href":"https:\/\/www.miomiorun.com\/de\/wp-json\/wp\/v2\/media\/58400"}],"wp:attachment":[{"href":"https:\/\/www.miomiorun.com\/de\/wp-json\/wp\/v2\/media?parent=80537"}],"wp:term":[{"taxonomy":"product_brand","embeddable":true,"href":"https:\/\/www.miomiorun.com\/de\/wp-json\/wp\/v2\/product_brand?post=80537"},{"taxonomy":"product_cat","embeddable":true,"href":"https:\/\/www.miomiorun.com\/de\/wp-json\/wp\/v2\/product_cat?post=80537"},{"taxonomy":"product_tag","embeddable":true,"href":"https:\/\/www.miomiorun.com\/de\/wp-json\/wp\/v2\/product_tag?post=80537"}],"curies":[{"name":"wp","href":"https:\/\/api.w.org\/{rel}","templated":true}]}}