{"id":80533,"date":"2020-05-21T16:30:49","date_gmt":"2020-05-21T14:30:49","guid":{"rendered":"https:\/\/miomiorun.com\/prodotto\/la-sportiva-mutant-donna\/"},"modified":"2026-05-08T20:41:35","modified_gmt":"2026-05-08T18:41:35","slug":"mutant-damen","status":"publish","type":"product","link":"https:\/\/www.miomiorun.com\/de\/produkt\/mutant-damen\/","title":{"rendered":"Mutant damen"},"content":{"rendered":"<div class=\"vc-row container\"><div class=\"vc-column\"><div class=\"vc-column-text\"><\/p>\n<p><strong>Technische Daten<\/strong><\/p>\n<p>Kategorie: Top-D\u00e4mpfung<br \/>\nVersatz: 10 mm<br \/>\nGewicht: 600 g<br \/>\nIdeal f\u00fcr: L\u00e4ufer und Bergwanderer, die ein transversales Modell suchen, das sowohl auf langen als auch auf mittleren Strecken Traktion, Schutz und eine bequeme Passform bietet.<br \/>\nGewicht des Athleten: 60-70 kg<br \/>\nLauftempo: mittel-langsam (\u00fcber 5,00 min\/km)<br \/>\n<a href=\"https:\/\/miomiorun.com\/de\/leitfaden-fuer-technische-spezifikationen\/\">Leitfaden f\u00fcr technische Spezifikationen<\/a><\/p>\n<p><\/div><\/div><div class=\"vc-column\"><div class=\"vc-column-text\">Der sportliche <strong>Mutant<\/strong> f\u00fcr Damen ist ein sehr stabiler und vielseitiger Trailrunning-Schuh, der sich perfekt f\u00fcr Bergl\u00e4ufe, Skyraces und Offroad-Trails auf unterschiedlichem Terrain eignet.<br \/>\nDie extrem griffige Sohle erm\u00f6glicht es dem Schuh, mit rutschigem Untergrund zurechtzukommen und dank der ausgepr\u00e4gten Stollen auch auf weichem und schlammigem Terrain Halt zu finden. Das SpyralTongue\u2122-Verschlusssystem kombiniert die Vorteile des schnellen Anziehens eines Schuhs mit traditioneller Zungenkonstruktion mit den Schutzvorteilen einer Gamaschenkonstruktion, die das Eindringen von Steinen und Schlamm w\u00e4hrend des Laufs verhindert. Das Schn\u00fcrsystem ist dank der FusionGate\u2122-Technologie mit Hochfrequenz-Verst\u00e4rkungen durch Verschmelzung in die Zehenstruktur integriert: Diese L\u00f6sung erm\u00f6glicht die Anpassung des Volumens und des Haftungsniveaus des Schuhs an den Fu\u00df f\u00fcr eine pr\u00e4zise und stabile Fahrt, auch bei Traversen. Ein Konzentrat von technischen L\u00f6sungen, die die Art und Weise, wie man im Gel\u00e4nde f\u00e4hrt, weiterentwickeln: das ist Mutant!<\/p>\n<p><strong>Oben:<\/strong><br \/>\nAtmungsaktives, abriebfestes Netzmaterial + integrierte Gamasche<br \/>\n<strong>Auskleidung:<\/strong><br \/>\nAnti-Rutsch-Netz<br \/>\n<strong>Zwischensohle:<\/strong><br \/>\nMEMlex eva Injektion mit Stabilisatoreinsatz<br \/>\n<strong>Fu\u00dfbett:<\/strong><br \/>\nOrtholite Berglauf Ergonomisch 4mm<br \/>\n<strong>Laufsohle:<\/strong><br \/>\nFriXion XF extrem griffige Mischung<\/div><\/div><\/div>\n","protected":false},"excerpt":{"rendered":"","protected":false},"featured_media":127176,"template":"","meta":{"_acf_changed":false,"inline_featured_image":false},"product_brand":[],"product_cat":[6474,6491],"product_tag":[6248,6220],"class_list":{"0":"post-80533","1":"product","2":"type-product","3":"status-publish","4":"has-post-thumbnail","6":"product_cat-damenschuhe","7":"product_cat-damentrailschuhe","8":"product_tag-la-sportiva-de","9":"product_tag-la-sportiva-damen-de","10":"pa_attivita-outdoor-de","11":"pa_attivita-trail-de","12":"pa_colore-mutant-w-black-malibu-blue-de","13":"pa_colore-mutant-w-storm-blue-cherry-tomato-de","14":"pa_colore-mutant-w-white-hibiscus-de","15":"pa_colore-mutant-w-opal-aqua-de","16":"pa_marca-la-sportiva-de","17":"pa_sesso-damen","18":"pa_size-37-5-de","19":"pa_size-38-de","20":"pa_size-38-5-de","21":"pa_size-39-de","22":"pa_size-39-5-de","23":"pa_size-40-de","24":"pa_size-40-5-de","25":"pa_size-41-de","26":"pa_size-42-de","28":"first","29":"instock","30":"sale","31":"taxable","32":"shipping-taxable","33":"purchasable","34":"product-type-variable","35":"wvs-archive-product-wrapper"},"acf":[],"yoast_head":"<!-- This site is optimized with the Yoast SEO plugin v26.8 - https:\/\/yoast.com\/product\/yoast-seo-wordpress\/ -->\n<title>La sportiva Mutant damen -Damen-Trail-Schuhe- MioMioRun .com<\/title>\n<meta name=\"description\" content=\"Entdecken Sie den La Sportiva Mutant f\u00fcr Damen, einen sehr stabilen und vielseitigen Trailrunning-Schuh, der sich perfekt f\u00fcr L\u00e4ufe.\" \/>\n<meta name=\"robots\" content=\"index, follow, max-snippet:-1, max-image-preview:large, max-video-preview:-1\" \/>\n<link rel=\"canonical\" href=\"https:\/\/www.miomiorun.com\/de\/produkt\/mutant-damen\/\" \/>\n<meta property=\"og:locale\" content=\"de_DE\" \/>\n<meta property=\"og:type\" content=\"article\" \/>\n<meta property=\"og:title\" content=\"La sportiva Mutant damen -Damen-Trail-Schuhe- MioMioRun .com\" \/>\n<meta property=\"og:description\" content=\"Entdecken Sie den La Sportiva Mutant f\u00fcr Damen, einen sehr stabilen und vielseitigen Trailrunning-Schuh, der sich perfekt f\u00fcr L\u00e4ufe.\" \/>\n<meta property=\"og:url\" content=\"https:\/\/www.miomiorun.com\/de\/produkt\/mutant-damen\/\" \/>\n<meta property=\"og:site_name\" content=\"MioMioRun\" \/>\n<meta property=\"article:publisher\" content=\"https:\/\/www.facebook.com\/miomiorun\/\" \/>\n<meta property=\"article:modified_time\" content=\"2026-05-08T18:41:35+00:00\" \/>\n<meta property=\"og:image\" content=\"https:\/\/www.miomiorun.com\/app\/uploads\/2023\/06\/la-sportiva-mutant-W-storm-blue-cherry-tomato-56G639322.jpg\" \/>\n\t<meta property=\"og:image:width\" content=\"600\" \/>\n\t<meta property=\"og:image:height\" content=\"600\" \/>\n\t<meta property=\"og:image:type\" content=\"image\/jpeg\" \/>\n<meta name=\"twitter:card\" content=\"summary_large_image\" \/>\n<meta name=\"twitter:label1\" content=\"Est. reading time\" \/>\n\t<meta name=\"twitter:data1\" content=\"1 minute\" \/>\n<script type=\"application\/ld+json\" class=\"yoast-schema-graph\">{\"@context\":\"https:\/\/schema.org\",\"@graph\":[{\"@type\":\"WebPage\",\"@id\":\"https:\/\/www.miomiorun.com\/de\/produkt\/mutant-damen\/\",\"url\":\"https:\/\/www.miomiorun.com\/de\/produkt\/mutant-damen\/\",\"name\":\"La sportiva Mutant damen -Damen-Trail-Schuhe- MioMioRun .com\",\"isPartOf\":{\"@id\":\"https:\/\/www.miomiorun.com\/de\/#website\"},\"primaryImageOfPage\":{\"@id\":\"https:\/\/www.miomiorun.com\/de\/produkt\/mutant-damen\/#primaryimage\"},\"image\":{\"@id\":\"https:\/\/www.miomiorun.com\/de\/produkt\/mutant-damen\/#primaryimage\"},\"thumbnailUrl\":\"https:\/\/www.miomiorun.com\/app\/uploads\/2023\/06\/la-sportiva-mutant-W-storm-blue-cherry-tomato-56G639322.jpg\",\"datePublished\":\"2020-05-21T14:30:49+00:00\",\"dateModified\":\"2026-05-08T18:41:35+00:00\",\"description\":\"Entdecken Sie den La Sportiva Mutant f\u00fcr Damen, einen sehr stabilen und vielseitigen Trailrunning-Schuh, der sich perfekt f\u00fcr L\u00e4ufe.\",\"breadcrumb\":{\"@id\":\"https:\/\/www.miomiorun.com\/de\/produkt\/mutant-damen\/#breadcrumb\"},\"inLanguage\":\"de-DE\",\"potentialAction\":[{\"@type\":\"ReadAction\",\"target\":[\"https:\/\/www.miomiorun.com\/de\/produkt\/mutant-damen\/\"]}]},{\"@type\":\"ImageObject\",\"inLanguage\":\"de-DE\",\"@id\":\"https:\/\/www.miomiorun.com\/de\/produkt\/mutant-damen\/#primaryimage\",\"url\":\"https:\/\/www.miomiorun.com\/app\/uploads\/2023\/06\/la-sportiva-mutant-W-storm-blue-cherry-tomato-56G639322.jpg\",\"contentUrl\":\"https:\/\/www.miomiorun.com\/app\/uploads\/2023\/06\/la-sportiva-mutant-W-storm-blue-cherry-tomato-56G639322.jpg\",\"width\":600,\"height\":600,\"caption\":\"la-sportiva-mutant-W-storm-blue-cherry-tomato-56G639322\"},{\"@type\":\"BreadcrumbList\",\"@id\":\"https:\/\/www.miomiorun.com\/de\/produkt\/mutant-damen\/#breadcrumb\",\"itemListElement\":[{\"@type\":\"ListItem\",\"position\":1,\"name\":\"Home\",\"item\":\"https:\/\/www.miomiorun.com\/de\/\"},{\"@type\":\"ListItem\",\"position\":2,\"name\":\"Shop\",\"item\":\"https:\/\/www.miomiorun.com\/shop\/\"},{\"@type\":\"ListItem\",\"position\":3,\"name\":\"Mutant damen\"}]},{\"@type\":\"WebSite\",\"@id\":\"https:\/\/www.miomiorun.com\/de\/#website\",\"url\":\"https:\/\/www.miomiorun.com\/de\/\",\"name\":\"MioMioRun\",\"description\":\"100% Lauf- und Trailshop\",\"publisher\":{\"@id\":\"https:\/\/www.miomiorun.com\/de\/#organization\"},\"potentialAction\":[{\"@type\":\"SearchAction\",\"target\":{\"@type\":\"EntryPoint\",\"urlTemplate\":\"https:\/\/www.miomiorun.com\/de\/?s={search_term_string}\"},\"query-input\":{\"@type\":\"PropertyValueSpecification\",\"valueRequired\":true,\"valueName\":\"search_term_string\"}}],\"inLanguage\":\"de-DE\"},{\"@type\":\"Organization\",\"@id\":\"https:\/\/www.miomiorun.com\/de\/#organization\",\"name\":\"MioMio Run\",\"url\":\"https:\/\/www.miomiorun.com\/de\/\",\"logo\":{\"@type\":\"ImageObject\",\"inLanguage\":\"de-DE\",\"@id\":\"https:\/\/www.miomiorun.com\/de\/#\/schema\/logo\/image\/\",\"url\":\"https:\/\/www.miomiorun.com\/app\/uploads\/2019\/12\/logomio.png\",\"contentUrl\":\"https:\/\/www.miomiorun.com\/app\/uploads\/2019\/12\/logomio.png\",\"width\":115,\"height\":82,\"caption\":\"MioMio Run\"},\"image\":{\"@id\":\"https:\/\/www.miomiorun.com\/de\/#\/schema\/logo\/image\/\"},\"sameAs\":[\"https:\/\/www.facebook.com\/miomiorun\/\",\"https:\/\/www.instagram.com\/miomiorun\/\"]}]}<\/script>\n<!-- \/ Yoast SEO plugin. -->","yoast_head_json":{"title":"La sportiva Mutant damen -Damen-Trail-Schuhe- MioMioRun .com","description":"Entdecken Sie den La Sportiva Mutant f\u00fcr Damen, einen sehr stabilen und vielseitigen Trailrunning-Schuh, der sich perfekt f\u00fcr L\u00e4ufe.","robots":{"index":"index","follow":"follow","max-snippet":"max-snippet:-1","max-image-preview":"max-image-preview:large","max-video-preview":"max-video-preview:-1"},"canonical":"https:\/\/www.miomiorun.com\/de\/produkt\/mutant-damen\/","og_locale":"de_DE","og_type":"article","og_title":"La sportiva Mutant damen -Damen-Trail-Schuhe- MioMioRun .com","og_description":"Entdecken Sie den La Sportiva Mutant f\u00fcr Damen, einen sehr stabilen und vielseitigen Trailrunning-Schuh, der sich perfekt f\u00fcr L\u00e4ufe.","og_url":"https:\/\/www.miomiorun.com\/de\/produkt\/mutant-damen\/","og_site_name":"MioMioRun","article_publisher":"https:\/\/www.facebook.com\/miomiorun\/","article_modified_time":"2026-05-08T18:41:35+00:00","og_image":[{"width":600,"height":600,"url":"https:\/\/www.miomiorun.com\/app\/uploads\/2023\/06\/la-sportiva-mutant-W-storm-blue-cherry-tomato-56G639322.jpg","type":"image\/jpeg"}],"twitter_card":"summary_large_image","twitter_misc":{"Est. reading time":"1 minute"},"schema":{"@context":"https:\/\/schema.org","@graph":[{"@type":"WebPage","@id":"https:\/\/www.miomiorun.com\/de\/produkt\/mutant-damen\/","url":"https:\/\/www.miomiorun.com\/de\/produkt\/mutant-damen\/","name":"La sportiva Mutant damen -Damen-Trail-Schuhe- MioMioRun .com","isPartOf":{"@id":"https:\/\/www.miomiorun.com\/de\/#website"},"primaryImageOfPage":{"@id":"https:\/\/www.miomiorun.com\/de\/produkt\/mutant-damen\/#primaryimage"},"image":{"@id":"https:\/\/www.miomiorun.com\/de\/produkt\/mutant-damen\/#primaryimage"},"thumbnailUrl":"https:\/\/www.miomiorun.com\/app\/uploads\/2023\/06\/la-sportiva-mutant-W-storm-blue-cherry-tomato-56G639322.jpg","datePublished":"2020-05-21T14:30:49+00:00","dateModified":"2026-05-08T18:41:35+00:00","description":"Entdecken Sie den La Sportiva Mutant f\u00fcr Damen, einen sehr stabilen und vielseitigen Trailrunning-Schuh, der sich perfekt f\u00fcr L\u00e4ufe.","breadcrumb":{"@id":"https:\/\/www.miomiorun.com\/de\/produkt\/mutant-damen\/#breadcrumb"},"inLanguage":"de-DE","potentialAction":[{"@type":"ReadAction","target":["https:\/\/www.miomiorun.com\/de\/produkt\/mutant-damen\/"]}]},{"@type":"ImageObject","inLanguage":"de-DE","@id":"https:\/\/www.miomiorun.com\/de\/produkt\/mutant-damen\/#primaryimage","url":"https:\/\/www.miomiorun.com\/app\/uploads\/2023\/06\/la-sportiva-mutant-W-storm-blue-cherry-tomato-56G639322.jpg","contentUrl":"https:\/\/www.miomiorun.com\/app\/uploads\/2023\/06\/la-sportiva-mutant-W-storm-blue-cherry-tomato-56G639322.jpg","width":600,"height":600,"caption":"la-sportiva-mutant-W-storm-blue-cherry-tomato-56G639322"},{"@type":"BreadcrumbList","@id":"https:\/\/www.miomiorun.com\/de\/produkt\/mutant-damen\/#breadcrumb","itemListElement":[{"@type":"ListItem","position":1,"name":"Home","item":"https:\/\/www.miomiorun.com\/de\/"},{"@type":"ListItem","position":2,"name":"Shop","item":"https:\/\/www.miomiorun.com\/shop\/"},{"@type":"ListItem","position":3,"name":"Mutant damen"}]},{"@type":"WebSite","@id":"https:\/\/www.miomiorun.com\/de\/#website","url":"https:\/\/www.miomiorun.com\/de\/","name":"MioMioRun","description":"100% Lauf- und Trailshop","publisher":{"@id":"https:\/\/www.miomiorun.com\/de\/#organization"},"potentialAction":[{"@type":"SearchAction","target":{"@type":"EntryPoint","urlTemplate":"https:\/\/www.miomiorun.com\/de\/?s={search_term_string}"},"query-input":{"@type":"PropertyValueSpecification","valueRequired":true,"valueName":"search_term_string"}}],"inLanguage":"de-DE"},{"@type":"Organization","@id":"https:\/\/www.miomiorun.com\/de\/#organization","name":"MioMio Run","url":"https:\/\/www.miomiorun.com\/de\/","logo":{"@type":"ImageObject","inLanguage":"de-DE","@id":"https:\/\/www.miomiorun.com\/de\/#\/schema\/logo\/image\/","url":"https:\/\/www.miomiorun.com\/app\/uploads\/2019\/12\/logomio.png","contentUrl":"https:\/\/www.miomiorun.com\/app\/uploads\/2019\/12\/logomio.png","width":115,"height":82,"caption":"MioMio Run"},"image":{"@id":"https:\/\/www.miomiorun.com\/de\/#\/schema\/logo\/image\/"},"sameAs":["https:\/\/www.facebook.com\/miomiorun\/","https:\/\/www.instagram.com\/miomiorun\/"]}]}},"_links":{"self":[{"href":"https:\/\/www.miomiorun.com\/de\/wp-json\/wp\/v2\/product\/80533","targetHints":{"allow":["GET"]}}],"collection":[{"href":"https:\/\/www.miomiorun.com\/de\/wp-json\/wp\/v2\/product"}],"about":[{"href":"https:\/\/www.miomiorun.com\/de\/wp-json\/wp\/v2\/types\/product"}],"wp:featuredmedia":[{"embeddable":true,"href":"https:\/\/www.miomiorun.com\/de\/wp-json\/wp\/v2\/media\/127176"}],"wp:attachment":[{"href":"https:\/\/www.miomiorun.com\/de\/wp-json\/wp\/v2\/media?parent=80533"}],"wp:term":[{"taxonomy":"product_brand","embeddable":true,"href":"https:\/\/www.miomiorun.com\/de\/wp-json\/wp\/v2\/product_brand?post=80533"},{"taxonomy":"product_cat","embeddable":true,"href":"https:\/\/www.miomiorun.com\/de\/wp-json\/wp\/v2\/product_cat?post=80533"},{"taxonomy":"product_tag","embeddable":true,"href":"https:\/\/www.miomiorun.com\/de\/wp-json\/wp\/v2\/product_tag?post=80533"}],"curies":[{"name":"wp","href":"https:\/\/api.w.org\/{rel}","templated":true}]}}