{"id":80530,"date":"2020-05-23T10:46:08","date_gmt":"2020-05-23T08:46:08","guid":{"rendered":"https:\/\/miomiorun.com\/prodotto\/la-sportiva-helios-iii-uomo\/"},"modified":"2026-02-16T10:45:28","modified_gmt":"2026-02-16T09:45:28","slug":"helios-iii-herren","status":"publish","type":"product","link":"https:\/\/www.miomiorun.com\/de\/produkt\/helios-iii-herren\/","title":{"rendered":"Helios III herren"},"content":{"rendered":"<div class=\"vc-row container\"><div class=\"vc-column\"><div class=\"vc-column-text\"><\/p>\n<p><strong>Technische Daten<\/strong><\/p>\n<p>Kategorie: Mittlere D\u00e4mpfung<br \/>\nVersatz: 4 mm<br \/>\nGewicht: 219 g<br \/>\nIdeal f\u00fcr: Liebhaber des Berglaufs, aber auch des einfachen Laufs oder Spaziergangs auf unbefestigtem Terrain, die einen leichten und geschmeidigen Schuh suchen, der bei Bedarf auch reaktiv ist.<br \/>\nGewicht des Athleten: 60-70 kg<br \/>\nLauftempo: vielseitig (4,30-6 min\/km)<br \/>\n<a href=\"https:\/\/miomiorun.com\/de\/leitfaden-fuer-technische-spezifikationen\/\">Leitfaden f\u00fcr technische Spezifikationen<\/a><\/p>\n<p><\/div><\/div><div class=\"vc-column\"><div class=\"vc-column-text\">Der <strong>Helios III<\/strong> ist der &#8220;Door to Trail&#8221;-Schuh, der f\u00fcr Training und Rennen auf hartem Offroad-Gel\u00e4nde entwickelt wurde. Es handelt sich um ein Atlheisure-Produkt mit einem leichten und atmungsaktiven Obermaterial aus einer einzigartigen und w\u00e4rmeaktivierten Kombination aus Ripstop-Gewebe, monofilem Mesh, Sandwich-Mesh und verst\u00e4rktem <strong>TPU<\/strong>.<\/p>\n<p>Die Passform ist extrem bequem und eng anliegend, abgeleitet vom Modell Helios SR. Das Vorhandensein des Konters an der Ferse verhindert Quetschungen beim Anziehen, w\u00e4hrend der weiche, umlaufende Kragen mit <strong>3D Foam-Polstern<\/strong> perfekten Tragekomfort garantiert. Die Lauffl\u00e4che besteht aus der \u00e4u\u00dferst widerstandsf\u00e4higen FriXion Blu-Mischung: perfekt f\u00fcr den Einsatz auf hartem und felsigem Terrain.<\/p>\n<p>Die thermogeformte Zehenkappe tr\u00e4gt zur Leichtigkeit des Produkts bei und sch\u00fctzt gleichzeitig vor einem Frontalaufprall. Die spritzgegossene <strong>EVA-Zwischensohle<\/strong> mit MorphoDynamic-Technologie sorgt f\u00fcr die hohe D\u00e4mpfung, die f\u00fcr das Modell Helios seit seinem Deb\u00fct auf dem Markt typisch ist, w\u00e4hrend die Einlage Cushoning Platform die D\u00e4mpfungseigenschaften und den Gesamtkomfort verbessert. Helios III: Zeit zum Fliegen, mal wieder.<\/p>\n<p><strong>Funktionen :<\/strong><\/p>\n<p>+ Technische\/\u00e4sthetische Aktualisierung des Helios II unter Beibehaltung des Fokus auf Leichtigkeit, Atmungsaktivit\u00e4t und Komfort<br \/>\n+ Bequeme und bequeme Passform, abgeleitet vom Modell Helios SR<br \/>\n+ Rundum-Kragen mit Maxi-Comfort 3D-Schaumstoff-Polstern<br \/>\n+ \u00c4u\u00dferst widerstandsf\u00e4hige FriXion\u00ae Blue-Lauffl\u00e4chenmischung<br \/>\n+ Traditionelles Schn\u00fcrsystem f\u00fcr perfekte Volumenanpassung<br \/>\n+ Thermogeformte Zehenkappe f\u00fcr maximale Leichtigkeit und Volumeneind\u00e4mmung<br \/>\n+ Zwischensohle mit Morpho-Dynamic-Konstruktion f\u00fcr maximale D\u00e4mpfung<br \/>\n+ Cushoning EVA-Plattform-Einlage f\u00fcr erh\u00f6hte D\u00e4mpfung<\/p>\n<p><strong>Oben:<\/strong><br \/>\nMono-Bava-Mesh + Rip-Stop-Gewebe + Sandwich-Mesh + TPU-Verst\u00e4rkungen<br \/>\n<strong>Auskleidung:<\/strong><br \/>\nRutschfestes Mesh<br \/>\n<strong>Zwischensohle:<\/strong><br \/>\nMEMElex EVA Injektion und Cushoning Plattform Einlage<br \/>\n<strong>Laufsohle:<\/strong><br \/>\nFriXion\u00ae Blue mit Aufprallbremssystem<br \/>\n<strong>Fu\u00dfbett:<\/strong><br \/>\nOrtholite\u00ae Berglauf Ergonomisch 4 mm<\/div><\/div><\/div>\n","protected":false},"excerpt":{"rendered":"<p>+ Technische\/\u00e4sthetische Aktualisierung des Helios II unter Beibehaltung des Fokus auf Leichtigkeit, Atmungsaktivit\u00e4t und Komfort<br \/>\n+ Bequeme und bequeme Passform, abgeleitet vom Modell Helios SR<br \/>\n+ Rundum-Kragen mit Maxi-Comfort 3D-Schaumstoff-Polstern<\/p>\n","protected":false},"featured_media":127839,"template":"","meta":{"_acf_changed":false,"inline_featured_image":false},"product_brand":[],"product_cat":[6507,6504],"product_tag":[6248,6218],"class_list":{"0":"post-80530","1":"product","2":"type-product","3":"status-publish","4":"has-post-thumbnail","6":"product_cat-herren-schuhe-de","7":"product_cat-trail","8":"product_tag-la-sportiva-de","9":"product_tag-la-sportiva-herren-de","10":"pa_attivita-gehen","11":"pa_attivita-outdoor-de","12":"pa_attivita-trail-de","13":"pa_colore-helios-iii-chalk-cypress-de","14":"pa_colore-helios-iii-cherry-tomato-tropic-blue-de","15":"pa_colore-helios-iii-hurricane-chalk-de","16":"pa_colore-helios-iii-yellow-black-de","17":"pa_marca-la-sportiva-de","18":"pa_sesso-herren","19":"pa_size-41-de","20":"pa_size-41-5-de","21":"pa_size-42-de","22":"pa_size-42-5-de","23":"pa_size-43-de","24":"pa_size-43-5-de","25":"pa_size-44-de","26":"pa_size-44-5-de","27":"pa_size-45-de","28":"pa_size-45-5-de","30":"first","31":"instock","32":"sale","33":"taxable","34":"shipping-taxable","35":"purchasable","36":"product-type-variable","37":"wvs-archive-product-wrapper"},"acf":[],"yoast_head":"<!-- This site is optimized with the Yoast SEO plugin v26.8 - https:\/\/yoast.com\/product\/yoast-seo-wordpress\/ -->\n<title>Helios III herren - Herren-Trail-Schuhe MioMioRun .com<\/title>\n<meta name=\"description\" content=\"Der Helios III fur Herren ist der &quot;Door to Trail&quot;-Schuh, der f\u00fcr Training und Rennen auf hartem Offroad-Gel\u00e4nde entwickelt wurde.\" \/>\n<meta name=\"robots\" content=\"index, follow, max-snippet:-1, max-image-preview:large, max-video-preview:-1\" \/>\n<link rel=\"canonical\" href=\"https:\/\/www.miomiorun.com\/de\/produkt\/helios-iii-herren\/\" \/>\n<meta property=\"og:locale\" content=\"de_DE\" \/>\n<meta property=\"og:type\" content=\"article\" \/>\n<meta property=\"og:title\" content=\"Helios III herren - Herren-Trail-Schuhe MioMioRun .com\" \/>\n<meta property=\"og:description\" content=\"Der Helios III fur Herren ist der &quot;Door to Trail&quot;-Schuh, der f\u00fcr Training und Rennen auf hartem Offroad-Gel\u00e4nde entwickelt wurde.\" \/>\n<meta property=\"og:url\" content=\"https:\/\/www.miomiorun.com\/de\/produkt\/helios-iii-herren\/\" \/>\n<meta property=\"og:site_name\" content=\"MioMioRun\" \/>\n<meta property=\"article:publisher\" content=\"https:\/\/www.facebook.com\/miomiorun\/\" \/>\n<meta property=\"article:modified_time\" content=\"2026-02-16T09:45:28+00:00\" \/>\n<meta property=\"og:image\" content=\"https:\/\/www.miomiorun.com\/app\/uploads\/2023\/06\/la-sportiva-helios-III-metal-electric-blue-46D917634.jpg\" \/>\n\t<meta property=\"og:image:width\" content=\"600\" \/>\n\t<meta property=\"og:image:height\" content=\"600\" \/>\n\t<meta property=\"og:image:type\" content=\"image\/jpeg\" \/>\n<meta name=\"twitter:card\" content=\"summary_large_image\" \/>\n<meta name=\"twitter:label1\" content=\"Est. reading time\" \/>\n\t<meta name=\"twitter:data1\" content=\"2 minutes\" \/>\n<script type=\"application\/ld+json\" class=\"yoast-schema-graph\">{\"@context\":\"https:\/\/schema.org\",\"@graph\":[{\"@type\":\"WebPage\",\"@id\":\"https:\/\/www.miomiorun.com\/de\/produkt\/helios-iii-herren\/\",\"url\":\"https:\/\/www.miomiorun.com\/de\/produkt\/helios-iii-herren\/\",\"name\":\"Helios III herren - Herren-Trail-Schuhe MioMioRun .com\",\"isPartOf\":{\"@id\":\"https:\/\/www.miomiorun.com\/de\/#website\"},\"primaryImageOfPage\":{\"@id\":\"https:\/\/www.miomiorun.com\/de\/produkt\/helios-iii-herren\/#primaryimage\"},\"image\":{\"@id\":\"https:\/\/www.miomiorun.com\/de\/produkt\/helios-iii-herren\/#primaryimage\"},\"thumbnailUrl\":\"https:\/\/www.miomiorun.com\/app\/uploads\/2023\/06\/la-sportiva-helios-III-metal-electric-blue-46D917634.jpg\",\"datePublished\":\"2020-05-23T08:46:08+00:00\",\"dateModified\":\"2026-02-16T09:45:28+00:00\",\"description\":\"Der Helios III fur Herren ist der \\\"Door to Trail\\\"-Schuh, der f\u00fcr Training und Rennen auf hartem Offroad-Gel\u00e4nde entwickelt wurde.\",\"breadcrumb\":{\"@id\":\"https:\/\/www.miomiorun.com\/de\/produkt\/helios-iii-herren\/#breadcrumb\"},\"inLanguage\":\"de-DE\",\"potentialAction\":[{\"@type\":\"ReadAction\",\"target\":[\"https:\/\/www.miomiorun.com\/de\/produkt\/helios-iii-herren\/\"]}]},{\"@type\":\"ImageObject\",\"inLanguage\":\"de-DE\",\"@id\":\"https:\/\/www.miomiorun.com\/de\/produkt\/helios-iii-herren\/#primaryimage\",\"url\":\"https:\/\/www.miomiorun.com\/app\/uploads\/2023\/06\/la-sportiva-helios-III-metal-electric-blue-46D917634.jpg\",\"contentUrl\":\"https:\/\/www.miomiorun.com\/app\/uploads\/2023\/06\/la-sportiva-helios-III-metal-electric-blue-46D917634.jpg\",\"width\":600,\"height\":600,\"caption\":\"la-sportiva-helios-III-metal-electric-blue-46D917634\"},{\"@type\":\"BreadcrumbList\",\"@id\":\"https:\/\/www.miomiorun.com\/de\/produkt\/helios-iii-herren\/#breadcrumb\",\"itemListElement\":[{\"@type\":\"ListItem\",\"position\":1,\"name\":\"Home\",\"item\":\"https:\/\/www.miomiorun.com\/de\/\"},{\"@type\":\"ListItem\",\"position\":2,\"name\":\"Shop\",\"item\":\"https:\/\/www.miomiorun.com\/shop\/\"},{\"@type\":\"ListItem\",\"position\":3,\"name\":\"Helios III herren\"}]},{\"@type\":\"WebSite\",\"@id\":\"https:\/\/www.miomiorun.com\/de\/#website\",\"url\":\"https:\/\/www.miomiorun.com\/de\/\",\"name\":\"MioMioRun\",\"description\":\"100% Lauf- und Trailshop\",\"publisher\":{\"@id\":\"https:\/\/www.miomiorun.com\/de\/#organization\"},\"potentialAction\":[{\"@type\":\"SearchAction\",\"target\":{\"@type\":\"EntryPoint\",\"urlTemplate\":\"https:\/\/www.miomiorun.com\/de\/?s={search_term_string}\"},\"query-input\":{\"@type\":\"PropertyValueSpecification\",\"valueRequired\":true,\"valueName\":\"search_term_string\"}}],\"inLanguage\":\"de-DE\"},{\"@type\":\"Organization\",\"@id\":\"https:\/\/www.miomiorun.com\/de\/#organization\",\"name\":\"MioMio Run\",\"url\":\"https:\/\/www.miomiorun.com\/de\/\",\"logo\":{\"@type\":\"ImageObject\",\"inLanguage\":\"de-DE\",\"@id\":\"https:\/\/www.miomiorun.com\/de\/#\/schema\/logo\/image\/\",\"url\":\"https:\/\/www.miomiorun.com\/app\/uploads\/2019\/12\/logomio.png\",\"contentUrl\":\"https:\/\/www.miomiorun.com\/app\/uploads\/2019\/12\/logomio.png\",\"width\":115,\"height\":82,\"caption\":\"MioMio Run\"},\"image\":{\"@id\":\"https:\/\/www.miomiorun.com\/de\/#\/schema\/logo\/image\/\"},\"sameAs\":[\"https:\/\/www.facebook.com\/miomiorun\/\",\"https:\/\/www.instagram.com\/miomiorun\/\"]}]}<\/script>\n<!-- \/ Yoast SEO plugin. -->","yoast_head_json":{"title":"Helios III herren - Herren-Trail-Schuhe MioMioRun .com","description":"Der Helios III fur Herren ist der \"Door to Trail\"-Schuh, der f\u00fcr Training und Rennen auf hartem Offroad-Gel\u00e4nde entwickelt wurde.","robots":{"index":"index","follow":"follow","max-snippet":"max-snippet:-1","max-image-preview":"max-image-preview:large","max-video-preview":"max-video-preview:-1"},"canonical":"https:\/\/www.miomiorun.com\/de\/produkt\/helios-iii-herren\/","og_locale":"de_DE","og_type":"article","og_title":"Helios III herren - Herren-Trail-Schuhe MioMioRun .com","og_description":"Der Helios III fur Herren ist der \"Door to Trail\"-Schuh, der f\u00fcr Training und Rennen auf hartem Offroad-Gel\u00e4nde entwickelt wurde.","og_url":"https:\/\/www.miomiorun.com\/de\/produkt\/helios-iii-herren\/","og_site_name":"MioMioRun","article_publisher":"https:\/\/www.facebook.com\/miomiorun\/","article_modified_time":"2026-02-16T09:45:28+00:00","og_image":[{"width":600,"height":600,"url":"https:\/\/www.miomiorun.com\/app\/uploads\/2023\/06\/la-sportiva-helios-III-metal-electric-blue-46D917634.jpg","type":"image\/jpeg"}],"twitter_card":"summary_large_image","twitter_misc":{"Est. reading time":"2 minutes"},"schema":{"@context":"https:\/\/schema.org","@graph":[{"@type":"WebPage","@id":"https:\/\/www.miomiorun.com\/de\/produkt\/helios-iii-herren\/","url":"https:\/\/www.miomiorun.com\/de\/produkt\/helios-iii-herren\/","name":"Helios III herren - Herren-Trail-Schuhe MioMioRun .com","isPartOf":{"@id":"https:\/\/www.miomiorun.com\/de\/#website"},"primaryImageOfPage":{"@id":"https:\/\/www.miomiorun.com\/de\/produkt\/helios-iii-herren\/#primaryimage"},"image":{"@id":"https:\/\/www.miomiorun.com\/de\/produkt\/helios-iii-herren\/#primaryimage"},"thumbnailUrl":"https:\/\/www.miomiorun.com\/app\/uploads\/2023\/06\/la-sportiva-helios-III-metal-electric-blue-46D917634.jpg","datePublished":"2020-05-23T08:46:08+00:00","dateModified":"2026-02-16T09:45:28+00:00","description":"Der Helios III fur Herren ist der \"Door to Trail\"-Schuh, der f\u00fcr Training und Rennen auf hartem Offroad-Gel\u00e4nde entwickelt wurde.","breadcrumb":{"@id":"https:\/\/www.miomiorun.com\/de\/produkt\/helios-iii-herren\/#breadcrumb"},"inLanguage":"de-DE","potentialAction":[{"@type":"ReadAction","target":["https:\/\/www.miomiorun.com\/de\/produkt\/helios-iii-herren\/"]}]},{"@type":"ImageObject","inLanguage":"de-DE","@id":"https:\/\/www.miomiorun.com\/de\/produkt\/helios-iii-herren\/#primaryimage","url":"https:\/\/www.miomiorun.com\/app\/uploads\/2023\/06\/la-sportiva-helios-III-metal-electric-blue-46D917634.jpg","contentUrl":"https:\/\/www.miomiorun.com\/app\/uploads\/2023\/06\/la-sportiva-helios-III-metal-electric-blue-46D917634.jpg","width":600,"height":600,"caption":"la-sportiva-helios-III-metal-electric-blue-46D917634"},{"@type":"BreadcrumbList","@id":"https:\/\/www.miomiorun.com\/de\/produkt\/helios-iii-herren\/#breadcrumb","itemListElement":[{"@type":"ListItem","position":1,"name":"Home","item":"https:\/\/www.miomiorun.com\/de\/"},{"@type":"ListItem","position":2,"name":"Shop","item":"https:\/\/www.miomiorun.com\/shop\/"},{"@type":"ListItem","position":3,"name":"Helios III herren"}]},{"@type":"WebSite","@id":"https:\/\/www.miomiorun.com\/de\/#website","url":"https:\/\/www.miomiorun.com\/de\/","name":"MioMioRun","description":"100% Lauf- und Trailshop","publisher":{"@id":"https:\/\/www.miomiorun.com\/de\/#organization"},"potentialAction":[{"@type":"SearchAction","target":{"@type":"EntryPoint","urlTemplate":"https:\/\/www.miomiorun.com\/de\/?s={search_term_string}"},"query-input":{"@type":"PropertyValueSpecification","valueRequired":true,"valueName":"search_term_string"}}],"inLanguage":"de-DE"},{"@type":"Organization","@id":"https:\/\/www.miomiorun.com\/de\/#organization","name":"MioMio Run","url":"https:\/\/www.miomiorun.com\/de\/","logo":{"@type":"ImageObject","inLanguage":"de-DE","@id":"https:\/\/www.miomiorun.com\/de\/#\/schema\/logo\/image\/","url":"https:\/\/www.miomiorun.com\/app\/uploads\/2019\/12\/logomio.png","contentUrl":"https:\/\/www.miomiorun.com\/app\/uploads\/2019\/12\/logomio.png","width":115,"height":82,"caption":"MioMio Run"},"image":{"@id":"https:\/\/www.miomiorun.com\/de\/#\/schema\/logo\/image\/"},"sameAs":["https:\/\/www.facebook.com\/miomiorun\/","https:\/\/www.instagram.com\/miomiorun\/"]}]}},"_links":{"self":[{"href":"https:\/\/www.miomiorun.com\/de\/wp-json\/wp\/v2\/product\/80530","targetHints":{"allow":["GET"]}}],"collection":[{"href":"https:\/\/www.miomiorun.com\/de\/wp-json\/wp\/v2\/product"}],"about":[{"href":"https:\/\/www.miomiorun.com\/de\/wp-json\/wp\/v2\/types\/product"}],"wp:featuredmedia":[{"embeddable":true,"href":"https:\/\/www.miomiorun.com\/de\/wp-json\/wp\/v2\/media\/127839"}],"wp:attachment":[{"href":"https:\/\/www.miomiorun.com\/de\/wp-json\/wp\/v2\/media?parent=80530"}],"wp:term":[{"taxonomy":"product_brand","embeddable":true,"href":"https:\/\/www.miomiorun.com\/de\/wp-json\/wp\/v2\/product_brand?post=80530"},{"taxonomy":"product_cat","embeddable":true,"href":"https:\/\/www.miomiorun.com\/de\/wp-json\/wp\/v2\/product_cat?post=80530"},{"taxonomy":"product_tag","embeddable":true,"href":"https:\/\/www.miomiorun.com\/de\/wp-json\/wp\/v2\/product_tag?post=80530"}],"curies":[{"name":"wp","href":"https:\/\/api.w.org\/{rel}","templated":true}]}}